{"id":1081,"date":"2014-03-28T16:20:59","date_gmt":"2014-03-28T20:20:59","guid":{"rendered":"https:\/\/www.canadahelps.org\/?page_id=1081"},"modified":"2025-09-29T10:11:54","modified_gmt":"2025-09-29T14:11:54","slug":"nos-frais","status":"publish","type":"page","link":"https:\/\/www.canadahelps.org\/fr\/pourquoi-canadon\/nos-frais\/","title":{"rendered":"Nos frais"},"content":{"rendered":"<style>.ch20-full-width-page i{font-family:\"Font Awesome 6 Free\"}.our-fees-header{display:flex;justify-content:space-between;align-items:center}.our-fees-header-text{width:506px}.our-fees-numbers{display:flex;flex-direction:column}.ch20-full-width-page .container.our-fees-numbers{padding-top:82px}.our-fees-section{display:flex}.fees-item{display:flex;flex-direction:column;width:40%}.fee-number-text{margin-left:130px}.our-fees-item-container{display:flex;margin-bottom:42px;justify-content:space-between}.fees-item>strong{font-family:PT Serif,ui-sans-serif;font-size:103px;line-height:100%}.our-fees-table-section{display:flex;flex-direction:column}.table-container{display:flex;flex-direction:column;align-items:flex-end}.table-container>*{width:60%}.table-container>table{margin-bottom:90px}table.our-fees-table{border:none;border-top:1px solid #dddce5}table.our-fees-table tr{border-bottom:1px solid #dddce5}table.our-fees-table td{padding:19px 24px}table.our-fees-table td>strong{display:none}table.our-fees-table td.data-title{font-weight:700}table.our-fees-table td.data-1{background:#ebcfff}table.our-fees-table td.data-2{background:#bfefff}.gradient-secondary{height:12px}#two-gray-boxes{margin:100px auto 100px auto}#two-gray-boxes-with-gradient{display:flex;justify-content:center;align-items:center;gap:20px}.gray-box-gradient{width:510px;background:linear-gradient(to right,#bfefff,#ebcfff);height:7px;border-top-left-radius:12px;border-top-right-radius:12px;margin-bottom:0}.gray-box{padding:50px;width:510px;height:360px;background-color:#f4f3f6;border-bottom-left-radius:12px;border-bottom-right-radius:12px}.our-fees-footer{display:flex;justify-content:space-evenly}.our-fees-footer>.container{padding:64px 20px;margin:0 auto;position:relative}.footer-text{display:flex;flex-direction:column;width:50%;padding-bottom:64px}#footer-content.container{display:flex;align-items:flex-end;padding-bottom:0;justify-content:space-between}#footer-content.container>p{margin:0}.our-fees-footer img{max-height:530px}@media screen and (max-width:400px){.our-fees-footer img{width:calc(100% - 24px)}}@media screen and (max-width:768px){.our-fees-header{display:block}.our-fees-header-text{width:100%}.our-fees-section{flex-direction:column}.our-fees-section>img{order:2}.fee-number-text{margin:0}.our-fees-item-container{flex-direction:column}.fees-item{width:100%}.table-container>*{width:100%}table.our-fees-table td>strong{display:block}table.our-fees-table td.data-title{display:none}#two-gray-boxes{width:95%;margin:50px auto 50px auto}#two-gray-boxes-with-gradient{flex-direction:column}.gray-box-gradient{width:100%}.gray-box{width:100%;height:auto}.footer-text{width:100%}#footer-content.container{flex-direction:column;align-items:center}}<\/style>\n<section class=\"container our-fees-header\">\n<div class=\"our-fees-header-text\">\n<h1 class=\"header-label\">Nos frais<\/h1>\n<h2 class=\"header-display\">Nous sommes un organisme de bienfaisance enregistr\u00e9 <span class=\"header-primary ch-underline-gradient\">autofinanc\u00e9<\/span>.<\/h2>\n<p>Les fonds provenant des frais de transaction couvrent non seulement les d\u00e9penses relatives au traitement, mais ils nous permettent aussi de mettre au point les outils et les services innovants dont ont besoin les organismes de bienfaisance canadiens.<\/p>\n<\/p><\/div>\n<p>  <img decoding=\"async\" src=\"https:\/\/www.canadahelps.org\/media\/woman-and-piano.jpg\" width=\"612\" alt=\"woman piano\" \/><br \/>\n<\/section>\n<section class=\"container our-fees-table-section\">\n<h2 class=\"header-primary\">Des frais simples et \u00e9quitables. Un impact important.<\/h2>\n<p><\/p>\n<div class=\"table-container\">\n<table class=\"our-fees-table\">\n<tr>\n<td class=\"data-title\">Dons uniques*<\/td>\n<td class=\"data-1\"><strong>Dons uniques*<\/strong>4.5%<\/td>\n<\/tr>\n<tr>\n<td class=\"data-title\">Dons mensuels<\/td>\n<td class=\"data-2\"><strong>Dons mensuels<\/strong>4.0%<\/td>\n<\/tr>\n<tr>\n<td class=\"data-title\">Dons aux Fonds pour une cause<\/td>\n<td class=\"data-1\"><strong>Dons aux Fonds pour une cause<\/strong>3.75%<\/td>\n<\/tr>\n<tr>\n<td class=\"data-title\">Dons de valeurs mobili\u00e8res**<\/td>\n<td class=\"data-2\"><strong>Dons de valeurs mobili\u00e8res**<\/strong>2.0% &#8211; 3.0%**<\/td>\n<\/tr>\n<\/table>\n<p>* Des frais de dons uniques s\u2019appliquent \u00e9galement aux \u00e9changes de cartes-cadeaux.** Des frais de 3 % s&#8217;appliquent aux dons inf\u00e9rieurs \u00e0 10 000 $; des frais de 2,5 % s&#8217;appliquent aux dons compris entre 10 000 $ et 49 999 $; des frais de 2,25 % s&#8217;appliquent aux dons compris entre 50 000 $ et 99 999 $; des frais de 2 % s&#8217;appliquent aux dons compris entre 100 000 $ et 249 999 $; des frais fixes de 5000 $ s&#8217;appliquent aux dons compris entre 250 000 $ et 499 999 $; des frais de 7 500 $ s&#8217;appliquent aux dons compris entre 500 000 $ et 999 999 $; des frais de 10 000 $ s&#8217;appliquent aux dons compris entre 1 000 000 $ et 1 500 000 $; pour les dons sup\u00e9rieurs \u00e0 1,5 million de dollars, veuillez <a href=\"mailto:securities@canadahelp.org\" rel=\"noopener\" target=\"_blank\">nous contacter<\/a>.<\/p>\n<\/div>\n<\/section>\n<section id=\"two-gray-boxes\">\n<div id=\"two-gray-boxes-with-gradient\">\n<p>        <DIV><\/p>\n<div class=\"gray-box-gradient\"><\/div>\n<div class=\"gray-box\">\n<h3 class=\"thirty-three\">Couverture des essentiels.<\/h3>\n<p>            Ces frais couvrent le traitement des paiements, la protection contre la fraude, l\u2019\u00e9mission s\u00e9curis\u00e9e des re\u00e7us fiscaux et le transfert en toute s\u00e9curit\u00e9 de votre don \u00e0 l\u2019organisme de bienfaisance.<\/p><\/div>\n<p>        <\/DIV><\/p>\n<p>        <DIV><\/p>\n<div class=\"gray-box-gradient\"><\/div>\n<div class=\"gray-box\">\n<h3 class=\"thirty-three\">Maximiser votre impact.<\/h3>\n<p>            De la couverture des n\u00e9cessit\u00e9s op\u00e9rationnelles \u00e0 la protection de vos contributions, ces frais maximisent le potentiel de chaque dollar pour faire une diff\u00e9rence.<\/p><\/div>\n<p>        <\/DIV><\/p>\n<\/div>\n<\/section>\n<div class=\"gradient-secondary\" ><\/div>\n<section id=\"footer-container\" class=\"our-fees-footer ch-purple-section\">\n<div id=\"footer-content\" class=\"container\">\n<div class=\"footer-text\">\n<h2 class=\"header-primary text-white\">C\u2019est tout. Il n\u2019y a pas de frais cach\u00e9s ni de frais pour ouvrir un compte de donateur avec CanaDon.<\/h2>\n<p>\t\t<strong class=\"text-white\">Nous offrons \u00e9galement des services aux organismes de bienfaisance et \u00e0 des partenaires:<\/strong><\/p>\n<p class=\"text-white\">Le c\u0153ur de notre mission est de faire en sorte que tous les organismes de bienfaisance, petits ou grands, aient acc\u00e8s \u00e0 des outils de collecte de fonds et d\u2019\u00e9ducation auxquels ils ont besoin pour avoir du succ\u00e8s \u2013 le tout pour des frais minimes non-commerciaux. Pour de l\u2019information sur les co\u00fbts de ces services offerts aux organismes de bienfaisance, veuillez visiter notre page comparant <a class=\"text-white\" href=\"https:\/\/www.canadahelps.org\/fr\/pour-les-organismes-de-bienfaisance\/tarification\/\">les Solutions pour les organismes.<\/a><\/p>\n<p class=\"text-white\">CanaDon alimente un nombre croissant de partenaires et r\u00e9seaux partenaires offrant des services nouveaux et innovateurs qui aident \u00e0 accro\u00eetre les dons de bienfaisance au Canada. Lors de l\u2019utilisation d\u2019un service g\u00e9n\u00e9r\u00e9 par CanaDon, l\u2019information sur les frais sera fournie sur le site du partenaire ou sur le formulaire de don.<\/p>\n<\/div>\n<p>\t<img decoding=\"async\" src=\"https:\/\/www.canadahelps.org\/media\/woman-arms-crossed.png\" width=\"400\" alt=\"Woman arms crossed\"\/>\n\t<\/div>\n<\/section>\n","protected":false},"excerpt":{"rendered":"<p>Nos frais Nous sommes un organisme de bienfaisance enregistr\u00e9 autofinanc\u00e9. Les fonds provenant des frais de transaction couvrent non seulement les d\u00e9penses relatives au traitement, &#8230; <a href=\"https:\/\/www.canadahelps.org\/fr\/pourquoi-canadon\/nos-frais\/\" id=\"canadahelp-blog-meta\">Voir plus<\/a><\/p>\n","protected":false},"author":7,"featured_media":0,"parent":35305,"menu_order":3,"comment_status":"open","ping_status":"open","template":"template-ch20-full-width.php","meta":{"footnotes":""},"class_list":["post-1081","page","type-page","status-publish","hentry"],"acf":{"meta_description":"","use_toc_layout":false,"insert_spotlight_boxes":false,"use_biography_grid":false,"additional_body_css_classes":"","row_settings":false,"hide_page_title":false,"footer_panels":false,"header_banner_colour":"#748E09","blogs_posts_item":false},"yoast_head":"<!-- This site is optimized with the Yoast SEO plugin v26.0 - https:\/\/yoast.com\/wordpress\/plugins\/seo\/ -->\n<title>Nos frais | CanaDon - Faites des dons \u00e0 un organisme de bienfaisance au Canada<\/title>\n<meta name=\"description\" content=\"Nous sommes un organisme de bienfaisance enregistr\u00e9 autofinanc\u00e9 qui soutient tous les organismes de bienfaisance canadiens, qu&#039;ils soient grands ou petits. En savoir plus sur la fa\u00e7on dont nous finan\u00e7ons notre important travail.\" \/>\n<meta name=\"robots\" content=\"index, follow, max-snippet:-1, max-image-preview:large, max-video-preview:-1\" \/>\n<link rel=\"canonical\" href=\"https:\/\/www.canadahelps.org\/fr\/pourquoi-canadon\/nos-frais\/\" \/>\n<meta property=\"og:locale\" content=\"fr_FR\" \/>\n<meta property=\"og:type\" content=\"article\" \/>\n<meta property=\"og:title\" content=\"Nos frais | CanaDon - Faites des dons \u00e0 un organisme de bienfaisance au Canada\" \/>\n<meta property=\"og:description\" content=\"Nous sommes un organisme de bienfaisance enregistr\u00e9 autofinanc\u00e9 qui soutient tous les organismes de bienfaisance canadiens, qu&#039;ils soient grands ou petits. En savoir plus sur la fa\u00e7on dont nous finan\u00e7ons notre important travail.\" \/>\n<meta property=\"og:url\" content=\"https:\/\/www.canadahelps.org\/fr\/pourquoi-canadon\/nos-frais\/\" \/>\n<meta property=\"og:site_name\" content=\"CanaDon - Faites des dons \u00e0 un organisme de bienfaisance au Canada\" \/>\n<meta property=\"article:modified_time\" content=\"2025-09-29T14:11:54+00:00\" \/>\n<meta property=\"og:image\" content=\"https:\/\/www.canadahelps.org\/media\/woman-and-piano.jpg\" \/>\n<meta name=\"twitter:card\" content=\"summary_large_image\" \/>\n<meta name=\"twitter:label1\" content=\"Est. reading time\" \/>\n\t<meta name=\"twitter:data1\" content=\"3 minutes\" \/>\n<script type=\"application\/ld+json\" class=\"yoast-schema-graph\">{\"@context\":\"https:\/\/schema.org\",\"@graph\":[{\"@type\":\"WebPage\",\"@id\":\"https:\/\/www.canadahelps.org\/fr\/pourquoi-canadon\/nos-frais\/\",\"url\":\"https:\/\/www.canadahelps.org\/fr\/pourquoi-canadon\/nos-frais\/\",\"name\":\"Nos frais | CanaDon - Faites des dons \u00e0 un organisme de bienfaisance au Canada\",\"isPartOf\":{\"@id\":\"https:\/\/www.canadahelps.org\/fr\/#website\"},\"primaryImageOfPage\":{\"@id\":\"https:\/\/www.canadahelps.org\/fr\/pourquoi-canadon\/nos-frais\/#primaryimage\"},\"image\":{\"@id\":\"https:\/\/www.canadahelps.org\/fr\/pourquoi-canadon\/nos-frais\/#primaryimage\"},\"thumbnailUrl\":\"https:\/\/www.canadahelps.org\/media\/woman-and-piano.jpg\",\"datePublished\":\"2014-03-28T20:20:59+00:00\",\"dateModified\":\"2025-09-29T14:11:54+00:00\",\"description\":\"Nous sommes un organisme de bienfaisance enregistr\u00e9 autofinanc\u00e9 qui soutient tous les organismes de bienfaisance canadiens, qu'ils soient grands ou petits. En savoir plus sur la fa\u00e7on dont nous finan\u00e7ons notre important travail.\",\"breadcrumb\":{\"@id\":\"https:\/\/www.canadahelps.org\/fr\/pourquoi-canadon\/nos-frais\/#breadcrumb\"},\"inLanguage\":\"fr\",\"potentialAction\":[{\"@type\":\"ReadAction\",\"target\":[\"https:\/\/www.canadahelps.org\/fr\/pourquoi-canadon\/nos-frais\/\"]}]},{\"@type\":\"ImageObject\",\"inLanguage\":\"fr\",\"@id\":\"https:\/\/www.canadahelps.org\/fr\/pourquoi-canadon\/nos-frais\/#primaryimage\",\"url\":\"https:\/\/www.canadahelps.org\/media\/woman-and-piano.jpg\",\"contentUrl\":\"https:\/\/www.canadahelps.org\/media\/woman-and-piano.jpg\"},{\"@type\":\"BreadcrumbList\",\"@id\":\"https:\/\/www.canadahelps.org\/fr\/pourquoi-canadon\/nos-frais\/#breadcrumb\",\"itemListElement\":[{\"@type\":\"ListItem\",\"position\":1,\"name\":\"Home\",\"item\":\"https:\/\/www.canadahelps.org\/fr\/\"},{\"@type\":\"ListItem\",\"position\":2,\"name\":\"Pourquoi CanaDon\",\"item\":\"https:\/\/www.canadahelps.org\/fr\/pourquoi-canadon\/\"},{\"@type\":\"ListItem\",\"position\":3,\"name\":\"Nos frais\"}]},{\"@type\":\"WebSite\",\"@id\":\"https:\/\/www.canadahelps.org\/fr\/#website\",\"url\":\"https:\/\/www.canadahelps.org\/fr\/\",\"name\":\"CanadaHelps - Donate to any charity in Canada\",\"description\":\"Le don en toute simplicit\u00e9\",\"publisher\":{\"@id\":\"https:\/\/www.canadahelps.org\/fr\/#organization\"},\"potentialAction\":[{\"@type\":\"SearchAction\",\"target\":{\"@type\":\"EntryPoint\",\"urlTemplate\":\"https:\/\/www.canadahelps.org\/fr\/?s={search_term_string}\"},\"query-input\":{\"@type\":\"PropertyValueSpecification\",\"valueRequired\":true,\"valueName\":\"search_term_string\"}}],\"inLanguage\":\"fr\"},{\"@type\":\"Organization\",\"@id\":\"https:\/\/www.canadahelps.org\/fr\/#organization\",\"name\":\"CanadaHelps\",\"url\":\"https:\/\/www.canadahelps.org\/fr\/\",\"logo\":{\"@type\":\"ImageObject\",\"inLanguage\":\"fr\",\"@id\":\"https:\/\/www.canadahelps.org\/fr\/#\/schema\/logo\/image\/\",\"url\":\"https:\/\/www.canadahelps.org\/media\/canadahelps-en.jpg\",\"contentUrl\":\"https:\/\/www.canadahelps.org\/media\/canadahelps-en.jpg\",\"width\":131,\"height\":72,\"caption\":\"CanadaHelps\"},\"image\":{\"@id\":\"https:\/\/www.canadahelps.org\/fr\/#\/schema\/logo\/image\/\"}}]}<\/script>\n<!-- \/ Yoast SEO plugin. -->","yoast_head_json":{"title":"Nos frais | CanaDon - Faites des dons \u00e0 un organisme de bienfaisance au Canada","description":"Nous sommes un organisme de bienfaisance enregistr\u00e9 autofinanc\u00e9 qui soutient tous les organismes de bienfaisance canadiens, qu'ils soient grands ou petits. En savoir plus sur la fa\u00e7on dont nous finan\u00e7ons notre important travail.","robots":{"index":"index","follow":"follow","max-snippet":"max-snippet:-1","max-image-preview":"max-image-preview:large","max-video-preview":"max-video-preview:-1"},"canonical":"https:\/\/www.canadahelps.org\/fr\/pourquoi-canadon\/nos-frais\/","og_locale":"fr_FR","og_type":"article","og_title":"Nos frais | CanaDon - Faites des dons \u00e0 un organisme de bienfaisance au Canada","og_description":"Nous sommes un organisme de bienfaisance enregistr\u00e9 autofinanc\u00e9 qui soutient tous les organismes de bienfaisance canadiens, qu'ils soient grands ou petits. En savoir plus sur la fa\u00e7on dont nous finan\u00e7ons notre important travail.","og_url":"https:\/\/www.canadahelps.org\/fr\/pourquoi-canadon\/nos-frais\/","og_site_name":"CanaDon - Faites des dons \u00e0 un organisme de bienfaisance au Canada","article_modified_time":"2025-09-29T14:11:54+00:00","og_image":[{"url":"https:\/\/www.canadahelps.org\/media\/woman-and-piano.jpg","type":"","width":"","height":""}],"twitter_card":"summary_large_image","twitter_misc":{"Est. reading time":"3 minutes"},"schema":{"@context":"https:\/\/schema.org","@graph":[{"@type":"WebPage","@id":"https:\/\/www.canadahelps.org\/fr\/pourquoi-canadon\/nos-frais\/","url":"https:\/\/www.canadahelps.org\/fr\/pourquoi-canadon\/nos-frais\/","name":"Nos frais | CanaDon - Faites des dons \u00e0 un organisme de bienfaisance au Canada","isPartOf":{"@id":"https:\/\/www.canadahelps.org\/fr\/#website"},"primaryImageOfPage":{"@id":"https:\/\/www.canadahelps.org\/fr\/pourquoi-canadon\/nos-frais\/#primaryimage"},"image":{"@id":"https:\/\/www.canadahelps.org\/fr\/pourquoi-canadon\/nos-frais\/#primaryimage"},"thumbnailUrl":"https:\/\/www.canadahelps.org\/media\/woman-and-piano.jpg","datePublished":"2014-03-28T20:20:59+00:00","dateModified":"2025-09-29T14:11:54+00:00","description":"Nous sommes un organisme de bienfaisance enregistr\u00e9 autofinanc\u00e9 qui soutient tous les organismes de bienfaisance canadiens, qu'ils soient grands ou petits. En savoir plus sur la fa\u00e7on dont nous finan\u00e7ons notre important travail.","breadcrumb":{"@id":"https:\/\/www.canadahelps.org\/fr\/pourquoi-canadon\/nos-frais\/#breadcrumb"},"inLanguage":"fr","potentialAction":[{"@type":"ReadAction","target":["https:\/\/www.canadahelps.org\/fr\/pourquoi-canadon\/nos-frais\/"]}]},{"@type":"ImageObject","inLanguage":"fr","@id":"https:\/\/www.canadahelps.org\/fr\/pourquoi-canadon\/nos-frais\/#primaryimage","url":"https:\/\/www.canadahelps.org\/media\/woman-and-piano.jpg","contentUrl":"https:\/\/www.canadahelps.org\/media\/woman-and-piano.jpg"},{"@type":"BreadcrumbList","@id":"https:\/\/www.canadahelps.org\/fr\/pourquoi-canadon\/nos-frais\/#breadcrumb","itemListElement":[{"@type":"ListItem","position":1,"name":"Home","item":"https:\/\/www.canadahelps.org\/fr\/"},{"@type":"ListItem","position":2,"name":"Pourquoi CanaDon","item":"https:\/\/www.canadahelps.org\/fr\/pourquoi-canadon\/"},{"@type":"ListItem","position":3,"name":"Nos frais"}]},{"@type":"WebSite","@id":"https:\/\/www.canadahelps.org\/fr\/#website","url":"https:\/\/www.canadahelps.org\/fr\/","name":"CanadaHelps - Donate to any charity in Canada","description":"Le don en toute simplicit\u00e9","publisher":{"@id":"https:\/\/www.canadahelps.org\/fr\/#organization"},"potentialAction":[{"@type":"SearchAction","target":{"@type":"EntryPoint","urlTemplate":"https:\/\/www.canadahelps.org\/fr\/?s={search_term_string}"},"query-input":{"@type":"PropertyValueSpecification","valueRequired":true,"valueName":"search_term_string"}}],"inLanguage":"fr"},{"@type":"Organization","@id":"https:\/\/www.canadahelps.org\/fr\/#organization","name":"CanadaHelps","url":"https:\/\/www.canadahelps.org\/fr\/","logo":{"@type":"ImageObject","inLanguage":"fr","@id":"https:\/\/www.canadahelps.org\/fr\/#\/schema\/logo\/image\/","url":"https:\/\/www.canadahelps.org\/media\/canadahelps-en.jpg","contentUrl":"https:\/\/www.canadahelps.org\/media\/canadahelps-en.jpg","width":131,"height":72,"caption":"CanadaHelps"},"image":{"@id":"https:\/\/www.canadahelps.org\/fr\/#\/schema\/logo\/image\/"}}]}},"_links":{"self":[{"href":"https:\/\/www.canadahelps.org\/fr\/wp-json\/wp\/v2\/pages\/1081","targetHints":{"allow":["GET"]}}],"collection":[{"href":"https:\/\/www.canadahelps.org\/fr\/wp-json\/wp\/v2\/pages"}],"about":[{"href":"https:\/\/www.canadahelps.org\/fr\/wp-json\/wp\/v2\/types\/page"}],"author":[{"embeddable":true,"href":"https:\/\/www.canadahelps.org\/fr\/wp-json\/wp\/v2\/users\/7"}],"replies":[{"embeddable":true,"href":"https:\/\/www.canadahelps.org\/fr\/wp-json\/wp\/v2\/comments?post=1081"}],"version-history":[{"count":40,"href":"https:\/\/www.canadahelps.org\/fr\/wp-json\/wp\/v2\/pages\/1081\/revisions"}],"predecessor-version":[{"id":56149,"href":"https:\/\/www.canadahelps.org\/fr\/wp-json\/wp\/v2\/pages\/1081\/revisions\/56149"}],"up":[{"embeddable":true,"href":"https:\/\/www.canadahelps.org\/fr\/wp-json\/wp\/v2\/pages\/35305"}],"wp:attachment":[{"href":"https:\/\/www.canadahelps.org\/fr\/wp-json\/wp\/v2\/media?parent=1081"}],"curies":[{"name":"wp","href":"https:\/\/api.w.org\/{rel}","templated":true}]}}