{"id":11799,"date":"2016-11-03T13:15:23","date_gmt":"2016-11-03T17:15:23","guid":{"rendered":"https:\/\/www.canadahelps.org\/fr\/?page_id=11799"},"modified":"2019-01-17T12:59:57","modified_gmt":"2019-01-17T17:59:57","slug":"explorez","status":"publish","type":"page","link":"https:\/\/www.canadahelps.org\/fr\/explorez\/","title":{"rendered":"Explorez"},"content":{"rendered":"<h2 class=\"text-oversize\"><img decoding=\"async\" src=\"https:\/\/www.canadahelps.org\/media\/Explore_FR_Hero_2019-Update.jpg\" alt=\"Trouvez un organisme de bienfaisance qui vous tient \u00e0 coeur\" width=\"100%\" \/><\/h2>\n<h2>C&#8217;est maintenant plus facile de trouver de nouveaux organismes que vous aimerez!<\/h2>\n<p><img loading=\"lazy\" decoding=\"async\" class=\"alignleft size-full wp-image-11657\" src=\"https:\/\/www.canadahelps.org\/media\/2-explore.png\" alt=\"Explorez\" width=\"215\" height=\"229\" \/><\/p>\n<p>&nbsp;<\/p>\n<p>Chez CanaDon, nous souhaitons faciliter les dons, et il y a des milliers d&#8217;organismes qui effectuent du travail important qui n&#8217;attendent que d&#8217;\u00eatre d\u00e9couverts!<\/p>\n<p>Inspirez-vous d&#8217;organismes populaires aupr\u00e8s d&#8217;autres donateurs ou d\u00e9couvrez des organismes de bienfaisance similaires aux causes et organismes que vous supportez et aimez d\u00e9j\u00e0.<\/p>\n<p>Si vous ne trouvez toujours pas ce que vous cherchiez, vous pouvez chercher par mots cl\u00e9s.<\/p>\n<h2 class=\"text-oversize\"><\/h2>\n<h2 class=\"text-oversize\"><\/h2>\n<h2 class=\"text-oversize\"><\/h2>\n<p>&nbsp;<\/p>\n<div class=\"well flat\">\n<h2 class=\"text-center text-oversize text-grey\"><\/h2>\n<div class=\"row columns-with-lines\">\n<div class=\"col-sm-6 extra-spacing text-center\">\n<p class=\"text-oversize text-left\"><img loading=\"lazy\" decoding=\"async\" class=\"aligncenter wp-image-4406 size-medium\" src=\"https:\/\/www.canadahelps.org\/media\/3-popular-now.png\" width=\"300\" height=\"215\" \/><\/p>\n<h4>Maintenant populaire<\/h4>\n<p>Voyez ce qui est populaire aupr\u00e8s des milliers de donateurs qui utilisent CanaDon tous les jours. Nous vous montrerons les organismes de bienfaisance qui re\u00e7oivent le plus de dons \u2013 Mis \u00e0 jour quotidiennement!<\/p>\n<p><strong><a href=\"https:\/\/www.canadahelps.org\/fr\/explore\/popular-now\/\">Voyez ce qui est populaire maintenant!<\/a><\/strong><\/p>\n<\/div>\n<div class=\"col-sm-6 extra-spacing text-center\">\n<p class=\"text-oversize text-left\"><img loading=\"lazy\" decoding=\"async\" class=\"aligncenter wp-image-4408 size-medium\" src=\"https:\/\/www.canadahelps.org\/media\/4-discovery.png\" width=\"300\" height=\"215\" \/><\/p>\n<h4>D\u00e9couvertes personalis\u00e9es<\/h4>\n<p>Connectez-vous \u00e0 de nouveaux organismes similaires \u00e0 ceux auxquels vous avez donn\u00e9s, visit\u00e9s ou ajout\u00e9s \u00e0 vos favoris. Vous pouvez \u00e9galement chercher des organismes similaires en entrant des noms d&#8217;organismes que vous connaissez d\u00e9j\u00e0.<\/p>\n<p><a href=\"http:\/\/www.canadahelps.org\/fr\/explore\/personalized-discovery\/\">D\u00e9couvrez de nouveaux organismes &gt;&gt;<\/a><\/p>\n<\/div>\n<\/div>\n<div class=\"well flat\">\n<h2 class=\"text-center text-oversize text-grey\"><\/h2>\n<div class=\"row columns-with-lines\">\n<div class=\"col-sm-6 extra-spacing text-center\">\n<p class=\"text-oversize text-left\"><a href=\"https:\/\/www.canadahelps.org\/fr\/campagnes\/\"><img loading=\"lazy\" decoding=\"async\" class=\"aligncenter wp-image-4410 size-medium\" src=\"https:\/\/www.canadahelps.org\/media\/5-campaigns.png\" width=\"300\" height=\"215\" \/><\/a><\/p>\n<h4>Campagnes d&#8217;organismes de bienfaisance<\/h4>\n<p>Fa\u00eetes votre marque l\u00e0 o\u00f9 elle est le plus n\u00e9cessaire \u2013 d\u00e9couvrez les besoins actuels des organismes de bienfaisance et constatez comment vos dons aideront.<\/p>\n<p><a href=\"https:\/\/www.canadahelps.org\/fr\/campagnes\/\"><strong>Naviguez des campagnes &gt;&gt;<\/strong><\/a><\/p>\n<\/div>\n<div class=\"col-sm-6 extra-spacing text-center\">\n<p class=\"text-oversize text-left\"><a href=\"https:\/\/www.canadahelps.org\/fr\/guide-de-cadeaux-de-bienfaisance\/\"><img loading=\"lazy\" decoding=\"async\" class=\"aligncenter wp-image-4444\" src=\"https:\/\/www.canadahelps.org\/media\/6-gifts.png\" width=\"300\" height=\"215\" \/><\/a><\/p>\n<h4>Explorez les cadeaux de bienfaisance<\/h4>\n<p>Des cadeaux avec impact &#8211; Ces cadeaux correspondent \u00e0 tous budgets. Peu importe si ce cadeau est le v\u00f4tre ou d\u00e9di\u00e9 \u00e0 un \u00eatre cher, ces cadeaux vont o\u00f9 ils sont le plus n\u00e9cessaires.<\/p>\n<p><a href=\"https:\/\/www.canadahelps.org\/fr\/guide-de-cadeaux-de-bienfaisance\/\"><strong>Trouvez des cadeaux de bienfaisance &gt;&gt;<\/strong><\/a><\/p>\n<\/div>\n<\/div>\n<\/div>\n<\/div>\n<p>&nbsp;<\/p>\n<h2 class=\"text-oversize\">Vous savez d\u00e9j\u00e0 ce que vous cherchez?<\/h2>\n    <section class=\"widget canadahelps_find-a-charity non-slim canadahelps_widget\" style=\"border: 1px solid #0070AE;\"><div class=\"widget-inner\">\n      <\/div><\/section>\n","protected":false},"excerpt":{"rendered":"<p>C&#8217;est maintenant plus facile de trouver de nouveaux organismes que vous aimerez! &nbsp; Chez CanaDon, nous souhaitons faciliter les dons, et il y a des &#8230; <a href=\"https:\/\/www.canadahelps.org\/fr\/explorez\/\" id=\"canadahelp-blog-meta\">Voir plus<\/a><\/p>\n","protected":false},"author":7,"featured_media":0,"parent":0,"menu_order":0,"comment_status":"closed","ping_status":"closed","template":"template-custom.php","meta":{"_acf_changed":false,"footnotes":""},"class_list":["post-11799","page","type-page","status-publish","hentry"],"acf":{"meta_description":"","use_toc_layout":false,"insert_spotlight_boxes":false,"use_biography_grid":false,"additional_body_css_classes":"","footer_panels":false,"header_banner_colour":"#748E09","hide_page_title":false},"yoast_head":"<!-- This site is optimized with the Yoast SEO plugin v26.0 - https:\/\/yoast.com\/wordpress\/plugins\/seo\/ -->\n<title>Explorez | CanadaHelps - Donate to any charity in Canada<\/title>\n<meta name=\"robots\" content=\"index, follow, max-snippet:-1, max-image-preview:large, max-video-preview:-1\" \/>\n<link rel=\"canonical\" href=\"https:\/\/www.canadahelps.org\/fr\/explorez\/\" \/>\n<meta property=\"og:locale\" content=\"fr_FR\" \/>\n<meta property=\"og:type\" content=\"article\" \/>\n<meta property=\"og:title\" content=\"Explorez | CanadaHelps - Donate to any charity in Canada\" \/>\n<meta property=\"og:description\" content=\"C&#8217;est maintenant plus facile de trouver de nouveaux organismes que vous aimerez! &nbsp; Chez CanaDon, nous souhaitons faciliter les dons, et il y a des ... Voir plus\" \/>\n<meta property=\"og:url\" content=\"https:\/\/www.canadahelps.org\/fr\/explorez\/\" \/>\n<meta property=\"og:site_name\" content=\"CanadaHelps - Donate to any charity in Canada\" \/>\n<meta property=\"article:modified_time\" content=\"2019-01-17T17:59:57+00:00\" \/>\n<meta property=\"og:image\" content=\"https:\/\/www.canadahelps.org\/media\/Explore_FR_Hero_2019-Update.jpg\" \/>\n<meta name=\"twitter:card\" content=\"summary_large_image\" \/>\n<meta name=\"twitter:label1\" content=\"Est. reading time\" \/>\n\t<meta name=\"twitter:data1\" content=\"1 minute\" \/>\n<script type=\"application\/ld+json\" class=\"yoast-schema-graph\">{\"@context\":\"https:\/\/schema.org\",\"@graph\":[{\"@type\":\"WebPage\",\"@id\":\"https:\/\/www.canadahelps.org\/fr\/explorez\/\",\"url\":\"https:\/\/www.canadahelps.org\/fr\/explorez\/\",\"name\":\"Explorez | CanadaHelps - Donate to any charity in Canada\",\"isPartOf\":{\"@id\":\"https:\/\/www.canadahelps.org\/fr\/#website\"},\"primaryImageOfPage\":{\"@id\":\"https:\/\/www.canadahelps.org\/fr\/explorez\/#primaryimage\"},\"image\":{\"@id\":\"https:\/\/www.canadahelps.org\/fr\/explorez\/#primaryimage\"},\"thumbnailUrl\":\"https:\/\/www.canadahelps.org\/media\/Explore_FR_Hero_2019-Update.jpg\",\"datePublished\":\"2016-11-03T17:15:23+00:00\",\"dateModified\":\"2019-01-17T17:59:57+00:00\",\"breadcrumb\":{\"@id\":\"https:\/\/www.canadahelps.org\/fr\/explorez\/#breadcrumb\"},\"inLanguage\":\"fr\",\"potentialAction\":[{\"@type\":\"ReadAction\",\"target\":[\"https:\/\/www.canadahelps.org\/fr\/explorez\/\"]}]},{\"@type\":\"ImageObject\",\"inLanguage\":\"fr\",\"@id\":\"https:\/\/www.canadahelps.org\/fr\/explorez\/#primaryimage\",\"url\":\"https:\/\/www.canadahelps.org\/media\/Explore_FR_Hero_2019-Update.jpg\",\"contentUrl\":\"https:\/\/www.canadahelps.org\/media\/Explore_FR_Hero_2019-Update.jpg\"},{\"@type\":\"BreadcrumbList\",\"@id\":\"https:\/\/www.canadahelps.org\/fr\/explorez\/#breadcrumb\",\"itemListElement\":[{\"@type\":\"ListItem\",\"position\":1,\"name\":\"Home\",\"item\":\"https:\/\/www.canadahelps.org\/fr\/\"},{\"@type\":\"ListItem\",\"position\":2,\"name\":\"Explorez\"}]},{\"@type\":\"WebSite\",\"@id\":\"https:\/\/www.canadahelps.org\/fr\/#website\",\"url\":\"https:\/\/www.canadahelps.org\/fr\/\",\"name\":\"CanadaHelps - Donate to any charity in Canada\",\"description\":\"Giving Made Simple\",\"publisher\":{\"@id\":\"https:\/\/www.canadahelps.org\/fr\/#organization\"},\"potentialAction\":[{\"@type\":\"SearchAction\",\"target\":{\"@type\":\"EntryPoint\",\"urlTemplate\":\"https:\/\/www.canadahelps.org\/fr\/?s={search_term_string}\"},\"query-input\":{\"@type\":\"PropertyValueSpecification\",\"valueRequired\":true,\"valueName\":\"search_term_string\"}}],\"inLanguage\":\"fr\"},{\"@type\":\"Organization\",\"@id\":\"https:\/\/www.canadahelps.org\/fr\/#organization\",\"name\":\"CanadaHelps\",\"url\":\"https:\/\/www.canadahelps.org\/fr\/\",\"logo\":{\"@type\":\"ImageObject\",\"inLanguage\":\"fr\",\"@id\":\"https:\/\/www.canadahelps.org\/fr\/#\/schema\/logo\/image\/\",\"url\":\"https:\/\/www.canadahelps.org\/media\/canadahelps-en.jpg\",\"contentUrl\":\"https:\/\/www.canadahelps.org\/media\/canadahelps-en.jpg\",\"width\":131,\"height\":72,\"caption\":\"CanadaHelps\"},\"image\":{\"@id\":\"https:\/\/www.canadahelps.org\/fr\/#\/schema\/logo\/image\/\"}}]}<\/script>\n<!-- \/ Yoast SEO plugin. -->","yoast_head_json":{"title":"Explorez | CanadaHelps - Donate to any charity in Canada","robots":{"index":"index","follow":"follow","max-snippet":"max-snippet:-1","max-image-preview":"max-image-preview:large","max-video-preview":"max-video-preview:-1"},"canonical":"https:\/\/www.canadahelps.org\/fr\/explorez\/","og_locale":"fr_FR","og_type":"article","og_title":"Explorez | CanadaHelps - Donate to any charity in Canada","og_description":"C&#8217;est maintenant plus facile de trouver de nouveaux organismes que vous aimerez! &nbsp; Chez CanaDon, nous souhaitons faciliter les dons, et il y a des ... Voir plus","og_url":"https:\/\/www.canadahelps.org\/fr\/explorez\/","og_site_name":"CanadaHelps - Donate to any charity in Canada","article_modified_time":"2019-01-17T17:59:57+00:00","og_image":[{"url":"https:\/\/www.canadahelps.org\/media\/Explore_FR_Hero_2019-Update.jpg","type":"","width":"","height":""}],"twitter_card":"summary_large_image","twitter_misc":{"Est. reading time":"1 minute"},"schema":{"@context":"https:\/\/schema.org","@graph":[{"@type":"WebPage","@id":"https:\/\/www.canadahelps.org\/fr\/explorez\/","url":"https:\/\/www.canadahelps.org\/fr\/explorez\/","name":"Explorez | CanadaHelps - Donate to any charity in Canada","isPartOf":{"@id":"https:\/\/www.canadahelps.org\/fr\/#website"},"primaryImageOfPage":{"@id":"https:\/\/www.canadahelps.org\/fr\/explorez\/#primaryimage"},"image":{"@id":"https:\/\/www.canadahelps.org\/fr\/explorez\/#primaryimage"},"thumbnailUrl":"https:\/\/www.canadahelps.org\/media\/Explore_FR_Hero_2019-Update.jpg","datePublished":"2016-11-03T17:15:23+00:00","dateModified":"2019-01-17T17:59:57+00:00","breadcrumb":{"@id":"https:\/\/www.canadahelps.org\/fr\/explorez\/#breadcrumb"},"inLanguage":"fr","potentialAction":[{"@type":"ReadAction","target":["https:\/\/www.canadahelps.org\/fr\/explorez\/"]}]},{"@type":"ImageObject","inLanguage":"fr","@id":"https:\/\/www.canadahelps.org\/fr\/explorez\/#primaryimage","url":"https:\/\/www.canadahelps.org\/media\/Explore_FR_Hero_2019-Update.jpg","contentUrl":"https:\/\/www.canadahelps.org\/media\/Explore_FR_Hero_2019-Update.jpg"},{"@type":"BreadcrumbList","@id":"https:\/\/www.canadahelps.org\/fr\/explorez\/#breadcrumb","itemListElement":[{"@type":"ListItem","position":1,"name":"Home","item":"https:\/\/www.canadahelps.org\/fr\/"},{"@type":"ListItem","position":2,"name":"Explorez"}]},{"@type":"WebSite","@id":"https:\/\/www.canadahelps.org\/fr\/#website","url":"https:\/\/www.canadahelps.org\/fr\/","name":"CanadaHelps - Donate to any charity in Canada","description":"Giving Made Simple","publisher":{"@id":"https:\/\/www.canadahelps.org\/fr\/#organization"},"potentialAction":[{"@type":"SearchAction","target":{"@type":"EntryPoint","urlTemplate":"https:\/\/www.canadahelps.org\/fr\/?s={search_term_string}"},"query-input":{"@type":"PropertyValueSpecification","valueRequired":true,"valueName":"search_term_string"}}],"inLanguage":"fr"},{"@type":"Organization","@id":"https:\/\/www.canadahelps.org\/fr\/#organization","name":"CanadaHelps","url":"https:\/\/www.canadahelps.org\/fr\/","logo":{"@type":"ImageObject","inLanguage":"fr","@id":"https:\/\/www.canadahelps.org\/fr\/#\/schema\/logo\/image\/","url":"https:\/\/www.canadahelps.org\/media\/canadahelps-en.jpg","contentUrl":"https:\/\/www.canadahelps.org\/media\/canadahelps-en.jpg","width":131,"height":72,"caption":"CanadaHelps"},"image":{"@id":"https:\/\/www.canadahelps.org\/fr\/#\/schema\/logo\/image\/"}}]}},"_links":{"self":[{"href":"https:\/\/www.canadahelps.org\/fr\/wp-json\/wp\/v2\/pages\/11799","targetHints":{"allow":["GET"]}}],"collection":[{"href":"https:\/\/www.canadahelps.org\/fr\/wp-json\/wp\/v2\/pages"}],"about":[{"href":"https:\/\/www.canadahelps.org\/fr\/wp-json\/wp\/v2\/types\/page"}],"author":[{"embeddable":true,"href":"https:\/\/www.canadahelps.org\/fr\/wp-json\/wp\/v2\/users\/7"}],"replies":[{"embeddable":true,"href":"https:\/\/www.canadahelps.org\/fr\/wp-json\/wp\/v2\/comments?post=11799"}],"version-history":[{"count":9,"href":"https:\/\/www.canadahelps.org\/fr\/wp-json\/wp\/v2\/pages\/11799\/revisions"}],"predecessor-version":[{"id":23419,"href":"https:\/\/www.canadahelps.org\/fr\/wp-json\/wp\/v2\/pages\/11799\/revisions\/23419"}],"wp:attachment":[{"href":"https:\/\/www.canadahelps.org\/fr\/wp-json\/wp\/v2\/media?parent=11799"}],"curies":[{"name":"wp","href":"https:\/\/api.w.org\/{rel}","templated":true}]}}