{"id":13407,"date":"2017-02-27T13:51:35","date_gmt":"2017-02-27T18:51:35","guid":{"rendered":"https:\/\/www.canadahelps.org\/?page_id=13407\/"},"modified":"2020-08-18T13:28:42","modified_gmt":"2020-08-18T17:28:42","slug":"centre-de-secours-humanitaire-canadon-old","status":"publish","type":"page","link":"https:\/\/www.canadahelps.org\/fr\/centre-de-secours-humanitaire-canadon-old\/","title":{"rendered":"Centre de secours humanitaire CanaDon"},"content":{"rendered":"<p>Le Centre de secours humanitaire CanaDon est votre destination de pr\u00e9dilection pour faire un don lors de catastrophes humanitaires. Vous pouvez envoyer vos dons en toute confiance par l\u2019entremise de notre site puisque nous mettons \u00e0 votre disposition les outils suivants : (1) un r\u00e9pertoire, sp\u00e9cialement con\u00e7u, d\u2019organismes de bienfaisance enregistr\u00e9s faisant la collecte de fonds pour contribuer au secours humanitaire de m\u00eame que (2) les nouvelles les plus r\u00e9centes et des conseils pratiques pour faire des dons en toute s\u00e9curit\u00e9.<\/p>\n","protected":false},"excerpt":{"rendered":"<p>Le Centre de secours humanitaire CanaDon est votre destination de pr\u00e9dilection pour faire un don lors de catastrophes humanitaires. Vous pouvez envoyer vos dons en &#8230; <a href=\"https:\/\/www.canadahelps.org\/fr\/centre-de-secours-humanitaire-canadon-old\/\" id=\"canadahelp-blog-meta\">Voir plus<\/a><\/p>\n","protected":false},"author":7,"featured_media":0,"parent":0,"menu_order":0,"comment_status":"closed","ping_status":"closed","template":"page-crc.php","meta":{"footnotes":""},"class_list":["post-13407","page","type-page","status-publish","hentry"],"acf":{"meta_description":"","use_toc_layout":false,"insert_spotlight_boxes":false,"use_biography_grid":false,"additional_body_css_classes":"","row_settings":false,"hide_page_title":false},"yoast_head":"<!-- This site is optimized with the Yoast SEO plugin v26.0 - https:\/\/yoast.com\/wordpress\/plugins\/seo\/ -->\n<title>Centre de secours humanitaire CanaDon | CanadaHelps - Donate to any charity in Canada<\/title>\n<meta name=\"robots\" content=\"index, follow, max-snippet:-1, max-image-preview:large, max-video-preview:-1\" \/>\n<link rel=\"canonical\" href=\"https:\/\/www.canadahelps.org\/fr\/centre-de-secours-humanitaire-canadon-old\/\" \/>\n<meta property=\"og:locale\" content=\"fr_FR\" \/>\n<meta property=\"og:type\" content=\"article\" \/>\n<meta property=\"og:title\" content=\"Centre de secours humanitaire CanaDon | CanadaHelps - Donate to any charity in Canada\" \/>\n<meta property=\"og:description\" content=\"Le Centre de secours humanitaire CanaDon est votre destination de pr\u00e9dilection pour faire un don lors de catastrophes humanitaires. Vous pouvez envoyer vos dons en ... Voir plus\" \/>\n<meta property=\"og:url\" content=\"https:\/\/www.canadahelps.org\/fr\/centre-de-secours-humanitaire-canadon-old\/\" \/>\n<meta property=\"og:site_name\" content=\"CanadaHelps - Donate to any charity in Canada\" \/>\n<meta property=\"article:modified_time\" content=\"2020-08-18T17:28:42+00:00\" \/>\n<meta name=\"twitter:card\" content=\"summary_large_image\" \/>\n<script type=\"application\/ld+json\" class=\"yoast-schema-graph\">{\"@context\":\"https:\/\/schema.org\",\"@graph\":[{\"@type\":\"WebPage\",\"@id\":\"https:\/\/www.canadahelps.org\/fr\/centre-de-secours-humanitaire-canadon-old\/\",\"url\":\"https:\/\/www.canadahelps.org\/fr\/centre-de-secours-humanitaire-canadon-old\/\",\"name\":\"Centre de secours humanitaire CanaDon | CanadaHelps - Donate to any charity in Canada\",\"isPartOf\":{\"@id\":\"https:\/\/www.canadahelps.org\/fr\/#website\"},\"datePublished\":\"2017-02-27T18:51:35+00:00\",\"dateModified\":\"2020-08-18T17:28:42+00:00\",\"breadcrumb\":{\"@id\":\"https:\/\/www.canadahelps.org\/fr\/centre-de-secours-humanitaire-canadon-old\/#breadcrumb\"},\"inLanguage\":\"fr\",\"potentialAction\":[{\"@type\":\"ReadAction\",\"target\":[\"https:\/\/www.canadahelps.org\/fr\/centre-de-secours-humanitaire-canadon-old\/\"]}]},{\"@type\":\"BreadcrumbList\",\"@id\":\"https:\/\/www.canadahelps.org\/fr\/centre-de-secours-humanitaire-canadon-old\/#breadcrumb\",\"itemListElement\":[{\"@type\":\"ListItem\",\"position\":1,\"name\":\"Home\",\"item\":\"https:\/\/www.canadahelps.org\/fr\/\"},{\"@type\":\"ListItem\",\"position\":2,\"name\":\"Centre de secours humanitaire CanaDon\"}]},{\"@type\":\"WebSite\",\"@id\":\"https:\/\/www.canadahelps.org\/fr\/#website\",\"url\":\"https:\/\/www.canadahelps.org\/fr\/\",\"name\":\"CanadaHelps - Donate to any charity in Canada\",\"description\":\"Giving Made Simple\",\"publisher\":{\"@id\":\"https:\/\/www.canadahelps.org\/fr\/#organization\"},\"potentialAction\":[{\"@type\":\"SearchAction\",\"target\":{\"@type\":\"EntryPoint\",\"urlTemplate\":\"https:\/\/www.canadahelps.org\/fr\/?s={search_term_string}\"},\"query-input\":{\"@type\":\"PropertyValueSpecification\",\"valueRequired\":true,\"valueName\":\"search_term_string\"}}],\"inLanguage\":\"fr\"},{\"@type\":\"Organization\",\"@id\":\"https:\/\/www.canadahelps.org\/fr\/#organization\",\"name\":\"CanadaHelps\",\"url\":\"https:\/\/www.canadahelps.org\/fr\/\",\"logo\":{\"@type\":\"ImageObject\",\"inLanguage\":\"fr\",\"@id\":\"https:\/\/www.canadahelps.org\/fr\/#\/schema\/logo\/image\/\",\"url\":\"https:\/\/www.canadahelps.org\/media\/canadahelps-en.jpg\",\"contentUrl\":\"https:\/\/www.canadahelps.org\/media\/canadahelps-en.jpg\",\"width\":131,\"height\":72,\"caption\":\"CanadaHelps\"},\"image\":{\"@id\":\"https:\/\/www.canadahelps.org\/fr\/#\/schema\/logo\/image\/\"}}]}<\/script>\n<!-- \/ Yoast SEO plugin. -->","yoast_head_json":{"title":"Centre de secours humanitaire CanaDon | CanadaHelps - Donate to any charity in Canada","robots":{"index":"index","follow":"follow","max-snippet":"max-snippet:-1","max-image-preview":"max-image-preview:large","max-video-preview":"max-video-preview:-1"},"canonical":"https:\/\/www.canadahelps.org\/fr\/centre-de-secours-humanitaire-canadon-old\/","og_locale":"fr_FR","og_type":"article","og_title":"Centre de secours humanitaire CanaDon | CanadaHelps - Donate to any charity in Canada","og_description":"Le Centre de secours humanitaire CanaDon est votre destination de pr\u00e9dilection pour faire un don lors de catastrophes humanitaires. Vous pouvez envoyer vos dons en ... Voir plus","og_url":"https:\/\/www.canadahelps.org\/fr\/centre-de-secours-humanitaire-canadon-old\/","og_site_name":"CanadaHelps - Donate to any charity in Canada","article_modified_time":"2020-08-18T17:28:42+00:00","twitter_card":"summary_large_image","schema":{"@context":"https:\/\/schema.org","@graph":[{"@type":"WebPage","@id":"https:\/\/www.canadahelps.org\/fr\/centre-de-secours-humanitaire-canadon-old\/","url":"https:\/\/www.canadahelps.org\/fr\/centre-de-secours-humanitaire-canadon-old\/","name":"Centre de secours humanitaire CanaDon | CanadaHelps - Donate to any charity in Canada","isPartOf":{"@id":"https:\/\/www.canadahelps.org\/fr\/#website"},"datePublished":"2017-02-27T18:51:35+00:00","dateModified":"2020-08-18T17:28:42+00:00","breadcrumb":{"@id":"https:\/\/www.canadahelps.org\/fr\/centre-de-secours-humanitaire-canadon-old\/#breadcrumb"},"inLanguage":"fr","potentialAction":[{"@type":"ReadAction","target":["https:\/\/www.canadahelps.org\/fr\/centre-de-secours-humanitaire-canadon-old\/"]}]},{"@type":"BreadcrumbList","@id":"https:\/\/www.canadahelps.org\/fr\/centre-de-secours-humanitaire-canadon-old\/#breadcrumb","itemListElement":[{"@type":"ListItem","position":1,"name":"Home","item":"https:\/\/www.canadahelps.org\/fr\/"},{"@type":"ListItem","position":2,"name":"Centre de secours humanitaire CanaDon"}]},{"@type":"WebSite","@id":"https:\/\/www.canadahelps.org\/fr\/#website","url":"https:\/\/www.canadahelps.org\/fr\/","name":"CanadaHelps - Donate to any charity in Canada","description":"Giving Made Simple","publisher":{"@id":"https:\/\/www.canadahelps.org\/fr\/#organization"},"potentialAction":[{"@type":"SearchAction","target":{"@type":"EntryPoint","urlTemplate":"https:\/\/www.canadahelps.org\/fr\/?s={search_term_string}"},"query-input":{"@type":"PropertyValueSpecification","valueRequired":true,"valueName":"search_term_string"}}],"inLanguage":"fr"},{"@type":"Organization","@id":"https:\/\/www.canadahelps.org\/fr\/#organization","name":"CanadaHelps","url":"https:\/\/www.canadahelps.org\/fr\/","logo":{"@type":"ImageObject","inLanguage":"fr","@id":"https:\/\/www.canadahelps.org\/fr\/#\/schema\/logo\/image\/","url":"https:\/\/www.canadahelps.org\/media\/canadahelps-en.jpg","contentUrl":"https:\/\/www.canadahelps.org\/media\/canadahelps-en.jpg","width":131,"height":72,"caption":"CanadaHelps"},"image":{"@id":"https:\/\/www.canadahelps.org\/fr\/#\/schema\/logo\/image\/"}}]}},"_links":{"self":[{"href":"https:\/\/www.canadahelps.org\/fr\/wp-json\/wp\/v2\/pages\/13407","targetHints":{"allow":["GET"]}}],"collection":[{"href":"https:\/\/www.canadahelps.org\/fr\/wp-json\/wp\/v2\/pages"}],"about":[{"href":"https:\/\/www.canadahelps.org\/fr\/wp-json\/wp\/v2\/types\/page"}],"author":[{"embeddable":true,"href":"https:\/\/www.canadahelps.org\/fr\/wp-json\/wp\/v2\/users\/7"}],"replies":[{"embeddable":true,"href":"https:\/\/www.canadahelps.org\/fr\/wp-json\/wp\/v2\/comments?post=13407"}],"version-history":[{"count":1,"href":"https:\/\/www.canadahelps.org\/fr\/wp-json\/wp\/v2\/pages\/13407\/revisions"}],"predecessor-version":[{"id":13408,"href":"https:\/\/www.canadahelps.org\/fr\/wp-json\/wp\/v2\/pages\/13407\/revisions\/13408"}],"wp:attachment":[{"href":"https:\/\/www.canadahelps.org\/fr\/wp-json\/wp\/v2\/media?parent=13407"}],"curies":[{"name":"wp","href":"https:\/\/api.w.org\/{rel}","templated":true}]}}