{"id":13968,"date":"2017-03-06T09:11:02","date_gmt":"2017-03-06T14:11:02","guid":{"rendered":"https:\/\/www.canadahelps.org\/?page_id=13968\/"},"modified":"2017-04-25T14:46:55","modified_gmt":"2017-04-25T18:46:55","slug":"2016-seisme-en-equateur","status":"publish","type":"page","link":"https:\/\/www.canadahelps.org\/fr\/centre-de-secours-humanitaire-canadon-old\/2016-seisme-en-equateur\/","title":{"rendered":"2016 S\u00e9isme en \u00c9quateur"},"content":{"rendered":"<p><img loading=\"lazy\" decoding=\"async\" class=\"size-medium wp-image-13624 alignleft\" src=\"https:\/\/www.canadahelps.org\/media\/ecuador-300x78.jpg\" alt=\"\" width=\"300\" height=\"78\" srcset=\"https:\/\/www.canadahelps.org\/media\/ecuador-300x78.jpg 300w, https:\/\/www.canadahelps.org\/media\/ecuador-768x200.jpg 768w, https:\/\/www.canadahelps.org\/media\/ecuador-1024x267.jpg 1024w, https:\/\/www.canadahelps.org\/media\/ecuador.jpg 1920w\" sizes=\"auto, (max-width: 300px) 100vw, 300px\" \/>Dans la soir\u00e9e du samedi 16 avril 2016, un s\u00e9isme d\u2019une magnitude de 7,8 a frapp\u00e9 la c\u00f4te de l\u2019\u00c9quateur. Alors que les \u00e9quipes de secours continuent \u00e0 fouiller les d\u00e9combres, on a confirm\u00e9 le d\u00e9c\u00e8s de plus de 650\u00a0personnes et on estime qu\u2019il y a plus de 2 500 bless\u00e9s. On s\u2019attend \u00e0 ce que ces chiffres augmentent au fur et \u00e0 mesure que se poursuivent les op\u00e9rations de recherche et de sauvetage dans les zones d\u00e9vast\u00e9es.<\/p>\n<p>L\u2019\u00e9tat d\u2019urgence a \u00e9t\u00e9 d\u00e9cr\u00e9t\u00e9 par le pr\u00e9sident de l\u2019\u00c9quateur dans les six provinces c\u00f4ti\u00e8res : Guayas, Manabi, Santo Domingo, Los Rios, Esmeraldas et Galapagos. Les routes ont \u00e9t\u00e9 lourdement endommag\u00e9es, des ponts se sont effondr\u00e9s et les installations \u00e9lectriques ont \u00e9t\u00e9 touch\u00e9es. Des milliers de gens ont \u00e9t\u00e9 d\u00e9plac\u00e9s et certains doivent dormir dans les rues.<\/p>\n<p>Les \u00c9quatoriens ont besoin de notre aide. Plusieurs organismes de bienfaisance canadiens enregistr\u00e9s fournissent activement des secours \u2014 premiers soins, recherche et sauvetage, soutien aux premiers r\u00e9pondants \u2014 dans les jours qui suivent le s\u00e9isme.<\/p>\n","protected":false},"excerpt":{"rendered":"<p>Dans la soir\u00e9e du samedi 16 avril 2016, un s\u00e9isme d\u2019une magnitude de 7,8 a frapp\u00e9 la c\u00f4te de l\u2019\u00c9quateur. Alors que les \u00e9quipes de &#8230; <a href=\"https:\/\/www.canadahelps.org\/fr\/centre-de-secours-humanitaire-canadon-old\/2016-seisme-en-equateur\/\" id=\"canadahelp-blog-meta\">Voir plus<\/a><\/p>\n","protected":false},"author":7,"featured_media":0,"parent":13407,"menu_order":0,"comment_status":"closed","ping_status":"closed","template":"page-crc-campaign.php","meta":{"footnotes":""},"class_list":["post-13968","page","type-page","status-publish","hentry"],"acf":{"meta_description":"","use_toc_layout":false,"status":"Archived","thumbnail":"https:\/\/www.canadahelps.org\/media\/ecuador-2-306x236.jpg","short_description":"L\u2019\u00e9tat d\u2019urgence a \u00e9t\u00e9 d\u00e9cr\u00e9t\u00e9 en \u00c9quateur apr\u00e8s un s\u00e9isme d\u2019une magnitude de 7,8 au cours duquel des centaines de personnes ont perdu la ","primary_colour":"#130733","secondary_colour":"#69614d","third_colour":"#230d60","colour_of_headings_font":"#ffffff","font_colour_primary":"#ffffff","font_colour_secondary":"#ffffff","tag_campaign":"","herospace":[{"background_image":"https:\/\/www.canadahelps.org\/media\/ecuador-2.jpg","title":"2016 S\u00e9isme en \u00c9quateur ","content":"L\u2019\u00e9tat d\u2019urgence a \u00e9t\u00e9 d\u00e9cr\u00e9t\u00e9 en \u00c9quateur apr\u00e8s un s\u00e9isme d\u2019une magnitude de 7,8 au cours duquel des centaines de personnes ont perdu la vie, tandis que des milliers d\u2019autres ont \u00e9t\u00e9 bless\u00e9es et d\u00e9plac\u00e9es. "}],"heading_for_crisis_overview":"Un s\u00e9isme d\u2019une magnitude de 7,8 en \u00c9quateur a caus\u00e9 des centaines de morts, alors que des milliers de personnes ont \u00e9t\u00e9 bless\u00e9es et d\u00e9plac\u00e9es.","bullets":[{"image":false,"title":"","bullet_description":""},{"image":"https:\/\/www.canadahelps.org\/media\/info-date.png","title":"16.04.16","bullet_description":"Un s\u00e9isme d\u2019une magnitude de 7,8 frappe l\u2019\u00c9quateur "},{"image":"https:\/\/www.canadahelps.org\/media\/people_injured.png","title":"2500+","bullet_description":"Plus de 2500 bless\u00e9s"}],"donate_now_description":"<h2>Vous trouverez ci-dessous une liste d\u2019organismes de bienfaisance organisant une collecte de fonds pour contribuer au secours humanitaire de diverses causes.<\/h2>\n<p>Pour faire un don, cliquez sur le nom de l\u2019organisme de bienfaisance puis cliquez sur \u00ab Faites un don\u00bb.<\/p>\n<div id=\"charity-roles\"><strong>Affichez les organismes de bienfaisance qui offrent un\/une : <\/strong><\/div>\n","charities_roles":["1","3"],"charities":[{"logo_url":"https:\/\/www.canadahelps.org\/uploads\/CACHE\/images\/charityprofile\/8\/1359\/GlobalMedic%20Banner%20MED_1\/ff100ca0de4805b6870852e563d9e9cd.png","description":"<strong>GLOBALMEDIC<\/strong>","role_in_crisis":["1","3"],"donation_page_link":"https:\/\/www.canadahelps.org\/fr\/dn\/27242","logo":false},{"logo_url":"https:\/\/www.canadahelps.org\/fr\/organismesdebienfaisance\/logo\/86522\/","description":"<strong>DISASTER AID CANADA<\/strong>","role_in_crisis":["1","3"],"donation_page_link":"https:\/\/www.canadahelps.org\/fr\/dn\/27267","logo":false},{"logo_url":"https:\/\/www.canadahelps.org\/fr\/organismesdebienfaisance\/logo\/35994\/","description":"<strong>VISION MONDIALE CANADA<\/strong>v","role_in_crisis":["1","3"],"donation_page_link":"https:\/\/www.canadahelps.org\/fr\/dn\/27283","logo":false},{"logo_url":"https:\/\/www.canadahelps.org\/uploads\/CACHE\/images\/charityprofile\/1\/5205\/CJI%20logo%20high%20resolution\/b82f15c7261a731d6c8d9aa1d2030982.png","description":"<strong>CANADIAN JESUIT MISSIONS SUBSIDIARY OF JESUIT FATHERS OF UPPER CANADA<\/strong>","role_in_crisis":["1","3"],"donation_page_link":"https:\/\/www.canadahelps.org\/fr\/dn\/27289","logo":false},{"logo_url":"https:\/\/www.canadahelps.org\/en\/charities\/logo\/9799\/","description":"<strong>AIDE A L'ENFANCE CANADA<\/strong>","role_in_crisis":["1","3"],"donation_page_link":"https:\/\/www.canadahelps.org\/fr\/dn\/27286","logo":false},{"logo_url":"https:\/\/www.canadahelps.org\/uploads\/CACHE\/images\/charityprofile\/3\/0564\/redcrossfrench1\/3844ca90b651a01cfd20d31031d8bdc9.png","description":"<strong>La Soci\u00e9t\u00e9 canadienne de la Croix-Rouge<\/strong>","role_in_crisis":["1","3"],"donation_page_link":"https:\/\/www.canadahelps.org\/fr\/dn\/13646","logo":false},{"logo_url":"https:\/\/www.canadahelps.org\/fr\/organismesdebienfaisance\/logo\/37110\/","description":"<strong>COMITE UNICEF CANADA<\/strong>","role_in_crisis":["1","3"],"donation_page_link":"https:\/\/www.canadahelps.org\/fr\/dn\/4949","logo":false},{"logo_url":"https:\/\/www.canadahelps.org\/fr\/organismesdebienfaisance\/logo\/39197\/","description":"<strong>OXFAM CANADA<\/strong>","role_in_crisis":["1","3"],"donation_page_link":"https:\/\/www.canadahelps.org\/fr\/dn\/11066","logo":false}],"introduction_web_form":"<p>Votre organisme de bienfaisance offre-t-il une aide en r\u00e9ponse \u00e0 cette crise humanitaire? Si oui, veuillez nous informer du type de secours que vous offrez en compl\u00e9tant le formulaire ci-dessous et nous ajouterons votre organisme \u00e0 la liste.<\/p>\n","web_form_shortcode":"<p><span lang=\"EN-US\" style=\"margin: 0px; color: #333333; font-family: 'Georgia',serif;\">[fr_charities_web_form]<\/span><\/p>\n","webform_to":"marketing@canadahelps.org","thank_you":"Merci.","insert_spotlight_boxes":false,"use_biography_grid":false},"yoast_head":"<!-- This site is optimized with the Yoast SEO plugin v26.0 - https:\/\/yoast.com\/wordpress\/plugins\/seo\/ -->\n<title>2016 S\u00e9isme en \u00c9quateur | CanaDon - Faites des dons \u00e0 un organisme de bienfaisance au Canada<\/title>\n<meta name=\"robots\" content=\"index, follow, max-snippet:-1, max-image-preview:large, max-video-preview:-1\" \/>\n<link rel=\"canonical\" href=\"https:\/\/www.canadahelps.org\/fr\/centre-de-secours-humanitaire-canadon-old\/2016-seisme-en-equateur\/\" \/>\n<meta property=\"og:locale\" content=\"fr_FR\" \/>\n<meta property=\"og:type\" content=\"article\" \/>\n<meta property=\"og:title\" content=\"2016 S\u00e9isme en \u00c9quateur | CanaDon - Faites des dons \u00e0 un organisme de bienfaisance au Canada\" \/>\n<meta property=\"og:description\" content=\"Dans la soir\u00e9e du samedi 16 avril 2016, un s\u00e9isme d\u2019une magnitude de 7,8 a frapp\u00e9 la c\u00f4te de l\u2019\u00c9quateur. Alors que les \u00e9quipes de ... Voir plus\" \/>\n<meta property=\"og:url\" content=\"https:\/\/www.canadahelps.org\/fr\/centre-de-secours-humanitaire-canadon-old\/2016-seisme-en-equateur\/\" \/>\n<meta property=\"og:site_name\" content=\"CanaDon - Faites des dons \u00e0 un organisme de bienfaisance au Canada\" \/>\n<meta property=\"article:modified_time\" content=\"2017-04-25T18:46:55+00:00\" \/>\n<meta property=\"og:image\" content=\"https:\/\/www.canadahelps.org\/media\/ecuador-300x78.jpg\" \/>\n<meta name=\"twitter:card\" content=\"summary_large_image\" \/>\n<meta name=\"twitter:label1\" content=\"Est. reading time\" \/>\n\t<meta name=\"twitter:data1\" content=\"1 minute\" \/>\n<script type=\"application\/ld+json\" class=\"yoast-schema-graph\">{\"@context\":\"https:\/\/schema.org\",\"@graph\":[{\"@type\":\"WebPage\",\"@id\":\"https:\/\/www.canadahelps.org\/fr\/centre-de-secours-humanitaire-canadon-old\/2016-seisme-en-equateur\/\",\"url\":\"https:\/\/www.canadahelps.org\/fr\/centre-de-secours-humanitaire-canadon-old\/2016-seisme-en-equateur\/\",\"name\":\"2016 S\u00e9isme en \u00c9quateur | CanaDon - Faites des dons \u00e0 un organisme de bienfaisance au Canada\",\"isPartOf\":{\"@id\":\"https:\/\/www.canadahelps.org\/fr\/#website\"},\"primaryImageOfPage\":{\"@id\":\"https:\/\/www.canadahelps.org\/fr\/centre-de-secours-humanitaire-canadon-old\/2016-seisme-en-equateur\/#primaryimage\"},\"image\":{\"@id\":\"https:\/\/www.canadahelps.org\/fr\/centre-de-secours-humanitaire-canadon-old\/2016-seisme-en-equateur\/#primaryimage\"},\"thumbnailUrl\":\"https:\/\/www.canadahelps.org\/media\/ecuador-300x78.jpg\",\"datePublished\":\"2017-03-06T14:11:02+00:00\",\"dateModified\":\"2017-04-25T18:46:55+00:00\",\"breadcrumb\":{\"@id\":\"https:\/\/www.canadahelps.org\/fr\/centre-de-secours-humanitaire-canadon-old\/2016-seisme-en-equateur\/#breadcrumb\"},\"inLanguage\":\"fr\",\"potentialAction\":[{\"@type\":\"ReadAction\",\"target\":[\"https:\/\/www.canadahelps.org\/fr\/centre-de-secours-humanitaire-canadon-old\/2016-seisme-en-equateur\/\"]}]},{\"@type\":\"ImageObject\",\"inLanguage\":\"fr\",\"@id\":\"https:\/\/www.canadahelps.org\/fr\/centre-de-secours-humanitaire-canadon-old\/2016-seisme-en-equateur\/#primaryimage\",\"url\":\"https:\/\/www.canadahelps.org\/media\/ecuador-300x78.jpg\",\"contentUrl\":\"https:\/\/www.canadahelps.org\/media\/ecuador-300x78.jpg\"},{\"@type\":\"BreadcrumbList\",\"@id\":\"https:\/\/www.canadahelps.org\/fr\/centre-de-secours-humanitaire-canadon-old\/2016-seisme-en-equateur\/#breadcrumb\",\"itemListElement\":[{\"@type\":\"ListItem\",\"position\":1,\"name\":\"Home\",\"item\":\"https:\/\/www.canadahelps.org\/fr\/\"},{\"@type\":\"ListItem\",\"position\":2,\"name\":\"Centre de secours humanitaire CanaDon\",\"item\":\"https:\/\/www.canadahelps.org\/fr\/centre-de-secours-humanitaire-canadon-old\/\"},{\"@type\":\"ListItem\",\"position\":3,\"name\":\"2016 S\u00e9isme en \u00c9quateur\"}]},{\"@type\":\"WebSite\",\"@id\":\"https:\/\/www.canadahelps.org\/fr\/#website\",\"url\":\"https:\/\/www.canadahelps.org\/fr\/\",\"name\":\"CanadaHelps - Donate to any charity in Canada\",\"description\":\"Le don en toute simplicit\u00e9\",\"publisher\":{\"@id\":\"https:\/\/www.canadahelps.org\/fr\/#organization\"},\"potentialAction\":[{\"@type\":\"SearchAction\",\"target\":{\"@type\":\"EntryPoint\",\"urlTemplate\":\"https:\/\/www.canadahelps.org\/fr\/?s={search_term_string}\"},\"query-input\":{\"@type\":\"PropertyValueSpecification\",\"valueRequired\":true,\"valueName\":\"search_term_string\"}}],\"inLanguage\":\"fr\"},{\"@type\":\"Organization\",\"@id\":\"https:\/\/www.canadahelps.org\/fr\/#organization\",\"name\":\"CanadaHelps\",\"url\":\"https:\/\/www.canadahelps.org\/fr\/\",\"logo\":{\"@type\":\"ImageObject\",\"inLanguage\":\"fr\",\"@id\":\"https:\/\/www.canadahelps.org\/fr\/#\/schema\/logo\/image\/\",\"url\":\"https:\/\/www.canadahelps.org\/media\/canadahelps-en.jpg\",\"contentUrl\":\"https:\/\/www.canadahelps.org\/media\/canadahelps-en.jpg\",\"width\":131,\"height\":72,\"caption\":\"CanadaHelps\"},\"image\":{\"@id\":\"https:\/\/www.canadahelps.org\/fr\/#\/schema\/logo\/image\/\"}}]}<\/script>\n<!-- \/ Yoast SEO plugin. -->","yoast_head_json":{"title":"2016 S\u00e9isme en \u00c9quateur | CanaDon - Faites des dons \u00e0 un organisme de bienfaisance au Canada","robots":{"index":"index","follow":"follow","max-snippet":"max-snippet:-1","max-image-preview":"max-image-preview:large","max-video-preview":"max-video-preview:-1"},"canonical":"https:\/\/www.canadahelps.org\/fr\/centre-de-secours-humanitaire-canadon-old\/2016-seisme-en-equateur\/","og_locale":"fr_FR","og_type":"article","og_title":"2016 S\u00e9isme en \u00c9quateur | CanaDon - Faites des dons \u00e0 un organisme de bienfaisance au Canada","og_description":"Dans la soir\u00e9e du samedi 16 avril 2016, un s\u00e9isme d\u2019une magnitude de 7,8 a frapp\u00e9 la c\u00f4te de l\u2019\u00c9quateur. Alors que les \u00e9quipes de ... Voir plus","og_url":"https:\/\/www.canadahelps.org\/fr\/centre-de-secours-humanitaire-canadon-old\/2016-seisme-en-equateur\/","og_site_name":"CanaDon - Faites des dons \u00e0 un organisme de bienfaisance au Canada","article_modified_time":"2017-04-25T18:46:55+00:00","og_image":[{"url":"https:\/\/www.canadahelps.org\/media\/ecuador-300x78.jpg","type":"","width":"","height":""}],"twitter_card":"summary_large_image","twitter_misc":{"Est. reading time":"1 minute"},"schema":{"@context":"https:\/\/schema.org","@graph":[{"@type":"WebPage","@id":"https:\/\/www.canadahelps.org\/fr\/centre-de-secours-humanitaire-canadon-old\/2016-seisme-en-equateur\/","url":"https:\/\/www.canadahelps.org\/fr\/centre-de-secours-humanitaire-canadon-old\/2016-seisme-en-equateur\/","name":"2016 S\u00e9isme en \u00c9quateur | CanaDon - Faites des dons \u00e0 un organisme de bienfaisance au Canada","isPartOf":{"@id":"https:\/\/www.canadahelps.org\/fr\/#website"},"primaryImageOfPage":{"@id":"https:\/\/www.canadahelps.org\/fr\/centre-de-secours-humanitaire-canadon-old\/2016-seisme-en-equateur\/#primaryimage"},"image":{"@id":"https:\/\/www.canadahelps.org\/fr\/centre-de-secours-humanitaire-canadon-old\/2016-seisme-en-equateur\/#primaryimage"},"thumbnailUrl":"https:\/\/www.canadahelps.org\/media\/ecuador-300x78.jpg","datePublished":"2017-03-06T14:11:02+00:00","dateModified":"2017-04-25T18:46:55+00:00","breadcrumb":{"@id":"https:\/\/www.canadahelps.org\/fr\/centre-de-secours-humanitaire-canadon-old\/2016-seisme-en-equateur\/#breadcrumb"},"inLanguage":"fr","potentialAction":[{"@type":"ReadAction","target":["https:\/\/www.canadahelps.org\/fr\/centre-de-secours-humanitaire-canadon-old\/2016-seisme-en-equateur\/"]}]},{"@type":"ImageObject","inLanguage":"fr","@id":"https:\/\/www.canadahelps.org\/fr\/centre-de-secours-humanitaire-canadon-old\/2016-seisme-en-equateur\/#primaryimage","url":"https:\/\/www.canadahelps.org\/media\/ecuador-300x78.jpg","contentUrl":"https:\/\/www.canadahelps.org\/media\/ecuador-300x78.jpg"},{"@type":"BreadcrumbList","@id":"https:\/\/www.canadahelps.org\/fr\/centre-de-secours-humanitaire-canadon-old\/2016-seisme-en-equateur\/#breadcrumb","itemListElement":[{"@type":"ListItem","position":1,"name":"Home","item":"https:\/\/www.canadahelps.org\/fr\/"},{"@type":"ListItem","position":2,"name":"Centre de secours humanitaire CanaDon","item":"https:\/\/www.canadahelps.org\/fr\/centre-de-secours-humanitaire-canadon-old\/"},{"@type":"ListItem","position":3,"name":"2016 S\u00e9isme en \u00c9quateur"}]},{"@type":"WebSite","@id":"https:\/\/www.canadahelps.org\/fr\/#website","url":"https:\/\/www.canadahelps.org\/fr\/","name":"CanadaHelps - Donate to any charity in Canada","description":"Le don en toute simplicit\u00e9","publisher":{"@id":"https:\/\/www.canadahelps.org\/fr\/#organization"},"potentialAction":[{"@type":"SearchAction","target":{"@type":"EntryPoint","urlTemplate":"https:\/\/www.canadahelps.org\/fr\/?s={search_term_string}"},"query-input":{"@type":"PropertyValueSpecification","valueRequired":true,"valueName":"search_term_string"}}],"inLanguage":"fr"},{"@type":"Organization","@id":"https:\/\/www.canadahelps.org\/fr\/#organization","name":"CanadaHelps","url":"https:\/\/www.canadahelps.org\/fr\/","logo":{"@type":"ImageObject","inLanguage":"fr","@id":"https:\/\/www.canadahelps.org\/fr\/#\/schema\/logo\/image\/","url":"https:\/\/www.canadahelps.org\/media\/canadahelps-en.jpg","contentUrl":"https:\/\/www.canadahelps.org\/media\/canadahelps-en.jpg","width":131,"height":72,"caption":"CanadaHelps"},"image":{"@id":"https:\/\/www.canadahelps.org\/fr\/#\/schema\/logo\/image\/"}}]}},"_links":{"self":[{"href":"https:\/\/www.canadahelps.org\/fr\/wp-json\/wp\/v2\/pages\/13968","targetHints":{"allow":["GET"]}}],"collection":[{"href":"https:\/\/www.canadahelps.org\/fr\/wp-json\/wp\/v2\/pages"}],"about":[{"href":"https:\/\/www.canadahelps.org\/fr\/wp-json\/wp\/v2\/types\/page"}],"author":[{"embeddable":true,"href":"https:\/\/www.canadahelps.org\/fr\/wp-json\/wp\/v2\/users\/7"}],"replies":[{"embeddable":true,"href":"https:\/\/www.canadahelps.org\/fr\/wp-json\/wp\/v2\/comments?post=13968"}],"version-history":[{"count":5,"href":"https:\/\/www.canadahelps.org\/fr\/wp-json\/wp\/v2\/pages\/13968\/revisions"}],"predecessor-version":[{"id":14693,"href":"https:\/\/www.canadahelps.org\/fr\/wp-json\/wp\/v2\/pages\/13968\/revisions\/14693"}],"up":[{"embeddable":true,"href":"https:\/\/www.canadahelps.org\/fr\/wp-json\/wp\/v2\/pages\/13407"}],"wp:attachment":[{"href":"https:\/\/www.canadahelps.org\/fr\/wp-json\/wp\/v2\/media?parent=13968"}],"curies":[{"name":"wp","href":"https:\/\/api.w.org\/{rel}","templated":true}]}}