{"id":13983,"date":"2017-03-03T10:28:31","date_gmt":"2017-03-03T15:28:31","guid":{"rendered":"https:\/\/www.canadahelps.org\/?page_id=13983\/"},"modified":"2017-03-13T15:16:42","modified_gmt":"2017-03-13T19:16:42","slug":"2014-les-inondations-dans-les-balkans","status":"publish","type":"page","link":"https:\/\/www.canadahelps.org\/fr\/centre-de-secours-humanitaire-canadon-old\/2014-les-inondations-dans-les-balkans\/","title":{"rendered":"2014 LES INONDATIONS DANS LES BALKANS"},"content":{"rendered":"<p>En mai 2014, de fortes pluies ont entra\u00een\u00e9 des inondations sans pr\u00e9c\u00e9dent dans les Balkans, y compris en Serbie, en Bosnie-Herz\u00e9govine et en Croatie, laissant des centaines de milliers de personnes sans eau potable ni \u00e9lectricit\u00e9, et des dizaines de milliers de personnes \u00e9vacu\u00e9es. On a confirm\u00e9 le d\u00e9c\u00e8s de plus de 50 personnes, mais un plus grand nombre de pertes de vie devrait \u00eatre rapport\u00e9 au fur et \u00e0 mesure que les eaux se retirent.<\/p>\n<p>Environ 1 million de personnes ont \u00e9t\u00e9 directement touch\u00e9es, et 300 000 personnes ont perdu leur domicile.<\/p>\n<p>Les infrastructures essentielles telles que les routes et l\u2019\u00e9lectricit\u00e9 ont \u00e9t\u00e9 affect\u00e9es, et certaines r\u00e9gions sont maintenant menac\u00e9es par de dangereux glissements de terrain. Ils ont absolument besoin d\u2019eau potable, de nourriture, de tentes et de fournitures m\u00e9dicales.<\/p>\n<div class=\"captionleft\"><img loading=\"lazy\" decoding=\"async\" class=\" wp-image-168 \" src=\"https:\/\/www.canadahelps.org\/media\/Balkan-Flood-1.png\" alt=\"LES INONDATIONS DE 2014 DANS LES BALKANS\" width=\"717\" height=\"478\" \/><\/div>\n<div class=\"captionleft\"><a href=\"https:\/\/www.flickr.com\/photos\/69583224@N05\/sets\/72157644689090266\" target=\"_blank\">Photo credit: EC\/ECHO\/EEAS\/EU Delegation BiH<\/a><\/div>\n","protected":false},"excerpt":{"rendered":"<p>En mai 2014, de fortes pluies ont entra\u00een\u00e9 des inondations sans pr\u00e9c\u00e9dent dans les Balkans, y compris en Serbie, en Bosnie-Herz\u00e9govine et en Croatie, laissant &#8230; <a href=\"https:\/\/www.canadahelps.org\/fr\/centre-de-secours-humanitaire-canadon-old\/2014-les-inondations-dans-les-balkans\/\" id=\"canadahelp-blog-meta\">Voir plus<\/a><\/p>\n","protected":false},"author":7,"featured_media":0,"parent":13407,"menu_order":0,"comment_status":"closed","ping_status":"closed","template":"page-crc-campaign.php","meta":{"footnotes":""},"class_list":["post-13983","page","type-page","status-publish","hentry"],"acf":{"meta_description":"","use_toc_layout":false,"giving_life_description":"","charity_life_description":"","status":"Archived","thumbnail":"https:\/\/www.canadahelps.org\/media\/14198165716_ed73b4b3ee_b-306x236.jpg","short_description":"Les pires inondations que les Balkans ont connues depuis plus d\u2019un si\u00e8cle. ","primary_colour":"#130733","secondary_colour":"#69614d","third_colour":"#230d60","colour_of_headings_font":"#ffffff","font_colour_primary":"#ffffff","font_colour_secondary":"#ffffff","tag_campaign":"","herospace":[{"background_image":"https:\/\/www.canadahelps.org\/media\/Balkan-Flood-1.png","title":"<span>2014<\/span> LES INONDATIONS DANS LES BALKANS","content":"Les pires inondations que les Balkans ont connues depuis plus d\u2019un si\u00e8cle. "}],"heading_for_crisis_overview":"LES PIRES INONDATIONS QUE LES BALKANS ONT CONNUES DEPUIS PLUS D\u2019UN SI\u00c8CLE","bullets":[{"image":false,"title":"","bullet_description":""},{"image":"https:\/\/www.canadahelps.org\/media\/houses_partially_damaged.png","title":"300000","bullet_description":"personnes d\u00e9plac\u00e9es"},{"image":"https:\/\/www.canadahelps.org\/media\/without_water.png","title":"350000","bullet_description":"personnes priv\u00e9es d\u2019eau potable"}],"donate_now_description":"<h2>Vous trouverez ci-dessous une liste d\u2019organismes de bienfaisance organisant une collecte de fonds pour contribuer au secours humanitaire de diverses causes.<\/h2>\n<p>Pour faire un don, cliquez sur le nom de l\u2019organisme de bienfaisance puis cliquez sur \u00ab Faites un don\u00bb.<\/p>\n<div id=\"charity-roles\"><strong>Affichez les organismes de bienfaisance qui offrent un\/une : <\/strong><\/div>\n","charities_roles":["1","3"],"charities":[{"logo_url":"http:\/\/www.canadahelps.org\/image.aspx?ID=81364&language=fr","description":"<strong> La Fondation David McAntony Gibson (DMGF)<strong>","role_in_crisis":["1","3"],"donation_page_link":"https:\/\/www.canadahelps.org\/fr\/dn\/18765","logo":false},{"logo_url":"http:\/\/www.canadahelps.org\/image.aspx?ID=30567&language=fr","description":"<strong>La Soci\u00e9t\u00e9 canadienne de la Croix-Rouge<\/strong>","role_in_crisis":["1","3"],"donation_page_link":"https:\/\/www.canadahelps.org\/fr\/dn\/18767","logo":false},{"logo_url":"http:\/\/www.canadahelps.org\/image.aspx?ID=7019&language=fr","description":"<strong>MENNONITE CENTRAL COMMITTEE CANADA<\/strong>","role_in_crisis":["3"],"donation_page_link":"https:\/\/www.canadahelps.org\/fr\/dn\/18766","logo":false},{"logo_url":"http:\/\/www.canadahelps.org\/image.aspx?ID=85231&language=fr","description":"<strong>LIFELINE HUMANITARIAN ORGANIZATION<\/strong>","role_in_crisis":["1","3"],"donation_page_link":"https:\/\/www.canadahelps.org\/fr\/dn\/18768","logo":false}],"introduction_web_form":"<p>Votre organisme de bienfaisance offre-t-il une aide en r\u00e9ponse \u00e0 cette crise humanitaire? Si oui, veuillez nous informer du type de secours que vous offrez en compl\u00e9tant le formulaire ci-dessous et nous ajouterons votre organisme \u00e0 la liste.<\/p>\n","web_form_shortcode":"<p><span lang=\"EN-US\" style=\"margin: 0px; color: #333333; font-family: 'Georgia',serif;\">[fr_charities_web_form]<\/span><\/p>\n","webform_to":"marketing@canadahelps.org","thank_you":"Merci.","insert_spotlight_boxes":false,"use_biography_grid":false},"yoast_head":"<!-- This site is optimized with the Yoast SEO plugin v26.0 - https:\/\/yoast.com\/wordpress\/plugins\/seo\/ -->\n<title>2014 LES INONDATIONS DANS LES BALKANS | CanaDon - Faites des dons \u00e0 un organisme de bienfaisance au Canada<\/title>\n<meta name=\"robots\" content=\"index, follow, max-snippet:-1, max-image-preview:large, max-video-preview:-1\" \/>\n<link rel=\"canonical\" href=\"https:\/\/www.canadahelps.org\/fr\/centre-de-secours-humanitaire-canadon-old\/2014-les-inondations-dans-les-balkans\/\" \/>\n<meta property=\"og:locale\" content=\"fr_FR\" \/>\n<meta property=\"og:type\" content=\"article\" \/>\n<meta property=\"og:title\" content=\"2014 LES INONDATIONS DANS LES BALKANS | CanaDon - Faites des dons \u00e0 un organisme de bienfaisance au Canada\" \/>\n<meta property=\"og:description\" content=\"En mai 2014, de fortes pluies ont entra\u00een\u00e9 des inondations sans pr\u00e9c\u00e9dent dans les Balkans, y compris en Serbie, en Bosnie-Herz\u00e9govine et en Croatie, laissant ... Voir plus\" \/>\n<meta property=\"og:url\" content=\"https:\/\/www.canadahelps.org\/fr\/centre-de-secours-humanitaire-canadon-old\/2014-les-inondations-dans-les-balkans\/\" \/>\n<meta property=\"og:site_name\" content=\"CanaDon - Faites des dons \u00e0 un organisme de bienfaisance au Canada\" \/>\n<meta property=\"article:modified_time\" content=\"2017-03-13T19:16:42+00:00\" \/>\n<meta property=\"og:image\" content=\"https:\/\/www.canadahelps.org\/media\/Balkan-Flood-1.png\" \/>\n<meta name=\"twitter:card\" content=\"summary_large_image\" \/>\n<meta name=\"twitter:label1\" content=\"Est. reading time\" \/>\n\t<meta name=\"twitter:data1\" content=\"1 minute\" \/>\n<script type=\"application\/ld+json\" class=\"yoast-schema-graph\">{\"@context\":\"https:\/\/schema.org\",\"@graph\":[{\"@type\":\"WebPage\",\"@id\":\"https:\/\/www.canadahelps.org\/fr\/centre-de-secours-humanitaire-canadon-old\/2014-les-inondations-dans-les-balkans\/\",\"url\":\"https:\/\/www.canadahelps.org\/fr\/centre-de-secours-humanitaire-canadon-old\/2014-les-inondations-dans-les-balkans\/\",\"name\":\"2014 LES INONDATIONS DANS LES BALKANS | CanaDon - Faites des dons \u00e0 un organisme de bienfaisance au Canada\",\"isPartOf\":{\"@id\":\"https:\/\/www.canadahelps.org\/fr\/#website\"},\"primaryImageOfPage\":{\"@id\":\"https:\/\/www.canadahelps.org\/fr\/centre-de-secours-humanitaire-canadon-old\/2014-les-inondations-dans-les-balkans\/#primaryimage\"},\"image\":{\"@id\":\"https:\/\/www.canadahelps.org\/fr\/centre-de-secours-humanitaire-canadon-old\/2014-les-inondations-dans-les-balkans\/#primaryimage\"},\"thumbnailUrl\":\"https:\/\/www.canadahelps.org\/media\/Balkan-Flood-1.png\",\"datePublished\":\"2017-03-03T15:28:31+00:00\",\"dateModified\":\"2017-03-13T19:16:42+00:00\",\"breadcrumb\":{\"@id\":\"https:\/\/www.canadahelps.org\/fr\/centre-de-secours-humanitaire-canadon-old\/2014-les-inondations-dans-les-balkans\/#breadcrumb\"},\"inLanguage\":\"fr\",\"potentialAction\":[{\"@type\":\"ReadAction\",\"target\":[\"https:\/\/www.canadahelps.org\/fr\/centre-de-secours-humanitaire-canadon-old\/2014-les-inondations-dans-les-balkans\/\"]}]},{\"@type\":\"ImageObject\",\"inLanguage\":\"fr\",\"@id\":\"https:\/\/www.canadahelps.org\/fr\/centre-de-secours-humanitaire-canadon-old\/2014-les-inondations-dans-les-balkans\/#primaryimage\",\"url\":\"https:\/\/www.canadahelps.org\/media\/Balkan-Flood-1.png\",\"contentUrl\":\"https:\/\/www.canadahelps.org\/media\/Balkan-Flood-1.png\"},{\"@type\":\"BreadcrumbList\",\"@id\":\"https:\/\/www.canadahelps.org\/fr\/centre-de-secours-humanitaire-canadon-old\/2014-les-inondations-dans-les-balkans\/#breadcrumb\",\"itemListElement\":[{\"@type\":\"ListItem\",\"position\":1,\"name\":\"Home\",\"item\":\"https:\/\/www.canadahelps.org\/fr\/\"},{\"@type\":\"ListItem\",\"position\":2,\"name\":\"Centre de secours humanitaire CanaDon\",\"item\":\"https:\/\/www.canadahelps.org\/fr\/centre-de-secours-humanitaire-canadon-old\/\"},{\"@type\":\"ListItem\",\"position\":3,\"name\":\"2014 LES INONDATIONS DANS LES BALKANS\"}]},{\"@type\":\"WebSite\",\"@id\":\"https:\/\/www.canadahelps.org\/fr\/#website\",\"url\":\"https:\/\/www.canadahelps.org\/fr\/\",\"name\":\"CanadaHelps - Donate to any charity in Canada\",\"description\":\"Le don en toute simplicit\u00e9\",\"publisher\":{\"@id\":\"https:\/\/www.canadahelps.org\/fr\/#organization\"},\"potentialAction\":[{\"@type\":\"SearchAction\",\"target\":{\"@type\":\"EntryPoint\",\"urlTemplate\":\"https:\/\/www.canadahelps.org\/fr\/?s={search_term_string}\"},\"query-input\":{\"@type\":\"PropertyValueSpecification\",\"valueRequired\":true,\"valueName\":\"search_term_string\"}}],\"inLanguage\":\"fr\"},{\"@type\":\"Organization\",\"@id\":\"https:\/\/www.canadahelps.org\/fr\/#organization\",\"name\":\"CanadaHelps\",\"url\":\"https:\/\/www.canadahelps.org\/fr\/\",\"logo\":{\"@type\":\"ImageObject\",\"inLanguage\":\"fr\",\"@id\":\"https:\/\/www.canadahelps.org\/fr\/#\/schema\/logo\/image\/\",\"url\":\"https:\/\/www.canadahelps.org\/media\/canadahelps-en.jpg\",\"contentUrl\":\"https:\/\/www.canadahelps.org\/media\/canadahelps-en.jpg\",\"width\":131,\"height\":72,\"caption\":\"CanadaHelps\"},\"image\":{\"@id\":\"https:\/\/www.canadahelps.org\/fr\/#\/schema\/logo\/image\/\"}}]}<\/script>\n<!-- \/ Yoast SEO plugin. -->","yoast_head_json":{"title":"2014 LES INONDATIONS DANS LES BALKANS | CanaDon - Faites des dons \u00e0 un organisme de bienfaisance au Canada","robots":{"index":"index","follow":"follow","max-snippet":"max-snippet:-1","max-image-preview":"max-image-preview:large","max-video-preview":"max-video-preview:-1"},"canonical":"https:\/\/www.canadahelps.org\/fr\/centre-de-secours-humanitaire-canadon-old\/2014-les-inondations-dans-les-balkans\/","og_locale":"fr_FR","og_type":"article","og_title":"2014 LES INONDATIONS DANS LES BALKANS | CanaDon - Faites des dons \u00e0 un organisme de bienfaisance au Canada","og_description":"En mai 2014, de fortes pluies ont entra\u00een\u00e9 des inondations sans pr\u00e9c\u00e9dent dans les Balkans, y compris en Serbie, en Bosnie-Herz\u00e9govine et en Croatie, laissant ... Voir plus","og_url":"https:\/\/www.canadahelps.org\/fr\/centre-de-secours-humanitaire-canadon-old\/2014-les-inondations-dans-les-balkans\/","og_site_name":"CanaDon - Faites des dons \u00e0 un organisme de bienfaisance au Canada","article_modified_time":"2017-03-13T19:16:42+00:00","og_image":[{"url":"https:\/\/www.canadahelps.org\/media\/Balkan-Flood-1.png","type":"","width":"","height":""}],"twitter_card":"summary_large_image","twitter_misc":{"Est. reading time":"1 minute"},"schema":{"@context":"https:\/\/schema.org","@graph":[{"@type":"WebPage","@id":"https:\/\/www.canadahelps.org\/fr\/centre-de-secours-humanitaire-canadon-old\/2014-les-inondations-dans-les-balkans\/","url":"https:\/\/www.canadahelps.org\/fr\/centre-de-secours-humanitaire-canadon-old\/2014-les-inondations-dans-les-balkans\/","name":"2014 LES INONDATIONS DANS LES BALKANS | CanaDon - Faites des dons \u00e0 un organisme de bienfaisance au Canada","isPartOf":{"@id":"https:\/\/www.canadahelps.org\/fr\/#website"},"primaryImageOfPage":{"@id":"https:\/\/www.canadahelps.org\/fr\/centre-de-secours-humanitaire-canadon-old\/2014-les-inondations-dans-les-balkans\/#primaryimage"},"image":{"@id":"https:\/\/www.canadahelps.org\/fr\/centre-de-secours-humanitaire-canadon-old\/2014-les-inondations-dans-les-balkans\/#primaryimage"},"thumbnailUrl":"https:\/\/www.canadahelps.org\/media\/Balkan-Flood-1.png","datePublished":"2017-03-03T15:28:31+00:00","dateModified":"2017-03-13T19:16:42+00:00","breadcrumb":{"@id":"https:\/\/www.canadahelps.org\/fr\/centre-de-secours-humanitaire-canadon-old\/2014-les-inondations-dans-les-balkans\/#breadcrumb"},"inLanguage":"fr","potentialAction":[{"@type":"ReadAction","target":["https:\/\/www.canadahelps.org\/fr\/centre-de-secours-humanitaire-canadon-old\/2014-les-inondations-dans-les-balkans\/"]}]},{"@type":"ImageObject","inLanguage":"fr","@id":"https:\/\/www.canadahelps.org\/fr\/centre-de-secours-humanitaire-canadon-old\/2014-les-inondations-dans-les-balkans\/#primaryimage","url":"https:\/\/www.canadahelps.org\/media\/Balkan-Flood-1.png","contentUrl":"https:\/\/www.canadahelps.org\/media\/Balkan-Flood-1.png"},{"@type":"BreadcrumbList","@id":"https:\/\/www.canadahelps.org\/fr\/centre-de-secours-humanitaire-canadon-old\/2014-les-inondations-dans-les-balkans\/#breadcrumb","itemListElement":[{"@type":"ListItem","position":1,"name":"Home","item":"https:\/\/www.canadahelps.org\/fr\/"},{"@type":"ListItem","position":2,"name":"Centre de secours humanitaire CanaDon","item":"https:\/\/www.canadahelps.org\/fr\/centre-de-secours-humanitaire-canadon-old\/"},{"@type":"ListItem","position":3,"name":"2014 LES INONDATIONS DANS LES BALKANS"}]},{"@type":"WebSite","@id":"https:\/\/www.canadahelps.org\/fr\/#website","url":"https:\/\/www.canadahelps.org\/fr\/","name":"CanadaHelps - Donate to any charity in Canada","description":"Le don en toute simplicit\u00e9","publisher":{"@id":"https:\/\/www.canadahelps.org\/fr\/#organization"},"potentialAction":[{"@type":"SearchAction","target":{"@type":"EntryPoint","urlTemplate":"https:\/\/www.canadahelps.org\/fr\/?s={search_term_string}"},"query-input":{"@type":"PropertyValueSpecification","valueRequired":true,"valueName":"search_term_string"}}],"inLanguage":"fr"},{"@type":"Organization","@id":"https:\/\/www.canadahelps.org\/fr\/#organization","name":"CanadaHelps","url":"https:\/\/www.canadahelps.org\/fr\/","logo":{"@type":"ImageObject","inLanguage":"fr","@id":"https:\/\/www.canadahelps.org\/fr\/#\/schema\/logo\/image\/","url":"https:\/\/www.canadahelps.org\/media\/canadahelps-en.jpg","contentUrl":"https:\/\/www.canadahelps.org\/media\/canadahelps-en.jpg","width":131,"height":72,"caption":"CanadaHelps"},"image":{"@id":"https:\/\/www.canadahelps.org\/fr\/#\/schema\/logo\/image\/"}}]}},"_links":{"self":[{"href":"https:\/\/www.canadahelps.org\/fr\/wp-json\/wp\/v2\/pages\/13983","targetHints":{"allow":["GET"]}}],"collection":[{"href":"https:\/\/www.canadahelps.org\/fr\/wp-json\/wp\/v2\/pages"}],"about":[{"href":"https:\/\/www.canadahelps.org\/fr\/wp-json\/wp\/v2\/types\/page"}],"author":[{"embeddable":true,"href":"https:\/\/www.canadahelps.org\/fr\/wp-json\/wp\/v2\/users\/7"}],"replies":[{"embeddable":true,"href":"https:\/\/www.canadahelps.org\/fr\/wp-json\/wp\/v2\/comments?post=13983"}],"version-history":[{"count":3,"href":"https:\/\/www.canadahelps.org\/fr\/wp-json\/wp\/v2\/pages\/13983\/revisions"}],"predecessor-version":[{"id":13987,"href":"https:\/\/www.canadahelps.org\/fr\/wp-json\/wp\/v2\/pages\/13983\/revisions\/13987"}],"up":[{"embeddable":true,"href":"https:\/\/www.canadahelps.org\/fr\/wp-json\/wp\/v2\/pages\/13407"}],"wp:attachment":[{"href":"https:\/\/www.canadahelps.org\/fr\/wp-json\/wp\/v2\/media?parent=13983"}],"curies":[{"name":"wp","href":"https:\/\/api.w.org\/{rel}","templated":true}]}}