{"id":14504,"date":"2017-03-01T16:52:04","date_gmt":"2017-03-01T21:52:04","guid":{"rendered":"https:\/\/www.canadahelps.org\/?page_id=14504\/"},"modified":"2017-04-25T14:42:12","modified_gmt":"2017-04-25T18:42:12","slug":"deraillement-de-train-2013-a-lac-megantic","status":"publish","type":"page","link":"https:\/\/www.canadahelps.org\/fr\/centre-de-secours-humanitaire-canadon-old\/deraillement-de-train-2013-a-lac-megantic\/","title":{"rendered":"D\u00e9raillement de train 2013 \u00e0 Lac-M\u00e9gantic"},"content":{"rendered":"<div class=\"captionleft\">\n<figure class=\"thumbnail wp-caption alignleft\" style=\"width: 470px\"><img loading=\"lazy\" decoding=\"async\" src=\"https:\/\/www.canadahelps.org\/media\/train2.jpg\" width=\"470\" height=\"353\" \/><figcaption class=\"caption wp-caption-text\">S\u00fbret\u00e9 du Qu\u00e9bec\/Handout\/The Canadian Press<\/figcaption><\/figure>\n<div><\/div>\n<\/div>\n<p>Un train \u00e0 la d\u00e9rive contenant du p\u00e9trole brut a caus\u00e9 des explosions et un feu d\u00e9vastateur au centre-ville du Lac-M\u00e9gantic. Treize personnes ont trouv\u00e9 la mort et 40 personnes ont \u00e9t\u00e9 port\u00e9es disparues. Au moins 30 \u00e9difices ont \u00e9t\u00e9 d\u00e9truits dans le quartier du centre de la ville dont la biblioth\u00e8que municipale, la pharmacie, et d\u2019autres entreprises et autres maisons.<\/p>\n<p>&nbsp;<\/p>\n<p>&nbsp;<\/p>\n<p>&nbsp;<\/p>\n<p>&nbsp;<\/p>\n<p>&nbsp;<\/p>\n<p>&nbsp;<\/p>\n","protected":false},"excerpt":{"rendered":"<p>Un train \u00e0 la d\u00e9rive contenant du p\u00e9trole brut a caus\u00e9 des explosions et un feu d\u00e9vastateur au centre-ville du Lac-M\u00e9gantic. Treize personnes ont trouv\u00e9 &#8230; <a href=\"https:\/\/www.canadahelps.org\/fr\/centre-de-secours-humanitaire-canadon-old\/deraillement-de-train-2013-a-lac-megantic\/\" id=\"canadahelp-blog-meta\">Voir plus<\/a><\/p>\n","protected":false},"author":7,"featured_media":0,"parent":13407,"menu_order":0,"comment_status":"closed","ping_status":"closed","template":"page-crc-campaign.php","meta":{"footnotes":""},"class_list":["post-14504","page","type-page","status-publish","hentry"],"acf":{"meta_description":"","use_toc_layout":false,"insert_spotlight_boxes":false,"use_biography_grid":false,"status":"Archived","thumbnail":"https:\/\/www.canadahelps.org\/media\/train-55-306x236.jpg","short_description":"Le 5 juillet 2013, un d\u00e9raillement de train, suivi d\u2019une s\u00e9rie d\u2019explosions, a d\u00e9vast\u00e9 la ville de Lac M\u00e9gantic au Qu\u00e9bec. ","primary_colour":"#130733","secondary_colour":"#69614d","third_colour":"#130733","colour_of_headings_font":"#ffffff","font_colour_primary":"#ffffff","font_colour_secondary":"#ffffff","tag_campaign":"D\u00e9raillement-de-train-2013-\u00e0-Lac-M\u00e9gantic","herospace":[{"background_image":"https:\/\/www.canadahelps.org\/media\/train1.jpg","title":"D\u00e9raillement de train <span> 2013 <\/span> \u00e0 Lac-M\u00e9gantic ","content":"Le 5 juillet 2013, un d\u00e9raillement de train, suivi d\u2019une s\u00e9rie d\u2019explosions, a d\u00e9vast\u00e9 la ville de Lac M\u00e9gantic au Qu\u00e9bec. "}],"heading_for_crisis_overview":"Le d\u00e9raillement \u00e0 Lac-M\u00e9gantic s\u2019est produit dans la ville de Lac-M\u00e9gantic (Qu\u00e9bec) \u00e0 environ 1 h 15 du matin, le 6 juillet 2013. ","bullets":[{"image":"https:\/\/www.canadahelps.org\/media\/info-date.png","title":"05.07.13","bullet_description":""},{"image":"https:\/\/www.canadahelps.org\/media\/info-population.png","title":"60  ","bullet_description":"Personnes port\u00e9es disparues"},{"image":"https:\/\/www.canadahelps.org\/media\/buildings_collapsed.png","title":"30","bullet_description":"\u00c9difices d\u00e9truits"}],"donate_now_description":"<p><strong>Vous trouverez ci-dessous une liste d\u2019organismes de bienfaisance organisant une collecte de fonds pour contribuer au secours humanitaire de diverses causes.<\/strong><\/p>\n<div id=\"wrap\">\n<div id=\"document\" class=\"container\">\n<div id=\"content\">\n<div id=\"main\">\n<article>\n<div class=\"entry-content\">\n<p>Pour faire un don, cliquez sur le nom de l\u2019organisme de bienfaisance puis cliquez sur \u00ab FAITES UN DON\u00bb.<\/p>\n<div id=\"charity-roles\"><strong>Affichez les organismes de bienfaisance qui offrent un\/une : <\/strong><\/div>\n<\/div>\n<\/article>\n<\/div>\n<\/div>\n<\/div>\n<\/div>\n","charities_roles":["1","2"],"charities":[{"logo_url":"http:\/\/www.canadahelps.org\/image.aspx?ID=30567&language=en","description":"<strong>The Canadian Red Cross Society<\/strong>","role_in_crisis":["1"],"donation_page_link":"http:\/\/www.canadahelps.org\/CharityProfilePage.aspx?charityID=d30567&language=en","logo":false},{"logo_url":"http:\/\/www.canadahelps.org\/image.aspx?ID=28234&language=fr","description":"<strong>SPA de l'Estrie<\/strong>","role_in_crisis":["1","2"],"donation_page_link":"http:\/\/www.canadahelps.org\/CharityProfilePage.aspx?charityID=d28234&language=fr","logo":false}],"introduction_web_form":"<p>Votre organisme de bienfaisance offre-t-il une aide en r\u00e9ponse \u00e0 cette crise humanitaire? Si oui, veuillez nous informer du type de secours que vous offrez en compl\u00e9tant le formulaire ci-dessous et nous ajouterons votre organisme \u00e0 la liste.<\/p>\n","web_form_shortcode":"<p>[fr_charities_web_form]<\/p>\n","webform_to":"marketing@canadahelps.org","thank_you":"Merci"},"yoast_head":"<!-- This site is optimized with the Yoast SEO plugin v26.0 - https:\/\/yoast.com\/wordpress\/plugins\/seo\/ -->\n<title>D\u00e9raillement de train 2013 \u00e0 Lac-M\u00e9gantic | CanadaHelps - Donate to any charity in Canada<\/title>\n<meta name=\"robots\" content=\"index, follow, max-snippet:-1, max-image-preview:large, max-video-preview:-1\" \/>\n<link rel=\"canonical\" href=\"https:\/\/www.canadahelps.org\/fr\/centre-de-secours-humanitaire-canadon-old\/deraillement-de-train-2013-a-lac-megantic\/\" \/>\n<meta property=\"og:locale\" content=\"fr_FR\" \/>\n<meta property=\"og:type\" content=\"article\" \/>\n<meta property=\"og:title\" content=\"D\u00e9raillement de train 2013 \u00e0 Lac-M\u00e9gantic | CanadaHelps - Donate to any charity in Canada\" \/>\n<meta property=\"og:description\" content=\"Un train \u00e0 la d\u00e9rive contenant du p\u00e9trole brut a caus\u00e9 des explosions et un feu d\u00e9vastateur au centre-ville du Lac-M\u00e9gantic. Treize personnes ont trouv\u00e9 ... Voir plus\" \/>\n<meta property=\"og:url\" content=\"https:\/\/www.canadahelps.org\/fr\/centre-de-secours-humanitaire-canadon-old\/deraillement-de-train-2013-a-lac-megantic\/\" \/>\n<meta property=\"og:site_name\" content=\"CanadaHelps - Donate to any charity in Canada\" \/>\n<meta property=\"article:modified_time\" content=\"2017-04-25T18:42:12+00:00\" \/>\n<meta property=\"og:image\" content=\"https:\/\/www.canadahelps.org\/media\/train2.jpg\" \/>\n<meta name=\"twitter:card\" content=\"summary_large_image\" \/>\n<script type=\"application\/ld+json\" class=\"yoast-schema-graph\">{\"@context\":\"https:\/\/schema.org\",\"@graph\":[{\"@type\":\"WebPage\",\"@id\":\"https:\/\/www.canadahelps.org\/fr\/centre-de-secours-humanitaire-canadon-old\/deraillement-de-train-2013-a-lac-megantic\/\",\"url\":\"https:\/\/www.canadahelps.org\/fr\/centre-de-secours-humanitaire-canadon-old\/deraillement-de-train-2013-a-lac-megantic\/\",\"name\":\"D\u00e9raillement de train 2013 \u00e0 Lac-M\u00e9gantic | CanadaHelps - Donate to any charity in Canada\",\"isPartOf\":{\"@id\":\"https:\/\/www.canadahelps.org\/fr\/#website\"},\"primaryImageOfPage\":{\"@id\":\"https:\/\/www.canadahelps.org\/fr\/centre-de-secours-humanitaire-canadon-old\/deraillement-de-train-2013-a-lac-megantic\/#primaryimage\"},\"image\":{\"@id\":\"https:\/\/www.canadahelps.org\/fr\/centre-de-secours-humanitaire-canadon-old\/deraillement-de-train-2013-a-lac-megantic\/#primaryimage\"},\"thumbnailUrl\":\"https:\/\/www.canadahelps.org\/media\/train2.jpg\",\"datePublished\":\"2017-03-01T21:52:04+00:00\",\"dateModified\":\"2017-04-25T18:42:12+00:00\",\"breadcrumb\":{\"@id\":\"https:\/\/www.canadahelps.org\/fr\/centre-de-secours-humanitaire-canadon-old\/deraillement-de-train-2013-a-lac-megantic\/#breadcrumb\"},\"inLanguage\":\"fr\",\"potentialAction\":[{\"@type\":\"ReadAction\",\"target\":[\"https:\/\/www.canadahelps.org\/fr\/centre-de-secours-humanitaire-canadon-old\/deraillement-de-train-2013-a-lac-megantic\/\"]}]},{\"@type\":\"ImageObject\",\"inLanguage\":\"fr\",\"@id\":\"https:\/\/www.canadahelps.org\/fr\/centre-de-secours-humanitaire-canadon-old\/deraillement-de-train-2013-a-lac-megantic\/#primaryimage\",\"url\":\"https:\/\/www.canadahelps.org\/media\/train2.jpg\",\"contentUrl\":\"https:\/\/www.canadahelps.org\/media\/train2.jpg\"},{\"@type\":\"BreadcrumbList\",\"@id\":\"https:\/\/www.canadahelps.org\/fr\/centre-de-secours-humanitaire-canadon-old\/deraillement-de-train-2013-a-lac-megantic\/#breadcrumb\",\"itemListElement\":[{\"@type\":\"ListItem\",\"position\":1,\"name\":\"Home\",\"item\":\"https:\/\/www.canadahelps.org\/fr\/\"},{\"@type\":\"ListItem\",\"position\":2,\"name\":\"Centre de secours humanitaire CanaDon\",\"item\":\"https:\/\/www.canadahelps.org\/fr\/centre-de-secours-humanitaire-canadon-old\/\"},{\"@type\":\"ListItem\",\"position\":3,\"name\":\"D\u00e9raillement de train 2013 \u00e0 Lac-M\u00e9gantic\"}]},{\"@type\":\"WebSite\",\"@id\":\"https:\/\/www.canadahelps.org\/fr\/#website\",\"url\":\"https:\/\/www.canadahelps.org\/fr\/\",\"name\":\"CanadaHelps - Donate to any charity in Canada\",\"description\":\"Giving Made Simple\",\"publisher\":{\"@id\":\"https:\/\/www.canadahelps.org\/fr\/#organization\"},\"potentialAction\":[{\"@type\":\"SearchAction\",\"target\":{\"@type\":\"EntryPoint\",\"urlTemplate\":\"https:\/\/www.canadahelps.org\/fr\/?s={search_term_string}\"},\"query-input\":{\"@type\":\"PropertyValueSpecification\",\"valueRequired\":true,\"valueName\":\"search_term_string\"}}],\"inLanguage\":\"fr\"},{\"@type\":\"Organization\",\"@id\":\"https:\/\/www.canadahelps.org\/fr\/#organization\",\"name\":\"CanadaHelps\",\"url\":\"https:\/\/www.canadahelps.org\/fr\/\",\"logo\":{\"@type\":\"ImageObject\",\"inLanguage\":\"fr\",\"@id\":\"https:\/\/www.canadahelps.org\/fr\/#\/schema\/logo\/image\/\",\"url\":\"https:\/\/www.canadahelps.org\/media\/canadahelps-en.jpg\",\"contentUrl\":\"https:\/\/www.canadahelps.org\/media\/canadahelps-en.jpg\",\"width\":131,\"height\":72,\"caption\":\"CanadaHelps\"},\"image\":{\"@id\":\"https:\/\/www.canadahelps.org\/fr\/#\/schema\/logo\/image\/\"}}]}<\/script>\n<!-- \/ Yoast SEO plugin. -->","yoast_head_json":{"title":"D\u00e9raillement de train 2013 \u00e0 Lac-M\u00e9gantic | CanadaHelps - Donate to any charity in Canada","robots":{"index":"index","follow":"follow","max-snippet":"max-snippet:-1","max-image-preview":"max-image-preview:large","max-video-preview":"max-video-preview:-1"},"canonical":"https:\/\/www.canadahelps.org\/fr\/centre-de-secours-humanitaire-canadon-old\/deraillement-de-train-2013-a-lac-megantic\/","og_locale":"fr_FR","og_type":"article","og_title":"D\u00e9raillement de train 2013 \u00e0 Lac-M\u00e9gantic | CanadaHelps - Donate to any charity in Canada","og_description":"Un train \u00e0 la d\u00e9rive contenant du p\u00e9trole brut a caus\u00e9 des explosions et un feu d\u00e9vastateur au centre-ville du Lac-M\u00e9gantic. Treize personnes ont trouv\u00e9 ... Voir plus","og_url":"https:\/\/www.canadahelps.org\/fr\/centre-de-secours-humanitaire-canadon-old\/deraillement-de-train-2013-a-lac-megantic\/","og_site_name":"CanadaHelps - Donate to any charity in Canada","article_modified_time":"2017-04-25T18:42:12+00:00","og_image":[{"url":"https:\/\/www.canadahelps.org\/media\/train2.jpg","type":"","width":"","height":""}],"twitter_card":"summary_large_image","schema":{"@context":"https:\/\/schema.org","@graph":[{"@type":"WebPage","@id":"https:\/\/www.canadahelps.org\/fr\/centre-de-secours-humanitaire-canadon-old\/deraillement-de-train-2013-a-lac-megantic\/","url":"https:\/\/www.canadahelps.org\/fr\/centre-de-secours-humanitaire-canadon-old\/deraillement-de-train-2013-a-lac-megantic\/","name":"D\u00e9raillement de train 2013 \u00e0 Lac-M\u00e9gantic | CanadaHelps - Donate to any charity in Canada","isPartOf":{"@id":"https:\/\/www.canadahelps.org\/fr\/#website"},"primaryImageOfPage":{"@id":"https:\/\/www.canadahelps.org\/fr\/centre-de-secours-humanitaire-canadon-old\/deraillement-de-train-2013-a-lac-megantic\/#primaryimage"},"image":{"@id":"https:\/\/www.canadahelps.org\/fr\/centre-de-secours-humanitaire-canadon-old\/deraillement-de-train-2013-a-lac-megantic\/#primaryimage"},"thumbnailUrl":"https:\/\/www.canadahelps.org\/media\/train2.jpg","datePublished":"2017-03-01T21:52:04+00:00","dateModified":"2017-04-25T18:42:12+00:00","breadcrumb":{"@id":"https:\/\/www.canadahelps.org\/fr\/centre-de-secours-humanitaire-canadon-old\/deraillement-de-train-2013-a-lac-megantic\/#breadcrumb"},"inLanguage":"fr","potentialAction":[{"@type":"ReadAction","target":["https:\/\/www.canadahelps.org\/fr\/centre-de-secours-humanitaire-canadon-old\/deraillement-de-train-2013-a-lac-megantic\/"]}]},{"@type":"ImageObject","inLanguage":"fr","@id":"https:\/\/www.canadahelps.org\/fr\/centre-de-secours-humanitaire-canadon-old\/deraillement-de-train-2013-a-lac-megantic\/#primaryimage","url":"https:\/\/www.canadahelps.org\/media\/train2.jpg","contentUrl":"https:\/\/www.canadahelps.org\/media\/train2.jpg"},{"@type":"BreadcrumbList","@id":"https:\/\/www.canadahelps.org\/fr\/centre-de-secours-humanitaire-canadon-old\/deraillement-de-train-2013-a-lac-megantic\/#breadcrumb","itemListElement":[{"@type":"ListItem","position":1,"name":"Home","item":"https:\/\/www.canadahelps.org\/fr\/"},{"@type":"ListItem","position":2,"name":"Centre de secours humanitaire CanaDon","item":"https:\/\/www.canadahelps.org\/fr\/centre-de-secours-humanitaire-canadon-old\/"},{"@type":"ListItem","position":3,"name":"D\u00e9raillement de train 2013 \u00e0 Lac-M\u00e9gantic"}]},{"@type":"WebSite","@id":"https:\/\/www.canadahelps.org\/fr\/#website","url":"https:\/\/www.canadahelps.org\/fr\/","name":"CanadaHelps - Donate to any charity in Canada","description":"Giving Made Simple","publisher":{"@id":"https:\/\/www.canadahelps.org\/fr\/#organization"},"potentialAction":[{"@type":"SearchAction","target":{"@type":"EntryPoint","urlTemplate":"https:\/\/www.canadahelps.org\/fr\/?s={search_term_string}"},"query-input":{"@type":"PropertyValueSpecification","valueRequired":true,"valueName":"search_term_string"}}],"inLanguage":"fr"},{"@type":"Organization","@id":"https:\/\/www.canadahelps.org\/fr\/#organization","name":"CanadaHelps","url":"https:\/\/www.canadahelps.org\/fr\/","logo":{"@type":"ImageObject","inLanguage":"fr","@id":"https:\/\/www.canadahelps.org\/fr\/#\/schema\/logo\/image\/","url":"https:\/\/www.canadahelps.org\/media\/canadahelps-en.jpg","contentUrl":"https:\/\/www.canadahelps.org\/media\/canadahelps-en.jpg","width":131,"height":72,"caption":"CanadaHelps"},"image":{"@id":"https:\/\/www.canadahelps.org\/fr\/#\/schema\/logo\/image\/"}}]}},"_links":{"self":[{"href":"https:\/\/www.canadahelps.org\/fr\/wp-json\/wp\/v2\/pages\/14504","targetHints":{"allow":["GET"]}}],"collection":[{"href":"https:\/\/www.canadahelps.org\/fr\/wp-json\/wp\/v2\/pages"}],"about":[{"href":"https:\/\/www.canadahelps.org\/fr\/wp-json\/wp\/v2\/types\/page"}],"author":[{"embeddable":true,"href":"https:\/\/www.canadahelps.org\/fr\/wp-json\/wp\/v2\/users\/7"}],"replies":[{"embeddable":true,"href":"https:\/\/www.canadahelps.org\/fr\/wp-json\/wp\/v2\/comments?post=14504"}],"version-history":[{"count":8,"href":"https:\/\/www.canadahelps.org\/fr\/wp-json\/wp\/v2\/pages\/14504\/revisions"}],"predecessor-version":[{"id":14690,"href":"https:\/\/www.canadahelps.org\/fr\/wp-json\/wp\/v2\/pages\/14504\/revisions\/14690"}],"up":[{"embeddable":true,"href":"https:\/\/www.canadahelps.org\/fr\/wp-json\/wp\/v2\/pages\/13407"}],"wp:attachment":[{"href":"https:\/\/www.canadahelps.org\/fr\/wp-json\/wp\/v2\/media?parent=14504"}],"curies":[{"name":"wp","href":"https:\/\/api.w.org\/{rel}","templated":true}]}}