{"id":14513,"date":"2017-03-01T15:17:52","date_gmt":"2017-03-01T20:17:52","guid":{"rendered":"https:\/\/www.canadahelps.org\/?page_id=14513\/"},"modified":"2017-04-13T17:02:38","modified_gmt":"2017-04-13T21:02:38","slug":"2013-inondations-en-alberta","status":"publish","type":"page","link":"https:\/\/www.canadahelps.org\/fr\/centre-de-secours-humanitaire-canadon-old\/2013-inondations-en-alberta\/","title":{"rendered":"2013 Inondations en Alberta"},"content":{"rendered":"<div class=\"captionleft\">\n<figure class=\"thumbnail wp-caption alignleft\" style=\"width: 445px\"><img loading=\"lazy\" decoding=\"async\" src=\"http:\/\/crisisreliefcentre.org\/2013alberta\/wp-content\/uploads\/sites\/32\/macleans.jpg\" width=\"445\" height=\"297\" \/><figcaption class=\"caption wp-caption-text\">LA PRESSE CANADIENNE\/John Marriott<\/figcaption><\/figure>\n<div><\/div>\n<\/div>\n<p>Vous avez entendu parler des graves inondations qui ont r\u00e9cemment frapp\u00e9 l&#8217;Alberta, causant d&#8217;importants d\u00e9g\u00e2ts et for\u00e7ant l&#8217;\u00e9vacuation et le d\u00e9placement de dizaines de milliers de personnes. Nous savons qu&#8217;en de telles situations les Canadiens d\u00e9sirent offrir leur aide et envoyer des dons aux organisations qui travaillent dans la r\u00e9gion touch\u00e9e. Il y a des organisations qui secourent les personnes affect\u00e9es par la catastrophe.<\/p>\n<p>&nbsp;<\/p>\n<p>&nbsp;<\/p>\n<p>&nbsp;<\/p>\n","protected":false},"excerpt":{"rendered":"<p>Vous avez entendu parler des graves inondations qui ont r\u00e9cemment frapp\u00e9 l&#8217;Alberta, causant d&#8217;importants d\u00e9g\u00e2ts et for\u00e7ant l&#8217;\u00e9vacuation et le d\u00e9placement de dizaines de milliers &#8230; <a href=\"https:\/\/www.canadahelps.org\/fr\/centre-de-secours-humanitaire-canadon-old\/2013-inondations-en-alberta\/\" id=\"canadahelp-blog-meta\">Voir plus<\/a><\/p>\n","protected":false},"author":7,"featured_media":0,"parent":13407,"menu_order":0,"comment_status":"closed","ping_status":"closed","template":"page-crc-campaign.php","meta":{"footnotes":""},"class_list":["post-14513","page","type-page","status-publish","hentry"],"acf":{"meta_description":"","use_toc_layout":false,"insert_spotlight_boxes":false,"use_biography_grid":false,"status":"Archived","thumbnail":"https:\/\/www.canadahelps.org\/media\/Getty-306x236.jpg","short_description":"De graves inondations se r\u00e9percute plusieurs collectivit\u00e9s du Sud de l'Alberta, y compris la ville de Calgary.","primary_colour":"#357ad0","secondary_colour":"#161c31","third_colour":"#357ad0","colour_of_headings_font":"#ffffff","font_colour_primary":"#000000","font_colour_secondary":"#ffffff","tag_campaign":"2013-Inondations-en-Alberta","herospace":[{"background_image":"https:\/\/www.canadahelps.org\/media\/alberta02.jpg","title":"<span>2013<\/span> Inondations en Alberta","content":"De graves inondations se r\u00e9percute plusieurs collectivit\u00e9s du Sud de l'Alberta, y compris la ville de Calgary."},{"background_image":"https:\/\/www.canadahelps.org\/media\/alberta01.jpg","title":"<span>2013<\/span> Inondations en Alberta","content":"Le courant a \u00e9t\u00e9 coup\u00e9 pour de nombreux r\u00e9sidents et il ya des fermetures de routes dans toute la r\u00e9gion."}],"heading_for_crisis_overview":"Des pluies diluviennes ont caus\u00e9 des inondations majeures en Alberta touchant de nombreuses collectivit\u00e9s et for\u00e7ant l\u2019\u00e9vacuation de milliers de personnes.","bullets":[{"image":false,"title":"","bullet_description":""},{"image":"https:\/\/www.canadahelps.org\/media\/info-date.png","title":"20.06.13","bullet_description":""},{"image":"https:\/\/www.canadahelps.org\/media\/info-population.png","title":"100 000","bullet_description":"Personnes d\u00e9plac\u00e9es"}],"donate_now_description":"<p><strong>Vous trouverez ci-dessous une liste d\u2019organismes de bienfaisance organisant une collecte de fonds pour contribuer au secours humanitaire de diverses causes.<\/strong><\/p>\n<div id=\"wrap\">\n<div id=\"document\" class=\"container\">\n<div id=\"content\">\n<div id=\"main\">\n<article>\n<div class=\"entry-content\">\n<p>Pour faire un don, cliquez sur le nom de l\u2019organisme de bienfaisance puis cliquez sur \u00ab FAITES UN DON\u00bb.<\/p>\n<div id=\"charity-roles\"><strong>Affichez les organismes de bienfaisance qui offrent un\/une : <\/strong><\/div>\n<\/div>\n<\/article>\n<\/div>\n<\/div>\n<\/div>\n<\/div>\n","charities_roles":["1","2","3"],"charities":[{"logo_url":"http:\/\/www.canadahelps.org\/image.aspx?ID=30567&language=fr","description":"<strong>La Soci\u00e9t\u00e9 canadienne de la Croix-Rouge<\/strong>","role_in_crisis":["1","3"],"donation_page_link":"http:\/\/www.canadahelps.org\/CharityProfilePage.aspx?charityID=d30567&language=en","logo":false},{"logo_url":"http:\/\/www.canadahelps.org\/image.aspx?ID=103836&language=fr","description":"<strong>Calgary Police Foundation<\/strong>","role_in_crisis":["1","2"],"donation_page_link":"http:\/\/www.canadahelps.org\/CharityProfilePage.aspx?charityID=d103836&language=fr","logo":false},{"logo_url":"http:\/\/www.canadahelps.org\/image.aspx?ID=78136&language=fr","description":"<strong>EMS Foundation<\/strong>","role_in_crisis":["1","2"],"donation_page_link":"http:\/\/www.canadahelps.org\/CharityProfilePage.aspx?charityID=d78136&language=fr","logo":false},{"logo_url":"http:\/\/www.canadahelps.org\/image.aspx?ID=74703&language=fr","description":"<strong>MENNONITE DISASTER SERVICE<\/strong>","role_in_crisis":["1","2"],"donation_page_link":"http:\/\/www.canadahelps.org\/CharityProfilePage.aspx?charityID=d74703&language=fr","logo":false},{"logo_url":"http:\/\/www.canadahelps.org\/image.aspx?ID=60903&language=fr","description":"<strong>Airdrie Food Bank<\/strong>","role_in_crisis":["1","2"],"donation_page_link":"http:\/\/www.canadahelps.org\/CharityProfilePage.aspx?charityID=d60903&language=fr","logo":false},{"logo_url":"http:\/\/www.canadahelps.org\/image.aspx?ID=52437&language=fr","description":"<strong>ALBERTA FOOD BANKS<\/strong>","role_in_crisis":["1","2"],"donation_page_link":"http:\/\/www.canadahelps.org\/CharityProfilePage.aspx?charityID=d52437&language=fr","logo":false},{"logo_url":"http:\/\/www.canadahelps.org\/image.aspx?ID=14798&language=fr","description":"<strong>CALGARY ZOO<\/strong>","role_in_crisis":["1","2"],"donation_page_link":"https:\/\/www.canadahelps.org\/services\/wa\/dnm\/en\/#\/page\/604","logo":false},{"logo_url":"http:\/\/www.canadahelps.org\/image.aspx?ID=54712&language=fr","description":"<strong>Calgary Public Library Foundation<\/strong>","role_in_crisis":["1","2"],"donation_page_link":"https:\/\/www.canadahelps.org\/services\/wa\/dnm\/en\/#\/page\/856","logo":false},{"logo_url":"http:\/\/www.canadahelps.org\/image.aspx?ID=74744&language=fr","description":"<strong>Community Kitchen Program of Calgary<\/strong>","role_in_crisis":["1","2"],"donation_page_link":"http:\/\/www.canadahelps.org\/CharityProfilePage.aspx?charityID=d74744&language=fr","logo":false},{"logo_url":"http:\/\/www.canadahelps.org\/image.aspx?ID=50077&language=fr","description":"<strong>CANMORE ROTARY CLUB CHARITABLE FOUNDATION<\/strong>","role_in_crisis":["1","2"],"donation_page_link":"http:\/\/www.canadahelps.org\/CharityProfilePage.aspx?charityID=d50077&language=fr","logo":false},{"logo_url":"http:\/\/www.canadahelps.org\/image.aspx?ID=68759&language=fr","description":"<strong>CALGARY WILDLIFE REHABILITATION SOCIETY (C.W.R.S.)<\/strong>","role_in_crisis":["1","2"],"donation_page_link":"http:\/\/www.canadahelps.org\/CharityProfilePage.aspx?charityID=d68759&language=fr","logo":false},{"logo_url":"http:\/\/www.canadahelps.org\/image.aspx?ID=74951&language=fr","description":"<strong>NeighbourLink Calgary<\/strong>","role_in_crisis":[],"donation_page_link":"http:\/\/www.canadahelps.org\/CharityProfilePage.aspx?charityID=d74951&language=fr","logo":false},{"logo_url":"http:\/\/www.canadahelps.org\/image.aspx?ID=12585&language=fr","description":"<strong>YWCA of Calgary<\/strong>","role_in_crisis":["2"],"donation_page_link":"http:\/\/www.canadahelps.org\/CharityProfilePage.aspx?charityID=d12585&language=fr","logo":false}],"introduction_web_form":"<p>Votre organisme de bienfaisance offre-t-il une aide en r\u00e9ponse \u00e0 cette crise humanitaire? Si oui, veuillez nous informer du type de secours que vous offrez en compl\u00e9tant le formulaire ci-dessous et nous ajouterons votre organisme \u00e0 la liste.<\/p>\n","web_form_shortcode":"<p>[fr_charities_web_form]<\/p>\n","webform_to":"marketing@canadahelps.org","thank_you":"Merci"},"yoast_head":"<!-- This site is optimized with the Yoast SEO plugin v26.0 - https:\/\/yoast.com\/wordpress\/plugins\/seo\/ -->\n<title>2013 Inondations en Alberta | CanadaHelps - Donate to any charity in Canada<\/title>\n<meta name=\"robots\" content=\"index, follow, max-snippet:-1, max-image-preview:large, max-video-preview:-1\" \/>\n<link rel=\"canonical\" href=\"https:\/\/www.canadahelps.org\/fr\/centre-de-secours-humanitaire-canadon-old\/2013-inondations-en-alberta\/\" \/>\n<meta property=\"og:locale\" content=\"fr_FR\" \/>\n<meta property=\"og:type\" content=\"article\" \/>\n<meta property=\"og:title\" content=\"2013 Inondations en Alberta | CanadaHelps - Donate to any charity in Canada\" \/>\n<meta property=\"og:description\" content=\"Vous avez entendu parler des graves inondations qui ont r\u00e9cemment frapp\u00e9 l&#8217;Alberta, causant d&#8217;importants d\u00e9g\u00e2ts et for\u00e7ant l&#8217;\u00e9vacuation et le d\u00e9placement de dizaines de milliers ... Voir plus\" \/>\n<meta property=\"og:url\" content=\"https:\/\/www.canadahelps.org\/fr\/centre-de-secours-humanitaire-canadon-old\/2013-inondations-en-alberta\/\" \/>\n<meta property=\"og:site_name\" content=\"CanadaHelps - Donate to any charity in Canada\" \/>\n<meta property=\"article:modified_time\" content=\"2017-04-13T21:02:38+00:00\" \/>\n<meta property=\"og:image\" content=\"http:\/\/crisisreliefcentre.org\/2013alberta\/wp-content\/uploads\/sites\/32\/macleans.jpg\" \/>\n<meta name=\"twitter:card\" content=\"summary_large_image\" \/>\n<script type=\"application\/ld+json\" class=\"yoast-schema-graph\">{\"@context\":\"https:\/\/schema.org\",\"@graph\":[{\"@type\":\"WebPage\",\"@id\":\"https:\/\/www.canadahelps.org\/fr\/centre-de-secours-humanitaire-canadon-old\/2013-inondations-en-alberta\/\",\"url\":\"https:\/\/www.canadahelps.org\/fr\/centre-de-secours-humanitaire-canadon-old\/2013-inondations-en-alberta\/\",\"name\":\"2013 Inondations en Alberta | CanadaHelps - Donate to any charity in Canada\",\"isPartOf\":{\"@id\":\"https:\/\/www.canadahelps.org\/fr\/#website\"},\"primaryImageOfPage\":{\"@id\":\"https:\/\/www.canadahelps.org\/fr\/centre-de-secours-humanitaire-canadon-old\/2013-inondations-en-alberta\/#primaryimage\"},\"image\":{\"@id\":\"https:\/\/www.canadahelps.org\/fr\/centre-de-secours-humanitaire-canadon-old\/2013-inondations-en-alberta\/#primaryimage\"},\"thumbnailUrl\":\"http:\/\/crisisreliefcentre.org\/2013alberta\/wp-content\/uploads\/sites\/32\/macleans.jpg\",\"datePublished\":\"2017-03-01T20:17:52+00:00\",\"dateModified\":\"2017-04-13T21:02:38+00:00\",\"breadcrumb\":{\"@id\":\"https:\/\/www.canadahelps.org\/fr\/centre-de-secours-humanitaire-canadon-old\/2013-inondations-en-alberta\/#breadcrumb\"},\"inLanguage\":\"fr\",\"potentialAction\":[{\"@type\":\"ReadAction\",\"target\":[\"https:\/\/www.canadahelps.org\/fr\/centre-de-secours-humanitaire-canadon-old\/2013-inondations-en-alberta\/\"]}]},{\"@type\":\"ImageObject\",\"inLanguage\":\"fr\",\"@id\":\"https:\/\/www.canadahelps.org\/fr\/centre-de-secours-humanitaire-canadon-old\/2013-inondations-en-alberta\/#primaryimage\",\"url\":\"http:\/\/crisisreliefcentre.org\/2013alberta\/wp-content\/uploads\/sites\/32\/macleans.jpg\",\"contentUrl\":\"http:\/\/crisisreliefcentre.org\/2013alberta\/wp-content\/uploads\/sites\/32\/macleans.jpg\"},{\"@type\":\"BreadcrumbList\",\"@id\":\"https:\/\/www.canadahelps.org\/fr\/centre-de-secours-humanitaire-canadon-old\/2013-inondations-en-alberta\/#breadcrumb\",\"itemListElement\":[{\"@type\":\"ListItem\",\"position\":1,\"name\":\"Home\",\"item\":\"https:\/\/www.canadahelps.org\/fr\/\"},{\"@type\":\"ListItem\",\"position\":2,\"name\":\"Centre de secours humanitaire CanaDon\",\"item\":\"https:\/\/www.canadahelps.org\/fr\/centre-de-secours-humanitaire-canadon-old\/\"},{\"@type\":\"ListItem\",\"position\":3,\"name\":\"2013 Inondations en Alberta\"}]},{\"@type\":\"WebSite\",\"@id\":\"https:\/\/www.canadahelps.org\/fr\/#website\",\"url\":\"https:\/\/www.canadahelps.org\/fr\/\",\"name\":\"CanadaHelps - Donate to any charity in Canada\",\"description\":\"Giving Made Simple\",\"publisher\":{\"@id\":\"https:\/\/www.canadahelps.org\/fr\/#organization\"},\"potentialAction\":[{\"@type\":\"SearchAction\",\"target\":{\"@type\":\"EntryPoint\",\"urlTemplate\":\"https:\/\/www.canadahelps.org\/fr\/?s={search_term_string}\"},\"query-input\":{\"@type\":\"PropertyValueSpecification\",\"valueRequired\":true,\"valueName\":\"search_term_string\"}}],\"inLanguage\":\"fr\"},{\"@type\":\"Organization\",\"@id\":\"https:\/\/www.canadahelps.org\/fr\/#organization\",\"name\":\"CanadaHelps\",\"url\":\"https:\/\/www.canadahelps.org\/fr\/\",\"logo\":{\"@type\":\"ImageObject\",\"inLanguage\":\"fr\",\"@id\":\"https:\/\/www.canadahelps.org\/fr\/#\/schema\/logo\/image\/\",\"url\":\"https:\/\/www.canadahelps.org\/media\/canadahelps-en.jpg\",\"contentUrl\":\"https:\/\/www.canadahelps.org\/media\/canadahelps-en.jpg\",\"width\":131,\"height\":72,\"caption\":\"CanadaHelps\"},\"image\":{\"@id\":\"https:\/\/www.canadahelps.org\/fr\/#\/schema\/logo\/image\/\"}}]}<\/script>\n<!-- \/ Yoast SEO plugin. -->","yoast_head_json":{"title":"2013 Inondations en Alberta | CanadaHelps - Donate to any charity in Canada","robots":{"index":"index","follow":"follow","max-snippet":"max-snippet:-1","max-image-preview":"max-image-preview:large","max-video-preview":"max-video-preview:-1"},"canonical":"https:\/\/www.canadahelps.org\/fr\/centre-de-secours-humanitaire-canadon-old\/2013-inondations-en-alberta\/","og_locale":"fr_FR","og_type":"article","og_title":"2013 Inondations en Alberta | CanadaHelps - Donate to any charity in Canada","og_description":"Vous avez entendu parler des graves inondations qui ont r\u00e9cemment frapp\u00e9 l&#8217;Alberta, causant d&#8217;importants d\u00e9g\u00e2ts et for\u00e7ant l&#8217;\u00e9vacuation et le d\u00e9placement de dizaines de milliers ... Voir plus","og_url":"https:\/\/www.canadahelps.org\/fr\/centre-de-secours-humanitaire-canadon-old\/2013-inondations-en-alberta\/","og_site_name":"CanadaHelps - Donate to any charity in Canada","article_modified_time":"2017-04-13T21:02:38+00:00","og_image":[{"url":"http:\/\/crisisreliefcentre.org\/2013alberta\/wp-content\/uploads\/sites\/32\/macleans.jpg","type":"","width":"","height":""}],"twitter_card":"summary_large_image","schema":{"@context":"https:\/\/schema.org","@graph":[{"@type":"WebPage","@id":"https:\/\/www.canadahelps.org\/fr\/centre-de-secours-humanitaire-canadon-old\/2013-inondations-en-alberta\/","url":"https:\/\/www.canadahelps.org\/fr\/centre-de-secours-humanitaire-canadon-old\/2013-inondations-en-alberta\/","name":"2013 Inondations en Alberta | CanadaHelps - Donate to any charity in Canada","isPartOf":{"@id":"https:\/\/www.canadahelps.org\/fr\/#website"},"primaryImageOfPage":{"@id":"https:\/\/www.canadahelps.org\/fr\/centre-de-secours-humanitaire-canadon-old\/2013-inondations-en-alberta\/#primaryimage"},"image":{"@id":"https:\/\/www.canadahelps.org\/fr\/centre-de-secours-humanitaire-canadon-old\/2013-inondations-en-alberta\/#primaryimage"},"thumbnailUrl":"http:\/\/crisisreliefcentre.org\/2013alberta\/wp-content\/uploads\/sites\/32\/macleans.jpg","datePublished":"2017-03-01T20:17:52+00:00","dateModified":"2017-04-13T21:02:38+00:00","breadcrumb":{"@id":"https:\/\/www.canadahelps.org\/fr\/centre-de-secours-humanitaire-canadon-old\/2013-inondations-en-alberta\/#breadcrumb"},"inLanguage":"fr","potentialAction":[{"@type":"ReadAction","target":["https:\/\/www.canadahelps.org\/fr\/centre-de-secours-humanitaire-canadon-old\/2013-inondations-en-alberta\/"]}]},{"@type":"ImageObject","inLanguage":"fr","@id":"https:\/\/www.canadahelps.org\/fr\/centre-de-secours-humanitaire-canadon-old\/2013-inondations-en-alberta\/#primaryimage","url":"http:\/\/crisisreliefcentre.org\/2013alberta\/wp-content\/uploads\/sites\/32\/macleans.jpg","contentUrl":"http:\/\/crisisreliefcentre.org\/2013alberta\/wp-content\/uploads\/sites\/32\/macleans.jpg"},{"@type":"BreadcrumbList","@id":"https:\/\/www.canadahelps.org\/fr\/centre-de-secours-humanitaire-canadon-old\/2013-inondations-en-alberta\/#breadcrumb","itemListElement":[{"@type":"ListItem","position":1,"name":"Home","item":"https:\/\/www.canadahelps.org\/fr\/"},{"@type":"ListItem","position":2,"name":"Centre de secours humanitaire CanaDon","item":"https:\/\/www.canadahelps.org\/fr\/centre-de-secours-humanitaire-canadon-old\/"},{"@type":"ListItem","position":3,"name":"2013 Inondations en Alberta"}]},{"@type":"WebSite","@id":"https:\/\/www.canadahelps.org\/fr\/#website","url":"https:\/\/www.canadahelps.org\/fr\/","name":"CanadaHelps - Donate to any charity in Canada","description":"Giving Made Simple","publisher":{"@id":"https:\/\/www.canadahelps.org\/fr\/#organization"},"potentialAction":[{"@type":"SearchAction","target":{"@type":"EntryPoint","urlTemplate":"https:\/\/www.canadahelps.org\/fr\/?s={search_term_string}"},"query-input":{"@type":"PropertyValueSpecification","valueRequired":true,"valueName":"search_term_string"}}],"inLanguage":"fr"},{"@type":"Organization","@id":"https:\/\/www.canadahelps.org\/fr\/#organization","name":"CanadaHelps","url":"https:\/\/www.canadahelps.org\/fr\/","logo":{"@type":"ImageObject","inLanguage":"fr","@id":"https:\/\/www.canadahelps.org\/fr\/#\/schema\/logo\/image\/","url":"https:\/\/www.canadahelps.org\/media\/canadahelps-en.jpg","contentUrl":"https:\/\/www.canadahelps.org\/media\/canadahelps-en.jpg","width":131,"height":72,"caption":"CanadaHelps"},"image":{"@id":"https:\/\/www.canadahelps.org\/fr\/#\/schema\/logo\/image\/"}}]}},"_links":{"self":[{"href":"https:\/\/www.canadahelps.org\/fr\/wp-json\/wp\/v2\/pages\/14513","targetHints":{"allow":["GET"]}}],"collection":[{"href":"https:\/\/www.canadahelps.org\/fr\/wp-json\/wp\/v2\/pages"}],"about":[{"href":"https:\/\/www.canadahelps.org\/fr\/wp-json\/wp\/v2\/types\/page"}],"author":[{"embeddable":true,"href":"https:\/\/www.canadahelps.org\/fr\/wp-json\/wp\/v2\/users\/7"}],"replies":[{"embeddable":true,"href":"https:\/\/www.canadahelps.org\/fr\/wp-json\/wp\/v2\/comments?post=14513"}],"version-history":[{"count":3,"href":"https:\/\/www.canadahelps.org\/fr\/wp-json\/wp\/v2\/pages\/14513\/revisions"}],"predecessor-version":[{"id":14516,"href":"https:\/\/www.canadahelps.org\/fr\/wp-json\/wp\/v2\/pages\/14513\/revisions\/14516"}],"up":[{"embeddable":true,"href":"https:\/\/www.canadahelps.org\/fr\/wp-json\/wp\/v2\/pages\/13407"}],"wp:attachment":[{"href":"https:\/\/www.canadahelps.org\/fr\/wp-json\/wp\/v2\/media?parent=14513"}],"curies":[{"name":"wp","href":"https:\/\/api.w.org\/{rel}","templated":true}]}}