{"id":14664,"date":"2017-03-01T11:50:58","date_gmt":"2017-03-01T16:50:58","guid":{"rendered":"https:\/\/www.canadahelps.org\/?page_id=14664\/"},"modified":"2017-04-25T14:40:07","modified_gmt":"2017-04-25T18:40:07","slug":"le-seisme-de-2010-au-chili","status":"publish","type":"page","link":"https:\/\/www.canadahelps.org\/fr\/centre-de-secours-humanitaire-canadon-old\/le-seisme-de-2010-au-chili\/","title":{"rendered":"Le s\u00e9isme de 2010 au Chili"},"content":{"rendered":"<div class=\"captionleft\"><img decoding=\"async\" class=\"alignleft\" src=\"http:\/\/centredesecourshumanitaire.org\/2010chile\/wp-content\/uploads\/sites\/38\/chile03.jpg\" alt=\"\" \/><\/div>\n<p>Le s\u00e9isme de 2010 au Chili se produisit au large de la c\u00f4te centrale du Chili le 27 f\u00e9vrier 2010 \u00e0 3 heures 34 minutes, heure locale. Ce s\u00e9isme fut d\u2019une magnitude de 8,8 (Mv) \u00e0 l\u2019\u00e9chelle de magnitude du moment avec un tremblement intense qui dura environ trois minutes. Ce s\u00e9isme fut fortement ressenti dans six r\u00e9gions chiliennes qui, combin\u00e9es ensemble, repr\u00e9sente 80 pour 100 de la population enti\u00e8re du Chili.<\/p>\n<p>Ce s\u00e9isme d\u00e9clencha un tsunami d\u00e9vastant plusieurs municipalit\u00e9s c\u00f4ti\u00e8res dans le sud central du Chili et endommageant le port \u00e0 Talcahuano. Des alertes de tsunami furent diffus\u00e9es dans 53 pays. Le s\u00e9isme engendra \u00e9galement un black-out qui affecta 93 pour 100 de la population et qui dura pendant plusieurs jours dans certaines r\u00e9gions du pays. La pr\u00e9sidente, Michelle Bachelet, d\u00e9clara un \u00e9tat d\u2019urgence et envoya des troupes militaires pour prendre contr\u00f4le de la plupart des r\u00e9gions affect\u00e9es. Selon des sources officielles, 525 personnes ont d\u00e9c\u00e9d\u00e9, 25 personnes ont \u00e9t\u00e9 port\u00e9s disparus et environ 9 % de la population dans les r\u00e9gions affect\u00e9es ont perdu leur domicile.<\/p>\n<p>La r\u00e9ponse humanitaire au s\u00e9isme de 2010 au Chili incluant des gouvernements nationaux, des organismes de bienfaisance et \u00e0 but non lucratif de partout dans le monde se mit \u00e0 coordonner une aide humanitaire pour aider les gens du Chili.<\/p>\n","protected":false},"excerpt":{"rendered":"<p>Le s\u00e9isme de 2010 au Chili se produisit au large de la c\u00f4te centrale du Chili le 27 f\u00e9vrier 2010 \u00e0 3 heures 34 minutes, &#8230; <a href=\"https:\/\/www.canadahelps.org\/fr\/centre-de-secours-humanitaire-canadon-old\/le-seisme-de-2010-au-chili\/\" id=\"canadahelp-blog-meta\">Voir plus<\/a><\/p>\n","protected":false},"author":7,"featured_media":0,"parent":13407,"menu_order":0,"comment_status":"closed","ping_status":"closed","template":"page-crc-campaign.php","meta":{"footnotes":""},"class_list":["post-14664","page","type-page","status-publish","hentry"],"acf":{"meta_description":"","use_toc_layout":false,"insert_spotlight_boxes":false,"use_biography_grid":false,"status":"Archived","thumbnail":"https:\/\/www.canadahelps.org\/media\/03chile.jpg","short_description":"Le 27 f\u00e9vrier 2010, un puissant s\u00e9isme se produisit au large de la c\u00f4te centrale du Chili.","primary_colour":"#d5d92e","secondary_colour":"#7d5214","third_colour":"#d5d92e","colour_of_headings_font":"#ffffff","font_colour_primary":"#000000","font_colour_secondary":"#ffffff","tag_campaign":"Le-s\u00e9isme-de-2010-au-Chili","herospace":[{"background_image":"https:\/\/www.canadahelps.org\/media\/chile01.jpg","title":"Le s\u00e9isme de <span>2010<\/span> au Chili","content":"Le 27 f\u00e9vrier 2010, un puissant s\u00e9isme se produisit au large de la c\u00f4te centrale du Chili."},{"background_image":"https:\/\/www.canadahelps.org\/media\/chile02.jpg","title":"Le s\u00e9isme de <span>2010<\/span> au Chili","content":"Il est class\u00e9 comme \u00e9tant le 6e plus gros s\u00e9isme jamais enregistr\u00e9 par un sismographe."}],"heading_for_crisis_overview":"Il est class\u00e9 comme \u00e9tant le 6e plus gros s\u00e9isme jamais enregistr\u00e9 par un sismographe.","bullets":[{"image":"https:\/\/www.canadahelps.org\/media\/info-date.png","title":"27.02.10","bullet_description":""},{"image":"https:\/\/www.canadahelps.org\/media\/info-population.png","title":"525","bullet_description":"Nombre de victimes"},{"image":"https:\/\/www.canadahelps.org\/media\/houses_partially_damaged.png","title":"370 000","bullet_description":"Demeures affect\u00e9es"}],"donate_now_description":"<h2>Vous trouverez ci-dessous une liste d\u2019organismes de bienfaisance organisant une collecte de fonds pour contribuer au secours humanitaire de diverses causes.<\/h2>\n<p>Pour faire un don, cliquez sur le nom de l\u2019organisme de bienfaisance puis cliquez sur \u00ab Faites un don\u00bb.<\/p>\n<div id=\"charity-roles\"><strong>Affichez les organismes de bienfaisance qui offrent un\/une :<\/strong><\/div>\n","charities_roles":[],"charities":false,"introduction_web_form":"<p>Votre organisme de bienfaisance offre-t-il une aide en r\u00e9ponse \u00e0 cette crise humanitaire? Si oui, veuillez nous informer du type de secours que vous offrez en compl\u00e9tant le formulaire ci-dessous et nous ajouterons votre organisme \u00e0 la liste.<\/p>\n","web_form_shortcode":"<p>[fr_charities_web_form]<\/p>\n","webform_to":"marketing@canadahelps.org","thank_you":"Merci"},"yoast_head":"<!-- This site is optimized with the Yoast SEO plugin v26.0 - https:\/\/yoast.com\/wordpress\/plugins\/seo\/ -->\n<title>Le s\u00e9isme de 2010 au Chili | CanadaHelps - Donate to any charity in Canada<\/title>\n<meta name=\"robots\" content=\"index, follow, max-snippet:-1, max-image-preview:large, max-video-preview:-1\" \/>\n<link rel=\"canonical\" href=\"https:\/\/www.canadahelps.org\/fr\/centre-de-secours-humanitaire-canadon-old\/le-seisme-de-2010-au-chili\/\" \/>\n<meta property=\"og:locale\" content=\"fr_FR\" \/>\n<meta property=\"og:type\" content=\"article\" \/>\n<meta property=\"og:title\" content=\"Le s\u00e9isme de 2010 au Chili | CanadaHelps - Donate to any charity in Canada\" \/>\n<meta property=\"og:description\" content=\"Le s\u00e9isme de 2010 au Chili se produisit au large de la c\u00f4te centrale du Chili le 27 f\u00e9vrier 2010 \u00e0 3 heures 34 minutes, ... Voir plus\" \/>\n<meta property=\"og:url\" content=\"https:\/\/www.canadahelps.org\/fr\/centre-de-secours-humanitaire-canadon-old\/le-seisme-de-2010-au-chili\/\" \/>\n<meta property=\"og:site_name\" content=\"CanadaHelps - Donate to any charity in Canada\" \/>\n<meta property=\"article:modified_time\" content=\"2017-04-25T18:40:07+00:00\" \/>\n<meta property=\"og:image\" content=\"http:\/\/centredesecourshumanitaire.org\/2010chile\/wp-content\/uploads\/sites\/38\/chile03.jpg\" \/>\n<meta name=\"twitter:card\" content=\"summary_large_image\" \/>\n<meta name=\"twitter:label1\" content=\"Est. reading time\" \/>\n\t<meta name=\"twitter:data1\" content=\"1 minute\" \/>\n<script type=\"application\/ld+json\" class=\"yoast-schema-graph\">{\"@context\":\"https:\/\/schema.org\",\"@graph\":[{\"@type\":\"WebPage\",\"@id\":\"https:\/\/www.canadahelps.org\/fr\/centre-de-secours-humanitaire-canadon-old\/le-seisme-de-2010-au-chili\/\",\"url\":\"https:\/\/www.canadahelps.org\/fr\/centre-de-secours-humanitaire-canadon-old\/le-seisme-de-2010-au-chili\/\",\"name\":\"Le s\u00e9isme de 2010 au Chili | CanadaHelps - Donate to any charity in Canada\",\"isPartOf\":{\"@id\":\"https:\/\/www.canadahelps.org\/fr\/#website\"},\"primaryImageOfPage\":{\"@id\":\"https:\/\/www.canadahelps.org\/fr\/centre-de-secours-humanitaire-canadon-old\/le-seisme-de-2010-au-chili\/#primaryimage\"},\"image\":{\"@id\":\"https:\/\/www.canadahelps.org\/fr\/centre-de-secours-humanitaire-canadon-old\/le-seisme-de-2010-au-chili\/#primaryimage\"},\"thumbnailUrl\":\"http:\/\/centredesecourshumanitaire.org\/2010chile\/wp-content\/uploads\/sites\/38\/chile03.jpg\",\"datePublished\":\"2017-03-01T16:50:58+00:00\",\"dateModified\":\"2017-04-25T18:40:07+00:00\",\"breadcrumb\":{\"@id\":\"https:\/\/www.canadahelps.org\/fr\/centre-de-secours-humanitaire-canadon-old\/le-seisme-de-2010-au-chili\/#breadcrumb\"},\"inLanguage\":\"fr\",\"potentialAction\":[{\"@type\":\"ReadAction\",\"target\":[\"https:\/\/www.canadahelps.org\/fr\/centre-de-secours-humanitaire-canadon-old\/le-seisme-de-2010-au-chili\/\"]}]},{\"@type\":\"ImageObject\",\"inLanguage\":\"fr\",\"@id\":\"https:\/\/www.canadahelps.org\/fr\/centre-de-secours-humanitaire-canadon-old\/le-seisme-de-2010-au-chili\/#primaryimage\",\"url\":\"http:\/\/centredesecourshumanitaire.org\/2010chile\/wp-content\/uploads\/sites\/38\/chile03.jpg\",\"contentUrl\":\"http:\/\/centredesecourshumanitaire.org\/2010chile\/wp-content\/uploads\/sites\/38\/chile03.jpg\"},{\"@type\":\"BreadcrumbList\",\"@id\":\"https:\/\/www.canadahelps.org\/fr\/centre-de-secours-humanitaire-canadon-old\/le-seisme-de-2010-au-chili\/#breadcrumb\",\"itemListElement\":[{\"@type\":\"ListItem\",\"position\":1,\"name\":\"Home\",\"item\":\"https:\/\/www.canadahelps.org\/fr\/\"},{\"@type\":\"ListItem\",\"position\":2,\"name\":\"Centre de secours humanitaire CanaDon\",\"item\":\"https:\/\/www.canadahelps.org\/fr\/centre-de-secours-humanitaire-canadon-old\/\"},{\"@type\":\"ListItem\",\"position\":3,\"name\":\"Le s\u00e9isme de 2010 au Chili\"}]},{\"@type\":\"WebSite\",\"@id\":\"https:\/\/www.canadahelps.org\/fr\/#website\",\"url\":\"https:\/\/www.canadahelps.org\/fr\/\",\"name\":\"CanadaHelps - Donate to any charity in Canada\",\"description\":\"Giving Made Simple\",\"publisher\":{\"@id\":\"https:\/\/www.canadahelps.org\/fr\/#organization\"},\"potentialAction\":[{\"@type\":\"SearchAction\",\"target\":{\"@type\":\"EntryPoint\",\"urlTemplate\":\"https:\/\/www.canadahelps.org\/fr\/?s={search_term_string}\"},\"query-input\":{\"@type\":\"PropertyValueSpecification\",\"valueRequired\":true,\"valueName\":\"search_term_string\"}}],\"inLanguage\":\"fr\"},{\"@type\":\"Organization\",\"@id\":\"https:\/\/www.canadahelps.org\/fr\/#organization\",\"name\":\"CanadaHelps\",\"url\":\"https:\/\/www.canadahelps.org\/fr\/\",\"logo\":{\"@type\":\"ImageObject\",\"inLanguage\":\"fr\",\"@id\":\"https:\/\/www.canadahelps.org\/fr\/#\/schema\/logo\/image\/\",\"url\":\"https:\/\/www.canadahelps.org\/media\/canadahelps-en.jpg\",\"contentUrl\":\"https:\/\/www.canadahelps.org\/media\/canadahelps-en.jpg\",\"width\":131,\"height\":72,\"caption\":\"CanadaHelps\"},\"image\":{\"@id\":\"https:\/\/www.canadahelps.org\/fr\/#\/schema\/logo\/image\/\"}}]}<\/script>\n<!-- \/ Yoast SEO plugin. -->","yoast_head_json":{"title":"Le s\u00e9isme de 2010 au Chili | CanadaHelps - Donate to any charity in Canada","robots":{"index":"index","follow":"follow","max-snippet":"max-snippet:-1","max-image-preview":"max-image-preview:large","max-video-preview":"max-video-preview:-1"},"canonical":"https:\/\/www.canadahelps.org\/fr\/centre-de-secours-humanitaire-canadon-old\/le-seisme-de-2010-au-chili\/","og_locale":"fr_FR","og_type":"article","og_title":"Le s\u00e9isme de 2010 au Chili | CanadaHelps - Donate to any charity in Canada","og_description":"Le s\u00e9isme de 2010 au Chili se produisit au large de la c\u00f4te centrale du Chili le 27 f\u00e9vrier 2010 \u00e0 3 heures 34 minutes, ... Voir plus","og_url":"https:\/\/www.canadahelps.org\/fr\/centre-de-secours-humanitaire-canadon-old\/le-seisme-de-2010-au-chili\/","og_site_name":"CanadaHelps - Donate to any charity in Canada","article_modified_time":"2017-04-25T18:40:07+00:00","og_image":[{"url":"http:\/\/centredesecourshumanitaire.org\/2010chile\/wp-content\/uploads\/sites\/38\/chile03.jpg","type":"","width":"","height":""}],"twitter_card":"summary_large_image","twitter_misc":{"Est. reading time":"1 minute"},"schema":{"@context":"https:\/\/schema.org","@graph":[{"@type":"WebPage","@id":"https:\/\/www.canadahelps.org\/fr\/centre-de-secours-humanitaire-canadon-old\/le-seisme-de-2010-au-chili\/","url":"https:\/\/www.canadahelps.org\/fr\/centre-de-secours-humanitaire-canadon-old\/le-seisme-de-2010-au-chili\/","name":"Le s\u00e9isme de 2010 au Chili | CanadaHelps - Donate to any charity in Canada","isPartOf":{"@id":"https:\/\/www.canadahelps.org\/fr\/#website"},"primaryImageOfPage":{"@id":"https:\/\/www.canadahelps.org\/fr\/centre-de-secours-humanitaire-canadon-old\/le-seisme-de-2010-au-chili\/#primaryimage"},"image":{"@id":"https:\/\/www.canadahelps.org\/fr\/centre-de-secours-humanitaire-canadon-old\/le-seisme-de-2010-au-chili\/#primaryimage"},"thumbnailUrl":"http:\/\/centredesecourshumanitaire.org\/2010chile\/wp-content\/uploads\/sites\/38\/chile03.jpg","datePublished":"2017-03-01T16:50:58+00:00","dateModified":"2017-04-25T18:40:07+00:00","breadcrumb":{"@id":"https:\/\/www.canadahelps.org\/fr\/centre-de-secours-humanitaire-canadon-old\/le-seisme-de-2010-au-chili\/#breadcrumb"},"inLanguage":"fr","potentialAction":[{"@type":"ReadAction","target":["https:\/\/www.canadahelps.org\/fr\/centre-de-secours-humanitaire-canadon-old\/le-seisme-de-2010-au-chili\/"]}]},{"@type":"ImageObject","inLanguage":"fr","@id":"https:\/\/www.canadahelps.org\/fr\/centre-de-secours-humanitaire-canadon-old\/le-seisme-de-2010-au-chili\/#primaryimage","url":"http:\/\/centredesecourshumanitaire.org\/2010chile\/wp-content\/uploads\/sites\/38\/chile03.jpg","contentUrl":"http:\/\/centredesecourshumanitaire.org\/2010chile\/wp-content\/uploads\/sites\/38\/chile03.jpg"},{"@type":"BreadcrumbList","@id":"https:\/\/www.canadahelps.org\/fr\/centre-de-secours-humanitaire-canadon-old\/le-seisme-de-2010-au-chili\/#breadcrumb","itemListElement":[{"@type":"ListItem","position":1,"name":"Home","item":"https:\/\/www.canadahelps.org\/fr\/"},{"@type":"ListItem","position":2,"name":"Centre de secours humanitaire CanaDon","item":"https:\/\/www.canadahelps.org\/fr\/centre-de-secours-humanitaire-canadon-old\/"},{"@type":"ListItem","position":3,"name":"Le s\u00e9isme de 2010 au Chili"}]},{"@type":"WebSite","@id":"https:\/\/www.canadahelps.org\/fr\/#website","url":"https:\/\/www.canadahelps.org\/fr\/","name":"CanadaHelps - Donate to any charity in Canada","description":"Giving Made Simple","publisher":{"@id":"https:\/\/www.canadahelps.org\/fr\/#organization"},"potentialAction":[{"@type":"SearchAction","target":{"@type":"EntryPoint","urlTemplate":"https:\/\/www.canadahelps.org\/fr\/?s={search_term_string}"},"query-input":{"@type":"PropertyValueSpecification","valueRequired":true,"valueName":"search_term_string"}}],"inLanguage":"fr"},{"@type":"Organization","@id":"https:\/\/www.canadahelps.org\/fr\/#organization","name":"CanadaHelps","url":"https:\/\/www.canadahelps.org\/fr\/","logo":{"@type":"ImageObject","inLanguage":"fr","@id":"https:\/\/www.canadahelps.org\/fr\/#\/schema\/logo\/image\/","url":"https:\/\/www.canadahelps.org\/media\/canadahelps-en.jpg","contentUrl":"https:\/\/www.canadahelps.org\/media\/canadahelps-en.jpg","width":131,"height":72,"caption":"CanadaHelps"},"image":{"@id":"https:\/\/www.canadahelps.org\/fr\/#\/schema\/logo\/image\/"}}]}},"_links":{"self":[{"href":"https:\/\/www.canadahelps.org\/fr\/wp-json\/wp\/v2\/pages\/14664","targetHints":{"allow":["GET"]}}],"collection":[{"href":"https:\/\/www.canadahelps.org\/fr\/wp-json\/wp\/v2\/pages"}],"about":[{"href":"https:\/\/www.canadahelps.org\/fr\/wp-json\/wp\/v2\/types\/page"}],"author":[{"embeddable":true,"href":"https:\/\/www.canadahelps.org\/fr\/wp-json\/wp\/v2\/users\/7"}],"replies":[{"embeddable":true,"href":"https:\/\/www.canadahelps.org\/fr\/wp-json\/wp\/v2\/comments?post=14664"}],"version-history":[{"count":5,"href":"https:\/\/www.canadahelps.org\/fr\/wp-json\/wp\/v2\/pages\/14664\/revisions"}],"predecessor-version":[{"id":14689,"href":"https:\/\/www.canadahelps.org\/fr\/wp-json\/wp\/v2\/pages\/14664\/revisions\/14689"}],"up":[{"embeddable":true,"href":"https:\/\/www.canadahelps.org\/fr\/wp-json\/wp\/v2\/pages\/13407"}],"wp:attachment":[{"href":"https:\/\/www.canadahelps.org\/fr\/wp-json\/wp\/v2\/media?parent=14664"}],"curies":[{"name":"wp","href":"https:\/\/api.w.org\/{rel}","templated":true}]}}