{"id":14669,"date":"2017-03-01T12:38:59","date_gmt":"2017-03-01T17:38:59","guid":{"rendered":"https:\/\/www.canadahelps.org\/?page_id=14669\/"},"modified":"2017-04-25T14:35:04","modified_gmt":"2017-04-25T18:35:04","slug":"les-inondations-de-2010-au-pakistan","status":"publish","type":"page","link":"https:\/\/www.canadahelps.org\/fr\/centre-de-secours-humanitaire-canadon-old\/les-inondations-de-2010-au-pakistan\/","title":{"rendered":"Les inondations de 2010 au Pakistan"},"content":{"rendered":"<div class=\"captionleft\"><img decoding=\"async\" class=\"alignleft\" src=\"http:\/\/centredesecourshumanitaire.org\/2010pakistan\/wp-content\/uploads\/sites\/39\/pakistan01.jpg\" alt=\"\" \/><\/div>\n<p>Selon les donn\u00e9es du gouvernement pakistanais, les inondations ont directement touch\u00e9 environ<\/p>\n<p>Les Nations Unies s\u2019inqui\u00e8ta que l\u2019aide humanitaire n\u2019arrivait pas assez rapidement et l\u2019Organisation Mondiale de la Sant\u00e9 (OMS) annon\u00e7a que dix millions de personnes furent oblig\u00e9es de boire de l\u2019eau insalubre.<br \/>\nLa d\u00e9t\u00e9rioration de l\u2019\u00e9conomie pakistanaise fut caus\u00e9e par les dommages \u00e0 l\u2019infrastructure et les r\u00e9coltes.<\/p>\n","protected":false},"excerpt":{"rendered":"<p>Selon les donn\u00e9es du gouvernement pakistanais, les inondations ont directement touch\u00e9 environ Les Nations Unies s\u2019inqui\u00e8ta que l\u2019aide humanitaire n\u2019arrivait pas assez rapidement et l\u2019Organisation &#8230; <a href=\"https:\/\/www.canadahelps.org\/fr\/centre-de-secours-humanitaire-canadon-old\/les-inondations-de-2010-au-pakistan\/\" id=\"canadahelp-blog-meta\">Voir plus<\/a><\/p>\n","protected":false},"author":7,"featured_media":0,"parent":13407,"menu_order":0,"comment_status":"closed","ping_status":"closed","template":"page-crc-campaign.php","meta":{"footnotes":""},"class_list":["post-14669","page","type-page","status-publish","hentry"],"acf":{"meta_description":"","use_toc_layout":false,"insert_spotlight_boxes":false,"use_biography_grid":false,"status":"Archived","thumbnail":"https:\/\/www.canadahelps.org\/media\/pakistan03-306x236.jpg","short_description":"Les inondations ont touch\u00e9 20 millions de personnes environ qui furent touch\u00e9es par la destruction de biens, de moyens de subsistance ","primary_colour":"#973809","secondary_colour":"#32191c","third_colour":"#973809","colour_of_headings_font":"#ffffff","font_colour_primary":"#000000","font_colour_secondary":"#ffffff","tag_campaign":"Les-inondations-de-2010-au-Pakistan","herospace":[{"background_image":"https:\/\/www.canadahelps.org\/media\/pakistan02.jpg","title":"Les inondations de <span>2010<\/span> au Pakistan","content":"Les inondations ont touch\u00e9 20 millions de personnes environ qui furent touch\u00e9es par la destruction de biens, de moyens de subsistance et d\u2019infrastructure."},{"background_image":"https:\/\/www.canadahelps.org\/media\/pakistan.jpg","title":"Les inondations de <span>2010<\/span> au Pakistan","content":"Environ un cinqui\u00e8me de toutes les terres du Pakistan fut immerg\u00e9 sous l\u2019eau."}],"heading_for_crisis_overview":"Les inondations de 2010 au Pakistan d\u00e9but\u00e8rent \u00e0 la fin du mois de juillet 2010 et furent caus\u00e9es par des pluies de mousson abondantes dans plusieurs r\u00e9gions du Pakistan.","bullets":[{"image":"https:\/\/www.canadahelps.org\/media\/info-date.png","title":"26.07.10","bullet_description":""},{"image":"https:\/\/www.canadahelps.org\/media\/info-population.png","title":"20 000 000","bullet_description":"Population touch\u00e9e "},{"image":"https:\/\/www.canadahelps.org\/media\/houses_partially_damaged.png","title":"6 000 000","bullet_description":"Personnes d\u00e9plac\u00e9es"}],"donate_now_description":"<p><strong>Vous trouverez ci-dessous une liste d\u2019organismes de bienfaisance organisant une collecte de fonds pour contribuer au secours humanitaire de diverses causes.<\/strong><\/p>\n<div id=\"wrap\">\n<div id=\"document\" class=\"container\">\n<div id=\"content\">\n<div id=\"main\">\n<article>\n<div class=\"entry-content\">\n<p>Pour faire un don, cliquez sur le nom de l\u2019organisme de bienfaisance puis cliquez sur \u00ab FAIT UN DON\u00a0\u00bb.<\/p>\n<div id=\"charity-roles\"><strong>Affichez les organismes de bienfaisance qui offrent un\/une : <\/strong><\/div>\n<\/div>\n<\/article>\n<\/div>\n<\/div>\n<\/div>\n<\/div>\n","charities_roles":[],"charities":false,"introduction_web_form":"<p>Votre organisme de bienfaisance offre-t-il une aide en r\u00e9ponse \u00e0 cette crise humanitaire? Si oui, veuillez nous informer du type de secours que vous offrez en compl\u00e9tant le formulaire ci-dessous et nous ajouterons votre organisme \u00e0 la liste.<\/p>\n","web_form_shortcode":"<p>[fr_charities_web_form]<\/p>\n","webform_to":"marketing@canadahelps.org","thank_you":"Merci"},"yoast_head":"<!-- This site is optimized with the Yoast SEO plugin v26.0 - https:\/\/yoast.com\/wordpress\/plugins\/seo\/ -->\n<title>Les inondations de 2010 au Pakistan | CanadaHelps - Donate to any charity in Canada<\/title>\n<meta name=\"robots\" content=\"index, follow, max-snippet:-1, max-image-preview:large, max-video-preview:-1\" \/>\n<link rel=\"canonical\" href=\"https:\/\/www.canadahelps.org\/fr\/centre-de-secours-humanitaire-canadon-old\/les-inondations-de-2010-au-pakistan\/\" \/>\n<meta property=\"og:locale\" content=\"fr_FR\" \/>\n<meta property=\"og:type\" content=\"article\" \/>\n<meta property=\"og:title\" content=\"Les inondations de 2010 au Pakistan | CanadaHelps - Donate to any charity in Canada\" \/>\n<meta property=\"og:description\" content=\"Selon les donn\u00e9es du gouvernement pakistanais, les inondations ont directement touch\u00e9 environ Les Nations Unies s\u2019inqui\u00e8ta que l\u2019aide humanitaire n\u2019arrivait pas assez rapidement et l\u2019Organisation ... Voir plus\" \/>\n<meta property=\"og:url\" content=\"https:\/\/www.canadahelps.org\/fr\/centre-de-secours-humanitaire-canadon-old\/les-inondations-de-2010-au-pakistan\/\" \/>\n<meta property=\"og:site_name\" content=\"CanadaHelps - Donate to any charity in Canada\" \/>\n<meta property=\"article:modified_time\" content=\"2017-04-25T18:35:04+00:00\" \/>\n<meta property=\"og:image\" content=\"http:\/\/centredesecourshumanitaire.org\/2010pakistan\/wp-content\/uploads\/sites\/39\/pakistan01.jpg\" \/>\n<meta name=\"twitter:card\" content=\"summary_large_image\" \/>\n<script type=\"application\/ld+json\" class=\"yoast-schema-graph\">{\"@context\":\"https:\/\/schema.org\",\"@graph\":[{\"@type\":\"WebPage\",\"@id\":\"https:\/\/www.canadahelps.org\/fr\/centre-de-secours-humanitaire-canadon-old\/les-inondations-de-2010-au-pakistan\/\",\"url\":\"https:\/\/www.canadahelps.org\/fr\/centre-de-secours-humanitaire-canadon-old\/les-inondations-de-2010-au-pakistan\/\",\"name\":\"Les inondations de 2010 au Pakistan | CanadaHelps - Donate to any charity in Canada\",\"isPartOf\":{\"@id\":\"https:\/\/www.canadahelps.org\/fr\/#website\"},\"primaryImageOfPage\":{\"@id\":\"https:\/\/www.canadahelps.org\/fr\/centre-de-secours-humanitaire-canadon-old\/les-inondations-de-2010-au-pakistan\/#primaryimage\"},\"image\":{\"@id\":\"https:\/\/www.canadahelps.org\/fr\/centre-de-secours-humanitaire-canadon-old\/les-inondations-de-2010-au-pakistan\/#primaryimage\"},\"thumbnailUrl\":\"http:\/\/centredesecourshumanitaire.org\/2010pakistan\/wp-content\/uploads\/sites\/39\/pakistan01.jpg\",\"datePublished\":\"2017-03-01T17:38:59+00:00\",\"dateModified\":\"2017-04-25T18:35:04+00:00\",\"breadcrumb\":{\"@id\":\"https:\/\/www.canadahelps.org\/fr\/centre-de-secours-humanitaire-canadon-old\/les-inondations-de-2010-au-pakistan\/#breadcrumb\"},\"inLanguage\":\"fr\",\"potentialAction\":[{\"@type\":\"ReadAction\",\"target\":[\"https:\/\/www.canadahelps.org\/fr\/centre-de-secours-humanitaire-canadon-old\/les-inondations-de-2010-au-pakistan\/\"]}]},{\"@type\":\"ImageObject\",\"inLanguage\":\"fr\",\"@id\":\"https:\/\/www.canadahelps.org\/fr\/centre-de-secours-humanitaire-canadon-old\/les-inondations-de-2010-au-pakistan\/#primaryimage\",\"url\":\"http:\/\/centredesecourshumanitaire.org\/2010pakistan\/wp-content\/uploads\/sites\/39\/pakistan01.jpg\",\"contentUrl\":\"http:\/\/centredesecourshumanitaire.org\/2010pakistan\/wp-content\/uploads\/sites\/39\/pakistan01.jpg\"},{\"@type\":\"BreadcrumbList\",\"@id\":\"https:\/\/www.canadahelps.org\/fr\/centre-de-secours-humanitaire-canadon-old\/les-inondations-de-2010-au-pakistan\/#breadcrumb\",\"itemListElement\":[{\"@type\":\"ListItem\",\"position\":1,\"name\":\"Home\",\"item\":\"https:\/\/www.canadahelps.org\/fr\/\"},{\"@type\":\"ListItem\",\"position\":2,\"name\":\"Centre de secours humanitaire CanaDon\",\"item\":\"https:\/\/www.canadahelps.org\/fr\/centre-de-secours-humanitaire-canadon-old\/\"},{\"@type\":\"ListItem\",\"position\":3,\"name\":\"Les inondations de 2010 au Pakistan\"}]},{\"@type\":\"WebSite\",\"@id\":\"https:\/\/www.canadahelps.org\/fr\/#website\",\"url\":\"https:\/\/www.canadahelps.org\/fr\/\",\"name\":\"CanadaHelps - Donate to any charity in Canada\",\"description\":\"Giving Made Simple\",\"publisher\":{\"@id\":\"https:\/\/www.canadahelps.org\/fr\/#organization\"},\"potentialAction\":[{\"@type\":\"SearchAction\",\"target\":{\"@type\":\"EntryPoint\",\"urlTemplate\":\"https:\/\/www.canadahelps.org\/fr\/?s={search_term_string}\"},\"query-input\":{\"@type\":\"PropertyValueSpecification\",\"valueRequired\":true,\"valueName\":\"search_term_string\"}}],\"inLanguage\":\"fr\"},{\"@type\":\"Organization\",\"@id\":\"https:\/\/www.canadahelps.org\/fr\/#organization\",\"name\":\"CanadaHelps\",\"url\":\"https:\/\/www.canadahelps.org\/fr\/\",\"logo\":{\"@type\":\"ImageObject\",\"inLanguage\":\"fr\",\"@id\":\"https:\/\/www.canadahelps.org\/fr\/#\/schema\/logo\/image\/\",\"url\":\"https:\/\/www.canadahelps.org\/media\/canadahelps-en.jpg\",\"contentUrl\":\"https:\/\/www.canadahelps.org\/media\/canadahelps-en.jpg\",\"width\":131,\"height\":72,\"caption\":\"CanadaHelps\"},\"image\":{\"@id\":\"https:\/\/www.canadahelps.org\/fr\/#\/schema\/logo\/image\/\"}}]}<\/script>\n<!-- \/ Yoast SEO plugin. -->","yoast_head_json":{"title":"Les inondations de 2010 au Pakistan | CanadaHelps - Donate to any charity in Canada","robots":{"index":"index","follow":"follow","max-snippet":"max-snippet:-1","max-image-preview":"max-image-preview:large","max-video-preview":"max-video-preview:-1"},"canonical":"https:\/\/www.canadahelps.org\/fr\/centre-de-secours-humanitaire-canadon-old\/les-inondations-de-2010-au-pakistan\/","og_locale":"fr_FR","og_type":"article","og_title":"Les inondations de 2010 au Pakistan | CanadaHelps - Donate to any charity in Canada","og_description":"Selon les donn\u00e9es du gouvernement pakistanais, les inondations ont directement touch\u00e9 environ Les Nations Unies s\u2019inqui\u00e8ta que l\u2019aide humanitaire n\u2019arrivait pas assez rapidement et l\u2019Organisation ... Voir plus","og_url":"https:\/\/www.canadahelps.org\/fr\/centre-de-secours-humanitaire-canadon-old\/les-inondations-de-2010-au-pakistan\/","og_site_name":"CanadaHelps - Donate to any charity in Canada","article_modified_time":"2017-04-25T18:35:04+00:00","og_image":[{"url":"http:\/\/centredesecourshumanitaire.org\/2010pakistan\/wp-content\/uploads\/sites\/39\/pakistan01.jpg","type":"","width":"","height":""}],"twitter_card":"summary_large_image","schema":{"@context":"https:\/\/schema.org","@graph":[{"@type":"WebPage","@id":"https:\/\/www.canadahelps.org\/fr\/centre-de-secours-humanitaire-canadon-old\/les-inondations-de-2010-au-pakistan\/","url":"https:\/\/www.canadahelps.org\/fr\/centre-de-secours-humanitaire-canadon-old\/les-inondations-de-2010-au-pakistan\/","name":"Les inondations de 2010 au Pakistan | CanadaHelps - Donate to any charity in Canada","isPartOf":{"@id":"https:\/\/www.canadahelps.org\/fr\/#website"},"primaryImageOfPage":{"@id":"https:\/\/www.canadahelps.org\/fr\/centre-de-secours-humanitaire-canadon-old\/les-inondations-de-2010-au-pakistan\/#primaryimage"},"image":{"@id":"https:\/\/www.canadahelps.org\/fr\/centre-de-secours-humanitaire-canadon-old\/les-inondations-de-2010-au-pakistan\/#primaryimage"},"thumbnailUrl":"http:\/\/centredesecourshumanitaire.org\/2010pakistan\/wp-content\/uploads\/sites\/39\/pakistan01.jpg","datePublished":"2017-03-01T17:38:59+00:00","dateModified":"2017-04-25T18:35:04+00:00","breadcrumb":{"@id":"https:\/\/www.canadahelps.org\/fr\/centre-de-secours-humanitaire-canadon-old\/les-inondations-de-2010-au-pakistan\/#breadcrumb"},"inLanguage":"fr","potentialAction":[{"@type":"ReadAction","target":["https:\/\/www.canadahelps.org\/fr\/centre-de-secours-humanitaire-canadon-old\/les-inondations-de-2010-au-pakistan\/"]}]},{"@type":"ImageObject","inLanguage":"fr","@id":"https:\/\/www.canadahelps.org\/fr\/centre-de-secours-humanitaire-canadon-old\/les-inondations-de-2010-au-pakistan\/#primaryimage","url":"http:\/\/centredesecourshumanitaire.org\/2010pakistan\/wp-content\/uploads\/sites\/39\/pakistan01.jpg","contentUrl":"http:\/\/centredesecourshumanitaire.org\/2010pakistan\/wp-content\/uploads\/sites\/39\/pakistan01.jpg"},{"@type":"BreadcrumbList","@id":"https:\/\/www.canadahelps.org\/fr\/centre-de-secours-humanitaire-canadon-old\/les-inondations-de-2010-au-pakistan\/#breadcrumb","itemListElement":[{"@type":"ListItem","position":1,"name":"Home","item":"https:\/\/www.canadahelps.org\/fr\/"},{"@type":"ListItem","position":2,"name":"Centre de secours humanitaire CanaDon","item":"https:\/\/www.canadahelps.org\/fr\/centre-de-secours-humanitaire-canadon-old\/"},{"@type":"ListItem","position":3,"name":"Les inondations de 2010 au Pakistan"}]},{"@type":"WebSite","@id":"https:\/\/www.canadahelps.org\/fr\/#website","url":"https:\/\/www.canadahelps.org\/fr\/","name":"CanadaHelps - Donate to any charity in Canada","description":"Giving Made Simple","publisher":{"@id":"https:\/\/www.canadahelps.org\/fr\/#organization"},"potentialAction":[{"@type":"SearchAction","target":{"@type":"EntryPoint","urlTemplate":"https:\/\/www.canadahelps.org\/fr\/?s={search_term_string}"},"query-input":{"@type":"PropertyValueSpecification","valueRequired":true,"valueName":"search_term_string"}}],"inLanguage":"fr"},{"@type":"Organization","@id":"https:\/\/www.canadahelps.org\/fr\/#organization","name":"CanadaHelps","url":"https:\/\/www.canadahelps.org\/fr\/","logo":{"@type":"ImageObject","inLanguage":"fr","@id":"https:\/\/www.canadahelps.org\/fr\/#\/schema\/logo\/image\/","url":"https:\/\/www.canadahelps.org\/media\/canadahelps-en.jpg","contentUrl":"https:\/\/www.canadahelps.org\/media\/canadahelps-en.jpg","width":131,"height":72,"caption":"CanadaHelps"},"image":{"@id":"https:\/\/www.canadahelps.org\/fr\/#\/schema\/logo\/image\/"}}]}},"_links":{"self":[{"href":"https:\/\/www.canadahelps.org\/fr\/wp-json\/wp\/v2\/pages\/14669","targetHints":{"allow":["GET"]}}],"collection":[{"href":"https:\/\/www.canadahelps.org\/fr\/wp-json\/wp\/v2\/pages"}],"about":[{"href":"https:\/\/www.canadahelps.org\/fr\/wp-json\/wp\/v2\/types\/page"}],"author":[{"embeddable":true,"href":"https:\/\/www.canadahelps.org\/fr\/wp-json\/wp\/v2\/users\/7"}],"replies":[{"embeddable":true,"href":"https:\/\/www.canadahelps.org\/fr\/wp-json\/wp\/v2\/comments?post=14669"}],"version-history":[{"count":7,"href":"https:\/\/www.canadahelps.org\/fr\/wp-json\/wp\/v2\/pages\/14669\/revisions"}],"predecessor-version":[{"id":14687,"href":"https:\/\/www.canadahelps.org\/fr\/wp-json\/wp\/v2\/pages\/14669\/revisions\/14687"}],"up":[{"embeddable":true,"href":"https:\/\/www.canadahelps.org\/fr\/wp-json\/wp\/v2\/pages\/13407"}],"wp:attachment":[{"href":"https:\/\/www.canadahelps.org\/fr\/wp-json\/wp\/v2\/media?parent=14669"}],"curies":[{"name":"wp","href":"https:\/\/api.w.org\/{rel}","templated":true}]}}