{"id":14674,"date":"2017-03-01T14:46:57","date_gmt":"2017-03-01T19:46:57","guid":{"rendered":"https:\/\/www.canadahelps.org\/?page_id=14674\/"},"modified":"2017-04-25T14:43:02","modified_gmt":"2017-04-25T18:43:02","slug":"le-seisme-de-2011-au-japon-et-le-tsunami-du-pacifique","status":"publish","type":"page","link":"https:\/\/www.canadahelps.org\/fr\/centre-de-secours-humanitaire-canadon-old\/le-seisme-de-2011-au-japon-et-le-tsunami-du-pacifique\/","title":{"rendered":"Le s\u00e9isme de 2011 au Japon et le tsunami du Pacifique"},"content":{"rendered":"<p><img loading=\"lazy\" decoding=\"async\" class=\"size-full wp-image-13752\" src=\"https:\/\/www.canadahelps.org\/media\/01japan.jpg\" alt=\"\" width=\"1920\" height=\"1275\" srcset=\"https:\/\/www.canadahelps.org\/media\/01japan.jpg 1920w, https:\/\/www.canadahelps.org\/media\/01japan-300x199.jpg 300w, https:\/\/www.canadahelps.org\/media\/01japan-768x510.jpg 768w, https:\/\/www.canadahelps.org\/media\/01japan-1024x680.jpg 1024w\" sizes=\"auto, (max-width: 1920px) 100vw, 1920px\" \/><\/p>\n","protected":false},"excerpt":{"rendered":"","protected":false},"author":7,"featured_media":0,"parent":13407,"menu_order":0,"comment_status":"closed","ping_status":"closed","template":"page-crc-campaign.php","meta":{"footnotes":""},"class_list":["post-14674","page","type-page","status-publish","hentry"],"acf":{"meta_description":"","use_toc_layout":false,"insert_spotlight_boxes":false,"use_biography_grid":false,"status":"Archived","thumbnail":"https:\/\/www.canadahelps.org\/media\/05japan-306x236.jpg","short_description":"Le s\u00e9isme fut l\u2019un des plus puissants qui ait secou\u00e9 le Japon.","primary_colour":"#cbe2e5","secondary_colour":"#405785","third_colour":"#cbe2e5","colour_of_headings_font":"#ffffff","font_colour_primary":"#000000","font_colour_secondary":"#ffffff","tag_campaign":"Le-s\u00e9isme-de-2011-au-Japon","herospace":[{"background_image":"https:\/\/www.canadahelps.org\/media\/05japan-306x236.jpg","title":"Le s\u00e9isme de <span>2011<\/span> au Japon et le tsunami du Pacifique","content":"Le s\u00e9isme fut l\u2019un des plus puissants qui ait secou\u00e9 le Japon."},{"background_image":"https:\/\/www.canadahelps.org\/media\/01japan.jpg","title":"Le s\u00e9isme de <span>2011<\/span> au Japon et le tsunami du Pacifique","content":"Environ 4,4 millions de m\u00e9nages dans le nord-est du Japon se sont retrouv\u00e9s sans \u00e9lectricit\u00e9 et 1,5 million, sans eau. "}],"heading_for_crisis_overview":"Le s\u00e9isme de 2011 au large de la c\u00f4te du Japon, d\u2019une magnitude de 9,0 (Mv), fut un m\u00e9gas\u00e9isme sous-marin qui eut lieu le 11 mars 2011.","bullets":[{"image":"https:\/\/www.canadahelps.org\/media\/info-date.png","title":"11.03.11","bullet_description":""},{"image":"https:\/\/www.canadahelps.org\/media\/info-population.png","title":"15 883","bullet_description":"Nombre de victimes "},{"image":"https:\/\/www.canadahelps.org\/media\/houses_partially_damaged.png","title":"340 000","bullet_description":"Personnes d\u00e9plac\u00e9es "}],"donate_now_description":"<p><strong>Vous trouverez ci-dessous une liste d\u2019organismes de bienfaisance organisant une collecte de fonds pour contribuer au secours humanitaire de diverses causes.<\/strong><\/p>\n<div id=\"wrap\">\n<div id=\"document\" class=\"container\">\n<div id=\"content\">\n<div id=\"main\">\n<article>\n<div class=\"entry-content\">\n<p>Pour faire un don, cliquez sur le nom de l\u2019organisme de bienfaisance puis cliquez sur \u00ab FAITES UN DON\u00a0\u00bb.<\/p>\n<div id=\"charity-roles\"><strong>Affichez les organismes de bienfaisance qui offrent un\/une : <\/strong><\/div>\n<\/div>\n<\/article>\n<\/div>\n<\/div>\n<\/div>\n<\/div>\n","charities_roles":["1","2","3"],"charities":false,"introduction_web_form":"<p>Votre organisme de bienfaisance offre-t-il une aide en r\u00e9ponse \u00e0 cette crise humanitaire? Si oui, veuillez nous informer du type de secours que vous offrez en compl\u00e9tant le formulaire ci-dessous et nous ajouterons votre organisme \u00e0 la liste.<\/p>\n","web_form_shortcode":"<p>[fr_charities_web_form]<\/p>\n","webform_to":"marketing@canadahelps.org","thank_you":"Merci"},"yoast_head":"<!-- This site is optimized with the Yoast SEO plugin v26.0 - https:\/\/yoast.com\/wordpress\/plugins\/seo\/ -->\n<title>Le s\u00e9isme de 2011 au Japon et le tsunami du Pacifique | CanaDon - Faites des dons \u00e0 un organisme de bienfaisance au Canada<\/title>\n<meta name=\"robots\" content=\"index, follow, max-snippet:-1, max-image-preview:large, max-video-preview:-1\" \/>\n<link rel=\"canonical\" href=\"https:\/\/www.canadahelps.org\/fr\/centre-de-secours-humanitaire-canadon-old\/le-seisme-de-2011-au-japon-et-le-tsunami-du-pacifique\/\" \/>\n<meta property=\"og:locale\" content=\"fr_FR\" \/>\n<meta property=\"og:type\" content=\"article\" \/>\n<meta property=\"og:title\" content=\"Le s\u00e9isme de 2011 au Japon et le tsunami du Pacifique | CanaDon - Faites des dons \u00e0 un organisme de bienfaisance au Canada\" \/>\n<meta property=\"og:url\" content=\"https:\/\/www.canadahelps.org\/fr\/centre-de-secours-humanitaire-canadon-old\/le-seisme-de-2011-au-japon-et-le-tsunami-du-pacifique\/\" \/>\n<meta property=\"og:site_name\" content=\"CanaDon - Faites des dons \u00e0 un organisme de bienfaisance au Canada\" \/>\n<meta property=\"article:modified_time\" content=\"2017-04-25T18:43:02+00:00\" \/>\n<meta property=\"og:image\" content=\"https:\/\/www.canadahelps.org\/media\/01japan.jpg\" \/>\n<meta name=\"twitter:card\" content=\"summary_large_image\" \/>\n<script type=\"application\/ld+json\" class=\"yoast-schema-graph\">{\"@context\":\"https:\/\/schema.org\",\"@graph\":[{\"@type\":\"WebPage\",\"@id\":\"https:\/\/www.canadahelps.org\/fr\/centre-de-secours-humanitaire-canadon-old\/le-seisme-de-2011-au-japon-et-le-tsunami-du-pacifique\/\",\"url\":\"https:\/\/www.canadahelps.org\/fr\/centre-de-secours-humanitaire-canadon-old\/le-seisme-de-2011-au-japon-et-le-tsunami-du-pacifique\/\",\"name\":\"Le s\u00e9isme de 2011 au Japon et le tsunami du Pacifique | CanaDon - Faites des dons \u00e0 un organisme de bienfaisance au Canada\",\"isPartOf\":{\"@id\":\"https:\/\/www.canadahelps.org\/fr\/#website\"},\"primaryImageOfPage\":{\"@id\":\"https:\/\/www.canadahelps.org\/fr\/centre-de-secours-humanitaire-canadon-old\/le-seisme-de-2011-au-japon-et-le-tsunami-du-pacifique\/#primaryimage\"},\"image\":{\"@id\":\"https:\/\/www.canadahelps.org\/fr\/centre-de-secours-humanitaire-canadon-old\/le-seisme-de-2011-au-japon-et-le-tsunami-du-pacifique\/#primaryimage\"},\"thumbnailUrl\":\"https:\/\/www.canadahelps.org\/media\/01japan.jpg\",\"datePublished\":\"2017-03-01T19:46:57+00:00\",\"dateModified\":\"2017-04-25T18:43:02+00:00\",\"breadcrumb\":{\"@id\":\"https:\/\/www.canadahelps.org\/fr\/centre-de-secours-humanitaire-canadon-old\/le-seisme-de-2011-au-japon-et-le-tsunami-du-pacifique\/#breadcrumb\"},\"inLanguage\":\"fr\",\"potentialAction\":[{\"@type\":\"ReadAction\",\"target\":[\"https:\/\/www.canadahelps.org\/fr\/centre-de-secours-humanitaire-canadon-old\/le-seisme-de-2011-au-japon-et-le-tsunami-du-pacifique\/\"]}]},{\"@type\":\"ImageObject\",\"inLanguage\":\"fr\",\"@id\":\"https:\/\/www.canadahelps.org\/fr\/centre-de-secours-humanitaire-canadon-old\/le-seisme-de-2011-au-japon-et-le-tsunami-du-pacifique\/#primaryimage\",\"url\":\"https:\/\/www.canadahelps.org\/media\/01japan.jpg\",\"contentUrl\":\"https:\/\/www.canadahelps.org\/media\/01japan.jpg\"},{\"@type\":\"BreadcrumbList\",\"@id\":\"https:\/\/www.canadahelps.org\/fr\/centre-de-secours-humanitaire-canadon-old\/le-seisme-de-2011-au-japon-et-le-tsunami-du-pacifique\/#breadcrumb\",\"itemListElement\":[{\"@type\":\"ListItem\",\"position\":1,\"name\":\"Home\",\"item\":\"https:\/\/www.canadahelps.org\/fr\/\"},{\"@type\":\"ListItem\",\"position\":2,\"name\":\"Centre de secours humanitaire CanaDon\",\"item\":\"https:\/\/www.canadahelps.org\/fr\/centre-de-secours-humanitaire-canadon-old\/\"},{\"@type\":\"ListItem\",\"position\":3,\"name\":\"Le s\u00e9isme de 2011 au Japon et le tsunami du Pacifique\"}]},{\"@type\":\"WebSite\",\"@id\":\"https:\/\/www.canadahelps.org\/fr\/#website\",\"url\":\"https:\/\/www.canadahelps.org\/fr\/\",\"name\":\"CanadaHelps - Donate to any charity in Canada\",\"description\":\"Le don en toute simplicit\u00e9\",\"publisher\":{\"@id\":\"https:\/\/www.canadahelps.org\/fr\/#organization\"},\"potentialAction\":[{\"@type\":\"SearchAction\",\"target\":{\"@type\":\"EntryPoint\",\"urlTemplate\":\"https:\/\/www.canadahelps.org\/fr\/?s={search_term_string}\"},\"query-input\":{\"@type\":\"PropertyValueSpecification\",\"valueRequired\":true,\"valueName\":\"search_term_string\"}}],\"inLanguage\":\"fr\"},{\"@type\":\"Organization\",\"@id\":\"https:\/\/www.canadahelps.org\/fr\/#organization\",\"name\":\"CanadaHelps\",\"url\":\"https:\/\/www.canadahelps.org\/fr\/\",\"logo\":{\"@type\":\"ImageObject\",\"inLanguage\":\"fr\",\"@id\":\"https:\/\/www.canadahelps.org\/fr\/#\/schema\/logo\/image\/\",\"url\":\"https:\/\/www.canadahelps.org\/media\/canadahelps-en.jpg\",\"contentUrl\":\"https:\/\/www.canadahelps.org\/media\/canadahelps-en.jpg\",\"width\":131,\"height\":72,\"caption\":\"CanadaHelps\"},\"image\":{\"@id\":\"https:\/\/www.canadahelps.org\/fr\/#\/schema\/logo\/image\/\"}}]}<\/script>\n<!-- \/ Yoast SEO plugin. -->","yoast_head_json":{"title":"Le s\u00e9isme de 2011 au Japon et le tsunami du Pacifique | CanaDon - Faites des dons \u00e0 un organisme de bienfaisance au Canada","robots":{"index":"index","follow":"follow","max-snippet":"max-snippet:-1","max-image-preview":"max-image-preview:large","max-video-preview":"max-video-preview:-1"},"canonical":"https:\/\/www.canadahelps.org\/fr\/centre-de-secours-humanitaire-canadon-old\/le-seisme-de-2011-au-japon-et-le-tsunami-du-pacifique\/","og_locale":"fr_FR","og_type":"article","og_title":"Le s\u00e9isme de 2011 au Japon et le tsunami du Pacifique | CanaDon - Faites des dons \u00e0 un organisme de bienfaisance au Canada","og_url":"https:\/\/www.canadahelps.org\/fr\/centre-de-secours-humanitaire-canadon-old\/le-seisme-de-2011-au-japon-et-le-tsunami-du-pacifique\/","og_site_name":"CanaDon - Faites des dons \u00e0 un organisme de bienfaisance au Canada","article_modified_time":"2017-04-25T18:43:02+00:00","og_image":[{"url":"https:\/\/www.canadahelps.org\/media\/01japan.jpg","type":"","width":"","height":""}],"twitter_card":"summary_large_image","schema":{"@context":"https:\/\/schema.org","@graph":[{"@type":"WebPage","@id":"https:\/\/www.canadahelps.org\/fr\/centre-de-secours-humanitaire-canadon-old\/le-seisme-de-2011-au-japon-et-le-tsunami-du-pacifique\/","url":"https:\/\/www.canadahelps.org\/fr\/centre-de-secours-humanitaire-canadon-old\/le-seisme-de-2011-au-japon-et-le-tsunami-du-pacifique\/","name":"Le s\u00e9isme de 2011 au Japon et le tsunami du Pacifique | CanaDon - Faites des dons \u00e0 un organisme de bienfaisance au Canada","isPartOf":{"@id":"https:\/\/www.canadahelps.org\/fr\/#website"},"primaryImageOfPage":{"@id":"https:\/\/www.canadahelps.org\/fr\/centre-de-secours-humanitaire-canadon-old\/le-seisme-de-2011-au-japon-et-le-tsunami-du-pacifique\/#primaryimage"},"image":{"@id":"https:\/\/www.canadahelps.org\/fr\/centre-de-secours-humanitaire-canadon-old\/le-seisme-de-2011-au-japon-et-le-tsunami-du-pacifique\/#primaryimage"},"thumbnailUrl":"https:\/\/www.canadahelps.org\/media\/01japan.jpg","datePublished":"2017-03-01T19:46:57+00:00","dateModified":"2017-04-25T18:43:02+00:00","breadcrumb":{"@id":"https:\/\/www.canadahelps.org\/fr\/centre-de-secours-humanitaire-canadon-old\/le-seisme-de-2011-au-japon-et-le-tsunami-du-pacifique\/#breadcrumb"},"inLanguage":"fr","potentialAction":[{"@type":"ReadAction","target":["https:\/\/www.canadahelps.org\/fr\/centre-de-secours-humanitaire-canadon-old\/le-seisme-de-2011-au-japon-et-le-tsunami-du-pacifique\/"]}]},{"@type":"ImageObject","inLanguage":"fr","@id":"https:\/\/www.canadahelps.org\/fr\/centre-de-secours-humanitaire-canadon-old\/le-seisme-de-2011-au-japon-et-le-tsunami-du-pacifique\/#primaryimage","url":"https:\/\/www.canadahelps.org\/media\/01japan.jpg","contentUrl":"https:\/\/www.canadahelps.org\/media\/01japan.jpg"},{"@type":"BreadcrumbList","@id":"https:\/\/www.canadahelps.org\/fr\/centre-de-secours-humanitaire-canadon-old\/le-seisme-de-2011-au-japon-et-le-tsunami-du-pacifique\/#breadcrumb","itemListElement":[{"@type":"ListItem","position":1,"name":"Home","item":"https:\/\/www.canadahelps.org\/fr\/"},{"@type":"ListItem","position":2,"name":"Centre de secours humanitaire CanaDon","item":"https:\/\/www.canadahelps.org\/fr\/centre-de-secours-humanitaire-canadon-old\/"},{"@type":"ListItem","position":3,"name":"Le s\u00e9isme de 2011 au Japon et le tsunami du Pacifique"}]},{"@type":"WebSite","@id":"https:\/\/www.canadahelps.org\/fr\/#website","url":"https:\/\/www.canadahelps.org\/fr\/","name":"CanadaHelps - Donate to any charity in Canada","description":"Le don en toute simplicit\u00e9","publisher":{"@id":"https:\/\/www.canadahelps.org\/fr\/#organization"},"potentialAction":[{"@type":"SearchAction","target":{"@type":"EntryPoint","urlTemplate":"https:\/\/www.canadahelps.org\/fr\/?s={search_term_string}"},"query-input":{"@type":"PropertyValueSpecification","valueRequired":true,"valueName":"search_term_string"}}],"inLanguage":"fr"},{"@type":"Organization","@id":"https:\/\/www.canadahelps.org\/fr\/#organization","name":"CanadaHelps","url":"https:\/\/www.canadahelps.org\/fr\/","logo":{"@type":"ImageObject","inLanguage":"fr","@id":"https:\/\/www.canadahelps.org\/fr\/#\/schema\/logo\/image\/","url":"https:\/\/www.canadahelps.org\/media\/canadahelps-en.jpg","contentUrl":"https:\/\/www.canadahelps.org\/media\/canadahelps-en.jpg","width":131,"height":72,"caption":"CanadaHelps"},"image":{"@id":"https:\/\/www.canadahelps.org\/fr\/#\/schema\/logo\/image\/"}}]}},"_links":{"self":[{"href":"https:\/\/www.canadahelps.org\/fr\/wp-json\/wp\/v2\/pages\/14674","targetHints":{"allow":["GET"]}}],"collection":[{"href":"https:\/\/www.canadahelps.org\/fr\/wp-json\/wp\/v2\/pages"}],"about":[{"href":"https:\/\/www.canadahelps.org\/fr\/wp-json\/wp\/v2\/types\/page"}],"author":[{"embeddable":true,"href":"https:\/\/www.canadahelps.org\/fr\/wp-json\/wp\/v2\/users\/7"}],"replies":[{"embeddable":true,"href":"https:\/\/www.canadahelps.org\/fr\/wp-json\/wp\/v2\/comments?post=14674"}],"version-history":[{"count":7,"href":"https:\/\/www.canadahelps.org\/fr\/wp-json\/wp\/v2\/pages\/14674\/revisions"}],"predecessor-version":[{"id":14691,"href":"https:\/\/www.canadahelps.org\/fr\/wp-json\/wp\/v2\/pages\/14674\/revisions\/14691"}],"up":[{"embeddable":true,"href":"https:\/\/www.canadahelps.org\/fr\/wp-json\/wp\/v2\/pages\/13407"}],"wp:attachment":[{"href":"https:\/\/www.canadahelps.org\/fr\/wp-json\/wp\/v2\/media?parent=14674"}],"curies":[{"name":"wp","href":"https:\/\/api.w.org\/{rel}","templated":true}]}}