{"id":14987,"date":"2017-04-06T13:44:25","date_gmt":"2017-04-06T17:44:25","guid":{"rendered":"https:\/\/www.canadahelps.org\/?page_id=14987\/"},"modified":"2019-09-16T12:22:39","modified_gmt":"2019-09-16T16:22:39","slug":"comment-creer-une-page-de-campagne-sur-canadon","status":"publish","type":"page","link":"https:\/\/www.canadahelps.org\/fr\/comment-creer-une-page-de-campagne-sur-canadon\/","title":{"rendered":"Comment cr\u00e9er une page de campagne sur CanaDon"},"content":{"rendered":"<h2 style=\"text-align: left;\">Cr\u00e9ez en quelques minutes une page de campagne sur CanaDon et attirez l\u2019attention d\u2019un plus grand nombre de donateurs sur le travail de votre organisme<\/h2>\n<p>Les campagnes permettent \u00e0 votre organisme de faire conna\u00eetre un aspect de votre mission pour lequel vous avez besoin de recueillir des fonds. Dans les pages de campagne, vous pouvez ajouter du texte, des photos, des montants sugg\u00e9r\u00e9s pour les dons, un objectif de financement, un thermom\u00e8tre de collecte de fonds, etc., afin de susciter la g\u00e9n\u00e9rosit\u00e9 des centaines de milliers de Canadiens qui visitent CanaDon.org et de les sensibiliser au travail de votre organisme.<\/p>\n<p><b>O\u00f9 regarder : Compte d\u2019organisme \u27f6 Profil \u27f6 Pages de campagne<\/b><\/p>\n<h2>3 conseils pour cr\u00e9er une bonne page de campagne pour votre organisme<\/h2>\n<div class=\"row\">\n<div class=\"col-sm-10\">\n<div class=\"media-object bubble pull-left\">1<\/div>\n<div class=\"media-body\" style=\"padding: 0px 10px 15px;\">Lorsque vous choisissez la date \u00e0 laquelle se terminera votre campagne, rappelez-vous que nous faisons durant toute l\u2019ann\u00e9e la promotion de campagnes pour c\u00e9l\u00e9brer des occasions comme la f\u00eate des M\u00e8res, la Saint-Valentin, etc.<\/div>\n<\/div>\n<div class=\"col-sm-10\">\n<div class=\"media-object bubble pull-left\">2<\/div>\n<div class=\"media-body\" style=\"padding: 0px 10px 15px;\">Pour de meilleurs r\u00e9sultats, utilisez une image principale de campagne, en haute r\u00e9solution, et au moins cinq images de votre carrousel m\u00e9dia. L\u2019image principale que vous t\u00e9l\u00e9verserez sera affich\u00e9e sur la <strong><a href=\"https:\/\/www.canadahelps.org\/fr\/explore\/campaigns\/\">page de navigation dans les campagnes <\/a><\/strong> pour les visiteurs sur CanaDa.org. Choisissez une image accrocheuse qui incitera les visiteurs \u00e0 cliquer pour en savoir davantage. Si vous n\u2019ajoutez pas d\u2019image principale, le logo de votre organisme sera affich\u00e9 \u00e0 la place.<\/div>\n<\/div>\n<div class=\"col-sm-10\">\n<div class=\"media-object bubble pull-left\">3<\/div>\n<div class=\"media-body\" style=\"padding: 0px 10px;\">Le cas \u00e9ch\u00e9ant, n\u2019oubliez pas de s\u00e9lectionner la cat\u00e9gorie la plus appropri\u00e9e pour votre campagne, que ce soit Mardi je donne, Guide de cadeaux de bienfaisance, etc. Vous trouverez cette option \u00e0 la section \u00ab Info sur la campagne \u00bb au moment de cr\u00e9er votre page de campagne.<\/div>\n<\/div>\n<\/div>\n<hr class=\"grey\" \/>\n<p><a name=\"section-1\"><\/a><\/p>\n<h2>Pr\u00eat \u00e0 commencer?<\/h2>\n<p class=\"text-oversize\"><strong><a href=\"https:\/\/www.canadahelps.org\/fr\/Admin\/MCProfile_Admin.aspx\">Ouvrez une session <\/a><\/strong> sur le compte CanaDon de votre organisme afin de cr\u00e9er votre page de campagne en quelques minutes, ou <strong><a href=\"https:\/\/www.canadahelps.org\/fr\/pour-les-organismes\/\">inscrivez-vous <\/a><\/strong> en ligne afin d\u2019ouvrir le compte gratuit de votre organisme sur CanaDon et de vous lancer.<\/p>\n<p><a class=\"btn btn-primary\" href=\"https:\/\/www.canadahelps.org\/fr\/Admin\/MCProfile_Admin.aspx\">Ouvrir une session<\/a><\/p>\n<div class=\"modal fade js-beautiful-modal\">\n<div class=\"modal-dialog modal-lg\">\n<div class=\"modal-content\">\n<p class=\"text-center\">&#8230;<\/p>\n<\/div>\n<p><!-- \/.modal-content --><\/p>\n<\/div>\n<p><!-- \/.modal-dialog --><\/p>\n<\/div>\n","protected":false},"excerpt":{"rendered":"<p>Cr\u00e9ez en quelques minutes une page de campagne sur CanaDon et attirez l\u2019attention d\u2019un plus grand nombre de donateurs sur le travail de votre organisme &#8230; <a href=\"https:\/\/www.canadahelps.org\/fr\/comment-creer-une-page-de-campagne-sur-canadon\/\" id=\"canadahelp-blog-meta\">Voir plus<\/a><\/p>\n","protected":false},"author":7,"featured_media":0,"parent":0,"menu_order":0,"comment_status":"closed","ping_status":"closed","template":"template-custom.php","meta":{"footnotes":""},"class_list":["post-14987","page","type-page","status-publish","hentry"],"acf":{"meta_description":"","use_toc_layout":false,"insert_spotlight_boxes":false,"use_biography_grid":false,"additional_body_css_classes":"","footer_panels":false,"header_banner_colour":"#748E09","hide_page_title":false,"row_settings":false},"yoast_head":"<!-- This site is optimized with the Yoast SEO plugin v26.0 - https:\/\/yoast.com\/wordpress\/plugins\/seo\/ -->\n<title>Comment cr\u00e9er une page de campagne sur CanaDon | CanaDon - Faites des dons \u00e0 un organisme de bienfaisance au Canada<\/title>\n<meta name=\"robots\" content=\"index, follow, max-snippet:-1, max-image-preview:large, max-video-preview:-1\" \/>\n<link rel=\"canonical\" href=\"https:\/\/www.canadahelps.org\/fr\/comment-creer-une-page-de-campagne-sur-canadon\/\" \/>\n<meta property=\"og:locale\" content=\"fr_FR\" \/>\n<meta property=\"og:type\" content=\"article\" \/>\n<meta property=\"og:title\" content=\"Comment cr\u00e9er une page de campagne sur CanaDon | CanaDon - Faites des dons \u00e0 un organisme de bienfaisance au Canada\" \/>\n<meta property=\"og:description\" content=\"Cr\u00e9ez en quelques minutes une page de campagne sur CanaDon et attirez l\u2019attention d\u2019un plus grand nombre de donateurs sur le travail de votre organisme ... Voir plus\" \/>\n<meta property=\"og:url\" content=\"https:\/\/www.canadahelps.org\/fr\/comment-creer-une-page-de-campagne-sur-canadon\/\" \/>\n<meta property=\"og:site_name\" content=\"CanaDon - Faites des dons \u00e0 un organisme de bienfaisance au Canada\" \/>\n<meta property=\"article:modified_time\" content=\"2019-09-16T16:22:39+00:00\" \/>\n<meta name=\"twitter:card\" content=\"summary_large_image\" \/>\n<meta name=\"twitter:label1\" content=\"Est. reading time\" \/>\n\t<meta name=\"twitter:data1\" content=\"2 minutes\" \/>\n<script type=\"application\/ld+json\" class=\"yoast-schema-graph\">{\"@context\":\"https:\/\/schema.org\",\"@graph\":[{\"@type\":\"WebPage\",\"@id\":\"https:\/\/www.canadahelps.org\/fr\/comment-creer-une-page-de-campagne-sur-canadon\/\",\"url\":\"https:\/\/www.canadahelps.org\/fr\/comment-creer-une-page-de-campagne-sur-canadon\/\",\"name\":\"Comment cr\u00e9er une page de campagne sur CanaDon | CanaDon - Faites des dons \u00e0 un organisme de bienfaisance au Canada\",\"isPartOf\":{\"@id\":\"https:\/\/www.canadahelps.org\/fr\/#website\"},\"datePublished\":\"2017-04-06T17:44:25+00:00\",\"dateModified\":\"2019-09-16T16:22:39+00:00\",\"breadcrumb\":{\"@id\":\"https:\/\/www.canadahelps.org\/fr\/comment-creer-une-page-de-campagne-sur-canadon\/#breadcrumb\"},\"inLanguage\":\"fr\",\"potentialAction\":[{\"@type\":\"ReadAction\",\"target\":[\"https:\/\/www.canadahelps.org\/fr\/comment-creer-une-page-de-campagne-sur-canadon\/\"]}]},{\"@type\":\"BreadcrumbList\",\"@id\":\"https:\/\/www.canadahelps.org\/fr\/comment-creer-une-page-de-campagne-sur-canadon\/#breadcrumb\",\"itemListElement\":[{\"@type\":\"ListItem\",\"position\":1,\"name\":\"Home\",\"item\":\"https:\/\/www.canadahelps.org\/fr\/\"},{\"@type\":\"ListItem\",\"position\":2,\"name\":\"Comment cr\u00e9er une page de campagne sur CanaDon\"}]},{\"@type\":\"WebSite\",\"@id\":\"https:\/\/www.canadahelps.org\/fr\/#website\",\"url\":\"https:\/\/www.canadahelps.org\/fr\/\",\"name\":\"CanadaHelps - Donate to any charity in Canada\",\"description\":\"Le don en toute simplicit\u00e9\",\"publisher\":{\"@id\":\"https:\/\/www.canadahelps.org\/fr\/#organization\"},\"potentialAction\":[{\"@type\":\"SearchAction\",\"target\":{\"@type\":\"EntryPoint\",\"urlTemplate\":\"https:\/\/www.canadahelps.org\/fr\/?s={search_term_string}\"},\"query-input\":{\"@type\":\"PropertyValueSpecification\",\"valueRequired\":true,\"valueName\":\"search_term_string\"}}],\"inLanguage\":\"fr\"},{\"@type\":\"Organization\",\"@id\":\"https:\/\/www.canadahelps.org\/fr\/#organization\",\"name\":\"CanadaHelps\",\"url\":\"https:\/\/www.canadahelps.org\/fr\/\",\"logo\":{\"@type\":\"ImageObject\",\"inLanguage\":\"fr\",\"@id\":\"https:\/\/www.canadahelps.org\/fr\/#\/schema\/logo\/image\/\",\"url\":\"https:\/\/www.canadahelps.org\/media\/canadahelps-en.jpg\",\"contentUrl\":\"https:\/\/www.canadahelps.org\/media\/canadahelps-en.jpg\",\"width\":131,\"height\":72,\"caption\":\"CanadaHelps\"},\"image\":{\"@id\":\"https:\/\/www.canadahelps.org\/fr\/#\/schema\/logo\/image\/\"}}]}<\/script>\n<!-- \/ Yoast SEO plugin. -->","yoast_head_json":{"title":"Comment cr\u00e9er une page de campagne sur CanaDon | CanaDon - Faites des dons \u00e0 un organisme de bienfaisance au Canada","robots":{"index":"index","follow":"follow","max-snippet":"max-snippet:-1","max-image-preview":"max-image-preview:large","max-video-preview":"max-video-preview:-1"},"canonical":"https:\/\/www.canadahelps.org\/fr\/comment-creer-une-page-de-campagne-sur-canadon\/","og_locale":"fr_FR","og_type":"article","og_title":"Comment cr\u00e9er une page de campagne sur CanaDon | CanaDon - Faites des dons \u00e0 un organisme de bienfaisance au Canada","og_description":"Cr\u00e9ez en quelques minutes une page de campagne sur CanaDon et attirez l\u2019attention d\u2019un plus grand nombre de donateurs sur le travail de votre organisme ... Voir plus","og_url":"https:\/\/www.canadahelps.org\/fr\/comment-creer-une-page-de-campagne-sur-canadon\/","og_site_name":"CanaDon - Faites des dons \u00e0 un organisme de bienfaisance au Canada","article_modified_time":"2019-09-16T16:22:39+00:00","twitter_card":"summary_large_image","twitter_misc":{"Est. reading time":"2 minutes"},"schema":{"@context":"https:\/\/schema.org","@graph":[{"@type":"WebPage","@id":"https:\/\/www.canadahelps.org\/fr\/comment-creer-une-page-de-campagne-sur-canadon\/","url":"https:\/\/www.canadahelps.org\/fr\/comment-creer-une-page-de-campagne-sur-canadon\/","name":"Comment cr\u00e9er une page de campagne sur CanaDon | CanaDon - Faites des dons \u00e0 un organisme de bienfaisance au Canada","isPartOf":{"@id":"https:\/\/www.canadahelps.org\/fr\/#website"},"datePublished":"2017-04-06T17:44:25+00:00","dateModified":"2019-09-16T16:22:39+00:00","breadcrumb":{"@id":"https:\/\/www.canadahelps.org\/fr\/comment-creer-une-page-de-campagne-sur-canadon\/#breadcrumb"},"inLanguage":"fr","potentialAction":[{"@type":"ReadAction","target":["https:\/\/www.canadahelps.org\/fr\/comment-creer-une-page-de-campagne-sur-canadon\/"]}]},{"@type":"BreadcrumbList","@id":"https:\/\/www.canadahelps.org\/fr\/comment-creer-une-page-de-campagne-sur-canadon\/#breadcrumb","itemListElement":[{"@type":"ListItem","position":1,"name":"Home","item":"https:\/\/www.canadahelps.org\/fr\/"},{"@type":"ListItem","position":2,"name":"Comment cr\u00e9er une page de campagne sur CanaDon"}]},{"@type":"WebSite","@id":"https:\/\/www.canadahelps.org\/fr\/#website","url":"https:\/\/www.canadahelps.org\/fr\/","name":"CanadaHelps - Donate to any charity in Canada","description":"Le don en toute simplicit\u00e9","publisher":{"@id":"https:\/\/www.canadahelps.org\/fr\/#organization"},"potentialAction":[{"@type":"SearchAction","target":{"@type":"EntryPoint","urlTemplate":"https:\/\/www.canadahelps.org\/fr\/?s={search_term_string}"},"query-input":{"@type":"PropertyValueSpecification","valueRequired":true,"valueName":"search_term_string"}}],"inLanguage":"fr"},{"@type":"Organization","@id":"https:\/\/www.canadahelps.org\/fr\/#organization","name":"CanadaHelps","url":"https:\/\/www.canadahelps.org\/fr\/","logo":{"@type":"ImageObject","inLanguage":"fr","@id":"https:\/\/www.canadahelps.org\/fr\/#\/schema\/logo\/image\/","url":"https:\/\/www.canadahelps.org\/media\/canadahelps-en.jpg","contentUrl":"https:\/\/www.canadahelps.org\/media\/canadahelps-en.jpg","width":131,"height":72,"caption":"CanadaHelps"},"image":{"@id":"https:\/\/www.canadahelps.org\/fr\/#\/schema\/logo\/image\/"}}]}},"_links":{"self":[{"href":"https:\/\/www.canadahelps.org\/fr\/wp-json\/wp\/v2\/pages\/14987","targetHints":{"allow":["GET"]}}],"collection":[{"href":"https:\/\/www.canadahelps.org\/fr\/wp-json\/wp\/v2\/pages"}],"about":[{"href":"https:\/\/www.canadahelps.org\/fr\/wp-json\/wp\/v2\/types\/page"}],"author":[{"embeddable":true,"href":"https:\/\/www.canadahelps.org\/fr\/wp-json\/wp\/v2\/users\/7"}],"replies":[{"embeddable":true,"href":"https:\/\/www.canadahelps.org\/fr\/wp-json\/wp\/v2\/comments?post=14987"}],"version-history":[{"count":10,"href":"https:\/\/www.canadahelps.org\/fr\/wp-json\/wp\/v2\/pages\/14987\/revisions"}],"predecessor-version":[{"id":26896,"href":"https:\/\/www.canadahelps.org\/fr\/wp-json\/wp\/v2\/pages\/14987\/revisions\/26896"}],"wp:attachment":[{"href":"https:\/\/www.canadahelps.org\/fr\/wp-json\/wp\/v2\/media?parent=14987"}],"curies":[{"name":"wp","href":"https:\/\/api.w.org\/{rel}","templated":true}]}}