{"id":15612,"date":"2017-07-18T17:21:58","date_gmt":"2017-07-18T21:21:58","guid":{"rendered":"https:\/\/www.canadahelps.org\/?page_id=15612\/"},"modified":"2017-07-18T17:32:54","modified_gmt":"2017-07-18T21:32:54","slug":"faq-page-dimpact","status":"publish","type":"page","link":"https:\/\/www.canadahelps.org\/fr\/faq-page-dimpact\/","title":{"rendered":"FAQ \u2014 Page d\u2019impact"},"content":{"rendered":"<h2>O\u00f9 puis-je trouver la Page d\u2019impact de mon organisme? Comment les donateurs y ont-ils acc\u00e8s?<\/h2>\n<p>Pour voir ou mettre \u00e0 jour la Page d\u2019impact de votre organisme, ouvrez une session sur le compte de votre organisme, sur CanaDon, et cliquez sur \u00ab Page d\u2019impact \u00bb dans la zone \u00ab Profil \u00bb de votre compte.<br \/>\nLes donateurs peuvent voir la Page d\u2019impact de votre organisme lorsqu\u2019ils visitent CanaDon.org et font une recherche pour votre organisme ou le d\u00e9couvrent. Lorsqu\u2019ils arrivent sur le profil gratuit de votre organisme sur CanaDon.org, ils peuvent voir des donn\u00e9es de l\u2019Agence du revenu du Canada en cliquant sur \u00ab Notre impact \u00bb, dans le profil de votre organisme.<\/p>\n<h2>Pourquoi la Page d\u2019impact de mon organisme est-elle importante?<\/h2>\n<p>De plus en plus, les donateurs veulent conna\u00eetre l\u2019impact tangible de leurs dons. La Page d\u2019impact de votre organisme vous aidera \u00e0 d\u00e9montrer visuellement l\u2019impact de votre travail caritatif. Mettez-vous en valeur et attirez de nouveaux donateurs en gardant votre page \u00e0 jour.<\/p>\n<h2>Puis-je enlever ou mettre \u00e0 jour les donn\u00e9es de l\u2019Agence du revenu du Canada qui sont affich\u00e9es sur ma Page d\u2019impact, sur CanaDon.org?<\/h2>\n<p>Les donn\u00e9es de l\u2019Agence du revenu du Canada qui sont affich\u00e9es sur la Page d\u2019impact de votre organisme ne peuvent pas \u00eatre supprim\u00e9es, mises \u00e0 jour, personnalis\u00e9es ou cach\u00e9es par votre organisme ou par CanaDon. Vous pouvez ajouter de l\u2019information, par exemple des t\u00e9moignages, votre histoire d\u2019impact, vos programmes et vos r\u00e9sultats, et cette information sera affich\u00e9e directement au-dessus et en dessous des donn\u00e9es de l\u2019Agence du revenu du Canada.<\/p>\n<h2>Les donn\u00e9es de l\u2019Agence du revenu du Canada sur ma Page d\u2019impact sont d\u00e9su\u00e8tes ou incorrectes. Que dois-je faire?<\/h2>\n<p>Les donn\u00e9es sont affich\u00e9es telles qu\u2019elles sont pr\u00e9sent\u00e9es sur le site Web de l\u2019Agence du revenu du Canada. Si ces donn\u00e9es sont d\u00e9su\u00e8tes ou incorrectes, veuillez les mettre \u00e0 jour directement aupr\u00e8s de l\u2019Agence du revenu du Canada. Veuillez noter qu\u2019il y a un d\u00e9lai entre la soumission de votre organisme \u00e0 l\u2019Agence du revenu du Canada et la disponibilit\u00e9 des donn\u00e9es sur CanaDon. Pour de plus amples renseignements sur la fa\u00e7on de mettre \u00e0 jour vos donn\u00e9es aupr\u00e8s de l\u2019ARC, veuillez <a href=\"http:\/\/www.cra-arc.gc.ca\/chrts-gvng\/chrts\/prtng\/chngs\/menu-fra.html\"><u>visiter le site Web de l&#8217;ARC<\/u><\/a>.<\/p>\n","protected":false},"excerpt":{"rendered":"<p>O\u00f9 puis-je trouver la Page d\u2019impact de mon organisme? Comment les donateurs y ont-ils acc\u00e8s? Pour voir ou mettre \u00e0 jour la Page d\u2019impact de &#8230; <a href=\"https:\/\/www.canadahelps.org\/fr\/faq-page-dimpact\/\" id=\"canadahelp-blog-meta\">Voir plus<\/a><\/p>\n","protected":false},"author":7,"featured_media":0,"parent":0,"menu_order":0,"comment_status":"closed","ping_status":"closed","template":"template-custom.php","meta":{"footnotes":""},"class_list":["post-15612","page","type-page","status-publish","hentry"],"acf":{"meta_description":"","use_toc_layout":false,"insert_spotlight_boxes":false,"use_biography_grid":false,"header_banner_colour":"#748E09"},"yoast_head":"<!-- This site is optimized with the Yoast SEO plugin v26.0 - https:\/\/yoast.com\/wordpress\/plugins\/seo\/ -->\n<title>FAQ \u2014 Page d\u2019impact | CanaDon - Faites des dons \u00e0 un organisme de bienfaisance au Canada<\/title>\n<meta name=\"robots\" content=\"index, follow, max-snippet:-1, max-image-preview:large, max-video-preview:-1\" \/>\n<link rel=\"canonical\" href=\"https:\/\/www.canadahelps.org\/fr\/faq-page-dimpact\/\" \/>\n<meta property=\"og:locale\" content=\"fr_FR\" \/>\n<meta property=\"og:type\" content=\"article\" \/>\n<meta property=\"og:title\" content=\"FAQ \u2014 Page d\u2019impact | CanaDon - Faites des dons \u00e0 un organisme de bienfaisance au Canada\" \/>\n<meta property=\"og:description\" content=\"O\u00f9 puis-je trouver la Page d\u2019impact de mon organisme? Comment les donateurs y ont-ils acc\u00e8s? Pour voir ou mettre \u00e0 jour la Page d\u2019impact de ... Voir plus\" \/>\n<meta property=\"og:url\" content=\"https:\/\/www.canadahelps.org\/fr\/faq-page-dimpact\/\" \/>\n<meta property=\"og:site_name\" content=\"CanaDon - Faites des dons \u00e0 un organisme de bienfaisance au Canada\" \/>\n<meta property=\"article:modified_time\" content=\"2017-07-18T21:32:54+00:00\" \/>\n<meta name=\"twitter:card\" content=\"summary_large_image\" \/>\n<meta name=\"twitter:label1\" content=\"Est. reading time\" \/>\n\t<meta name=\"twitter:data1\" content=\"2 minutes\" \/>\n<script type=\"application\/ld+json\" class=\"yoast-schema-graph\">{\"@context\":\"https:\/\/schema.org\",\"@graph\":[{\"@type\":\"WebPage\",\"@id\":\"https:\/\/www.canadahelps.org\/fr\/faq-page-dimpact\/\",\"url\":\"https:\/\/www.canadahelps.org\/fr\/faq-page-dimpact\/\",\"name\":\"FAQ \u2014 Page d\u2019impact | CanaDon - Faites des dons \u00e0 un organisme de bienfaisance au Canada\",\"isPartOf\":{\"@id\":\"https:\/\/www.canadahelps.org\/fr\/#website\"},\"datePublished\":\"2017-07-18T21:21:58+00:00\",\"dateModified\":\"2017-07-18T21:32:54+00:00\",\"breadcrumb\":{\"@id\":\"https:\/\/www.canadahelps.org\/fr\/faq-page-dimpact\/#breadcrumb\"},\"inLanguage\":\"fr\",\"potentialAction\":[{\"@type\":\"ReadAction\",\"target\":[\"https:\/\/www.canadahelps.org\/fr\/faq-page-dimpact\/\"]}]},{\"@type\":\"BreadcrumbList\",\"@id\":\"https:\/\/www.canadahelps.org\/fr\/faq-page-dimpact\/#breadcrumb\",\"itemListElement\":[{\"@type\":\"ListItem\",\"position\":1,\"name\":\"Home\",\"item\":\"https:\/\/www.canadahelps.org\/fr\/\"},{\"@type\":\"ListItem\",\"position\":2,\"name\":\"FAQ \u2014 Page d\u2019impact\"}]},{\"@type\":\"WebSite\",\"@id\":\"https:\/\/www.canadahelps.org\/fr\/#website\",\"url\":\"https:\/\/www.canadahelps.org\/fr\/\",\"name\":\"CanadaHelps - Donate to any charity in Canada\",\"description\":\"Le don en toute simplicit\u00e9\",\"publisher\":{\"@id\":\"https:\/\/www.canadahelps.org\/fr\/#organization\"},\"potentialAction\":[{\"@type\":\"SearchAction\",\"target\":{\"@type\":\"EntryPoint\",\"urlTemplate\":\"https:\/\/www.canadahelps.org\/fr\/?s={search_term_string}\"},\"query-input\":{\"@type\":\"PropertyValueSpecification\",\"valueRequired\":true,\"valueName\":\"search_term_string\"}}],\"inLanguage\":\"fr\"},{\"@type\":\"Organization\",\"@id\":\"https:\/\/www.canadahelps.org\/fr\/#organization\",\"name\":\"CanadaHelps\",\"url\":\"https:\/\/www.canadahelps.org\/fr\/\",\"logo\":{\"@type\":\"ImageObject\",\"inLanguage\":\"fr\",\"@id\":\"https:\/\/www.canadahelps.org\/fr\/#\/schema\/logo\/image\/\",\"url\":\"https:\/\/www.canadahelps.org\/media\/canadahelps-en.jpg\",\"contentUrl\":\"https:\/\/www.canadahelps.org\/media\/canadahelps-en.jpg\",\"width\":131,\"height\":72,\"caption\":\"CanadaHelps\"},\"image\":{\"@id\":\"https:\/\/www.canadahelps.org\/fr\/#\/schema\/logo\/image\/\"}}]}<\/script>\n<!-- \/ Yoast SEO plugin. -->","yoast_head_json":{"title":"FAQ \u2014 Page d\u2019impact | CanaDon - Faites des dons \u00e0 un organisme de bienfaisance au Canada","robots":{"index":"index","follow":"follow","max-snippet":"max-snippet:-1","max-image-preview":"max-image-preview:large","max-video-preview":"max-video-preview:-1"},"canonical":"https:\/\/www.canadahelps.org\/fr\/faq-page-dimpact\/","og_locale":"fr_FR","og_type":"article","og_title":"FAQ \u2014 Page d\u2019impact | CanaDon - Faites des dons \u00e0 un organisme de bienfaisance au Canada","og_description":"O\u00f9 puis-je trouver la Page d\u2019impact de mon organisme? Comment les donateurs y ont-ils acc\u00e8s? Pour voir ou mettre \u00e0 jour la Page d\u2019impact de ... Voir plus","og_url":"https:\/\/www.canadahelps.org\/fr\/faq-page-dimpact\/","og_site_name":"CanaDon - Faites des dons \u00e0 un organisme de bienfaisance au Canada","article_modified_time":"2017-07-18T21:32:54+00:00","twitter_card":"summary_large_image","twitter_misc":{"Est. reading time":"2 minutes"},"schema":{"@context":"https:\/\/schema.org","@graph":[{"@type":"WebPage","@id":"https:\/\/www.canadahelps.org\/fr\/faq-page-dimpact\/","url":"https:\/\/www.canadahelps.org\/fr\/faq-page-dimpact\/","name":"FAQ \u2014 Page d\u2019impact | CanaDon - Faites des dons \u00e0 un organisme de bienfaisance au Canada","isPartOf":{"@id":"https:\/\/www.canadahelps.org\/fr\/#website"},"datePublished":"2017-07-18T21:21:58+00:00","dateModified":"2017-07-18T21:32:54+00:00","breadcrumb":{"@id":"https:\/\/www.canadahelps.org\/fr\/faq-page-dimpact\/#breadcrumb"},"inLanguage":"fr","potentialAction":[{"@type":"ReadAction","target":["https:\/\/www.canadahelps.org\/fr\/faq-page-dimpact\/"]}]},{"@type":"BreadcrumbList","@id":"https:\/\/www.canadahelps.org\/fr\/faq-page-dimpact\/#breadcrumb","itemListElement":[{"@type":"ListItem","position":1,"name":"Home","item":"https:\/\/www.canadahelps.org\/fr\/"},{"@type":"ListItem","position":2,"name":"FAQ \u2014 Page d\u2019impact"}]},{"@type":"WebSite","@id":"https:\/\/www.canadahelps.org\/fr\/#website","url":"https:\/\/www.canadahelps.org\/fr\/","name":"CanadaHelps - Donate to any charity in Canada","description":"Le don en toute simplicit\u00e9","publisher":{"@id":"https:\/\/www.canadahelps.org\/fr\/#organization"},"potentialAction":[{"@type":"SearchAction","target":{"@type":"EntryPoint","urlTemplate":"https:\/\/www.canadahelps.org\/fr\/?s={search_term_string}"},"query-input":{"@type":"PropertyValueSpecification","valueRequired":true,"valueName":"search_term_string"}}],"inLanguage":"fr"},{"@type":"Organization","@id":"https:\/\/www.canadahelps.org\/fr\/#organization","name":"CanadaHelps","url":"https:\/\/www.canadahelps.org\/fr\/","logo":{"@type":"ImageObject","inLanguage":"fr","@id":"https:\/\/www.canadahelps.org\/fr\/#\/schema\/logo\/image\/","url":"https:\/\/www.canadahelps.org\/media\/canadahelps-en.jpg","contentUrl":"https:\/\/www.canadahelps.org\/media\/canadahelps-en.jpg","width":131,"height":72,"caption":"CanadaHelps"},"image":{"@id":"https:\/\/www.canadahelps.org\/fr\/#\/schema\/logo\/image\/"}}]}},"_links":{"self":[{"href":"https:\/\/www.canadahelps.org\/fr\/wp-json\/wp\/v2\/pages\/15612","targetHints":{"allow":["GET"]}}],"collection":[{"href":"https:\/\/www.canadahelps.org\/fr\/wp-json\/wp\/v2\/pages"}],"about":[{"href":"https:\/\/www.canadahelps.org\/fr\/wp-json\/wp\/v2\/types\/page"}],"author":[{"embeddable":true,"href":"https:\/\/www.canadahelps.org\/fr\/wp-json\/wp\/v2\/users\/7"}],"replies":[{"embeddable":true,"href":"https:\/\/www.canadahelps.org\/fr\/wp-json\/wp\/v2\/comments?post=15612"}],"version-history":[{"count":3,"href":"https:\/\/www.canadahelps.org\/fr\/wp-json\/wp\/v2\/pages\/15612\/revisions"}],"predecessor-version":[{"id":15615,"href":"https:\/\/www.canadahelps.org\/fr\/wp-json\/wp\/v2\/pages\/15612\/revisions\/15615"}],"wp:attachment":[{"href":"https:\/\/www.canadahelps.org\/fr\/wp-json\/wp\/v2\/media?parent=15612"}],"curies":[{"name":"wp","href":"https:\/\/api.w.org\/{rel}","templated":true}]}}