{"id":15679,"date":"2017-07-10T16:52:44","date_gmt":"2017-07-10T20:52:44","guid":{"rendered":"https:\/\/www.canadahelps.org\/?page_id=15679\/"},"modified":"2026-02-11T13:02:15","modified_gmt":"2026-02-11T18:02:15","slug":"securite-a-canadon","status":"publish","type":"page","link":"https:\/\/www.canadahelps.org\/fr\/securite-a-canadon\/","title":{"rendered":"Aper\u00e7u de la s\u00e9curit\u00e9 \u00e0 CanaDon"},"content":{"rendered":"<style>html{background-color:#fff}.plain-page h1,.plain-page h2,.plain-page h3,.plain-page h4{background-color:unset;color:#1b1750;font-weight:unset;padding:unset;border:unset}body p{font-family:Inter,arial,sans-serif;font-size:16px;line-height:24px;color:#1b1750}h1,h2,h3,h4,h5,h6{font-family:\"PT Serif\",serif;font-weight:700;min-height:36px;color:#1b1750}.plain-page h1{font-size:68px;line-height:76px;color:#1b1750;text-align:center;font-weight:700;margin-top:70px}.plain-page h2{font-size:34px;line-height:44px;color:#1b1750;font-weight:700}.policy-container{width:50%;margin:100px auto 100px auto}.policy-subhead{text-transform:uppercase;text-align:center} .ch20-full-width-page a:hover {color: #1B1750;} a:visited{color: #501874;}<\/style>\n<h1  style=\"text-align:center;\">Confidentialit\u00e9 et s\u00e9curit\u00e9<\/h1>\n<div class=\"policy-container\">\n<h2>CanaDon prend tr\u00e8s au s\u00e9rieux la s\u00e9curit\u00e9 des donateurs et des organismes de bienfaisance. Au cours de nos 26 ann\u00e9es d\u2019existence, nous avons conserv\u00e9 un bilan irr\u00e9prochable en mati\u00e8re de s\u00e9curit\u00e9.<\/h2>\n<p><strong>Nous veillons \u00e0 ce que toutes les donn\u00e9es soient enti\u00e8rement s\u00e9curis\u00e9es, confidentielles et sauvegard\u00e9es, et \u00e0 ce qu\u2019elles restent au Canada.\u00a0<\/strong>Notre centre de donn\u00e9es est situ\u00e9 au Canada \u2014 il est dot\u00e9 de syst\u00e8mes de sauvegarde redondants et est constamment contr\u00f4l\u00e9 pour le prot\u00e9ger contre les failles de s\u00e9curit\u00e9. Il est maintenu dans un environnement physiquement s\u00e9curis\u00e9 en recourant \u00e0 un certain nombre de pr\u00e9cautions, notamment des cages et des cabinets verrouill\u00e9s, un acc\u00e8s limit\u00e9 \u00e0 l\u2019\u00e9difice, et des syst\u00e8mes perfectionn\u00e9s de s\u00e9curit\u00e9 et de surveillance. En outre, CanaDon ne garde jamais dans ses serveurs les renseignements relatifs aux cartes de cr\u00e9dit. Tous les renseignements sur les paiements et sur les cartes de cr\u00e9dit sont conserv\u00e9s par <a href=\"https:\/\/www.chase.ca\/fr\">Chase Paymentech<\/a>, et nous utilisons des canaux de communication s\u00e9curis\u00e9s pour acc\u00e9der aux services de cette firme. Les mesures de s\u00e9curit\u00e9 de Chase Paymentech sont de calibre international et cette firme traite 900\u00a0transactions par seconde, c\u2019est-\u00e0-dire plus de 77\u00a0millions quotidiennement.<\/p>\n<p><strong>Nous veillons \u00e0 ce que le traitement des paiements soit s\u00e9curis\u00e9.\u00a0<\/strong>Nous respectons des normes de s\u00e9curit\u00e9 rigoureuses ainsi que les plus hautes normes PCI (normes de s\u00e9curit\u00e9 sur les donn\u00e9es de l\u2019industrie des cartes de paiement), actuellement la version  4.0.1 qui est la r\u00e9f\u00e9rence au sein de l\u2019industrie et qui a \u00e9t\u00e9 cr\u00e9\u00e9e par les grandes compagnies \u00e9mettrices de cartes de cr\u00e9dit\u00a0: Visa, MasterCard, Discover,\u00a0AMEX\u00a0et JCB. Ces normes visent \u00e0 assurer de fa\u00e7on s\u00e9curitaire le traitement, le stockage et la transmission des renseignements relatifs aux cartes de cr\u00e9dit.\u00a0<a href=\"https:\/\/www.pcicomplianceguide.org\/faq\/\">En savoir davantage au sujet des PCI<\/a>\u00a0(en anglais).<\/p>\n<p><strong>Nous nous maintenons \u00e0 jour en ce qui a trait aux traitements et aux normes.<\/strong>\u00a0Nous avons \u00e9tabli des processus mensuels, trimestriels et annuels pour respecter ou m\u00eame d\u00e9passer les plus r\u00e9centes normes. Derni\u00e8rement, nous sommes pass\u00e9s plus t\u00f4t que pr\u00e9vu \u00e0 la version 4.0.1 des PCI, et nous am\u00e9liorons constamment la s\u00e9curit\u00e9 au fur et \u00e0 mesure que de nouveaux logiciels sont offerts. En plus de respecter enti\u00e8rement la version 4.0.1 des PCI, nous recourons, \u00e0 l\u2019externe, \u00e0 un fournisseur certifi\u00e9 de services d\u2019\u00e9valuation pour nous assurer d\u2019\u00eatre pleinement conformes. Nous d\u00e9tenons \u00e9galement un\u00a0<a href=\"https:\/\/en.wikipedia.org\/wiki\/Extended_Validation_Certificate\">certificat de validation \u00e9tendue<\/a>\u00a0(en anglais)\u00a0afin que les Canadiens puissent s\u2019assurer que nous avons subi une v\u00e9rification ind\u00e9pendante rigoureuse de notre technologie de cryptage.<\/p>\n<p><strong>Documents \u00e0 l\u2019appui\u00a0:<\/strong><br \/>\nNous faisons des analyses de vuln\u00e9rabilit\u00e9 mensuelles et nous en communiquons les r\u00e9sultats tous les trois mois. Malheureusement, cette analyse est disponible uniquement en anglais.\u00a0<a href=\"https:\/\/www.canadahelps.org\/media\/trustwave_avs_report-2017-06-28.pdf\">Voir notre plus r\u00e9cente analyse<\/a>\u00a0(en\u00a0anglais).<\/p>\n<\/div>\n","protected":false},"excerpt":{"rendered":"<p>Confidentialit\u00e9 et s\u00e9curit\u00e9 CanaDon prend tr\u00e8s au s\u00e9rieux la s\u00e9curit\u00e9 des donateurs et des organismes de bienfaisance. Au cours de nos ann\u00e9es d\u2019existence, nous avons &#8230; <a href=\"https:\/\/www.canadahelps.org\/fr\/securite-a-canadon\/\" id=\"canadahelp-blog-meta\">Voir plus<\/a><\/p>\n","protected":false},"author":7,"featured_media":0,"parent":0,"menu_order":0,"comment_status":"closed","ping_status":"closed","template":"template-ch20-full-width.php","meta":{"footnotes":""},"class_list":["post-15679","page","type-page","status-publish","hentry"],"acf":{"meta_description":"","use_toc_layout":false,"insert_spotlight_boxes":false,"use_biography_grid":false,"header_banner_colour":"#748E09","additional_body_css_classes":"","blogs_posts_item":false,"row_settings":false,"hide_page_title":false},"yoast_head":"<!-- This site is optimized with the Yoast SEO plugin v26.0 - https:\/\/yoast.com\/wordpress\/plugins\/seo\/ -->\n<title>Aper\u00e7u de la s\u00e9curit\u00e9 \u00e0 CanaDon | CanaDon - Faites des dons \u00e0 un organisme de bienfaisance au Canada<\/title>\n<meta name=\"robots\" content=\"index, follow, max-snippet:-1, max-image-preview:large, max-video-preview:-1\" \/>\n<link rel=\"canonical\" href=\"https:\/\/www.canadahelps.org\/fr\/securite-a-canadon\/\" \/>\n<meta property=\"og:locale\" content=\"fr_FR\" \/>\n<meta property=\"og:type\" content=\"article\" \/>\n<meta property=\"og:title\" content=\"Aper\u00e7u de la s\u00e9curit\u00e9 \u00e0 CanaDon | CanaDon - Faites des dons \u00e0 un organisme de bienfaisance au Canada\" \/>\n<meta property=\"og:description\" content=\"Confidentialit\u00e9 et s\u00e9curit\u00e9 CanaDon prend tr\u00e8s au s\u00e9rieux la s\u00e9curit\u00e9 des donateurs et des organismes de bienfaisance. Au cours de nos ann\u00e9es d\u2019existence, nous avons ... Voir plus\" \/>\n<meta property=\"og:url\" content=\"https:\/\/www.canadahelps.org\/fr\/securite-a-canadon\/\" \/>\n<meta property=\"og:site_name\" content=\"CanaDon - Faites des dons \u00e0 un organisme de bienfaisance au Canada\" \/>\n<meta property=\"article:modified_time\" content=\"2026-02-11T18:02:15+00:00\" \/>\n<meta name=\"twitter:card\" content=\"summary_large_image\" \/>\n<meta name=\"twitter:label1\" content=\"Est. reading time\" \/>\n\t<meta name=\"twitter:data1\" content=\"3 minutes\" \/>\n<script type=\"application\/ld+json\" class=\"yoast-schema-graph\">{\"@context\":\"https:\/\/schema.org\",\"@graph\":[{\"@type\":\"WebPage\",\"@id\":\"https:\/\/www.canadahelps.org\/fr\/securite-a-canadon\/\",\"url\":\"https:\/\/www.canadahelps.org\/fr\/securite-a-canadon\/\",\"name\":\"Aper\u00e7u de la s\u00e9curit\u00e9 \u00e0 CanaDon | CanaDon - Faites des dons \u00e0 un organisme de bienfaisance au Canada\",\"isPartOf\":{\"@id\":\"https:\/\/www.canadahelps.org\/fr\/#website\"},\"datePublished\":\"2017-07-10T20:52:44+00:00\",\"dateModified\":\"2026-02-11T18:02:15+00:00\",\"breadcrumb\":{\"@id\":\"https:\/\/www.canadahelps.org\/fr\/securite-a-canadon\/#breadcrumb\"},\"inLanguage\":\"fr\",\"potentialAction\":[{\"@type\":\"ReadAction\",\"target\":[\"https:\/\/www.canadahelps.org\/fr\/securite-a-canadon\/\"]}]},{\"@type\":\"BreadcrumbList\",\"@id\":\"https:\/\/www.canadahelps.org\/fr\/securite-a-canadon\/#breadcrumb\",\"itemListElement\":[{\"@type\":\"ListItem\",\"position\":1,\"name\":\"Home\",\"item\":\"https:\/\/www.canadahelps.org\/fr\/\"},{\"@type\":\"ListItem\",\"position\":2,\"name\":\"Aper\u00e7u de la s\u00e9curit\u00e9 \u00e0 CanaDon\"}]},{\"@type\":\"WebSite\",\"@id\":\"https:\/\/www.canadahelps.org\/fr\/#website\",\"url\":\"https:\/\/www.canadahelps.org\/fr\/\",\"name\":\"CanadaHelps - Donate to any charity in Canada\",\"description\":\"Le don en toute simplicit\u00e9\",\"publisher\":{\"@id\":\"https:\/\/www.canadahelps.org\/fr\/#organization\"},\"potentialAction\":[{\"@type\":\"SearchAction\",\"target\":{\"@type\":\"EntryPoint\",\"urlTemplate\":\"https:\/\/www.canadahelps.org\/fr\/?s={search_term_string}\"},\"query-input\":{\"@type\":\"PropertyValueSpecification\",\"valueRequired\":true,\"valueName\":\"search_term_string\"}}],\"inLanguage\":\"fr\"},{\"@type\":\"Organization\",\"@id\":\"https:\/\/www.canadahelps.org\/fr\/#organization\",\"name\":\"CanadaHelps\",\"url\":\"https:\/\/www.canadahelps.org\/fr\/\",\"logo\":{\"@type\":\"ImageObject\",\"inLanguage\":\"fr\",\"@id\":\"https:\/\/www.canadahelps.org\/fr\/#\/schema\/logo\/image\/\",\"url\":\"https:\/\/www.canadahelps.org\/media\/canadahelps-en.jpg\",\"contentUrl\":\"https:\/\/www.canadahelps.org\/media\/canadahelps-en.jpg\",\"width\":131,\"height\":72,\"caption\":\"CanadaHelps\"},\"image\":{\"@id\":\"https:\/\/www.canadahelps.org\/fr\/#\/schema\/logo\/image\/\"}}]}<\/script>\n<!-- \/ Yoast SEO plugin. -->","yoast_head_json":{"title":"Aper\u00e7u de la s\u00e9curit\u00e9 \u00e0 CanaDon | CanaDon - Faites des dons \u00e0 un organisme de bienfaisance au Canada","robots":{"index":"index","follow":"follow","max-snippet":"max-snippet:-1","max-image-preview":"max-image-preview:large","max-video-preview":"max-video-preview:-1"},"canonical":"https:\/\/www.canadahelps.org\/fr\/securite-a-canadon\/","og_locale":"fr_FR","og_type":"article","og_title":"Aper\u00e7u de la s\u00e9curit\u00e9 \u00e0 CanaDon | CanaDon - Faites des dons \u00e0 un organisme de bienfaisance au Canada","og_description":"Confidentialit\u00e9 et s\u00e9curit\u00e9 CanaDon prend tr\u00e8s au s\u00e9rieux la s\u00e9curit\u00e9 des donateurs et des organismes de bienfaisance. Au cours de nos ann\u00e9es d\u2019existence, nous avons ... Voir plus","og_url":"https:\/\/www.canadahelps.org\/fr\/securite-a-canadon\/","og_site_name":"CanaDon - Faites des dons \u00e0 un organisme de bienfaisance au Canada","article_modified_time":"2026-02-11T18:02:15+00:00","twitter_card":"summary_large_image","twitter_misc":{"Est. reading time":"3 minutes"},"schema":{"@context":"https:\/\/schema.org","@graph":[{"@type":"WebPage","@id":"https:\/\/www.canadahelps.org\/fr\/securite-a-canadon\/","url":"https:\/\/www.canadahelps.org\/fr\/securite-a-canadon\/","name":"Aper\u00e7u de la s\u00e9curit\u00e9 \u00e0 CanaDon | CanaDon - Faites des dons \u00e0 un organisme de bienfaisance au Canada","isPartOf":{"@id":"https:\/\/www.canadahelps.org\/fr\/#website"},"datePublished":"2017-07-10T20:52:44+00:00","dateModified":"2026-02-11T18:02:15+00:00","breadcrumb":{"@id":"https:\/\/www.canadahelps.org\/fr\/securite-a-canadon\/#breadcrumb"},"inLanguage":"fr","potentialAction":[{"@type":"ReadAction","target":["https:\/\/www.canadahelps.org\/fr\/securite-a-canadon\/"]}]},{"@type":"BreadcrumbList","@id":"https:\/\/www.canadahelps.org\/fr\/securite-a-canadon\/#breadcrumb","itemListElement":[{"@type":"ListItem","position":1,"name":"Home","item":"https:\/\/www.canadahelps.org\/fr\/"},{"@type":"ListItem","position":2,"name":"Aper\u00e7u de la s\u00e9curit\u00e9 \u00e0 CanaDon"}]},{"@type":"WebSite","@id":"https:\/\/www.canadahelps.org\/fr\/#website","url":"https:\/\/www.canadahelps.org\/fr\/","name":"CanadaHelps - Donate to any charity in Canada","description":"Le don en toute simplicit\u00e9","publisher":{"@id":"https:\/\/www.canadahelps.org\/fr\/#organization"},"potentialAction":[{"@type":"SearchAction","target":{"@type":"EntryPoint","urlTemplate":"https:\/\/www.canadahelps.org\/fr\/?s={search_term_string}"},"query-input":{"@type":"PropertyValueSpecification","valueRequired":true,"valueName":"search_term_string"}}],"inLanguage":"fr"},{"@type":"Organization","@id":"https:\/\/www.canadahelps.org\/fr\/#organization","name":"CanadaHelps","url":"https:\/\/www.canadahelps.org\/fr\/","logo":{"@type":"ImageObject","inLanguage":"fr","@id":"https:\/\/www.canadahelps.org\/fr\/#\/schema\/logo\/image\/","url":"https:\/\/www.canadahelps.org\/media\/canadahelps-en.jpg","contentUrl":"https:\/\/www.canadahelps.org\/media\/canadahelps-en.jpg","width":131,"height":72,"caption":"CanadaHelps"},"image":{"@id":"https:\/\/www.canadahelps.org\/fr\/#\/schema\/logo\/image\/"}}]}},"_links":{"self":[{"href":"https:\/\/www.canadahelps.org\/fr\/wp-json\/wp\/v2\/pages\/15679","targetHints":{"allow":["GET"]}}],"collection":[{"href":"https:\/\/www.canadahelps.org\/fr\/wp-json\/wp\/v2\/pages"}],"about":[{"href":"https:\/\/www.canadahelps.org\/fr\/wp-json\/wp\/v2\/types\/page"}],"author":[{"embeddable":true,"href":"https:\/\/www.canadahelps.org\/fr\/wp-json\/wp\/v2\/users\/7"}],"replies":[{"embeddable":true,"href":"https:\/\/www.canadahelps.org\/fr\/wp-json\/wp\/v2\/comments?post=15679"}],"version-history":[{"count":7,"href":"https:\/\/www.canadahelps.org\/fr\/wp-json\/wp\/v2\/pages\/15679\/revisions"}],"predecessor-version":[{"id":57738,"href":"https:\/\/www.canadahelps.org\/fr\/wp-json\/wp\/v2\/pages\/15679\/revisions\/57738"}],"wp:attachment":[{"href":"https:\/\/www.canadahelps.org\/fr\/wp-json\/wp\/v2\/media?parent=15679"}],"curies":[{"name":"wp","href":"https:\/\/api.w.org\/{rel}","templated":true}]}}