{"id":17645,"date":"2017-10-30T13:26:11","date_gmt":"2017-10-30T17:26:11","guid":{"rendered":"https:\/\/www.canadahelps.org\/?page_id=17645"},"modified":"2017-11-03T12:12:30","modified_gmt":"2017-11-03T16:12:30","slug":"7-etapes-tres-simples-pour-recueillir-plus-dargent","status":"publish","type":"page","link":"https:\/\/www.canadahelps.org\/fr\/7-etapes-tres-simples-pour-recueillir-plus-dargent\/","title":{"rendered":"7 \u00e9tapes tr\u00e8s simples pour recueillir plus d\u2019argent en la p\u00e9riode des F\u00eates"},"content":{"rendered":"<div class=\"row\" style=\"padding-bottom: 0px;\">\n<div class=\"col-sm-8\" style=\"padding: 0px 25px;\">\n<h2 id=\"for-charities\" class=\"text-blue\" style=\"margin-top: 30px;\">1. Ajoutez un cadeau de bienfaisance au <i>Guide de cadeaux de bienfaisance CanaDon<\/i><\/h2>\n<p class=\"text-oversize\">Trousses m\u00e9dicales, livres, ch\u00e8vres, arbres \u00e0 planter&#8230; des centaines de cadeaux mat\u00e9riels et non mat\u00e9riels, propos\u00e9s par des organismes tels que le v\u00f4tre et qui font chaud au c\u0153ur, sont pr\u00e9sent\u00e9s dans notre guide en ligne de cadeaux de bienfaisance, sur CanaDon.org (notre site o\u00f9 les Canadiens peuvent faire des dons \u00e0 tous les organismes de bienfaisance)! Assurez-vous que votre organisme profite de cette possibilit\u00e9 promotionnelle gratuite. Pr\u00e9sentez vos cadeaux avant le 16 novembre, date o\u00f9 nous commen\u00e7ons \u00e0 promouvoir notre <i>Guide de cadeaux de bienfaisance pour le temps des F\u00eates.<\/i><\/p>\n<p><a class=\"btn btn-primary\" title=\"Pour savoir comment ajouter un cadeau\" href=\"https:\/\/www.canadahelps.org\/fr\/la-vie-caritative\/collecte-de-fonds-2\/faites-la-promotion-de-vos-cadeaux-caritatifs\/\">Pour savoir comment ajouter un cadeau<\/a><\/p>\n<\/div>\n<div class=\"col-sm-4 extra-spacing\"><img loading=\"lazy\" decoding=\"async\" class=\"aligncenter img-responsive\" style=\"margin-bottom: 20px;\" src=\"https:\/\/www.canadahelps.org\/media\/Gift-Guide-Tablet-Graphic-FR.png\" alt=\"canadahelps-gift-guide-tablet\" width=\"256\" height=\"332\" \/><\/div>\n<\/div>\n<div class=\"row\">\n<div class=\"col-sm-12\" style=\"padding: 0px 20px 10px;\"><h4 class=\"faq-question collapsed\" data-toggle=\"collapse\" data-target=\"#faq-1\">\n  <span class=\"faq-caret\"><\/span>\n  Voir des exemples de cadeaux\n<\/h4>\n<div id=\"faq-1\" class=\"faq-answer collapse\">\n  \n<div class=\"well flat\">\n<div class=\"row\">\n<div class=\"col-sm-4 extra-spacing\"><img loading=\"lazy\" decoding=\"async\" class=\"aligncenter img-responsive\" style=\"margin-bottom: 20px;\" src=\"https:\/\/www.canadahelps.org\/media\/25-or-less-FR-Upload.png\" alt=\"Gifts $25 or less\" width=\"217\" height=\"235\" \/><\/div>\n<div class=\"col-sm-4 extra-spacing\"><img loading=\"lazy\" decoding=\"async\" class=\"aligncenter img-responsive\" style=\"margin-bottom: 20px;\" src=\"https:\/\/www.canadahelps.org\/media\/26-100-FR-Upload.png\" alt=\"Gifts $26-$100\" width=\"217\" height=\"235\" \/><\/div>\n<div class=\"col-sm-4 extra-spacing\"><img loading=\"lazy\" decoding=\"async\" class=\"aligncenter img-responsive\" style=\"margin-bottom: 20px;\" src=\"https:\/\/www.canadahelps.org\/media\/101-250-FR-Upload.png\" alt=\"Gifts $101-$250\" width=\"217\" height=\"235\" \/>\n<p style=\"text-align: right;\"><a class=\"btn btn-primary\" title=\"Pour savoir comment ajouter un cadeau\" href=\"https:\/\/www.canadahelps.org\/fr\/la-vie-caritative\/collecte-de-fonds-2\/faites-la-promotion-de-vos-cadeaux-caritatifs\/\">Pour savoir comment ajouter un cadeau<\/a><\/p>\n<\/div>\n<\/div>\n<\/div>\n\n<\/div><\/p>\n<\/div>\n<\/div>\n<div class=\"row\">\n<div class=\"col-sm-5 extra-spacing\"><img loading=\"lazy\" decoding=\"async\" class=\"aligncenter img-responsive\" style=\"margin-bottom: 20px;\" src=\"https:\/\/www.canadahelps.org\/media\/French-Embedded-Donation-Form.png\" alt=\"canadahelps-gift-guide-tablet\" width=\"350\" height=\"228\" \/><\/div>\n<div class=\"col-sm-7 extra-spacing\">\n<h2 id=\"for-charities\" class=\"text-blue\" style=\"margin-top: 10px;\">2. Int\u00e9grez votre formulaire de don \u00e0 votre site Web<\/h2>\n<p class=\"text-oversize\">Recueillez plus de dons en int\u00e9grant votre formulaire de don personnalisable CanaDon directement sur votre site Web optimis\u00e9 pour les appareils mobiles. Profitez de meilleures options de valorisation de votre marque et permettez \u00e0 vos donateurs de faire rapidement et facilement des dons \u00e0 votre organisme, sans jamais devoir quitter votre site Web. Il vous suffit de copier-coller le bout de code sur votre site. C\u2019est facile!<\/p>\n<p><a class=\"btn btn-primary\" title=\"Pour savoir comment\" href=\"https:\/\/www.canadahelps.org\/fr\/la-vie-caritative\/collecte-de-fonds-2\/nouveau-integrez-a-votre-site-web-votre-formulaire-de-don\/\">Pour savoir comment<\/a><\/p>\n<\/div>\n<\/div>\n<p>&nbsp;<\/p>\n<div class=\"row\">\n<div class=\"col-sm-8 extra-spacing\">\n<h2 id=\"for-charities\" class=\"text-blue\" style=\"margin-top: 10px;\">3. Assurez-vous que votre bouton Faites un don est bien en \u00e9vidence<\/h2>\n<p class=\"text-oversize\">Suivez la r\u00e8gle d\u2019or pour les boutons Faites un don \u00e0 int\u00e9grer aux sites Web. Placez votre bouton dans la zone de navigation principale de votre site, au m\u00eame endroit sur chaque page, et utilisez une couleur vive pour qu\u2019il soit bien en \u00e9vidence. Vous avez besoin de boutons Faites un don, pour votre site Web?<\/p>\n<p><a class=\"btn btn-primary\" title=\"Obtenir des boutons gratuits\" href=\"https:\/\/www.canadahelps.org\/fr\/la-vie-caritative\/collecte-de-fonds-2\/obtenez-pour-votre-site-web-des-boutons-faites-un-don\/\">Obtenir des boutons gratuits<\/a><\/p>\n<\/div>\n<div class=\"col-sm-4 extra-spacing\"><img loading=\"lazy\" decoding=\"async\" class=\"alignleft img-responsive\" style=\"margin-bottom: 20px; border-radius: 5px;\" src=\"https:\/\/www.canadahelps.org\/media\/Donate-Button-on-Site-FR.png\" alt=\"canadahelps-gift-guide-tablet\" width=\"420\" height=\"280\" \/><\/div>\n<\/div>\n<div class=\"row\">\n<div class=\"col-sm-4 extra-spacing\"><img loading=\"lazy\" decoding=\"async\" class=\"aligncenter img-responsive\" style=\"margin-bottom: 20px;\" src=\"https:\/\/www.canadahelps.org\/media\/MardiJeDonne-LogoWhite-2017.jpg\" alt=\"givingtuesday\" width=\"250\" height=\"250\" \/><\/div>\n<div class=\"col-sm-8 extra-spacing\">\n<h2 id=\"for-charities\" class=\"text-blue\" style=\"margin-top: 10px;\">4. Les organismes de bienfaisance qui participent \u00e0 Mardi je donne recueillent plus d\u2019argent<\/h2>\n<p class=\"text-oversize\">\u00c0 l\u2019occasion de Mardi je donne, les Canadiens, les organismes de bienfaisance et les entreprises se r\u00e9unissent pour c\u00e9l\u00e9brer la g\u00e9n\u00e9rosit\u00e9. Les statistiques montrent que beaucoup de Canadiens offrent des dons ce jour-l\u00e0 et que ce sont les organismes participants qui en profitent le plus. En 2016, par rapport \u00e0 la m\u00eame journ\u00e9e en 2012 (ann\u00e9e pr\u00e9c\u00e9dant le lancement de Mardi je donne), le montant global des dons via CanaDon a augment\u00e9 de 353 % et les dons aux organismes participants ont augment\u00e9 de 1719 %. Cette ann\u00e9e, Mardi je donne a lieu le mardi 28 novembre. Votre organisme est-il pr\u00eat?<\/p>\n<p><a class=\"btn btn-primary\" title=\"For Charities\" href=\"https:\/\/www.canadahelps.org\/fr\/la-vie-caritative\/mardi-je-donne-2\/preparez-votre-organisme-de-bienfaisance-a-vivre-sa-meilleure-journee-mardi-je-donne\/\">Voir des conseils pour Mardi je donne<\/a><\/p>\n<\/div>\n<\/div>\n<div class=\"row\">\n<div class=\"col-sm-7 extra-spacing\">\n<h2 id=\"for-charities\" class=\"text-blue\" style=\"margin-top: 10px;\">5. T\u00e9l\u00e9versez des cartes virtuelles festives pour vos formulaires de don personnalisables<\/h2>\n<p class=\"text-oversize\">Pourquoi votre organisme ne t\u00e9l\u00e9verse-t-il pas ses propres cartes virtuelles \u00e0 th\u00e9matique des F\u00eates? Si vous utilisez nos formulaires de don personnalisables, vous pouvez offrir aux donateurs plus d\u2019options lorsqu\u2019ils font des dons en honneur ou \u00e0 la m\u00e9moire d\u2019un \u00eatre cher.<\/p>\n<p><a class=\"btn btn-primary\" title=\"For Charities\" href=\"https:\/\/www.canadahelps.org\/fr\/la-vie-caritative\/collecte-de-fonds-2\/televersez-vos-propres-cartes-virtuelles-pour-les-dons-faits-en-lhonneur-ou-a-la-memoire-dune-personne\/\">Pour savoir comment<\/a><\/p>\n<\/div>\n<div class=\"col-sm-5 extra-spacing\"><img decoding=\"async\" class=\"alignleft img-responsive\" style=\"margin-bottom: 20px; border-radius: 20px;\" src=\"https:\/\/www.canadahelps.org\/media\/eCard-FR.png\" alt=\"custom-ecards\" width=\"350\" height=\"auto\" \/><\/div>\n<\/div>\n<div class=\"row\">\n<div class=\"col-sm-4 extra-spacing\"><img loading=\"lazy\" decoding=\"async\" class=\"aligncenter img-responsive\" style=\"margin-bottom: 25px;\" src=\"https:\/\/www.canadahelps.org\/media\/Securities-Circle-blue.png\" alt=\"securities\" width=\"349\" height=\"346\" \/><\/div>\n<div class=\"col-sm-8 extra-spacing\">\n<h2 id=\"for-charities\" class=\"text-blue\" style=\"margin-top: 10px;\">6. Faites conna\u00eetre les avantages fiscaux que conf\u00e8re le don de titres<\/h2>\n<p class=\"text-oversize\">Les Canadiens profitent de plus en plus des avantages fiscaux que conf\u00e8re le don de valeurs mobili\u00e8res et de parts de fonds communs de placement. Les dons de valeurs mobili\u00e8res via CanaDon ont augment\u00e9 de plus de 300 % l\u2019an dernier. Ajoutez \u00e0 votre site Web un bouton Faites don de titres et assurez-vous que vos donateurs s\u2019engagent avant le 18 d\u00e9cembre 2017 afin de recevoir un re\u00e7u fiscal pour l\u2019ann\u00e9e 2017.<\/p>\n<p><a class=\"btn btn-primary\" title=\"En savoir davantage\" href=\"https:\/\/www.canadahelps.org\/fr\/la-vie-caritative\/collecte-de-fonds-2\/noubliez-pas-les-dons-de-titres-en-ce-temps-des-fetes\/\">En savoir davantage<\/a><\/p>\n<\/div>\n<\/div>\n<div class=\"row\">\n<div class=\"col-sm-8 extra-spacing\">\n<h2 id=\"for-charities\" class=\"text-blue\" style=\"margin-top: 10px;\">7. Obtenez votre Bo\u00eete \u00e0 outils pour la p\u00e9riode de production des d\u00e9clarations de revenus<\/h2>\n<p class=\"text-oversize\">Pour la plupart des organismes de bienfaisance, l\u2019appel de fin d\u2019ann\u00e9e est la plus importante campagne annuelle. 10 % des dons annuels sont faits au cours des trois derniers jours de d\u00e9cembre, et 6 % le 31 d\u00e9cembre, date limite pour profiter du cr\u00e9dit d\u2019imp\u00f4t. T\u00e9l\u00e9chargez notre Bo\u00eete \u00e0 outils pour la p\u00e9riode de production des d\u00e9clarations de revenus; vous y trouverez des exemples de messages et des \u00e9l\u00e9ments graphiques gratuits pour votre appel aux donateurs.<\/p>\n<p><a class=\"btn btn-primary\" title=\"For Charities\" href=\"https:\/\/www.canadahelps.org\/fr\/boite-a-outils-pour-la-periode-de-production-des-declarations-de-revenus\/\">Obtenir la Bo\u00eete \u00e0 outils<\/a><\/p>\n<\/div>\n<div class=\"col-sm-4 extra-spacing\"><img loading=\"lazy\" decoding=\"async\" class=\"alignleft img-responsive\" style=\"margin-bottom: 20px;\" src=\"https:\/\/www.canadahelps.org\/media\/tax-time.png\" alt=\"taxtime-toolkit\" width=\"300\" height=\"280\" \/><\/div>\n<\/div>\n<hr class=\"grey\" \/>\n<div class=\"row\">\n<div class=\"col-sm-4 extra-spacing\"><img loading=\"lazy\" decoding=\"async\" class=\"aligncenter img-responsive\" style=\"margin-bottom: 20px;\" src=\"https:\/\/www.canadahelps.org\/media\/Charitable-Gift-Guide.png\" alt=\"securities\" width=\"311\" height=\"314\" \/><\/div>\n<div class=\"col-sm-8 extra-spacing\">\n<h2 id=\"for-charities\" class=\"text-blue\" style=\"margin-top: 10px;\">Lancez votre Guide de cadeaux de bienfaisance :<br \/>\n c\u2019est plus facile que vous pensez<\/h2>\n<p class=\"text-oversize\">Apprenez les avantages qu\u2019un guide de cadeaux de bienfaisance peut procurer \u00e0 votre organisme, et d\u00e9couvrez des conseils et l\u2019information n\u00e9cessaire pour lancer un guide de cadeaux de bienfaisance \u00e0 l\u2019aide des formulaires de don personnalisables de CanaDon. Cette ressource vous expliquera comment utiliser un guide d\u2019id\u00e9es-cadeaux pour augmenter les dons et offrir \u00e0 vos donateurs un moyen unique de soutenir votre cause.<\/p>\n<p><a class=\"btn btn-primary\" title=\"Obtenir le Livre blanc gratuit\" href=\"https:\/\/www.canadahelps.org\/fr\/livre-blanc-gratuit-lancez-votre-guide-de-cadeaux-de-bienfaisance\/\">Obtenir le Livre blanc gratuit<\/a><\/p>\n<\/div>\n<\/div>\n","protected":false},"excerpt":{"rendered":"<p>1. Ajoutez un cadeau de bienfaisance au Guide de cadeaux de bienfaisance CanaDon Trousses m\u00e9dicales, livres, ch\u00e8vres, arbres \u00e0 planter&#8230; des centaines de cadeaux mat\u00e9riels &#8230; <a href=\"https:\/\/www.canadahelps.org\/fr\/7-etapes-tres-simples-pour-recueillir-plus-dargent\/\" id=\"canadahelp-blog-meta\">Voir plus<\/a><\/p>\n","protected":false},"author":7,"featured_media":0,"parent":0,"menu_order":0,"comment_status":"closed","ping_status":"closed","template":"template-custom.php","meta":{"footnotes":""},"class_list":["post-17645","page","type-page","status-publish","hentry"],"acf":{"meta_description":"","use_toc_layout":false,"insert_spotlight_boxes":false,"use_biography_grid":false,"header_banner_colour":"#748E09"},"yoast_head":"<!-- This site is optimized with the Yoast SEO plugin v26.0 - https:\/\/yoast.com\/wordpress\/plugins\/seo\/ -->\n<title>7 \u00e9tapes tr\u00e8s simples pour recueillir plus d\u2019argent en la p\u00e9riode des F\u00eates | CanadaHelps - Donate to any charity in Canada<\/title>\n<meta name=\"robots\" content=\"index, follow, max-snippet:-1, max-image-preview:large, max-video-preview:-1\" \/>\n<link rel=\"canonical\" href=\"https:\/\/www.canadahelps.org\/fr\/7-etapes-tres-simples-pour-recueillir-plus-dargent\/\" \/>\n<meta property=\"og:locale\" content=\"fr_FR\" \/>\n<meta property=\"og:type\" content=\"article\" \/>\n<meta property=\"og:title\" content=\"7 \u00e9tapes tr\u00e8s simples pour recueillir plus d\u2019argent en la p\u00e9riode des F\u00eates | CanadaHelps - Donate to any charity in Canada\" \/>\n<meta property=\"og:description\" content=\"1. Ajoutez un cadeau de bienfaisance au Guide de cadeaux de bienfaisance CanaDon Trousses m\u00e9dicales, livres, ch\u00e8vres, arbres \u00e0 planter&#8230; des centaines de cadeaux mat\u00e9riels ... Voir plus\" \/>\n<meta property=\"og:url\" content=\"https:\/\/www.canadahelps.org\/fr\/7-etapes-tres-simples-pour-recueillir-plus-dargent\/\" \/>\n<meta property=\"og:site_name\" content=\"CanadaHelps - Donate to any charity in Canada\" \/>\n<meta property=\"article:modified_time\" content=\"2017-11-03T16:12:30+00:00\" \/>\n<meta property=\"og:image\" content=\"https:\/\/www.canadahelps.org\/media\/Gift-Guide-Tablet-Graphic-FR.png\" \/>\n<meta name=\"twitter:card\" content=\"summary_large_image\" \/>\n<meta name=\"twitter:label1\" content=\"Est. reading time\" \/>\n\t<meta name=\"twitter:data1\" content=\"4 minutes\" \/>\n<script type=\"application\/ld+json\" class=\"yoast-schema-graph\">{\"@context\":\"https:\/\/schema.org\",\"@graph\":[{\"@type\":\"WebPage\",\"@id\":\"https:\/\/www.canadahelps.org\/fr\/7-etapes-tres-simples-pour-recueillir-plus-dargent\/\",\"url\":\"https:\/\/www.canadahelps.org\/fr\/7-etapes-tres-simples-pour-recueillir-plus-dargent\/\",\"name\":\"7 \u00e9tapes tr\u00e8s simples pour recueillir plus d\u2019argent en la p\u00e9riode des F\u00eates | CanadaHelps - Donate to any charity in Canada\",\"isPartOf\":{\"@id\":\"https:\/\/www.canadahelps.org\/fr\/#website\"},\"primaryImageOfPage\":{\"@id\":\"https:\/\/www.canadahelps.org\/fr\/7-etapes-tres-simples-pour-recueillir-plus-dargent\/#primaryimage\"},\"image\":{\"@id\":\"https:\/\/www.canadahelps.org\/fr\/7-etapes-tres-simples-pour-recueillir-plus-dargent\/#primaryimage\"},\"thumbnailUrl\":\"https:\/\/www.canadahelps.org\/media\/Gift-Guide-Tablet-Graphic-FR.png\",\"datePublished\":\"2017-10-30T17:26:11+00:00\",\"dateModified\":\"2017-11-03T16:12:30+00:00\",\"breadcrumb\":{\"@id\":\"https:\/\/www.canadahelps.org\/fr\/7-etapes-tres-simples-pour-recueillir-plus-dargent\/#breadcrumb\"},\"inLanguage\":\"fr\",\"potentialAction\":[{\"@type\":\"ReadAction\",\"target\":[\"https:\/\/www.canadahelps.org\/fr\/7-etapes-tres-simples-pour-recueillir-plus-dargent\/\"]}]},{\"@type\":\"ImageObject\",\"inLanguage\":\"fr\",\"@id\":\"https:\/\/www.canadahelps.org\/fr\/7-etapes-tres-simples-pour-recueillir-plus-dargent\/#primaryimage\",\"url\":\"https:\/\/www.canadahelps.org\/media\/Gift-Guide-Tablet-Graphic-FR.png\",\"contentUrl\":\"https:\/\/www.canadahelps.org\/media\/Gift-Guide-Tablet-Graphic-FR.png\"},{\"@type\":\"BreadcrumbList\",\"@id\":\"https:\/\/www.canadahelps.org\/fr\/7-etapes-tres-simples-pour-recueillir-plus-dargent\/#breadcrumb\",\"itemListElement\":[{\"@type\":\"ListItem\",\"position\":1,\"name\":\"Home\",\"item\":\"https:\/\/www.canadahelps.org\/fr\/\"},{\"@type\":\"ListItem\",\"position\":2,\"name\":\"7 \u00e9tapes tr\u00e8s simples pour recueillir plus d\u2019argent en la p\u00e9riode des F\u00eates\"}]},{\"@type\":\"WebSite\",\"@id\":\"https:\/\/www.canadahelps.org\/fr\/#website\",\"url\":\"https:\/\/www.canadahelps.org\/fr\/\",\"name\":\"CanadaHelps - Donate to any charity in Canada\",\"description\":\"Giving Made Simple\",\"publisher\":{\"@id\":\"https:\/\/www.canadahelps.org\/fr\/#organization\"},\"potentialAction\":[{\"@type\":\"SearchAction\",\"target\":{\"@type\":\"EntryPoint\",\"urlTemplate\":\"https:\/\/www.canadahelps.org\/fr\/?s={search_term_string}\"},\"query-input\":{\"@type\":\"PropertyValueSpecification\",\"valueRequired\":true,\"valueName\":\"search_term_string\"}}],\"inLanguage\":\"fr\"},{\"@type\":\"Organization\",\"@id\":\"https:\/\/www.canadahelps.org\/fr\/#organization\",\"name\":\"CanadaHelps\",\"url\":\"https:\/\/www.canadahelps.org\/fr\/\",\"logo\":{\"@type\":\"ImageObject\",\"inLanguage\":\"fr\",\"@id\":\"https:\/\/www.canadahelps.org\/fr\/#\/schema\/logo\/image\/\",\"url\":\"https:\/\/www.canadahelps.org\/media\/canadahelps-en.jpg\",\"contentUrl\":\"https:\/\/www.canadahelps.org\/media\/canadahelps-en.jpg\",\"width\":131,\"height\":72,\"caption\":\"CanadaHelps\"},\"image\":{\"@id\":\"https:\/\/www.canadahelps.org\/fr\/#\/schema\/logo\/image\/\"}}]}<\/script>\n<!-- \/ Yoast SEO plugin. -->","yoast_head_json":{"title":"7 \u00e9tapes tr\u00e8s simples pour recueillir plus d\u2019argent en la p\u00e9riode des F\u00eates | CanadaHelps - Donate to any charity in Canada","robots":{"index":"index","follow":"follow","max-snippet":"max-snippet:-1","max-image-preview":"max-image-preview:large","max-video-preview":"max-video-preview:-1"},"canonical":"https:\/\/www.canadahelps.org\/fr\/7-etapes-tres-simples-pour-recueillir-plus-dargent\/","og_locale":"fr_FR","og_type":"article","og_title":"7 \u00e9tapes tr\u00e8s simples pour recueillir plus d\u2019argent en la p\u00e9riode des F\u00eates | CanadaHelps - Donate to any charity in Canada","og_description":"1. Ajoutez un cadeau de bienfaisance au Guide de cadeaux de bienfaisance CanaDon Trousses m\u00e9dicales, livres, ch\u00e8vres, arbres \u00e0 planter&#8230; des centaines de cadeaux mat\u00e9riels ... Voir plus","og_url":"https:\/\/www.canadahelps.org\/fr\/7-etapes-tres-simples-pour-recueillir-plus-dargent\/","og_site_name":"CanadaHelps - Donate to any charity in Canada","article_modified_time":"2017-11-03T16:12:30+00:00","og_image":[{"url":"https:\/\/www.canadahelps.org\/media\/Gift-Guide-Tablet-Graphic-FR.png","type":"","width":"","height":""}],"twitter_card":"summary_large_image","twitter_misc":{"Est. reading time":"4 minutes"},"schema":{"@context":"https:\/\/schema.org","@graph":[{"@type":"WebPage","@id":"https:\/\/www.canadahelps.org\/fr\/7-etapes-tres-simples-pour-recueillir-plus-dargent\/","url":"https:\/\/www.canadahelps.org\/fr\/7-etapes-tres-simples-pour-recueillir-plus-dargent\/","name":"7 \u00e9tapes tr\u00e8s simples pour recueillir plus d\u2019argent en la p\u00e9riode des F\u00eates | CanadaHelps - Donate to any charity in Canada","isPartOf":{"@id":"https:\/\/www.canadahelps.org\/fr\/#website"},"primaryImageOfPage":{"@id":"https:\/\/www.canadahelps.org\/fr\/7-etapes-tres-simples-pour-recueillir-plus-dargent\/#primaryimage"},"image":{"@id":"https:\/\/www.canadahelps.org\/fr\/7-etapes-tres-simples-pour-recueillir-plus-dargent\/#primaryimage"},"thumbnailUrl":"https:\/\/www.canadahelps.org\/media\/Gift-Guide-Tablet-Graphic-FR.png","datePublished":"2017-10-30T17:26:11+00:00","dateModified":"2017-11-03T16:12:30+00:00","breadcrumb":{"@id":"https:\/\/www.canadahelps.org\/fr\/7-etapes-tres-simples-pour-recueillir-plus-dargent\/#breadcrumb"},"inLanguage":"fr","potentialAction":[{"@type":"ReadAction","target":["https:\/\/www.canadahelps.org\/fr\/7-etapes-tres-simples-pour-recueillir-plus-dargent\/"]}]},{"@type":"ImageObject","inLanguage":"fr","@id":"https:\/\/www.canadahelps.org\/fr\/7-etapes-tres-simples-pour-recueillir-plus-dargent\/#primaryimage","url":"https:\/\/www.canadahelps.org\/media\/Gift-Guide-Tablet-Graphic-FR.png","contentUrl":"https:\/\/www.canadahelps.org\/media\/Gift-Guide-Tablet-Graphic-FR.png"},{"@type":"BreadcrumbList","@id":"https:\/\/www.canadahelps.org\/fr\/7-etapes-tres-simples-pour-recueillir-plus-dargent\/#breadcrumb","itemListElement":[{"@type":"ListItem","position":1,"name":"Home","item":"https:\/\/www.canadahelps.org\/fr\/"},{"@type":"ListItem","position":2,"name":"7 \u00e9tapes tr\u00e8s simples pour recueillir plus d\u2019argent en la p\u00e9riode des F\u00eates"}]},{"@type":"WebSite","@id":"https:\/\/www.canadahelps.org\/fr\/#website","url":"https:\/\/www.canadahelps.org\/fr\/","name":"CanadaHelps - Donate to any charity in Canada","description":"Giving Made Simple","publisher":{"@id":"https:\/\/www.canadahelps.org\/fr\/#organization"},"potentialAction":[{"@type":"SearchAction","target":{"@type":"EntryPoint","urlTemplate":"https:\/\/www.canadahelps.org\/fr\/?s={search_term_string}"},"query-input":{"@type":"PropertyValueSpecification","valueRequired":true,"valueName":"search_term_string"}}],"inLanguage":"fr"},{"@type":"Organization","@id":"https:\/\/www.canadahelps.org\/fr\/#organization","name":"CanadaHelps","url":"https:\/\/www.canadahelps.org\/fr\/","logo":{"@type":"ImageObject","inLanguage":"fr","@id":"https:\/\/www.canadahelps.org\/fr\/#\/schema\/logo\/image\/","url":"https:\/\/www.canadahelps.org\/media\/canadahelps-en.jpg","contentUrl":"https:\/\/www.canadahelps.org\/media\/canadahelps-en.jpg","width":131,"height":72,"caption":"CanadaHelps"},"image":{"@id":"https:\/\/www.canadahelps.org\/fr\/#\/schema\/logo\/image\/"}}]}},"_links":{"self":[{"href":"https:\/\/www.canadahelps.org\/fr\/wp-json\/wp\/v2\/pages\/17645","targetHints":{"allow":["GET"]}}],"collection":[{"href":"https:\/\/www.canadahelps.org\/fr\/wp-json\/wp\/v2\/pages"}],"about":[{"href":"https:\/\/www.canadahelps.org\/fr\/wp-json\/wp\/v2\/types\/page"}],"author":[{"embeddable":true,"href":"https:\/\/www.canadahelps.org\/fr\/wp-json\/wp\/v2\/users\/7"}],"replies":[{"embeddable":true,"href":"https:\/\/www.canadahelps.org\/fr\/wp-json\/wp\/v2\/comments?post=17645"}],"version-history":[{"count":19,"href":"https:\/\/www.canadahelps.org\/fr\/wp-json\/wp\/v2\/pages\/17645\/revisions"}],"predecessor-version":[{"id":17805,"href":"https:\/\/www.canadahelps.org\/fr\/wp-json\/wp\/v2\/pages\/17645\/revisions\/17805"}],"wp:attachment":[{"href":"https:\/\/www.canadahelps.org\/fr\/wp-json\/wp\/v2\/media?parent=17645"}],"curies":[{"name":"wp","href":"https:\/\/api.w.org\/{rel}","templated":true}]}}