{"id":18078,"date":"2017-10-18T08:49:40","date_gmt":"2017-10-18T12:49:40","guid":{"rendered":"https:\/\/www.canadahelps.org\/tdc-donor-dashboard\/charitable-stats\/"},"modified":"2018-11-01T10:19:37","modified_gmt":"2018-11-01T14:19:37","slug":"comparez-vos-dons","status":"publish","type":"page","link":"https:\/\/www.canadahelps.org\/fr\/le-rapport-sur-les-dons-2017\/comparez-vos-dons\/","title":{"rendered":"Comparez vos dons"},"content":{"rendered":"","protected":false},"excerpt":{"rendered":"","protected":false},"author":7,"featured_media":0,"parent":18076,"menu_order":3,"comment_status":"closed","ping_status":"closed","template":"template-tdc-tabs.php","meta":{"footnotes":""},"class_list":["post-18078","page","type-page","status-publish","hentry"],"acf":{"meta_description":"","tdc_hero_title":"Comparez vos dons","tdc_hero_title_color":"#ffffff","tdc_hero_subtitle":"Le rapport sur les dons 2017","tdc_hero_subtitle_color":"#fbc43e","tdc_hero_image":{"ID":18095,"id":18095,"title":"comparez-vos-dons.tdc_hero_image","filename":"comparez-vos-dons.tdc_hero_image.jpg","filesize":5498,"url":"https:\/\/www.canadahelps.org\/media\/comparez-vos-dons.tdc_hero_image.jpg","link":"https:\/\/www.canadahelps.org\/fr\/le-rapport-sur-les-dons-2017\/comparez-vos-dons\/attachment\/comparez-vos-dons-tdc_hero_image-2\/","alt":"","author":"7","description":"","caption":"","name":"comparez-vos-dons-tdc_hero_image-2","status":"inherit","uploaded_to":18078,"date":"2017-11-08 20:34:31","modified":"2017-11-08 20:34:31","menu_order":0,"mime_type":"image\/jpeg","type":"image","subtype":"jpeg","icon":"https:\/\/www.canadahelps.org\/wp-includes\/images\/media\/default.png","width":1261,"height":175,"sizes":{"thumbnail":"https:\/\/www.canadahelps.org\/media\/comparez-vos-dons.tdc_hero_image-150x150.jpg","thumbnail-width":150,"thumbnail-height":150,"medium":"https:\/\/www.canadahelps.org\/media\/comparez-vos-dons.tdc_hero_image-300x42.jpg","medium-width":300,"medium-height":42,"medium_large":"https:\/\/www.canadahelps.org\/media\/comparez-vos-dons.tdc_hero_image-768x107.jpg","medium_large-width":768,"medium_large-height":107,"large":"https:\/\/www.canadahelps.org\/media\/comparez-vos-dons.tdc_hero_image-1024x142.jpg","large-width":1024,"large-height":142,"1536x1536":"https:\/\/www.canadahelps.org\/media\/comparez-vos-dons.tdc_hero_image.jpg","1536x1536-width":1261,"1536x1536-height":175,"2048x2048":"https:\/\/www.canadahelps.org\/media\/comparez-vos-dons.tdc_hero_image.jpg","2048x2048-width":1261,"2048x2048-height":175}},"use_toc_layout":false,"insert_spotlight_boxes":false,"use_biography_grid":false,"tdc_hero_short_description":"<p>T\u00e9l\u00e9chargez le rapport<\/p>\n","tdc_hero_short_description_color":"","tdc_download_report_button_text":"T\u00e9l\u00e9chargez le rapport","tdc_download_report_banner":"https:\/\/www.canadahelps.org\/media\/comparez-vos-dons.tdc_download_report_banner.jpg","tdc_download_report_link":"https:\/\/www.canadahelps.org\/fr\/le-rapport-sur-les-dons-2017\/telechargez-le-rapport\/","tdc_download_report_button_background_color":"#a4004b","tdc_download_report_button_color":"#ffffff","tdc_datasource_show":true,"tdc_datasource_content":"<p>Annexe A\u00a0:\u00a0 Sources des donn\u00e9es et clarifications<\/p>\n<p>Dans le site du <em>Rapport sur les dons <\/em>2017, ainsi que dans le rapport t\u00e9l\u00e9chargeable et les tableaux connexes, nous indiquons un num\u00e9ro de r\u00e9f\u00e9rence correspondant \u00e0 la source des donn\u00e9es. On trouvera ci-dessous des pr\u00e9cisions sur chaque source de donn\u00e9es, de m\u00eame que des avis de non-responsabilit\u00e9 et des clarifications concernant l\u2019information fournie. Lorsque les donn\u00e9es ont \u00e9t\u00e9 ajust\u00e9es pour tenir compte de l\u2019inflation, on s\u2019est servi de la feuille de calcul de l\u2019inflation de la Banque du Canada (<a href=\"http:\/\/www.banqueducanada.ca\/taux\/renseignements-complementaires\/feuille-de-calcul-de-linflation\/?_ga=2.31666365.2031235540.1507110216-1493532975.1507110216\">http:\/\/www.banqueducanada.ca\/taux\/renseignements-complementaires\/feuille-de-calcul-de-linflation\/?_ga=2.31666365.2031235540.1507110216-1493532975.1507110216<\/a>). Les donn\u00e9es proviennent de Statistique Canada, INDICE DES PRIX \u00c0 LA CONSOMMATION POUR LE CANADA, mensuel (s\u00e9rie V41690973). Le sigle TCAC qui est utilis\u00e9 dans les tableaux du rapport fait r\u00e9f\u00e9rence au <em>taux de croissance annuel compos\u00e9<\/em>.<\/p>\n<p>&nbsp;<\/p>\n<p>SOURCE DES DONN\u00c9ES 1\u00a0:<\/p>\n<p>L\u2019Agence du revenu du Canada (ARC), T3010 D\u00e9claration de renseignements des organismes de bienfaisance enregistr\u00e9s, juin 2017.<\/p>\n<p>&nbsp;<\/p>\n<p><em>Avis de non-responsabilit\u00e9 de l\u2019ARC<\/em><\/p>\n<p>L\u2019information (totale ou partielle) pr\u00e9sent\u00e9e provient d\u2019un fournisseur en technologies de l\u2019information.\u00a0Des efforts ont \u00e9t\u00e9 faits pour s\u2019assurer de l\u2019exactitude de ces renseignements. La Direction des organismes de bienfaisance de l\u2019ARC n\u2019est par responsable de la qualit\u00e9, de l\u2019exactitude, de la fiabilit\u00e9 ou de l\u2019actualit\u00e9 des renseignements pr\u00e9sent\u00e9s.<\/p>\n<p>&nbsp;<\/p>\n<p>Les statistiques et les donn\u00e9es sont produites ou compil\u00e9es par la Direction des organismes de bienfaisance de l\u2019ARC aux seules fins de fournir aux Canadiens et aux autres personnes un acc\u00e8s direct \u00e0 des renseignements portant sur les organismes de bienfaisance au Canada.<\/p>\n<p>&nbsp;<\/p>\n<p>L\u2019ARC n\u2019est aucunement responsable de l\u2019usage et de la manipulation de ces renseignements par des tiers.<\/p>\n<p>&nbsp;<\/p>\n<p>SOURCE DES DONN\u00c9ES 2\u00a0:<\/p>\n<p>Enqu\u00eate sur la population active (EPA), estimations selon le sexe et le groupe d\u2019\u00e2ge d\u00e9taill\u00e9<\/p>\n<p>Statistique Canada, tableau CANSIM 282-0002.<\/p>\n<p>&nbsp;<\/p>\n<p>SOURCE DES DONN\u00c9ES 3\u00a0:<\/p>\n<p>Dons effectu\u00e9s via CanaDon.org.<\/p>\n<p>&nbsp;<\/p>\n<p>SOURCE DES DONN\u00c9ES 4\u00a0:<\/p>\n<p>Statistique Canada, Division de la statistique du revenu, Fichiers des familles T1, 2006 \u00e0 2015, r\u00e9f\u00e9rence 17052.<\/p>\n<p>&nbsp;<\/p>\n<p><em>Avis de non-responsabilit\u00e9 concernant la validation du code postal<\/em><em>\u00a0\u00a0\u00a0\u00a0\u00a0\u00a0\u00a0\u00a0\u00a0 <\/em><em>\u00a0\u00a0\u00a0\u00a0\u00a0\u00a0\u00a0\u00a0\u00a0\u00a0\u00a0\u00a0\u00a0\u00a0\u00a0\u00a0\u00a0\u00a0\u00a0\u00a0\u00a0\u00a0\u00a0\u00a0\u00a0\u00a0\u00a0\u00a0\u00a0\u00a0\u00a0\u00a0\u00a0\u00a0\u00a0\u00a0\u00a0\u00a0\u00a0\u00a0\u00a0\u00a0\u00a0\u00a0\u00a0\u00a0\u00a0\u00a0\u00a0\u00a0\u00a0 <\/em><\/p>\n<p>Les donn\u00e9es g\u00e9ographiques pour le fichier des familles T1 (FFT1) sont d\u00e9riv\u00e9es d\u2019un amalgame des codes postaux<sup>MO<\/sup>. Statistique Canada ne fait aucune d\u00e9claration et n&#8217;offre aucune garantie concernant l&#8217;exactitude des donn\u00e9es relatives aux codes postaux<sup>MO<\/sup>.<\/p>\n<p>&nbsp;<\/p>\n<p><em>Type de famille <\/em><\/p>\n<p>Le type de famille rapporte des donn\u00e9es de Statistique Canada classifi\u00e9es dans les cat\u00e9gories <em>toutes les familles de recensement <\/em>et <em>m\u00e9nage sans famille de recensement<\/em>.<\/p>\n<p>&nbsp;<\/p>\n<p><em>M\u00e9nage sans famille de recensement <\/em><\/p>\n<p>Le type de famille <em>m\u00e9nage sans famille de recensement <\/em>rapporte des donn\u00e9es de Statistique Canada classifi\u00e9es dans la cat\u00e9gorie <em>m\u00e9nage sans famille de recensement <\/em>ou <em>personnes hors famille de recensement<\/em>.<\/p>\n<p>&nbsp;<\/p>\n<p><em>Donn\u00e9es sur le revenu <\/em><\/p>\n<p>En certains cas, des valeurs \u00e9gales \u00e0 z\u00e9ro ont \u00e9t\u00e9 d\u00e9clar\u00e9es parce que les donn\u00e9es n\u2019ont pas \u00e9t\u00e9 fournies par Statistique Canada, en g\u00e9n\u00e9ral en raison de montants n\u00e9gligeables.<\/p>\n","tdc_datasource_title":"Sources des donn\u00e9es et clarifications","hide_page_title":true,"additional_body_css_classes":""},"yoast_head":"<!-- This site is optimized with the Yoast SEO plugin v26.0 - https:\/\/yoast.com\/wordpress\/plugins\/seo\/ -->\n<title>Comparez vos dons | CanadaHelps - Donate to any charity in Canada<\/title>\n<meta name=\"robots\" content=\"noindex, follow\" \/>\n<meta property=\"og:locale\" content=\"fr_FR\" \/>\n<meta property=\"og:type\" content=\"article\" \/>\n<meta property=\"og:title\" content=\"Comparez vos dons | CanadaHelps - Donate to any charity in Canada\" \/>\n<meta property=\"og:url\" content=\"https:\/\/www.canadahelps.org\/fr\/le-rapport-sur-les-dons-2017\/comparez-vos-dons\/\" \/>\n<meta property=\"og:site_name\" content=\"CanadaHelps - Donate to any charity in Canada\" \/>\n<meta property=\"article:modified_time\" content=\"2018-11-01T14:19:37+00:00\" \/>\n<meta name=\"twitter:card\" content=\"summary_large_image\" \/>\n<script type=\"application\/ld+json\" class=\"yoast-schema-graph\">{\"@context\":\"https:\/\/schema.org\",\"@graph\":[{\"@type\":\"WebPage\",\"@id\":\"https:\/\/www.canadahelps.org\/fr\/le-rapport-sur-les-dons-2017\/comparez-vos-dons\/\",\"url\":\"https:\/\/www.canadahelps.org\/fr\/le-rapport-sur-les-dons-2017\/comparez-vos-dons\/\",\"name\":\"Comparez vos dons | CanadaHelps - Donate to any charity in Canada\",\"isPartOf\":{\"@id\":\"https:\/\/www.canadahelps.org\/fr\/#website\"},\"datePublished\":\"2017-10-18T12:49:40+00:00\",\"dateModified\":\"2018-11-01T14:19:37+00:00\",\"breadcrumb\":{\"@id\":\"https:\/\/www.canadahelps.org\/fr\/le-rapport-sur-les-dons-2017\/comparez-vos-dons\/#breadcrumb\"},\"inLanguage\":\"fr\",\"potentialAction\":[{\"@type\":\"ReadAction\",\"target\":[\"https:\/\/www.canadahelps.org\/fr\/le-rapport-sur-les-dons-2017\/comparez-vos-dons\/\"]}]},{\"@type\":\"BreadcrumbList\",\"@id\":\"https:\/\/www.canadahelps.org\/fr\/le-rapport-sur-les-dons-2017\/comparez-vos-dons\/#breadcrumb\",\"itemListElement\":[{\"@type\":\"ListItem\",\"position\":1,\"name\":\"Home\",\"item\":\"https:\/\/www.canadahelps.org\/fr\/\"},{\"@type\":\"ListItem\",\"position\":2,\"name\":\"Private: Le rapport sur les dons\",\"item\":\"https:\/\/www.canadahelps.org\/fr\/?page_id=18076\"},{\"@type\":\"ListItem\",\"position\":3,\"name\":\"Comparez vos dons\"}]},{\"@type\":\"WebSite\",\"@id\":\"https:\/\/www.canadahelps.org\/fr\/#website\",\"url\":\"https:\/\/www.canadahelps.org\/fr\/\",\"name\":\"CanadaHelps - Donate to any charity in Canada\",\"description\":\"Giving Made Simple\",\"publisher\":{\"@id\":\"https:\/\/www.canadahelps.org\/fr\/#organization\"},\"potentialAction\":[{\"@type\":\"SearchAction\",\"target\":{\"@type\":\"EntryPoint\",\"urlTemplate\":\"https:\/\/www.canadahelps.org\/fr\/?s={search_term_string}\"},\"query-input\":{\"@type\":\"PropertyValueSpecification\",\"valueRequired\":true,\"valueName\":\"search_term_string\"}}],\"inLanguage\":\"fr\"},{\"@type\":\"Organization\",\"@id\":\"https:\/\/www.canadahelps.org\/fr\/#organization\",\"name\":\"CanadaHelps\",\"url\":\"https:\/\/www.canadahelps.org\/fr\/\",\"logo\":{\"@type\":\"ImageObject\",\"inLanguage\":\"fr\",\"@id\":\"https:\/\/www.canadahelps.org\/fr\/#\/schema\/logo\/image\/\",\"url\":\"https:\/\/www.canadahelps.org\/media\/canadahelps-en.jpg\",\"contentUrl\":\"https:\/\/www.canadahelps.org\/media\/canadahelps-en.jpg\",\"width\":131,\"height\":72,\"caption\":\"CanadaHelps\"},\"image\":{\"@id\":\"https:\/\/www.canadahelps.org\/fr\/#\/schema\/logo\/image\/\"}}]}<\/script>\n<!-- \/ Yoast SEO plugin. -->","yoast_head_json":{"title":"Comparez vos dons | CanadaHelps - Donate to any charity in Canada","robots":{"index":"noindex","follow":"follow"},"og_locale":"fr_FR","og_type":"article","og_title":"Comparez vos dons | CanadaHelps - Donate to any charity in Canada","og_url":"https:\/\/www.canadahelps.org\/fr\/le-rapport-sur-les-dons-2017\/comparez-vos-dons\/","og_site_name":"CanadaHelps - Donate to any charity in Canada","article_modified_time":"2018-11-01T14:19:37+00:00","twitter_card":"summary_large_image","schema":{"@context":"https:\/\/schema.org","@graph":[{"@type":"WebPage","@id":"https:\/\/www.canadahelps.org\/fr\/le-rapport-sur-les-dons-2017\/comparez-vos-dons\/","url":"https:\/\/www.canadahelps.org\/fr\/le-rapport-sur-les-dons-2017\/comparez-vos-dons\/","name":"Comparez vos dons | CanadaHelps - Donate to any charity in Canada","isPartOf":{"@id":"https:\/\/www.canadahelps.org\/fr\/#website"},"datePublished":"2017-10-18T12:49:40+00:00","dateModified":"2018-11-01T14:19:37+00:00","breadcrumb":{"@id":"https:\/\/www.canadahelps.org\/fr\/le-rapport-sur-les-dons-2017\/comparez-vos-dons\/#breadcrumb"},"inLanguage":"fr","potentialAction":[{"@type":"ReadAction","target":["https:\/\/www.canadahelps.org\/fr\/le-rapport-sur-les-dons-2017\/comparez-vos-dons\/"]}]},{"@type":"BreadcrumbList","@id":"https:\/\/www.canadahelps.org\/fr\/le-rapport-sur-les-dons-2017\/comparez-vos-dons\/#breadcrumb","itemListElement":[{"@type":"ListItem","position":1,"name":"Home","item":"https:\/\/www.canadahelps.org\/fr\/"},{"@type":"ListItem","position":2,"name":"Private: Le rapport sur les dons","item":"https:\/\/www.canadahelps.org\/fr\/?page_id=18076"},{"@type":"ListItem","position":3,"name":"Comparez vos dons"}]},{"@type":"WebSite","@id":"https:\/\/www.canadahelps.org\/fr\/#website","url":"https:\/\/www.canadahelps.org\/fr\/","name":"CanadaHelps - Donate to any charity in Canada","description":"Giving Made Simple","publisher":{"@id":"https:\/\/www.canadahelps.org\/fr\/#organization"},"potentialAction":[{"@type":"SearchAction","target":{"@type":"EntryPoint","urlTemplate":"https:\/\/www.canadahelps.org\/fr\/?s={search_term_string}"},"query-input":{"@type":"PropertyValueSpecification","valueRequired":true,"valueName":"search_term_string"}}],"inLanguage":"fr"},{"@type":"Organization","@id":"https:\/\/www.canadahelps.org\/fr\/#organization","name":"CanadaHelps","url":"https:\/\/www.canadahelps.org\/fr\/","logo":{"@type":"ImageObject","inLanguage":"fr","@id":"https:\/\/www.canadahelps.org\/fr\/#\/schema\/logo\/image\/","url":"https:\/\/www.canadahelps.org\/media\/canadahelps-en.jpg","contentUrl":"https:\/\/www.canadahelps.org\/media\/canadahelps-en.jpg","width":131,"height":72,"caption":"CanadaHelps"},"image":{"@id":"https:\/\/www.canadahelps.org\/fr\/#\/schema\/logo\/image\/"}}]}},"_links":{"self":[{"href":"https:\/\/www.canadahelps.org\/fr\/wp-json\/wp\/v2\/pages\/18078","targetHints":{"allow":["GET"]}}],"collection":[{"href":"https:\/\/www.canadahelps.org\/fr\/wp-json\/wp\/v2\/pages"}],"about":[{"href":"https:\/\/www.canadahelps.org\/fr\/wp-json\/wp\/v2\/types\/page"}],"author":[{"embeddable":true,"href":"https:\/\/www.canadahelps.org\/fr\/wp-json\/wp\/v2\/users\/7"}],"replies":[{"embeddable":true,"href":"https:\/\/www.canadahelps.org\/fr\/wp-json\/wp\/v2\/comments?post=18078"}],"version-history":[{"count":2,"href":"https:\/\/www.canadahelps.org\/fr\/wp-json\/wp\/v2\/pages\/18078\/revisions"}],"predecessor-version":[{"id":18198,"href":"https:\/\/www.canadahelps.org\/fr\/wp-json\/wp\/v2\/pages\/18078\/revisions\/18198"}],"up":[{"embeddable":true,"href":"https:\/\/www.canadahelps.org\/fr\/wp-json\/wp\/v2\/pages\/18076"}],"wp:attachment":[{"href":"https:\/\/www.canadahelps.org\/fr\/wp-json\/wp\/v2\/media?parent=18078"}],"curies":[{"name":"wp","href":"https:\/\/api.w.org\/{rel}","templated":true}]}}