{"id":18082,"date":"2017-10-13T15:07:59","date_gmt":"2017-10-13T19:07:59","guid":{"rendered":"https:\/\/www.canadahelps.org\/tdc-donor-dashboard\/download-the-report\/"},"modified":"2018-11-01T10:22:57","modified_gmt":"2018-11-01T14:22:57","slug":"telechargez-le-rapport","status":"publish","type":"page","link":"https:\/\/www.canadahelps.org\/fr\/le-rapport-sur-les-dons-2017\/telechargez-le-rapport\/","title":{"rendered":"T\u00e9l\u00e9chargez le rapport"},"content":{"rendered":"<div class=\"row\" style=\"margin-top: 15px;\">\n<div class=\"col-sm-6\">\n<h2>T\u00e9l\u00e9chargez votre exemplaire du rapport<\/h2>\n<p><i>Le rapport sur les dons 2017<\/i> examine de fa\u00e7on d\u00e9taill\u00e9e le secteur caritatif et son impact au Canada.<\/p>\n<p>Nous esp\u00e9rons \u00e9galement qu\u2019il d\u00e9montrera l\u2019importance des dons caritatifs ainsi que leur r\u00f4le \u00e9norme dans la vie des Canadiens et de leur famille, et qu\u2019ultimement il inspirera un plus grand nombre de Canadiens \u00e0 s\u2019engager et \u00e0 faire des dons.<\/p>\n<\/div>\n<div class=\"col-sm-6\" style=\"text-align: center;\"><img decoding=\"async\" class=\"alignnone size-full wp-image-16724\" style=\"display: inline-block;\" src=\"\/media\/le-rapport-sur-les-don2.png\" alt=\"\" \/><\/div>\n<\/div>\n<p>[tdc_download_report_form year=2017]<\/p>\n","protected":false},"excerpt":{"rendered":"<p>T\u00e9l\u00e9chargez votre exemplaire du rapport Le rapport sur les dons 2017 examine de fa\u00e7on d\u00e9taill\u00e9e le secteur caritatif et son impact au Canada. Nous esp\u00e9rons &#8230; <a href=\"https:\/\/www.canadahelps.org\/fr\/le-rapport-sur-les-dons-2017\/telechargez-le-rapport\/\" id=\"canadahelp-blog-meta\">Voir plus<\/a><\/p>\n","protected":false},"author":7,"featured_media":0,"parent":18076,"menu_order":4,"comment_status":"closed","ping_status":"closed","template":"template-tdc-full-width-blank.php","meta":{"footnotes":""},"class_list":["post-18082","page","type-page","status-publish","hentry"],"acf":{"meta_description":"","tdc_hero_title":"T\u00e9l\u00e9chargez le rapport","tdc_hero_title_color":"#ffffff","tdc_hero_subtitle":"Le rapport sur les dons 2017","tdc_hero_subtitle_color":"#fbc43e","tdc_hero_image":{"ID":18107,"id":18107,"title":"telechargez-le-rapport.tdc_hero_image","filename":"telechargez-le-rapport.tdc_hero_image.jpg","filesize":5178,"url":"https:\/\/www.canadahelps.org\/media\/telechargez-le-rapport.tdc_hero_image.jpg","link":"https:\/\/www.canadahelps.org\/fr\/le-rapport-sur-les-dons-2017\/telechargez-le-rapport\/attachment\/telechargez-le-rapport-tdc_hero_image-2\/","alt":"","author":"7","description":"","caption":"","name":"telechargez-le-rapport-tdc_hero_image-2","status":"inherit","uploaded_to":18082,"date":"2017-11-08 20:34:33","modified":"2017-11-08 20:34:33","menu_order":0,"mime_type":"image\/jpeg","type":"image","subtype":"jpeg","icon":"https:\/\/www.canadahelps.org\/wp-includes\/images\/media\/default.png","width":1261,"height":175,"sizes":{"thumbnail":"https:\/\/www.canadahelps.org\/media\/telechargez-le-rapport.tdc_hero_image-150x150.jpg","thumbnail-width":150,"thumbnail-height":150,"medium":"https:\/\/www.canadahelps.org\/media\/telechargez-le-rapport.tdc_hero_image-300x42.jpg","medium-width":300,"medium-height":42,"medium_large":"https:\/\/www.canadahelps.org\/media\/telechargez-le-rapport.tdc_hero_image-768x107.jpg","medium_large-width":768,"medium_large-height":107,"large":"https:\/\/www.canadahelps.org\/media\/telechargez-le-rapport.tdc_hero_image-1024x142.jpg","large-width":1024,"large-height":142,"1536x1536":"https:\/\/www.canadahelps.org\/media\/telechargez-le-rapport.tdc_hero_image.jpg","1536x1536-width":1261,"1536x1536-height":175,"2048x2048":"https:\/\/www.canadahelps.org\/media\/telechargez-le-rapport.tdc_hero_image.jpg","2048x2048-width":1261,"2048x2048-height":175}},"use_toc_layout":false,"insert_spotlight_boxes":false,"use_biography_grid":false,"tdc_hero_short_description":"","tdc_hero_short_description_color":"","tdc_datasource_show":false,"hide_page_title":true,"additional_body_css_classes":""},"yoast_head":"<!-- This site is optimized with the Yoast SEO plugin v26.0 - https:\/\/yoast.com\/wordpress\/plugins\/seo\/ -->\n<title>T\u00e9l\u00e9chargez le rapport | CanadaHelps - Donate to any charity in Canada<\/title>\n<meta name=\"robots\" content=\"noindex, follow\" \/>\n<meta property=\"og:locale\" content=\"fr_FR\" \/>\n<meta property=\"og:type\" content=\"article\" \/>\n<meta property=\"og:title\" content=\"T\u00e9l\u00e9chargez le rapport | CanadaHelps - Donate to any charity in Canada\" \/>\n<meta property=\"og:description\" content=\"T\u00e9l\u00e9chargez votre exemplaire du rapport Le rapport sur les dons 2017 examine de fa\u00e7on d\u00e9taill\u00e9e le secteur caritatif et son impact au Canada. Nous esp\u00e9rons ... Voir plus\" \/>\n<meta property=\"og:url\" content=\"https:\/\/www.canadahelps.org\/fr\/le-rapport-sur-les-dons-2017\/telechargez-le-rapport\/\" \/>\n<meta property=\"og:site_name\" content=\"CanadaHelps - Donate to any charity in Canada\" \/>\n<meta property=\"article:modified_time\" content=\"2018-11-01T14:22:57+00:00\" \/>\n<meta name=\"twitter:card\" content=\"summary_large_image\" \/>\n<script type=\"application\/ld+json\" class=\"yoast-schema-graph\">{\"@context\":\"https:\/\/schema.org\",\"@graph\":[{\"@type\":\"WebPage\",\"@id\":\"https:\/\/www.canadahelps.org\/fr\/le-rapport-sur-les-dons-2017\/telechargez-le-rapport\/\",\"url\":\"https:\/\/www.canadahelps.org\/fr\/le-rapport-sur-les-dons-2017\/telechargez-le-rapport\/\",\"name\":\"T\u00e9l\u00e9chargez le rapport | CanadaHelps - Donate to any charity in Canada\",\"isPartOf\":{\"@id\":\"https:\/\/www.canadahelps.org\/fr\/#website\"},\"datePublished\":\"2017-10-13T19:07:59+00:00\",\"dateModified\":\"2018-11-01T14:22:57+00:00\",\"breadcrumb\":{\"@id\":\"https:\/\/www.canadahelps.org\/fr\/le-rapport-sur-les-dons-2017\/telechargez-le-rapport\/#breadcrumb\"},\"inLanguage\":\"fr\",\"potentialAction\":[{\"@type\":\"ReadAction\",\"target\":[\"https:\/\/www.canadahelps.org\/fr\/le-rapport-sur-les-dons-2017\/telechargez-le-rapport\/\"]}]},{\"@type\":\"BreadcrumbList\",\"@id\":\"https:\/\/www.canadahelps.org\/fr\/le-rapport-sur-les-dons-2017\/telechargez-le-rapport\/#breadcrumb\",\"itemListElement\":[{\"@type\":\"ListItem\",\"position\":1,\"name\":\"Home\",\"item\":\"https:\/\/www.canadahelps.org\/fr\/\"},{\"@type\":\"ListItem\",\"position\":2,\"name\":\"Private: Le rapport sur les dons\",\"item\":\"https:\/\/www.canadahelps.org\/fr\/?page_id=18076\"},{\"@type\":\"ListItem\",\"position\":3,\"name\":\"T\u00e9l\u00e9chargez le rapport\"}]},{\"@type\":\"WebSite\",\"@id\":\"https:\/\/www.canadahelps.org\/fr\/#website\",\"url\":\"https:\/\/www.canadahelps.org\/fr\/\",\"name\":\"CanadaHelps - Donate to any charity in Canada\",\"description\":\"Giving Made Simple\",\"publisher\":{\"@id\":\"https:\/\/www.canadahelps.org\/fr\/#organization\"},\"potentialAction\":[{\"@type\":\"SearchAction\",\"target\":{\"@type\":\"EntryPoint\",\"urlTemplate\":\"https:\/\/www.canadahelps.org\/fr\/?s={search_term_string}\"},\"query-input\":{\"@type\":\"PropertyValueSpecification\",\"valueRequired\":true,\"valueName\":\"search_term_string\"}}],\"inLanguage\":\"fr\"},{\"@type\":\"Organization\",\"@id\":\"https:\/\/www.canadahelps.org\/fr\/#organization\",\"name\":\"CanadaHelps\",\"url\":\"https:\/\/www.canadahelps.org\/fr\/\",\"logo\":{\"@type\":\"ImageObject\",\"inLanguage\":\"fr\",\"@id\":\"https:\/\/www.canadahelps.org\/fr\/#\/schema\/logo\/image\/\",\"url\":\"https:\/\/www.canadahelps.org\/media\/canadahelps-en.jpg\",\"contentUrl\":\"https:\/\/www.canadahelps.org\/media\/canadahelps-en.jpg\",\"width\":131,\"height\":72,\"caption\":\"CanadaHelps\"},\"image\":{\"@id\":\"https:\/\/www.canadahelps.org\/fr\/#\/schema\/logo\/image\/\"}}]}<\/script>\n<!-- \/ Yoast SEO plugin. -->","yoast_head_json":{"title":"T\u00e9l\u00e9chargez le rapport | CanadaHelps - Donate to any charity in Canada","robots":{"index":"noindex","follow":"follow"},"og_locale":"fr_FR","og_type":"article","og_title":"T\u00e9l\u00e9chargez le rapport | CanadaHelps - Donate to any charity in Canada","og_description":"T\u00e9l\u00e9chargez votre exemplaire du rapport Le rapport sur les dons 2017 examine de fa\u00e7on d\u00e9taill\u00e9e le secteur caritatif et son impact au Canada. Nous esp\u00e9rons ... Voir plus","og_url":"https:\/\/www.canadahelps.org\/fr\/le-rapport-sur-les-dons-2017\/telechargez-le-rapport\/","og_site_name":"CanadaHelps - Donate to any charity in Canada","article_modified_time":"2018-11-01T14:22:57+00:00","twitter_card":"summary_large_image","schema":{"@context":"https:\/\/schema.org","@graph":[{"@type":"WebPage","@id":"https:\/\/www.canadahelps.org\/fr\/le-rapport-sur-les-dons-2017\/telechargez-le-rapport\/","url":"https:\/\/www.canadahelps.org\/fr\/le-rapport-sur-les-dons-2017\/telechargez-le-rapport\/","name":"T\u00e9l\u00e9chargez le rapport | CanadaHelps - Donate to any charity in Canada","isPartOf":{"@id":"https:\/\/www.canadahelps.org\/fr\/#website"},"datePublished":"2017-10-13T19:07:59+00:00","dateModified":"2018-11-01T14:22:57+00:00","breadcrumb":{"@id":"https:\/\/www.canadahelps.org\/fr\/le-rapport-sur-les-dons-2017\/telechargez-le-rapport\/#breadcrumb"},"inLanguage":"fr","potentialAction":[{"@type":"ReadAction","target":["https:\/\/www.canadahelps.org\/fr\/le-rapport-sur-les-dons-2017\/telechargez-le-rapport\/"]}]},{"@type":"BreadcrumbList","@id":"https:\/\/www.canadahelps.org\/fr\/le-rapport-sur-les-dons-2017\/telechargez-le-rapport\/#breadcrumb","itemListElement":[{"@type":"ListItem","position":1,"name":"Home","item":"https:\/\/www.canadahelps.org\/fr\/"},{"@type":"ListItem","position":2,"name":"Private: Le rapport sur les dons","item":"https:\/\/www.canadahelps.org\/fr\/?page_id=18076"},{"@type":"ListItem","position":3,"name":"T\u00e9l\u00e9chargez le rapport"}]},{"@type":"WebSite","@id":"https:\/\/www.canadahelps.org\/fr\/#website","url":"https:\/\/www.canadahelps.org\/fr\/","name":"CanadaHelps - Donate to any charity in Canada","description":"Giving Made Simple","publisher":{"@id":"https:\/\/www.canadahelps.org\/fr\/#organization"},"potentialAction":[{"@type":"SearchAction","target":{"@type":"EntryPoint","urlTemplate":"https:\/\/www.canadahelps.org\/fr\/?s={search_term_string}"},"query-input":{"@type":"PropertyValueSpecification","valueRequired":true,"valueName":"search_term_string"}}],"inLanguage":"fr"},{"@type":"Organization","@id":"https:\/\/www.canadahelps.org\/fr\/#organization","name":"CanadaHelps","url":"https:\/\/www.canadahelps.org\/fr\/","logo":{"@type":"ImageObject","inLanguage":"fr","@id":"https:\/\/www.canadahelps.org\/fr\/#\/schema\/logo\/image\/","url":"https:\/\/www.canadahelps.org\/media\/canadahelps-en.jpg","contentUrl":"https:\/\/www.canadahelps.org\/media\/canadahelps-en.jpg","width":131,"height":72,"caption":"CanadaHelps"},"image":{"@id":"https:\/\/www.canadahelps.org\/fr\/#\/schema\/logo\/image\/"}}]}},"_links":{"self":[{"href":"https:\/\/www.canadahelps.org\/fr\/wp-json\/wp\/v2\/pages\/18082","targetHints":{"allow":["GET"]}}],"collection":[{"href":"https:\/\/www.canadahelps.org\/fr\/wp-json\/wp\/v2\/pages"}],"about":[{"href":"https:\/\/www.canadahelps.org\/fr\/wp-json\/wp\/v2\/types\/page"}],"author":[{"embeddable":true,"href":"https:\/\/www.canadahelps.org\/fr\/wp-json\/wp\/v2\/users\/7"}],"replies":[{"embeddable":true,"href":"https:\/\/www.canadahelps.org\/fr\/wp-json\/wp\/v2\/comments?post=18082"}],"version-history":[{"count":2,"href":"https:\/\/www.canadahelps.org\/fr\/wp-json\/wp\/v2\/pages\/18082\/revisions"}],"predecessor-version":[{"id":22508,"href":"https:\/\/www.canadahelps.org\/fr\/wp-json\/wp\/v2\/pages\/18082\/revisions\/22508"}],"up":[{"embeddable":true,"href":"https:\/\/www.canadahelps.org\/fr\/wp-json\/wp\/v2\/pages\/18076"}],"wp:attachment":[{"href":"https:\/\/www.canadahelps.org\/fr\/wp-json\/wp\/v2\/media?parent=18082"}],"curies":[{"name":"wp","href":"https:\/\/api.w.org\/{rel}","templated":true}]}}