{"id":1839,"date":"2014-04-02T11:06:49","date_gmt":"2014-04-02T15:06:49","guid":{"rendered":"https:\/\/www.canadahelps.org\/?page_id=1839"},"modified":"2025-06-10T10:55:59","modified_gmt":"2025-06-10T14:55:59","slug":"joignez-vous-a-nous","status":"publish","type":"page","link":"https:\/\/www.canadahelps.org\/fr\/pourquoi-canadon\/joignez-vous-a-nous\/","title":{"rendered":"Joignez-vous \u00e0 nous"},"content":{"rendered":"<h2 class=\"text-oversize\">Joignez-vous \u00e0 l\u2019une des premi\u00e8res entreprises sociales canadiennes.<\/h2>\n<p>Nous sommes un organisme de petite taille mais avec une mission importante : accro\u00eetre les dons caritatifs partout au Canada. C\u2019est beaucoup de travail. L\u2019une des choses les plus merveilleuses \u00e0 propos de CanaDon est de savoir que les heures pass\u00e9es au travail sont des heures pass\u00e9es en compagnie de gens d\u00e9di\u00e9s \u00e0 ce qu\u2019ils font. La chose qui est encore plus merveilleuse est de r\u00e9aliser que nous travaillons ensemble pour soutenir directement des milliers d\u2019organismes de bienfaisance dans la mise en \u0153uvre de leur mission ce qui, ultimement, renforcit notre communaut\u00e9 locale, nationale, et m\u00eame mondiale.<\/p>\n<p>&nbsp;<\/p>\n<h3>Travailler \u00e0 CanaDon<\/h3>\n<p>Un emploi \u00e0 CanaDon vous donne l\u2019opportunit\u00e9 d\u2019\u00e9largir vos comp\u00e9tences professionnelles et votre exp\u00e9rience dans un environnement en constante \u00e9volution offert par une organisation de technologie de dons en ligne. Cela signifie \u00e9galement que vous mettez en pratique ces comp\u00e9tences \u2013 anciennes et nouvelles \u2013 dans le cadre d\u2019une t\u00e2che particuli\u00e8rement gratifiante : celui d\u2019aider autrui.<\/p>\n<p><strong><a href=\"https:\/\/canadahelps.bamboohr.com\/jobs\/\" target=\"_blank\" rel=\"noopener noreferrer\">Voir postes disponibles<\/a><\/strong><\/p>\n<p>&nbsp;<\/p>\n<h3>Faire du b\u00e9n\u00e9volat \u00e0 CanaDon<\/h3>\n<p>Votre travail de b\u00e9n\u00e9volat \u00e0 CanaDon aidera des milliers d\u2019organismes de bienfaisance \u00e0 travers le pays. C\u2019est \u00e9galement un excellent moyen de d\u2019\u00e9largir vos comp\u00e9tences et votre exp\u00e9rience dans un environnement de technologie en constante \u00e9volution.<\/p>\n<p>Voici quelques postes de b\u00e9n\u00e9volat en offre. Si vous \u00eates disponible et si vous avez les comp\u00e9tences n\u00e9cessaires, nous vous serions tr\u00e8s reconnaissants de consid\u00e9rer vous joindre \u00e0 CanaDon comme b\u00e9n\u00e9vole.<\/p>\n<p><b>\u00a0<\/b><\/p>\n","protected":false},"excerpt":{"rendered":"<p>Joignez-vous \u00e0 l\u2019une des premi\u00e8res entreprises sociales canadiennes. Nous sommes un organisme de petite taille mais avec une mission importante : accro\u00eetre les dons caritatifs &#8230; <a href=\"https:\/\/www.canadahelps.org\/fr\/pourquoi-canadon\/joignez-vous-a-nous\/\" id=\"canadahelp-blog-meta\">Voir plus<\/a><\/p>\n","protected":false},"author":7,"featured_media":0,"parent":35305,"menu_order":8,"comment_status":"open","ping_status":"open","template":"template-custom.php","meta":{"footnotes":""},"class_list":["post-1839","page","type-page","status-publish","hentry"],"acf":{"meta_description":"","use_toc_layout":false,"insert_spotlight_boxes":false,"use_biography_grid":false,"additional_body_css_classes":"","footer_panels":false,"header_banner_colour":"#748E09","row_settings":false,"hide_page_title":false,"blogs_posts_item":false},"yoast_head":"<!-- This site is optimized with the Yoast SEO plugin v26.0 - https:\/\/yoast.com\/wordpress\/plugins\/seo\/ -->\n<title>Joignez-vous \u00e0 nous | CanaDon - Faites des dons \u00e0 un organisme de bienfaisance au Canada<\/title>\n<meta name=\"robots\" content=\"index, follow, max-snippet:-1, max-image-preview:large, max-video-preview:-1\" \/>\n<link rel=\"canonical\" href=\"https:\/\/www.canadahelps.org\/fr\/pourquoi-canadon\/joignez-vous-a-nous\/\" \/>\n<meta property=\"og:locale\" content=\"fr_FR\" \/>\n<meta property=\"og:type\" content=\"article\" \/>\n<meta property=\"og:title\" content=\"Joignez-vous \u00e0 nous | CanaDon - Faites des dons \u00e0 un organisme de bienfaisance au Canada\" \/>\n<meta property=\"og:description\" content=\"Joignez-vous \u00e0 l\u2019une des premi\u00e8res entreprises sociales canadiennes. Nous sommes un organisme de petite taille mais avec une mission importante : accro\u00eetre les dons caritatifs ... Voir plus\" \/>\n<meta property=\"og:url\" content=\"https:\/\/www.canadahelps.org\/fr\/pourquoi-canadon\/joignez-vous-a-nous\/\" \/>\n<meta property=\"og:site_name\" content=\"CanaDon - Faites des dons \u00e0 un organisme de bienfaisance au Canada\" \/>\n<meta property=\"article:modified_time\" content=\"2025-06-10T14:55:59+00:00\" \/>\n<meta name=\"twitter:card\" content=\"summary_large_image\" \/>\n<meta name=\"twitter:label1\" content=\"Est. reading time\" \/>\n\t<meta name=\"twitter:data1\" content=\"6 minutes\" \/>\n<script type=\"application\/ld+json\" class=\"yoast-schema-graph\">{\"@context\":\"https:\/\/schema.org\",\"@graph\":[{\"@type\":\"WebPage\",\"@id\":\"https:\/\/www.canadahelps.org\/fr\/pourquoi-canadon\/joignez-vous-a-nous\/\",\"url\":\"https:\/\/www.canadahelps.org\/fr\/pourquoi-canadon\/joignez-vous-a-nous\/\",\"name\":\"Joignez-vous \u00e0 nous | CanaDon - Faites des dons \u00e0 un organisme de bienfaisance au Canada\",\"isPartOf\":{\"@id\":\"https:\/\/www.canadahelps.org\/fr\/#website\"},\"datePublished\":\"2014-04-02T15:06:49+00:00\",\"dateModified\":\"2025-06-10T14:55:59+00:00\",\"breadcrumb\":{\"@id\":\"https:\/\/www.canadahelps.org\/fr\/pourquoi-canadon\/joignez-vous-a-nous\/#breadcrumb\"},\"inLanguage\":\"fr\",\"potentialAction\":[{\"@type\":\"ReadAction\",\"target\":[\"https:\/\/www.canadahelps.org\/fr\/pourquoi-canadon\/joignez-vous-a-nous\/\"]}]},{\"@type\":\"BreadcrumbList\",\"@id\":\"https:\/\/www.canadahelps.org\/fr\/pourquoi-canadon\/joignez-vous-a-nous\/#breadcrumb\",\"itemListElement\":[{\"@type\":\"ListItem\",\"position\":1,\"name\":\"Home\",\"item\":\"https:\/\/www.canadahelps.org\/fr\/\"},{\"@type\":\"ListItem\",\"position\":2,\"name\":\"Pourquoi CanaDon\",\"item\":\"https:\/\/www.canadahelps.org\/fr\/pourquoi-canadon\/\"},{\"@type\":\"ListItem\",\"position\":3,\"name\":\"Joignez-vous \u00e0 nous\"}]},{\"@type\":\"WebSite\",\"@id\":\"https:\/\/www.canadahelps.org\/fr\/#website\",\"url\":\"https:\/\/www.canadahelps.org\/fr\/\",\"name\":\"CanadaHelps - Donate to any charity in Canada\",\"description\":\"Le don en toute simplicit\u00e9\",\"publisher\":{\"@id\":\"https:\/\/www.canadahelps.org\/fr\/#organization\"},\"potentialAction\":[{\"@type\":\"SearchAction\",\"target\":{\"@type\":\"EntryPoint\",\"urlTemplate\":\"https:\/\/www.canadahelps.org\/fr\/?s={search_term_string}\"},\"query-input\":{\"@type\":\"PropertyValueSpecification\",\"valueRequired\":true,\"valueName\":\"search_term_string\"}}],\"inLanguage\":\"fr\"},{\"@type\":\"Organization\",\"@id\":\"https:\/\/www.canadahelps.org\/fr\/#organization\",\"name\":\"CanadaHelps\",\"url\":\"https:\/\/www.canadahelps.org\/fr\/\",\"logo\":{\"@type\":\"ImageObject\",\"inLanguage\":\"fr\",\"@id\":\"https:\/\/www.canadahelps.org\/fr\/#\/schema\/logo\/image\/\",\"url\":\"https:\/\/www.canadahelps.org\/media\/canadahelps-en.jpg\",\"contentUrl\":\"https:\/\/www.canadahelps.org\/media\/canadahelps-en.jpg\",\"width\":131,\"height\":72,\"caption\":\"CanadaHelps\"},\"image\":{\"@id\":\"https:\/\/www.canadahelps.org\/fr\/#\/schema\/logo\/image\/\"}}]}<\/script>\n<!-- \/ Yoast SEO plugin. -->","yoast_head_json":{"title":"Joignez-vous \u00e0 nous | CanaDon - Faites des dons \u00e0 un organisme de bienfaisance au Canada","robots":{"index":"index","follow":"follow","max-snippet":"max-snippet:-1","max-image-preview":"max-image-preview:large","max-video-preview":"max-video-preview:-1"},"canonical":"https:\/\/www.canadahelps.org\/fr\/pourquoi-canadon\/joignez-vous-a-nous\/","og_locale":"fr_FR","og_type":"article","og_title":"Joignez-vous \u00e0 nous | CanaDon - Faites des dons \u00e0 un organisme de bienfaisance au Canada","og_description":"Joignez-vous \u00e0 l\u2019une des premi\u00e8res entreprises sociales canadiennes. Nous sommes un organisme de petite taille mais avec une mission importante : accro\u00eetre les dons caritatifs ... Voir plus","og_url":"https:\/\/www.canadahelps.org\/fr\/pourquoi-canadon\/joignez-vous-a-nous\/","og_site_name":"CanaDon - Faites des dons \u00e0 un organisme de bienfaisance au Canada","article_modified_time":"2025-06-10T14:55:59+00:00","twitter_card":"summary_large_image","twitter_misc":{"Est. reading time":"6 minutes"},"schema":{"@context":"https:\/\/schema.org","@graph":[{"@type":"WebPage","@id":"https:\/\/www.canadahelps.org\/fr\/pourquoi-canadon\/joignez-vous-a-nous\/","url":"https:\/\/www.canadahelps.org\/fr\/pourquoi-canadon\/joignez-vous-a-nous\/","name":"Joignez-vous \u00e0 nous | CanaDon - Faites des dons \u00e0 un organisme de bienfaisance au Canada","isPartOf":{"@id":"https:\/\/www.canadahelps.org\/fr\/#website"},"datePublished":"2014-04-02T15:06:49+00:00","dateModified":"2025-06-10T14:55:59+00:00","breadcrumb":{"@id":"https:\/\/www.canadahelps.org\/fr\/pourquoi-canadon\/joignez-vous-a-nous\/#breadcrumb"},"inLanguage":"fr","potentialAction":[{"@type":"ReadAction","target":["https:\/\/www.canadahelps.org\/fr\/pourquoi-canadon\/joignez-vous-a-nous\/"]}]},{"@type":"BreadcrumbList","@id":"https:\/\/www.canadahelps.org\/fr\/pourquoi-canadon\/joignez-vous-a-nous\/#breadcrumb","itemListElement":[{"@type":"ListItem","position":1,"name":"Home","item":"https:\/\/www.canadahelps.org\/fr\/"},{"@type":"ListItem","position":2,"name":"Pourquoi CanaDon","item":"https:\/\/www.canadahelps.org\/fr\/pourquoi-canadon\/"},{"@type":"ListItem","position":3,"name":"Joignez-vous \u00e0 nous"}]},{"@type":"WebSite","@id":"https:\/\/www.canadahelps.org\/fr\/#website","url":"https:\/\/www.canadahelps.org\/fr\/","name":"CanadaHelps - Donate to any charity in Canada","description":"Le don en toute simplicit\u00e9","publisher":{"@id":"https:\/\/www.canadahelps.org\/fr\/#organization"},"potentialAction":[{"@type":"SearchAction","target":{"@type":"EntryPoint","urlTemplate":"https:\/\/www.canadahelps.org\/fr\/?s={search_term_string}"},"query-input":{"@type":"PropertyValueSpecification","valueRequired":true,"valueName":"search_term_string"}}],"inLanguage":"fr"},{"@type":"Organization","@id":"https:\/\/www.canadahelps.org\/fr\/#organization","name":"CanadaHelps","url":"https:\/\/www.canadahelps.org\/fr\/","logo":{"@type":"ImageObject","inLanguage":"fr","@id":"https:\/\/www.canadahelps.org\/fr\/#\/schema\/logo\/image\/","url":"https:\/\/www.canadahelps.org\/media\/canadahelps-en.jpg","contentUrl":"https:\/\/www.canadahelps.org\/media\/canadahelps-en.jpg","width":131,"height":72,"caption":"CanadaHelps"},"image":{"@id":"https:\/\/www.canadahelps.org\/fr\/#\/schema\/logo\/image\/"}}]}},"_links":{"self":[{"href":"https:\/\/www.canadahelps.org\/fr\/wp-json\/wp\/v2\/pages\/1839","targetHints":{"allow":["GET"]}}],"collection":[{"href":"https:\/\/www.canadahelps.org\/fr\/wp-json\/wp\/v2\/pages"}],"about":[{"href":"https:\/\/www.canadahelps.org\/fr\/wp-json\/wp\/v2\/types\/page"}],"author":[{"embeddable":true,"href":"https:\/\/www.canadahelps.org\/fr\/wp-json\/wp\/v2\/users\/7"}],"replies":[{"embeddable":true,"href":"https:\/\/www.canadahelps.org\/fr\/wp-json\/wp\/v2\/comments?post=1839"}],"version-history":[{"count":9,"href":"https:\/\/www.canadahelps.org\/fr\/wp-json\/wp\/v2\/pages\/1839\/revisions"}],"predecessor-version":[{"id":54574,"href":"https:\/\/www.canadahelps.org\/fr\/wp-json\/wp\/v2\/pages\/1839\/revisions\/54574"}],"up":[{"embeddable":true,"href":"https:\/\/www.canadahelps.org\/fr\/wp-json\/wp\/v2\/pages\/35305"}],"wp:attachment":[{"href":"https:\/\/www.canadahelps.org\/fr\/wp-json\/wp\/v2\/media?parent=1839"}],"curies":[{"name":"wp","href":"https:\/\/api.w.org\/{rel}","templated":true}]}}