{"id":18402,"date":"2017-11-15T12:23:22","date_gmt":"2017-11-15T17:23:22","guid":{"rendered":"https:\/\/www.canadahelps.org\/?page_id=18402"},"modified":"2018-11-14T14:43:05","modified_gmt":"2018-11-14T19:43:05","slug":"mardi-je-donne-termes","status":"publish","type":"page","link":"https:\/\/www.canadahelps.org\/fr\/mardi-je-donne-termes\/","title":{"rendered":"Mardi Je Donne Termes"},"content":{"rendered":"<p>Modalit\u00e9s<\/p>\n<ul>\n<li>L&#8217;offre est pour un code de carte-cadeau de 3$ \u00e0 \u00eatre utilis\u00e9 sur CanaDon.org.<\/li>\n<li>L&#8217;offre n&#8217;est pas monnayable.<\/li>\n<li>L&#8217;offre est valide \u00e0 partir du 27 novembre 2018 \u00e0 0 h 1 HNE.<\/li>\n<li>L&#8217;offre expire le 27 novembre 2018 \u00e0 11 h 59 HNP.<\/li>\n<li>CanaDon r\u00e9serve le droit de mettre un terme \u00e0 la promotion \u00e0 tout moment.<\/li>\n<li>Une seule carte-cadeau par personne.<\/li>\n<li>Pour recevoir cette offre, vous devez avoir 18 ans ou plus.<\/li>\n<\/ul>\n","protected":false},"excerpt":{"rendered":"<p>Modalit\u00e9s L&#8217;offre est pour un code de carte-cadeau de 3$ \u00e0 \u00eatre utilis\u00e9 sur CanaDon.org. L&#8217;offre n&#8217;est pas monnayable. L&#8217;offre est valide \u00e0 partir du &#8230; <a href=\"https:\/\/www.canadahelps.org\/fr\/mardi-je-donne-termes\/\" id=\"canadahelp-blog-meta\">Voir plus<\/a><\/p>\n","protected":false},"author":7,"featured_media":0,"parent":0,"menu_order":0,"comment_status":"closed","ping_status":"closed","template":"template-custom.php","meta":{"footnotes":""},"class_list":["post-18402","page","type-page","status-publish","hentry"],"acf":{"meta_description":"","use_toc_layout":false,"hide_page_title":false,"insert_spotlight_boxes":false,"use_biography_grid":false,"header_banner_colour":"#96174b","additional_body_css_classes":"","footer_panels":false},"yoast_head":"<!-- This site is optimized with the Yoast SEO plugin v26.0 - https:\/\/yoast.com\/wordpress\/plugins\/seo\/ -->\n<title>Mardi Je Donne Termes | CanaDon - Faites des dons \u00e0 un organisme de bienfaisance au Canada<\/title>\n<meta name=\"robots\" content=\"index, follow, max-snippet:-1, max-image-preview:large, max-video-preview:-1\" \/>\n<link rel=\"canonical\" href=\"https:\/\/www.canadahelps.org\/fr\/mardi-je-donne-termes\/\" \/>\n<meta property=\"og:locale\" content=\"fr_FR\" \/>\n<meta property=\"og:type\" content=\"article\" \/>\n<meta property=\"og:title\" content=\"Mardi Je Donne Termes | CanaDon - Faites des dons \u00e0 un organisme de bienfaisance au Canada\" \/>\n<meta property=\"og:description\" content=\"Modalit\u00e9s L&#8217;offre est pour un code de carte-cadeau de 3$ \u00e0 \u00eatre utilis\u00e9 sur CanaDon.org. L&#8217;offre n&#8217;est pas monnayable. L&#8217;offre est valide \u00e0 partir du ... Voir plus\" \/>\n<meta property=\"og:url\" content=\"https:\/\/www.canadahelps.org\/fr\/mardi-je-donne-termes\/\" \/>\n<meta property=\"og:site_name\" content=\"CanaDon - Faites des dons \u00e0 un organisme de bienfaisance au Canada\" \/>\n<meta property=\"article:modified_time\" content=\"2018-11-14T19:43:05+00:00\" \/>\n<meta name=\"twitter:card\" content=\"summary_large_image\" \/>\n<script type=\"application\/ld+json\" class=\"yoast-schema-graph\">{\"@context\":\"https:\/\/schema.org\",\"@graph\":[{\"@type\":\"WebPage\",\"@id\":\"https:\/\/www.canadahelps.org\/fr\/mardi-je-donne-termes\/\",\"url\":\"https:\/\/www.canadahelps.org\/fr\/mardi-je-donne-termes\/\",\"name\":\"Mardi Je Donne Termes | CanaDon - Faites des dons \u00e0 un organisme de bienfaisance au Canada\",\"isPartOf\":{\"@id\":\"https:\/\/www.canadahelps.org\/fr\/#website\"},\"datePublished\":\"2017-11-15T17:23:22+00:00\",\"dateModified\":\"2018-11-14T19:43:05+00:00\",\"breadcrumb\":{\"@id\":\"https:\/\/www.canadahelps.org\/fr\/mardi-je-donne-termes\/#breadcrumb\"},\"inLanguage\":\"fr\",\"potentialAction\":[{\"@type\":\"ReadAction\",\"target\":[\"https:\/\/www.canadahelps.org\/fr\/mardi-je-donne-termes\/\"]}]},{\"@type\":\"BreadcrumbList\",\"@id\":\"https:\/\/www.canadahelps.org\/fr\/mardi-je-donne-termes\/#breadcrumb\",\"itemListElement\":[{\"@type\":\"ListItem\",\"position\":1,\"name\":\"Home\",\"item\":\"https:\/\/www.canadahelps.org\/fr\/\"},{\"@type\":\"ListItem\",\"position\":2,\"name\":\"Mardi Je Donne Termes\"}]},{\"@type\":\"WebSite\",\"@id\":\"https:\/\/www.canadahelps.org\/fr\/#website\",\"url\":\"https:\/\/www.canadahelps.org\/fr\/\",\"name\":\"CanadaHelps - Donate to any charity in Canada\",\"description\":\"Le don en toute simplicit\u00e9\",\"publisher\":{\"@id\":\"https:\/\/www.canadahelps.org\/fr\/#organization\"},\"potentialAction\":[{\"@type\":\"SearchAction\",\"target\":{\"@type\":\"EntryPoint\",\"urlTemplate\":\"https:\/\/www.canadahelps.org\/fr\/?s={search_term_string}\"},\"query-input\":{\"@type\":\"PropertyValueSpecification\",\"valueRequired\":true,\"valueName\":\"search_term_string\"}}],\"inLanguage\":\"fr\"},{\"@type\":\"Organization\",\"@id\":\"https:\/\/www.canadahelps.org\/fr\/#organization\",\"name\":\"CanadaHelps\",\"url\":\"https:\/\/www.canadahelps.org\/fr\/\",\"logo\":{\"@type\":\"ImageObject\",\"inLanguage\":\"fr\",\"@id\":\"https:\/\/www.canadahelps.org\/fr\/#\/schema\/logo\/image\/\",\"url\":\"https:\/\/www.canadahelps.org\/media\/canadahelps-en.jpg\",\"contentUrl\":\"https:\/\/www.canadahelps.org\/media\/canadahelps-en.jpg\",\"width\":131,\"height\":72,\"caption\":\"CanadaHelps\"},\"image\":{\"@id\":\"https:\/\/www.canadahelps.org\/fr\/#\/schema\/logo\/image\/\"}}]}<\/script>\n<!-- \/ Yoast SEO plugin. -->","yoast_head_json":{"title":"Mardi Je Donne Termes | CanaDon - Faites des dons \u00e0 un organisme de bienfaisance au Canada","robots":{"index":"index","follow":"follow","max-snippet":"max-snippet:-1","max-image-preview":"max-image-preview:large","max-video-preview":"max-video-preview:-1"},"canonical":"https:\/\/www.canadahelps.org\/fr\/mardi-je-donne-termes\/","og_locale":"fr_FR","og_type":"article","og_title":"Mardi Je Donne Termes | CanaDon - Faites des dons \u00e0 un organisme de bienfaisance au Canada","og_description":"Modalit\u00e9s L&#8217;offre est pour un code de carte-cadeau de 3$ \u00e0 \u00eatre utilis\u00e9 sur CanaDon.org. L&#8217;offre n&#8217;est pas monnayable. L&#8217;offre est valide \u00e0 partir du ... Voir plus","og_url":"https:\/\/www.canadahelps.org\/fr\/mardi-je-donne-termes\/","og_site_name":"CanaDon - Faites des dons \u00e0 un organisme de bienfaisance au Canada","article_modified_time":"2018-11-14T19:43:05+00:00","twitter_card":"summary_large_image","schema":{"@context":"https:\/\/schema.org","@graph":[{"@type":"WebPage","@id":"https:\/\/www.canadahelps.org\/fr\/mardi-je-donne-termes\/","url":"https:\/\/www.canadahelps.org\/fr\/mardi-je-donne-termes\/","name":"Mardi Je Donne Termes | CanaDon - Faites des dons \u00e0 un organisme de bienfaisance au Canada","isPartOf":{"@id":"https:\/\/www.canadahelps.org\/fr\/#website"},"datePublished":"2017-11-15T17:23:22+00:00","dateModified":"2018-11-14T19:43:05+00:00","breadcrumb":{"@id":"https:\/\/www.canadahelps.org\/fr\/mardi-je-donne-termes\/#breadcrumb"},"inLanguage":"fr","potentialAction":[{"@type":"ReadAction","target":["https:\/\/www.canadahelps.org\/fr\/mardi-je-donne-termes\/"]}]},{"@type":"BreadcrumbList","@id":"https:\/\/www.canadahelps.org\/fr\/mardi-je-donne-termes\/#breadcrumb","itemListElement":[{"@type":"ListItem","position":1,"name":"Home","item":"https:\/\/www.canadahelps.org\/fr\/"},{"@type":"ListItem","position":2,"name":"Mardi Je Donne Termes"}]},{"@type":"WebSite","@id":"https:\/\/www.canadahelps.org\/fr\/#website","url":"https:\/\/www.canadahelps.org\/fr\/","name":"CanadaHelps - Donate to any charity in Canada","description":"Le don en toute simplicit\u00e9","publisher":{"@id":"https:\/\/www.canadahelps.org\/fr\/#organization"},"potentialAction":[{"@type":"SearchAction","target":{"@type":"EntryPoint","urlTemplate":"https:\/\/www.canadahelps.org\/fr\/?s={search_term_string}"},"query-input":{"@type":"PropertyValueSpecification","valueRequired":true,"valueName":"search_term_string"}}],"inLanguage":"fr"},{"@type":"Organization","@id":"https:\/\/www.canadahelps.org\/fr\/#organization","name":"CanadaHelps","url":"https:\/\/www.canadahelps.org\/fr\/","logo":{"@type":"ImageObject","inLanguage":"fr","@id":"https:\/\/www.canadahelps.org\/fr\/#\/schema\/logo\/image\/","url":"https:\/\/www.canadahelps.org\/media\/canadahelps-en.jpg","contentUrl":"https:\/\/www.canadahelps.org\/media\/canadahelps-en.jpg","width":131,"height":72,"caption":"CanadaHelps"},"image":{"@id":"https:\/\/www.canadahelps.org\/fr\/#\/schema\/logo\/image\/"}}]}},"_links":{"self":[{"href":"https:\/\/www.canadahelps.org\/fr\/wp-json\/wp\/v2\/pages\/18402","targetHints":{"allow":["GET"]}}],"collection":[{"href":"https:\/\/www.canadahelps.org\/fr\/wp-json\/wp\/v2\/pages"}],"about":[{"href":"https:\/\/www.canadahelps.org\/fr\/wp-json\/wp\/v2\/types\/page"}],"author":[{"embeddable":true,"href":"https:\/\/www.canadahelps.org\/fr\/wp-json\/wp\/v2\/users\/7"}],"replies":[{"embeddable":true,"href":"https:\/\/www.canadahelps.org\/fr\/wp-json\/wp\/v2\/comments?post=18402"}],"version-history":[{"count":8,"href":"https:\/\/www.canadahelps.org\/fr\/wp-json\/wp\/v2\/pages\/18402\/revisions"}],"predecessor-version":[{"id":22888,"href":"https:\/\/www.canadahelps.org\/fr\/wp-json\/wp\/v2\/pages\/18402\/revisions\/22888"}],"wp:attachment":[{"href":"https:\/\/www.canadahelps.org\/fr\/wp-json\/wp\/v2\/media?parent=18402"}],"curies":[{"name":"wp","href":"https:\/\/api.w.org\/{rel}","templated":true}]}}