{"id":18511,"date":"2017-02-08T15:35:02","date_gmt":"2017-02-08T20:35:02","guid":{"rendered":"https:\/\/www.canadahelps.org\/?page_id=18511"},"modified":"2019-09-23T11:57:34","modified_gmt":"2019-09-23T15:57:34","slug":"municipalites","status":"publish","type":"page","link":"https:\/\/www.canadahelps.org\/fr\/municipalites\/","title":{"rendered":"Municipalit\u00e9s"},"content":{"rendered":"<p><img loading=\"lazy\" decoding=\"async\" class=\"alignnone wp-image-13190 size-full\" src=\"https:\/\/www.canadahelps.org\/media\/Municipalities-BannerFR.png\" alt=\"Municipalities-Banner\" width=\"944\" height=\"218\" \/><\/p>\n<p>Chez CanaDon, notre cause embrasse toutes les causes. Nous permettons aux Canadiens de faire, via notre site Web, des dons ou des collectes de fonds pour n\u2019importe lequel des quelque 86 000 organismes de bienfaisance canadiens. Et nous travaillons directement avec plus de 30 000 organismes afin de les aider \u00e0 d\u00e9velopper leurs programmes de collecte de fonds en ligne \u00e0 l\u2019aide de nos outils abordables, s\u00e9curitaires et faciles \u00e0 utiliser, et de nos services \u00e9ducatifs. \u00c9tant nous-m\u00eame un organisme de bienfaisance, nous croyons que tous les organismes de bienfaisance m\u00e9ritent de profiter des avantages importants conf\u00e9r\u00e9s par les technologies en ligne et l\u2019\u00e9ducation en ce domaine. Nous sommes tr\u00e8s heureux d\u2019avoir am\u00e9lior\u00e9 notre plateforme afin de permettre aux municipalit\u00e9s canadiennes de profiter elles aussi de notre technologie et de nos services de formation!<\/p>\n<h2>Comment CanaDon peut aider votre organisation :\u00a0<img decoding=\"async\" class=\"alignright wp-image-10484\" src=\"https:\/\/www.canadahelps.org\/media\/Multi-Step-Donation-Form-Sample-FRENCH-3.png\" alt=\"screenshot\" width=\"350\" \/><\/h2>\n<ul>\n<li>Recueillez facilement des dons sur votre site Web en utilisant nos formulaires de don personnalisables.<\/li>\n<li>Acceptez les dons de titres (actions et parts de fonds communs de placement).<\/li>\n<li>Amenez vos sympathisants \u00e0 recueillir des fonds pour vous gr\u00e2ce \u00e0 notre solution de campagnes entre pairs pour divers \u00e9v\u00e9nements (courses, marches, natation, etc).<\/li>\n<li>Faites conna\u00eetre votre impact et vos campagnes, attirez de nouveaux sympathisants et g\u00e9rez votre profil sur CanaDon.<\/li>\n<li>Profitez de nos ressources et de nos webinaires gratuits, ou suivez notre cours de marketing num\u00e9rique en ligne.<\/li>\n<li>Et bien plus!<\/li>\n<\/ul>\n<p><a class=\"btn btn-primary btn-lg\" title=\"Pr\u00eat \u00e0 commencer? Inscrivez-vous maintenant!\" href=\"https:\/\/www.canadahelps.org\/fr\/inscription-des-municipalites\/\">Pr\u00eat \u00e0 commencer? Inscrivez-vous maintenant!<\/a><\/p>\n<h2 style=\"color: #0070ae;\"><\/h2>\n<h2>Des questions?<\/h2>\n<p>Explorez la zone Pour les organismes, sur notre site Web <b><a href=\"https:\/\/www.canadahelps.org\/fr\/pour-les-organismes\/\">(lien)<\/a><\/b>, ou visionnez <b><a href=\"https:\/\/www.canadahelps.org\/fr\/pour-les-organismes\/educatives-ressources\/\">nos vid\u00e9os pratiques<\/a><\/b>. <br \/>Contactez-nous \u00e0 <b><a href=\"mailto:info@canadon.org\" target=\"_blank\" rel=\"noopener noreferrer\">info@canadon.org<\/a> ou \u00e0 1 877 755-1595.<\/b><\/p>\n<h1>Pourquoi CanaDon? <\/h1>\n<div class=\"row columns-with-lines\">\n<div class=\"col-sm-4\">\n<h4 style=\"text-align: center;\">R\u00e9putation<\/h4>\n<p style=\"text-align: center;\">Depuis 26 ans, bilan irr\u00e9prochable pour le traitement des dons et la d\u00e9livrance instantan\u00e9e de re\u00e7us fiscaux.<\/p>\n<\/div>\n<div class=\"col-sm-4\" style=\"text-align: center;\">\n<h4>Relier les organismes de bienfaisance aux donateurs<\/h4>\n<p>Tous les organismes de bienfaisance canadiens sont affich\u00e9s sur notre site Web, et plus de deux millions de Canadiens ont utilis\u00e9 notre site pour faire des dons.  <\/p>\n<\/div>\n<div class=\"col-sm-4\" style=\"text-align: center;\">\n<h4>Faciliter la g\u00e9n\u00e9rosit\u00e9<\/h4>\n<p>Plus de 1 milliard de dollars ont \u00e9t\u00e9 recueillis pour des organismes tels que le v\u00f4tre.\n<\/p><\/div>\n<\/div>\n<hr class=\"grey\" \/>\n<div class=\"row columns-with-lines\">\n<div class=\"col-sm-4\" style=\"text-align: center;\">\n<h4>Abordabilit\u00e9<\/h4>\n<p>Nous nous autofinan\u00e7ons en utilisant seulement 1,8 % des revenus des dons pour accomplir notre mission.\n<\/p><\/div>\n<div class=\"col-sm-4\" style=\"text-align: center;\">\n<h4>S\u00e9curit\u00e9<\/h4>\n<p>Conformit\u00e9 aux plus hautes normes de s\u00e9curit\u00e9 PCI.\n<\/p><\/div>\n<\/div>\n","protected":false},"excerpt":{"rendered":"<p>Chez CanaDon, notre cause embrasse toutes les causes. Nous permettons aux Canadiens de faire, via notre site Web, des dons ou des collectes de fonds &#8230; <a href=\"https:\/\/www.canadahelps.org\/fr\/municipalites\/\" id=\"canadahelp-blog-meta\">Voir plus<\/a><\/p>\n","protected":false},"author":7,"featured_media":0,"parent":0,"menu_order":0,"comment_status":"closed","ping_status":"closed","template":"template-custom.php","meta":{"footnotes":""},"class_list":["post-18511","page","type-page","status-publish","hentry"],"acf":{"meta_description":"","use_toc_layout":false,"hide_page_title":false,"insert_spotlight_boxes":false,"use_biography_grid":false,"header_banner_colour":"#748E09","additional_body_css_classes":"","footer_panels":false,"row_settings":false},"yoast_head":"<!-- This site is optimized with the Yoast SEO plugin v26.0 - https:\/\/yoast.com\/wordpress\/plugins\/seo\/ -->\n<title>Municipalit\u00e9s | CanadaHelps - Donate to any charity in Canada<\/title>\n<meta name=\"robots\" content=\"index, follow, max-snippet:-1, max-image-preview:large, max-video-preview:-1\" \/>\n<link rel=\"canonical\" href=\"https:\/\/www.canadahelps.org\/fr\/municipalites\/\" \/>\n<meta property=\"og:locale\" content=\"fr_FR\" \/>\n<meta property=\"og:type\" content=\"article\" \/>\n<meta property=\"og:title\" content=\"Municipalit\u00e9s | CanadaHelps - Donate to any charity in Canada\" \/>\n<meta property=\"og:description\" content=\"Chez CanaDon, notre cause embrasse toutes les causes. Nous permettons aux Canadiens de faire, via notre site Web, des dons ou des collectes de fonds ... Voir plus\" \/>\n<meta property=\"og:url\" content=\"https:\/\/www.canadahelps.org\/fr\/municipalites\/\" \/>\n<meta property=\"og:site_name\" content=\"CanadaHelps - Donate to any charity in Canada\" \/>\n<meta property=\"article:modified_time\" content=\"2019-09-23T15:57:34+00:00\" \/>\n<meta property=\"og:image\" content=\"https:\/\/www.canadahelps.org\/media\/Municipalities-BannerFR.png\" \/>\n<meta name=\"twitter:card\" content=\"summary_large_image\" \/>\n<meta name=\"twitter:label1\" content=\"Est. reading time\" \/>\n\t<meta name=\"twitter:data1\" content=\"2 minutes\" \/>\n<script type=\"application\/ld+json\" class=\"yoast-schema-graph\">{\"@context\":\"https:\/\/schema.org\",\"@graph\":[{\"@type\":\"WebPage\",\"@id\":\"https:\/\/www.canadahelps.org\/fr\/municipalites\/\",\"url\":\"https:\/\/www.canadahelps.org\/fr\/municipalites\/\",\"name\":\"Municipalit\u00e9s | CanadaHelps - Donate to any charity in Canada\",\"isPartOf\":{\"@id\":\"https:\/\/www.canadahelps.org\/fr\/#website\"},\"primaryImageOfPage\":{\"@id\":\"https:\/\/www.canadahelps.org\/fr\/municipalites\/#primaryimage\"},\"image\":{\"@id\":\"https:\/\/www.canadahelps.org\/fr\/municipalites\/#primaryimage\"},\"thumbnailUrl\":\"https:\/\/www.canadahelps.org\/media\/Municipalities-BannerFR.png\",\"datePublished\":\"2017-02-08T20:35:02+00:00\",\"dateModified\":\"2019-09-23T15:57:34+00:00\",\"breadcrumb\":{\"@id\":\"https:\/\/www.canadahelps.org\/fr\/municipalites\/#breadcrumb\"},\"inLanguage\":\"fr\",\"potentialAction\":[{\"@type\":\"ReadAction\",\"target\":[\"https:\/\/www.canadahelps.org\/fr\/municipalites\/\"]}]},{\"@type\":\"ImageObject\",\"inLanguage\":\"fr\",\"@id\":\"https:\/\/www.canadahelps.org\/fr\/municipalites\/#primaryimage\",\"url\":\"https:\/\/www.canadahelps.org\/media\/Municipalities-BannerFR.png\",\"contentUrl\":\"https:\/\/www.canadahelps.org\/media\/Municipalities-BannerFR.png\"},{\"@type\":\"BreadcrumbList\",\"@id\":\"https:\/\/www.canadahelps.org\/fr\/municipalites\/#breadcrumb\",\"itemListElement\":[{\"@type\":\"ListItem\",\"position\":1,\"name\":\"Home\",\"item\":\"https:\/\/www.canadahelps.org\/fr\/\"},{\"@type\":\"ListItem\",\"position\":2,\"name\":\"Municipalit\u00e9s\"}]},{\"@type\":\"WebSite\",\"@id\":\"https:\/\/www.canadahelps.org\/fr\/#website\",\"url\":\"https:\/\/www.canadahelps.org\/fr\/\",\"name\":\"CanadaHelps - Donate to any charity in Canada\",\"description\":\"Giving Made Simple\",\"publisher\":{\"@id\":\"https:\/\/www.canadahelps.org\/fr\/#organization\"},\"potentialAction\":[{\"@type\":\"SearchAction\",\"target\":{\"@type\":\"EntryPoint\",\"urlTemplate\":\"https:\/\/www.canadahelps.org\/fr\/?s={search_term_string}\"},\"query-input\":{\"@type\":\"PropertyValueSpecification\",\"valueRequired\":true,\"valueName\":\"search_term_string\"}}],\"inLanguage\":\"fr\"},{\"@type\":\"Organization\",\"@id\":\"https:\/\/www.canadahelps.org\/fr\/#organization\",\"name\":\"CanadaHelps\",\"url\":\"https:\/\/www.canadahelps.org\/fr\/\",\"logo\":{\"@type\":\"ImageObject\",\"inLanguage\":\"fr\",\"@id\":\"https:\/\/www.canadahelps.org\/fr\/#\/schema\/logo\/image\/\",\"url\":\"https:\/\/www.canadahelps.org\/media\/canadahelps-en.jpg\",\"contentUrl\":\"https:\/\/www.canadahelps.org\/media\/canadahelps-en.jpg\",\"width\":131,\"height\":72,\"caption\":\"CanadaHelps\"},\"image\":{\"@id\":\"https:\/\/www.canadahelps.org\/fr\/#\/schema\/logo\/image\/\"}}]}<\/script>\n<!-- \/ Yoast SEO plugin. -->","yoast_head_json":{"title":"Municipalit\u00e9s | CanadaHelps - Donate to any charity in Canada","robots":{"index":"index","follow":"follow","max-snippet":"max-snippet:-1","max-image-preview":"max-image-preview:large","max-video-preview":"max-video-preview:-1"},"canonical":"https:\/\/www.canadahelps.org\/fr\/municipalites\/","og_locale":"fr_FR","og_type":"article","og_title":"Municipalit\u00e9s | CanadaHelps - Donate to any charity in Canada","og_description":"Chez CanaDon, notre cause embrasse toutes les causes. Nous permettons aux Canadiens de faire, via notre site Web, des dons ou des collectes de fonds ... Voir plus","og_url":"https:\/\/www.canadahelps.org\/fr\/municipalites\/","og_site_name":"CanadaHelps - Donate to any charity in Canada","article_modified_time":"2019-09-23T15:57:34+00:00","og_image":[{"url":"https:\/\/www.canadahelps.org\/media\/Municipalities-BannerFR.png","type":"","width":"","height":""}],"twitter_card":"summary_large_image","twitter_misc":{"Est. reading time":"2 minutes"},"schema":{"@context":"https:\/\/schema.org","@graph":[{"@type":"WebPage","@id":"https:\/\/www.canadahelps.org\/fr\/municipalites\/","url":"https:\/\/www.canadahelps.org\/fr\/municipalites\/","name":"Municipalit\u00e9s | CanadaHelps - Donate to any charity in Canada","isPartOf":{"@id":"https:\/\/www.canadahelps.org\/fr\/#website"},"primaryImageOfPage":{"@id":"https:\/\/www.canadahelps.org\/fr\/municipalites\/#primaryimage"},"image":{"@id":"https:\/\/www.canadahelps.org\/fr\/municipalites\/#primaryimage"},"thumbnailUrl":"https:\/\/www.canadahelps.org\/media\/Municipalities-BannerFR.png","datePublished":"2017-02-08T20:35:02+00:00","dateModified":"2019-09-23T15:57:34+00:00","breadcrumb":{"@id":"https:\/\/www.canadahelps.org\/fr\/municipalites\/#breadcrumb"},"inLanguage":"fr","potentialAction":[{"@type":"ReadAction","target":["https:\/\/www.canadahelps.org\/fr\/municipalites\/"]}]},{"@type":"ImageObject","inLanguage":"fr","@id":"https:\/\/www.canadahelps.org\/fr\/municipalites\/#primaryimage","url":"https:\/\/www.canadahelps.org\/media\/Municipalities-BannerFR.png","contentUrl":"https:\/\/www.canadahelps.org\/media\/Municipalities-BannerFR.png"},{"@type":"BreadcrumbList","@id":"https:\/\/www.canadahelps.org\/fr\/municipalites\/#breadcrumb","itemListElement":[{"@type":"ListItem","position":1,"name":"Home","item":"https:\/\/www.canadahelps.org\/fr\/"},{"@type":"ListItem","position":2,"name":"Municipalit\u00e9s"}]},{"@type":"WebSite","@id":"https:\/\/www.canadahelps.org\/fr\/#website","url":"https:\/\/www.canadahelps.org\/fr\/","name":"CanadaHelps - Donate to any charity in Canada","description":"Giving Made Simple","publisher":{"@id":"https:\/\/www.canadahelps.org\/fr\/#organization"},"potentialAction":[{"@type":"SearchAction","target":{"@type":"EntryPoint","urlTemplate":"https:\/\/www.canadahelps.org\/fr\/?s={search_term_string}"},"query-input":{"@type":"PropertyValueSpecification","valueRequired":true,"valueName":"search_term_string"}}],"inLanguage":"fr"},{"@type":"Organization","@id":"https:\/\/www.canadahelps.org\/fr\/#organization","name":"CanadaHelps","url":"https:\/\/www.canadahelps.org\/fr\/","logo":{"@type":"ImageObject","inLanguage":"fr","@id":"https:\/\/www.canadahelps.org\/fr\/#\/schema\/logo\/image\/","url":"https:\/\/www.canadahelps.org\/media\/canadahelps-en.jpg","contentUrl":"https:\/\/www.canadahelps.org\/media\/canadahelps-en.jpg","width":131,"height":72,"caption":"CanadaHelps"},"image":{"@id":"https:\/\/www.canadahelps.org\/fr\/#\/schema\/logo\/image\/"}}]}},"_links":{"self":[{"href":"https:\/\/www.canadahelps.org\/fr\/wp-json\/wp\/v2\/pages\/18511","targetHints":{"allow":["GET"]}}],"collection":[{"href":"https:\/\/www.canadahelps.org\/fr\/wp-json\/wp\/v2\/pages"}],"about":[{"href":"https:\/\/www.canadahelps.org\/fr\/wp-json\/wp\/v2\/types\/page"}],"author":[{"embeddable":true,"href":"https:\/\/www.canadahelps.org\/fr\/wp-json\/wp\/v2\/users\/7"}],"replies":[{"embeddable":true,"href":"https:\/\/www.canadahelps.org\/fr\/wp-json\/wp\/v2\/comments?post=18511"}],"version-history":[{"count":16,"href":"https:\/\/www.canadahelps.org\/fr\/wp-json\/wp\/v2\/pages\/18511\/revisions"}],"predecessor-version":[{"id":27090,"href":"https:\/\/www.canadahelps.org\/fr\/wp-json\/wp\/v2\/pages\/18511\/revisions\/27090"}],"wp:attachment":[{"href":"https:\/\/www.canadahelps.org\/fr\/wp-json\/wp\/v2\/media?parent=18511"}],"curies":[{"name":"wp","href":"https:\/\/api.w.org\/{rel}","templated":true}]}}