{"id":19742,"date":"2018-01-31T12:09:50","date_gmt":"2018-01-31T17:09:50","guid":{"rendered":"https:\/\/www.canadahelps.org\/?page_id=19742"},"modified":"2018-02-08T14:19:04","modified_gmt":"2018-02-08T19:19:04","slug":"formulaires-don-premiere-option-hommage","status":"publish","type":"page","link":"https:\/\/www.canadahelps.org\/fr\/formulaires-don-premiere-option-hommage\/","title":{"rendered":"Formulaires \u00ab Don-premi\u00e8re option hommage \u00bb, de CanaDon"},"content":{"rendered":"<p><img loading=\"lazy\" decoding=\"async\" src=\"https:\/\/www.canadahelps.org\/media\/Tribute-Giving-Hero-FR.png\" width=\"940\" height=\"200\" class=\"aligncenter size-full wp-image-16189\" \/><\/p>\n<p><!-- Open the div container--!>\n\n\n<!--------------------------- FEATURED CREATE FORMS SECTION--------------------------------------><\/p>\n<div class=\"row\" style=\"padding:20px 10px 30px\">\n<div class=\"col-sm-7\" style=\"padding-top: 30px;\">\n<h2 style=\"font-size:19px; color:#96174b\">1. Lancez en quelques \u00e9tapes un formulaire \u00ab Don-premi\u00e8re option hommage \u00bb! <\/h2>\n<p>Gr\u00e2ce \u00e0 nos formulaires de don personnalisables, votre organisme peut placer les dons en hommage au tout d\u00e9but du formulaire, de sorte que ce soit la premi\u00e8re chose que voient les donateurs. C\u2019est le formulaire id\u00e9al pour promouvoir les dons en hommage sur votre page Fa\u00e7ons de donner, ainsi que dans d\u2019autres appels pertinents.<\/p>\n<h4 class=\"faq-question collapsed\" data-toggle=\"collapse\" data-target=\"#faq-1\">\n  <span class=\"faq-caret\"><\/span>\n  C\u2019est facile de lancer votre formulaire!\n<\/h4>\n<div id=\"faq-1\" class=\"faq-answer collapse\">\n  <br \/>\n\n<ol>\n<li>Allez \u00e0 l\u2019onglet Faites un don, dans votre compte Collecte de fonds, afin de cr\u00e9er votre formulaire.<\/li>\n<li>Choisissez <b>Formulaire complet avec don en hommage<\/b>, dans le menu d\u00e9roulant Type de formulaire.<\/li>\n<li>Choisissez les couleurs, ajoutez des images et des cartes virtuelles personnalis\u00e9es, sugg\u00e9rez des montants pour les dons, etc.! <\/li>\n<li>Int\u00e9grez votre formulaire \u00e0 votre site Web optimis\u00e9 pour appareils mobiles, ou liez-le via le bouton Faites un don en hommage, sur votre site.<\/li>\n<\/ol>\n\n<\/div>\n<\/div>\n<div class=\"col-sm-5\">\n<a href=\"https:\/\/www.canadahelps.org\/media\/Better-the-World-Dog-Themed-Tribute-FR.png\" target=\"_blank\"><img loading=\"lazy\" decoding=\"async\" src=\"https:\/\/www.canadahelps.org\/media\/Better-the-World-Dog-Themed-Tribute-FR.png\" alt=\"Tribute Giving Tablet\" width=\"400\" height=\"250\" class=\"alignnone size-medium wp-image-11957\"  \/><\/a>\n<\/div>\n<\/div>\n<p><!-------------------------------- END CREATE FORM SECTION-------------------------><\/p>\n<p><!--------------------------------- CUSTOM ECARDS SECTION-------------------------------><\/p>\n<div class=\"row\" style=\"background-color:#fbfbfb; padding: 20px 10px\">\n<div class=\"col-sm-6\" style=\"padding-top: 30px;\">\n<h2 style=\"font-size:19px; color:#96174b\"><a name=\"cdn\"><\/a><br \/>\n2. T\u00e9l\u00e9versez les cartes virtuelles personnalis\u00e9es de votre organisme (optionnel)<\/h2>\n<p>Laissez vos donateurs choisir parmi une vari\u00e9t\u00e9 de magnifiques cartes virtuelles \u00e0 ajouter au message qui sera envoy\u00e9 par courriel au r\u00e9cipiendaire de la carte. Pour t\u00e9l\u00e9verser vos cartes virtuelles, allez \u00e0 la zone \u00ab Cartes virtuelles \u00e0 votre marque \u00bb, lorsque vous cr\u00e9ez un formulaire de don personnalisable, et utilisez l\u2019outil de t\u00e9l\u00e9versement de l\u2019image.<\/p>\n<p>Vous avez besoin de belles images? Visitez Unsplash.com ou Pexels.com pour obtenir des images haute r\u00e9solution qui sont gratuites pour l\u2019utilisation commerciale et non commerciale.<\/p><\/div>\n<div class=\"col-sm-6\">\n<a href=\"https:\/\/www.canadahelps.org\/media\/Tribute-Giving-Devices-for-Landing-Page-FR.png\" target=\"_blank\"><img decoding=\"async\" src=\"https:\/\/www.canadahelps.org\/media\/Tribute-Giving-Devices-for-Landing-Page-FR.png\" style=\"padding-top:30px\" alt=\"eCards\" width=\"500\" class=\"alignleft size-medium wp-image-11957\"  \/><\/a>\n<\/div>\n<\/div>\n<p><!--------------------------------- END CUSTOM ECARDS SECTION---------------------------------------><\/p>\n<p><!------------------------------------ PROMOTE TRIBUTE GIVING SECTION--------------------------------------------><\/p>\n<div class=\"row\" style=\"padding: 30px 10px\">\n<div class=\"col-sm-7\" style=\"padding-top: 30px;\">\n<h2 style=\"font-size:19px; color:#96174b\"><a name=\"events\"><\/a><br \/>\n3. Faites la promotion des dons en hommage sur votre site Web<\/h2>\n<p>Saviez-vous que les dons en hommage repr\u00e9sentent 8 % des dons sur CanaDon? Tout le monde sait que les donateurs aiment faire des dons en l\u2019honneur ou \u00e0 la m\u00e9moire d\u2019une personne.<\/p>\n<p>Si vous n\u2019avez pas d\u00e9j\u00e0 sur votre site Web une page Fa\u00e7ons de donner, songez \u00e0 en ajouter une pour pr\u00e9senter toutes les options de don : en hommage, dons mensuels, b\u00e9n\u00e9volat, etc. Sur cette page, faites la promotion des dons en hommage et liez-y votre nouveau formulaire \u00ab Don-premi\u00e8re option hommage \u00bb.<\/p>\n<\/div>\n<div class=\"col-sm-5\">\n<a href=\"https:\/\/www.canadahelps.org\/media\/Better-the-World-How-to-Help-Page-FR.png\" target=\"_blank\"><img decoding=\"async\" src=\"https:\/\/www.canadahelps.org\/media\/Better-the-World-How-to-Help-Page-FR.png\" alt=\"Promote Tribute Giving\" width=\"400\"  class=\"alignleft size-medium wp-image-11957\"  \/><\/a>\n<\/div>\n<\/div>\n<p><!--------------------------------------- END PROMOTE TRIBUTE GIVING SECTION---------------------------------------><\/p>\n<p><!---------------------------------------- EMBED YOUR FORM SECTION--------------------------------------------><\/p>\n<div class=\"row\" style=\"background-color:#fbfbfb; padding: 30px 10px\">\n<div class=\"col-sm-7\" style=\"padding-top: 30px;\">\n<h2 style=\"font-size:19px; color:#96174b\"><a name=\"p2p\"><\/a><br \/>\n4. Int\u00e9grez votre formulaire \u00e0 votre site Web\t<\/h2>\n<p>Votre site Web est-il optimis\u00e9 pour les appareils mobiles? Si oui, tout comme nous vous recommandons d\u2019int\u00e9grer \u00e0 votre site votre principal formulaire de don (auquel renvoie votre bouton Faites un don, sur votre site principal), nous vous recommandons d\u2019y int\u00e9grer votre formulaire \u00ab Don-premi\u00e8re option hommage \u00bb afin qu\u2019y renvoie l\u2019information sur les dons en hommage qui se trouve sur votre page Fa\u00e7ons de donner.<\/p>\n<p><h4 class=\"faq-question collapsed\" data-toggle=\"collapse\" data-target=\"#faq-2\">\n  <span class=\"faq-caret\"><\/span>\n  C\u2019est facile de partager votre formulaire!\n<\/h4>\n<div id=\"faq-2\" class=\"faq-answer collapse\">\n  <br \/>\nApr\u00e8s avoir cr\u00e9\u00e9 et enregistr\u00e9 votre formulaire, retournez \u00e0 l\u2019onglet Faites un don et localisez votre formulaire. Vous pouvez l\u2019int\u00e9grer directement \u00e0 votre site Web afin que vos donateurs n\u2019aient jamais \u00e0 quitter votre site. Cliquez sur <b>Obtenez un code incorpor\u00e9<\/b> pour copier le code incorpor\u00e9 et le coller sur votre site.<br \/>\n<br \/>\nPour obtenir l\u2019adresse URL de votre formulaire de don, cliquez sur URL.\n<p><a href=\"https:\/\/www.canadahelps.org\/media\/Embed-Code.png\"><img loading=\"lazy\" decoding=\"async\" src=\"https:\/\/www.canadahelps.org\/media\/Embed-Code.png\" alt=\"\" width=\"600\" height=\"492\" class=\"alignleft size-full wp-image-19666\" srcset=\"https:\/\/www.canadahelps.org\/media\/Embed-Code.png 600w, https:\/\/www.canadahelps.org\/media\/Embed-Code-300x246.png 300w\" sizes=\"auto, (max-width: 600px) 100vw, 600px\" \/><\/a><br \/>\n<\/p>\n<\/div>\n<\/div>\n<div class=\"col-sm-5\">\n<a href=\"https:\/\/www.canadahelps.org\/media\/Better-the-World-Embedded-on-device-FR.png\" target=\"_blank\"><img decoding=\"async\" src=\"https:\/\/www.canadahelps.org\/media\/Better-the-World-Embedded-on-device-FR.png\" alt=\"Tribute Giving Embedded Form\" width=\"400\" class=\"alignleft size-medium wp-image-11957\"  \/><\/a>\n<\/div>\n<\/div>\n<p><!------------------------------------------ END EMBED YOUR FORM SECTION--------------------------------------------------><\/p>\n<p><!-------------------------------------- PROMOTIONAL OPPORTUNITIES SECTION--------------------------------><br \/>\n<a name=\"help\"><\/a><\/p>\n<div class=\"row\" style=\"padding: 5px 10px 10px\">\n<div class=\"col-sm-8\" style=\"padding: 20px 20px 12px; background-color:#fbfbfb;\">\n<h2 style=\"font-size:19px; color:#96174b\">5. D\u00e9marrez! <\/h2>\n<p>Si vous avez d\u00e9j\u00e0 un compte Collecte de fonds, il vous suffit d\u2019ouvrir une session sur votre compte et d\u2019aller \u00e0 l\u2019onglet Faites un don. Pour d\u00e9marrer, cliquez sur le bouton Cr\u00e9er une nouvelle page. <\/p>\n<h4>Nouvel utilisateur de CanaDon?<\/h4>\n<p><b>Inscrivez-vous pour ouvrir un compte Collecte de fonds \u2014 c\u2019est GRATUIT.<\/b><\/p>\n<p><a class=\"btn btn-primary\" href=\"https:\/\/www.canadahelps.org\/fr\/organismesdebienfaisance\/register\/tier-two\/\" style=\"padding:5px 10px;\">S\u2019inscrire<\/a><\/p>\n<p>Ou <a href=\"https:\/\/www.canadahelps.org\/fr\/pour-les-organismes\/faites-un-don\/\" target=\"_blank\">cliquez ici<\/a> pour en savoir davantage au sujet de nos formulaires de don personnalisables.<\/p>\n<\/div>\n<div class=\"col-sm-4\" style=\"padding-top: 20px 20px; background-color: #eaf2fa;\">\n<h2 style=\"font-size:19px; padding:20px 10px 5px; color:#626366\">Obtenez de l\u2019aide 24\/7<\/h2>\n<ul style=\"padding-bottom: 25px \">\n<li> <a href=\"http:\/\/charityhelp.canadahelps.org\/fr\/\"><b>Visitez<\/b><\/a> notre portail d\u2019assistance en ligne pour les organismes.<\/li>\n<li> <a href=\"https:\/\/www.canadahelps.org\/fr\/pour-les-organismes\/educatives-ressources\/\"><b>T\u00e9l\u00e9chargez <\/b><\/a>nos livres blancs \u00e9ducatifs gratuits.<\/li>\n<li> <a href=\"https:\/\/www.canadahelps.org\/fr\/contactez-nous\/\"><b>Contactez<\/b><\/a> notre \u00e9quipe.<\/li>\n<\/ul>\n<p>&nbsp;<br \/>\n<br \/>\n&nbsp;<br \/>\n\n<\/div>\n<\/div>\n<p><!-- END PROMO OPPORTUNITIES SECTION--><\/p>\n<div class=\"modal fade js-beautiful-modal\">\n<div class=\"modal-dialog modal-lg\">\n<p>&nbsp;<\/p>\n<div class=\"modal-content\">\n<p class=\"text-center\">&#8230;<\/p>\n<\/div>\n<p><!-- \/.modal-content --><\/p>\n<\/div>\n<p><!-- \/.modal-dialog --><\/p>\n<\/div>\n","protected":false},"excerpt":{"rendered":"<p>1. Lancez en quelques \u00e9tapes un formulaire \u00ab Don-premi\u00e8re option hommage \u00bb! Gr\u00e2ce \u00e0 nos formulaires de don personnalisables, votre organisme peut placer les dons &#8230; <a href=\"https:\/\/www.canadahelps.org\/fr\/formulaires-don-premiere-option-hommage\/\" id=\"canadahelp-blog-meta\">Voir plus<\/a><\/p>\n","protected":false},"author":7,"featured_media":0,"parent":0,"menu_order":0,"comment_status":"closed","ping_status":"closed","template":"template-custom.php","meta":{"footnotes":""},"class_list":["post-19742","page","type-page","status-publish","hentry"],"acf":{"meta_description":"","use_toc_layout":false,"hide_page_title":false,"insert_spotlight_boxes":false,"use_biography_grid":false,"header_banner_colour":"#929497"},"yoast_head":"<!-- This site is optimized with the Yoast SEO plugin v26.0 - https:\/\/yoast.com\/wordpress\/plugins\/seo\/ -->\n<title>Formulaires \u00ab Don-premi\u00e8re option hommage \u00bb, de CanaDon | CanaDon - Faites des dons \u00e0 un organisme de bienfaisance au Canada<\/title>\n<meta name=\"robots\" content=\"index, follow, max-snippet:-1, max-image-preview:large, max-video-preview:-1\" \/>\n<link rel=\"canonical\" href=\"https:\/\/www.canadahelps.org\/fr\/formulaires-don-premiere-option-hommage\/\" \/>\n<meta property=\"og:locale\" content=\"fr_FR\" \/>\n<meta property=\"og:type\" content=\"article\" \/>\n<meta property=\"og:title\" content=\"Formulaires \u00ab Don-premi\u00e8re option hommage \u00bb, de CanaDon | CanaDon - Faites des dons \u00e0 un organisme de bienfaisance au Canada\" \/>\n<meta property=\"og:description\" content=\"1. Lancez en quelques \u00e9tapes un formulaire \u00ab Don-premi\u00e8re option hommage \u00bb! Gr\u00e2ce \u00e0 nos formulaires de don personnalisables, votre organisme peut placer les dons ... Voir plus\" \/>\n<meta property=\"og:url\" content=\"https:\/\/www.canadahelps.org\/fr\/formulaires-don-premiere-option-hommage\/\" \/>\n<meta property=\"og:site_name\" content=\"CanaDon - Faites des dons \u00e0 un organisme de bienfaisance au Canada\" \/>\n<meta property=\"article:modified_time\" content=\"2018-02-08T19:19:04+00:00\" \/>\n<meta property=\"og:image\" content=\"https:\/\/www.canadahelps.org\/media\/Tribute-Giving-Hero-FR.png\" \/>\n<meta name=\"twitter:card\" content=\"summary_large_image\" \/>\n<meta name=\"twitter:label1\" content=\"Est. reading time\" \/>\n\t<meta name=\"twitter:data1\" content=\"3 minutes\" \/>\n<script type=\"application\/ld+json\" class=\"yoast-schema-graph\">{\"@context\":\"https:\/\/schema.org\",\"@graph\":[{\"@type\":\"WebPage\",\"@id\":\"https:\/\/www.canadahelps.org\/fr\/formulaires-don-premiere-option-hommage\/\",\"url\":\"https:\/\/www.canadahelps.org\/fr\/formulaires-don-premiere-option-hommage\/\",\"name\":\"Formulaires \u00ab Don-premi\u00e8re option hommage \u00bb, de CanaDon | CanaDon - Faites des dons \u00e0 un organisme de bienfaisance au Canada\",\"isPartOf\":{\"@id\":\"https:\/\/www.canadahelps.org\/fr\/#website\"},\"primaryImageOfPage\":{\"@id\":\"https:\/\/www.canadahelps.org\/fr\/formulaires-don-premiere-option-hommage\/#primaryimage\"},\"image\":{\"@id\":\"https:\/\/www.canadahelps.org\/fr\/formulaires-don-premiere-option-hommage\/#primaryimage\"},\"thumbnailUrl\":\"https:\/\/www.canadahelps.org\/media\/Tribute-Giving-Hero-FR.png\",\"datePublished\":\"2018-01-31T17:09:50+00:00\",\"dateModified\":\"2018-02-08T19:19:04+00:00\",\"breadcrumb\":{\"@id\":\"https:\/\/www.canadahelps.org\/fr\/formulaires-don-premiere-option-hommage\/#breadcrumb\"},\"inLanguage\":\"fr\",\"potentialAction\":[{\"@type\":\"ReadAction\",\"target\":[\"https:\/\/www.canadahelps.org\/fr\/formulaires-don-premiere-option-hommage\/\"]}]},{\"@type\":\"ImageObject\",\"inLanguage\":\"fr\",\"@id\":\"https:\/\/www.canadahelps.org\/fr\/formulaires-don-premiere-option-hommage\/#primaryimage\",\"url\":\"https:\/\/www.canadahelps.org\/media\/Tribute-Giving-Hero-FR.png\",\"contentUrl\":\"https:\/\/www.canadahelps.org\/media\/Tribute-Giving-Hero-FR.png\"},{\"@type\":\"BreadcrumbList\",\"@id\":\"https:\/\/www.canadahelps.org\/fr\/formulaires-don-premiere-option-hommage\/#breadcrumb\",\"itemListElement\":[{\"@type\":\"ListItem\",\"position\":1,\"name\":\"Home\",\"item\":\"https:\/\/www.canadahelps.org\/fr\/\"},{\"@type\":\"ListItem\",\"position\":2,\"name\":\"Formulaires \u00ab Don-premi\u00e8re option hommage \u00bb, de CanaDon\"}]},{\"@type\":\"WebSite\",\"@id\":\"https:\/\/www.canadahelps.org\/fr\/#website\",\"url\":\"https:\/\/www.canadahelps.org\/fr\/\",\"name\":\"CanadaHelps - Donate to any charity in Canada\",\"description\":\"Le don en toute simplicit\u00e9\",\"publisher\":{\"@id\":\"https:\/\/www.canadahelps.org\/fr\/#organization\"},\"potentialAction\":[{\"@type\":\"SearchAction\",\"target\":{\"@type\":\"EntryPoint\",\"urlTemplate\":\"https:\/\/www.canadahelps.org\/fr\/?s={search_term_string}\"},\"query-input\":{\"@type\":\"PropertyValueSpecification\",\"valueRequired\":true,\"valueName\":\"search_term_string\"}}],\"inLanguage\":\"fr\"},{\"@type\":\"Organization\",\"@id\":\"https:\/\/www.canadahelps.org\/fr\/#organization\",\"name\":\"CanadaHelps\",\"url\":\"https:\/\/www.canadahelps.org\/fr\/\",\"logo\":{\"@type\":\"ImageObject\",\"inLanguage\":\"fr\",\"@id\":\"https:\/\/www.canadahelps.org\/fr\/#\/schema\/logo\/image\/\",\"url\":\"https:\/\/www.canadahelps.org\/media\/canadahelps-en.jpg\",\"contentUrl\":\"https:\/\/www.canadahelps.org\/media\/canadahelps-en.jpg\",\"width\":131,\"height\":72,\"caption\":\"CanadaHelps\"},\"image\":{\"@id\":\"https:\/\/www.canadahelps.org\/fr\/#\/schema\/logo\/image\/\"}}]}<\/script>\n<!-- \/ Yoast SEO plugin. -->","yoast_head_json":{"title":"Formulaires \u00ab Don-premi\u00e8re option hommage \u00bb, de CanaDon | CanaDon - Faites des dons \u00e0 un organisme de bienfaisance au Canada","robots":{"index":"index","follow":"follow","max-snippet":"max-snippet:-1","max-image-preview":"max-image-preview:large","max-video-preview":"max-video-preview:-1"},"canonical":"https:\/\/www.canadahelps.org\/fr\/formulaires-don-premiere-option-hommage\/","og_locale":"fr_FR","og_type":"article","og_title":"Formulaires \u00ab Don-premi\u00e8re option hommage \u00bb, de CanaDon | CanaDon - Faites des dons \u00e0 un organisme de bienfaisance au Canada","og_description":"1. Lancez en quelques \u00e9tapes un formulaire \u00ab Don-premi\u00e8re option hommage \u00bb! Gr\u00e2ce \u00e0 nos formulaires de don personnalisables, votre organisme peut placer les dons ... Voir plus","og_url":"https:\/\/www.canadahelps.org\/fr\/formulaires-don-premiere-option-hommage\/","og_site_name":"CanaDon - Faites des dons \u00e0 un organisme de bienfaisance au Canada","article_modified_time":"2018-02-08T19:19:04+00:00","og_image":[{"url":"https:\/\/www.canadahelps.org\/media\/Tribute-Giving-Hero-FR.png","type":"","width":"","height":""}],"twitter_card":"summary_large_image","twitter_misc":{"Est. reading time":"3 minutes"},"schema":{"@context":"https:\/\/schema.org","@graph":[{"@type":"WebPage","@id":"https:\/\/www.canadahelps.org\/fr\/formulaires-don-premiere-option-hommage\/","url":"https:\/\/www.canadahelps.org\/fr\/formulaires-don-premiere-option-hommage\/","name":"Formulaires \u00ab Don-premi\u00e8re option hommage \u00bb, de CanaDon | CanaDon - Faites des dons \u00e0 un organisme de bienfaisance au Canada","isPartOf":{"@id":"https:\/\/www.canadahelps.org\/fr\/#website"},"primaryImageOfPage":{"@id":"https:\/\/www.canadahelps.org\/fr\/formulaires-don-premiere-option-hommage\/#primaryimage"},"image":{"@id":"https:\/\/www.canadahelps.org\/fr\/formulaires-don-premiere-option-hommage\/#primaryimage"},"thumbnailUrl":"https:\/\/www.canadahelps.org\/media\/Tribute-Giving-Hero-FR.png","datePublished":"2018-01-31T17:09:50+00:00","dateModified":"2018-02-08T19:19:04+00:00","breadcrumb":{"@id":"https:\/\/www.canadahelps.org\/fr\/formulaires-don-premiere-option-hommage\/#breadcrumb"},"inLanguage":"fr","potentialAction":[{"@type":"ReadAction","target":["https:\/\/www.canadahelps.org\/fr\/formulaires-don-premiere-option-hommage\/"]}]},{"@type":"ImageObject","inLanguage":"fr","@id":"https:\/\/www.canadahelps.org\/fr\/formulaires-don-premiere-option-hommage\/#primaryimage","url":"https:\/\/www.canadahelps.org\/media\/Tribute-Giving-Hero-FR.png","contentUrl":"https:\/\/www.canadahelps.org\/media\/Tribute-Giving-Hero-FR.png"},{"@type":"BreadcrumbList","@id":"https:\/\/www.canadahelps.org\/fr\/formulaires-don-premiere-option-hommage\/#breadcrumb","itemListElement":[{"@type":"ListItem","position":1,"name":"Home","item":"https:\/\/www.canadahelps.org\/fr\/"},{"@type":"ListItem","position":2,"name":"Formulaires \u00ab Don-premi\u00e8re option hommage \u00bb, de CanaDon"}]},{"@type":"WebSite","@id":"https:\/\/www.canadahelps.org\/fr\/#website","url":"https:\/\/www.canadahelps.org\/fr\/","name":"CanadaHelps - Donate to any charity in Canada","description":"Le don en toute simplicit\u00e9","publisher":{"@id":"https:\/\/www.canadahelps.org\/fr\/#organization"},"potentialAction":[{"@type":"SearchAction","target":{"@type":"EntryPoint","urlTemplate":"https:\/\/www.canadahelps.org\/fr\/?s={search_term_string}"},"query-input":{"@type":"PropertyValueSpecification","valueRequired":true,"valueName":"search_term_string"}}],"inLanguage":"fr"},{"@type":"Organization","@id":"https:\/\/www.canadahelps.org\/fr\/#organization","name":"CanadaHelps","url":"https:\/\/www.canadahelps.org\/fr\/","logo":{"@type":"ImageObject","inLanguage":"fr","@id":"https:\/\/www.canadahelps.org\/fr\/#\/schema\/logo\/image\/","url":"https:\/\/www.canadahelps.org\/media\/canadahelps-en.jpg","contentUrl":"https:\/\/www.canadahelps.org\/media\/canadahelps-en.jpg","width":131,"height":72,"caption":"CanadaHelps"},"image":{"@id":"https:\/\/www.canadahelps.org\/fr\/#\/schema\/logo\/image\/"}}]}},"_links":{"self":[{"href":"https:\/\/www.canadahelps.org\/fr\/wp-json\/wp\/v2\/pages\/19742","targetHints":{"allow":["GET"]}}],"collection":[{"href":"https:\/\/www.canadahelps.org\/fr\/wp-json\/wp\/v2\/pages"}],"about":[{"href":"https:\/\/www.canadahelps.org\/fr\/wp-json\/wp\/v2\/types\/page"}],"author":[{"embeddable":true,"href":"https:\/\/www.canadahelps.org\/fr\/wp-json\/wp\/v2\/users\/7"}],"replies":[{"embeddable":true,"href":"https:\/\/www.canadahelps.org\/fr\/wp-json\/wp\/v2\/comments?post=19742"}],"version-history":[{"count":10,"href":"https:\/\/www.canadahelps.org\/fr\/wp-json\/wp\/v2\/pages\/19742\/revisions"}],"predecessor-version":[{"id":19761,"href":"https:\/\/www.canadahelps.org\/fr\/wp-json\/wp\/v2\/pages\/19742\/revisions\/19761"}],"wp:attachment":[{"href":"https:\/\/www.canadahelps.org\/fr\/wp-json\/wp\/v2\/media?parent=19742"}],"curies":[{"name":"wp","href":"https:\/\/api.w.org\/{rel}","templated":true}]}}