{"id":19830,"date":"2018-01-19T14:14:51","date_gmt":"2018-01-19T19:14:51","guid":{"rendered":"https:\/\/www.canadahelps.org\/?page_id=19830"},"modified":"2018-03-04T19:32:18","modified_gmt":"2018-03-05T00:32:18","slug":"compte-profil","status":"publish","type":"page","link":"https:\/\/www.canadahelps.org\/fr\/compte-profil\/","title":{"rendered":"Attirez de nouveaux donateurs avec 5 possibilit\u00e9s promotionnelles gratuites"},"content":{"rendered":"<p><img loading=\"lazy\" decoding=\"async\" src=\"https:\/\/www.canadahelps.org\/media\/Onboarding-CharityProfile-Hero-FR.png\" alt=\"Charity Profile Account\" width=\"940\" height=\"200\" class=\"aligncenter size-full wp-image-16189\" \/><\/p>\n<p><!-- Open the div container--!>\n\nD\u00e9finissez vos param\u00e8tres de recherche, t\u00e9l\u00e9versez votre logo, lancez votre page d\u2019impact\u2026 votre profil sur CanaDon.org vous aidera \u00e0 atteindre de nouveaux donateurs et \u00e0 recueillir plus d\u2019argent.\n\n<!----------------------------------------------- FEATURED ADD LOGO SECTION----------------------------------------------><\/p>\n<div class=\"row\" style=\"padding:10px 10px 20px\">\n<div class=\"col-sm-6\" style=\"padding-top: 30px;\">\n<h2 style=\"font-size:19px; color:#cd9315\">1. T\u00e9l\u00e9versez votre logo pour mettre votre marque en valeur<\/h2>\n<p>Votre logo est affich\u00e9 sur la page profil de votre organisme, sur les courriels de confirmation des dons et les re\u00e7us fiscaux en votre nom, et dans les r\u00e9sultats de recherche sur CanaDon.org. T\u00e9l\u00e9versez un logo haute r\u00e9solution pour remplacer l\u2019image substituable et mettre en valeur votre marque de fa\u00e7on uniforme<br \/>\net professionnelle.<\/p>\n<p><h4 class=\"faq-question collapsed\" data-toggle=\"collapse\" data-target=\"#faq-1\">\n  <span class=\"faq-caret\"><\/span>\n  D\u00e9couvrez comment\n<\/h4>\n<div id=\"faq-1\" class=\"faq-answer collapse\">\n  <br \/>\nAllez \u00e0 <b>l\u2019onglet Profil<\/b> et cliquez sur <b>Page de profil principale.<\/b><br \/>\n\n<ol>\n<li>D\u00e9filez vers le bas de la page, dans la section <b>Profil<\/b>, jusqu\u2019\u00e0 l\u2019endroit o\u00f9 vous pouvez t\u00e9l\u00e9verser votre logo haute r\u00e9solution.<\/li>\n<\/ol>\n\n<\/div><br \/>\n<br \/>\n<a class=\"btn btn-primary\" href=\"https:\/\/www.canadahelps.org\/fr\/Admin\/MCProfile_Admin.aspx\" style=\"padding:5px 10px; background-color:#0070af; border-color:#003649\">T\u00e9l\u00e9verser le logo<\/a><\/p>\n<\/div>\n<div class=\"col-sm-6\">\n<img decoding=\"async\" src=\"https:\/\/www.canadahelps.org\/media\/Charity-Logos-on-Devices-FR.png\" alt=\"Add Logo Image\" width=\"500\" class=\"alignnone size-medium wp-image-11957\"  \/>\n<\/div>\n<\/div>\n<p><!-------------------------------------------- END ADD LOGO SECTION----------------------------------------------><\/p>\n<p><!------------------------------------ ADD VISUALS SECTION-------------------------------------------------------><\/p>\n<div class=\"row\" style=\"background-color:#fbfbfb; padding: 20px 10px\">\n<div class=\"col-sm-8\" style=\"padding-top: 30px;\">\n<h2 style=\"font-size:19px; color:#cd9315\">2. T\u00e9l\u00e9versez une description et des images pour int\u00e9resser les donateurs \u00e0 ce que vous faites<\/h2>\n<p>Une image vaut mille mots, dit-on. Rendez votre page profil attrayante en y ajoutant une image principale et une description illustrant le travail de votre organisme, afin d\u2019attirer les donateurs d\u00e9sireux de soutenir votre cause. Pensez aussi \u00e0 ajouter des photos et des vid\u00e9os \u00e0 votre carrousel m\u00e9dia!<\/p>\n<p><h4 class=\"faq-question collapsed\" data-toggle=\"collapse\" data-target=\"#faq-2\">\n  <span class=\"faq-caret\"><\/span>\n  D\u00e9couvrez comment\n<\/h4>\n<div id=\"faq-2\" class=\"faq-answer collapse\">\n  <br \/>\nAllez \u00e0 <b>l\u2019onglet Profil<\/b> et cliquez sur <b>Page de profil principale<\/b>.\n<ol>\n<li>Ajoutez une description du travail de votre organisme, dans le champ <b>\u00c0 propos<\/b> de la section <b>Profil<\/b>.<\/li>\n<li>Pour ajouter une image principale, des photos et des vid\u00e9os, t\u00e9l\u00e9versez-les d\u2019abord dans votre <b>Galerie multim\u00e9dia<\/b> et s\u00e9lectionnez ensuite celles que vous d\u00e9sirez utiliser dans la section <b>Visuels de la page<\/b>.<\/li>\n<\/ol>\n\n<\/div><br \/>\n<br \/>\n<a class=\"btn btn-primary\" href=\"https:\/\/www.canadahelps.org\/fr\/Admin\/MCProfile_Admin.aspx\" style=\"padding:5px 10px; background-color:#0070af; border-color:#003649\"> T\u00e9l\u00e9verser les visuels de la page<\/a><br \/>\n\n<\/div>\n<div class=\"col-sm-4\">\n<img decoding=\"async\" src=\"https:\/\/www.canadahelps.org\/media\/Charity-profile-FR.png\" alt=\"Sample Page Visuals\" width=\"300\" class=\"alignleft size-medium wp-image-11957\"  \/>\n<\/div>\n<\/div>\n<p><!------------------------------ END ADD VISUALS SECTION-----------------------------------><\/p>\n<p><!--------------------------------- DISCOVERY SECTION------------------------------------------><\/p>\n<div class=\"row\" style=\"padding: 20px 10px\">\n<div class=\"col-sm-8\" style=\"padding-top: 30px;\">\n<h2 style=\"font-size:19px; color:#cd9315\">3. Aidez les donateurs \u00e0 trouver votre organisme<\/h2>\n<p>Aidez un plus grand nombre de donateurs \u00e0 trouver votre organisme lorsqu\u2019ils font une recherche sur CanaDon : t\u00e9l\u00e9versez une image \u00e9motive et s\u00e9lectionnez les cat\u00e9gories les plus appropri\u00e9es ainsi que la port\u00e9e g\u00e9ographique de votre travail.<br \/>\n<h4 class=\"faq-question collapsed\" data-toggle=\"collapse\" data-target=\"#faq-3\">\n  <span class=\"faq-caret\"><\/span>\n  D\u00e9couvrez comment\n<\/h4>\n<div id=\"faq-3\" class=\"faq-answer collapse\">\n  <br \/>\nAllez \u00e0 <b>l\u2019onglet Profil<\/b> et cliquez sur <b>Param\u00e8tres de D\u00e9couverte<\/b>.<br \/>\n\n<ol>\n<li> T\u00e9l\u00e9versez une image \u00e9motive qui appara\u00eet dans les r\u00e9sultats de recherche lorsque les donateurs utilisent notre outil Explorez, sur CanaDon.org, afin de trouver \u00e0 qui offrir des dons.<\/li>\n<li> S\u00e9lectionnez votre cat\u00e9gorie principale (arts et culture, \u00e9ducation, sant\u00e9, religion, etc.).<\/li>\n<li> Indiquez la port\u00e9e de votre mission (locale, provinciale, r\u00e9gionale, etc.).<\/li>\n<li> Ajoutez d\u2019autres cat\u00e9gories qui s\u2019appliquent au travail de votre organisme.<\/li>\n<\/ol>\n\n<\/div><br \/>\n<br \/>\n<a class=\"btn btn-primary\" href=\"https:\/\/www.canadahelps.org\/fr\/Admin\/MCProfile_Admin.aspx\" style=\"padding:5px 10px; background-color:#0070af; border-color:#003649\">D\u00e9finir vos param\u00e8tres de recherche<\/a>\n<\/div>\n<div class=\"col-sm-4\">\n<img decoding=\"async\" src=\"https:\/\/www.canadahelps.org\/media\/Search-for-Charity-FR.png\" alt=\"Search For Charity\" width=\"400\" class=\"alignleft size-medium wp-image-11957\"  \/>\n<\/div>\n<\/div>\n<p><!---------------------------------------- END DISCOVERY SECTION-------------------------------------><\/p>\n<p><!---------------------------------------FUNDRAISING CAMPAIGN SECTION---------------------------------><\/p>\n<div class=\"row\" style=\"background-color:#fbfbfb; padding: 20px 10px\">\n<div class=\"col-sm-8\" style=\"padding-top: 30px;\">\n<h2 style=\"font-size:19px; color:#cd9315\">4. Lancez une page de campagne <\/h2>\n<p>Les campagnes permettent \u00e0 votre organisme de faire conna\u00eetre un aspect de votre mission pour lequel vous devez recueillir des fonds. Nous ferons la promotion de votre campagne sur la page de navigation dans les campagnes, sur CanaDon, tout au long de l\u2019ann\u00e9e!<\/p>\n<h4 class=\"faq-question collapsed\" data-toggle=\"collapse\" data-target=\"#faq-4\">\n  <span class=\"faq-caret\"><\/span>\n  D\u00e9couvrez comment\n<\/h4>\n<div id=\"faq-4\" class=\"faq-answer collapse\">\n  <br \/>\nAllez \u00e0 <b>l\u2019onglet Profil<\/b> et cliquez sur <b>Pages de campagne<\/b>.<br \/>\n\n<ol>\n<li> Saisissez quelques d\u00e9tails pr\u00e9liminaires, par exemple le nom de votre campagne, les dates de d\u00e9but et de fin, l\u2019objectif en argent, et cliquez ensuite sur \u00ab Cr\u00e9er une campagne \u00bb.<\/li>\n<li> D\u00e9crivez vos besoins en mati\u00e8re de collecte de fonds et donnez une br\u00e8ve description pour les r\u00e9sultats de recherche dans <b>Info sur la campagne.<\/b><\/li>\n<li> T\u00e9l\u00e9versez des images et des vid\u00e9os dans votre <b>M\u00e9diath\u00e8que<\/b>.<\/li>\n<li> Ajoutez une image principale, des photos et des vid\u00e9os dans votre carrousel m\u00e9dia, dans <b>Visuels de la page<\/b>.<\/li>\n<li> D\u00e9finissez des montants sugg\u00e9r\u00e9s pour les dons, sur le formulaire de don, dans <b>\u00c9chelle de dons<\/b><\/li>\n<\/ol>\n<p>Est-ce qu\u2019un cadeau de bienfaisance (p. ex., une ch\u00e8vre pour une famille, un puits pour une communaut\u00e9, un don de m\u00e9dicaments) serait appropri\u00e9 \u00e0 votre campagne? Si oui, choisissez parmi les \u00ab Types de campagne \u00bb suivants, \u00e0 la section <b>Profil<\/b>, et nous pr\u00e9senterons votre page dans le Guide de cadeaux de bienfaisance de CanaDon : Cadeaux de 25 $ ou moins, Cadeaux de 26 $ \u00e0 100 $, Cadeaux de 101 $ \u00e0 250 $.<br \/>\n<\/p>\n<\/div>\n<p>\n<a class=\"btn btn-primary\" href=\"https:\/\/www.canadahelps.org\/fr\/Admin\/MCProfile_Admin.aspx\" style=\"padding:5px 10px; background-color:#0070af; border-color:#003649\">Lancer une page de campagne<\/a><br \/>\n\n<\/div>\n<div class=\"col-sm-4\">\n<img decoding=\"async\" src=\"https:\/\/www.canadahelps.org\/media\/Charity-Campaign-on-Tablet-FR.png\" alt=\"Sample Charity Campaign\" width=\"300\" class=\"alignleft size-medium wp-image-11957\"  \/>\n<\/div>\n<\/div>\n<p><!------------------------------- END FUNDRAISING CAMPAIGN SECTION---------------------------------><\/p>\n<p><!--------------------------------------- IMPACT PAGE SECTION-------------------------------------------><\/p>\n<div class=\"row\" style=\"padding: 20px 10px\">\n<div class=\"col-sm-7\" style=\"padding-top: 30px;\">\n<h2 style=\"font-size:19px; color:#cd9315\">5. Cr\u00e9ez votre page d\u2019impact pour partager vos r\u00e9sultats<\/h2>\n<p>Avec les pages d\u2019impact, vous pouvez commencer \u00e0 mesurer et communiquer efficacement l\u2019impact de votre organisme. Racontez votre histoire d\u2019impact et faites conna\u00eetre vos r\u00e9sultats aux donateurs sur CanaDon.org. Votre page d\u2019impact sera accessible \u00e0 partir de la page profil de votre organisme.<\/p>\n<h4 class=\"faq-question collapsed\" data-toggle=\"collapse\" data-target=\"#faq-5\">\n  <span class=\"faq-caret\"><\/span>\n  D\u00e9couvrez comment\n<\/h4>\n<div id=\"faq-5\" class=\"faq-answer collapse\">\n  <br \/>\nAllez \u00e0 <b>l\u2019onglet Profil<\/b> et cliquez sur <b>Page d\u2019impact<\/b>.\n<ol>\n<li> D\u00e9crivez le ou les enjeux que cherche \u00e0 solutionner votre organisme, les strat\u00e9gies utilis\u00e9es et les r\u00e9sultats d\u00e9sir\u00e9s, dans <b>Aper\u00e7u.<\/b><\/li>\n<li> Soulignez vos r\u00e9sultats concrets \u00e0 l\u2019aide du texte et des repr\u00e9sentations visuelles, dans <b>R\u00e9sultats.<\/b><\/li>\n<li> Ajoutez des t\u00e9moignages et des commentaires positifs dans <b>T\u00e9moignages.<\/b><\/li>\n<li> Pr\u00e9sentez vos programmes et\/ou activit\u00e9s dans <b>Programmes.<\/b><\/li>\n<\/ol>\n\n<\/div>\n<p>\n<a class=\"btn btn-primary\" href=\"https:\/\/www.canadahelps.org\/fr\/Admin\/MCProfile_Admin.aspx\" style=\"padding:5px 10px; background-color:#0070af; border-color:#003649\"> Cr\u00e9er votre page d\u2019impact<\/a><br \/>\n\n<\/div>\n<div class=\"col-sm-5\">\n<img decoding=\"async\" src=\"https:\/\/www.canadahelps.org\/media\/impact-page-FR.png\" alt=\"Impact Page Sample\" width=\"400\" class=\"alignleft size-medium wp-image-11957\"  \/>\n<\/div>\n<\/div>\n<p><!----------------------------- END IMPACT PAGE SECTION--------------------------------><\/p>\n<p><!------------------------------- FULL FUNDRAISING SECTION------------------------------><\/p>\n<div class=\"row\" style=\"padding: 20px 10px\">\n<div class=\"col-sm-8\" style=\"padding:20px 20px 14px; background-color:#fbfbfb;\">\n<h2 style=\"font-size:19px; color:#cd9315;\">Acc\u00e9dez \u00e0 des outils efficaces de collecte de fonds<\/h2>\n<p>Lorsque vous ouvrez un compte GRATUIT Collecte de fonds (compte de niveau sup\u00e9rieur), vous avez acc\u00e8s \u00e0 tous nos outils personnalisables pour la collecte de fonds, entre autres les formulaires de don personnalisables, et les outils pour la gestion d\u2019\u00e9v\u00e9nements et pour les collectes de fonds entre pairs \u00e0 des fins sociales.<\/p>\n<p><a class=\"btn btn-primary\" href=\"https:\/\/www.canadahelps.org\/fr\/votre-compte-collecte-de-fonds\/\" style=\"padding:5px 10px;\">Plus d\u2019information<\/a><\/p>\n<\/div>\n<div class=\"col-sm-4\" style=\"padding-top: 20px 20px; background-color: #eaf2fa;\">\n<h2 style=\"font-size:19px; padding:20px 10px 5px; color:#626366;\">Obtenez de l\u2019aide 24\/7<\/h2>\n<ul style=\"padding-bottom: 20px \">\n<li> <a href=\"http:\/\/charityhelp.canadahelps.org\/fr\/\"><b>Visitez<\/b><\/a> notre portail d\u2019assistance en ligne pour les organismes. <\/li>\n<li> <a href=\"https:\/\/www.canadahelps.org\/fr\/pour-les-organismes\/educatives-ressources\/\"><b>T\u00e9l\u00e9chargez<\/b><\/a> nos livres blancs \u00e9ducatifs gratuits.<\/li>\n<li> <a href=\"https:\/\/www.canadahelps.org\/fr\/contactez-nous\/\"><b>Contactez<\/b><\/a> notre \u00e9quipe.<\/li>\n<\/ul>\n<p>\n<\/div>\n<\/div>\n<p><!-- END PROMO OPPORTUNITIES SECTION--><\/p>\n<div class=\"modal fade js-beautiful-modal\">\n<div class=\"modal-dialog modal-lg\">\n<p>&nbsp;<\/p>\n<div class=\"modal-content\">\n<p class=\"text-center\">&#8230;<\/p>\n<\/div>\n<p><!-- \/.modal-content --><\/p>\n<\/div>\n<p><!-- \/.modal-dialog --><\/p>\n<\/div>\n","protected":false},"excerpt":{"rendered":"<p>1. T\u00e9l\u00e9versez votre logo pour mettre votre marque en valeur Votre logo est affich\u00e9 sur la page profil de votre organisme, sur les courriels de &#8230; <a href=\"https:\/\/www.canadahelps.org\/fr\/compte-profil\/\" id=\"canadahelp-blog-meta\">Voir plus<\/a><\/p>\n","protected":false},"author":7,"featured_media":0,"parent":0,"menu_order":0,"comment_status":"closed","ping_status":"closed","template":"template-custom.php","meta":{"footnotes":""},"class_list":["post-19830","page","type-page","status-publish","hentry"],"acf":{"meta_description":"","use_toc_layout":false,"hide_page_title":false,"insert_spotlight_boxes":false,"use_biography_grid":false,"header_banner_colour":"#929497"},"yoast_head":"<!-- This site is optimized with the Yoast SEO plugin v26.0 - https:\/\/yoast.com\/wordpress\/plugins\/seo\/ -->\n<title>Attirez de nouveaux donateurs avec 5 possibilit\u00e9s promotionnelles gratuites | CanaDon - Faites des dons \u00e0 un organisme de bienfaisance au Canada<\/title>\n<meta name=\"robots\" content=\"index, follow, max-snippet:-1, max-image-preview:large, max-video-preview:-1\" \/>\n<link rel=\"canonical\" href=\"https:\/\/www.canadahelps.org\/fr\/compte-profil\/\" \/>\n<meta property=\"og:locale\" content=\"fr_FR\" \/>\n<meta property=\"og:type\" content=\"article\" \/>\n<meta property=\"og:title\" content=\"Attirez de nouveaux donateurs avec 5 possibilit\u00e9s promotionnelles gratuites | CanaDon - Faites des dons \u00e0 un organisme de bienfaisance au Canada\" \/>\n<meta property=\"og:description\" content=\"1. T\u00e9l\u00e9versez votre logo pour mettre votre marque en valeur Votre logo est affich\u00e9 sur la page profil de votre organisme, sur les courriels de ... Voir plus\" \/>\n<meta property=\"og:url\" content=\"https:\/\/www.canadahelps.org\/fr\/compte-profil\/\" \/>\n<meta property=\"og:site_name\" content=\"CanaDon - Faites des dons \u00e0 un organisme de bienfaisance au Canada\" \/>\n<meta property=\"article:modified_time\" content=\"2018-03-05T00:32:18+00:00\" \/>\n<meta property=\"og:image\" content=\"https:\/\/www.canadahelps.org\/media\/Onboarding-CharityProfile-Hero-FR.png\" \/>\n<meta name=\"twitter:card\" content=\"summary_large_image\" \/>\n<meta name=\"twitter:label1\" content=\"Est. reading time\" \/>\n\t<meta name=\"twitter:data1\" content=\"4 minutes\" \/>\n<script type=\"application\/ld+json\" class=\"yoast-schema-graph\">{\"@context\":\"https:\/\/schema.org\",\"@graph\":[{\"@type\":\"WebPage\",\"@id\":\"https:\/\/www.canadahelps.org\/fr\/compte-profil\/\",\"url\":\"https:\/\/www.canadahelps.org\/fr\/compte-profil\/\",\"name\":\"Attirez de nouveaux donateurs avec 5 possibilit\u00e9s promotionnelles gratuites | CanaDon - Faites des dons \u00e0 un organisme de bienfaisance au Canada\",\"isPartOf\":{\"@id\":\"https:\/\/www.canadahelps.org\/fr\/#website\"},\"primaryImageOfPage\":{\"@id\":\"https:\/\/www.canadahelps.org\/fr\/compte-profil\/#primaryimage\"},\"image\":{\"@id\":\"https:\/\/www.canadahelps.org\/fr\/compte-profil\/#primaryimage\"},\"thumbnailUrl\":\"https:\/\/www.canadahelps.org\/media\/Onboarding-CharityProfile-Hero-FR.png\",\"datePublished\":\"2018-01-19T19:14:51+00:00\",\"dateModified\":\"2018-03-05T00:32:18+00:00\",\"breadcrumb\":{\"@id\":\"https:\/\/www.canadahelps.org\/fr\/compte-profil\/#breadcrumb\"},\"inLanguage\":\"fr\",\"potentialAction\":[{\"@type\":\"ReadAction\",\"target\":[\"https:\/\/www.canadahelps.org\/fr\/compte-profil\/\"]}]},{\"@type\":\"ImageObject\",\"inLanguage\":\"fr\",\"@id\":\"https:\/\/www.canadahelps.org\/fr\/compte-profil\/#primaryimage\",\"url\":\"https:\/\/www.canadahelps.org\/media\/Onboarding-CharityProfile-Hero-FR.png\",\"contentUrl\":\"https:\/\/www.canadahelps.org\/media\/Onboarding-CharityProfile-Hero-FR.png\"},{\"@type\":\"BreadcrumbList\",\"@id\":\"https:\/\/www.canadahelps.org\/fr\/compte-profil\/#breadcrumb\",\"itemListElement\":[{\"@type\":\"ListItem\",\"position\":1,\"name\":\"Home\",\"item\":\"https:\/\/www.canadahelps.org\/fr\/\"},{\"@type\":\"ListItem\",\"position\":2,\"name\":\"Attirez de nouveaux donateurs avec 5 possibilit\u00e9s promotionnelles gratuites\"}]},{\"@type\":\"WebSite\",\"@id\":\"https:\/\/www.canadahelps.org\/fr\/#website\",\"url\":\"https:\/\/www.canadahelps.org\/fr\/\",\"name\":\"CanadaHelps - Donate to any charity in Canada\",\"description\":\"Le don en toute simplicit\u00e9\",\"publisher\":{\"@id\":\"https:\/\/www.canadahelps.org\/fr\/#organization\"},\"potentialAction\":[{\"@type\":\"SearchAction\",\"target\":{\"@type\":\"EntryPoint\",\"urlTemplate\":\"https:\/\/www.canadahelps.org\/fr\/?s={search_term_string}\"},\"query-input\":{\"@type\":\"PropertyValueSpecification\",\"valueRequired\":true,\"valueName\":\"search_term_string\"}}],\"inLanguage\":\"fr\"},{\"@type\":\"Organization\",\"@id\":\"https:\/\/www.canadahelps.org\/fr\/#organization\",\"name\":\"CanadaHelps\",\"url\":\"https:\/\/www.canadahelps.org\/fr\/\",\"logo\":{\"@type\":\"ImageObject\",\"inLanguage\":\"fr\",\"@id\":\"https:\/\/www.canadahelps.org\/fr\/#\/schema\/logo\/image\/\",\"url\":\"https:\/\/www.canadahelps.org\/media\/canadahelps-en.jpg\",\"contentUrl\":\"https:\/\/www.canadahelps.org\/media\/canadahelps-en.jpg\",\"width\":131,\"height\":72,\"caption\":\"CanadaHelps\"},\"image\":{\"@id\":\"https:\/\/www.canadahelps.org\/fr\/#\/schema\/logo\/image\/\"}}]}<\/script>\n<!-- \/ Yoast SEO plugin. -->","yoast_head_json":{"title":"Attirez de nouveaux donateurs avec 5 possibilit\u00e9s promotionnelles gratuites | CanaDon - Faites des dons \u00e0 un organisme de bienfaisance au Canada","robots":{"index":"index","follow":"follow","max-snippet":"max-snippet:-1","max-image-preview":"max-image-preview:large","max-video-preview":"max-video-preview:-1"},"canonical":"https:\/\/www.canadahelps.org\/fr\/compte-profil\/","og_locale":"fr_FR","og_type":"article","og_title":"Attirez de nouveaux donateurs avec 5 possibilit\u00e9s promotionnelles gratuites | CanaDon - Faites des dons \u00e0 un organisme de bienfaisance au Canada","og_description":"1. T\u00e9l\u00e9versez votre logo pour mettre votre marque en valeur Votre logo est affich\u00e9 sur la page profil de votre organisme, sur les courriels de ... Voir plus","og_url":"https:\/\/www.canadahelps.org\/fr\/compte-profil\/","og_site_name":"CanaDon - Faites des dons \u00e0 un organisme de bienfaisance au Canada","article_modified_time":"2018-03-05T00:32:18+00:00","og_image":[{"url":"https:\/\/www.canadahelps.org\/media\/Onboarding-CharityProfile-Hero-FR.png","type":"","width":"","height":""}],"twitter_card":"summary_large_image","twitter_misc":{"Est. reading time":"4 minutes"},"schema":{"@context":"https:\/\/schema.org","@graph":[{"@type":"WebPage","@id":"https:\/\/www.canadahelps.org\/fr\/compte-profil\/","url":"https:\/\/www.canadahelps.org\/fr\/compte-profil\/","name":"Attirez de nouveaux donateurs avec 5 possibilit\u00e9s promotionnelles gratuites | CanaDon - Faites des dons \u00e0 un organisme de bienfaisance au Canada","isPartOf":{"@id":"https:\/\/www.canadahelps.org\/fr\/#website"},"primaryImageOfPage":{"@id":"https:\/\/www.canadahelps.org\/fr\/compte-profil\/#primaryimage"},"image":{"@id":"https:\/\/www.canadahelps.org\/fr\/compte-profil\/#primaryimage"},"thumbnailUrl":"https:\/\/www.canadahelps.org\/media\/Onboarding-CharityProfile-Hero-FR.png","datePublished":"2018-01-19T19:14:51+00:00","dateModified":"2018-03-05T00:32:18+00:00","breadcrumb":{"@id":"https:\/\/www.canadahelps.org\/fr\/compte-profil\/#breadcrumb"},"inLanguage":"fr","potentialAction":[{"@type":"ReadAction","target":["https:\/\/www.canadahelps.org\/fr\/compte-profil\/"]}]},{"@type":"ImageObject","inLanguage":"fr","@id":"https:\/\/www.canadahelps.org\/fr\/compte-profil\/#primaryimage","url":"https:\/\/www.canadahelps.org\/media\/Onboarding-CharityProfile-Hero-FR.png","contentUrl":"https:\/\/www.canadahelps.org\/media\/Onboarding-CharityProfile-Hero-FR.png"},{"@type":"BreadcrumbList","@id":"https:\/\/www.canadahelps.org\/fr\/compte-profil\/#breadcrumb","itemListElement":[{"@type":"ListItem","position":1,"name":"Home","item":"https:\/\/www.canadahelps.org\/fr\/"},{"@type":"ListItem","position":2,"name":"Attirez de nouveaux donateurs avec 5 possibilit\u00e9s promotionnelles gratuites"}]},{"@type":"WebSite","@id":"https:\/\/www.canadahelps.org\/fr\/#website","url":"https:\/\/www.canadahelps.org\/fr\/","name":"CanadaHelps - Donate to any charity in Canada","description":"Le don en toute simplicit\u00e9","publisher":{"@id":"https:\/\/www.canadahelps.org\/fr\/#organization"},"potentialAction":[{"@type":"SearchAction","target":{"@type":"EntryPoint","urlTemplate":"https:\/\/www.canadahelps.org\/fr\/?s={search_term_string}"},"query-input":{"@type":"PropertyValueSpecification","valueRequired":true,"valueName":"search_term_string"}}],"inLanguage":"fr"},{"@type":"Organization","@id":"https:\/\/www.canadahelps.org\/fr\/#organization","name":"CanadaHelps","url":"https:\/\/www.canadahelps.org\/fr\/","logo":{"@type":"ImageObject","inLanguage":"fr","@id":"https:\/\/www.canadahelps.org\/fr\/#\/schema\/logo\/image\/","url":"https:\/\/www.canadahelps.org\/media\/canadahelps-en.jpg","contentUrl":"https:\/\/www.canadahelps.org\/media\/canadahelps-en.jpg","width":131,"height":72,"caption":"CanadaHelps"},"image":{"@id":"https:\/\/www.canadahelps.org\/fr\/#\/schema\/logo\/image\/"}}]}},"_links":{"self":[{"href":"https:\/\/www.canadahelps.org\/fr\/wp-json\/wp\/v2\/pages\/19830","targetHints":{"allow":["GET"]}}],"collection":[{"href":"https:\/\/www.canadahelps.org\/fr\/wp-json\/wp\/v2\/pages"}],"about":[{"href":"https:\/\/www.canadahelps.org\/fr\/wp-json\/wp\/v2\/types\/page"}],"author":[{"embeddable":true,"href":"https:\/\/www.canadahelps.org\/fr\/wp-json\/wp\/v2\/users\/7"}],"replies":[{"embeddable":true,"href":"https:\/\/www.canadahelps.org\/fr\/wp-json\/wp\/v2\/comments?post=19830"}],"version-history":[{"count":14,"href":"https:\/\/www.canadahelps.org\/fr\/wp-json\/wp\/v2\/pages\/19830\/revisions"}],"predecessor-version":[{"id":20151,"href":"https:\/\/www.canadahelps.org\/fr\/wp-json\/wp\/v2\/pages\/19830\/revisions\/20151"}],"wp:attachment":[{"href":"https:\/\/www.canadahelps.org\/fr\/wp-json\/wp\/v2\/media?parent=19830"}],"curies":[{"name":"wp","href":"https:\/\/api.w.org\/{rel}","templated":true}]}}