{"id":19853,"date":"2018-01-18T17:50:46","date_gmt":"2018-01-18T22:50:46","guid":{"rendered":"https:\/\/www.canadahelps.org\/?page_id=19853"},"modified":"2018-02-20T12:34:46","modified_gmt":"2018-02-20T17:34:46","slug":"votre-compte-collecte-de-fonds","status":"publish","type":"page","link":"https:\/\/www.canadahelps.org\/fr\/votre-compte-collecte-de-fonds\/","title":{"rendered":"Profitez de tout ce que vous offre votre compte Collecte de fonds"},"content":{"rendered":"<p><img loading=\"lazy\" decoding=\"async\" src=\"https:\/\/www.canadahelps.org\/media\/Onboarding-FullFundraising-Hero-FR.png\" alt=\"Full Fundraising Account\" width=\"940\" height=\"200\" class=\"aligncenter size-full wp-image-16189\" \/><\/p>\n<p><!-- Open the div container--!>\n\n\n<!--------------------------- FEATURED ADD USERS SECTION--------------------------------------><\/p>\n<div class=\"row\" style=\"padding:20px 10px 30px\">\n<div class=\"col-sm-7\" style=\"padding-top: 30px;\">\n<h2 style=\"font-size:19px\">1. Donnez \u00e0 des membres de votre \u00e9quipe un acc\u00e8s s\u00e9curis\u00e9 \u00e0 votre compte<\/h2>\n<p>En liant un autre administrateur \u00e0 votre compte, vous lui permettez de g\u00e9rer vos pages de don en ligne, le profil de votre organisme sur CanaDon, les rapports de dons et les collectes de fonds, en plus de recevoir des courriels d\u2019information de CanaDon, etc. Et comme cet administrateur se connectera de fa\u00e7on s\u00e9curis\u00e9e \u00e0 CanaDon en utilisant son propre nom d\u2019utilisateur et son mot de passe, vous n\u2019avez pas besoin de lui r\u00e9v\u00e9ler vos renseignements personnels pour votre compte.<\/p>\n<p><h4 class=\"faq-question collapsed\" data-toggle=\"collapse\" data-target=\"#faq-1\">\n  <span class=\"faq-caret\"><\/span>\n  C\u2019est facile d\u2019ajouter des administrateurs pour votre compte!\n<\/h4>\n<div id=\"faq-1\" class=\"faq-answer collapse\">\n  <br \/>\nAllez \u00e0 <b>l\u2019onglet Compte info<\/b>, dans votre compte.<br \/>\n\n<ol>\n<li>Cliquez sur Autres responsables du compte<\/li>\n<li>Saisissez le pr\u00e9nom, le nom de famille et l\u2019adresse courriel de l\u2019administrateur que vous d\u00e9sirez ajouter. Nous lui enverrons un courriel pour lui indiquer les \u00e9tapes \u00e0 suivre. <\/li>\n<\/ol>\n\n<\/div><br \/>\n<br \/>\n<a class=\"btn btn-primary\" href=\"https:\/\/www.canadahelps.org\/fr\/Admin\/MCLinkAdminAccts.aspx\" style=\"padding:5px 10px\"> Ajouter des administrateurs <\/a><\/p>\n<\/div>\n<div class=\"col-sm-5\">\n<img loading=\"lazy\" decoding=\"async\" src=\"https:\/\/www.canadahelps.org\/media\/profile-page-fr.png\" alt=\"Add Users Sample Image\" width=\"400\" height=\"250\" class=\"alignnone size-medium wp-image-11957\"  \/>\n<\/div>\n<\/div>\n<p><!-------------------------------- END ADD USERS SECTION-------------------------><\/p>\n<p><!--------------------------------- CDN FORMS SECTION-------------------------------><\/p>\n<div class=\"row\" style=\"background-color:#fbfbfb; padding: 30px 10px\">\n<div class=\"col-sm-6\" style=\"padding-top: 30px;\">\n<h2 style=\"font-size:19px\"><a name=\"cdn\"><\/a><br \/>\n2. Acceptez directement les dons en ligne<\/h2>\n<p>En quelques minutes, vous pouvez int\u00e9grer \u00e0 votre site Web des formulaires enti\u00e8rement personnalisables, multi\u00e9tapes ou d\u2019une seule page. Les courriels de confirmation des dons et les re\u00e7us au nom de votre organisme sont envoy\u00e9s instantan\u00e9ment, ce qui aide \u00e0 r\u00e9duire les t\u00e2ches de votre \u00e9quipe, et vous disposez en tout temps d\u2019analyses et de rapports sur les dons. <a href=\"https:\/\/www.canadahelps.org\/fr\/pour-les-organismes\/faites-un-don\/\"><b>Voir toutes les caract\u00e9ristiques.<\/b><\/a><\/p>\n<p><h4 class=\"faq-question collapsed\" data-toggle=\"collapse\" data-target=\"#faq-2\">\n  <span class=\"faq-caret\"><\/span>\n  Cr\u00e9ez et partagez votre formulaire en quelques \u00e9tapes faciles\n<\/h4>\n<div id=\"faq-2\" class=\"faq-answer collapse\">\n  <br \/>\nPour commencer, allez \u00e0 l\u2019onglet <b>Faites un don<\/b>, dans votre compte Collecte de fonds.\n<ol>\n<li> <b>Cr\u00e9ez un formulaire<\/b> et suivez les instructions toutes simples.<\/li>\n<li> Partagez votre page! Retournez \u00e0 l\u2019onglet Faites un don, pour obtenir votre <b>Code incorpor\u00e9<\/b> (il suffit de faire un copier-coller du code pour l\u2019ins\u00e9rer sur votre site) ou l\u2019URL. <\/li>\n<\/ol>\n\n<\/div><br \/>\n<br \/>\n<a class=\"btn btn-primary\" href=\"https:\/\/www.canadahelps.org\/fr\/Admin\/DonateNow\/MCDonateNow_Summary.aspx\" style=\"padding:5px 10px; text-decoration:uppercase\"> Cr\u00e9er un formulaire de don<\/a><br \/>\n<br \/>\n<a href=\"#help\" style=\"font-weight:600;\">Vous avez besoin d\u2019aide?<\/a>\n<\/div>\n<div class=\"col-sm-6\">\n<img decoding=\"async\" src=\"https:\/\/www.canadahelps.org\/media\/multi-step-fr.png\" style=\"padding-top:30px\" alt=\"Sample CDN Image\" width=\"500\" class=\"alignleft size-medium wp-image-11957\"  \/>\n<\/div>\n<\/div>\n<p><!--------------------------------- END CDN FORMS SECTION---------------------------------------><\/p>\n<p><!------------------------------------ EVENTS SECTION--------------------------------------------><\/p>\n<div class=\"row\" style=\"padding: 30px 10px\">\n<div class=\"col-sm-8\" style=\"padding-top: 30px;\">\n<h2 style=\"font-size:19px\"><a name=\"events\"><\/a><br \/>\n3. Vendez des billets pour votre prochain \u00e9v\u00e9nement<\/h2>\n<p>G\u00e9rez votre \u00e9v\u00e9nement du d\u00e9but \u00e0 la fin, \u00e0 partir de la cr\u00e9ation d\u2019une page d\u2019\u00e9v\u00e9nement \u00e0 impact \u00e9lev\u00e9 avec la proposition de plusieurs types de billets, jusqu\u2019\u00e0 la s\u00e9lection des options relatives \u00e0 la d\u00e9livrance des re\u00e7us fiscaux et \u00e0 la gestion des participants.  <a href=\"https:\/\/www.canadahelps.org\/fr\/pour-les-organismes\/gestion-devenements\/\"><b>Voir toutes les caract\u00e9ristiques<\/b><\/a>.<\/p>\n<p><h4 class=\"faq-question collapsed\" data-toggle=\"collapse\" data-target=\"#faq-3\">\n  <span class=\"faq-caret\"><\/span>\n  En quelques minutes, cr\u00e9ez votre \u00e9v\u00e9nement et vendez des billets \n<\/h4>\n<div id=\"faq-3\" class=\"faq-answer collapse\">\n  <br \/>\nPour commencer, allez \u00e0 l\u2019onglet <b>\u00c9v\u00e9nements<\/b>, dans votre compte Collecte de fonds.\n<ol>\n<li> Dans <b>Info g\u00e9n\u00e9rale sur l\u2019\u00e9v\u00e9nement<\/b>, saisissez l\u2019information relative \u00e0 l\u2019\u00e9v\u00e9nement ainsi que le nom de la personne qui l\u2019organise.<\/li>\n<li> T\u00e9l\u00e9versez des photos et des vid\u00e9os dans la <b>M\u00e9diath\u00e8que.<\/b><\/li>\n<li> T\u00e9l\u00e9versez une image de banni\u00e8re, choisissez la palette de couleurs, et ajoutez des photos et des vid\u00e9os dans les <b>Visuels de la page<\/b>.<\/li>\n<li> D\u00e9finissez vos pr\u00e9f\u00e9rences pour la d\u00e9livrance des re\u00e7us, ajoutez les types de billets et indiquez les dates de vente des billets dans <b>Billets et re\u00e7us fiscaux.<\/b><\/li>\n<li> Personnalisez les courriels pour l\u2019\u00e9v\u00e9nement ainsi que d\u2019autres options dans <b>Pr\u00e9f\u00e9rences courriel.<\/b><\/li>\n<\/ol>\n\n<\/div><br \/>\n<br \/>\n<a class=\"btn btn-primary\" href=\"https:\/\/www.canadahelps.org\/fr\/Admin\/MCEvents.aspx\" style=\"padding:5px 10px;\"> Cr\u00e9er un \u00e9v\u00e9nement<\/a><br \/>\n<br \/>\n<a href=\"#help\" style=\"font-weight:600;\">Vous avez besoin d\u2019aide?<\/a>\n<\/div>\n<div class=\"col-sm-4\">\n<img decoding=\"async\" src=\"https:\/\/www.canadahelps.org\/media\/Event-Page-FR.png\" alt=\"\" width=\"300\"  class=\"alignleft size-medium wp-image-11957\"  \/>\n<\/div>\n<\/div>\n<p><!--------------------------------------- END EVENTS SECTION---------------------------------------><\/p>\n<p><!---------------------------------------- P2P SECTION--------------------------------------------><\/p>\n<div class=\"row\" style=\"background-color:#fbfbfb; padding: 30px 10px\">\n<div class=\"col-sm-7\" style=\"padding-top: 30px;\">\n<h2 style=\"font-size:19px\"><a name=\"p2p\"><\/a><br \/>\n4. Lancez votre prochaine course, marche ou campagne avec des particuliers<\/h2>\n<p>En quelques minutes, gr\u00e2ce \u00e0 notre plateforme pour les collectes de fonds entre pairs \u00e0 des fins sociales, lancez facilement une campagne avec des \u00e9quipes ou des collectes de fonds par des tiers. Les capitaines d\u2019\u00e9quipe et les participants individuels verront qu\u2019il est plus facile que jamais de s\u2019inscrire, de cr\u00e9er des pages de campagne et de recueillir de l\u2019argent pour votre organisme! <a href=\"https:\/\/www.canadahelps.org\/fr\/pour-les-organismes\/collectes-de-fonds-entre-particuliers-a-des-fins-sociales\/\"><b>Voir toutes les caract\u00e9ristiques<\/b><\/a>.<\/p>\n<p><h4 class=\"faq-question collapsed\" data-toggle=\"collapse\" data-target=\"#faq-4\">\n  <span class=\"faq-caret\"><\/span>\n  Cr\u00e9ez en quelques minutes votre page de campagne\n<\/h4>\n<div id=\"faq-4\" class=\"faq-answer collapse\">\n  <br \/>\nPour commencer, allez \u00e0 l\u2019onglet Campagne entre pairs, dans votre compte Collecte de fonds.\n<ol>\n<li> Pour les <b>collectes de fonds avec des \u00e9quipes<\/b> (comme des marchethons ou autres \u00e9v\u00e9nements li\u00e9s \u00e0 des promesses de dons), s\u00e9lectionnez \u00ab Campagne entre pairs \u00bb.\n<p>Pour permettre \u00e0 vos sympathisants de s\u2019inscrire afin de lancer une campagne en votre nom lors d\u2019autres <b>\u00e9v\u00e9nements qui ne s\u2019appuient pas sur des \u00e9quipes<\/b> (comme des mariages, des anniversaires, etc.), s\u00e9lectionnez \u00ab Campagne entre pairs men\u00e9e par des tiers \u00bb.<\/p><\/li>\n<li> Dans chaque section, d\u00e9finissez vos pr\u00e9f\u00e9rences pour l\u2019inscription, choisissez les \u00e9l\u00e9ments visuels de la page, donnez des d\u00e9tails sur la campagne, etc. <\/li>\n<li> Invitez les capitaines d\u2019\u00e9quipe et\/ou les participants individuels \u00e0 s\u2019inscrire afin de recueillir des fonds en utilisant les fonctionnalit\u00e9s de partage social et d\u2019invitation par courriel.<\/li>\n<\/ol>\n\n<\/div><br \/>\n<br \/>\n<a class=\"btn btn-primary\" href=\"https:\/\/www.canadahelps.org\/fr\/Admin\/MCP2PCampaigns.aspx\" style=\"padding:5px 10px;\">Lancez une campagne entre pairs<\/a><br \/>\n<br \/>\n<a href=\"#help\" style=\"font-weight:600;\">Vous avez besoin d\u2019aide?<\/a>\n<\/div>\n<div class=\"col-sm-5\">\n<img decoding=\"async\" src=\"https:\/\/www.canadahelps.org\/media\/p2p-event-fr.png\" alt=\"Sample P2P Image\" width=\"400\" class=\"alignleft size-medium wp-image-11957\"  \/>\n<\/div>\n<\/div>\n<p><!------------------------------------------ END P2P SECTION--------------------------------------------------><\/p>\n<p><!------------------------------------------- REPORT SECTION----------------------------------------------------><\/p>\n<div class=\"row\" style=\"padding: 30px 10px 5px\">\n<div class=\"col-sm-7\" style=\"padding-top: 30px;\">\n<h2 style=\"font-size:19px\"><a name=\"reports\"><\/a><br \/>\n5. Obtenez sur demande des rapports de dons et des renseignements sur les donateurs<\/h2>\n<p>Acc\u00e9dez facilement \u00e0 tous les renseignements sur les donateurs qui soutiennent votre organisme via CanaDon. Les rapports Web vous permettent de voir en un coup d\u2019\u0153il les dons les plus r\u00e9cents, tandis que vous trouverez tous les renseignements pertinents sur les dons dans le rapport de dons t\u00e9l\u00e9chargeable en un clic. CanaDon fournit \u00e9galement un outil de cr\u00e9ation de rapports personnalis\u00e9s qui vous permet de rapidement cr\u00e9er, g\u00e9n\u00e9rer et t\u00e9l\u00e9charger en format CSV le rapport de dons d\u00e9taill\u00e9 dont vous avez besoin, de sorte qu\u2019il est facile de l\u2019importer dans votre base de donn\u00e9es CRM (p. ex., DonorPerfect, Sumac et Silent Partner Software).<\/p>\n<p><h4 class=\"faq-question collapsed\" data-toggle=\"collapse\" data-target=\"#faq-5\">\n  <span class=\"faq-caret\"><\/span>\n  Acc\u00e9dez aux rapports en quelques clics!\n<\/h4>\n<div id=\"faq-5\" class=\"faq-answer collapse\">\n  <br \/>\nAllez \u00e0 <b>l\u2019onglet Dons<\/b>, dans votre compte Collecte de fonds.\n<ol>\n<li> <b>Rapports Web : <\/b> Voyez en un coup d\u2019\u0153il les d\u00e9tails sur les dons. Conseil : Remerciez chaque donateur en cliquant sur l\u2019ic\u00f4ne enveloppe!<\/li>\n<li> <b>T\u00e9l\u00e9chargement de donn\u00e9es : <\/b>T\u00e9l\u00e9chargez les d\u00e9tails sur les dons pour une p\u00e9riode que vous pr\u00e9cisez.<\/li>\n<li> <b>T\u00e9l\u00e9chargement de donn\u00e9es personnalis\u00e9 : <\/b> Cr\u00e9ez des rapports personnalis\u00e9s comportant uniquement les champs que vous d\u00e9sirez, ou obtenez des rapports pr\u00eats \u00e0 t\u00e9l\u00e9verser vers Silent Partner Software, DonorPerfect et Sumac.<\/li>\n<li> <b>Dons mensuels : <\/b> Voyez les dates pr\u00e9vues des dons mensuels, le moment o\u00f9 expirent ces dons, et filtrez par p\u00e9riode les dons qui expireront bient\u00f4t. <\/li>\n<li><b>Rapports de tableau de bord :<\/b> Votre tableau de bord comprend 3 rapports qui fournissent des informations cl\u00e9s pour faire le suivi de votre programme de collecte de fonds et cerner les possibilit\u00e9s d\u2019accro\u00eetre son succ\u00e8s. Tous les rapports indiquent vos r\u00e9sultats du mois comparativement au mois pr\u00e9c\u00e9dent et au m\u00eame mois de l\u2019ann\u00e9e pr\u00e9c\u00e9dente, ainsi que les r\u00e9sultats obtenus depuis le d\u00e9but de l\u2019ann\u00e9e comparativement \u00e0 la m\u00eame p\u00e9riode l\u2019ann\u00e9e pr\u00e9c\u00e9dente.<\/li>\n<\/ol>\n\n<\/div><br \/>\n<br \/>\n<a class=\"btn btn-primary\" href=\"https:\/\/www.canadahelps.org\/fr\/Admin\/MCDonations_Disbursements.aspx\" style=\"padding:5px 10px;\">Aller aux rapports<\/a><br \/>\n<br \/>\n<a href=\"#help\" style=\"font-weight:600;\">Vous avez besoin d\u2019aide?<\/a>\n<\/div>\n<div class=\"col-sm-5\">\n<img decoding=\"async\" src=\"https:\/\/www.canadahelps.org\/media\/donations-fr.png\" alt=\"\" width=\"380\" class=\"alignleft size-medium wp-image-11957\"  \/>\n<\/div>\n<\/div>\n<p><!------------------------------------------- END REPORTS SECTION------------------------------------><\/p>\n<p><!-------------------------------------- PROMOTIONAL OPPORTUNITIES SECTION--------------------------------><br \/>\n<a name=\"help\"><\/a><\/p>\n<div class=\"row\" style=\"padding: 5px 10px 10px\">\n<div class=\"col-sm-8\" style=\"padding: 20px 20px 17px; background-color:#fbfbfb;\">\n<h2 style=\"font-size:19px\">Attirez de nouveaux donateurs avec 5 possibilit\u00e9s promotionnelles GRATUITES<\/h2>\n<p>Chaque ann\u00e9e, des millions de Canadiens visitent CanaDon.org pour d\u00e9couvrir de nouveaux organismes de bienfaisance et faire des dons. Tous les organismes de bienfaisance canadiens enregistr\u00e9s ont une page profil sur CanaDon.org. Apprenez comment obtenir une visibilit\u00e9 maximale pour votre profil. Les organismes qui profitent d\u2019au moins 4 de ces possibilit\u00e9s promotionnelles recueillent 11 fois plus d\u2019argent!<\/p>\n<p><a class=\"btn btn-primary\" href=\"https:\/\/www.canadahelps.org\/fr\/compte-profil\/\" style=\"padding:5px 10px;\">Plus d&#8217;information<\/a><\/p>\n<\/div>\n<div class=\"col-sm-4\" style=\"padding-top: 20px 20px; background-color: #eaf2fa;\">\n<h2 style=\"font-size:19px; padding:20px 10px 5px; color:#626366;\">Obtenez de l\u2019aide 24\/7<\/h2>\n<ul style=\"padding-bottom: 20px \">\n<li> <a href=\"http:\/\/charityhelp.canadahelps.org\/fr\/\"><b>Visitez<\/b><\/a> notre portail d\u2019assistance en ligne pour les organismes. <\/li>\n<li> <a href=\"https:\/\/www.canadahelps.org\/fr\/pour-les-organismes\/educatives-ressources\/\"><b>T\u00e9l\u00e9chargez<\/b><\/a> nos livres blancs \u00e9ducatifs gratuits.<\/li>\n<li> <a href=\"https:\/\/www.canadahelps.org\/fr\/contactez-nous\/\"><b>Contactez<\/b><\/a> notre \u00e9quipe.<\/li>\n<\/ul>\n<p>\n&nbsp;<br \/>\n&nbsp;\n<\/div>\n<\/div>\n<p><!-- END PROMO OPPORTUNITIES SECTION--><\/p>\n<div class=\"modal fade js-beautiful-modal\">\n<div class=\"modal-dialog modal-lg\">\n<p>&nbsp;<\/p>\n<div class=\"modal-content\">\n<p class=\"text-center\">&#8230;<\/p>\n<\/div>\n<p><!-- \/.modal-content --><\/p>\n<\/div>\n<p><!-- \/.modal-dialog --><\/p>\n<\/div>\n","protected":false},"excerpt":{"rendered":"<p>1. Donnez \u00e0 des membres de votre \u00e9quipe un acc\u00e8s s\u00e9curis\u00e9 \u00e0 votre compte En liant un autre administrateur \u00e0 votre compte, vous lui permettez &#8230; <a href=\"https:\/\/www.canadahelps.org\/fr\/votre-compte-collecte-de-fonds\/\" id=\"canadahelp-blog-meta\">Voir plus<\/a><\/p>\n","protected":false},"author":7,"featured_media":0,"parent":0,"menu_order":0,"comment_status":"closed","ping_status":"closed","template":"template-custom.php","meta":{"footnotes":""},"class_list":["post-19853","page","type-page","status-publish","hentry"],"acf":{"meta_description":"","use_toc_layout":false,"hide_page_title":false,"insert_spotlight_boxes":false,"use_biography_grid":false,"header_banner_colour":"#929497"},"yoast_head":"<!-- This site is optimized with the Yoast SEO plugin v26.0 - https:\/\/yoast.com\/wordpress\/plugins\/seo\/ -->\n<title>Profitez de tout ce que vous offre votre compte Collecte de fonds | CanaDon - Faites des dons \u00e0 un organisme de bienfaisance au Canada<\/title>\n<meta name=\"robots\" content=\"index, follow, max-snippet:-1, max-image-preview:large, max-video-preview:-1\" \/>\n<link rel=\"canonical\" href=\"https:\/\/www.canadahelps.org\/fr\/votre-compte-collecte-de-fonds\/\" \/>\n<meta property=\"og:locale\" content=\"fr_FR\" \/>\n<meta property=\"og:type\" content=\"article\" \/>\n<meta property=\"og:title\" content=\"Profitez de tout ce que vous offre votre compte Collecte de fonds | CanaDon - Faites des dons \u00e0 un organisme de bienfaisance au Canada\" \/>\n<meta property=\"og:description\" content=\"1. Donnez \u00e0 des membres de votre \u00e9quipe un acc\u00e8s s\u00e9curis\u00e9 \u00e0 votre compte En liant un autre administrateur \u00e0 votre compte, vous lui permettez ... Voir plus\" \/>\n<meta property=\"og:url\" content=\"https:\/\/www.canadahelps.org\/fr\/votre-compte-collecte-de-fonds\/\" \/>\n<meta property=\"og:site_name\" content=\"CanaDon - Faites des dons \u00e0 un organisme de bienfaisance au Canada\" \/>\n<meta property=\"article:modified_time\" content=\"2018-02-20T17:34:46+00:00\" \/>\n<meta property=\"og:image\" content=\"https:\/\/www.canadahelps.org\/media\/Onboarding-FullFundraising-Hero-FR.png\" \/>\n<meta name=\"twitter:card\" content=\"summary_large_image\" \/>\n<meta name=\"twitter:label1\" content=\"Est. reading time\" \/>\n\t<meta name=\"twitter:data1\" content=\"6 minutes\" \/>\n<script type=\"application\/ld+json\" class=\"yoast-schema-graph\">{\"@context\":\"https:\/\/schema.org\",\"@graph\":[{\"@type\":\"WebPage\",\"@id\":\"https:\/\/www.canadahelps.org\/fr\/votre-compte-collecte-de-fonds\/\",\"url\":\"https:\/\/www.canadahelps.org\/fr\/votre-compte-collecte-de-fonds\/\",\"name\":\"Profitez de tout ce que vous offre votre compte Collecte de fonds | CanaDon - Faites des dons \u00e0 un organisme de bienfaisance au Canada\",\"isPartOf\":{\"@id\":\"https:\/\/www.canadahelps.org\/fr\/#website\"},\"primaryImageOfPage\":{\"@id\":\"https:\/\/www.canadahelps.org\/fr\/votre-compte-collecte-de-fonds\/#primaryimage\"},\"image\":{\"@id\":\"https:\/\/www.canadahelps.org\/fr\/votre-compte-collecte-de-fonds\/#primaryimage\"},\"thumbnailUrl\":\"https:\/\/www.canadahelps.org\/media\/Onboarding-FullFundraising-Hero-FR.png\",\"datePublished\":\"2018-01-18T22:50:46+00:00\",\"dateModified\":\"2018-02-20T17:34:46+00:00\",\"breadcrumb\":{\"@id\":\"https:\/\/www.canadahelps.org\/fr\/votre-compte-collecte-de-fonds\/#breadcrumb\"},\"inLanguage\":\"fr\",\"potentialAction\":[{\"@type\":\"ReadAction\",\"target\":[\"https:\/\/www.canadahelps.org\/fr\/votre-compte-collecte-de-fonds\/\"]}]},{\"@type\":\"ImageObject\",\"inLanguage\":\"fr\",\"@id\":\"https:\/\/www.canadahelps.org\/fr\/votre-compte-collecte-de-fonds\/#primaryimage\",\"url\":\"https:\/\/www.canadahelps.org\/media\/Onboarding-FullFundraising-Hero-FR.png\",\"contentUrl\":\"https:\/\/www.canadahelps.org\/media\/Onboarding-FullFundraising-Hero-FR.png\"},{\"@type\":\"BreadcrumbList\",\"@id\":\"https:\/\/www.canadahelps.org\/fr\/votre-compte-collecte-de-fonds\/#breadcrumb\",\"itemListElement\":[{\"@type\":\"ListItem\",\"position\":1,\"name\":\"Home\",\"item\":\"https:\/\/www.canadahelps.org\/fr\/\"},{\"@type\":\"ListItem\",\"position\":2,\"name\":\"Profitez de tout ce que vous offre votre compte Collecte de fonds\"}]},{\"@type\":\"WebSite\",\"@id\":\"https:\/\/www.canadahelps.org\/fr\/#website\",\"url\":\"https:\/\/www.canadahelps.org\/fr\/\",\"name\":\"CanadaHelps - Donate to any charity in Canada\",\"description\":\"Le don en toute simplicit\u00e9\",\"publisher\":{\"@id\":\"https:\/\/www.canadahelps.org\/fr\/#organization\"},\"potentialAction\":[{\"@type\":\"SearchAction\",\"target\":{\"@type\":\"EntryPoint\",\"urlTemplate\":\"https:\/\/www.canadahelps.org\/fr\/?s={search_term_string}\"},\"query-input\":{\"@type\":\"PropertyValueSpecification\",\"valueRequired\":true,\"valueName\":\"search_term_string\"}}],\"inLanguage\":\"fr\"},{\"@type\":\"Organization\",\"@id\":\"https:\/\/www.canadahelps.org\/fr\/#organization\",\"name\":\"CanadaHelps\",\"url\":\"https:\/\/www.canadahelps.org\/fr\/\",\"logo\":{\"@type\":\"ImageObject\",\"inLanguage\":\"fr\",\"@id\":\"https:\/\/www.canadahelps.org\/fr\/#\/schema\/logo\/image\/\",\"url\":\"https:\/\/www.canadahelps.org\/media\/canadahelps-en.jpg\",\"contentUrl\":\"https:\/\/www.canadahelps.org\/media\/canadahelps-en.jpg\",\"width\":131,\"height\":72,\"caption\":\"CanadaHelps\"},\"image\":{\"@id\":\"https:\/\/www.canadahelps.org\/fr\/#\/schema\/logo\/image\/\"}}]}<\/script>\n<!-- \/ Yoast SEO plugin. -->","yoast_head_json":{"title":"Profitez de tout ce que vous offre votre compte Collecte de fonds | CanaDon - Faites des dons \u00e0 un organisme de bienfaisance au Canada","robots":{"index":"index","follow":"follow","max-snippet":"max-snippet:-1","max-image-preview":"max-image-preview:large","max-video-preview":"max-video-preview:-1"},"canonical":"https:\/\/www.canadahelps.org\/fr\/votre-compte-collecte-de-fonds\/","og_locale":"fr_FR","og_type":"article","og_title":"Profitez de tout ce que vous offre votre compte Collecte de fonds | CanaDon - Faites des dons \u00e0 un organisme de bienfaisance au Canada","og_description":"1. Donnez \u00e0 des membres de votre \u00e9quipe un acc\u00e8s s\u00e9curis\u00e9 \u00e0 votre compte En liant un autre administrateur \u00e0 votre compte, vous lui permettez ... Voir plus","og_url":"https:\/\/www.canadahelps.org\/fr\/votre-compte-collecte-de-fonds\/","og_site_name":"CanaDon - Faites des dons \u00e0 un organisme de bienfaisance au Canada","article_modified_time":"2018-02-20T17:34:46+00:00","og_image":[{"url":"https:\/\/www.canadahelps.org\/media\/Onboarding-FullFundraising-Hero-FR.png","type":"","width":"","height":""}],"twitter_card":"summary_large_image","twitter_misc":{"Est. reading time":"6 minutes"},"schema":{"@context":"https:\/\/schema.org","@graph":[{"@type":"WebPage","@id":"https:\/\/www.canadahelps.org\/fr\/votre-compte-collecte-de-fonds\/","url":"https:\/\/www.canadahelps.org\/fr\/votre-compte-collecte-de-fonds\/","name":"Profitez de tout ce que vous offre votre compte Collecte de fonds | CanaDon - Faites des dons \u00e0 un organisme de bienfaisance au Canada","isPartOf":{"@id":"https:\/\/www.canadahelps.org\/fr\/#website"},"primaryImageOfPage":{"@id":"https:\/\/www.canadahelps.org\/fr\/votre-compte-collecte-de-fonds\/#primaryimage"},"image":{"@id":"https:\/\/www.canadahelps.org\/fr\/votre-compte-collecte-de-fonds\/#primaryimage"},"thumbnailUrl":"https:\/\/www.canadahelps.org\/media\/Onboarding-FullFundraising-Hero-FR.png","datePublished":"2018-01-18T22:50:46+00:00","dateModified":"2018-02-20T17:34:46+00:00","breadcrumb":{"@id":"https:\/\/www.canadahelps.org\/fr\/votre-compte-collecte-de-fonds\/#breadcrumb"},"inLanguage":"fr","potentialAction":[{"@type":"ReadAction","target":["https:\/\/www.canadahelps.org\/fr\/votre-compte-collecte-de-fonds\/"]}]},{"@type":"ImageObject","inLanguage":"fr","@id":"https:\/\/www.canadahelps.org\/fr\/votre-compte-collecte-de-fonds\/#primaryimage","url":"https:\/\/www.canadahelps.org\/media\/Onboarding-FullFundraising-Hero-FR.png","contentUrl":"https:\/\/www.canadahelps.org\/media\/Onboarding-FullFundraising-Hero-FR.png"},{"@type":"BreadcrumbList","@id":"https:\/\/www.canadahelps.org\/fr\/votre-compte-collecte-de-fonds\/#breadcrumb","itemListElement":[{"@type":"ListItem","position":1,"name":"Home","item":"https:\/\/www.canadahelps.org\/fr\/"},{"@type":"ListItem","position":2,"name":"Profitez de tout ce que vous offre votre compte Collecte de fonds"}]},{"@type":"WebSite","@id":"https:\/\/www.canadahelps.org\/fr\/#website","url":"https:\/\/www.canadahelps.org\/fr\/","name":"CanadaHelps - Donate to any charity in Canada","description":"Le don en toute simplicit\u00e9","publisher":{"@id":"https:\/\/www.canadahelps.org\/fr\/#organization"},"potentialAction":[{"@type":"SearchAction","target":{"@type":"EntryPoint","urlTemplate":"https:\/\/www.canadahelps.org\/fr\/?s={search_term_string}"},"query-input":{"@type":"PropertyValueSpecification","valueRequired":true,"valueName":"search_term_string"}}],"inLanguage":"fr"},{"@type":"Organization","@id":"https:\/\/www.canadahelps.org\/fr\/#organization","name":"CanadaHelps","url":"https:\/\/www.canadahelps.org\/fr\/","logo":{"@type":"ImageObject","inLanguage":"fr","@id":"https:\/\/www.canadahelps.org\/fr\/#\/schema\/logo\/image\/","url":"https:\/\/www.canadahelps.org\/media\/canadahelps-en.jpg","contentUrl":"https:\/\/www.canadahelps.org\/media\/canadahelps-en.jpg","width":131,"height":72,"caption":"CanadaHelps"},"image":{"@id":"https:\/\/www.canadahelps.org\/fr\/#\/schema\/logo\/image\/"}}]}},"_links":{"self":[{"href":"https:\/\/www.canadahelps.org\/fr\/wp-json\/wp\/v2\/pages\/19853","targetHints":{"allow":["GET"]}}],"collection":[{"href":"https:\/\/www.canadahelps.org\/fr\/wp-json\/wp\/v2\/pages"}],"about":[{"href":"https:\/\/www.canadahelps.org\/fr\/wp-json\/wp\/v2\/types\/page"}],"author":[{"embeddable":true,"href":"https:\/\/www.canadahelps.org\/fr\/wp-json\/wp\/v2\/users\/7"}],"replies":[{"embeddable":true,"href":"https:\/\/www.canadahelps.org\/fr\/wp-json\/wp\/v2\/comments?post=19853"}],"version-history":[{"count":10,"href":"https:\/\/www.canadahelps.org\/fr\/wp-json\/wp\/v2\/pages\/19853\/revisions"}],"predecessor-version":[{"id":19894,"href":"https:\/\/www.canadahelps.org\/fr\/wp-json\/wp\/v2\/pages\/19853\/revisions\/19894"}],"wp:attachment":[{"href":"https:\/\/www.canadahelps.org\/fr\/wp-json\/wp\/v2\/media?parent=19853"}],"curies":[{"name":"wp","href":"https:\/\/api.w.org\/{rel}","templated":true}]}}