{"id":2046,"date":"2014-03-17T15:55:03","date_gmt":"2014-03-17T19:55:03","guid":{"rendered":"https:\/\/www.canadahelps.org\/?page_id=2046"},"modified":"2025-07-30T15:30:51","modified_gmt":"2025-07-30T19:30:51","slug":"notre-equipe","status":"publish","type":"page","link":"https:\/\/www.canadahelps.org\/fr\/notre-equipe\/","title":{"rendered":"Notre \u00e9quipe"},"content":{"rendered":"<style>\n  .ceo {\n    display: flex;\n    justify-content: space-between;\n    gap: 20px;\n  }\n  .ceo.container {\n    margin-top: 128px;\n  }\n  .ceo-img {\n    width: 294px;\n  }\n  .ceo-text {\n    max-width: 612px;\n  }\n  .team-members {\n    display: flex;\n    justify-content: space-between;\n    gap: 32px;\n    flex-wrap: wrap;\n  }\n  .team-member {\n    width: 294px;\n  }\n  .team-member-img {\n    margin-bottom: 20px;  \n  }\n@media screen and (max-width: 1005px) {\n  .ceo-text {\n    width: 50%;\n  }\n  .team-members {\n    justify-content: center;\n  }\n}\n@media screen and (max-width: 768px) {\n  .ceo {\n    display: block;\n  }\n  .ceo-text {\n    width: 100%;\n    max-width: 100%;\n  }\n  .ceo.container {\n    margin-top: 64px;\n  }\n  .ceo-img {\n    margin: 0 auto 20px;\n  }\n}\n<\/style>\n<div class=\"our-team\">\n<section class=\"our-team-header container\">\n<h1 class=\"header-label\">Notre \u00e9quipe<\/h1>\n<h2 class=\"header-display\">Rencontrez notre <span class=\"ch-underline-gradient\">PDG<\/span> et les membres de l&#8217;\u00e9quipe de direction<\/h2>\n<\/section>\n<section class=\"ceo container\">\n<div class=\"ceo-img\"><img decoding=\"async\" src=\"https:\/\/www.canadahelps.org\/media\/52ddaa6d15f487b8f7a783cf50f88037b93c5157.jpg\" alt=\"Duke Chang\" \/><\/div>\n<div class=\"ceo-text\">\n<h3 class=\"header-tertiary\">Duke Chang<\/h3>\n<p>Pr\u00e9sident-Directeur-G\u00e9n\u00e9ral, CanaDon<\/p>\n<p>Duke Chang est pr\u00e9sident et chef de la direction de CanaDon, la plus grande plateforme en ligne de dons et de collecte de fonds au pays. Duke dirige les efforts de CanaDon afin de transformer la fa\u00e7on dont les Canadiens soutiennent les organismes de bienfaisance, en veillant \u00e0 ce que les organismes de toutes grandeurs puissent prosp\u00e9rer dans un monde num\u00e9rique. D\u00e9vou\u00e9 \u00e0 l\u2019innovation, il travaille \u00e0 am\u00e9liorer les technologies de CanaDon pour rendre les dons de bienfaisance plus faciles, plus rapides et plus efficaces, tout en aidant les organismes de bienfaisance \u00e0 accro\u00eetre leur collecte de fonds et \u00e0 faire progresser leur parcours de transformation num\u00e9rique.<\/p>\n<p>Depuis qu\u2019il a rejoint CanaDon en 2023, Duke s\u2019appuie sur plus de 25 ans d\u2019exp\u00e9rience dans la conduite d\u2019une croissance ax\u00e9e sur les produits et d\u2019innovations ax\u00e9es sur le client dans les services financiers, la technologie et le secteur caritatif. En tant que cofondateur d\u2019Act 3 Reality, Duke a cr\u00e9\u00e9 des outils bas\u00e9s sur la r\u00e9alit\u00e9 virtuelle pour aider les enfants autistes et ayant d\u2019autres difficult\u00e9s d\u2019apprentissage, et chez Fidelity Investments, il a \u00e9t\u00e9 \u00e0 l\u2019origine d\u2019avanc\u00e9es cl\u00e9s en mati\u00e8re de bien-\u00eatre financier personnel, y compris les dons de bienfaisance. Ces exp\u00e9riences refl\u00e8tent son profond engagement \u00e0 cr\u00e9er des solutions qui autonomisent les organismes sans but lucratif et cr\u00e9ent un impact durable.<\/p>\n<p>Auparavant, Duke \u00e9tait responsable mondial des produits, du d\u00e9veloppement commercial et de l\u2019exp\u00e9rience client pour le groupe Lenovo Solutions and Services. \u00c0 ce titre, il a cr\u00e9\u00e9 et d\u00e9velopp\u00e9 le vaste portefeuille de solutions pour soutenir l\u2019activit\u00e9 de 3 milliards de dollars de Lenovo. Il a \u00e9galement \u00e9t\u00e9 directeur g\u00e9n\u00e9ral chez Fidelity Investments, o\u00f9 il a \u00e9t\u00e9 \u00e0 l\u2019origine d\u2019innovations cl\u00e9s dans la gestion des investissements, les dons de bienfaisance et d\u2019autres domaines \u00e9mergents.<\/p>\n<p>Duke est titulaire d\u2019un MBA de la Fuqua School of Business de l\u2019universit\u00e9 Duke et d\u2019une licence en sciences de l\u2019universit\u00e9 de Georgetown. Originaire de North York, en Ontario, il est ravi de mettre \u00e0 profit son expertise mondiale pour avoir un impact durable sur le secteur caritatif du Canada.<\/p>\n<\/p><\/div>\n<\/section>\n<section class=\"container team-members\">\n<div class=\"team-member\">\n<div class=\"team-member-img\"><img decoding=\"async\" src=\"https:\/\/www.canadahelps.org\/media\/ee48efb9e303c11a07297aee723d2bf49d019ad8.jpg\" alt=\"Jane Ricciardelli\" \/><\/div>\n<div class=\"team-member-text\">\n<h3 class=\"header-tertiary\">Jane Ricciardelli<\/h3>\n<p>Cheffe de l\u2019exploitation<\/p>\n<\/p><\/div>\n<\/p><\/div>\n<div class=\"team-member\">\n<div class=\"team-member-img\"><img decoding=\"async\" src=\"https:\/\/www.canadahelps.org\/media\/88098751cccad51f47ed85921afa19bcbf3c8d0c.jpg\" alt=\"Lizz Bryce\" \/><\/div>\n<div class=\"team-member-text\">\n<h3 class=\"header-tertiary\">Lizz Bryce<\/h3>\n<p>Vice-pr\u00e9sidente principale,<br \/>Initiatives communautaires et strat\u00e9giques<\/p>\n<\/p><\/div>\n<\/p><\/div>\n<div class=\"team-member\">\n<div class=\"team-member-img\"><img decoding=\"async\" src=\"https:\/\/www.canadahelps.org\/media\/Alan_Headshot.jpg\" alt=\"Alan Gillespie\" \/><\/div>\n<div class=\"team-member-text\">\n<h3 class=\"header-tertiary\">Alan Gillespie<\/h3>\n<p>Directeur de la technologie<\/p>\n<\/p><\/div>\n<\/p><\/div>\n<div class=\"team-member\">\n<div class=\"team-member-img\"><img decoding=\"async\" src=\"https:\/\/www.canadahelps.org\/media\/c0a0fba22b2f31f69708b2142d28dcb9904d326d.jpg\" alt=\"Alisha Patel\" \/><\/div>\n<div class=\"team-member-text\">\n<h3 class=\"header-tertiary\">Alisha Patel<\/h3>\n<p>Vice-pr\u00e9sidente,<br \/>Employ\u00e9s et Culture<\/p>\n<\/p><\/div>\n<\/p><\/div>\n<div class=\"team-member\">\n<div class=\"team-member-img\"><img decoding=\"async\" src=\"https:\/\/www.canadahelps.org\/media\/d5b77ca40d5274cea6c58a2f5fa3637555ffdf01.jpg\" alt=\"Julie Fiorini\" \/><\/div>\n<div class=\"team-member-text\">\n<h3 class=\"header-tertiary\">Julie Fiorini<\/h3>\n<p>Directrice g\u00e9n\u00e9rale,<br \/> Services aux organismes de bienfaisance et donateurs<\/p>\n<\/p><\/div>\n<\/p><\/div>\n<div class=\"team-member\">\n<div class=\"team-member-img\"><img decoding=\"async\" src=\"https:\/\/www.canadahelps.org\/media\/8dad5003ffe0b7726f8b3e9c4b205cc712199c88.jpg\" alt=\"Aju Joseph John\" \/><\/div>\n<div class=\"team-member-text\">\n<h3 class=\"header-tertiary\">Aju Joseph John<\/h3>\n<p>Directeur g\u00e9n\u00e9ral<\/p>\n<\/p><\/div>\n<\/p><\/div>\n<\/section>\n<\/div>\n","protected":false},"excerpt":{"rendered":"<p>Notre \u00e9quipe Rencontrez notre PDG et les membres de l&#8217;\u00e9quipe de direction Duke Chang Pr\u00e9sident-Directeur-G\u00e9n\u00e9ral, CanaDon Duke Chang est pr\u00e9sident et chef de la direction &#8230; <a href=\"https:\/\/www.canadahelps.org\/fr\/notre-equipe\/\" id=\"canadahelp-blog-meta\">Voir plus<\/a><\/p>\n","protected":false},"author":7,"featured_media":0,"parent":0,"menu_order":6,"comment_status":"open","ping_status":"open","template":"template-ch20-full-width.php","meta":{"footnotes":""},"class_list":["post-2046","page","type-page","status-publish","hentry"],"acf":{"meta_description":"","use_toc_layout":false,"insert_spotlight_boxes":false,"use_biography_grid":true,"member_list":false,"hide_page_title":false,"additional_body_css_classes":"","row_settings":false,"footer_panels":false,"header_banner_colour":"#748E09","blogs_posts_item":false},"yoast_head":"<!-- This site is optimized with the Yoast SEO plugin v26.0 - https:\/\/yoast.com\/wordpress\/plugins\/seo\/ -->\n<title>Notre \u00e9quipe | CanaDon - Faites des dons \u00e0 un organisme de bienfaisance au Canada<\/title>\n<meta name=\"robots\" content=\"index, follow, max-snippet:-1, max-image-preview:large, max-video-preview:-1\" \/>\n<link rel=\"canonical\" href=\"https:\/\/www.canadahelps.org\/fr\/notre-equipe\/\" \/>\n<meta property=\"og:locale\" content=\"fr_FR\" \/>\n<meta property=\"og:type\" content=\"article\" \/>\n<meta property=\"og:title\" content=\"Notre \u00e9quipe | CanaDon - Faites des dons \u00e0 un organisme de bienfaisance au Canada\" \/>\n<meta property=\"og:description\" content=\"Notre \u00e9quipe Rencontrez notre PDG et les membres de l&#8217;\u00e9quipe de direction Duke Chang Pr\u00e9sident-Directeur-G\u00e9n\u00e9ral, CanaDon Duke Chang est pr\u00e9sident et chef de la direction ... Voir plus\" \/>\n<meta property=\"og:url\" content=\"https:\/\/www.canadahelps.org\/fr\/notre-equipe\/\" \/>\n<meta property=\"og:site_name\" content=\"CanaDon - Faites des dons \u00e0 un organisme de bienfaisance au Canada\" \/>\n<meta property=\"article:modified_time\" content=\"2025-07-30T19:30:51+00:00\" \/>\n<meta property=\"og:image\" content=\"https:\/\/www.canadahelps.org\/media\/52ddaa6d15f487b8f7a783cf50f88037b93c5157.jpg\" \/>\n<meta name=\"twitter:card\" content=\"summary_large_image\" \/>\n<meta name=\"twitter:label1\" content=\"Est. reading time\" \/>\n\t<meta name=\"twitter:data1\" content=\"4 minutes\" \/>\n<script type=\"application\/ld+json\" class=\"yoast-schema-graph\">{\"@context\":\"https:\/\/schema.org\",\"@graph\":[{\"@type\":\"WebPage\",\"@id\":\"https:\/\/www.canadahelps.org\/fr\/notre-equipe\/\",\"url\":\"https:\/\/www.canadahelps.org\/fr\/notre-equipe\/\",\"name\":\"Notre \u00e9quipe | CanaDon - Faites des dons \u00e0 un organisme de bienfaisance au Canada\",\"isPartOf\":{\"@id\":\"https:\/\/www.canadahelps.org\/fr\/#website\"},\"primaryImageOfPage\":{\"@id\":\"https:\/\/www.canadahelps.org\/fr\/notre-equipe\/#primaryimage\"},\"image\":{\"@id\":\"https:\/\/www.canadahelps.org\/fr\/notre-equipe\/#primaryimage\"},\"thumbnailUrl\":\"https:\/\/www.canadahelps.org\/media\/52ddaa6d15f487b8f7a783cf50f88037b93c5157.jpg\",\"datePublished\":\"2014-03-17T19:55:03+00:00\",\"dateModified\":\"2025-07-30T19:30:51+00:00\",\"breadcrumb\":{\"@id\":\"https:\/\/www.canadahelps.org\/fr\/notre-equipe\/#breadcrumb\"},\"inLanguage\":\"fr\",\"potentialAction\":[{\"@type\":\"ReadAction\",\"target\":[\"https:\/\/www.canadahelps.org\/fr\/notre-equipe\/\"]}]},{\"@type\":\"ImageObject\",\"inLanguage\":\"fr\",\"@id\":\"https:\/\/www.canadahelps.org\/fr\/notre-equipe\/#primaryimage\",\"url\":\"https:\/\/www.canadahelps.org\/media\/52ddaa6d15f487b8f7a783cf50f88037b93c5157.jpg\",\"contentUrl\":\"https:\/\/www.canadahelps.org\/media\/52ddaa6d15f487b8f7a783cf50f88037b93c5157.jpg\"},{\"@type\":\"BreadcrumbList\",\"@id\":\"https:\/\/www.canadahelps.org\/fr\/notre-equipe\/#breadcrumb\",\"itemListElement\":[{\"@type\":\"ListItem\",\"position\":1,\"name\":\"Home\",\"item\":\"https:\/\/www.canadahelps.org\/fr\/\"},{\"@type\":\"ListItem\",\"position\":2,\"name\":\"Notre \u00e9quipe\"}]},{\"@type\":\"WebSite\",\"@id\":\"https:\/\/www.canadahelps.org\/fr\/#website\",\"url\":\"https:\/\/www.canadahelps.org\/fr\/\",\"name\":\"CanadaHelps - Donate to any charity in Canada\",\"description\":\"Le don en toute simplicit\u00e9\",\"publisher\":{\"@id\":\"https:\/\/www.canadahelps.org\/fr\/#organization\"},\"potentialAction\":[{\"@type\":\"SearchAction\",\"target\":{\"@type\":\"EntryPoint\",\"urlTemplate\":\"https:\/\/www.canadahelps.org\/fr\/?s={search_term_string}\"},\"query-input\":{\"@type\":\"PropertyValueSpecification\",\"valueRequired\":true,\"valueName\":\"search_term_string\"}}],\"inLanguage\":\"fr\"},{\"@type\":\"Organization\",\"@id\":\"https:\/\/www.canadahelps.org\/fr\/#organization\",\"name\":\"CanadaHelps\",\"url\":\"https:\/\/www.canadahelps.org\/fr\/\",\"logo\":{\"@type\":\"ImageObject\",\"inLanguage\":\"fr\",\"@id\":\"https:\/\/www.canadahelps.org\/fr\/#\/schema\/logo\/image\/\",\"url\":\"https:\/\/www.canadahelps.org\/media\/canadahelps-en.jpg\",\"contentUrl\":\"https:\/\/www.canadahelps.org\/media\/canadahelps-en.jpg\",\"width\":131,\"height\":72,\"caption\":\"CanadaHelps\"},\"image\":{\"@id\":\"https:\/\/www.canadahelps.org\/fr\/#\/schema\/logo\/image\/\"}}]}<\/script>\n<!-- \/ Yoast SEO plugin. -->","yoast_head_json":{"title":"Notre \u00e9quipe | CanaDon - Faites des dons \u00e0 un organisme de bienfaisance au Canada","robots":{"index":"index","follow":"follow","max-snippet":"max-snippet:-1","max-image-preview":"max-image-preview:large","max-video-preview":"max-video-preview:-1"},"canonical":"https:\/\/www.canadahelps.org\/fr\/notre-equipe\/","og_locale":"fr_FR","og_type":"article","og_title":"Notre \u00e9quipe | CanaDon - Faites des dons \u00e0 un organisme de bienfaisance au Canada","og_description":"Notre \u00e9quipe Rencontrez notre PDG et les membres de l&#8217;\u00e9quipe de direction Duke Chang Pr\u00e9sident-Directeur-G\u00e9n\u00e9ral, CanaDon Duke Chang est pr\u00e9sident et chef de la direction ... Voir plus","og_url":"https:\/\/www.canadahelps.org\/fr\/notre-equipe\/","og_site_name":"CanaDon - Faites des dons \u00e0 un organisme de bienfaisance au Canada","article_modified_time":"2025-07-30T19:30:51+00:00","og_image":[{"url":"https:\/\/www.canadahelps.org\/media\/52ddaa6d15f487b8f7a783cf50f88037b93c5157.jpg","type":"","width":"","height":""}],"twitter_card":"summary_large_image","twitter_misc":{"Est. reading time":"4 minutes"},"schema":{"@context":"https:\/\/schema.org","@graph":[{"@type":"WebPage","@id":"https:\/\/www.canadahelps.org\/fr\/notre-equipe\/","url":"https:\/\/www.canadahelps.org\/fr\/notre-equipe\/","name":"Notre \u00e9quipe | CanaDon - Faites des dons \u00e0 un organisme de bienfaisance au Canada","isPartOf":{"@id":"https:\/\/www.canadahelps.org\/fr\/#website"},"primaryImageOfPage":{"@id":"https:\/\/www.canadahelps.org\/fr\/notre-equipe\/#primaryimage"},"image":{"@id":"https:\/\/www.canadahelps.org\/fr\/notre-equipe\/#primaryimage"},"thumbnailUrl":"https:\/\/www.canadahelps.org\/media\/52ddaa6d15f487b8f7a783cf50f88037b93c5157.jpg","datePublished":"2014-03-17T19:55:03+00:00","dateModified":"2025-07-30T19:30:51+00:00","breadcrumb":{"@id":"https:\/\/www.canadahelps.org\/fr\/notre-equipe\/#breadcrumb"},"inLanguage":"fr","potentialAction":[{"@type":"ReadAction","target":["https:\/\/www.canadahelps.org\/fr\/notre-equipe\/"]}]},{"@type":"ImageObject","inLanguage":"fr","@id":"https:\/\/www.canadahelps.org\/fr\/notre-equipe\/#primaryimage","url":"https:\/\/www.canadahelps.org\/media\/52ddaa6d15f487b8f7a783cf50f88037b93c5157.jpg","contentUrl":"https:\/\/www.canadahelps.org\/media\/52ddaa6d15f487b8f7a783cf50f88037b93c5157.jpg"},{"@type":"BreadcrumbList","@id":"https:\/\/www.canadahelps.org\/fr\/notre-equipe\/#breadcrumb","itemListElement":[{"@type":"ListItem","position":1,"name":"Home","item":"https:\/\/www.canadahelps.org\/fr\/"},{"@type":"ListItem","position":2,"name":"Notre \u00e9quipe"}]},{"@type":"WebSite","@id":"https:\/\/www.canadahelps.org\/fr\/#website","url":"https:\/\/www.canadahelps.org\/fr\/","name":"CanadaHelps - Donate to any charity in Canada","description":"Le don en toute simplicit\u00e9","publisher":{"@id":"https:\/\/www.canadahelps.org\/fr\/#organization"},"potentialAction":[{"@type":"SearchAction","target":{"@type":"EntryPoint","urlTemplate":"https:\/\/www.canadahelps.org\/fr\/?s={search_term_string}"},"query-input":{"@type":"PropertyValueSpecification","valueRequired":true,"valueName":"search_term_string"}}],"inLanguage":"fr"},{"@type":"Organization","@id":"https:\/\/www.canadahelps.org\/fr\/#organization","name":"CanadaHelps","url":"https:\/\/www.canadahelps.org\/fr\/","logo":{"@type":"ImageObject","inLanguage":"fr","@id":"https:\/\/www.canadahelps.org\/fr\/#\/schema\/logo\/image\/","url":"https:\/\/www.canadahelps.org\/media\/canadahelps-en.jpg","contentUrl":"https:\/\/www.canadahelps.org\/media\/canadahelps-en.jpg","width":131,"height":72,"caption":"CanadaHelps"},"image":{"@id":"https:\/\/www.canadahelps.org\/fr\/#\/schema\/logo\/image\/"}}]}},"_links":{"self":[{"href":"https:\/\/www.canadahelps.org\/fr\/wp-json\/wp\/v2\/pages\/2046","targetHints":{"allow":["GET"]}}],"collection":[{"href":"https:\/\/www.canadahelps.org\/fr\/wp-json\/wp\/v2\/pages"}],"about":[{"href":"https:\/\/www.canadahelps.org\/fr\/wp-json\/wp\/v2\/types\/page"}],"author":[{"embeddable":true,"href":"https:\/\/www.canadahelps.org\/fr\/wp-json\/wp\/v2\/users\/7"}],"replies":[{"embeddable":true,"href":"https:\/\/www.canadahelps.org\/fr\/wp-json\/wp\/v2\/comments?post=2046"}],"version-history":[{"count":151,"href":"https:\/\/www.canadahelps.org\/fr\/wp-json\/wp\/v2\/pages\/2046\/revisions"}],"predecessor-version":[{"id":55437,"href":"https:\/\/www.canadahelps.org\/fr\/wp-json\/wp\/v2\/pages\/2046\/revisions\/55437"}],"wp:attachment":[{"href":"https:\/\/www.canadahelps.org\/fr\/wp-json\/wp\/v2\/media?parent=2046"}],"curies":[{"name":"wp","href":"https:\/\/api.w.org\/{rel}","templated":true}]}}