{"id":20534,"date":"2018-04-25T13:35:23","date_gmt":"2018-04-25T17:35:23","guid":{"rendered":"https:\/\/www.canadahelps.org\/?page_id=20534"},"modified":"2018-05-03T11:23:46","modified_gmt":"2018-05-03T15:23:46","slug":"ressources-pour-campagnes-entre-pairs-a-fins-sociales","status":"publish","type":"page","link":"https:\/\/www.canadahelps.org\/fr\/ressources-pour-campagnes-entre-pairs-a-fins-sociales\/","title":{"rendered":"Ressources pour campagnes entre pairs a fins sociales"},"content":{"rendered":"<h2>Conseils de collecte de fonds pour les capitaines d&#8217;\u00e9quipe et les participants<\/h2>\n<p>Lancer une campagne de collecte de fonds entre pairs? Aidez vos supporters \u00e0 d\u00e9marrer sur la bonne voie avec ces astuces et conseils utiles pour la collecte de fonds.<br \/>\nSi vous utilisez la plateforme de collecte de fonds sociale Peer to Peer de CanaDon pour mener votre campagne, vous pouvez facilement t\u00e9l\u00e9charger ces ressources pour que vos partisans les t\u00e9l\u00e9chargent lorsqu&#8217;ils s&#8217;inscrivent. Pour t\u00e9l\u00e9charger vos ressources d&#8217;aide, acc\u00e9dez \u00e0 l&#8217;onglet <strong>Pages du participants<\/strong> lors de la cr\u00e9ation et de la modification de votre campagne d&#8217;\u00e9gal \u00e0 \u00e9gal.<\/p>\n<p><!-- FEATURED RESOURCES SECTION--><\/p>\n<div class=\"row\" style=\"padding: 10px 0 35px 0;\" align=\"center\">\n<div class=\"col-sm-3\">\n<p><img loading=\"lazy\" decoding=\"async\" class=\"alignright wp-image-13182\" src=\"https:\/\/www.canadahelps.org\/media\/Team-Captains-FR.png\" alt=\"Astuces de collecte de fonds pour les capitaines d\u2019\u00e9quipe\" width=\"232\" height=\"300\" \/><\/p>\n<p><a class=\"btn btn-primary\" href=\"https:\/\/www.canadahelps.org\/media\/FundraisingTipsForTeamCaptains_FR_Cr01.pdf\" target=\"_blank\" rel=\"noopener\">T\u00e9l\u00e9chargez <\/a><\/p>\n<\/div>\n<div class=\"col-sm-3\">\n<p><img loading=\"lazy\" decoding=\"async\" class=\"alignleft wp-image-13184\" src=\"https:\/\/www.canadahelps.org\/media\/Participants-FR.png\" alt=\"Astuces de collecte de fonds pour les participants\" width=\"232\" height=\"300\" \/><\/p>\n<p><a class=\"btn btn-primary\" href=\"https:\/\/www.canadahelps.org\/media\/FundraisingTipsForParticipants_FR_Rev1.pdf\" target=\"_blank\" rel=\"noopener\">T\u00e9l\u00e9chargez <\/a><\/p>\n<\/div>\n<\/div>\n<p><!-- END FEATURED RESOURCES SECTION--><\/p>\n","protected":false},"excerpt":{"rendered":"<p>Conseils de collecte de fonds pour les capitaines d&#8217;\u00e9quipe et les participants Lancer une campagne de collecte de fonds entre pairs? Aidez vos supporters \u00e0 &#8230; <a href=\"https:\/\/www.canadahelps.org\/fr\/ressources-pour-campagnes-entre-pairs-a-fins-sociales\/\" id=\"canadahelp-blog-meta\">Voir plus<\/a><\/p>\n","protected":false},"author":7,"featured_media":0,"parent":0,"menu_order":0,"comment_status":"closed","ping_status":"closed","template":"template-custom.php","meta":{"_acf_changed":false,"footnotes":""},"class_list":["post-20534","page","type-page","status-publish","hentry"],"acf":{"meta_description":"","use_toc_layout":false,"hide_page_title":false,"insert_spotlight_boxes":false,"use_biography_grid":false,"header_banner_colour":"#748E09"},"yoast_head":"<!-- This site is optimized with the Yoast SEO plugin v26.0 - https:\/\/yoast.com\/wordpress\/plugins\/seo\/ -->\n<title>Ressources pour campagnes entre pairs a fins sociales | CanadaHelps - Donate to any charity in Canada<\/title>\n<meta name=\"robots\" content=\"index, follow, max-snippet:-1, max-image-preview:large, max-video-preview:-1\" \/>\n<link rel=\"canonical\" href=\"https:\/\/www.canadahelps.org\/fr\/ressources-pour-campagnes-entre-pairs-a-fins-sociales\/\" \/>\n<meta property=\"og:locale\" content=\"fr_FR\" \/>\n<meta property=\"og:type\" content=\"article\" \/>\n<meta property=\"og:title\" content=\"Ressources pour campagnes entre pairs a fins sociales | CanadaHelps - Donate to any charity in Canada\" \/>\n<meta property=\"og:description\" content=\"Conseils de collecte de fonds pour les capitaines d&#8217;\u00e9quipe et les participants Lancer une campagne de collecte de fonds entre pairs? Aidez vos supporters \u00e0 ... Voir plus\" \/>\n<meta property=\"og:url\" content=\"https:\/\/www.canadahelps.org\/fr\/ressources-pour-campagnes-entre-pairs-a-fins-sociales\/\" \/>\n<meta property=\"og:site_name\" content=\"CanadaHelps - Donate to any charity in Canada\" \/>\n<meta property=\"article:modified_time\" content=\"2018-05-03T15:23:46+00:00\" \/>\n<meta property=\"og:image\" content=\"https:\/\/www.canadahelps.org\/media\/Team-Captains-FR.png\" \/>\n<meta name=\"twitter:card\" content=\"summary_large_image\" \/>\n<meta name=\"twitter:label1\" content=\"Est. reading time\" \/>\n\t<meta name=\"twitter:data1\" content=\"1 minute\" \/>\n<script type=\"application\/ld+json\" class=\"yoast-schema-graph\">{\"@context\":\"https:\/\/schema.org\",\"@graph\":[{\"@type\":\"WebPage\",\"@id\":\"https:\/\/www.canadahelps.org\/fr\/ressources-pour-campagnes-entre-pairs-a-fins-sociales\/\",\"url\":\"https:\/\/www.canadahelps.org\/fr\/ressources-pour-campagnes-entre-pairs-a-fins-sociales\/\",\"name\":\"Ressources pour campagnes entre pairs a fins sociales | CanadaHelps - Donate to any charity in Canada\",\"isPartOf\":{\"@id\":\"https:\/\/www.canadahelps.org\/fr\/#website\"},\"primaryImageOfPage\":{\"@id\":\"https:\/\/www.canadahelps.org\/fr\/ressources-pour-campagnes-entre-pairs-a-fins-sociales\/#primaryimage\"},\"image\":{\"@id\":\"https:\/\/www.canadahelps.org\/fr\/ressources-pour-campagnes-entre-pairs-a-fins-sociales\/#primaryimage\"},\"thumbnailUrl\":\"https:\/\/www.canadahelps.org\/media\/Team-Captains-FR.png\",\"datePublished\":\"2018-04-25T17:35:23+00:00\",\"dateModified\":\"2018-05-03T15:23:46+00:00\",\"breadcrumb\":{\"@id\":\"https:\/\/www.canadahelps.org\/fr\/ressources-pour-campagnes-entre-pairs-a-fins-sociales\/#breadcrumb\"},\"inLanguage\":\"fr\",\"potentialAction\":[{\"@type\":\"ReadAction\",\"target\":[\"https:\/\/www.canadahelps.org\/fr\/ressources-pour-campagnes-entre-pairs-a-fins-sociales\/\"]}]},{\"@type\":\"ImageObject\",\"inLanguage\":\"fr\",\"@id\":\"https:\/\/www.canadahelps.org\/fr\/ressources-pour-campagnes-entre-pairs-a-fins-sociales\/#primaryimage\",\"url\":\"https:\/\/www.canadahelps.org\/media\/Team-Captains-FR.png\",\"contentUrl\":\"https:\/\/www.canadahelps.org\/media\/Team-Captains-FR.png\"},{\"@type\":\"BreadcrumbList\",\"@id\":\"https:\/\/www.canadahelps.org\/fr\/ressources-pour-campagnes-entre-pairs-a-fins-sociales\/#breadcrumb\",\"itemListElement\":[{\"@type\":\"ListItem\",\"position\":1,\"name\":\"Home\",\"item\":\"https:\/\/www.canadahelps.org\/fr\/\"},{\"@type\":\"ListItem\",\"position\":2,\"name\":\"Ressources pour campagnes entre pairs a fins sociales\"}]},{\"@type\":\"WebSite\",\"@id\":\"https:\/\/www.canadahelps.org\/fr\/#website\",\"url\":\"https:\/\/www.canadahelps.org\/fr\/\",\"name\":\"CanadaHelps - Donate to any charity in Canada\",\"description\":\"Giving Made Simple\",\"publisher\":{\"@id\":\"https:\/\/www.canadahelps.org\/fr\/#organization\"},\"potentialAction\":[{\"@type\":\"SearchAction\",\"target\":{\"@type\":\"EntryPoint\",\"urlTemplate\":\"https:\/\/www.canadahelps.org\/fr\/?s={search_term_string}\"},\"query-input\":{\"@type\":\"PropertyValueSpecification\",\"valueRequired\":true,\"valueName\":\"search_term_string\"}}],\"inLanguage\":\"fr\"},{\"@type\":\"Organization\",\"@id\":\"https:\/\/www.canadahelps.org\/fr\/#organization\",\"name\":\"CanadaHelps\",\"url\":\"https:\/\/www.canadahelps.org\/fr\/\",\"logo\":{\"@type\":\"ImageObject\",\"inLanguage\":\"fr\",\"@id\":\"https:\/\/www.canadahelps.org\/fr\/#\/schema\/logo\/image\/\",\"url\":\"https:\/\/www.canadahelps.org\/media\/canadahelps-en.jpg\",\"contentUrl\":\"https:\/\/www.canadahelps.org\/media\/canadahelps-en.jpg\",\"width\":131,\"height\":72,\"caption\":\"CanadaHelps\"},\"image\":{\"@id\":\"https:\/\/www.canadahelps.org\/fr\/#\/schema\/logo\/image\/\"}}]}<\/script>\n<!-- \/ Yoast SEO plugin. -->","yoast_head_json":{"title":"Ressources pour campagnes entre pairs a fins sociales | CanadaHelps - Donate to any charity in Canada","robots":{"index":"index","follow":"follow","max-snippet":"max-snippet:-1","max-image-preview":"max-image-preview:large","max-video-preview":"max-video-preview:-1"},"canonical":"https:\/\/www.canadahelps.org\/fr\/ressources-pour-campagnes-entre-pairs-a-fins-sociales\/","og_locale":"fr_FR","og_type":"article","og_title":"Ressources pour campagnes entre pairs a fins sociales | CanadaHelps - Donate to any charity in Canada","og_description":"Conseils de collecte de fonds pour les capitaines d&#8217;\u00e9quipe et les participants Lancer une campagne de collecte de fonds entre pairs? Aidez vos supporters \u00e0 ... Voir plus","og_url":"https:\/\/www.canadahelps.org\/fr\/ressources-pour-campagnes-entre-pairs-a-fins-sociales\/","og_site_name":"CanadaHelps - Donate to any charity in Canada","article_modified_time":"2018-05-03T15:23:46+00:00","og_image":[{"url":"https:\/\/www.canadahelps.org\/media\/Team-Captains-FR.png","type":"","width":"","height":""}],"twitter_card":"summary_large_image","twitter_misc":{"Est. reading time":"1 minute"},"schema":{"@context":"https:\/\/schema.org","@graph":[{"@type":"WebPage","@id":"https:\/\/www.canadahelps.org\/fr\/ressources-pour-campagnes-entre-pairs-a-fins-sociales\/","url":"https:\/\/www.canadahelps.org\/fr\/ressources-pour-campagnes-entre-pairs-a-fins-sociales\/","name":"Ressources pour campagnes entre pairs a fins sociales | CanadaHelps - Donate to any charity in Canada","isPartOf":{"@id":"https:\/\/www.canadahelps.org\/fr\/#website"},"primaryImageOfPage":{"@id":"https:\/\/www.canadahelps.org\/fr\/ressources-pour-campagnes-entre-pairs-a-fins-sociales\/#primaryimage"},"image":{"@id":"https:\/\/www.canadahelps.org\/fr\/ressources-pour-campagnes-entre-pairs-a-fins-sociales\/#primaryimage"},"thumbnailUrl":"https:\/\/www.canadahelps.org\/media\/Team-Captains-FR.png","datePublished":"2018-04-25T17:35:23+00:00","dateModified":"2018-05-03T15:23:46+00:00","breadcrumb":{"@id":"https:\/\/www.canadahelps.org\/fr\/ressources-pour-campagnes-entre-pairs-a-fins-sociales\/#breadcrumb"},"inLanguage":"fr","potentialAction":[{"@type":"ReadAction","target":["https:\/\/www.canadahelps.org\/fr\/ressources-pour-campagnes-entre-pairs-a-fins-sociales\/"]}]},{"@type":"ImageObject","inLanguage":"fr","@id":"https:\/\/www.canadahelps.org\/fr\/ressources-pour-campagnes-entre-pairs-a-fins-sociales\/#primaryimage","url":"https:\/\/www.canadahelps.org\/media\/Team-Captains-FR.png","contentUrl":"https:\/\/www.canadahelps.org\/media\/Team-Captains-FR.png"},{"@type":"BreadcrumbList","@id":"https:\/\/www.canadahelps.org\/fr\/ressources-pour-campagnes-entre-pairs-a-fins-sociales\/#breadcrumb","itemListElement":[{"@type":"ListItem","position":1,"name":"Home","item":"https:\/\/www.canadahelps.org\/fr\/"},{"@type":"ListItem","position":2,"name":"Ressources pour campagnes entre pairs a fins sociales"}]},{"@type":"WebSite","@id":"https:\/\/www.canadahelps.org\/fr\/#website","url":"https:\/\/www.canadahelps.org\/fr\/","name":"CanadaHelps - Donate to any charity in Canada","description":"Giving Made Simple","publisher":{"@id":"https:\/\/www.canadahelps.org\/fr\/#organization"},"potentialAction":[{"@type":"SearchAction","target":{"@type":"EntryPoint","urlTemplate":"https:\/\/www.canadahelps.org\/fr\/?s={search_term_string}"},"query-input":{"@type":"PropertyValueSpecification","valueRequired":true,"valueName":"search_term_string"}}],"inLanguage":"fr"},{"@type":"Organization","@id":"https:\/\/www.canadahelps.org\/fr\/#organization","name":"CanadaHelps","url":"https:\/\/www.canadahelps.org\/fr\/","logo":{"@type":"ImageObject","inLanguage":"fr","@id":"https:\/\/www.canadahelps.org\/fr\/#\/schema\/logo\/image\/","url":"https:\/\/www.canadahelps.org\/media\/canadahelps-en.jpg","contentUrl":"https:\/\/www.canadahelps.org\/media\/canadahelps-en.jpg","width":131,"height":72,"caption":"CanadaHelps"},"image":{"@id":"https:\/\/www.canadahelps.org\/fr\/#\/schema\/logo\/image\/"}}]}},"_links":{"self":[{"href":"https:\/\/www.canadahelps.org\/fr\/wp-json\/wp\/v2\/pages\/20534","targetHints":{"allow":["GET"]}}],"collection":[{"href":"https:\/\/www.canadahelps.org\/fr\/wp-json\/wp\/v2\/pages"}],"about":[{"href":"https:\/\/www.canadahelps.org\/fr\/wp-json\/wp\/v2\/types\/page"}],"author":[{"embeddable":true,"href":"https:\/\/www.canadahelps.org\/fr\/wp-json\/wp\/v2\/users\/7"}],"replies":[{"embeddable":true,"href":"https:\/\/www.canadahelps.org\/fr\/wp-json\/wp\/v2\/comments?post=20534"}],"version-history":[{"count":8,"href":"https:\/\/www.canadahelps.org\/fr\/wp-json\/wp\/v2\/pages\/20534\/revisions"}],"predecessor-version":[{"id":20578,"href":"https:\/\/www.canadahelps.org\/fr\/wp-json\/wp\/v2\/pages\/20534\/revisions\/20578"}],"wp:attachment":[{"href":"https:\/\/www.canadahelps.org\/fr\/wp-json\/wp\/v2\/media?parent=20534"}],"curies":[{"name":"wp","href":"https:\/\/api.w.org\/{rel}","templated":true}]}}