{"id":2074,"date":"2014-04-03T16:52:43","date_gmt":"2014-04-03T20:52:43","guid":{"rendered":"https:\/\/www.canadahelps.org\/?page_id=2074"},"modified":"2025-12-18T15:28:09","modified_gmt":"2025-12-18T20:28:09","slug":"rapports-annuels","status":"publish","type":"page","link":"https:\/\/www.canadahelps.org\/fr\/rapports-annuels\/","title":{"rendered":"Rapports annuels"},"content":{"rendered":"<style>.ch20-full-width-page i{font-family:\"Font Awesome 6 Free\"}.annual-reports-header{display:flex;justify-content:space-between;align-items:center}.annual-reports-header-text{width:506px}.annual-reports-header-text a{width:100%;margin-bottom:12px}#annualreport24-past-reports-grid{display:flex;flex-wrap:wrap;justify-content:flex-start;margin:0 auto}.previous-cover{text-align:center;height:285px;margin:0 auto 20px auto}.previous-report{width:225px;margin:30px 10px;height:584px;text-align:center}.previous-report a.btn-primary{margin-bottom:12px}.previous-report a.btn-secondary{padding:20px 18px}.annual-reports-footer-container.container{padding:64px 20px;margin:0 auto}.ch20-full-width-page .annual-reports-social-media i{font-family:\"Font Awesome 6 Brands\";font-size:24px;color:#fff}.annual-reports-social-media>a:hover{background:#69668b}.annual-reports-social-media>a{color:#fff;border-radius:50%;width:48px;height:48px;text-align:center;display:flex;justify-content:center;align-items:center;text-decoration:none;margin-right:12px}.annual-reports-social-media{display:flex}@media screen and (max-width:768px){.annual-reports-header{display:block}}<\/style>\n<section class=\"container annual-reports-header\">\n  <img decoding=\"async\" src=\"https:\/\/www.canadahelps.org\/media\/20251218-CH-Annual-Report-2025-FR.png\" width=\"612\" alt=\"tax receipts hero\" \/><\/p>\n<div class=\"annual-reports-header-text\">\n<h1 class=\"header-label\">Rapports annuels<\/h1>\n<h2 class=\"header-display\">Rapport d\u2019impact 2024\/2025<\/h2>\n<p>\u00ab Le temps est maintenant venu de partager des histoires de g\u00e9n\u00e9rosit\u00e9, de b\u00e2tir un mouvement autour de la g\u00e9n\u00e9rosit\u00e9 et d\u2019alimenter le changement positif \u00bb.<\/p>\n<p>    <a class=\"btn-primary\" href=\"https:\/\/www.canadahelps.org\/media\/CanaDon_Rapport_Annuel_2025.pdf\" target=\"_blank\" rel=\"noopener noreferrer\">T\u00e9l\u00e9chargez le rapport <i class=\"fa-solid fa-arrow-down text-white\"><\/i><\/a><a class=\"btn-secondary\" href=\"https:\/\/www.canadahelps.org\/media\/2024-2025_CanadaHelps_CanaDon_FinancialStatement.pdf\" aria-label=\"2023 Financial Statement\" target=\"_blank\" rel=\"noopener noreferrer\">T\u00e9l\u00e9chargez vos \u00e9tats financiers<\/a>\n  <\/div>\n<\/section>\n<section id=\"annualreport24-past-reports\" class=\"container\">\n<div class=\"annualreport24-headline\">\n<h2 class=\"blue\">Rapports annuels pass\u00e9s et \u00e9tats financiers<\/h2>\n<\/p><\/div>\n<section id=\"annualreport24-past-reports-grid\">\n<div class=\"previous-report\">\n<div class=\"previous-cover\">\n        <img decoding=\"async\" src=\"https:\/\/www.canadahelps.org\/media\/canada_helps_annual_report_241202_letter_sized_cover_french_na-scaled.jpg\" alt=\"2024 Annual Report\" \/>\n      <\/div>\n<div>\n<h4 class=\"header-tertiary\">2024 Rapport Annuel<\/h4>\n<\/div>\n<div class=\"previous-download-btn\">\n        <a class=\"btn-primary\" href=\"https:\/\/www.canadahelps.org\/media\/CanaDon_Rapport_Annuel_2024.pdf\" target=\"_blank\" rel=\"noopener noreferrer\">T\u00e9l\u00e9chargez le rapport <i class=\"fa-solid fa-arrow-down text-white\"><\/i><\/a>\n      <\/div>\n<div class=\"previous-statement\">\n        <a class=\"btn-secondary\" href=\"https:\/\/www.canadahelps.org\/media\/2023-2024_CanadaHelps_CanaDon_FinancialStatement.pdf\" aria-label=\"T\u00e9l\u00e9charger l\u2019\u00e9tat financier\" target=\"_blank\" rel=\"noopener noreferrer\">T\u00e9l\u00e9charger l\u2019\u00e9tat financier<\/a><\/p>\n<p>(en anglais)<\/p>\n<\/p><\/div>\n<\/p><\/div>\n<div class=\"previous-report\">\n<div class=\"previous-cover\">\n        <img decoding=\"async\" src=\"https:\/\/www.canadahelps.org\/media\/20250106_ar_005.png\" alt=\"2023 Annual Report\" \/>\n      <\/div>\n<div>\n<h4 class=\"header-tertiary\">2023 Rapport Annuel<\/h4>\n<\/div>\n<div class=\"previous-download-btn\">\n        <a class=\"btn-primary\" href=\"https:\/\/www.canadahelps.org\/media\/CanadaHelps_Annual-Report-2023_Final-EN.pdf\" target=\"_blank\" rel=\"noopener noreferrer\">T\u00e9l\u00e9chargez le rapport <i class=\"fa-solid fa-arrow-down text-white\"><\/i><\/a>\n      <\/div>\n<div class=\"previous-statement\">\n        <a class=\"btn-secondary\" href=\"https:\/\/www.canadahelps.org\/media\/2023_CanadaHelps_CanaDon_FS_SIGNED.pdf\" aria-label=\"T\u00e9l\u00e9charger l\u2019\u00e9tat financier\" target=\"_blank\" rel=\"noopener noreferrer\">T\u00e9l\u00e9charger l\u2019\u00e9tat financier<\/a><\/p>\n<p>(en anglais)<\/p>\n<\/p><\/div>\n<\/p><\/div>\n<div class=\"previous-report\">\n<div class=\"previous-cover\">\n        <img decoding=\"async\" src=\"https:\/\/www.canadahelps.org\/media\/CanaDon_RapportAnnuel_2022.png\" alt=\"2022 Rapport Annuel\" \/>\n      <\/div>\n<div>\n<h4 class=\"header-tertiary\">2022 Rapport Annuel<\/h4>\n<\/div>\n<div class=\"previous-download-btn\">\n        <a class=\"btn-primary\" href=\"https:\/\/www.canadahelps.org\/media\/CanadaHelps_Annual_Report_2021_2022-1.pdf\" target=\"_blank\" rel=\"noopener noreferrer\">T\u00e9l\u00e9chargez le rapport <i class=\"fa-solid fa-arrow-down text-white\"><\/i><\/a>\n      <\/div>\n<div class=\"previous-statement\">\n        <a class=\"btn-secondary\" href=\"https:\/\/www.canadahelps.org\/media\/20220630_Statements_CanadaHelps_CanaDon.pdf\" aria-label=\"T\u00e9l\u00e9charger l\u2019\u00e9tat financier\" target=\"_blank\" rel=\"noopener noreferrer\">T\u00e9l\u00e9charger l\u2019\u00e9tat financier<\/a><\/p>\n<p>(en anglais)<\/p>\n<\/p><\/div>\n<\/p><\/div>\n<div class=\"previous-report\">\n<div class=\"previous-cover\">\n        <img decoding=\"async\" src=\"https:\/\/www.canadahelps.org\/media\/2020-French-Annual-Report-Cover.jpg\" alt=\"2021 Rapport Annuel\" \/>\n      <\/div>\n<div>\n<h4 class=\"header-tertiary\">2021 Rapport Annuel<\/h4>\n<\/div>\n<div class=\"previous-download-btn\">\n        <a class=\"btn-primary\" href=\"https:\/\/www.canadahelps.org\/media\/CanadaHelps_Impact-Report-2020-2021_English.pdf\" target=\"_blank\" rel=\"noopener noreferrer\">T\u00e9l\u00e9chargez le rapport <i class=\"fa-solid fa-arrow-down text-white\"><\/i><\/a>\n      <\/div>\n<div class=\"previous-statement\">\n        <a class=\"btn-secondary\" href=\"https:\/\/www.canadahelps.org\/media\/2021-CanadaHelps-CanaDon-Financial-Statements.pdf\" aria-label=\"T\u00e9l\u00e9charger l\u2019\u00e9tat financier\" target=\"_blank\" rel=\"noopener noreferrer\">T\u00e9l\u00e9charger l\u2019\u00e9tat financier<\/a><\/p>\n<p>(en anglais)<\/p>\n<\/p><\/div>\n<\/p><\/div>\n<p>    <!--\n            \n\n<div class=\"previous-report\">\n                \n\n<div class=\"previous-cover\">\n                    <img decoding=\"async\" class=\"alignnone wp-image-11957\" src=\"https:\/\/www.canadahelps.org\/media\/2020-Fre-AR.png\" alt=\"2020 Rapport Annuel\"  \/>\n                <\/div>\n\n\n                \n\n<div>\n\n<h4 class=\"header-tertiary\">2020 Rapport Annuel<\/h4>\n\n<\/div>\n\n\n                \n\n<div class=\"previous-download-btn\">\n                    <a class=\"btn-primary\" href=\"https:\/\/www.canadahelps.org\/media\/CanadaHelps-Annual-Report-2020.pdf\" target=\"_blank\" rel=\"noopener noreferrer\">T\u00e9l\u00e9chargez le rapport <i class=\"fa-solid fa-arrow-down text-white\"><\/i><\/a>\n                <\/div>\n\n\n                \n\n<div class=\"previous-statement\">\n                    <a class=\"btn-secondary\" href=\"https:\/\/www.canadahelps.org\/media\/2020-CanadaHelps-CanaDon-Financial-Statements.pdf\" aria-label=\"T\u00e9l\u00e9charger l\u2019\u00e9tat financier\" target=\"_blank\" rel=\"noopener noreferrer\">T\u00e9l\u00e9charger l\u2019\u00e9tat financier<\/a>\n\n<p>(en anglais)<\/p>\n\n\n                <\/div>\n\n\n            <\/div>\n\n\n        \n        \n            \n\n<div class=\"previous-report\">\n                \n\n<div class=\"previous-cover\">\n                    <img decoding=\"async\" class=\"alignnone wp-image-11957\" src=\"https:\/\/www.canadahelps.org\/media\/2019-Fre-AR.png\" alt=\"2019 Rapport Annuel\"  \/>\n                <\/div>\n\n\n                \n\n<div>    \n\n<h4 class=\"header-tertiary\">2019 Rapport Annuel<\/h4>\n\n<\/div>\n\n\n                \n\n<div class=\"previous-download-btn\">\n                    <a class=\"btn-primary\" href=\"https:\/\/www.canadahelps.org\/media\/CanadaHelps-Annual-Report-2019.pdf\" aria-label=\"T\u00e9l\u00e9chargez le rapport\" target=\"_blank\" rel=\"noopener noreferrer\">T\u00e9l\u00e9chargez le rapport <i class=\"fa-solid fa-arrow-down text-white\"><\/i><\/a>\n                <\/div>\n\n\n                \n\n<div class=\"previous-statement\">\n                    <a class=\"btn-secondary\" href=\"https:\/\/www.canadahelps.org\/media\/2019-CanadaHelps-CanaDon-FS-SIGNED.pdf\" aria-label=\"T\u00e9l\u00e9charger l\u2019\u00e9tat financier\" target=\"_blank\" rel=\"noopener noreferrer\">T\u00e9l\u00e9charger l\u2019\u00e9tat financier<\/a>\n\n<p>(en anglais)<\/p>\n\n\n                <\/div>\n\n\n            <\/div>\n\n\n        \n            \n\n<div class=\"previous-report\">\n                \n\n<div class=\"previous-cover\">\n                    <img decoding=\"async\" class=\"alignnone wp-image-11957\" src=\"https:\/\/www.canadahelps.org\/media\/2018-Annual-Report-Fre-Cover.png\" alt=\"2018 Rapport Annuel\" \/>\n                <\/div>\n\n\n                \n\n<div>      \n\n<h4 class=\"header-tertiary\">2018 Rapport Annuel<\/h4>\n\n<\/div>\n\n\n                \n\n<div class=\"previous-download-btn\">\n                    <a class=\"btn-primary\" href=\"https:\/\/www.canadahelps.org\/media\/CanadaHelps-Annual-Report-2018.pdf\" aria-label=\"T\u00e9l\u00e9chargez le rapport\" target=\"_blank\" rel=\"noopener noreferrer\">T\u00e9l\u00e9chargez le rapport <i class=\"fa-solid fa-arrow-down text-white\"><\/i><\/a>\n                <\/div>\n\n\n                \n\n<div class=\"previous-statement\">\n                    <a class=\"btn-secondary\" href=\"https:\/\/www.canadahelps.org\/media\/2018-CanadaHelps-CanaDon-Financial-Statements.pdf\" aria-label=\"T\u00e9l\u00e9charger l\u2019\u00e9tat financier\" target=\"_blank\" rel=\"noopener noreferrer\">T\u00e9l\u00e9charger l\u2019\u00e9tat financier<\/a>\n\n<p>(en anglais)<\/p>\n\n\n                <\/div>\n\n\n            <\/div>\n\n\n        \n        \n            \n\n<div class=\"previous-report\">\n                \n\n<div class=\"previous-cover\">\n                    <img decoding=\"async\" class=\"alignnone wp-image-13182\" src=\"https:\/\/www.canadahelps.org\/media\/2017.png\" style=\"height:285px;\" alt=\"2017 Rapport Annuel\"   \/>\n                <\/div>\n\n\n                \n\n<div>    \n\n<h4 class=\"header-tertiary\">2017 Rapport Annuel<\/h4>\n\n<\/div>\n\n\n                \n\n<div class=\"previous-download-btn\">\n                    <a class=\"btn-primary\" href=\"https:\/\/www.canadahelps.org\/media\/CanadaHelps-Annual-Report-2017-1.pdf\" aria-label=\"T\u00e9l\u00e9chargez le rapport\" target=\"_blank\" rel=\"noopener noreferrer\">T\u00e9l\u00e9chargez le rapport <i class=\"fa-solid fa-arrow-down text-white\"><\/i><\/a>\n                <\/div>\n\n\n                \n\n<div class=\"previous-statement\">\n                    <a class=\"btn-secondary\" href=\"https:\/\/www.canadahelps.org\/media\/CanadaHelps-Financial-Statements-2017.pdf\" aria-label=\"T\u00e9l\u00e9charger l\u2019\u00e9tat financier\" target=\"_blank\" rel=\"noopener noreferrer\">T\u00e9l\u00e9charger l\u2019\u00e9tat financier<\/a>\n\n<p>(en anglais)<\/p>\n\n\n                <\/div>\n\n\n            <\/div>\n\n\n--><br \/>\n  <\/section>\n<\/section>\n<section id=\"annualreport24-above-footer\" class=\"container\">\n<div class=\"annualreport24-paragraph\">Les parties publiques de notre D\u00e9claration de renseignements des organismes de bienfaisance enregistr\u00e9s se trouvent sur <a href=\"https:\/\/apps.cra-arc.gc.ca\/ebci\/hacc\/srch\/pub\/dsplyRprtngPrd?q.srchNmFltr=canadahelps&#038;selectedCharityBn=896568417RR0001&#038;dsrdPg=1\" target=\"_blank\" rel=\"noopener\">le site de l\u2019ARC.<\/a>.<\/div>\n<\/section>\n<section class=\"annual-reports-footer ch-purple-section\">\n<div class=\"border-gradient\"><\/div>\n<div class=\"container annual-reports-footer-container\">\n<h3 class=\"header-primary text-white\">Stay Connected with CanadaHelps!<\/h3>\n<div class=\"annual-reports-social-media\">\n      <a href=\"https:\/\/www.instagram.com\/canadahelps\" target=\"_blank\" rel=\"noopener\" aria-label=\"instagram\"><i class=\"fa-brands fa-instagram\"><\/i><\/a><br \/>\n      <a href=\"https:\/\/www.linkedin.com\/company\/canadahelps\/\" target=\"_blank\" rel=\"noopener\" aria-label=\"linkedin\"><i class=\"fa-brands fa-linkedin\" alt=\"LinkedIn\"><\/i><\/a><br \/>\n      <a href=\"https:\/\/www.facebook.com\/canadahelps\/\" target=\"_blank\" rel=\"noopener\" aria-label=\"facebook\"><i class=\"fa-brands fa-facebook\" alt=\"Facebook\"><\/i><\/a><br \/>\n      <a href=\"http:\/\/twitter.com\/canadahelps\" target=\"_blank\" rel=\"noopener\" aria-label=\"twitter\"><i class=\"fa-brands fa-x-twitter\" alt=\"X.com\"><\/i><\/a><br \/>\n      <a href=\"https:\/\/www.youtube.com\/user\/canadahelps\" target=\"_blank\" rel=\"noopener\" aria-label=\"youtube\"><i class=\"fa-brands fa-youtube\" alt=\"YouTube\"><\/i><\/a>\n    <\/div>\n<\/p><\/div>\n<\/section>\n","protected":false},"excerpt":{"rendered":"<p>Rapports annuels Rapport d\u2019impact 2024\/2025 \u00ab Le temps est maintenant venu de partager des histoires de g\u00e9n\u00e9rosit\u00e9, de b\u00e2tir un mouvement autour de la g\u00e9n\u00e9rosit\u00e9 &#8230; <a href=\"https:\/\/www.canadahelps.org\/fr\/rapports-annuels\/\" id=\"canadahelp-blog-meta\">Voir plus<\/a><\/p>\n","protected":false},"author":7,"featured_media":0,"parent":0,"menu_order":8,"comment_status":"open","ping_status":"open","template":"template-ch20-full-width.php","meta":{"footnotes":""},"class_list":["post-2074","page","type-page","status-publish","hentry"],"acf":{"meta_description":"","use_toc_layout":false,"insert_spotlight_boxes":false,"use_biography_grid":false,"header_banner_colour":"#748E09","hide_page_title":false,"additional_body_css_classes":"","footer_panels":false,"row_settings":false,"blogs_posts_item":false},"yoast_head":"<!-- This site is optimized with the Yoast SEO plugin v26.0 - https:\/\/yoast.com\/wordpress\/plugins\/seo\/ -->\n<title>Rapports annuels | CanaDon - Faites des dons \u00e0 un organisme de bienfaisance au Canada<\/title>\n<meta name=\"robots\" content=\"index, follow, max-snippet:-1, max-image-preview:large, max-video-preview:-1\" \/>\n<link rel=\"canonical\" href=\"https:\/\/www.canadahelps.org\/fr\/rapports-annuels\/\" \/>\n<meta property=\"og:locale\" content=\"fr_FR\" \/>\n<meta property=\"og:type\" content=\"article\" \/>\n<meta property=\"og:title\" content=\"Rapports annuels | CanaDon - Faites des dons \u00e0 un organisme de bienfaisance au Canada\" \/>\n<meta property=\"og:description\" content=\"Rapports annuels Rapport d\u2019impact 2024\/2025 \u00ab Le temps est maintenant venu de partager des histoires de g\u00e9n\u00e9rosit\u00e9, de b\u00e2tir un mouvement autour de la g\u00e9n\u00e9rosit\u00e9 ... Voir plus\" \/>\n<meta property=\"og:url\" content=\"https:\/\/www.canadahelps.org\/fr\/rapports-annuels\/\" \/>\n<meta property=\"og:site_name\" content=\"CanaDon - Faites des dons \u00e0 un organisme de bienfaisance au Canada\" \/>\n<meta property=\"article:modified_time\" content=\"2025-12-18T20:28:09+00:00\" \/>\n<meta property=\"og:image\" content=\"https:\/\/www.canadahelps.org\/media\/20250106_ar_socialsharing-1024x1024.png\" \/>\n\t<meta property=\"og:image:width\" content=\"1024\" \/>\n\t<meta property=\"og:image:height\" content=\"1024\" \/>\n\t<meta property=\"og:image:type\" content=\"image\/png\" \/>\n<meta name=\"twitter:card\" content=\"summary_large_image\" \/>\n<meta name=\"twitter:image\" content=\"https:\/\/www.canadahelps.org\/media\/20250106_ar_socialsharing.png\" \/>\n<meta name=\"twitter:label1\" content=\"Est. reading time\" \/>\n\t<meta name=\"twitter:data1\" content=\"2 minutes\" \/>\n<script type=\"application\/ld+json\" class=\"yoast-schema-graph\">{\"@context\":\"https:\/\/schema.org\",\"@graph\":[{\"@type\":\"WebPage\",\"@id\":\"https:\/\/www.canadahelps.org\/fr\/rapports-annuels\/\",\"url\":\"https:\/\/www.canadahelps.org\/fr\/rapports-annuels\/\",\"name\":\"Rapports annuels | CanaDon - Faites des dons \u00e0 un organisme de bienfaisance au Canada\",\"isPartOf\":{\"@id\":\"https:\/\/www.canadahelps.org\/fr\/#website\"},\"primaryImageOfPage\":{\"@id\":\"https:\/\/www.canadahelps.org\/fr\/rapports-annuels\/#primaryimage\"},\"image\":{\"@id\":\"https:\/\/www.canadahelps.org\/fr\/rapports-annuels\/#primaryimage\"},\"thumbnailUrl\":\"https:\/\/www.canadahelps.org\/media\/20251218-CH-Annual-Report-2025-FR.png\",\"datePublished\":\"2014-04-03T20:52:43+00:00\",\"dateModified\":\"2025-12-18T20:28:09+00:00\",\"breadcrumb\":{\"@id\":\"https:\/\/www.canadahelps.org\/fr\/rapports-annuels\/#breadcrumb\"},\"inLanguage\":\"fr\",\"potentialAction\":[{\"@type\":\"ReadAction\",\"target\":[\"https:\/\/www.canadahelps.org\/fr\/rapports-annuels\/\"]}]},{\"@type\":\"ImageObject\",\"inLanguage\":\"fr\",\"@id\":\"https:\/\/www.canadahelps.org\/fr\/rapports-annuels\/#primaryimage\",\"url\":\"https:\/\/www.canadahelps.org\/media\/20251218-CH-Annual-Report-2025-FR.png\",\"contentUrl\":\"https:\/\/www.canadahelps.org\/media\/20251218-CH-Annual-Report-2025-FR.png\"},{\"@type\":\"BreadcrumbList\",\"@id\":\"https:\/\/www.canadahelps.org\/fr\/rapports-annuels\/#breadcrumb\",\"itemListElement\":[{\"@type\":\"ListItem\",\"position\":1,\"name\":\"Home\",\"item\":\"https:\/\/www.canadahelps.org\/fr\/\"},{\"@type\":\"ListItem\",\"position\":2,\"name\":\"Rapports annuels\"}]},{\"@type\":\"WebSite\",\"@id\":\"https:\/\/www.canadahelps.org\/fr\/#website\",\"url\":\"https:\/\/www.canadahelps.org\/fr\/\",\"name\":\"CanadaHelps - Donate to any charity in Canada\",\"description\":\"Le don en toute simplicit\u00e9\",\"publisher\":{\"@id\":\"https:\/\/www.canadahelps.org\/fr\/#organization\"},\"potentialAction\":[{\"@type\":\"SearchAction\",\"target\":{\"@type\":\"EntryPoint\",\"urlTemplate\":\"https:\/\/www.canadahelps.org\/fr\/?s={search_term_string}\"},\"query-input\":{\"@type\":\"PropertyValueSpecification\",\"valueRequired\":true,\"valueName\":\"search_term_string\"}}],\"inLanguage\":\"fr\"},{\"@type\":\"Organization\",\"@id\":\"https:\/\/www.canadahelps.org\/fr\/#organization\",\"name\":\"CanadaHelps\",\"url\":\"https:\/\/www.canadahelps.org\/fr\/\",\"logo\":{\"@type\":\"ImageObject\",\"inLanguage\":\"fr\",\"@id\":\"https:\/\/www.canadahelps.org\/fr\/#\/schema\/logo\/image\/\",\"url\":\"https:\/\/www.canadahelps.org\/media\/canadahelps-en.jpg\",\"contentUrl\":\"https:\/\/www.canadahelps.org\/media\/canadahelps-en.jpg\",\"width\":131,\"height\":72,\"caption\":\"CanadaHelps\"},\"image\":{\"@id\":\"https:\/\/www.canadahelps.org\/fr\/#\/schema\/logo\/image\/\"}}]}<\/script>\n<!-- \/ Yoast SEO plugin. -->","yoast_head_json":{"title":"Rapports annuels | CanaDon - Faites des dons \u00e0 un organisme de bienfaisance au Canada","robots":{"index":"index","follow":"follow","max-snippet":"max-snippet:-1","max-image-preview":"max-image-preview:large","max-video-preview":"max-video-preview:-1"},"canonical":"https:\/\/www.canadahelps.org\/fr\/rapports-annuels\/","og_locale":"fr_FR","og_type":"article","og_title":"Rapports annuels | CanaDon - Faites des dons \u00e0 un organisme de bienfaisance au Canada","og_description":"Rapports annuels Rapport d\u2019impact 2024\/2025 \u00ab Le temps est maintenant venu de partager des histoires de g\u00e9n\u00e9rosit\u00e9, de b\u00e2tir un mouvement autour de la g\u00e9n\u00e9rosit\u00e9 ... Voir plus","og_url":"https:\/\/www.canadahelps.org\/fr\/rapports-annuels\/","og_site_name":"CanaDon - Faites des dons \u00e0 un organisme de bienfaisance au Canada","article_modified_time":"2025-12-18T20:28:09+00:00","og_image":[{"width":1024,"height":1024,"url":"https:\/\/www.canadahelps.org\/media\/20250106_ar_socialsharing-1024x1024.png","type":"image\/png"}],"twitter_card":"summary_large_image","twitter_image":"https:\/\/www.canadahelps.org\/media\/20250106_ar_socialsharing.png","twitter_misc":{"Est. reading time":"2 minutes"},"schema":{"@context":"https:\/\/schema.org","@graph":[{"@type":"WebPage","@id":"https:\/\/www.canadahelps.org\/fr\/rapports-annuels\/","url":"https:\/\/www.canadahelps.org\/fr\/rapports-annuels\/","name":"Rapports annuels | CanaDon - Faites des dons \u00e0 un organisme de bienfaisance au Canada","isPartOf":{"@id":"https:\/\/www.canadahelps.org\/fr\/#website"},"primaryImageOfPage":{"@id":"https:\/\/www.canadahelps.org\/fr\/rapports-annuels\/#primaryimage"},"image":{"@id":"https:\/\/www.canadahelps.org\/fr\/rapports-annuels\/#primaryimage"},"thumbnailUrl":"https:\/\/www.canadahelps.org\/media\/20251218-CH-Annual-Report-2025-FR.png","datePublished":"2014-04-03T20:52:43+00:00","dateModified":"2025-12-18T20:28:09+00:00","breadcrumb":{"@id":"https:\/\/www.canadahelps.org\/fr\/rapports-annuels\/#breadcrumb"},"inLanguage":"fr","potentialAction":[{"@type":"ReadAction","target":["https:\/\/www.canadahelps.org\/fr\/rapports-annuels\/"]}]},{"@type":"ImageObject","inLanguage":"fr","@id":"https:\/\/www.canadahelps.org\/fr\/rapports-annuels\/#primaryimage","url":"https:\/\/www.canadahelps.org\/media\/20251218-CH-Annual-Report-2025-FR.png","contentUrl":"https:\/\/www.canadahelps.org\/media\/20251218-CH-Annual-Report-2025-FR.png"},{"@type":"BreadcrumbList","@id":"https:\/\/www.canadahelps.org\/fr\/rapports-annuels\/#breadcrumb","itemListElement":[{"@type":"ListItem","position":1,"name":"Home","item":"https:\/\/www.canadahelps.org\/fr\/"},{"@type":"ListItem","position":2,"name":"Rapports annuels"}]},{"@type":"WebSite","@id":"https:\/\/www.canadahelps.org\/fr\/#website","url":"https:\/\/www.canadahelps.org\/fr\/","name":"CanadaHelps - Donate to any charity in Canada","description":"Le don en toute simplicit\u00e9","publisher":{"@id":"https:\/\/www.canadahelps.org\/fr\/#organization"},"potentialAction":[{"@type":"SearchAction","target":{"@type":"EntryPoint","urlTemplate":"https:\/\/www.canadahelps.org\/fr\/?s={search_term_string}"},"query-input":{"@type":"PropertyValueSpecification","valueRequired":true,"valueName":"search_term_string"}}],"inLanguage":"fr"},{"@type":"Organization","@id":"https:\/\/www.canadahelps.org\/fr\/#organization","name":"CanadaHelps","url":"https:\/\/www.canadahelps.org\/fr\/","logo":{"@type":"ImageObject","inLanguage":"fr","@id":"https:\/\/www.canadahelps.org\/fr\/#\/schema\/logo\/image\/","url":"https:\/\/www.canadahelps.org\/media\/canadahelps-en.jpg","contentUrl":"https:\/\/www.canadahelps.org\/media\/canadahelps-en.jpg","width":131,"height":72,"caption":"CanadaHelps"},"image":{"@id":"https:\/\/www.canadahelps.org\/fr\/#\/schema\/logo\/image\/"}}]}},"_links":{"self":[{"href":"https:\/\/www.canadahelps.org\/fr\/wp-json\/wp\/v2\/pages\/2074","targetHints":{"allow":["GET"]}}],"collection":[{"href":"https:\/\/www.canadahelps.org\/fr\/wp-json\/wp\/v2\/pages"}],"about":[{"href":"https:\/\/www.canadahelps.org\/fr\/wp-json\/wp\/v2\/types\/page"}],"author":[{"embeddable":true,"href":"https:\/\/www.canadahelps.org\/fr\/wp-json\/wp\/v2\/users\/7"}],"replies":[{"embeddable":true,"href":"https:\/\/www.canadahelps.org\/fr\/wp-json\/wp\/v2\/comments?post=2074"}],"version-history":[{"count":47,"href":"https:\/\/www.canadahelps.org\/fr\/wp-json\/wp\/v2\/pages\/2074\/revisions"}],"predecessor-version":[{"id":57391,"href":"https:\/\/www.canadahelps.org\/fr\/wp-json\/wp\/v2\/pages\/2074\/revisions\/57391"}],"wp:attachment":[{"href":"https:\/\/www.canadahelps.org\/fr\/wp-json\/wp\/v2\/media?parent=2074"}],"curies":[{"name":"wp","href":"https:\/\/api.w.org\/{rel}","templated":true}]}}