{"id":20962,"date":"2018-06-21T13:23:14","date_gmt":"2018-06-21T17:23:14","guid":{"rendered":"https:\/\/www.canadahelps.org\/?page_id=20962"},"modified":"2020-06-18T13:16:44","modified_gmt":"2020-06-18T17:16:44","slug":"reclamez-votre-organisme","status":"publish","type":"page","link":"https:\/\/www.canadahelps.org\/fr\/reclamez-votre-organisme\/","title":{"rendered":"Reclamez Votre Organisme"},"content":{"rendered":"  <div class=\"ad-banner\" style=\"background-color:#E4F3FF\">\n    <h2 style=\"color: #374252\">Inscrivez votre organisme sur CanaDon<\/h2>    <p class=\"ad-text\" style=\"color: #687281\">CanaDon est un organisme de bienfaisance canadien enregistr\u00e9 qui aide d\u2019autres organismes de bienfaisance, et ce, depuis vingt ans. Tous les organismes de bienfaisance canadiens enregistr\u00e9s sont pr\u00e9sents sur le site de CanaDon.<\/p>    <a href=\"https:\/\/www.canadahelps.org\/fr\/enregistrer\/compte-profil\/\" class=\"ad-btn \" style=\"background: #0070AE; color: #ffffff; border: 1px solid #0070AE\">R\u00e9clamez votre profil<\/a>  <\/div>\n  <div class=\"statement-widget\">\n    <div class=\"img-container\">\n      <img decoding=\"async\" src=\"https:\/\/www.canadahelps.org\/media\/registration-howitworks@2x.png\">\n    <\/div>  <div class=\"statement-container\">    <h2 style=\"color: #374252\">Comment cela fonctionne?<\/h2>    <h3 style=\"color: #687281\">Notre mission est d\u2019accro\u00eetre les dons de bienfaisance au Canada.<\/h3>    <p class=\"ad-text\" style=\"color: #374252\">L\u2019Agence du revenu du Canada (ARC) nous fournit l\u2019acc\u00e8s aux donn\u00e9es de tous les organismes de bienfaisance canadiens enregistr\u00e9s. Tous ces organismes ont un profil sur CanaDon.org (de sorte que les donateurs peuvent facilement les trouver) o\u00f9 ils peuvent raconter leur histoire, inspirer les donateurs et recevoir des dons. Nous d\u00e9livrons instantan\u00e9ment un re\u00e7u fiscal aux donateurs, et nous d\u00e9boursons promptement tous les fonds aux organismes (m\u00eame s\u2019ils n\u2019ont pas demand\u00e9 l\u2019acc\u00e8s \u00e0 leur page de profil).<\/p>  <\/div>\n  <\/div>\n  <div class=\"about-us-footer-panels\"    style=\"background: #ffffff; padding: 0;\">    <h2         style=\"color: #374252\"    >Pourquoi inscrire votre organisme?<\/h3>\n    <p class=\"content-paragraph\" style=\"font-size: 18px\">Joignez-vous \u00e0 plus de 20 000 organismes de bienfaisance canadiens qui utilisent activement CanaDon! Notre bilan est irr\u00e9prochable.<\/p>\n    <div class=\"panels-container\">    <div class=\"footer-panel\">\n      <a href=\"#\"        target=\"_blank\"      ><img decoding=\"async\" alt=\"\" class=\"ad-icon\" src=\"https:\/\/www.canadahelps.org\/media\/icon-profile.png\"><\/a>\n      <div class=\"panel-content\"         style=\"color: #374252\"      ><p><strong>Optimisez votre page de profil<\/strong><\/p>\n<p>Racontez votre histoire, pr\u00e9sentez votre excellent travail avec des photos et des vid\u00e9os, et montrez votre impact. Nous fournissons des outils pour vous faciliter les choses.<\/p>\n<\/div>\n    <\/div>    <div class=\"footer-panel\">\n      <a href=\"#\"        target=\"_blank\"      ><img decoding=\"async\" alt=\"\" class=\"ad-icon\" src=\"https:\/\/www.canadahelps.org\/media\/icon-exposure.png\"><\/a>\n      <div class=\"panel-content\"         style=\"color: #374252\"      ><p><strong>Visibilit\u00e9 aupr\u00e8s des donateurs<\/strong><\/p>\n<p>Plus de 2,2\u00a0million de Canadiens ont visit\u00e9 CanaDon.org en 2019.<\/p>\n<\/div>\n    <\/div>    <div class=\"footer-panel\">\n      <a href=\"#\"        target=\"_blank\"      ><img decoding=\"async\" alt=\"\" class=\"ad-icon\" src=\"https:\/\/www.canadahelps.org\/media\/icon-donationoptions@2x.png\"><\/a>\n      <div class=\"panel-content\"         style=\"color: #374252\"      ><p><strong>Options de don<\/strong><\/p>\n<p>Dons en hommage, dons de bienfaisance, dons uniques, dons mensuels et dons de titres.<\/p>\n<\/div>\n    <\/div>    <div class=\"footer-panel\">\n      <a href=\"#\"        target=\"_blank\"      ><img decoding=\"async\" alt=\"\" class=\"ad-icon\" src=\"https:\/\/www.canadahelps.org\/media\/icon-access@2x.png\"><\/a>\n      <div class=\"panel-content\"         style=\"color: #374252\"      ><p><strong>Acc\u00e8s aux outils de collecte de fonds<\/strong><\/p>\n<p>Plateformes de collecte de fonds entre particuliers, par des tiers et \u00e0 l\u2019occasion d\u2019\u00e9v\u00e9nements.<\/p>\n<\/div>\n    <\/div>    <div class=\"footer-panel\">\n      <a href=\"#\"        target=\"_blank\"      ><img decoding=\"async\" alt=\"\" class=\"ad-icon\" src=\"https:\/\/www.canadahelps.org\/media\/icon-hedaches@2x.png\"><\/a>\n      <div class=\"panel-content\"         style=\"color: #374252\"      ><p><strong>Pas de soucis!<\/strong><\/p>\n<p>Nous d\u00e9livrons instantan\u00e9ment des re\u00e7us fiscaux et nous d\u00e9boursons tous les fonds promptement.<\/p>\n<\/div>\n    <\/div>  <\/div><\/div>\n<p><a class=\"btn\" style=\"margin: 0 auto; display: block; text-align: center; max-width: 210px; color: #fff; background: #0070AE; font-size: 16px; font-weight: bold; padding: 13px 10px; border-radius: 3px;\" href=\"https:\/\/www.canadahelps.org\/fr\/enregistrer\/compte-profil\/\">Inscrivez-vous aujourd\u2019hui<\/a><\/p>\n<p style=\"color: #687281; font-size: 16px; text-align: center; margin-top: 16px;\">Des questions? Consultez notre <a style=\"color: inherit; text-decoration: underline;\" href=\"http:\/\/charityhelp.canadahelps.org\/fr\/\">portail d\u2019aide<\/a> ou <a style=\"color: inherit; text-decoration: underline;\" href=\"https:\/\/www.canadahelps.org\/fr\/contactez-nous\/\">contactez-nous.<\/a><\/p>\n","protected":false},"excerpt":{"rendered":"<p>Inscrivez-vous aujourd\u2019hui Des questions? Consultez notre portail d\u2019aide ou contactez-nous.<\/p>\n","protected":false},"author":7,"featured_media":0,"parent":0,"menu_order":0,"comment_status":"closed","ping_status":"closed","template":"template-custom.php","meta":{"footnotes":""},"class_list":["post-20962","page","type-page","status-publish","hentry"],"acf":{"meta_description":"","use_toc_layout":false,"additional_body_css_classes":"","hide_page_title":true,"insert_spotlight_boxes":false,"use_biography_grid":false,"header_banner_colour":"#748E09","footer_panels":[{"explanation":"<p><strong>Optimisez votre page de profil<\/strong><\/p>\n<p>Racontez votre histoire, pr\u00e9sentez votre excellent travail avec des photos et des vid\u00e9os, et montrez votre impact. Nous fournissons des outils pour vous faciliter les choses.<\/p>\n","icon":"https:\/\/www.canadahelps.org\/media\/icon-profile.png","target_blank":true,"url":"#"},{"explanation":"<p><strong>Visibilit\u00e9 aupr\u00e8s des donateurs<\/strong><\/p>\n<p>Plus de 2,2\u00a0million de Canadiens ont visit\u00e9 CanaDon.org en 2019.<\/p>\n","icon":"https:\/\/www.canadahelps.org\/media\/icon-exposure.png","target_blank":true,"url":"#"},{"explanation":"<p><strong>Options de don<\/strong><\/p>\n<p>Dons en hommage, dons de bienfaisance, dons uniques, dons mensuels et dons de titres.<\/p>\n","icon":"https:\/\/www.canadahelps.org\/media\/icon-donationoptions@2x.png","target_blank":true,"url":"#"},{"explanation":"<p><strong>Acc\u00e8s aux outils de collecte de fonds<\/strong><\/p>\n<p>Plateformes de collecte de fonds entre particuliers, par des tiers et \u00e0 l\u2019occasion d\u2019\u00e9v\u00e9nements.<\/p>\n","icon":"https:\/\/www.canadahelps.org\/media\/icon-access@2x.png","target_blank":true,"url":"#"},{"explanation":"<p><strong>Pas de soucis!<\/strong><\/p>\n<p>Nous d\u00e9livrons instantan\u00e9ment des re\u00e7us fiscaux et nous d\u00e9boursons tous les fonds promptement.<\/p>\n","icon":"https:\/\/www.canadahelps.org\/media\/icon-hedaches@2x.png","target_blank":true,"url":"#"}],"row_settings":false},"yoast_head":"<!-- This site is optimized with the Yoast SEO plugin v26.0 - https:\/\/yoast.com\/wordpress\/plugins\/seo\/ -->\n<title>Reclamez Votre Organisme | CanaDon - Faites des dons \u00e0 un organisme de bienfaisance au Canada<\/title>\n<meta name=\"robots\" content=\"index, follow, max-snippet:-1, max-image-preview:large, max-video-preview:-1\" \/>\n<link rel=\"canonical\" href=\"https:\/\/www.canadahelps.org\/fr\/reclamez-votre-organisme\/\" \/>\n<meta property=\"og:locale\" content=\"fr_FR\" \/>\n<meta property=\"og:type\" content=\"article\" \/>\n<meta property=\"og:title\" content=\"Reclamez Votre Organisme | CanaDon - Faites des dons \u00e0 un organisme de bienfaisance au Canada\" \/>\n<meta property=\"og:description\" content=\"Inscrivez-vous aujourd\u2019hui Des questions? Consultez notre portail d\u2019aide ou contactez-nous.\" \/>\n<meta property=\"og:url\" content=\"https:\/\/www.canadahelps.org\/fr\/reclamez-votre-organisme\/\" \/>\n<meta property=\"og:site_name\" content=\"CanaDon - Faites des dons \u00e0 un organisme de bienfaisance au Canada\" \/>\n<meta property=\"article:modified_time\" content=\"2020-06-18T17:16:44+00:00\" \/>\n<meta name=\"twitter:card\" content=\"summary_large_image\" \/>\n<meta name=\"twitter:label1\" content=\"Est. reading time\" \/>\n\t<meta name=\"twitter:data1\" content=\"1 minute\" \/>\n<script type=\"application\/ld+json\" class=\"yoast-schema-graph\">{\"@context\":\"https:\/\/schema.org\",\"@graph\":[{\"@type\":\"WebPage\",\"@id\":\"https:\/\/www.canadahelps.org\/fr\/reclamez-votre-organisme\/\",\"url\":\"https:\/\/www.canadahelps.org\/fr\/reclamez-votre-organisme\/\",\"name\":\"Reclamez Votre Organisme | CanaDon - Faites des dons \u00e0 un organisme de bienfaisance au Canada\",\"isPartOf\":{\"@id\":\"https:\/\/www.canadahelps.org\/fr\/#website\"},\"datePublished\":\"2018-06-21T17:23:14+00:00\",\"dateModified\":\"2020-06-18T17:16:44+00:00\",\"breadcrumb\":{\"@id\":\"https:\/\/www.canadahelps.org\/fr\/reclamez-votre-organisme\/#breadcrumb\"},\"inLanguage\":\"fr\",\"potentialAction\":[{\"@type\":\"ReadAction\",\"target\":[\"https:\/\/www.canadahelps.org\/fr\/reclamez-votre-organisme\/\"]}]},{\"@type\":\"BreadcrumbList\",\"@id\":\"https:\/\/www.canadahelps.org\/fr\/reclamez-votre-organisme\/#breadcrumb\",\"itemListElement\":[{\"@type\":\"ListItem\",\"position\":1,\"name\":\"Home\",\"item\":\"https:\/\/www.canadahelps.org\/fr\/\"},{\"@type\":\"ListItem\",\"position\":2,\"name\":\"Reclamez Votre Organisme\"}]},{\"@type\":\"WebSite\",\"@id\":\"https:\/\/www.canadahelps.org\/fr\/#website\",\"url\":\"https:\/\/www.canadahelps.org\/fr\/\",\"name\":\"CanadaHelps - Donate to any charity in Canada\",\"description\":\"Le don en toute simplicit\u00e9\",\"publisher\":{\"@id\":\"https:\/\/www.canadahelps.org\/fr\/#organization\"},\"potentialAction\":[{\"@type\":\"SearchAction\",\"target\":{\"@type\":\"EntryPoint\",\"urlTemplate\":\"https:\/\/www.canadahelps.org\/fr\/?s={search_term_string}\"},\"query-input\":{\"@type\":\"PropertyValueSpecification\",\"valueRequired\":true,\"valueName\":\"search_term_string\"}}],\"inLanguage\":\"fr\"},{\"@type\":\"Organization\",\"@id\":\"https:\/\/www.canadahelps.org\/fr\/#organization\",\"name\":\"CanadaHelps\",\"url\":\"https:\/\/www.canadahelps.org\/fr\/\",\"logo\":{\"@type\":\"ImageObject\",\"inLanguage\":\"fr\",\"@id\":\"https:\/\/www.canadahelps.org\/fr\/#\/schema\/logo\/image\/\",\"url\":\"https:\/\/www.canadahelps.org\/media\/canadahelps-en.jpg\",\"contentUrl\":\"https:\/\/www.canadahelps.org\/media\/canadahelps-en.jpg\",\"width\":131,\"height\":72,\"caption\":\"CanadaHelps\"},\"image\":{\"@id\":\"https:\/\/www.canadahelps.org\/fr\/#\/schema\/logo\/image\/\"}}]}<\/script>\n<!-- \/ Yoast SEO plugin. -->","yoast_head_json":{"title":"Reclamez Votre Organisme | CanaDon - Faites des dons \u00e0 un organisme de bienfaisance au Canada","robots":{"index":"index","follow":"follow","max-snippet":"max-snippet:-1","max-image-preview":"max-image-preview:large","max-video-preview":"max-video-preview:-1"},"canonical":"https:\/\/www.canadahelps.org\/fr\/reclamez-votre-organisme\/","og_locale":"fr_FR","og_type":"article","og_title":"Reclamez Votre Organisme | CanaDon - Faites des dons \u00e0 un organisme de bienfaisance au Canada","og_description":"Inscrivez-vous aujourd\u2019hui Des questions? Consultez notre portail d\u2019aide ou contactez-nous.","og_url":"https:\/\/www.canadahelps.org\/fr\/reclamez-votre-organisme\/","og_site_name":"CanaDon - Faites des dons \u00e0 un organisme de bienfaisance au Canada","article_modified_time":"2020-06-18T17:16:44+00:00","twitter_card":"summary_large_image","twitter_misc":{"Est. reading time":"1 minute"},"schema":{"@context":"https:\/\/schema.org","@graph":[{"@type":"WebPage","@id":"https:\/\/www.canadahelps.org\/fr\/reclamez-votre-organisme\/","url":"https:\/\/www.canadahelps.org\/fr\/reclamez-votre-organisme\/","name":"Reclamez Votre Organisme | CanaDon - Faites des dons \u00e0 un organisme de bienfaisance au Canada","isPartOf":{"@id":"https:\/\/www.canadahelps.org\/fr\/#website"},"datePublished":"2018-06-21T17:23:14+00:00","dateModified":"2020-06-18T17:16:44+00:00","breadcrumb":{"@id":"https:\/\/www.canadahelps.org\/fr\/reclamez-votre-organisme\/#breadcrumb"},"inLanguage":"fr","potentialAction":[{"@type":"ReadAction","target":["https:\/\/www.canadahelps.org\/fr\/reclamez-votre-organisme\/"]}]},{"@type":"BreadcrumbList","@id":"https:\/\/www.canadahelps.org\/fr\/reclamez-votre-organisme\/#breadcrumb","itemListElement":[{"@type":"ListItem","position":1,"name":"Home","item":"https:\/\/www.canadahelps.org\/fr\/"},{"@type":"ListItem","position":2,"name":"Reclamez Votre Organisme"}]},{"@type":"WebSite","@id":"https:\/\/www.canadahelps.org\/fr\/#website","url":"https:\/\/www.canadahelps.org\/fr\/","name":"CanadaHelps - Donate to any charity in Canada","description":"Le don en toute simplicit\u00e9","publisher":{"@id":"https:\/\/www.canadahelps.org\/fr\/#organization"},"potentialAction":[{"@type":"SearchAction","target":{"@type":"EntryPoint","urlTemplate":"https:\/\/www.canadahelps.org\/fr\/?s={search_term_string}"},"query-input":{"@type":"PropertyValueSpecification","valueRequired":true,"valueName":"search_term_string"}}],"inLanguage":"fr"},{"@type":"Organization","@id":"https:\/\/www.canadahelps.org\/fr\/#organization","name":"CanadaHelps","url":"https:\/\/www.canadahelps.org\/fr\/","logo":{"@type":"ImageObject","inLanguage":"fr","@id":"https:\/\/www.canadahelps.org\/fr\/#\/schema\/logo\/image\/","url":"https:\/\/www.canadahelps.org\/media\/canadahelps-en.jpg","contentUrl":"https:\/\/www.canadahelps.org\/media\/canadahelps-en.jpg","width":131,"height":72,"caption":"CanadaHelps"},"image":{"@id":"https:\/\/www.canadahelps.org\/fr\/#\/schema\/logo\/image\/"}}]}},"_links":{"self":[{"href":"https:\/\/www.canadahelps.org\/fr\/wp-json\/wp\/v2\/pages\/20962","targetHints":{"allow":["GET"]}}],"collection":[{"href":"https:\/\/www.canadahelps.org\/fr\/wp-json\/wp\/v2\/pages"}],"about":[{"href":"https:\/\/www.canadahelps.org\/fr\/wp-json\/wp\/v2\/types\/page"}],"author":[{"embeddable":true,"href":"https:\/\/www.canadahelps.org\/fr\/wp-json\/wp\/v2\/users\/7"}],"replies":[{"embeddable":true,"href":"https:\/\/www.canadahelps.org\/fr\/wp-json\/wp\/v2\/comments?post=20962"}],"version-history":[{"count":15,"href":"https:\/\/www.canadahelps.org\/fr\/wp-json\/wp\/v2\/pages\/20962\/revisions"}],"predecessor-version":[{"id":32708,"href":"https:\/\/www.canadahelps.org\/fr\/wp-json\/wp\/v2\/pages\/20962\/revisions\/32708"}],"wp:attachment":[{"href":"https:\/\/www.canadahelps.org\/fr\/wp-json\/wp\/v2\/media?parent=20962"}],"curies":[{"name":"wp","href":"https:\/\/api.w.org\/{rel}","templated":true}]}}