{"id":21212,"date":"2018-06-04T12:46:23","date_gmt":"2018-06-04T16:46:23","guid":{"rendered":"https:\/\/canadahelps.local\/pour-les-organismes\/donor-management\/"},"modified":"2020-06-18T14:58:29","modified_gmt":"2020-06-18T18:58:29","slug":"gestion-des-donateurs","status":"publish","type":"page","link":"https:\/\/www.canadahelps.org\/fr\/gestion-des-donateurs\/","title":{"rendered":"Gestion des Donateurs"},"content":{"rendered":"","protected":false},"excerpt":{"rendered":"","protected":false},"author":7,"featured_media":0,"parent":0,"menu_order":0,"comment_status":"closed","ping_status":"closed","template":"template-tdc-donor-management.php","meta":{"_acf_changed":false,"footnotes":""},"class_list":["post-21212","page","type-page","status-publish","hentry"],"acf":{"meta_description":"","use_toc_layout":false,"tdc_fund_hero_image":{"ID":21293,"id":21293,"title":"gestion-des-donateurs.tdc_fund_hero_image","filename":"gestion-des-donateurs.tdc_fund_hero_image.png","filesize":284185,"url":"https:\/\/www.canadahelps.org\/media\/gestion-des-donateurs.tdc_fund_hero_image.png","link":"https:\/\/www.canadahelps.org\/fr\/gestion-des-donateurs\/attachment\/gestion-des-donateurs-tdc_fund_hero_image\/","alt":"","author":"13","description":"","caption":"","name":"gestion-des-donateurs-tdc_fund_hero_image","status":"inherit","uploaded_to":21212,"date":"2018-07-31 19:43:05","modified":"2018-07-31 19:43:05","menu_order":0,"mime_type":"image\/png","type":"image","subtype":"png","icon":"https:\/\/www.canadahelps.org\/wp-includes\/images\/media\/default.png","width":1446,"height":574,"sizes":{"thumbnail":"https:\/\/www.canadahelps.org\/media\/gestion-des-donateurs.tdc_fund_hero_image-150x150.png","thumbnail-width":150,"thumbnail-height":150,"medium":"https:\/\/www.canadahelps.org\/media\/gestion-des-donateurs.tdc_fund_hero_image-300x119.png","medium-width":300,"medium-height":119,"medium_large":"https:\/\/www.canadahelps.org\/media\/gestion-des-donateurs.tdc_fund_hero_image-768x305.png","medium_large-width":768,"medium_large-height":305,"large":"https:\/\/www.canadahelps.org\/media\/gestion-des-donateurs.tdc_fund_hero_image-1024x406.png","large-width":1024,"large-height":406,"1536x1536":"https:\/\/www.canadahelps.org\/media\/gestion-des-donateurs.tdc_fund_hero_image.png","1536x1536-width":1446,"1536x1536-height":574,"2048x2048":"https:\/\/www.canadahelps.org\/media\/gestion-des-donateurs.tdc_fund_hero_image.png","2048x2048-width":1446,"2048x2048-height":574,"gform-image-choice-sm":"https:\/\/www.canadahelps.org\/media\/gestion-des-donateurs.tdc_fund_hero_image.png","gform-image-choice-sm-width":300,"gform-image-choice-sm-height":119,"gform-image-choice-md":"https:\/\/www.canadahelps.org\/media\/gestion-des-donateurs.tdc_fund_hero_image.png","gform-image-choice-md-width":400,"gform-image-choice-md-height":159,"gform-image-choice-lg":"https:\/\/www.canadahelps.org\/media\/gestion-des-donateurs.tdc_fund_hero_image.png","gform-image-choice-lg-width":600,"gform-image-choice-lg-height":238}},"tdc_fund_hero_title":"Gestion des donateurs","tdc_fund_hero_title_color":"#687281","tdc_fund_hero_short_description":"Avec CanaDon, g\u00e9rez encore plus efficacement votre solution de base de donn\u00e9es des donateurs. Cultivez d\u2019\u00e9troites relations avec vos donateurs, vos b\u00e9n\u00e9voles et d\u2019autres parties prenantes, et ayez un plein acc\u00e8s aux renseignements sur les donateurs ainsi qu\u2019aux outils qui faciliteront l\u2019ajout de renseignements sur vos donateurs utilisant CanaDon.","tdc_fund_hero_short_description_color":"#687281","tdc_fund_hero_left_btn_text":"Commencez maintenant","tdc_fund_hero_left_btn_link":"https:\/\/www.canadahelps.org\/fr\/enregistrer\/compte-collecte-de-fonds\/","tdc_fund_hero_right_btn_text":"","tdc_fund_hero_right_btn_link":"#","tdc_alt_content_rows":false,"tdc_test_bgcolor":"#ffffff","tdc_test_bg_fullwidth":false,"tdc_test_bg_maxwidth":"","tdc_test_heading":"","tdc_test_heading_color":"","tdc_test_heading_tag":"div","tdc_test_heading_align":"left","tdc_test_subheading":"","tdc_test_subheading_color":"","tdc_test_subheading_align":"left","tdc_test_cols":"1","tdc_tests_color":"#374252","tdc_tests_content":false,"hide_page_title":true,"insert_spotlight_boxes":false,"tdc_midpage_banner_bgcolor":"","tdc_midpage_banner_radius":"","tdc_midpage_banner_maxwidth":"","tdc_midpage_banner_heading":"","tdc_midpage_banner_heading_color":"","tdc_midpage_banner_text":"","tdc_midpage_banner_text_color":"","tdc_toggle_content_bgcolor":"","tdc_toggle_content_bgimage":false,"tdc_toggle_content_bg_fullwidth":false,"tdc_toggle_content_enable":false,"tdc_toggle_content_heading":"","tdc_toggle_content_heading_pos":"default","tdc_toggle_content_heading_tag":"div","tdc_toggle_content_subheading":"","tdc_toggle_content_subheading_align":"left","tdc_toggle_content_description_visible":"","tdc_toggle_content_description_hidden":"","tdc_toggle_content_show_link_text":"","tdc_toggle_content_hide_link_text":"","tdc_toggle_content_image_position":"None","tdc_toggle_content_image":false,"tdc_demo_tile_bgimage":"https:\/\/www.canadahelps.org\/media\/gestion-des-donateurs.tdc_demo_tile_bgimage.png","tdc_demo_tile_bg_fullwidth":false,"tdc_demo_tile_bg_maxwidth":"1280","tdc_demo_tile_bg_pos":"right bottom","tdc_demo_tile_heading":"Vous voulez renforcer vos relations avec vos donateurs?","tdc_demo_tile_text":"Ouvrez un compte gratuit CanaDon et commencez aujourd\u2019hui.","tdc_demo_tile_btn_text":"Commencez maintenant","tdc_demo_tile_btn_link":"https:\/\/www.canadahelps.org\/fr\/enregistrer\/compte-collecte-de-fonds\/","tdc_demo_tile_request_text":"Demandez une d\u00e9mo","use_biography_grid":false,"tdc_demo_tile_trademarks":"*Chez CanaDon, nous faisons tout notre possible pour que les outils CanaDon soient offerts en fran\u00e7ais et en anglais. Toutefois, en ce moment, le plugiciel de JMG Solutions pour Raiser\u2019s Edge et l\u2019appli CanadaHelps Connector pour Salesforce.com ne sont disponibles qu\u2019en anglais, en raison du financement limit\u00e9. Si vous \u00eates en mesure de mettre en \u0153uvre ces logiciels en anglais, il vous suffit de modifier la langue au haut de cette page pour passer du fran\u00e7ais \u00e0 l\u2019anglais et acc\u00e9der \u00e0 ces logiciels. Merci de votre compr\u00e9hension.\r\nBlackbaud et The Raiser\u2019s Edge sont des marques d\u00e9pos\u00e9es de Blackbaud, Inc.  Salesforce et AppExchange sont des marques d\u00e9pos\u00e9es de Salesforce, Inc.  JMG Solutions et JMG Solutions Super Import and Export Raiser\u2019s Edge Plug-in sont des marques d\u00e9pos\u00e9es de JMG Solutions, Inc.","tdc_demo_tile_bg_height":"200px","tdc_donor_content_rows":[{"tdc_donor_content_image":false,"tdc_donor_content_image_pos":"left","tdc_donor_content_heading":"Acc\u00e8s en tout temps","tdc_donor_content_heading_color":"#374252","tdc_donor_content_subheading":"Obtenez des renseignements sur les donateurs et des rapports personnalis\u00e9s.","tdc_donor_content_subheading_color":"#687281","tdc_donor_content_description":"Ayez acc\u00e8s \u00e0 des renseignements complets sur vos donateurs qui utilisent CanaDon. Consultez des rapports Web concernant les dons les plus r\u00e9cents et, en un clic, t\u00e9l\u00e9chargez un rapport de dons comportant les d\u00e9tails les plus pertinents au sujet des dons. Ou utilisez l\u2019outil de cr\u00e9ation de rapports personnalis\u00e9s afin de cr\u00e9er, g\u00e9n\u00e9rer et t\u00e9l\u00e9charger rapidement le rapport de dons d\u00e9taill\u00e9 dont vous avez besoin, au format CSV afin de pouvoir facilement importer le rapport dans vos bases de donn\u00e9es CRM (p. ex., DonorPerfect, Sumac et Silent Partner Software).","tdc_donor_content_description_color":"#374252","tdc_donor_content_link_text":"","tdc_donor_content_link":""},{"tdc_donor_content_image":{"ID":21335,"id":21335,"title":"gestion-des-donateurs.tdc_donor_content_rows.2.tdc_donor_content_image.1","filename":"gestion-des-donateurs.tdc_donor_content_rows.2.tdc_donor_content_image.1.png","filesize":22847,"url":"https:\/\/www.canadahelps.org\/media\/gestion-des-donateurs.tdc_donor_content_rows.2.tdc_donor_content_image.1.png","link":"https:\/\/www.canadahelps.org\/fr\/gestion-des-donateurs\/attachment\/gestion-des-donateurs-tdc_donor_content_rows-2-tdc_donor_content_image-1\/","alt":"","author":"13","description":"","caption":"","name":"gestion-des-donateurs-tdc_donor_content_rows-2-tdc_donor_content_image-1","status":"inherit","uploaded_to":21212,"date":"2018-07-31 19:43:25","modified":"2018-07-31 19:43:25","menu_order":0,"mime_type":"image\/png","type":"image","subtype":"png","icon":"https:\/\/www.canadahelps.org\/wp-includes\/images\/media\/default.png","width":340,"height":340,"sizes":{"thumbnail":"https:\/\/www.canadahelps.org\/media\/gestion-des-donateurs.tdc_donor_content_rows.2.tdc_donor_content_image.1-150x150.png","thumbnail-width":150,"thumbnail-height":150,"medium":"https:\/\/www.canadahelps.org\/media\/gestion-des-donateurs.tdc_donor_content_rows.2.tdc_donor_content_image.1-300x300.png","medium-width":300,"medium-height":300,"medium_large":"https:\/\/www.canadahelps.org\/media\/gestion-des-donateurs.tdc_donor_content_rows.2.tdc_donor_content_image.1.png","medium_large-width":340,"medium_large-height":340,"large":"https:\/\/www.canadahelps.org\/media\/gestion-des-donateurs.tdc_donor_content_rows.2.tdc_donor_content_image.1.png","large-width":340,"large-height":340,"1536x1536":"https:\/\/www.canadahelps.org\/media\/gestion-des-donateurs.tdc_donor_content_rows.2.tdc_donor_content_image.1.png","1536x1536-width":340,"1536x1536-height":340,"2048x2048":"https:\/\/www.canadahelps.org\/media\/gestion-des-donateurs.tdc_donor_content_rows.2.tdc_donor_content_image.1.png","2048x2048-width":340,"2048x2048-height":340,"gform-image-choice-sm":"https:\/\/www.canadahelps.org\/media\/gestion-des-donateurs.tdc_donor_content_rows.2.tdc_donor_content_image.1.png","gform-image-choice-sm-width":300,"gform-image-choice-sm-height":300,"gform-image-choice-md":"https:\/\/www.canadahelps.org\/media\/gestion-des-donateurs.tdc_donor_content_rows.2.tdc_donor_content_image.1.png","gform-image-choice-md-width":340,"gform-image-choice-md-height":340,"gform-image-choice-lg":"https:\/\/www.canadahelps.org\/media\/gestion-des-donateurs.tdc_donor_content_rows.2.tdc_donor_content_image.1.png","gform-image-choice-lg-width":340,"gform-image-choice-lg-height":340}},"tdc_donor_content_image_pos":"left","tdc_donor_content_heading":"Est-ce que votre organisme utilise Raiser\u2019s Edge comme solution CRM?","tdc_donor_content_heading_color":"#374252","tdc_donor_content_subheading":"Importez facilement dans Raiser\u2019s Edge les donn\u00e9es de CanaDon au sujet des dons.","tdc_donor_content_subheading_color":"#687281","tdc_donor_content_description":"En tant que membre de CanaDon, \u00e9conomisez 50\u00a0% sur le prix r\u00e9gulier du plugiciel JMG Solutions Super Importer and Exporter Raiser\u2019s Edge Plug-in. Utilisez ce plugiciel performant afin de fusionner un nouveau dossier de don avec un dossier d\u00e9j\u00e0 pr\u00e9sent dans la base de donn\u00e9es, de respecter vos exigences en mati\u00e8re de donn\u00e9es et vos meilleures pratiques gr\u00e2ce \u00e0 la mise \u00e0 jour automatique de la structure de donn\u00e9es, et de r\u00e9viser et \u00e9diter les dossiers des donateurs avant de les importer.","tdc_donor_content_description_color":"#374252","tdc_donor_content_link_text":"En savoir plus (en anglais seulement)","tdc_donor_content_link":"https:\/\/www.canadahelps.org\/en\/jmgsolutions\/"},{"tdc_donor_content_image":{"ID":21336,"id":21336,"title":"gestion-des-donateurs.tdc_donor_content_rows.3.tdc_donor_content_image.1","filename":"gestion-des-donateurs.tdc_donor_content_rows.3.tdc_donor_content_image.1.png","filesize":23370,"url":"https:\/\/www.canadahelps.org\/media\/gestion-des-donateurs.tdc_donor_content_rows.3.tdc_donor_content_image.1.png","link":"https:\/\/www.canadahelps.org\/fr\/gestion-des-donateurs\/attachment\/gestion-des-donateurs-tdc_donor_content_rows-3-tdc_donor_content_image-1\/","alt":"","author":"13","description":"","caption":"","name":"gestion-des-donateurs-tdc_donor_content_rows-3-tdc_donor_content_image-1","status":"inherit","uploaded_to":21212,"date":"2018-07-31 19:43:25","modified":"2018-07-31 19:43:25","menu_order":0,"mime_type":"image\/png","type":"image","subtype":"png","icon":"https:\/\/www.canadahelps.org\/wp-includes\/images\/media\/default.png","width":340,"height":340,"sizes":{"thumbnail":"https:\/\/www.canadahelps.org\/media\/gestion-des-donateurs.tdc_donor_content_rows.3.tdc_donor_content_image.1-150x150.png","thumbnail-width":150,"thumbnail-height":150,"medium":"https:\/\/www.canadahelps.org\/media\/gestion-des-donateurs.tdc_donor_content_rows.3.tdc_donor_content_image.1-300x300.png","medium-width":300,"medium-height":300,"medium_large":"https:\/\/www.canadahelps.org\/media\/gestion-des-donateurs.tdc_donor_content_rows.3.tdc_donor_content_image.1.png","medium_large-width":340,"medium_large-height":340,"large":"https:\/\/www.canadahelps.org\/media\/gestion-des-donateurs.tdc_donor_content_rows.3.tdc_donor_content_image.1.png","large-width":340,"large-height":340,"1536x1536":"https:\/\/www.canadahelps.org\/media\/gestion-des-donateurs.tdc_donor_content_rows.3.tdc_donor_content_image.1.png","1536x1536-width":340,"1536x1536-height":340,"2048x2048":"https:\/\/www.canadahelps.org\/media\/gestion-des-donateurs.tdc_donor_content_rows.3.tdc_donor_content_image.1.png","2048x2048-width":340,"2048x2048-height":340,"gform-image-choice-sm":"https:\/\/www.canadahelps.org\/media\/gestion-des-donateurs.tdc_donor_content_rows.3.tdc_donor_content_image.1.png","gform-image-choice-sm-width":300,"gform-image-choice-sm-height":300,"gform-image-choice-md":"https:\/\/www.canadahelps.org\/media\/gestion-des-donateurs.tdc_donor_content_rows.3.tdc_donor_content_image.1.png","gform-image-choice-md-width":340,"gform-image-choice-md-height":340,"gform-image-choice-lg":"https:\/\/www.canadahelps.org\/media\/gestion-des-donateurs.tdc_donor_content_rows.3.tdc_donor_content_image.1.png","gform-image-choice-lg-width":340,"gform-image-choice-lg-height":340}},"tdc_donor_content_image_pos":"left","tdc_donor_content_heading":"Vous utilisez la solution CRM Salesforce.com?","tdc_donor_content_heading_color":"#374252","tdc_donor_content_subheading":"Vous avez besoin du connecteur de CanaDon pour Salesforce.com","tdc_donor_content_subheading_color":"#687281","tdc_donor_content_description":"G\u00e9rez facilement et rapidement, en un seul endroit, toutes les donn\u00e9es concernant les donateurs et les dons. Avec le connecteur gratuit de CanaDon, importez les donn\u00e9es de CanaDon sur les dons et les donateurs dans votre CRM Salesforce.com. C\u2019est facile et rapide! Cette solution pr\u00eate \u00e0 l\u2019emploi est offerte \u00e0 tous les organismes de bienfaisance utilisant l\u2019impl\u00e9mentation standard de Nonprofit Starter Pack 2 et 3 de Salesforce Foundation, et Enterprise Edition de Salesforce.","tdc_donor_content_description_color":"#374252","tdc_donor_content_link_text":"En savoir plus (en anglais seulement)","tdc_donor_content_link":"https:\/\/www.canadahelps.org\/en\/canadahelps-connector\/"}],"tdc_fund_hero_demo_popup":false,"tdc_demo_tile_request_popup":false,"tdc_demo_tile_subheading":"","tdc_fund_hero_bgcolor":"#f7f8fa","additional_body_css_classes":"","tdc_demo_tile_link_url":"","row_settings":false},"yoast_head":"<!-- This site is optimized with the Yoast SEO plugin v26.0 - https:\/\/yoast.com\/wordpress\/plugins\/seo\/ -->\n<title>Gestion des Donateurs | CanadaHelps - Donate to any charity in Canada<\/title>\n<meta name=\"robots\" content=\"index, follow, max-snippet:-1, max-image-preview:large, max-video-preview:-1\" \/>\n<link rel=\"canonical\" href=\"https:\/\/www.canadahelps.org\/fr\/gestion-des-donateurs\/\" \/>\n<meta property=\"og:locale\" content=\"fr_FR\" \/>\n<meta property=\"og:type\" content=\"article\" \/>\n<meta property=\"og:title\" content=\"Gestion des Donateurs | CanadaHelps - Donate to any charity in Canada\" \/>\n<meta property=\"og:url\" content=\"https:\/\/www.canadahelps.org\/fr\/gestion-des-donateurs\/\" \/>\n<meta property=\"og:site_name\" content=\"CanadaHelps - Donate to any charity in Canada\" \/>\n<meta property=\"article:modified_time\" content=\"2020-06-18T18:58:29+00:00\" \/>\n<meta name=\"twitter:card\" content=\"summary_large_image\" \/>\n<script type=\"application\/ld+json\" class=\"yoast-schema-graph\">{\"@context\":\"https:\/\/schema.org\",\"@graph\":[{\"@type\":\"WebPage\",\"@id\":\"https:\/\/www.canadahelps.org\/fr\/gestion-des-donateurs\/\",\"url\":\"https:\/\/www.canadahelps.org\/fr\/gestion-des-donateurs\/\",\"name\":\"Gestion des Donateurs | CanadaHelps - Donate to any charity in Canada\",\"isPartOf\":{\"@id\":\"https:\/\/www.canadahelps.org\/fr\/#website\"},\"datePublished\":\"2018-06-04T16:46:23+00:00\",\"dateModified\":\"2020-06-18T18:58:29+00:00\",\"breadcrumb\":{\"@id\":\"https:\/\/www.canadahelps.org\/fr\/gestion-des-donateurs\/#breadcrumb\"},\"inLanguage\":\"fr\",\"potentialAction\":[{\"@type\":\"ReadAction\",\"target\":[\"https:\/\/www.canadahelps.org\/fr\/gestion-des-donateurs\/\"]}]},{\"@type\":\"BreadcrumbList\",\"@id\":\"https:\/\/www.canadahelps.org\/fr\/gestion-des-donateurs\/#breadcrumb\",\"itemListElement\":[{\"@type\":\"ListItem\",\"position\":1,\"name\":\"Home\",\"item\":\"https:\/\/www.canadahelps.org\/fr\/\"},{\"@type\":\"ListItem\",\"position\":2,\"name\":\"Gestion des Donateurs\"}]},{\"@type\":\"WebSite\",\"@id\":\"https:\/\/www.canadahelps.org\/fr\/#website\",\"url\":\"https:\/\/www.canadahelps.org\/fr\/\",\"name\":\"CanadaHelps - Donate to any charity in Canada\",\"description\":\"Giving Made Simple\",\"publisher\":{\"@id\":\"https:\/\/www.canadahelps.org\/fr\/#organization\"},\"potentialAction\":[{\"@type\":\"SearchAction\",\"target\":{\"@type\":\"EntryPoint\",\"urlTemplate\":\"https:\/\/www.canadahelps.org\/fr\/?s={search_term_string}\"},\"query-input\":{\"@type\":\"PropertyValueSpecification\",\"valueRequired\":true,\"valueName\":\"search_term_string\"}}],\"inLanguage\":\"fr\"},{\"@type\":\"Organization\",\"@id\":\"https:\/\/www.canadahelps.org\/fr\/#organization\",\"name\":\"CanadaHelps\",\"url\":\"https:\/\/www.canadahelps.org\/fr\/\",\"logo\":{\"@type\":\"ImageObject\",\"inLanguage\":\"fr\",\"@id\":\"https:\/\/www.canadahelps.org\/fr\/#\/schema\/logo\/image\/\",\"url\":\"https:\/\/www.canadahelps.org\/media\/canadahelps-en.jpg\",\"contentUrl\":\"https:\/\/www.canadahelps.org\/media\/canadahelps-en.jpg\",\"width\":131,\"height\":72,\"caption\":\"CanadaHelps\"},\"image\":{\"@id\":\"https:\/\/www.canadahelps.org\/fr\/#\/schema\/logo\/image\/\"}}]}<\/script>\n<!-- \/ Yoast SEO plugin. -->","yoast_head_json":{"title":"Gestion des Donateurs | CanadaHelps - Donate to any charity in Canada","robots":{"index":"index","follow":"follow","max-snippet":"max-snippet:-1","max-image-preview":"max-image-preview:large","max-video-preview":"max-video-preview:-1"},"canonical":"https:\/\/www.canadahelps.org\/fr\/gestion-des-donateurs\/","og_locale":"fr_FR","og_type":"article","og_title":"Gestion des Donateurs | CanadaHelps - Donate to any charity in Canada","og_url":"https:\/\/www.canadahelps.org\/fr\/gestion-des-donateurs\/","og_site_name":"CanadaHelps - Donate to any charity in Canada","article_modified_time":"2020-06-18T18:58:29+00:00","twitter_card":"summary_large_image","schema":{"@context":"https:\/\/schema.org","@graph":[{"@type":"WebPage","@id":"https:\/\/www.canadahelps.org\/fr\/gestion-des-donateurs\/","url":"https:\/\/www.canadahelps.org\/fr\/gestion-des-donateurs\/","name":"Gestion des Donateurs | CanadaHelps - Donate to any charity in Canada","isPartOf":{"@id":"https:\/\/www.canadahelps.org\/fr\/#website"},"datePublished":"2018-06-04T16:46:23+00:00","dateModified":"2020-06-18T18:58:29+00:00","breadcrumb":{"@id":"https:\/\/www.canadahelps.org\/fr\/gestion-des-donateurs\/#breadcrumb"},"inLanguage":"fr","potentialAction":[{"@type":"ReadAction","target":["https:\/\/www.canadahelps.org\/fr\/gestion-des-donateurs\/"]}]},{"@type":"BreadcrumbList","@id":"https:\/\/www.canadahelps.org\/fr\/gestion-des-donateurs\/#breadcrumb","itemListElement":[{"@type":"ListItem","position":1,"name":"Home","item":"https:\/\/www.canadahelps.org\/fr\/"},{"@type":"ListItem","position":2,"name":"Gestion des Donateurs"}]},{"@type":"WebSite","@id":"https:\/\/www.canadahelps.org\/fr\/#website","url":"https:\/\/www.canadahelps.org\/fr\/","name":"CanadaHelps - Donate to any charity in Canada","description":"Giving Made Simple","publisher":{"@id":"https:\/\/www.canadahelps.org\/fr\/#organization"},"potentialAction":[{"@type":"SearchAction","target":{"@type":"EntryPoint","urlTemplate":"https:\/\/www.canadahelps.org\/fr\/?s={search_term_string}"},"query-input":{"@type":"PropertyValueSpecification","valueRequired":true,"valueName":"search_term_string"}}],"inLanguage":"fr"},{"@type":"Organization","@id":"https:\/\/www.canadahelps.org\/fr\/#organization","name":"CanadaHelps","url":"https:\/\/www.canadahelps.org\/fr\/","logo":{"@type":"ImageObject","inLanguage":"fr","@id":"https:\/\/www.canadahelps.org\/fr\/#\/schema\/logo\/image\/","url":"https:\/\/www.canadahelps.org\/media\/canadahelps-en.jpg","contentUrl":"https:\/\/www.canadahelps.org\/media\/canadahelps-en.jpg","width":131,"height":72,"caption":"CanadaHelps"},"image":{"@id":"https:\/\/www.canadahelps.org\/fr\/#\/schema\/logo\/image\/"}}]}},"_links":{"self":[{"href":"https:\/\/www.canadahelps.org\/fr\/wp-json\/wp\/v2\/pages\/21212","targetHints":{"allow":["GET"]}}],"collection":[{"href":"https:\/\/www.canadahelps.org\/fr\/wp-json\/wp\/v2\/pages"}],"about":[{"href":"https:\/\/www.canadahelps.org\/fr\/wp-json\/wp\/v2\/types\/page"}],"author":[{"embeddable":true,"href":"https:\/\/www.canadahelps.org\/fr\/wp-json\/wp\/v2\/users\/7"}],"replies":[{"embeddable":true,"href":"https:\/\/www.canadahelps.org\/fr\/wp-json\/wp\/v2\/comments?post=21212"}],"version-history":[{"count":5,"href":"https:\/\/www.canadahelps.org\/fr\/wp-json\/wp\/v2\/pages\/21212\/revisions"}],"predecessor-version":[{"id":32738,"href":"https:\/\/www.canadahelps.org\/fr\/wp-json\/wp\/v2\/pages\/21212\/revisions\/32738"}],"wp:attachment":[{"href":"https:\/\/www.canadahelps.org\/fr\/wp-json\/wp\/v2\/media?parent=21212"}],"curies":[{"name":"wp","href":"https:\/\/api.w.org\/{rel}","templated":true}]}}