{"id":21215,"date":"2018-06-05T10:29:52","date_gmt":"2018-06-05T14:29:52","guid":{"rendered":"https:\/\/canadahelps.local\/pour-les-organismes\/claim-your-charity-profile\/"},"modified":"2020-12-09T13:23:50","modified_gmt":"2020-12-09T18:23:50","slug":"reclamez-votre-profil","status":"publish","type":"page","link":"https:\/\/www.canadahelps.org\/fr\/reclamez-votre-profil\/","title":{"rendered":"Reclamez votre Profil"},"content":{"rendered":"<div class=\"tdc-claim-profile-tile\"><a class=\"claim-profile-button\" href=\"https:\/\/www.canadahelps.org\/fr\/enregistrer\/compte-profil\/\">R\u00e9clamez votre profil aujourd\u2019hui<\/a><\/div>\n","protected":false},"excerpt":{"rendered":"<p>R\u00e9clamez votre profil aujourd\u2019hui<\/p>\n","protected":false},"author":7,"featured_media":0,"parent":0,"menu_order":0,"comment_status":"closed","ping_status":"closed","template":"template-tdc-claim-charity.php","meta":{"footnotes":""},"class_list":["post-21215","page","type-page","status-publish","hentry"],"acf":{"meta_description":"","use_toc_layout":false,"tdc_fund_hero_image":{"ID":21302,"id":21302,"title":"reclamez-votre-profil.tdc_fund_hero_image","filename":"reclamez-votre-profil.tdc_fund_hero_image.png","filesize":263518,"url":"https:\/\/www.canadahelps.org\/media\/reclamez-votre-profil.tdc_fund_hero_image.png","link":"https:\/\/www.canadahelps.org\/fr\/reclamez-votre-profil\/attachment\/reclamez-votre-profil-tdc_fund_hero_image\/","alt":"","author":"13","description":"","caption":"","name":"reclamez-votre-profil-tdc_fund_hero_image","status":"inherit","uploaded_to":21215,"date":"2018-07-31 19:43:09","modified":"2018-07-31 19:43:09","menu_order":0,"mime_type":"image\/png","type":"image","subtype":"png","icon":"https:\/\/www.canadahelps.org\/wp-includes\/images\/media\/default.png","width":1446,"height":574,"sizes":{"thumbnail":"https:\/\/www.canadahelps.org\/media\/reclamez-votre-profil.tdc_fund_hero_image-150x150.png","thumbnail-width":150,"thumbnail-height":150,"medium":"https:\/\/www.canadahelps.org\/media\/reclamez-votre-profil.tdc_fund_hero_image-300x119.png","medium-width":300,"medium-height":119,"medium_large":"https:\/\/www.canadahelps.org\/media\/reclamez-votre-profil.tdc_fund_hero_image-768x305.png","medium_large-width":768,"medium_large-height":305,"large":"https:\/\/www.canadahelps.org\/media\/reclamez-votre-profil.tdc_fund_hero_image-1024x406.png","large-width":1024,"large-height":406,"1536x1536":"https:\/\/www.canadahelps.org\/media\/reclamez-votre-profil.tdc_fund_hero_image.png","1536x1536-width":1446,"1536x1536-height":574,"2048x2048":"https:\/\/www.canadahelps.org\/media\/reclamez-votre-profil.tdc_fund_hero_image.png","2048x2048-width":1446,"2048x2048-height":574}},"tdc_fund_hero_title":"Profil de votre organisme","tdc_fund_hero_title_color":"#687281","tdc_fund_hero_short_description":"Inscrivez-vous afin d\u2019obtenir gratuitement un compte CanaDon et de commencer \u00e0 personnaliser votre profil pour accro\u00eetre le succ\u00e8s de vos collectes de fonds. Il n\u2019y a aucuns frais pour g\u00e9rer votre profil!","tdc_fund_hero_short_description_color":"#687281","tdc_fund_hero_left_btn_text":"Commencez maintenant","tdc_fund_hero_left_btn_link":"https:\/\/www.canadahelps.org\/fr\/enregistrer\/compte-profil\/","tdc_fund_hero_right_btn_text":"","tdc_fund_hero_right_btn_link":"#","tdc_alt_content_rows":[{"tdc_alt_content_padding":"30px auto","tdc_alt_content_heading":"Pr\u00e9sentez votre organisme","tdc_alt_content_heading_tag":"h2","tdc_alt_content_heading_color":"#4a4a4a","tdc_alt_content_subheading":"Personnalisez votre profil pour maximiser votre impact.","tdc_alt_content_subheading_color":"#687281","tdc_alt_content_description":"Faites en sorte que les donateurs trouvent facilement votre organisme sur CanaDon.org et qu\u2019ils soient attir\u00e9s par votre page de profil et vos pages de campagne. T\u00e9l\u00e9versez le logo de votre organisme pour votre profil, pour les documents \u00e9mis au nom de votre organisme (re\u00e7us fiscaux et courriels de confirmation d\u2019un don), et pour les r\u00e9sultats de recherche sur CanaDon.org. Suscitez la g\u00e9n\u00e9rosit\u00e9 des donateurs en pr\u00e9sentant votre mission, des photos et des vid\u00e9os. En ce qui a trait \u00e0 votre travail, s\u00e9lectionnez les cat\u00e9gories les plus appropri\u00e9es ainsi que la port\u00e9e g\u00e9ographique, afin que les donateurs puissent d\u00e9couvrir facilement votre organisme.","tdc_alt_content_description_color":"#374252","tdc_alt_content_link_text":"","tdc_alt_content_link":"","tdc_alt_content_image":{"ID":37656,"id":37656,"title":"reclamez-votre-profil.tdc_alt_content_rows.1.tdc_alt_content_image.1-2020","filename":"reclamez-votre-profil.tdc_alt_content_rows.1.tdc_alt_content_image.1-2020.png","filesize":199548,"url":"https:\/\/www.canadahelps.org\/media\/reclamez-votre-profil.tdc_alt_content_rows.1.tdc_alt_content_image.1-2020.png","link":"https:\/\/www.canadahelps.org\/fr\/reclamez-votre-profil\/attachment\/reclamez-votre-profil-tdc_alt_content_rows-1-tdc_alt_content_image-1-2020\/","alt":"","author":"60","description":"","caption":"","name":"reclamez-votre-profil-tdc_alt_content_rows-1-tdc_alt_content_image-1-2020","status":"inherit","uploaded_to":21215,"date":"2020-12-09 18:22:00","modified":"2020-12-09 18:22:00","menu_order":0,"mime_type":"image\/png","type":"image","subtype":"png","icon":"https:\/\/www.canadahelps.org\/wp-includes\/images\/media\/default.png","width":1270,"height":804,"sizes":{"thumbnail":"https:\/\/www.canadahelps.org\/media\/reclamez-votre-profil.tdc_alt_content_rows.1.tdc_alt_content_image.1-2020-150x150.png","thumbnail-width":150,"thumbnail-height":150,"medium":"https:\/\/www.canadahelps.org\/media\/reclamez-votre-profil.tdc_alt_content_rows.1.tdc_alt_content_image.1-2020-300x190.png","medium-width":300,"medium-height":190,"medium_large":"https:\/\/www.canadahelps.org\/media\/reclamez-votre-profil.tdc_alt_content_rows.1.tdc_alt_content_image.1-2020-768x486.png","medium_large-width":768,"medium_large-height":486,"large":"https:\/\/www.canadahelps.org\/media\/reclamez-votre-profil.tdc_alt_content_rows.1.tdc_alt_content_image.1-2020-1024x648.png","large-width":1024,"large-height":648,"1536x1536":"https:\/\/www.canadahelps.org\/media\/reclamez-votre-profil.tdc_alt_content_rows.1.tdc_alt_content_image.1-2020.png","1536x1536-width":1270,"1536x1536-height":804,"2048x2048":"https:\/\/www.canadahelps.org\/media\/reclamez-votre-profil.tdc_alt_content_rows.1.tdc_alt_content_image.1-2020.png","2048x2048-width":1270,"2048x2048-height":804}}}],"tdc_test_bgcolor":"#ffffff","tdc_test_bg_fullwidth":false,"tdc_test_bg_maxwidth":"","tdc_test_heading":"","tdc_test_heading_color":"","tdc_test_heading_tag":"div","tdc_test_heading_align":"left","tdc_test_subheading":"","tdc_test_subheading_color":"","tdc_test_subheading_align":"left","tdc_test_cols":"1","tdc_tests_color":"#374252","tdc_tests_content":false,"hide_page_title":true,"insert_spotlight_boxes":false,"tdc_midpage_banner_bgcolor":"#f49438","tdc_midpage_banner_radius":"3","tdc_midpage_banner_maxwidth":"1150","tdc_midpage_banner_heading":"Chaque organisme de bienfaisance canadien enregistr\u00e9 a d\u00e9j\u00e0 un profil sur CanaDon! ","tdc_midpage_banner_heading_color":"#374252","tdc_midpage_banner_text":"<a href=\"https:\/\/www.canadahelps.org\/fr\/enregistrer\/compte-profil\/\" class=\"claim-profile-button\">R\u00e9clamez votre profil aujourd\u2019hui<\/a>","tdc_midpage_banner_text_color":"","tdc_toggle_content_bgcolor":"","tdc_toggle_content_bgimage":false,"tdc_toggle_content_bg_fullwidth":false,"tdc_toggle_content_enable":false,"tdc_toggle_content_heading":"","tdc_toggle_content_heading_pos":"default","tdc_toggle_content_heading_tag":"div","tdc_toggle_content_subheading":"","tdc_toggle_content_subheading_align":"left","tdc_toggle_content_description_visible":"","tdc_toggle_content_description_hidden":"","tdc_toggle_content_show_link_text":"","tdc_toggle_content_hide_link_text":"","tdc_toggle_content_image_position":"None","tdc_toggle_content_image":false,"tdc_demo_tile_bgimage":"https:\/\/www.canadahelps.org\/media\/reclamez-votre-profil.tdc_demo_tile_bgimage.png","tdc_demo_tile_bg_fullwidth":false,"tdc_demo_tile_bg_maxwidth":"1300","tdc_demo_tile_bg_pos":"right bottom","tdc_demo_tile_bg_height":"175px","tdc_demo_tile_heading":"Vous voulez mener une campagne \u00e0 partir de votre site Web?","tdc_demo_tile_text":"Utilisez tous nos outils de collecte de fonds, personnalisables et conviviaux \u2014 notamment nos formulaires de don personnalisables, et nos plateformes de gestion d\u2019\u00e9v\u00e9nements et de collectes de fonds entre particuliers.","tdc_demo_tile_btn_text":"","tdc_demo_tile_btn_link":"","tdc_demo_tile_request_text":"Explorer toutes les solutions pour les collectes de fonds","tdc_demo_tile_trademarks":"","use_biography_grid":false,"tdc_content_rows":false,"tdc_donor_content_rows":false,"tdc_alt_content2_image_start_pos":"left","tdc_alt_content2_rows":[{"tdc_alt_content2_padding":"30px auto","tdc_alt_content2_heading":"Promotion des campagnes","tdc_alt_content2_heading_tag":"h2","tdc_alt_content2_heading_color":"#4a4a4a","tdc_alt_content2_subheading":"Lancez une page de campagne et nous en ferons la promotion.","tdc_alt_content2_subheading_color":"#687281","tdc_alt_content2_description":"Cr\u00e9ez facilement une page de campagne \u2014 vous recueillerez davantage en pr\u00e9cisant vos besoins en mati\u00e8re de financement et vos initiatives, et en proposant des id\u00e9es de cadeaux de bienfaisance. Votre campagne sera affich\u00e9e sur CanaDon dans la populaire page de navigation des campagnes, et CanaDon en fera la promotion toute l\u2019ann\u00e9e (ou jusqu\u2019\u00e0 l\u2019expiration de la campagne)! Ajoutez entre autres les objectifs de financement, des photos, des vid\u00e9os, des montants sugg\u00e9r\u00e9s pour les dons, et la date d\u2019expiration de la campagne pour cr\u00e9er un sentiment d\u2019urgence.","tdc_alt_content2_description_color":"#374252","tdc_alt_content2_link_text":"","tdc_alt_content2_link":"","tdc_alt_content2_image":{"ID":37658,"id":37658,"title":"profile-tablet-fr","filename":"profile-tablet-fr.png","filesize":268213,"url":"https:\/\/www.canadahelps.org\/media\/profile-tablet-fr.png","link":"https:\/\/www.canadahelps.org\/fr\/reclamez-votre-profil\/attachment\/profile-tablet-fr\/","alt":"","author":"60","description":"","caption":"","name":"profile-tablet-fr","status":"inherit","uploaded_to":21215,"date":"2020-12-09 18:22:09","modified":"2020-12-09 18:22:09","menu_order":0,"mime_type":"image\/png","type":"image","subtype":"png","icon":"https:\/\/www.canadahelps.org\/wp-includes\/images\/media\/default.png","width":960,"height":742,"sizes":{"thumbnail":"https:\/\/www.canadahelps.org\/media\/profile-tablet-fr-150x150.png","thumbnail-width":150,"thumbnail-height":150,"medium":"https:\/\/www.canadahelps.org\/media\/profile-tablet-fr-300x232.png","medium-width":300,"medium-height":232,"medium_large":"https:\/\/www.canadahelps.org\/media\/profile-tablet-fr-768x594.png","medium_large-width":768,"medium_large-height":594,"large":"https:\/\/www.canadahelps.org\/media\/profile-tablet-fr.png","large-width":960,"large-height":742,"1536x1536":"https:\/\/www.canadahelps.org\/media\/profile-tablet-fr.png","1536x1536-width":960,"1536x1536-height":742,"2048x2048":"https:\/\/www.canadahelps.org\/media\/profile-tablet-fr.png","2048x2048-width":960,"2048x2048-height":742}}},{"tdc_alt_content2_padding":"30px auto","tdc_alt_content2_heading":"Outil Impact, de CanaDon","tdc_alt_content2_heading_tag":"h2","tdc_alt_content2_heading_color":"#4a4a4a","tdc_alt_content2_subheading":"Faites conna\u00eetre votre impact caritatif pour stimuler la g\u00e9n\u00e9rosit\u00e9.","tdc_alt_content2_subheading_color":"#687281","tdc_alt_content2_description":"Fid\u00e9lisez vos donateurs et sympathisants tout en stimulant leur g\u00e9n\u00e9rosit\u00e9, gr\u00e2ce \u00e0 l\u2019outil Impact, de CanaDon, qui vous permet d\u2019exposer votre impact aux donateurs potentiels.","tdc_alt_content2_description_color":"#374252","tdc_alt_content2_link_text":"","tdc_alt_content2_link":"","tdc_alt_content2_image":{"ID":37660,"id":37660,"title":"profile-tablet-impact-fr","filename":"profile-tablet-impact-fr.png","filesize":194355,"url":"https:\/\/www.canadahelps.org\/media\/profile-tablet-impact-fr.png","link":"https:\/\/www.canadahelps.org\/fr\/reclamez-votre-profil\/attachment\/profile-tablet-impact-fr\/","alt":"","author":"60","description":"","caption":"","name":"profile-tablet-impact-fr","status":"inherit","uploaded_to":21215,"date":"2020-12-09 18:22:18","modified":"2020-12-09 18:22:18","menu_order":0,"mime_type":"image\/png","type":"image","subtype":"png","icon":"https:\/\/www.canadahelps.org\/wp-includes\/images\/media\/default.png","width":1030,"height":844,"sizes":{"thumbnail":"https:\/\/www.canadahelps.org\/media\/profile-tablet-impact-fr-150x150.png","thumbnail-width":150,"thumbnail-height":150,"medium":"https:\/\/www.canadahelps.org\/media\/profile-tablet-impact-fr-300x246.png","medium-width":300,"medium-height":246,"medium_large":"https:\/\/www.canadahelps.org\/media\/profile-tablet-impact-fr-768x629.png","medium_large-width":768,"medium_large-height":629,"large":"https:\/\/www.canadahelps.org\/media\/profile-tablet-impact-fr-1024x839.png","large-width":1024,"large-height":839,"1536x1536":"https:\/\/www.canadahelps.org\/media\/profile-tablet-impact-fr.png","1536x1536-width":1030,"1536x1536-height":844,"2048x2048":"https:\/\/www.canadahelps.org\/media\/profile-tablet-impact-fr.png","2048x2048-width":1030,"2048x2048-height":844}}},{"tdc_alt_content2_padding":"30px auto","tdc_alt_content2_heading":"Donn\u00e9es sur les donateurs","tdc_alt_content2_heading_tag":"h2","tdc_alt_content2_heading_color":"#4a4a4a","tdc_alt_content2_subheading":"Apprenez \u00e0 conna\u00eetre vos donateurs.","tdc_alt_content2_subheading_color":"#687281","tdc_alt_content2_description":"Obtenez le plein acc\u00e8s aux renseignements que vos donateurs sur CanaDon ont consenti \u00e0 partager; ces renseignements vous sont utiles afin de mieux conna\u00eetre vos donateurs et de les fid\u00e9liser.","tdc_alt_content2_description_color":"#374252","tdc_alt_content2_link_text":"","tdc_alt_content2_link":"","tdc_alt_content2_image":{"ID":21358,"id":21358,"title":"reclamez-votre-profil.tdc_alt_content2_rows.3.tdc_alt_content2_image.1","filename":"reclamez-votre-profil.tdc_alt_content2_rows.3.tdc_alt_content2_image.1.png","filesize":188785,"url":"https:\/\/www.canadahelps.org\/media\/reclamez-votre-profil.tdc_alt_content2_rows.3.tdc_alt_content2_image.1.png","link":"https:\/\/www.canadahelps.org\/fr\/reclamez-votre-profil\/attachment\/reclamez-votre-profil-tdc_alt_content2_rows-3-tdc_alt_content2_image-1\/","alt":"","author":"13","description":"","caption":"","name":"reclamez-votre-profil-tdc_alt_content2_rows-3-tdc_alt_content2_image-1","status":"inherit","uploaded_to":21215,"date":"2018-07-31 19:43:34","modified":"2018-07-31 19:43:34","menu_order":0,"mime_type":"image\/png","type":"image","subtype":"png","icon":"https:\/\/www.canadahelps.org\/wp-includes\/images\/media\/default.png","width":1222,"height":662,"sizes":{"thumbnail":"https:\/\/www.canadahelps.org\/media\/reclamez-votre-profil.tdc_alt_content2_rows.3.tdc_alt_content2_image.1-150x150.png","thumbnail-width":150,"thumbnail-height":150,"medium":"https:\/\/www.canadahelps.org\/media\/reclamez-votre-profil.tdc_alt_content2_rows.3.tdc_alt_content2_image.1-300x163.png","medium-width":300,"medium-height":163,"medium_large":"https:\/\/www.canadahelps.org\/media\/reclamez-votre-profil.tdc_alt_content2_rows.3.tdc_alt_content2_image.1-768x416.png","medium_large-width":768,"medium_large-height":416,"large":"https:\/\/www.canadahelps.org\/media\/reclamez-votre-profil.tdc_alt_content2_rows.3.tdc_alt_content2_image.1-1024x555.png","large-width":1024,"large-height":555,"1536x1536":"https:\/\/www.canadahelps.org\/media\/reclamez-votre-profil.tdc_alt_content2_rows.3.tdc_alt_content2_image.1.png","1536x1536-width":1222,"1536x1536-height":662,"2048x2048":"https:\/\/www.canadahelps.org\/media\/reclamez-votre-profil.tdc_alt_content2_rows.3.tdc_alt_content2_image.1.png","2048x2048-width":1222,"2048x2048-height":662}}},{"tdc_alt_content2_padding":"30px auto","tdc_alt_content2_heading":"Soutien amical","tdc_alt_content2_heading_tag":"h2","tdc_alt_content2_heading_color":"#4a4a4a","tdc_alt_content2_subheading":"Nous vous aiderons avec plaisir.","tdc_alt_content2_subheading_color":"#687281","tdc_alt_content2_description":"Ayez acc\u00e8s en tout temps \u00e0 notre portail d\u2019aide en ligne pour les organismes de bienfaisance, ainsi qu\u2019\u00e0 des vid\u00e9os pratiques sur la fa\u00e7on d\u2019utiliser nos outils et \u00e0 des livres blancs que vous pouvez t\u00e9l\u00e9charger gratuitement.","tdc_alt_content2_description_color":"#374252","tdc_alt_content2_link_text":"","tdc_alt_content2_link":"","tdc_alt_content2_image":{"ID":21359,"id":21359,"title":"reclamez-votre-profil.tdc_alt_content2_rows.4.tdc_alt_content2_image.1","filename":"reclamez-votre-profil.tdc_alt_content2_rows.4.tdc_alt_content2_image.1.png","filesize":411704,"url":"https:\/\/www.canadahelps.org\/media\/reclamez-votre-profil.tdc_alt_content2_rows.4.tdc_alt_content2_image.1.png","link":"https:\/\/www.canadahelps.org\/fr\/reclamez-votre-profil\/attachment\/reclamez-votre-profil-tdc_alt_content2_rows-4-tdc_alt_content2_image-1\/","alt":"","author":"13","description":"","caption":"","name":"reclamez-votre-profil-tdc_alt_content2_rows-4-tdc_alt_content2_image-1","status":"inherit","uploaded_to":21215,"date":"2018-07-31 19:43:34","modified":"2018-07-31 19:43:34","menu_order":0,"mime_type":"image\/png","type":"image","subtype":"png","icon":"https:\/\/www.canadahelps.org\/wp-includes\/images\/media\/default.png","width":992,"height":1002,"sizes":{"thumbnail":"https:\/\/www.canadahelps.org\/media\/reclamez-votre-profil.tdc_alt_content2_rows.4.tdc_alt_content2_image.1-150x150.png","thumbnail-width":150,"thumbnail-height":150,"medium":"https:\/\/www.canadahelps.org\/media\/reclamez-votre-profil.tdc_alt_content2_rows.4.tdc_alt_content2_image.1-297x300.png","medium-width":297,"medium-height":300,"medium_large":"https:\/\/www.canadahelps.org\/media\/reclamez-votre-profil.tdc_alt_content2_rows.4.tdc_alt_content2_image.1-768x776.png","medium_large-width":768,"medium_large-height":776,"large":"https:\/\/www.canadahelps.org\/media\/reclamez-votre-profil.tdc_alt_content2_rows.4.tdc_alt_content2_image.1.png","large-width":992,"large-height":1002,"1536x1536":"https:\/\/www.canadahelps.org\/media\/reclamez-votre-profil.tdc_alt_content2_rows.4.tdc_alt_content2_image.1.png","1536x1536-width":992,"1536x1536-height":1002,"2048x2048":"https:\/\/www.canadahelps.org\/media\/reclamez-votre-profil.tdc_alt_content2_rows.4.tdc_alt_content2_image.1.png","2048x2048-width":992,"2048x2048-height":1002}}}],"tdc_alt_content2_start_idx":"2","tdc_fund_hero_demo_popup":false,"tdc_demo_tile_subheading":"Obtenez \u00e0 un co\u00fbt abordable nos outils de collecte de fonds.","tdc_demo_tile_request_popup":false,"tdc_demo_tile_link_url":"\/fr\/pour-les-organismes\/collecte-fonds-ligne\/","tdc_fund_hero_bgcolor":"#f7f8fa","additional_body_css_classes":"","row_settings":false},"yoast_head":"<!-- This site is optimized with the Yoast SEO plugin v26.0 - https:\/\/yoast.com\/wordpress\/plugins\/seo\/ -->\n<title>Reclamez votre Profil | CanaDon - Faites des dons \u00e0 un organisme de bienfaisance au Canada<\/title>\n<meta name=\"robots\" content=\"index, follow, max-snippet:-1, max-image-preview:large, max-video-preview:-1\" \/>\n<link rel=\"canonical\" href=\"https:\/\/www.canadahelps.org\/fr\/reclamez-votre-profil\/\" \/>\n<meta property=\"og:locale\" content=\"fr_FR\" \/>\n<meta property=\"og:type\" content=\"article\" \/>\n<meta property=\"og:title\" content=\"Reclamez votre Profil | CanaDon - Faites des dons \u00e0 un organisme de bienfaisance au Canada\" \/>\n<meta property=\"og:description\" content=\"R\u00e9clamez votre profil aujourd\u2019hui\" \/>\n<meta property=\"og:url\" content=\"https:\/\/www.canadahelps.org\/fr\/reclamez-votre-profil\/\" \/>\n<meta property=\"og:site_name\" content=\"CanaDon - Faites des dons \u00e0 un organisme de bienfaisance au Canada\" \/>\n<meta property=\"article:modified_time\" content=\"2020-12-09T18:23:50+00:00\" \/>\n<meta name=\"twitter:card\" content=\"summary_large_image\" \/>\n<script type=\"application\/ld+json\" class=\"yoast-schema-graph\">{\"@context\":\"https:\/\/schema.org\",\"@graph\":[{\"@type\":\"WebPage\",\"@id\":\"https:\/\/www.canadahelps.org\/fr\/reclamez-votre-profil\/\",\"url\":\"https:\/\/www.canadahelps.org\/fr\/reclamez-votre-profil\/\",\"name\":\"Reclamez votre Profil | CanaDon - Faites des dons \u00e0 un organisme de bienfaisance au Canada\",\"isPartOf\":{\"@id\":\"https:\/\/www.canadahelps.org\/fr\/#website\"},\"datePublished\":\"2018-06-05T14:29:52+00:00\",\"dateModified\":\"2020-12-09T18:23:50+00:00\",\"breadcrumb\":{\"@id\":\"https:\/\/www.canadahelps.org\/fr\/reclamez-votre-profil\/#breadcrumb\"},\"inLanguage\":\"fr\",\"potentialAction\":[{\"@type\":\"ReadAction\",\"target\":[\"https:\/\/www.canadahelps.org\/fr\/reclamez-votre-profil\/\"]}]},{\"@type\":\"BreadcrumbList\",\"@id\":\"https:\/\/www.canadahelps.org\/fr\/reclamez-votre-profil\/#breadcrumb\",\"itemListElement\":[{\"@type\":\"ListItem\",\"position\":1,\"name\":\"Home\",\"item\":\"https:\/\/www.canadahelps.org\/fr\/\"},{\"@type\":\"ListItem\",\"position\":2,\"name\":\"Reclamez votre Profil\"}]},{\"@type\":\"WebSite\",\"@id\":\"https:\/\/www.canadahelps.org\/fr\/#website\",\"url\":\"https:\/\/www.canadahelps.org\/fr\/\",\"name\":\"CanadaHelps - Donate to any charity in Canada\",\"description\":\"Le don en toute simplicit\u00e9\",\"publisher\":{\"@id\":\"https:\/\/www.canadahelps.org\/fr\/#organization\"},\"potentialAction\":[{\"@type\":\"SearchAction\",\"target\":{\"@type\":\"EntryPoint\",\"urlTemplate\":\"https:\/\/www.canadahelps.org\/fr\/?s={search_term_string}\"},\"query-input\":{\"@type\":\"PropertyValueSpecification\",\"valueRequired\":true,\"valueName\":\"search_term_string\"}}],\"inLanguage\":\"fr\"},{\"@type\":\"Organization\",\"@id\":\"https:\/\/www.canadahelps.org\/fr\/#organization\",\"name\":\"CanadaHelps\",\"url\":\"https:\/\/www.canadahelps.org\/fr\/\",\"logo\":{\"@type\":\"ImageObject\",\"inLanguage\":\"fr\",\"@id\":\"https:\/\/www.canadahelps.org\/fr\/#\/schema\/logo\/image\/\",\"url\":\"https:\/\/www.canadahelps.org\/media\/canadahelps-en.jpg\",\"contentUrl\":\"https:\/\/www.canadahelps.org\/media\/canadahelps-en.jpg\",\"width\":131,\"height\":72,\"caption\":\"CanadaHelps\"},\"image\":{\"@id\":\"https:\/\/www.canadahelps.org\/fr\/#\/schema\/logo\/image\/\"}}]}<\/script>\n<!-- \/ Yoast SEO plugin. -->","yoast_head_json":{"title":"Reclamez votre Profil | CanaDon - Faites des dons \u00e0 un organisme de bienfaisance au Canada","robots":{"index":"index","follow":"follow","max-snippet":"max-snippet:-1","max-image-preview":"max-image-preview:large","max-video-preview":"max-video-preview:-1"},"canonical":"https:\/\/www.canadahelps.org\/fr\/reclamez-votre-profil\/","og_locale":"fr_FR","og_type":"article","og_title":"Reclamez votre Profil | CanaDon - Faites des dons \u00e0 un organisme de bienfaisance au Canada","og_description":"R\u00e9clamez votre profil aujourd\u2019hui","og_url":"https:\/\/www.canadahelps.org\/fr\/reclamez-votre-profil\/","og_site_name":"CanaDon - Faites des dons \u00e0 un organisme de bienfaisance au Canada","article_modified_time":"2020-12-09T18:23:50+00:00","twitter_card":"summary_large_image","schema":{"@context":"https:\/\/schema.org","@graph":[{"@type":"WebPage","@id":"https:\/\/www.canadahelps.org\/fr\/reclamez-votre-profil\/","url":"https:\/\/www.canadahelps.org\/fr\/reclamez-votre-profil\/","name":"Reclamez votre Profil | CanaDon - Faites des dons \u00e0 un organisme de bienfaisance au Canada","isPartOf":{"@id":"https:\/\/www.canadahelps.org\/fr\/#website"},"datePublished":"2018-06-05T14:29:52+00:00","dateModified":"2020-12-09T18:23:50+00:00","breadcrumb":{"@id":"https:\/\/www.canadahelps.org\/fr\/reclamez-votre-profil\/#breadcrumb"},"inLanguage":"fr","potentialAction":[{"@type":"ReadAction","target":["https:\/\/www.canadahelps.org\/fr\/reclamez-votre-profil\/"]}]},{"@type":"BreadcrumbList","@id":"https:\/\/www.canadahelps.org\/fr\/reclamez-votre-profil\/#breadcrumb","itemListElement":[{"@type":"ListItem","position":1,"name":"Home","item":"https:\/\/www.canadahelps.org\/fr\/"},{"@type":"ListItem","position":2,"name":"Reclamez votre Profil"}]},{"@type":"WebSite","@id":"https:\/\/www.canadahelps.org\/fr\/#website","url":"https:\/\/www.canadahelps.org\/fr\/","name":"CanadaHelps - Donate to any charity in Canada","description":"Le don en toute simplicit\u00e9","publisher":{"@id":"https:\/\/www.canadahelps.org\/fr\/#organization"},"potentialAction":[{"@type":"SearchAction","target":{"@type":"EntryPoint","urlTemplate":"https:\/\/www.canadahelps.org\/fr\/?s={search_term_string}"},"query-input":{"@type":"PropertyValueSpecification","valueRequired":true,"valueName":"search_term_string"}}],"inLanguage":"fr"},{"@type":"Organization","@id":"https:\/\/www.canadahelps.org\/fr\/#organization","name":"CanadaHelps","url":"https:\/\/www.canadahelps.org\/fr\/","logo":{"@type":"ImageObject","inLanguage":"fr","@id":"https:\/\/www.canadahelps.org\/fr\/#\/schema\/logo\/image\/","url":"https:\/\/www.canadahelps.org\/media\/canadahelps-en.jpg","contentUrl":"https:\/\/www.canadahelps.org\/media\/canadahelps-en.jpg","width":131,"height":72,"caption":"CanadaHelps"},"image":{"@id":"https:\/\/www.canadahelps.org\/fr\/#\/schema\/logo\/image\/"}}]}},"_links":{"self":[{"href":"https:\/\/www.canadahelps.org\/fr\/wp-json\/wp\/v2\/pages\/21215","targetHints":{"allow":["GET"]}}],"collection":[{"href":"https:\/\/www.canadahelps.org\/fr\/wp-json\/wp\/v2\/pages"}],"about":[{"href":"https:\/\/www.canadahelps.org\/fr\/wp-json\/wp\/v2\/types\/page"}],"author":[{"embeddable":true,"href":"https:\/\/www.canadahelps.org\/fr\/wp-json\/wp\/v2\/users\/7"}],"replies":[{"embeddable":true,"href":"https:\/\/www.canadahelps.org\/fr\/wp-json\/wp\/v2\/comments?post=21215"}],"version-history":[{"count":10,"href":"https:\/\/www.canadahelps.org\/fr\/wp-json\/wp\/v2\/pages\/21215\/revisions"}],"predecessor-version":[{"id":37671,"href":"https:\/\/www.canadahelps.org\/fr\/wp-json\/wp\/v2\/pages\/21215\/revisions\/37671"}],"wp:attachment":[{"href":"https:\/\/www.canadahelps.org\/fr\/wp-json\/wp\/v2\/media?parent=21215"}],"curies":[{"name":"wp","href":"https:\/\/api.w.org\/{rel}","templated":true}]}}