{"id":21218,"date":"2018-06-13T13:10:31","date_gmt":"2018-06-13T17:10:31","guid":{"rendered":"https:\/\/canadahelps.local\/pour-les-organismes\/how-to-resources\/"},"modified":"2018-07-31T15:18:16","modified_gmt":"2018-07-31T19:18:16","slug":"ressources-pratiques","status":"publish","type":"page","link":"https:\/\/www.canadahelps.org\/fr\/ressources-pratiques\/","title":{"rendered":"Ressources pratiques"},"content":{"rendered":"","protected":false},"excerpt":{"rendered":"","protected":false},"author":7,"featured_media":0,"parent":0,"menu_order":0,"comment_status":"closed","ping_status":"closed","template":"template-tdc-education.php","meta":{"footnotes":""},"class_list":["post-21218","page","type-page","status-publish","hentry"],"acf":{"meta_description":"","use_toc_layout":false,"tdc_fund_hero_image":{"ID":21303,"id":21303,"title":"ressources-pratiques.tdc_fund_hero_image","filename":"ressources-pratiques.tdc_fund_hero_image.png","filesize":173635,"url":"https:\/\/www.canadahelps.org\/media\/ressources-pratiques.tdc_fund_hero_image.png","link":"https:\/\/www.canadahelps.org\/fr\/ressources-pratiques\/attachment\/ressources-pratiques-tdc_fund_hero_image\/","alt":"","author":"13","description":"","caption":"","name":"ressources-pratiques-tdc_fund_hero_image","status":"inherit","uploaded_to":21218,"date":"2018-07-31 19:43:09","modified":"2018-07-31 19:43:09","menu_order":0,"mime_type":"image\/png","type":"image","subtype":"png","icon":"https:\/\/www.canadahelps.org\/wp-includes\/images\/media\/default.png","width":1446,"height":574,"sizes":{"thumbnail":"https:\/\/www.canadahelps.org\/media\/ressources-pratiques.tdc_fund_hero_image-150x150.png","thumbnail-width":150,"thumbnail-height":150,"medium":"https:\/\/www.canadahelps.org\/media\/ressources-pratiques.tdc_fund_hero_image-300x119.png","medium-width":300,"medium-height":119,"medium_large":"https:\/\/www.canadahelps.org\/media\/ressources-pratiques.tdc_fund_hero_image-768x305.png","medium_large-width":768,"medium_large-height":305,"large":"https:\/\/www.canadahelps.org\/media\/ressources-pratiques.tdc_fund_hero_image-1024x406.png","large-width":1024,"large-height":406,"1536x1536":"https:\/\/www.canadahelps.org\/media\/ressources-pratiques.tdc_fund_hero_image.png","1536x1536-width":1446,"1536x1536-height":574,"2048x2048":"https:\/\/www.canadahelps.org\/media\/ressources-pratiques.tdc_fund_hero_image.png","2048x2048-width":1446,"2048x2048-height":574}},"tdc_fund_hero_title":"Formation et ressources \u00e9ducatives pour les organismes de bienfaisance","tdc_fund_hero_title_color":"#687281","tdc_fund_hero_short_description":"Chez CanaDon, nous avons \u00e0 c\u0153ur de renforcer le secteur caritatif et de d\u00e9velopper ses capacit\u00e9s. Profitez de nos ressources gratuites \u00e0 l\u2019intention des organismes de \r\nbienfaisance\u00a0: webinaires de formation, livres blancs et ressources \r\npratiques qui vous permettront d\u2019am\u00e9liorer entre autres vos \r\ncollectes de fonds en ligne.","tdc_fund_hero_short_description_color":"#687281","tdc_fund_hero_left_btn_text":"","tdc_fund_hero_left_btn_link":"","tdc_fund_hero_right_btn_text":"","tdc_fund_hero_right_btn_link":"","tdc_webinars_bg_color":"","tdc_webinars_content_heading":"","tdc_webinars_content_subheading":"","tdc_webinars":false,"hide_page_title":true,"insert_spotlight_boxes":false,"use_biography_grid":false,"tdc_grid_col_count":"","tdc_grid_items":false,"tdc_fund_hero_demo_popup":false,"tdc_alt_content_rows":[{"tdc_alt_content_padding":"30px auto","tdc_alt_content_heading":"Le portail d\u2019aide pour les organismes","tdc_alt_content_heading_tag":"div","tdc_alt_content_heading_color":"#4a4a4a","tdc_alt_content_subheading":"Obtenez toute l\u2019aide dont vous avez besoin, n\u2019importe quand!","tdc_alt_content_subheading_color":"#687281","tdc_alt_content_description":"Visitez notre portail d\u2019aide pour les organismes, o\u00f9 vous trouverez des vid\u00e9os explicatives, des ressources et les r\u00e9ponses aux questions fr\u00e9quemment pos\u00e9es. D\u00e9couvrez tout ce qu\u2019il vous faut savoir pour naviguer dans votre compte CanaDon et utiliser nos outils de collecte de fonds en ligne. Que vous ayez une question au sujet du d\u00e9boursement des fonds, du t\u00e9l\u00e9chargement des rapports ou de la gestion de compte, vous trouverez la r\u00e9ponse ici!","tdc_alt_content_description_color":"#374252","tdc_alt_content_link_text":"Visitez le portail d\u2019aide pour les organismes","tdc_alt_content_link":"http:\/\/charityhelp.canadahelps.org\/fr\/","tdc_alt_content_image":{"ID":21361,"id":21361,"title":"ressources-pratiques.tdc_alt_content_rows.1.tdc_alt_content_image.1","filename":"ressources-pratiques.tdc_alt_content_rows.1.tdc_alt_content_image.1.png","filesize":310610,"url":"https:\/\/www.canadahelps.org\/media\/ressources-pratiques.tdc_alt_content_rows.1.tdc_alt_content_image.1.png","link":"https:\/\/www.canadahelps.org\/fr\/ressources-pratiques\/attachment\/ressources-pratiques-tdc_alt_content_rows-1-tdc_alt_content_image-1\/","alt":"","author":"13","description":"","caption":"","name":"ressources-pratiques-tdc_alt_content_rows-1-tdc_alt_content_image-1","status":"inherit","uploaded_to":21218,"date":"2018-07-31 19:43:35","modified":"2018-07-31 19:43:35","menu_order":0,"mime_type":"image\/png","type":"image","subtype":"png","icon":"https:\/\/www.canadahelps.org\/wp-includes\/images\/media\/default.png","width":892,"height":1066,"sizes":{"thumbnail":"https:\/\/www.canadahelps.org\/media\/ressources-pratiques.tdc_alt_content_rows.1.tdc_alt_content_image.1-150x150.png","thumbnail-width":150,"thumbnail-height":150,"medium":"https:\/\/www.canadahelps.org\/media\/ressources-pratiques.tdc_alt_content_rows.1.tdc_alt_content_image.1-251x300.png","medium-width":251,"medium-height":300,"medium_large":"https:\/\/www.canadahelps.org\/media\/ressources-pratiques.tdc_alt_content_rows.1.tdc_alt_content_image.1-768x918.png","medium_large-width":768,"medium_large-height":918,"large":"https:\/\/www.canadahelps.org\/media\/ressources-pratiques.tdc_alt_content_rows.1.tdc_alt_content_image.1-857x1024.png","large-width":857,"large-height":1024,"1536x1536":"https:\/\/www.canadahelps.org\/media\/ressources-pratiques.tdc_alt_content_rows.1.tdc_alt_content_image.1.png","1536x1536-width":892,"1536x1536-height":1066,"2048x2048":"https:\/\/www.canadahelps.org\/media\/ressources-pratiques.tdc_alt_content_rows.1.tdc_alt_content_image.1.png","2048x2048-width":892,"2048x2048-height":1066}}}],"tdc_fund_hero_bgcolor":"#f7f8fa","additional_body_css_classes":""},"yoast_head":"<!-- This site is optimized with the Yoast SEO plugin v26.0 - https:\/\/yoast.com\/wordpress\/plugins\/seo\/ -->\n<title>Ressources pratiques | CanadaHelps - Donate to any charity in Canada<\/title>\n<meta name=\"robots\" content=\"index, follow, max-snippet:-1, max-image-preview:large, max-video-preview:-1\" \/>\n<link rel=\"canonical\" href=\"https:\/\/www.canadahelps.org\/fr\/ressources-pratiques\/\" \/>\n<meta property=\"og:locale\" content=\"fr_FR\" \/>\n<meta property=\"og:type\" content=\"article\" \/>\n<meta property=\"og:title\" content=\"Ressources pratiques | CanadaHelps - Donate to any charity in Canada\" \/>\n<meta property=\"og:url\" content=\"https:\/\/www.canadahelps.org\/fr\/ressources-pratiques\/\" \/>\n<meta property=\"og:site_name\" content=\"CanadaHelps - Donate to any charity in Canada\" \/>\n<meta property=\"article:modified_time\" content=\"2018-07-31T19:18:16+00:00\" \/>\n<meta name=\"twitter:card\" content=\"summary_large_image\" \/>\n<script type=\"application\/ld+json\" class=\"yoast-schema-graph\">{\"@context\":\"https:\/\/schema.org\",\"@graph\":[{\"@type\":\"WebPage\",\"@id\":\"https:\/\/www.canadahelps.org\/fr\/ressources-pratiques\/\",\"url\":\"https:\/\/www.canadahelps.org\/fr\/ressources-pratiques\/\",\"name\":\"Ressources pratiques | CanadaHelps - Donate to any charity in Canada\",\"isPartOf\":{\"@id\":\"https:\/\/www.canadahelps.org\/fr\/#website\"},\"datePublished\":\"2018-06-13T17:10:31+00:00\",\"dateModified\":\"2018-07-31T19:18:16+00:00\",\"breadcrumb\":{\"@id\":\"https:\/\/www.canadahelps.org\/fr\/ressources-pratiques\/#breadcrumb\"},\"inLanguage\":\"fr\",\"potentialAction\":[{\"@type\":\"ReadAction\",\"target\":[\"https:\/\/www.canadahelps.org\/fr\/ressources-pratiques\/\"]}]},{\"@type\":\"BreadcrumbList\",\"@id\":\"https:\/\/www.canadahelps.org\/fr\/ressources-pratiques\/#breadcrumb\",\"itemListElement\":[{\"@type\":\"ListItem\",\"position\":1,\"name\":\"Home\",\"item\":\"https:\/\/www.canadahelps.org\/fr\/\"},{\"@type\":\"ListItem\",\"position\":2,\"name\":\"Ressources pratiques\"}]},{\"@type\":\"WebSite\",\"@id\":\"https:\/\/www.canadahelps.org\/fr\/#website\",\"url\":\"https:\/\/www.canadahelps.org\/fr\/\",\"name\":\"CanadaHelps - Donate to any charity in Canada\",\"description\":\"Giving Made Simple\",\"publisher\":{\"@id\":\"https:\/\/www.canadahelps.org\/fr\/#organization\"},\"potentialAction\":[{\"@type\":\"SearchAction\",\"target\":{\"@type\":\"EntryPoint\",\"urlTemplate\":\"https:\/\/www.canadahelps.org\/fr\/?s={search_term_string}\"},\"query-input\":{\"@type\":\"PropertyValueSpecification\",\"valueRequired\":true,\"valueName\":\"search_term_string\"}}],\"inLanguage\":\"fr\"},{\"@type\":\"Organization\",\"@id\":\"https:\/\/www.canadahelps.org\/fr\/#organization\",\"name\":\"CanadaHelps\",\"url\":\"https:\/\/www.canadahelps.org\/fr\/\",\"logo\":{\"@type\":\"ImageObject\",\"inLanguage\":\"fr\",\"@id\":\"https:\/\/www.canadahelps.org\/fr\/#\/schema\/logo\/image\/\",\"url\":\"https:\/\/www.canadahelps.org\/media\/canadahelps-en.jpg\",\"contentUrl\":\"https:\/\/www.canadahelps.org\/media\/canadahelps-en.jpg\",\"width\":131,\"height\":72,\"caption\":\"CanadaHelps\"},\"image\":{\"@id\":\"https:\/\/www.canadahelps.org\/fr\/#\/schema\/logo\/image\/\"}}]}<\/script>\n<!-- \/ Yoast SEO plugin. -->","yoast_head_json":{"title":"Ressources pratiques | CanadaHelps - Donate to any charity in Canada","robots":{"index":"index","follow":"follow","max-snippet":"max-snippet:-1","max-image-preview":"max-image-preview:large","max-video-preview":"max-video-preview:-1"},"canonical":"https:\/\/www.canadahelps.org\/fr\/ressources-pratiques\/","og_locale":"fr_FR","og_type":"article","og_title":"Ressources pratiques | CanadaHelps - Donate to any charity in Canada","og_url":"https:\/\/www.canadahelps.org\/fr\/ressources-pratiques\/","og_site_name":"CanadaHelps - Donate to any charity in Canada","article_modified_time":"2018-07-31T19:18:16+00:00","twitter_card":"summary_large_image","schema":{"@context":"https:\/\/schema.org","@graph":[{"@type":"WebPage","@id":"https:\/\/www.canadahelps.org\/fr\/ressources-pratiques\/","url":"https:\/\/www.canadahelps.org\/fr\/ressources-pratiques\/","name":"Ressources pratiques | CanadaHelps - Donate to any charity in Canada","isPartOf":{"@id":"https:\/\/www.canadahelps.org\/fr\/#website"},"datePublished":"2018-06-13T17:10:31+00:00","dateModified":"2018-07-31T19:18:16+00:00","breadcrumb":{"@id":"https:\/\/www.canadahelps.org\/fr\/ressources-pratiques\/#breadcrumb"},"inLanguage":"fr","potentialAction":[{"@type":"ReadAction","target":["https:\/\/www.canadahelps.org\/fr\/ressources-pratiques\/"]}]},{"@type":"BreadcrumbList","@id":"https:\/\/www.canadahelps.org\/fr\/ressources-pratiques\/#breadcrumb","itemListElement":[{"@type":"ListItem","position":1,"name":"Home","item":"https:\/\/www.canadahelps.org\/fr\/"},{"@type":"ListItem","position":2,"name":"Ressources pratiques"}]},{"@type":"WebSite","@id":"https:\/\/www.canadahelps.org\/fr\/#website","url":"https:\/\/www.canadahelps.org\/fr\/","name":"CanadaHelps - Donate to any charity in Canada","description":"Giving Made Simple","publisher":{"@id":"https:\/\/www.canadahelps.org\/fr\/#organization"},"potentialAction":[{"@type":"SearchAction","target":{"@type":"EntryPoint","urlTemplate":"https:\/\/www.canadahelps.org\/fr\/?s={search_term_string}"},"query-input":{"@type":"PropertyValueSpecification","valueRequired":true,"valueName":"search_term_string"}}],"inLanguage":"fr"},{"@type":"Organization","@id":"https:\/\/www.canadahelps.org\/fr\/#organization","name":"CanadaHelps","url":"https:\/\/www.canadahelps.org\/fr\/","logo":{"@type":"ImageObject","inLanguage":"fr","@id":"https:\/\/www.canadahelps.org\/fr\/#\/schema\/logo\/image\/","url":"https:\/\/www.canadahelps.org\/media\/canadahelps-en.jpg","contentUrl":"https:\/\/www.canadahelps.org\/media\/canadahelps-en.jpg","width":131,"height":72,"caption":"CanadaHelps"},"image":{"@id":"https:\/\/www.canadahelps.org\/fr\/#\/schema\/logo\/image\/"}}]}},"_links":{"self":[{"href":"https:\/\/www.canadahelps.org\/fr\/wp-json\/wp\/v2\/pages\/21218","targetHints":{"allow":["GET"]}}],"collection":[{"href":"https:\/\/www.canadahelps.org\/fr\/wp-json\/wp\/v2\/pages"}],"about":[{"href":"https:\/\/www.canadahelps.org\/fr\/wp-json\/wp\/v2\/types\/page"}],"author":[{"embeddable":true,"href":"https:\/\/www.canadahelps.org\/fr\/wp-json\/wp\/v2\/users\/7"}],"replies":[{"embeddable":true,"href":"https:\/\/www.canadahelps.org\/fr\/wp-json\/wp\/v2\/comments?post=21218"}],"version-history":[{"count":1,"href":"https:\/\/www.canadahelps.org\/fr\/wp-json\/wp\/v2\/pages\/21218\/revisions"}],"predecessor-version":[{"id":21242,"href":"https:\/\/www.canadahelps.org\/fr\/wp-json\/wp\/v2\/pages\/21218\/revisions\/21242"}],"wp:attachment":[{"href":"https:\/\/www.canadahelps.org\/fr\/wp-json\/wp\/v2\/media?parent=21218"}],"curies":[{"name":"wp","href":"https:\/\/api.w.org\/{rel}","templated":true}]}}