{"id":21223,"date":"2018-06-18T11:44:46","date_gmt":"2018-06-18T15:44:46","guid":{"rendered":"https:\/\/canadahelps.local\/pour-les-organismes\/online-fundraising\/"},"modified":"2020-06-18T14:55:50","modified_gmt":"2020-06-18T18:55:50","slug":"collecte-fonds-ligne","status":"publish","type":"page","link":"https:\/\/www.canadahelps.org\/fr\/collecte-fonds-ligne\/","title":{"rendered":"Collecte De Fonds En Ligne"},"content":{"rendered":"","protected":false},"excerpt":{"rendered":"","protected":false},"author":7,"featured_media":0,"parent":0,"menu_order":0,"comment_status":"closed","ping_status":"closed","template":"template-tdc-charities-fundraising.php","meta":{"footnotes":""},"class_list":["post-21223","page","type-page","status-publish","hentry"],"acf":{"meta_description":"","use_toc_layout":false,"tdc_fund_hero_image":{"ID":21286,"id":21286,"title":"collecte-fonds-ligne.tdc_fund_hero_image","filename":"collecte-fonds-ligne.tdc_fund_hero_image.png","filesize":152382,"url":"https:\/\/www.canadahelps.org\/media\/collecte-fonds-ligne.tdc_fund_hero_image.png","link":"https:\/\/www.canadahelps.org\/fr\/collecte-fonds-ligne\/attachment\/collecte-fonds-ligne-tdc_fund_hero_image\/","alt":"","author":"13","description":"","caption":"","name":"collecte-fonds-ligne-tdc_fund_hero_image","status":"inherit","uploaded_to":21223,"date":"2018-07-31 19:43:02","modified":"2018-07-31 19:43:02","menu_order":0,"mime_type":"image\/png","type":"image","subtype":"png","icon":"https:\/\/www.canadahelps.org\/wp-includes\/images\/media\/default.png","width":1513,"height":600,"sizes":{"thumbnail":"https:\/\/www.canadahelps.org\/media\/collecte-fonds-ligne.tdc_fund_hero_image-150x150.png","thumbnail-width":150,"thumbnail-height":150,"medium":"https:\/\/www.canadahelps.org\/media\/collecte-fonds-ligne.tdc_fund_hero_image-300x119.png","medium-width":300,"medium-height":119,"medium_large":"https:\/\/www.canadahelps.org\/media\/collecte-fonds-ligne.tdc_fund_hero_image-768x305.png","medium_large-width":768,"medium_large-height":305,"large":"https:\/\/www.canadahelps.org\/media\/collecte-fonds-ligne.tdc_fund_hero_image-1024x406.png","large-width":1024,"large-height":406,"1536x1536":"https:\/\/www.canadahelps.org\/media\/collecte-fonds-ligne.tdc_fund_hero_image.png","1536x1536-width":1513,"1536x1536-height":600,"2048x2048":"https:\/\/www.canadahelps.org\/media\/collecte-fonds-ligne.tdc_fund_hero_image.png","2048x2048-width":1513,"2048x2048-height":600}},"tdc_fund_hero_title":"Levez des fonds en ligne avec CanaDon","tdc_fund_hero_title_color":"#687281","tdc_fund_hero_short_description":"Joignez-vous \u00e0 plus de 30 000 organismes de bienfaisance qui utilisent CanaDon pour d\u00e9velopper leurs programmes de collecte de fonds en ligne! Positionnez votre organisme de bienfaisance pour r\u00e9ussir dans le monde num\u00e9rique d'aujourd'hui avec nos outils de collecte de fonds s\u00e9curis\u00e9s, tout-en-un, optimis\u00e9s num\u00e9riquement - offerts \u00e0 des tarifs peu \u00e9lev\u00e9s non commerciaux.","tdc_fund_hero_short_description_color":"#687281","tdc_fund_hero_left_btn_text":"Commencez maintenant","tdc_fund_hero_left_btn_link":"https:\/\/www.canadahelps.org\/fr\/enregistrer\/compte-collecte-de-fonds\/","tdc_fund_hero_demo_popup":false,"tdc_fund_hero_right_btn_text":"Demandez une d\u00e9mo","tdc_fund_hero_right_btn_link":"","tdc_alt_content_rows":[{"tdc_alt_content_padding":"30px auto","tdc_alt_content_heading":"Formulaires de don personnalisables","tdc_alt_content_heading_tag":"h2","tdc_alt_content_heading_color":"#4a4a4a","tdc_alt_content_subheading":"Commencez en quelques minutes. Aucune connaissance de codage ou de conception requise.","tdc_alt_content_subheading_color":"#687281","tdc_alt_content_description":"<ul>\r\n<li>Collectez des dons directement sur votre site Web.<\/li>\r\n<li>Cr\u00e9ez et personnalisez un nombre illimit\u00e9 de formulaires, en choisissant entre le formulaire int\u00e9gral (classique) et le nouveau formulaire multi-\u00e9tapes.<\/li>\r\n<li>Mettez votre marque en \u00e9vidence : personnalisez votre page, vos courriels de remerciement et vos re\u00e7us fiscaux!<\/li>\r\n<li>Am\u00e9liorez votre arsenal de collecte de fonds avec un formulaire de don personnalisable pour les valeurs mobili\u00e8res, telles que des actions our des fonds communs de placement<\/li>\r\n<\/ul><a href=\"\/fr\/pour-les-organismes\/acceptez-dons-en-ligne\/\" style=\"display:inline-block; background-color:#1466A9; padding:10px 30px; color:#ffffff; border-radius:3px;\">En savoir plus<\/a>","tdc_alt_content_description_color":"#374252","tdc_alt_content_link_text":"","tdc_alt_content_link":"","tdc_alt_content_image":{"ID":21324,"id":21324,"title":"collecte-fonds-ligne.tdc_alt_content_rows.1.tdc_alt_content_image.1","filename":"collecte-fonds-ligne.tdc_alt_content_rows.1.tdc_alt_content_image.1.png","filesize":411139,"url":"https:\/\/www.canadahelps.org\/media\/collecte-fonds-ligne.tdc_alt_content_rows.1.tdc_alt_content_image.1.png","link":"https:\/\/www.canadahelps.org\/fr\/collecte-fonds-ligne\/attachment\/collecte-fonds-ligne-tdc_alt_content_rows-1-tdc_alt_content_image-1\/","alt":"","author":"13","description":"","caption":"","name":"collecte-fonds-ligne-tdc_alt_content_rows-1-tdc_alt_content_image-1","status":"inherit","uploaded_to":21223,"date":"2018-07-31 19:43:20","modified":"2018-07-31 19:43:20","menu_order":0,"mime_type":"image\/png","type":"image","subtype":"png","icon":"https:\/\/www.canadahelps.org\/wp-includes\/images\/media\/default.png","width":990,"height":626,"sizes":{"thumbnail":"https:\/\/www.canadahelps.org\/media\/collecte-fonds-ligne.tdc_alt_content_rows.1.tdc_alt_content_image.1-150x150.png","thumbnail-width":150,"thumbnail-height":150,"medium":"https:\/\/www.canadahelps.org\/media\/collecte-fonds-ligne.tdc_alt_content_rows.1.tdc_alt_content_image.1-300x190.png","medium-width":300,"medium-height":190,"medium_large":"https:\/\/www.canadahelps.org\/media\/collecte-fonds-ligne.tdc_alt_content_rows.1.tdc_alt_content_image.1-768x486.png","medium_large-width":768,"medium_large-height":486,"large":"https:\/\/www.canadahelps.org\/media\/collecte-fonds-ligne.tdc_alt_content_rows.1.tdc_alt_content_image.1.png","large-width":990,"large-height":626,"1536x1536":"https:\/\/www.canadahelps.org\/media\/collecte-fonds-ligne.tdc_alt_content_rows.1.tdc_alt_content_image.1.png","1536x1536-width":990,"1536x1536-height":626,"2048x2048":"https:\/\/www.canadahelps.org\/media\/collecte-fonds-ligne.tdc_alt_content_rows.1.tdc_alt_content_image.1.png","2048x2048-width":990,"2048x2048-height":626}}},{"tdc_alt_content_padding":"30px auto","tdc_alt_content_heading":"Campagnes sociales de crowdfunding et entre pairs","tdc_alt_content_heading_tag":"h2","tdc_alt_content_heading_color":"#4a4a4a","tdc_alt_content_subheading":"C'est facile! Maintenant, tous les organismes de bienfaisance peuvent transformer leurs partisans en collecteurs de fonds accomplis.","tdc_alt_content_subheading_color":"#687281","tdc_alt_content_description":"<ul>\r\n<li>Obtenez l'avantage de deux solutions puissantes en une: op\u00e9rez vos courses, promenades et \u00abthons\u00bb caritatifs; de plus, profitez des collectes de fonds de tiers pour soutenir votre organisme de bienfaisance.<\/li>\r\n<li>Prenez le plein contr\u00f4le: de nombreuses options pour l'image de marque, les conditions d'inscription et la gestion d'\u00e9quipe sont simples \u00e0 utiliser.<\/li>\r\n<li>Assurez une participation et un engagement maximum: comprend une inscription simple des participants, un partage social int\u00e9gr\u00e9, des outils de courrier \u00e9lectronique, des thermom\u00e8tres de collecte de fonds, des murs de soutien et plus encore.<\/li>\r\n<\/ul>\r\n<a href=\"\/fr\/pour-les-organismes\/collectes-de-fonds-entre-particuliers\/\" style=\"display:inline-block; background-color:#1466A9; padding:10px 30px; color:#ffffff; border-radius:3px;\">En savoir plus<\/a>","tdc_alt_content_description_color":"#374252","tdc_alt_content_link_text":"","tdc_alt_content_link":"","tdc_alt_content_image":{"ID":21326,"id":21326,"title":"collecte-fonds-ligne.tdc_alt_content_rows.3.tdc_alt_content_image.1","filename":"collecte-fonds-ligne.tdc_alt_content_rows.3.tdc_alt_content_image.1.png","filesize":230698,"url":"https:\/\/www.canadahelps.org\/media\/collecte-fonds-ligne.tdc_alt_content_rows.3.tdc_alt_content_image.1.png","link":"https:\/\/www.canadahelps.org\/fr\/collecte-fonds-ligne\/attachment\/collecte-fonds-ligne-tdc_alt_content_rows-3-tdc_alt_content_image-1\/","alt":"","author":"13","description":"","caption":"","name":"collecte-fonds-ligne-tdc_alt_content_rows-3-tdc_alt_content_image-1","status":"inherit","uploaded_to":21223,"date":"2018-07-31 19:43:21","modified":"2018-07-31 19:43:21","menu_order":0,"mime_type":"image\/png","type":"image","subtype":"png","icon":"https:\/\/www.canadahelps.org\/wp-includes\/images\/media\/default.png","width":761,"height":665,"sizes":{"thumbnail":"https:\/\/www.canadahelps.org\/media\/collecte-fonds-ligne.tdc_alt_content_rows.3.tdc_alt_content_image.1-150x150.png","thumbnail-width":150,"thumbnail-height":150,"medium":"https:\/\/www.canadahelps.org\/media\/collecte-fonds-ligne.tdc_alt_content_rows.3.tdc_alt_content_image.1-300x262.png","medium-width":300,"medium-height":262,"medium_large":"https:\/\/www.canadahelps.org\/media\/collecte-fonds-ligne.tdc_alt_content_rows.3.tdc_alt_content_image.1.png","medium_large-width":761,"medium_large-height":665,"large":"https:\/\/www.canadahelps.org\/media\/collecte-fonds-ligne.tdc_alt_content_rows.3.tdc_alt_content_image.1.png","large-width":761,"large-height":665,"1536x1536":"https:\/\/www.canadahelps.org\/media\/collecte-fonds-ligne.tdc_alt_content_rows.3.tdc_alt_content_image.1.png","1536x1536-width":761,"1536x1536-height":665,"2048x2048":"https:\/\/www.canadahelps.org\/media\/collecte-fonds-ligne.tdc_alt_content_rows.3.tdc_alt_content_image.1.png","2048x2048-width":761,"2048x2048-height":665}}},{"tdc_alt_content_padding":"30px auto","tdc_alt_content_heading":"\u00c9v\u00e9nements \u00e0 billets","tdc_alt_content_heading_tag":"h2","tdc_alt_content_heading_color":"#4a4a4a","tdc_alt_content_subheading":"Tout ce dont votre organisme de bienfaisance a besoin, plus le fractionnement des re\u00e7us, en un seul endroit.","tdc_alt_content_subheading_color":"#687281","tdc_alt_content_description":"<ul>\r\n<li>Gagnez du temps et de l'argent - organisez des \u00e9v\u00e9nements caritatifs gratuits et payants en toute simplicit\u00e9.<\/li>\r\n<li>Recueillez davantage gr\u00e2ce aux fonctionnalit\u00e9s int\u00e9gr\u00e9es : vente de billets en ligne, plusieurs types de billets, option fractionnement des re\u00e7us, etc.<\/li>\r\n<li>B\u00e9n\u00e9ficiez de rapports de ventes en temps r\u00e9el, de rappels automatis\u00e9s d'\u00e9v\u00e9nements, d'enregistrement des participants \u00e0 l'\u00e9v\u00e9nement, de re\u00e7us d'imp\u00f4ts automatis\u00e9s et plus encore.<\/li>\r\n<li>Rejoignez un plus grand nombre de sympathisants, vendez plus de billets, et augmentez les r\u00e9sultats de vos collectes de fonds.<\/li>\r\n<\/ul>\r\n<a href=\"\/fr\/pour-les-organismes-de-bienfaisance\/evenements-a-billets\/\" style=\"display:inline-block; background-color:#1466A9; padding:10px 30px; color:#ffffff; border-radius:3px;\">En savoir plus<\/a>","tdc_alt_content_description_color":"#374252","tdc_alt_content_link_text":"","tdc_alt_content_link":"","tdc_alt_content_image":{"ID":21326,"id":21326,"title":"collecte-fonds-ligne.tdc_alt_content_rows.3.tdc_alt_content_image.1","filename":"collecte-fonds-ligne.tdc_alt_content_rows.3.tdc_alt_content_image.1.png","filesize":230698,"url":"https:\/\/www.canadahelps.org\/media\/collecte-fonds-ligne.tdc_alt_content_rows.3.tdc_alt_content_image.1.png","link":"https:\/\/www.canadahelps.org\/fr\/collecte-fonds-ligne\/attachment\/collecte-fonds-ligne-tdc_alt_content_rows-3-tdc_alt_content_image-1\/","alt":"","author":"13","description":"","caption":"","name":"collecte-fonds-ligne-tdc_alt_content_rows-3-tdc_alt_content_image-1","status":"inherit","uploaded_to":21223,"date":"2018-07-31 19:43:21","modified":"2018-07-31 19:43:21","menu_order":0,"mime_type":"image\/png","type":"image","subtype":"png","icon":"https:\/\/www.canadahelps.org\/wp-includes\/images\/media\/default.png","width":761,"height":665,"sizes":{"thumbnail":"https:\/\/www.canadahelps.org\/media\/collecte-fonds-ligne.tdc_alt_content_rows.3.tdc_alt_content_image.1-150x150.png","thumbnail-width":150,"thumbnail-height":150,"medium":"https:\/\/www.canadahelps.org\/media\/collecte-fonds-ligne.tdc_alt_content_rows.3.tdc_alt_content_image.1-300x262.png","medium-width":300,"medium-height":262,"medium_large":"https:\/\/www.canadahelps.org\/media\/collecte-fonds-ligne.tdc_alt_content_rows.3.tdc_alt_content_image.1.png","medium_large-width":761,"medium_large-height":665,"large":"https:\/\/www.canadahelps.org\/media\/collecte-fonds-ligne.tdc_alt_content_rows.3.tdc_alt_content_image.1.png","large-width":761,"large-height":665,"1536x1536":"https:\/\/www.canadahelps.org\/media\/collecte-fonds-ligne.tdc_alt_content_rows.3.tdc_alt_content_image.1.png","1536x1536-width":761,"1536x1536-height":665,"2048x2048":"https:\/\/www.canadahelps.org\/media\/collecte-fonds-ligne.tdc_alt_content_rows.3.tdc_alt_content_image.1.png","2048x2048-width":761,"2048x2048-height":665}}},{"tdc_alt_content_padding":"30px auto","tdc_alt_content_heading":"Gestion des donateurs et des rapports","tdc_alt_content_heading_tag":"h2","tdc_alt_content_heading_color":"#4a4a4a","tdc_alt_content_subheading":"Fid\u00e9lisez vos donateurs tout au long de leur parcours.","tdc_alt_content_subheading_color":"#687281","tdc_alt_content_description":"<ul>\r\n<li>Acc\u00e9dez en tout temps aux informations compl\u00e8tes sur les donateurs et aux rapports personnalis\u00e9s.<\/li>\r\n<li>Importez facilement vos donn\u00e9es sur les dons par l\u2019entremise de CanaDon dans votre outil de gestion (CRM).<\/li>\r\n<\/ul>\r\n<a href=\"\/fr\/pour-les-organismes\/gestion-des-donateurs\/\" style=\"display:inline-block; background-color:#1466A9; padding:10px 30px; color:#ffffff; border-radius:3px;\">En savoir plus<\/a>","tdc_alt_content_description_color":"#374252","tdc_alt_content_link_text":"","tdc_alt_content_link":"","tdc_alt_content_image":{"ID":21327,"id":21327,"title":"collecte-fonds-ligne.tdc_alt_content_rows.4.tdc_alt_content_image.1","filename":"collecte-fonds-ligne.tdc_alt_content_rows.4.tdc_alt_content_image.1.png","filesize":104204,"url":"https:\/\/www.canadahelps.org\/media\/collecte-fonds-ligne.tdc_alt_content_rows.4.tdc_alt_content_image.1.png","link":"https:\/\/www.canadahelps.org\/fr\/collecte-fonds-ligne\/attachment\/collecte-fonds-ligne-tdc_alt_content_rows-4-tdc_alt_content_image-1\/","alt":"","author":"13","description":"","caption":"","name":"collecte-fonds-ligne-tdc_alt_content_rows-4-tdc_alt_content_image-1","status":"inherit","uploaded_to":21223,"date":"2018-07-31 19:43:21","modified":"2018-07-31 19:43:21","menu_order":0,"mime_type":"image\/png","type":"image","subtype":"png","icon":"https:\/\/www.canadahelps.org\/wp-includes\/images\/media\/default.png","width":990,"height":467,"sizes":{"thumbnail":"https:\/\/www.canadahelps.org\/media\/collecte-fonds-ligne.tdc_alt_content_rows.4.tdc_alt_content_image.1-150x150.png","thumbnail-width":150,"thumbnail-height":150,"medium":"https:\/\/www.canadahelps.org\/media\/collecte-fonds-ligne.tdc_alt_content_rows.4.tdc_alt_content_image.1-300x142.png","medium-width":300,"medium-height":142,"medium_large":"https:\/\/www.canadahelps.org\/media\/collecte-fonds-ligne.tdc_alt_content_rows.4.tdc_alt_content_image.1-768x362.png","medium_large-width":768,"medium_large-height":362,"large":"https:\/\/www.canadahelps.org\/media\/collecte-fonds-ligne.tdc_alt_content_rows.4.tdc_alt_content_image.1.png","large-width":990,"large-height":467,"1536x1536":"https:\/\/www.canadahelps.org\/media\/collecte-fonds-ligne.tdc_alt_content_rows.4.tdc_alt_content_image.1.png","1536x1536-width":990,"1536x1536-height":467,"2048x2048":"https:\/\/www.canadahelps.org\/media\/collecte-fonds-ligne.tdc_alt_content_rows.4.tdc_alt_content_image.1.png","2048x2048-width":990,"2048x2048-height":467}}}],"tdc_test_bgcolor":"#f7f8fa","tdc_test_bg_fullwidth":true,"tdc_test_bg_maxwidth":"","tdc_test_heading":"","tdc_test_heading_color":"#96164a","tdc_test_heading_tag":"div","tdc_test_heading_align":"center","tdc_test_subheading":"","tdc_test_subheading_color":"#687281","tdc_test_subheading_align":"center","tdc_test_cols":"3","tdc_tests_color":"#374252","tdc_tests_content":false,"tdc_midpage_banner_bgcolor":"#96164a","tdc_midpage_banner_radius":"3","tdc_midpage_banner_maxwidth":"1150","tdc_midpage_banner_heading":"Pas de frais initiaux. Pas de minimum mensuel. N'utilisez que ce dont vous avez besoin.","tdc_midpage_banner_heading_color":"#ffffff","tdc_midpage_banner_text":"Qu\u2019un seul bas frais de transaction de 2,0 \u00e0 5,5% (selon le service), y compris tous les frais de carte de cr\u00e9dit.","tdc_midpage_banner_text_color":"#ffffff","tdc_toggle_content_bgcolor":"","tdc_toggle_content_bgimage":false,"tdc_toggle_content_bg_fullwidth":false,"tdc_toggle_content_enable":false,"tdc_toggle_content_heading":"","tdc_toggle_content_heading_pos":"center","tdc_toggle_content_heading_tag":"div","tdc_toggle_content_subheading":"","tdc_toggle_content_subheading_align":"center","tdc_toggle_content_description_visible":"","tdc_toggle_content_description_hidden":"","tdc_toggle_content_show_link_text":"","tdc_toggle_content_hide_link_text":"","tdc_toggle_content_image_position":"None","tdc_toggle_content_image":false,"tdc_demo_tile_bgimage":"https:\/\/www.canadahelps.org\/media\/collecte-fonds-ligne.tdc_demo_tile_bgimage.png","tdc_demo_tile_bg_fullwidth":false,"tdc_demo_tile_bg_maxwidth":"1280","tdc_demo_tile_bg_pos":"left bottom","tdc_demo_tile_bg_height":"150px","tdc_demo_tile_heading":"Lancez vos collectes de fonds avec assurance","tdc_demo_tile_text":"Nos outils tout-en-un pour la collecte de fonds aideront votre organisme \u00e0 recueillir plus d\u2019argent et \u00e0 travailler de mani\u00e8re plus efficiente.<br>\r\nVous aurez ainsi plus de temps et d\u2019argent afin de r\u00e9aliser votre mission. ","tdc_demo_tile_btn_text":"Commencez maintenant","tdc_demo_tile_btn_link":"https:\/\/www.canadahelps.org\/fr\/enregistrer\/compte-collecte-de-fonds\/","tdc_demo_tile_request_popup":false,"tdc_demo_tile_request_text":"Demandez une d\u00e9mo ","tdc_demo_tile_trademarks":"","hide_page_title":true,"insert_spotlight_boxes":false,"use_biography_grid":false,"tdc_hero_image":false,"tdc_hero_title":"","tdc_hero_title_color":"","tdc_hero_subtitle":"","tdc_hero_subtitle_color":"","tdc_hero_short_description":"","tdc_hero_short_description_color":"","tdc_datasource_show":false,"tdc_content_rows":false,"tdc_alt_content2_start_idx":"5","tdc_alt_content2_image_start_pos":"right","tdc_alt_content2_rows":false,"tdc_demo_tile_subheading":"","tdc_fund_hero_bgcolor":"#f8f8fa","additional_body_css_classes":"","tdc_demo_tile_link_url":"","row_settings":false},"yoast_head":"<!-- This site is optimized with the Yoast SEO plugin v26.0 - https:\/\/yoast.com\/wordpress\/plugins\/seo\/ -->\n<title>Collecte De Fonds En Ligne | CanaDon - Faites des dons \u00e0 un organisme de bienfaisance au Canada<\/title>\n<meta name=\"robots\" content=\"index, follow, max-snippet:-1, max-image-preview:large, max-video-preview:-1\" \/>\n<link rel=\"canonical\" href=\"https:\/\/www.canadahelps.org\/fr\/collecte-fonds-ligne\/\" \/>\n<meta property=\"og:locale\" content=\"fr_FR\" \/>\n<meta property=\"og:type\" content=\"article\" \/>\n<meta property=\"og:title\" content=\"Collecte De Fonds En Ligne | CanaDon - Faites des dons \u00e0 un organisme de bienfaisance au Canada\" \/>\n<meta property=\"og:url\" content=\"https:\/\/www.canadahelps.org\/fr\/collecte-fonds-ligne\/\" \/>\n<meta property=\"og:site_name\" content=\"CanaDon - Faites des dons \u00e0 un organisme de bienfaisance au Canada\" \/>\n<meta property=\"article:modified_time\" content=\"2020-06-18T18:55:50+00:00\" \/>\n<meta name=\"twitter:card\" content=\"summary_large_image\" \/>\n<script type=\"application\/ld+json\" class=\"yoast-schema-graph\">{\"@context\":\"https:\/\/schema.org\",\"@graph\":[{\"@type\":\"WebPage\",\"@id\":\"https:\/\/www.canadahelps.org\/fr\/collecte-fonds-ligne\/\",\"url\":\"https:\/\/www.canadahelps.org\/fr\/collecte-fonds-ligne\/\",\"name\":\"Collecte De Fonds En Ligne | CanaDon - Faites des dons \u00e0 un organisme de bienfaisance au Canada\",\"isPartOf\":{\"@id\":\"https:\/\/www.canadahelps.org\/fr\/#website\"},\"datePublished\":\"2018-06-18T15:44:46+00:00\",\"dateModified\":\"2020-06-18T18:55:50+00:00\",\"breadcrumb\":{\"@id\":\"https:\/\/www.canadahelps.org\/fr\/collecte-fonds-ligne\/#breadcrumb\"},\"inLanguage\":\"fr\",\"potentialAction\":[{\"@type\":\"ReadAction\",\"target\":[\"https:\/\/www.canadahelps.org\/fr\/collecte-fonds-ligne\/\"]}]},{\"@type\":\"BreadcrumbList\",\"@id\":\"https:\/\/www.canadahelps.org\/fr\/collecte-fonds-ligne\/#breadcrumb\",\"itemListElement\":[{\"@type\":\"ListItem\",\"position\":1,\"name\":\"Home\",\"item\":\"https:\/\/www.canadahelps.org\/fr\/\"},{\"@type\":\"ListItem\",\"position\":2,\"name\":\"Collecte De Fonds En Ligne\"}]},{\"@type\":\"WebSite\",\"@id\":\"https:\/\/www.canadahelps.org\/fr\/#website\",\"url\":\"https:\/\/www.canadahelps.org\/fr\/\",\"name\":\"CanadaHelps - Donate to any charity in Canada\",\"description\":\"Le don en toute simplicit\u00e9\",\"publisher\":{\"@id\":\"https:\/\/www.canadahelps.org\/fr\/#organization\"},\"potentialAction\":[{\"@type\":\"SearchAction\",\"target\":{\"@type\":\"EntryPoint\",\"urlTemplate\":\"https:\/\/www.canadahelps.org\/fr\/?s={search_term_string}\"},\"query-input\":{\"@type\":\"PropertyValueSpecification\",\"valueRequired\":true,\"valueName\":\"search_term_string\"}}],\"inLanguage\":\"fr\"},{\"@type\":\"Organization\",\"@id\":\"https:\/\/www.canadahelps.org\/fr\/#organization\",\"name\":\"CanadaHelps\",\"url\":\"https:\/\/www.canadahelps.org\/fr\/\",\"logo\":{\"@type\":\"ImageObject\",\"inLanguage\":\"fr\",\"@id\":\"https:\/\/www.canadahelps.org\/fr\/#\/schema\/logo\/image\/\",\"url\":\"https:\/\/www.canadahelps.org\/media\/canadahelps-en.jpg\",\"contentUrl\":\"https:\/\/www.canadahelps.org\/media\/canadahelps-en.jpg\",\"width\":131,\"height\":72,\"caption\":\"CanadaHelps\"},\"image\":{\"@id\":\"https:\/\/www.canadahelps.org\/fr\/#\/schema\/logo\/image\/\"}}]}<\/script>\n<!-- \/ Yoast SEO plugin. -->","yoast_head_json":{"title":"Collecte De Fonds En Ligne | CanaDon - Faites des dons \u00e0 un organisme de bienfaisance au Canada","robots":{"index":"index","follow":"follow","max-snippet":"max-snippet:-1","max-image-preview":"max-image-preview:large","max-video-preview":"max-video-preview:-1"},"canonical":"https:\/\/www.canadahelps.org\/fr\/collecte-fonds-ligne\/","og_locale":"fr_FR","og_type":"article","og_title":"Collecte De Fonds En Ligne | CanaDon - Faites des dons \u00e0 un organisme de bienfaisance au Canada","og_url":"https:\/\/www.canadahelps.org\/fr\/collecte-fonds-ligne\/","og_site_name":"CanaDon - Faites des dons \u00e0 un organisme de bienfaisance au Canada","article_modified_time":"2020-06-18T18:55:50+00:00","twitter_card":"summary_large_image","schema":{"@context":"https:\/\/schema.org","@graph":[{"@type":"WebPage","@id":"https:\/\/www.canadahelps.org\/fr\/collecte-fonds-ligne\/","url":"https:\/\/www.canadahelps.org\/fr\/collecte-fonds-ligne\/","name":"Collecte De Fonds En Ligne | CanaDon - Faites des dons \u00e0 un organisme de bienfaisance au Canada","isPartOf":{"@id":"https:\/\/www.canadahelps.org\/fr\/#website"},"datePublished":"2018-06-18T15:44:46+00:00","dateModified":"2020-06-18T18:55:50+00:00","breadcrumb":{"@id":"https:\/\/www.canadahelps.org\/fr\/collecte-fonds-ligne\/#breadcrumb"},"inLanguage":"fr","potentialAction":[{"@type":"ReadAction","target":["https:\/\/www.canadahelps.org\/fr\/collecte-fonds-ligne\/"]}]},{"@type":"BreadcrumbList","@id":"https:\/\/www.canadahelps.org\/fr\/collecte-fonds-ligne\/#breadcrumb","itemListElement":[{"@type":"ListItem","position":1,"name":"Home","item":"https:\/\/www.canadahelps.org\/fr\/"},{"@type":"ListItem","position":2,"name":"Collecte De Fonds En Ligne"}]},{"@type":"WebSite","@id":"https:\/\/www.canadahelps.org\/fr\/#website","url":"https:\/\/www.canadahelps.org\/fr\/","name":"CanadaHelps - Donate to any charity in Canada","description":"Le don en toute simplicit\u00e9","publisher":{"@id":"https:\/\/www.canadahelps.org\/fr\/#organization"},"potentialAction":[{"@type":"SearchAction","target":{"@type":"EntryPoint","urlTemplate":"https:\/\/www.canadahelps.org\/fr\/?s={search_term_string}"},"query-input":{"@type":"PropertyValueSpecification","valueRequired":true,"valueName":"search_term_string"}}],"inLanguage":"fr"},{"@type":"Organization","@id":"https:\/\/www.canadahelps.org\/fr\/#organization","name":"CanadaHelps","url":"https:\/\/www.canadahelps.org\/fr\/","logo":{"@type":"ImageObject","inLanguage":"fr","@id":"https:\/\/www.canadahelps.org\/fr\/#\/schema\/logo\/image\/","url":"https:\/\/www.canadahelps.org\/media\/canadahelps-en.jpg","contentUrl":"https:\/\/www.canadahelps.org\/media\/canadahelps-en.jpg","width":131,"height":72,"caption":"CanadaHelps"},"image":{"@id":"https:\/\/www.canadahelps.org\/fr\/#\/schema\/logo\/image\/"}}]}},"_links":{"self":[{"href":"https:\/\/www.canadahelps.org\/fr\/wp-json\/wp\/v2\/pages\/21223","targetHints":{"allow":["GET"]}}],"collection":[{"href":"https:\/\/www.canadahelps.org\/fr\/wp-json\/wp\/v2\/pages"}],"about":[{"href":"https:\/\/www.canadahelps.org\/fr\/wp-json\/wp\/v2\/types\/page"}],"author":[{"embeddable":true,"href":"https:\/\/www.canadahelps.org\/fr\/wp-json\/wp\/v2\/users\/7"}],"replies":[{"embeddable":true,"href":"https:\/\/www.canadahelps.org\/fr\/wp-json\/wp\/v2\/comments?post=21223"}],"version-history":[{"count":22,"href":"https:\/\/www.canadahelps.org\/fr\/wp-json\/wp\/v2\/pages\/21223\/revisions"}],"predecessor-version":[{"id":32734,"href":"https:\/\/www.canadahelps.org\/fr\/wp-json\/wp\/v2\/pages\/21223\/revisions\/32734"}],"wp:attachment":[{"href":"https:\/\/www.canadahelps.org\/fr\/wp-json\/wp\/v2\/media?parent=21223"}],"curies":[{"name":"wp","href":"https:\/\/api.w.org\/{rel}","templated":true}]}}