{"id":22031,"date":"2017-10-30T15:41:38","date_gmt":"2017-10-30T19:41:38","guid":{"rendered":"https:\/\/www.canadahelps.org\/?page_id=22031"},"modified":"2020-09-16T15:49:06","modified_gmt":"2020-09-16T19:49:06","slug":"faites-la-promotion-de-vos-cadeaux-de-bienfaisance","status":"publish","type":"page","link":"https:\/\/www.canadahelps.org\/fr\/faites-la-promotion-de-vos-cadeaux-de-bienfaisance\/","title":{"rendered":"Faites la promotion de vos cadeaux de bienfaisance"},"content":{"rendered":"<div style=\"padding: 10px 20px;\">\n<h2 id=\"for-charities\" class=\"text-oversize\" style=\"margin-top: 15px;\">C\u2019est facile d\u2019ajouter vos cadeaux de bienfaisance dans le Guide de cadeaux de bienfaisance, de CanaDon!<\/h2>\n<h2><strong>Lancez vos cadeaux de bienfaisance\u200b sur CanaDon.org d&#8217;ici <span style=\"text-decoration: underline;\">le 2 novembre 2020<\/span> pour avoir la chance d&#8217;\u00eatre d\u00e9couvert par de nouveaux donateurs dans notre campagne de guides de cadeaux de bienfaisance\u200b<\/strong><\/h2>\n<\/div>\n<p>&nbsp;<\/p>\n<div class=\"col-sm-3\" style=\"padding: 10px 20px;\"><img decoding=\"async\" class=\"alignleft size-full wp-image-4690\" style=\"padding: 0px 10px 0px 0px;\" src=\"https:\/\/www.canadahelps.org\/media\/Charitable-GIft-Rotator-Alt-FR.png.jpg\" alt=\"\" height=\"96\" \/><\/div>\n<div class=\"col-sm-8\">\n<p class=\"text-oversize\">Les donateurs sont davantage motiv\u00e9s \u00e0 faire des dons lorsqu\u2019ils en connaissent l\u2019impact tangible. Particuli\u00e8rement \u00e0 l\u2019occasion des F\u00eates, beaucoup d\u2019importants organismes de bienfaisance font avec succ\u00e8s la promotion de cadeaux de bienfaisance (p. ex., une campagne afin d\u2019offrir une ch\u00e8vre \u00e0 une famille ou une bourse d\u2019\u00e9tudes \u00e0 un enfant). <strong><a href=\"https:\/\/www.canadahelps.org\/fr\/guide-de-cadeaux-de-bienfaisance\/\" target=\"_blank\" rel=\"noopener noreferrer\">Le Guide de cadeaux de bienfaisance, de CanaDon, <\/a><\/strong> permet aux organismes de bienfaisance, de tout type et de toute taille, d\u2019attirer de nouveaux donateurs en faisant gratuitement la promotion de leurs cadeaux de bienfaisance.<\/p>\n<\/div>\n<div class=\"row\" style=\"padding-bottom: 0px;\">\n<div class=\"col-sm-8\" style=\"padding: 0px 25px;\">\n<h2 id=\"for-charities\" class=\"text-blue\" style=\"margin-top: 30px;\">Quels genres de cadeaux sont les plus populaires?<\/h2>\n<p class=\"text-oversize\">Les cadeaux de bienfaisance sont tr\u00e8s vari\u00e9s, allant d\u2019articles tels que des couvertures chaudes, des fournitures scolaires ou des trousses de premiers soins, jusqu\u2019aux r\u00e9sultats obtenus par les dons, par exemple, le cadeau d\u2019un traitement m\u00e9dical pour sauver la vie d\u2019un enfant dans le besoin. Vous pouvez ajouter des cadeaux qui se donnent sp\u00e9cifiquement pendant la p\u00e9riode des F\u00eates, mais nous vous sugg\u00e9rons d\u2019ajouter des cadeaux qui se donnent toute l\u2019ann\u00e9e! Nous en ferons la promotion pour la f\u00eate des M\u00e8res et la f\u00eate des P\u00e8res, et en d\u2019autres occasions!<\/p>\n<p class=\"text-oversize\">Ouvrez une session pour ajouter un cadeau!<\/p>\n<p><a class=\"btn btn-primary\" title=\"Sign in\" href=\"https:\/\/www.canadahelps.org\/Admin\/MCProfile_Admin.aspx\">Pour d\u00e9marrer<\/a><\/p>\n<\/div>\n<div class=\"col-sm-4 extra-spacing\"><img loading=\"lazy\" decoding=\"async\" class=\"aligncenter img-responsive\" src=\"https:\/\/www.canadahelps.org\/media\/GiftGuide-Tablet-01.png\" alt=\"canadahelps-gift-guide-tablet\" width=\"300\" height=\"400\" \/><\/div>\n<\/div>\n<div class=\"row\">\n<div class=\"col-sm-12\" style=\"padding: 0px 20px 10px;\">\n<p>&nbsp;<\/p>\n<h4 class=\"faq-question collapsed\" data-toggle=\"collapse\" data-target=\"#faq-1\">\n  <span class=\"faq-caret\"><\/span>\n  Voir des exemples de cadeau\n<\/h4>\n<div id=\"faq-1\" class=\"faq-answer collapse\">\n  \n<div class=\"well flat\">\n<div class=\"row\">\n<div class=\"col-sm-4 extra-spacing\"><img loading=\"lazy\" decoding=\"async\" class=\"aligncenter img-responsive\" style=\"margin-bottom: 20px;\" src=\"https:\/\/www.canadahelps.org\/media\/charitable-gift-ideas-3-FR.png\" alt=\"Gifts $25 or less\" width=\"217\" height=\"235\" \/><\/div>\n<div class=\"col-sm-4 extra-spacing\"><img loading=\"lazy\" decoding=\"async\" class=\"aligncenter img-responsive\" style=\"margin-bottom: 20px;\" src=\"https:\/\/www.canadahelps.org\/media\/charitable-gift-ideas-FR.png\" alt=\"Gifts $26-$100\" width=\"217\" height=\"235\" \/><\/div>\n<div class=\"col-sm-4 extra-spacing\">\n<p><img loading=\"lazy\" decoding=\"async\" class=\"aligncenter img-responsive\" style=\"margin-bottom: 20px;\" src=\"https:\/\/www.canadahelps.org\/media\/charitable-gift-ideas-2-FR.png\" alt=\"Gifts $101-$250\" width=\"217\" height=\"235\" \/><\/p>\n<\/div>\n<\/div>\n<\/div>\n\n<\/div>\n<\/div>\n<\/div>\n<hr style=\"border-color: #f1f1f1;\" \/>\n<h4 style=\"font-size: 18px;\">Comment ajouter un cadeau dans le Guide de cadeaux de bienfaisance, de CanaDon<\/h4>\n<ol style=\"padding: 0 0 0 15px;\">\n<li style=\"list-style-type: none;\">\n<ol style=\"padding: 0 0 0 15px;\">\n<li style=\"list-style-type: none;\">\n<ol style=\"padding: 0 0 0 15px;\">\n<li><strong> <a href=\"https:\/\/www.canadahelps.org\/fr\/SignIn.aspx\" target=\"_blank\" rel=\"noopener noreferrer\">Ouvrez une session<\/a> <\/strong>sur votre compte CanaDon et cliquez sur<strong>\u00a0Mon Organisme<\/strong>\u00a0dans le menu d\u00e9roulant du coin sup\u00e9rieur droit de l\u2019\u00e9cran.<\/li>\n<li>Cliquez sur l\u2019onglet <strong>Profil<\/strong> et ensuite sur <strong>Pages de campagne<\/strong>.<\/li>\n<li>Remplissez les champs de cette page afin de cr\u00e9er une campagne.\u00a0\u00a0<img loading=\"lazy\" decoding=\"async\" class=\"alignnone wp-image-4657\" src=\"https:\/\/www.canadahelps.org\/media\/create-campaign-FR-1.jpg\" alt=\"Create Campaign\" width=\"500\" height=\"374\" \/><br \/>\n&#8211; Saisissez le nom de votre cadeau de bienfaisance, sous le champ \u00ab Nom \u00bb pour le fran\u00e7ais et\/ou l\u2019anglais (p. ex., Trousse d\u2019urgence).<br \/>\n&#8211; Indiquez la date \u00e0 laquelle vous d\u00e9sirez que votre cadeau paraisse dans le Guide de cadeaux de bienfaisance.<br \/>\n&#8211; Indiquez la date \u00e0 laquelle vous d\u00e9sirez qu\u2019on enl\u00e8ve votre cadeau du Guide de cadeaux de bienfaisance, ou laissez en blanc.<br \/>\n&#8211; Si vous visez un certain montant pour le cadeau, vous pouvez l\u2019indiquer ici.<br \/>\n&#8211; S\u00e9lectionnez un fonds ou cr\u00e9ez-en un.<\/li>\n<li>Apr\u00e8s que vous aurez cliqu\u00e9 sur <strong>Cr\u00e9er une campagne<\/strong>, on vous dirigera vers une page o\u00f9 vous pourrez s\u00e9lectionner la valeur de votre cadeau, ajouter une photo et une description, etc. Lorsque vous saisissez l\u2019information au sujet de votre cadeau \u00e0 la page suivante, n\u2019oubliez pas de s\u00e9lectionner la valeur de votre cadeau, dans le menu d\u00e9roulant <strong>S\u00e9lectionnez un type de campagne<\/strong>. <img loading=\"lazy\" decoding=\"async\" class=\"alignnone size-medium wp-image-4659\" src=\"https:\/\/www.canadahelps.org\/media\/campaign-type-fr-1.jpg\" alt=\"Campaign Type\" width=\"300\" height=\"179\" \/><\/li>\n<\/ol>\n<\/li>\n<\/ol>\n<\/li>\n<\/ol>\n<hr style=\"border-color: #f1f1f1;\" \/>\n<h4 style=\"font-size: 18px;\">Conseils pratiques :<\/h4>\n<ul>\n<li>Une photo vaut mille mots, aussi ajoutez-en une! Ajoutez d\u2019abord des photos \u00e0 votre m\u00e9diath\u00e8que, puis s\u00e9lectionnez celles que vous d\u00e9sirez afficher sur cette page \u00e0 partir de l\u2019onglet <strong>Visuels de la page<\/strong>.<\/li>\n<li>\u00c0 l\u2019onglet <strong>Montants pr\u00e9d\u00e9termin\u00e9s pour les dons<\/strong>, indiquez la valeur de votre cadeau de bienfaisance ainsi que l\u2019impact du don.\u00a0<img loading=\"lazy\" decoding=\"async\" class=\"alignnone wp-image-4661\" src=\"https:\/\/www.canadahelps.org\/media\/donation-preset-FR-1.jpg\" alt=\"donation presets\" width=\"600\" height=\"366\" \/><\/li>\n<\/ul>\n<p>&nbsp;<\/p>\n","protected":false},"excerpt":{"rendered":"<p>C\u2019est facile d\u2019ajouter vos cadeaux de bienfaisance dans le Guide de cadeaux de bienfaisance, de CanaDon! Lancez vos cadeaux de bienfaisance\u200b sur CanaDon.org d&#8217;ici le &#8230; <a href=\"https:\/\/www.canadahelps.org\/fr\/faites-la-promotion-de-vos-cadeaux-de-bienfaisance\/\" id=\"canadahelp-blog-meta\">Voir plus<\/a><\/p>\n","protected":false},"author":60,"featured_media":0,"parent":0,"menu_order":0,"comment_status":"closed","ping_status":"closed","template":"template-custom.php","meta":{"footnotes":""},"class_list":["post-22031","page","type-page","status-publish","hentry"],"acf":{"meta_description":"","use_toc_layout":false,"additional_body_css_classes":"","hide_page_title":false,"insert_spotlight_boxes":false,"use_biography_grid":false,"footer_panels":false,"header_banner_colour":"#006fae","row_settings":false},"yoast_head":"<!-- This site is optimized with the Yoast SEO plugin v26.0 - https:\/\/yoast.com\/wordpress\/plugins\/seo\/ -->\n<title>Faites la promotion de vos cadeaux de bienfaisance | CanaDon - Faites des dons \u00e0 un organisme de bienfaisance au Canada<\/title>\n<meta name=\"robots\" content=\"index, follow, max-snippet:-1, max-image-preview:large, max-video-preview:-1\" \/>\n<link rel=\"canonical\" href=\"https:\/\/www.canadahelps.org\/fr\/faites-la-promotion-de-vos-cadeaux-de-bienfaisance\/\" \/>\n<meta property=\"og:locale\" content=\"fr_FR\" \/>\n<meta property=\"og:type\" content=\"article\" \/>\n<meta property=\"og:title\" content=\"Faites la promotion de vos cadeaux de bienfaisance | CanaDon - Faites des dons \u00e0 un organisme de bienfaisance au Canada\" \/>\n<meta property=\"og:description\" content=\"C\u2019est facile d\u2019ajouter vos cadeaux de bienfaisance dans le Guide de cadeaux de bienfaisance, de CanaDon! Lancez vos cadeaux de bienfaisance\u200b sur CanaDon.org d&#8217;ici le ... Voir plus\" \/>\n<meta property=\"og:url\" content=\"https:\/\/www.canadahelps.org\/fr\/faites-la-promotion-de-vos-cadeaux-de-bienfaisance\/\" \/>\n<meta property=\"og:site_name\" content=\"CanaDon - Faites des dons \u00e0 un organisme de bienfaisance au Canada\" \/>\n<meta property=\"article:modified_time\" content=\"2020-09-16T19:49:06+00:00\" \/>\n<meta property=\"og:image\" content=\"https:\/\/www.canadahelps.org\/media\/Charitable-GIft-Rotator-Alt-FR.png.jpg\" \/>\n<meta name=\"twitter:card\" content=\"summary_large_image\" \/>\n<meta name=\"twitter:label1\" content=\"Est. reading time\" \/>\n\t<meta name=\"twitter:data1\" content=\"3 minutes\" \/>\n<script type=\"application\/ld+json\" class=\"yoast-schema-graph\">{\"@context\":\"https:\/\/schema.org\",\"@graph\":[{\"@type\":\"WebPage\",\"@id\":\"https:\/\/www.canadahelps.org\/fr\/faites-la-promotion-de-vos-cadeaux-de-bienfaisance\/\",\"url\":\"https:\/\/www.canadahelps.org\/fr\/faites-la-promotion-de-vos-cadeaux-de-bienfaisance\/\",\"name\":\"Faites la promotion de vos cadeaux de bienfaisance | CanaDon - Faites des dons \u00e0 un organisme de bienfaisance au Canada\",\"isPartOf\":{\"@id\":\"https:\/\/www.canadahelps.org\/fr\/#website\"},\"primaryImageOfPage\":{\"@id\":\"https:\/\/www.canadahelps.org\/fr\/faites-la-promotion-de-vos-cadeaux-de-bienfaisance\/#primaryimage\"},\"image\":{\"@id\":\"https:\/\/www.canadahelps.org\/fr\/faites-la-promotion-de-vos-cadeaux-de-bienfaisance\/#primaryimage\"},\"thumbnailUrl\":\"https:\/\/www.canadahelps.org\/media\/Charitable-GIft-Rotator-Alt-FR.png.jpg\",\"datePublished\":\"2017-10-30T19:41:38+00:00\",\"dateModified\":\"2020-09-16T19:49:06+00:00\",\"breadcrumb\":{\"@id\":\"https:\/\/www.canadahelps.org\/fr\/faites-la-promotion-de-vos-cadeaux-de-bienfaisance\/#breadcrumb\"},\"inLanguage\":\"fr\",\"potentialAction\":[{\"@type\":\"ReadAction\",\"target\":[\"https:\/\/www.canadahelps.org\/fr\/faites-la-promotion-de-vos-cadeaux-de-bienfaisance\/\"]}]},{\"@type\":\"ImageObject\",\"inLanguage\":\"fr\",\"@id\":\"https:\/\/www.canadahelps.org\/fr\/faites-la-promotion-de-vos-cadeaux-de-bienfaisance\/#primaryimage\",\"url\":\"https:\/\/www.canadahelps.org\/media\/Charitable-GIft-Rotator-Alt-FR.png.jpg\",\"contentUrl\":\"https:\/\/www.canadahelps.org\/media\/Charitable-GIft-Rotator-Alt-FR.png.jpg\"},{\"@type\":\"BreadcrumbList\",\"@id\":\"https:\/\/www.canadahelps.org\/fr\/faites-la-promotion-de-vos-cadeaux-de-bienfaisance\/#breadcrumb\",\"itemListElement\":[{\"@type\":\"ListItem\",\"position\":1,\"name\":\"Home\",\"item\":\"https:\/\/www.canadahelps.org\/fr\/\"},{\"@type\":\"ListItem\",\"position\":2,\"name\":\"Faites la promotion de vos cadeaux de bienfaisance\"}]},{\"@type\":\"WebSite\",\"@id\":\"https:\/\/www.canadahelps.org\/fr\/#website\",\"url\":\"https:\/\/www.canadahelps.org\/fr\/\",\"name\":\"CanadaHelps - Donate to any charity in Canada\",\"description\":\"Le don en toute simplicit\u00e9\",\"publisher\":{\"@id\":\"https:\/\/www.canadahelps.org\/fr\/#organization\"},\"potentialAction\":[{\"@type\":\"SearchAction\",\"target\":{\"@type\":\"EntryPoint\",\"urlTemplate\":\"https:\/\/www.canadahelps.org\/fr\/?s={search_term_string}\"},\"query-input\":{\"@type\":\"PropertyValueSpecification\",\"valueRequired\":true,\"valueName\":\"search_term_string\"}}],\"inLanguage\":\"fr\"},{\"@type\":\"Organization\",\"@id\":\"https:\/\/www.canadahelps.org\/fr\/#organization\",\"name\":\"CanadaHelps\",\"url\":\"https:\/\/www.canadahelps.org\/fr\/\",\"logo\":{\"@type\":\"ImageObject\",\"inLanguage\":\"fr\",\"@id\":\"https:\/\/www.canadahelps.org\/fr\/#\/schema\/logo\/image\/\",\"url\":\"https:\/\/www.canadahelps.org\/media\/canadahelps-en.jpg\",\"contentUrl\":\"https:\/\/www.canadahelps.org\/media\/canadahelps-en.jpg\",\"width\":131,\"height\":72,\"caption\":\"CanadaHelps\"},\"image\":{\"@id\":\"https:\/\/www.canadahelps.org\/fr\/#\/schema\/logo\/image\/\"}}]}<\/script>\n<!-- \/ Yoast SEO plugin. -->","yoast_head_json":{"title":"Faites la promotion de vos cadeaux de bienfaisance | CanaDon - Faites des dons \u00e0 un organisme de bienfaisance au Canada","robots":{"index":"index","follow":"follow","max-snippet":"max-snippet:-1","max-image-preview":"max-image-preview:large","max-video-preview":"max-video-preview:-1"},"canonical":"https:\/\/www.canadahelps.org\/fr\/faites-la-promotion-de-vos-cadeaux-de-bienfaisance\/","og_locale":"fr_FR","og_type":"article","og_title":"Faites la promotion de vos cadeaux de bienfaisance | CanaDon - Faites des dons \u00e0 un organisme de bienfaisance au Canada","og_description":"C\u2019est facile d\u2019ajouter vos cadeaux de bienfaisance dans le Guide de cadeaux de bienfaisance, de CanaDon! Lancez vos cadeaux de bienfaisance\u200b sur CanaDon.org d&#8217;ici le ... Voir plus","og_url":"https:\/\/www.canadahelps.org\/fr\/faites-la-promotion-de-vos-cadeaux-de-bienfaisance\/","og_site_name":"CanaDon - Faites des dons \u00e0 un organisme de bienfaisance au Canada","article_modified_time":"2020-09-16T19:49:06+00:00","og_image":[{"url":"https:\/\/www.canadahelps.org\/media\/Charitable-GIft-Rotator-Alt-FR.png.jpg","type":"","width":"","height":""}],"twitter_card":"summary_large_image","twitter_misc":{"Est. reading time":"3 minutes"},"schema":{"@context":"https:\/\/schema.org","@graph":[{"@type":"WebPage","@id":"https:\/\/www.canadahelps.org\/fr\/faites-la-promotion-de-vos-cadeaux-de-bienfaisance\/","url":"https:\/\/www.canadahelps.org\/fr\/faites-la-promotion-de-vos-cadeaux-de-bienfaisance\/","name":"Faites la promotion de vos cadeaux de bienfaisance | CanaDon - Faites des dons \u00e0 un organisme de bienfaisance au Canada","isPartOf":{"@id":"https:\/\/www.canadahelps.org\/fr\/#website"},"primaryImageOfPage":{"@id":"https:\/\/www.canadahelps.org\/fr\/faites-la-promotion-de-vos-cadeaux-de-bienfaisance\/#primaryimage"},"image":{"@id":"https:\/\/www.canadahelps.org\/fr\/faites-la-promotion-de-vos-cadeaux-de-bienfaisance\/#primaryimage"},"thumbnailUrl":"https:\/\/www.canadahelps.org\/media\/Charitable-GIft-Rotator-Alt-FR.png.jpg","datePublished":"2017-10-30T19:41:38+00:00","dateModified":"2020-09-16T19:49:06+00:00","breadcrumb":{"@id":"https:\/\/www.canadahelps.org\/fr\/faites-la-promotion-de-vos-cadeaux-de-bienfaisance\/#breadcrumb"},"inLanguage":"fr","potentialAction":[{"@type":"ReadAction","target":["https:\/\/www.canadahelps.org\/fr\/faites-la-promotion-de-vos-cadeaux-de-bienfaisance\/"]}]},{"@type":"ImageObject","inLanguage":"fr","@id":"https:\/\/www.canadahelps.org\/fr\/faites-la-promotion-de-vos-cadeaux-de-bienfaisance\/#primaryimage","url":"https:\/\/www.canadahelps.org\/media\/Charitable-GIft-Rotator-Alt-FR.png.jpg","contentUrl":"https:\/\/www.canadahelps.org\/media\/Charitable-GIft-Rotator-Alt-FR.png.jpg"},{"@type":"BreadcrumbList","@id":"https:\/\/www.canadahelps.org\/fr\/faites-la-promotion-de-vos-cadeaux-de-bienfaisance\/#breadcrumb","itemListElement":[{"@type":"ListItem","position":1,"name":"Home","item":"https:\/\/www.canadahelps.org\/fr\/"},{"@type":"ListItem","position":2,"name":"Faites la promotion de vos cadeaux de bienfaisance"}]},{"@type":"WebSite","@id":"https:\/\/www.canadahelps.org\/fr\/#website","url":"https:\/\/www.canadahelps.org\/fr\/","name":"CanadaHelps - Donate to any charity in Canada","description":"Le don en toute simplicit\u00e9","publisher":{"@id":"https:\/\/www.canadahelps.org\/fr\/#organization"},"potentialAction":[{"@type":"SearchAction","target":{"@type":"EntryPoint","urlTemplate":"https:\/\/www.canadahelps.org\/fr\/?s={search_term_string}"},"query-input":{"@type":"PropertyValueSpecification","valueRequired":true,"valueName":"search_term_string"}}],"inLanguage":"fr"},{"@type":"Organization","@id":"https:\/\/www.canadahelps.org\/fr\/#organization","name":"CanadaHelps","url":"https:\/\/www.canadahelps.org\/fr\/","logo":{"@type":"ImageObject","inLanguage":"fr","@id":"https:\/\/www.canadahelps.org\/fr\/#\/schema\/logo\/image\/","url":"https:\/\/www.canadahelps.org\/media\/canadahelps-en.jpg","contentUrl":"https:\/\/www.canadahelps.org\/media\/canadahelps-en.jpg","width":131,"height":72,"caption":"CanadaHelps"},"image":{"@id":"https:\/\/www.canadahelps.org\/fr\/#\/schema\/logo\/image\/"}}]}},"_links":{"self":[{"href":"https:\/\/www.canadahelps.org\/fr\/wp-json\/wp\/v2\/pages\/22031","targetHints":{"allow":["GET"]}}],"collection":[{"href":"https:\/\/www.canadahelps.org\/fr\/wp-json\/wp\/v2\/pages"}],"about":[{"href":"https:\/\/www.canadahelps.org\/fr\/wp-json\/wp\/v2\/types\/page"}],"author":[{"embeddable":true,"href":"https:\/\/www.canadahelps.org\/fr\/wp-json\/wp\/v2\/users\/60"}],"replies":[{"embeddable":true,"href":"https:\/\/www.canadahelps.org\/fr\/wp-json\/wp\/v2\/comments?post=22031"}],"version-history":[{"count":14,"href":"https:\/\/www.canadahelps.org\/fr\/wp-json\/wp\/v2\/pages\/22031\/revisions"}],"predecessor-version":[{"id":35332,"href":"https:\/\/www.canadahelps.org\/fr\/wp-json\/wp\/v2\/pages\/22031\/revisions\/35332"}],"wp:attachment":[{"href":"https:\/\/www.canadahelps.org\/fr\/wp-json\/wp\/v2\/media?parent=22031"}],"curies":[{"name":"wp","href":"https:\/\/api.w.org\/{rel}","templated":true}]}}