{"id":22483,"date":"2018-10-24T12:06:23","date_gmt":"2018-10-24T16:06:23","guid":{"rendered":"https:\/\/www.canadahelps.org\/?page_id=22483"},"modified":"2020-03-23T16:15:19","modified_gmt":"2020-03-23T20:15:19","slug":"le-secteur-2018","status":"publish","type":"page","link":"https:\/\/www.canadahelps.org\/fr\/le-rapport-sur-les-dons-2018\/le-secteur-2018\/","title":{"rendered":"Le secteur"},"content":{"rendered":"<p>Annexe A&nbsp;:  Sources des donn\u00e9es et clarifications<\/p>\n<p>Sur le site du Rapport sur les dons 2018, ainsi que dans le rapport t\u00e9l\u00e9chargeable et les tableaux de donn\u00e9es compl\u00e9mentaires, nous utilisons un num\u00e9ro de r\u00e9f\u00e9rence pour indiquer la source des donn\u00e9es. On trouvera ci-dessous de l\u2019information sur chaque source des donn\u00e9es ainsi que, le cas \u00e9ch\u00e9ant, un avis de non-responsabilit\u00e9 ou des clarifications. <\/p>\n<p>\u00c0 moins d\u2019indication contraire, tous les montants en dollars ont \u00e9t\u00e9 ajust\u00e9s pour tenir compte de l\u2019inflation, et ont \u00e9t\u00e9 convertis en dollars constants de 2016 \u00e0 l\u2019aide du tableau 11-10-0047-01 de Statistique Canada.<\/p>\n<p>SOURCE DE DONN\u00c9ES 1&nbsp;:<\/p>\n<p>Universit\u00e9 Johns Hopkins, \u00ab The State of Global Civil Society and Volunteering \u00bb (<a href=\"http:\/\/ccss.jhu.edu\/wp-content\/uploads\/downloads\/2013\/04\/JHU_Global-Civil-Society-Volunteering_FINAL_3.2013.pdf\" target=\"_blank\" rel=\"noopener noreferrer\">http:\/\/ccss.jhu.edu\/wp-content\/uploads\/downloads\/2013\/04\/JHU_Global-Civil-Society-Volunteering_FINAL_3.2013.pdf<\/a>)<\/p>\n<p>SOURCE DE DONN\u00c9ES 2&nbsp;:<\/p>\n<p>Statistique Canada, tableau 36-10-0478-01<br \/>\nStatistique Canada, tableau 36-10-0438-01<\/p>\n<p>Analyse d\u2019Imagine Canada<\/p>\n<p>SOURCE DE DONN\u00c9ES 3&nbsp;:<\/p>\n<p>Agence du revenu du Canada, T3010 D\u00e9claration de renseignements des organismes de bienfaisance enregistr\u00e9s<br \/>\nStatistique Canada, tableau 14-10-0090-01<\/p>\n<p>Analyse d\u2019Imagine Canada<\/p>\n<p>SOURCE DE DONN\u00c9ES 4&nbsp;:<\/p>\n<p>Agence du revenu du Canada, T3010 D\u00e9claration de renseignements des organismes de bienfaisance enregistr\u00e9s<\/p>\n<p>SOURCE DE DONN\u00c9ES 5&nbsp;:<\/p>\n<p>CanaDon<\/p>\n<p>Note&nbsp;: La distribution ne totalise pas 100 % car certains organismes peuvent se retrouver dans plusieurs cat\u00e9gories (p. ex., \u00e9ducation en arts visuels, arts et culture, et \u00e9ducation)<\/p>\n<p>SOURCE DE DONN\u00c9ES 6&nbsp;:<\/p>\n<p>Agence du revenu du Canada, T3010 D\u00e9claration de renseignements des organismes de bienfaisance enregistr\u00e9s<\/p>\n<p>La Classification internationale des organismes sans but lucratif<\/p>\n<p>Imagine Canada, Connexion subvention<\/p>\n<p>SOURCE DE DONN\u00c9ES 7&nbsp;:<\/p>\n<p>Statistique Canada, Division de la statistique du revenu, Estimations annuelles du revenu des familles de recensement et des particuliers (Fichier des familles T1), totalisation personnalis\u00e9e<\/p>\n<p>Avis de non-responsabilit\u00e9 concernant la validation du code postal&nbsp;: Les donn\u00e9es g\u00e9ographiques pour le fichier des familles T1 (fFT1) sont d\u00e9riv\u00e9es d\u2019un amalgame des codes postaux<sup>MO<\/sup>. Statistique Canada ne fait aucune d\u00e9claration ni validation et n&#8217;offre aucune garantie concernant l&#8217;exactitude des donn\u00e9es relatives aux codes postaux<sup>MO<\/sup>. <\/p>\n<p>SOURCE DE DONN\u00c9ES 8&nbsp;:<\/p>\n<p>Statistique Canada, Division de la statistique du revenu, Estimations annuelles du revenu des familles de recensement et des particuliers (Fichier des familles T1), totalisation personnalis\u00e9e<\/p>\n<p>Avis de non-responsabilit\u00e9 concernant la validation du code postal&nbsp;: Les donn\u00e9es g\u00e9ographiques pour le fichier des familles T1 (fFT1) sont d\u00e9riv\u00e9es d\u2019un amalgame des codes postaux<sup>MO<\/sup>. Statistique Canada ne fait aucune d\u00e9claration ni validation et n&#8217;offre aucune garantie concernant l&#8217;exactitude des donn\u00e9es relatives aux codes postaux<sup>MO<\/sup>. <\/p>\n<p>Note&nbsp;:  Seulement 14,5% des familles ayant un revenu de 20 k$-39 k$ ont r\u00e9clam\u00e9 un cr\u00e9dit d\u2019imp\u00f4t pour dons de bienfaisance, alors que 76,8 % des familles ayant un revenu de 250 k$ ou plus ont r\u00e9clam\u00e9 ce cr\u00e9dit d\u2019imp\u00f4t.<\/p>\n<p>SOURCE DE DONN\u00c9ES 9&nbsp;:<\/p>\n<p>Statistique Canada, Division de la statistique du revenu, Estimations annuelles du revenu des familles de recensement et des particuliers (Fichier des familles T1), totalisation personnalis\u00e9e<\/p>\n<p>Avis de non-responsabilit\u00e9 concernant la validation du code postal&nbsp;: Les donn\u00e9es g\u00e9ographiques pour le fichier des familles T1 (fFT1) sont d\u00e9riv\u00e9es d\u2019un amalgame des codes postaux<sup>MO<\/sup>. Statistique Canada ne fait aucune d\u00e9claration ni validation et n&#8217;offre aucune garantie concernant l&#8217;exactitude des donn\u00e9es relatives aux codes postaux<sup>MO<\/sup>. <\/p>\n<p>Note&nbsp;:  Seulement 2,3% des familles ayant un revenu inf\u00e9rieur \u00e0 20 k$ ont r\u00e9clam\u00e9 un cr\u00e9dit d\u2019imp\u00f4t pour dons de bienfaisance, alors que 76,8 % des familles ayant un revenu de 250 k$ ou plus ont r\u00e9clam\u00e9 ce cr\u00e9dit d\u2019imp\u00f4t.<\/p>\n<p>SOURCE DE DONN\u00c9ES 10&nbsp;:<\/p>\n<p>CanaDon <\/p>\n<p>SOURCE DE DONN\u00c9ES 11&nbsp;:<\/p>\n<p>Statistique Canada, tableau 17-10-0005-01<br \/>\nAgence du revenu du Canada, Statistiques finales T1<\/p>\n","protected":false},"excerpt":{"rendered":"<p>Annexe A&nbsp;: Sources des donn\u00e9es et clarifications Sur le site du Rapport sur les dons 2018, ainsi que dans le rapport t\u00e9l\u00e9chargeable et les tableaux &#8230; <a href=\"https:\/\/www.canadahelps.org\/fr\/le-rapport-sur-les-dons-2018\/le-secteur-2018\/\" id=\"canadahelp-blog-meta\">Voir plus<\/a><\/p>\n","protected":false},"author":30,"featured_media":0,"parent":22485,"menu_order":0,"comment_status":"closed","ping_status":"closed","template":"template-givingreport2018-frame-modules.php","meta":{"footnotes":""},"class_list":["post-22483","page","type-page","status-publish","hentry"],"acf":{"meta_description":"","use_toc_layout":false,"additional_body_css_classes":"","hide_page_title":true,"insert_spotlight_boxes":false,"use_biography_grid":false,"gr18_hh_title":"Le rapport sur les dons","gr18_hh_header_image":{"ID":22490,"id":22490,"title":"header","filename":"header-14.png","filesize":18777,"url":"https:\/\/www.canadahelps.org\/media\/header-14.png","link":"https:\/\/www.canadahelps.org\/fr\/le-rapport-sur-les-dons-2018\/le-secteur-2018\/attachment\/header-15\/","alt":"","author":"30","description":"","caption":"","name":"header-15","status":"inherit","uploaded_to":22483,"date":"2018-10-24 19:04:01","modified":"2018-10-24 19:04:01","menu_order":0,"mime_type":"image\/png","type":"image","subtype":"png","icon":"https:\/\/www.canadahelps.org\/wp-includes\/images\/media\/default.png","width":2560,"height":242,"sizes":{"thumbnail":"https:\/\/www.canadahelps.org\/media\/header-14-150x150.png","thumbnail-width":150,"thumbnail-height":150,"medium":"https:\/\/www.canadahelps.org\/media\/header-14-300x28.png","medium-width":300,"medium-height":28,"medium_large":"https:\/\/www.canadahelps.org\/media\/header-14-768x73.png","medium_large-width":768,"medium_large-height":73,"large":"https:\/\/www.canadahelps.org\/media\/header-14-1024x97.png","large-width":1024,"large-height":97,"1536x1536":"https:\/\/www.canadahelps.org\/media\/header-14.png","1536x1536-width":1536,"1536x1536-height":145,"2048x2048":"https:\/\/www.canadahelps.org\/media\/header-14.png","2048x2048-width":2048,"2048x2048-height":194}},"gr18_hh_title_colour":"#374252","gr18_layout_fields_for_template_b":[{"gr18_sub_headline_b":"Les organismes de bienfaisance sont vitaux pour l\u2019\u00e9conomie.","gr18_sub_link_text_b":"T\u00e9l\u00e9charger le rapport ","gr18_sub_link_url_b":"https:\/\/www.canadahelps.org\/fr\/le-rapport-sur-les-dons\/telechargez-le-rapport\/","gr18_sub_image_b":[{"gr18_sub_rptr_image_b":"https:\/\/www.canadahelps.org\/media\/img-gdp-1.png","gr18_sub_rptr_image_b_alt":"","gr18_sub_rptr_caption_b":"La contribution du secteur caritatif au PIB canadien est estim\u00e9e \u00e0 151 G$<sup>1,2<\/sup>. ","gr18_sub_rptr_caption_class_b":"givingreport18-caption"},{"gr18_sub_rptr_image_b":"https:\/\/www.canadahelps.org\/media\/img-workforce-1.png","gr18_sub_rptr_image_b_alt":"","gr18_sub_rptr_caption_b":"Le secteur caritatif emploie 1,4 million de Canadiens \u00e0 temps plein<sup>3<\/sup>.  ","gr18_sub_rptr_caption_class_b":"givingreport18-caption"}],"gr18_sub_banner":false,"gr18_sub_wide_image_b":false,"gr18_sub_wide_image_b_alt":""},{"gr18_sub_headline_b":"La plupart des organismes sont petits. ","gr18_sub_link_text_b":"T\u00e9l\u00e9charger le rapport ","gr18_sub_link_url_b":"https:\/\/www.canadahelps.org\/fr\/le-rapport-sur-les-dons\/telechargez-le-rapport\/","gr18_sub_image_b":[{"gr18_sub_rptr_image_b":"https:\/\/www.canadahelps.org\/media\/img-revenue-2.png","gr18_sub_rptr_image_b_alt":"","gr18_sub_rptr_caption_b":"80\u00a0% des organismes de bienfaisance ont des revenus annuels inf\u00e9rieurs \u00e0 500\u00a0000 $<sup>4<\/sup>. ","gr18_sub_rptr_caption_class_b":"givingreport18-caption"},{"gr18_sub_rptr_image_b":"https:\/\/www.canadahelps.org\/media\/img-volunteerrun-1.png","gr18_sub_rptr_image_b_alt":"","gr18_sub_rptr_caption_b":"La majorit\u00e9 des organismes de bienfaisance canadiens sont enti\u00e8rement g\u00e9r\u00e9s par des b\u00e9n\u00e9voles<sup>4<\/sup>.","gr18_sub_rptr_caption_class_b":"givingreport18-caption"}],"gr18_sub_banner":false,"gr18_sub_wide_image_b":false,"gr18_sub_wide_image_b_alt":""},{"gr18_sub_headline_b":"Moins de 10 % des d\u00e9penses des organismes de bienfaisance sont consacr\u00e9es \u00e0 l\u2019administration, dont les frais g\u00e9n\u00e9raux et de collecte de fonds<sup>4<\/sup>.  ","gr18_sub_link_text_b":"T\u00e9l\u00e9charger le rapport ","gr18_sub_link_url_b":"https:\/\/www.canadahelps.org\/fr\/le-rapport-sur-les-dons\/telechargez-le-rapport\/","gr18_sub_image_b":false,"gr18_sub_banner":false,"gr18_sub_wide_image_b":"https:\/\/www.canadahelps.org\/media\/img-spending-1.png","gr18_sub_wide_image_b_alt":""},{"gr18_sub_headline_b":"","gr18_sub_link_text_b":"","gr18_sub_link_url_b":"","gr18_sub_image_b":false,"gr18_sub_banner":[{"gr18_sub_banner_text_b":"Il y a plus de 86\u00a0000 organismes de bienfaisance enregistr\u00e9s au Canada<sup>4<\/sup>. ","gr18_sub_banner_style_b":"givingreport18-midpage-banner"}],"gr18_sub_wide_image_b":false,"gr18_sub_wide_image_b_alt":""},{"gr18_sub_headline_b":"Les organismes de bienfaisance r\u00e9pondent \u00e0 des besoins extr\u00eamement diversifi\u00e9s, qui touchent tous les aspects de notre vie<sup>5<\/sup>.","gr18_sub_link_text_b":"T\u00e9l\u00e9charger le rapport ","gr18_sub_link_url_b":"https:\/\/www.canadahelps.org\/fr\/le-rapport-sur-les-dons\/telechargez-le-rapport\/","gr18_sub_image_b":false,"gr18_sub_banner":false,"gr18_sub_wide_image_b":"https:\/\/www.canadahelps.org\/media\/img-categories_20181101.png","gr18_sub_wide_image_b_alt":""},{"gr18_sub_headline_b":"Le financement gouvernemental est crucial. Certains organismes de bienfaisance en re\u00e7oivent la plus grande partie.","gr18_sub_link_text_b":"T\u00e9l\u00e9charger le rapport ","gr18_sub_link_url_b":"https:\/\/www.canadahelps.org\/fr\/le-rapport-sur-les-dons\/telechargez-le-rapport\/","gr18_sub_image_b":[{"gr18_sub_rptr_image_b":"https:\/\/www.canadahelps.org\/media\/img-government-2.png","gr18_sub_rptr_image_b_alt":"","gr18_sub_rptr_caption_b":"Le financement du secteur caritatif provient surtout des gouvernements<sup>4<\/sup>.  ","gr18_sub_rptr_caption_class_b":"givingreport18-caption"},{"gr18_sub_rptr_image_b":"https:\/\/www.canadahelps.org\/media\/img-healtheducation-4.png","gr18_sub_rptr_image_b_alt":"","gr18_sub_rptr_caption_b":"Les organismes de la sant\u00e9 et de l\u2019\u00e9ducation re\u00e7oivent la plus large part du financement gouvernemental.<sup>6<\/sup> ","gr18_sub_rptr_caption_class_b":"givingreport18-caption"}],"gr18_sub_banner":false,"gr18_sub_wide_image_b":false,"gr18_sub_wide_image_b_alt":""},{"gr18_sub_headline_b":"Les petits organismes de bienfaisance comptent davantage sur les dons. ","gr18_sub_link_text_b":"T\u00e9l\u00e9charger le rapport ","gr18_sub_link_url_b":"https:\/\/www.canadahelps.org\/fr\/le-rapport-sur-les-dons\/telechargez-le-rapport\/","gr18_sub_image_b":[{"gr18_sub_rptr_image_b":"https:\/\/www.canadahelps.org\/media\/img-largestcharities-2.png","gr18_sub_rptr_image_b_alt":"","gr18_sub_rptr_caption_b":"Les plus importants organismes re\u00e7oivent la majeure partie du financement gouvernemental<sup>4<\/sup>. ","gr18_sub_rptr_caption_class_b":"givingreport18-caption"},{"gr18_sub_rptr_image_b":"https:\/\/www.canadahelps.org\/media\/img-smallcharities-2.png","gr18_sub_rptr_image_b_alt":"","gr18_sub_rptr_caption_b":"Les petits organismes comptent davantage sur les dons des particuliers et des entreprises<sup>4<\/sup>.  ","gr18_sub_rptr_caption_class_b":"givingreport18-caption"}],"gr18_sub_banner":false,"gr18_sub_wide_image_b":false,"gr18_sub_wide_image_b_alt":""}],"row_settings":false},"yoast_head":"<!-- This site is optimized with the Yoast SEO plugin v26.0 - https:\/\/yoast.com\/wordpress\/plugins\/seo\/ -->\n<title>Le secteur | CanaDon - Faites des dons \u00e0 un organisme de bienfaisance au Canada<\/title>\n<meta name=\"robots\" content=\"index, follow, max-snippet:-1, max-image-preview:large, max-video-preview:-1\" \/>\n<link rel=\"canonical\" href=\"https:\/\/www.canadahelps.org\/fr\/le-rapport-sur-les-dons\/le-secteur\/\" \/>\n<meta property=\"og:locale\" content=\"fr_FR\" \/>\n<meta property=\"og:type\" content=\"article\" \/>\n<meta property=\"og:title\" content=\"Le rapport sur les dons : Une analyse du secteur caritatif et de son impact au Canada\" \/>\n<meta property=\"og:description\" content=\"Les dons et le secteur caritatif sont essentiels au filet de s\u00e9curit\u00e9 sociale du Canada. Il est temps de pr\u00eater attention aux nouvelles tendances qui mettent ce secteur en p\u00e9ril.\" \/>\n<meta property=\"og:url\" content=\"https:\/\/www.canadahelps.org\/fr\/le-rapport-sur-les-dons\/le-secteur\/\" \/>\n<meta property=\"og:site_name\" content=\"CanaDon - Faites des dons \u00e0 un organisme de bienfaisance au Canada\" \/>\n<meta property=\"article:modified_time\" content=\"2020-03-23T20:15:19+00:00\" \/>\n<meta property=\"og:image\" content=\"https:\/\/www.canadahelps.org\/media\/The-Giving-Report-2018_FR_Cover.png\" \/>\n\t<meta property=\"og:image:width\" content=\"660\" \/>\n\t<meta property=\"og:image:height\" content=\"510\" \/>\n\t<meta property=\"og:image:type\" content=\"image\/png\" \/>\n<meta name=\"twitter:card\" content=\"summary_large_image\" \/>\n<meta name=\"twitter:label1\" content=\"Est. reading time\" \/>\n\t<meta name=\"twitter:data1\" content=\"3 minutes\" \/>\n<script type=\"application\/ld+json\" class=\"yoast-schema-graph\">{\"@context\":\"https:\/\/schema.org\",\"@graph\":[{\"@type\":\"WebPage\",\"@id\":\"https:\/\/www.canadahelps.org\/fr\/le-rapport-sur-les-dons-2018\/le-secteur-2018\/\",\"url\":\"https:\/\/www.canadahelps.org\/fr\/le-rapport-sur-les-dons\/le-secteur\/\",\"name\":\"Le secteur | CanaDon - Faites des dons \u00e0 un organisme de bienfaisance au Canada\",\"isPartOf\":{\"@id\":\"https:\/\/www.canadahelps.org\/fr\/#website\"},\"datePublished\":\"2018-10-24T16:06:23+00:00\",\"dateModified\":\"2020-03-23T20:15:19+00:00\",\"breadcrumb\":{\"@id\":\"https:\/\/www.canadahelps.org\/fr\/le-rapport-sur-les-dons\/le-secteur\/#breadcrumb\"},\"inLanguage\":\"fr\",\"potentialAction\":[{\"@type\":\"ReadAction\",\"target\":[\"https:\/\/www.canadahelps.org\/fr\/le-rapport-sur-les-dons\/le-secteur\/\"]}]},{\"@type\":\"BreadcrumbList\",\"@id\":\"https:\/\/www.canadahelps.org\/fr\/le-rapport-sur-les-dons\/le-secteur\/#breadcrumb\",\"itemListElement\":[{\"@type\":\"ListItem\",\"position\":1,\"name\":\"Home\",\"item\":\"https:\/\/www.canadahelps.org\/fr\/\"},{\"@type\":\"ListItem\",\"position\":2,\"name\":\"Le rapport sur les dons 2018\",\"item\":\"https:\/\/www.canadahelps.org\/fr\/the-giving-report-2018\/\"},{\"@type\":\"ListItem\",\"position\":3,\"name\":\"Le secteur\"}]},{\"@type\":\"WebSite\",\"@id\":\"https:\/\/www.canadahelps.org\/fr\/#website\",\"url\":\"https:\/\/www.canadahelps.org\/fr\/\",\"name\":\"CanadaHelps - Donate to any charity in Canada\",\"description\":\"Le don en toute simplicit\u00e9\",\"publisher\":{\"@id\":\"https:\/\/www.canadahelps.org\/fr\/#organization\"},\"potentialAction\":[{\"@type\":\"SearchAction\",\"target\":{\"@type\":\"EntryPoint\",\"urlTemplate\":\"https:\/\/www.canadahelps.org\/fr\/?s={search_term_string}\"},\"query-input\":{\"@type\":\"PropertyValueSpecification\",\"valueRequired\":true,\"valueName\":\"search_term_string\"}}],\"inLanguage\":\"fr\"},{\"@type\":\"Organization\",\"@id\":\"https:\/\/www.canadahelps.org\/fr\/#organization\",\"name\":\"CanadaHelps\",\"url\":\"https:\/\/www.canadahelps.org\/fr\/\",\"logo\":{\"@type\":\"ImageObject\",\"inLanguage\":\"fr\",\"@id\":\"https:\/\/www.canadahelps.org\/fr\/#\/schema\/logo\/image\/\",\"url\":\"https:\/\/www.canadahelps.org\/media\/canadahelps-en.jpg\",\"contentUrl\":\"https:\/\/www.canadahelps.org\/media\/canadahelps-en.jpg\",\"width\":131,\"height\":72,\"caption\":\"CanadaHelps\"},\"image\":{\"@id\":\"https:\/\/www.canadahelps.org\/fr\/#\/schema\/logo\/image\/\"}}]}<\/script>\n<!-- \/ Yoast SEO plugin. -->","yoast_head_json":{"title":"Le secteur | CanaDon - Faites des dons \u00e0 un organisme de bienfaisance au Canada","robots":{"index":"index","follow":"follow","max-snippet":"max-snippet:-1","max-image-preview":"max-image-preview:large","max-video-preview":"max-video-preview:-1"},"canonical":"https:\/\/www.canadahelps.org\/fr\/le-rapport-sur-les-dons\/le-secteur\/","og_locale":"fr_FR","og_type":"article","og_title":"Le rapport sur les dons : Une analyse du secteur caritatif et de son impact au Canada","og_description":"Les dons et le secteur caritatif sont essentiels au filet de s\u00e9curit\u00e9 sociale du Canada. Il est temps de pr\u00eater attention aux nouvelles tendances qui mettent ce secteur en p\u00e9ril.","og_url":"https:\/\/www.canadahelps.org\/fr\/le-rapport-sur-les-dons\/le-secteur\/","og_site_name":"CanaDon - Faites des dons \u00e0 un organisme de bienfaisance au Canada","article_modified_time":"2020-03-23T20:15:19+00:00","og_image":[{"width":660,"height":510,"url":"https:\/\/www.canadahelps.org\/media\/The-Giving-Report-2018_FR_Cover.png","type":"image\/png"}],"twitter_card":"summary_large_image","twitter_misc":{"Est. reading time":"3 minutes"},"schema":{"@context":"https:\/\/schema.org","@graph":[{"@type":"WebPage","@id":"https:\/\/www.canadahelps.org\/fr\/le-rapport-sur-les-dons-2018\/le-secteur-2018\/","url":"https:\/\/www.canadahelps.org\/fr\/le-rapport-sur-les-dons\/le-secteur\/","name":"Le secteur | CanaDon - Faites des dons \u00e0 un organisme de bienfaisance au Canada","isPartOf":{"@id":"https:\/\/www.canadahelps.org\/fr\/#website"},"datePublished":"2018-10-24T16:06:23+00:00","dateModified":"2020-03-23T20:15:19+00:00","breadcrumb":{"@id":"https:\/\/www.canadahelps.org\/fr\/le-rapport-sur-les-dons\/le-secteur\/#breadcrumb"},"inLanguage":"fr","potentialAction":[{"@type":"ReadAction","target":["https:\/\/www.canadahelps.org\/fr\/le-rapport-sur-les-dons\/le-secteur\/"]}]},{"@type":"BreadcrumbList","@id":"https:\/\/www.canadahelps.org\/fr\/le-rapport-sur-les-dons\/le-secteur\/#breadcrumb","itemListElement":[{"@type":"ListItem","position":1,"name":"Home","item":"https:\/\/www.canadahelps.org\/fr\/"},{"@type":"ListItem","position":2,"name":"Le rapport sur les dons 2018","item":"https:\/\/www.canadahelps.org\/fr\/the-giving-report-2018\/"},{"@type":"ListItem","position":3,"name":"Le secteur"}]},{"@type":"WebSite","@id":"https:\/\/www.canadahelps.org\/fr\/#website","url":"https:\/\/www.canadahelps.org\/fr\/","name":"CanadaHelps - Donate to any charity in Canada","description":"Le don en toute simplicit\u00e9","publisher":{"@id":"https:\/\/www.canadahelps.org\/fr\/#organization"},"potentialAction":[{"@type":"SearchAction","target":{"@type":"EntryPoint","urlTemplate":"https:\/\/www.canadahelps.org\/fr\/?s={search_term_string}"},"query-input":{"@type":"PropertyValueSpecification","valueRequired":true,"valueName":"search_term_string"}}],"inLanguage":"fr"},{"@type":"Organization","@id":"https:\/\/www.canadahelps.org\/fr\/#organization","name":"CanadaHelps","url":"https:\/\/www.canadahelps.org\/fr\/","logo":{"@type":"ImageObject","inLanguage":"fr","@id":"https:\/\/www.canadahelps.org\/fr\/#\/schema\/logo\/image\/","url":"https:\/\/www.canadahelps.org\/media\/canadahelps-en.jpg","contentUrl":"https:\/\/www.canadahelps.org\/media\/canadahelps-en.jpg","width":131,"height":72,"caption":"CanadaHelps"},"image":{"@id":"https:\/\/www.canadahelps.org\/fr\/#\/schema\/logo\/image\/"}}]}},"_links":{"self":[{"href":"https:\/\/www.canadahelps.org\/fr\/wp-json\/wp\/v2\/pages\/22483","targetHints":{"allow":["GET"]}}],"collection":[{"href":"https:\/\/www.canadahelps.org\/fr\/wp-json\/wp\/v2\/pages"}],"about":[{"href":"https:\/\/www.canadahelps.org\/fr\/wp-json\/wp\/v2\/types\/page"}],"author":[{"embeddable":true,"href":"https:\/\/www.canadahelps.org\/fr\/wp-json\/wp\/v2\/users\/30"}],"replies":[{"embeddable":true,"href":"https:\/\/www.canadahelps.org\/fr\/wp-json\/wp\/v2\/comments?post=22483"}],"version-history":[{"count":16,"href":"https:\/\/www.canadahelps.org\/fr\/wp-json\/wp\/v2\/pages\/22483\/revisions"}],"predecessor-version":[{"id":30081,"href":"https:\/\/www.canadahelps.org\/fr\/wp-json\/wp\/v2\/pages\/22483\/revisions\/30081"}],"up":[{"embeddable":true,"href":"https:\/\/www.canadahelps.org\/fr\/wp-json\/wp\/v2\/pages\/22485"}],"wp:attachment":[{"href":"https:\/\/www.canadahelps.org\/fr\/wp-json\/wp\/v2\/media?parent=22483"}],"curies":[{"name":"wp","href":"https:\/\/api.w.org\/{rel}","templated":true}]}}