{"id":22512,"date":"2018-10-24T12:26:57","date_gmt":"2018-10-24T16:26:57","guid":{"rendered":"https:\/\/www.canadahelps.org\/?page_id=22512"},"modified":"2024-04-25T10:21:49","modified_gmt":"2024-04-25T14:21:49","slug":"merci","status":"publish","type":"page","link":"https:\/\/www.canadahelps.org\/fr\/le-rapport-sur-les-dons\/merci\/","title":{"rendered":"Merci!"},"content":{"rendered":"<style>html{background-color:#fff}.gr2024-hero-background{background:#1666a9}#gr2024-new-hero-bg{display:flex;align-items:center;background:#fff;background-image:url(https:\/\/www.canadahelps.org\/media\/20240415_GR2024_Hero_Banner_fr.png);background-repeat:no-repeat;background-position:center;background-size:cover;max-width:1280px;margin:0 auto;padding:0;height:357px;min-height:357px}.gr2024-new-hero-txt{margin-top:-8%;margin-left:17%;width:385px;font-weight:700;font-size:18px;color:#fff;line-height:28px}.gr2024-new-hero-txt h1{color:#fff}.gr2024-new-hero-txt h2{margin:0;color:#fff;font-size:18px}.gr2024-flex{display:flex;width:960px;margin:0 auto}.gr2024-flex-left{width:50%;padding:30px 0;}.gr2024-flex-left img{margin:0 auto;display:block}.gr2024-flex-right img{margin:0 auto;display:block}.gr2024-flex-right{width:50%;padding:30px 0;}#gr2024-intro{padding:0 0 100px 0}#gr2024-download{margin-top:0;background-color:#fef9ed;padding:50px 0 100px 0}#gr2024-oneinfive{margin-top:0;padding:50px 0}#gr2024-half{background-color:#f1f9fc;padding:50px 0}#gr2024-past{padding:100px 0}#gr2024-footer-text-container{background:#1466a9;padding:30px 0;margin:0 auto;color:#fff}#gr2024-footer-text{background-color:#1466a9;width:960px;margin:0 auto}#gr2024-footer-text-copy{padding:30px 0}.gr2024-headline{width:960px;margin:0 auto}.gr2024-arrow{text-align:center;padding:0}.gr2024-arrow img{margin-top:-2px;vertical-align:top}p{font-size:18px}a.anchor{display:block;position:relative;top:-100px;visibility:hidden}h1.blue{color:#0070af}h2.blue{color:#0070af}h3.blue{color:#0070af}h2.maroon{color:#96174b}h3.maroon{color:#96174b}.center{text-align:center}.spacer{margin:30px}@media screen and (max-width:640px){#gr2024-new-hero-bg{background-image:url(https:\/\/www.canadahelps.org\/media\/20240415_GR2024_Mobile_Banner_fr.png);justify-content:center;padding-left:0;background-size:contain}}@media screen and (max-width:768px){.gr2024-flex{flex-direction:column;width:90%}.gr2024-flex-left{width:100%}.gr2024-flex-right{width:100%}.gr2024-headline{width:90%}#gr2024-footer-text{width:90%}}<\/style>\n<div class=\"gr2024-hero-background\">\n<div id=\"gr2024-new-hero-bg\">\n<div class=\"gr2024-new-hero-txt\">\n            &nbsp;\n        <\/div>\n<\/p><\/div>\n<\/div>\n<section id=\"gr2024-intro\">\n<div class=\"gr2024-headline\">\n<h2 class=\"blue\">T\u00e9l\u00e9chargez le Rapport sur les dons 2024<\/h2>\n<\/p><\/div>\n<div class=\"gr2024-flex\">\n<div class=\"gr2024-flex-left\">\n<p>            <img decoding=\"async\" src=\"https:\/\/www.canadahelps.org\/media\/2024_TGR_Cover_Image_fr.png\">\n            <\/div>\n<div class=\"gr2024-flex-right center\">\n<p>            <a style=\"display:block; width:225px; margin:100px auto; background-color: #1466a9; border: 1px solid #000; border-radius: 3px; padding: 10px 20px; color: #fff; text-decoration: none; font-weight: bold;\" href=\"https:\/\/indd.adobe.com\/view\/59d1334f-4a32-40f7-96d9-1493b994c26f\" download=\"\">T\u00e9l\u00e9chargez le rapport<\/a><\/p><\/div>\n<\/p><\/div>\n<\/section>\n<section id=\"gr2024-footer\">\n<div id=\"fr24-footer-wave-top\"><img decoding=\"async\" src=\"https:\/\/www.canadahelps.org\/media\/20211018_WaveTop.png\" width=\"100%\" alt=\"\"><\/div>\n<div id=\"gr2024-footer-text-container\">\n<div id=\"gr2024-footer-text\">\n<div class=\"gr2024-headline\" style=\"text-align: center;\">\n<h2 style=\"color:#fff\">Nos partenaires<\/h2>\n<\/p><\/div>\n<div class=\"gr2024-flex\">\n<div class=\"gr2024-flex-left\">\n<p>                    <img decoding=\"async\" src=\"https:\/\/www.canadahelps.org\/media\/20220426_imagine-canada-logo.png\" style=\"width:250px\"><\/p><\/div>\n<div class=\"gr2024-flex-right\">\n<p>                    <img decoding=\"async\" src=\"https:\/\/www.canadahelps.org\/media\/20220426_environics-analytics-logo.png\" style=\"width:250px\"><\/p><\/div>\n<\/p><\/div>\n<div id=\"gr2024-footer-text-copy\" class=\"center\">\n                Le <em>Rapport sur les dons<\/em> a \u00e9galement \u00e9t\u00e9 produit en partenariat avec Environics Analytics, qui a fourni son analyse et ses commentaires concernant les tendances d\u00e9mographiques, financi\u00e8res, psychographiques et comportementales relativement aux donn\u00e9es recueillies par CanaDon. Ce rapport est aussi produit en collaboration avec Imagine Canada qui a g\u00e9n\u00e9reusement fait part de son analyse et v\u00e9rifi\u00e9 les diverses donn\u00e9es de l\u2019Agence du revenu du Canada.\n            <\/div>\n<\/p><\/div>\n<\/section>\n","protected":false},"excerpt":{"rendered":"<p>&nbsp; T\u00e9l\u00e9chargez le Rapport sur les dons 2024 T\u00e9l\u00e9chargez le rapport Nos partenaires Le Rapport sur les dons a \u00e9galement \u00e9t\u00e9 produit en partenariat avec &#8230; <a href=\"https:\/\/www.canadahelps.org\/fr\/le-rapport-sur-les-dons\/merci\/\" id=\"canadahelp-blog-meta\">Voir plus<\/a><\/p>\n","protected":false},"author":30,"featured_media":0,"parent":45606,"menu_order":0,"comment_status":"closed","ping_status":"closed","template":"template-fullwidth-page.php","meta":{"footnotes":""},"class_list":["post-22512","page","type-page","status-publish","hentry"],"acf":{"gr18_hh_title":"2022 Le rapport sur les dons","gr18_hh_header_image":{"ID":45673,"id":45673,"title":"The Giving Report 2022_Website Hero_Desktop_FR","filename":"The-Giving-Report-2022_Website-Hero_Desktop_FR-4.png","filesize":277838,"url":"https:\/\/www.canadahelps.org\/media\/The-Giving-Report-2022_Website-Hero_Desktop_FR-4.png","link":"https:\/\/www.canadahelps.org\/fr\/le-rapport-sur-les-dons\/merci\/attachment\/the-giving-report-2022_website-hero_desktop_fr-5\/","alt":"","author":"30","description":"","caption":"","name":"the-giving-report-2022_website-hero_desktop_fr-5","status":"inherit","uploaded_to":22512,"date":"2022-04-04 18:40:05","modified":"2022-04-04 18:40:05","menu_order":0,"mime_type":"image\/png","type":"image","subtype":"png","icon":"https:\/\/www.canadahelps.org\/wp-includes\/images\/media\/default.png","width":1268,"height":283,"sizes":{"thumbnail":"https:\/\/www.canadahelps.org\/media\/The-Giving-Report-2022_Website-Hero_Desktop_FR-4-150x150.png","thumbnail-width":150,"thumbnail-height":150,"medium":"https:\/\/www.canadahelps.org\/media\/The-Giving-Report-2022_Website-Hero_Desktop_FR-4-300x67.png","medium-width":300,"medium-height":67,"medium_large":"https:\/\/www.canadahelps.org\/media\/The-Giving-Report-2022_Website-Hero_Desktop_FR-4-768x171.png","medium_large-width":768,"medium_large-height":171,"large":"https:\/\/www.canadahelps.org\/media\/The-Giving-Report-2022_Website-Hero_Desktop_FR-4-1024x229.png","large-width":1024,"large-height":229,"1536x1536":"https:\/\/www.canadahelps.org\/media\/The-Giving-Report-2022_Website-Hero_Desktop_FR-4.png","1536x1536-width":1268,"1536x1536-height":283,"2048x2048":"https:\/\/www.canadahelps.org\/media\/The-Giving-Report-2022_Website-Hero_Desktop_FR-4.png","2048x2048-width":1268,"2048x2048-height":283}},"gr18_hh_title_colour":"#1566a8","meta_description":"","use_toc_layout":false,"additional_body_css_classes":"","hide_page_title":true,"insert_spotlight_boxes":false,"use_biography_grid":false,"row_settings":false,"gr18_hh_custom_css":"<style>.givingreport2018-hero{height:283px;background-color:#1566a8}.hero.givingreport2018-hero h1{font-size:1px}.givingreport18-nav-table{margin:0 auto}.givingreport18-col-md-8{margin-top:0;padding-left:275px}.redBtn a{background:#96164a;color:#fff;padding:2px 17px;border-radius:5px}@media screen and (max-width:480px){.hero.givingreport2018-hero h1{font-size:32px}}@media screen and (max-width:640px){.givingreport2018-hero{background-image:url(https:\/\/www.canadahelps.org\/media\/20220401_TGR_2022_Hero_Mobile_FR.png)!important}.givingreport18-col-md-8{padding:0}}@media screen and (max-width:992px){.gr21-mbl-hide{display:none}}<\/style><script>window.addEventListener(\"DOMContentLoaded\",(e=>{document.getElementsByClassName(\"givingreport18-nav-table-item\")[5].classList.add(\"redBtn\")}));<\/script>"},"yoast_head":"<!-- This site is optimized with the Yoast SEO plugin v26.0 - https:\/\/yoast.com\/wordpress\/plugins\/seo\/ -->\n<title>Tendances g\u00e9n\u00e9rationnelles en mati\u00e8re de don | CanaDon - Faites des dons \u00e0 un organisme de bienfaisance au Canada<\/title>\n<meta name=\"description\" content=\"D\u00e9couvrez des informations sur le secteur caritatif canadien, les tendances en mati\u00e8re de dons, les tendances entre les g\u00e9n\u00e9rations Z, Y, X et les baby-boomers, des statistiques sur les organismes de bienfaisance, etc.\" \/>\n<meta name=\"robots\" content=\"noindex, nofollow\" \/>\n<meta property=\"og:locale\" content=\"fr_FR\" \/>\n<meta property=\"og:type\" content=\"article\" \/>\n<meta property=\"og:title\" content=\"T\u00e9l\u00e9chargez le Rapport sur les dons 2022\" \/>\n<meta property=\"og:description\" content=\"D\u00e9couvrez des informations sur le secteur caritatif canadien, les tendances en mati\u00e8re de dons, les tendances entre les g\u00e9n\u00e9rations Z, Y, X et les baby-boomers, des statistiques sur les organismes de bienfaisance, etc.\" \/>\n<meta property=\"og:url\" content=\"https:\/\/www.canadahelps.org\/fr\/le-rapport-sur-les-dons\/telechargez-le-rapport\/merci\/\" \/>\n<meta property=\"og:site_name\" content=\"CanaDon - Faites des dons \u00e0 un organisme de bienfaisance au Canada\" \/>\n<meta property=\"article:modified_time\" content=\"2024-04-25T14:21:49+00:00\" \/>\n<meta property=\"og:image\" content=\"https:\/\/www.canadahelps.org\/media\/Social_TGR_2022_Sharing_FR.png\" \/>\n\t<meta property=\"og:image:width\" content=\"1200\" \/>\n\t<meta property=\"og:image:height\" content=\"630\" \/>\n\t<meta property=\"og:image:type\" content=\"image\/png\" \/>\n<meta name=\"twitter:card\" content=\"summary_large_image\" \/>\n<meta name=\"twitter:title\" content=\"T\u00e9l\u00e9chargez le Rapport sur les dons 2022\" \/>\n<meta name=\"twitter:description\" content=\"D\u00e9couvrez des informations sur le secteur caritatif canadien, les tendances en mati\u00e8re de dons, les tendances entre les g\u00e9n\u00e9rations Z, Y, X et les baby-boomers, des statistiques sur les organismes de bienfaisance, etc.\" \/>\n<meta name=\"twitter:image\" content=\"https:\/\/www.canadahelps.org\/media\/Social_TGR_2022_Sharing_FR.png\" \/>\n<script type=\"application\/ld+json\" class=\"yoast-schema-graph\">{\"@context\":\"https:\/\/schema.org\",\"@graph\":[{\"@type\":\"WebPage\",\"@id\":\"https:\/\/www.canadahelps.org\/fr\/le-rapport-sur-les-dons\/merci\/\",\"url\":\"https:\/\/www.canadahelps.org\/fr\/le-rapport-sur-les-dons\/telechargez-le-rapport\/merci\/\",\"name\":\"Tendances g\u00e9n\u00e9rationnelles en mati\u00e8re de don | CanaDon - Faites des dons \u00e0 un organisme de bienfaisance au Canada\",\"isPartOf\":{\"@id\":\"https:\/\/www.canadahelps.org\/fr\/#website\"},\"primaryImageOfPage\":{\"@id\":\"https:\/\/www.canadahelps.org\/fr\/le-rapport-sur-les-dons\/telechargez-le-rapport\/merci\/#primaryimage\"},\"image\":{\"@id\":\"https:\/\/www.canadahelps.org\/fr\/le-rapport-sur-les-dons\/telechargez-le-rapport\/merci\/#primaryimage\"},\"thumbnailUrl\":\"https:\/\/www.canadahelps.org\/media\/2024_TGR_Cover_Image_fr.png\",\"datePublished\":\"2018-10-24T16:26:57+00:00\",\"dateModified\":\"2024-04-25T14:21:49+00:00\",\"description\":\"D\u00e9couvrez des informations sur le secteur caritatif canadien, les tendances en mati\u00e8re de dons, les tendances entre les g\u00e9n\u00e9rations Z, Y, X et les baby-boomers, des statistiques sur les organismes de bienfaisance, etc.\",\"breadcrumb\":{\"@id\":\"https:\/\/www.canadahelps.org\/fr\/le-rapport-sur-les-dons\/telechargez-le-rapport\/merci\/#breadcrumb\"},\"inLanguage\":\"fr\",\"potentialAction\":[{\"@type\":\"ReadAction\",\"target\":[\"https:\/\/www.canadahelps.org\/fr\/le-rapport-sur-les-dons\/telechargez-le-rapport\/merci\/\"]}]},{\"@type\":\"ImageObject\",\"inLanguage\":\"fr\",\"@id\":\"https:\/\/www.canadahelps.org\/fr\/le-rapport-sur-les-dons\/telechargez-le-rapport\/merci\/#primaryimage\",\"url\":\"https:\/\/www.canadahelps.org\/media\/2024_TGR_Cover_Image_fr.png\",\"contentUrl\":\"https:\/\/www.canadahelps.org\/media\/2024_TGR_Cover_Image_fr.png\"},{\"@type\":\"BreadcrumbList\",\"@id\":\"https:\/\/www.canadahelps.org\/fr\/le-rapport-sur-les-dons\/telechargez-le-rapport\/merci\/#breadcrumb\",\"itemListElement\":[{\"@type\":\"ListItem\",\"position\":1,\"name\":\"Home\",\"item\":\"https:\/\/www.canadahelps.org\/fr\/\"},{\"@type\":\"ListItem\",\"position\":2,\"name\":\"Le Rapport sur les Dons 2025\",\"item\":\"https:\/\/www.canadahelps.org\/fr\/le-rapport-sur-les-dons\/\"},{\"@type\":\"ListItem\",\"position\":3,\"name\":\"Merci!\"}]},{\"@type\":\"WebSite\",\"@id\":\"https:\/\/www.canadahelps.org\/fr\/#website\",\"url\":\"https:\/\/www.canadahelps.org\/fr\/\",\"name\":\"CanadaHelps - Donate to any charity in Canada\",\"description\":\"Le don en toute simplicit\u00e9\",\"publisher\":{\"@id\":\"https:\/\/www.canadahelps.org\/fr\/#organization\"},\"potentialAction\":[{\"@type\":\"SearchAction\",\"target\":{\"@type\":\"EntryPoint\",\"urlTemplate\":\"https:\/\/www.canadahelps.org\/fr\/?s={search_term_string}\"},\"query-input\":{\"@type\":\"PropertyValueSpecification\",\"valueRequired\":true,\"valueName\":\"search_term_string\"}}],\"inLanguage\":\"fr\"},{\"@type\":\"Organization\",\"@id\":\"https:\/\/www.canadahelps.org\/fr\/#organization\",\"name\":\"CanadaHelps\",\"url\":\"https:\/\/www.canadahelps.org\/fr\/\",\"logo\":{\"@type\":\"ImageObject\",\"inLanguage\":\"fr\",\"@id\":\"https:\/\/www.canadahelps.org\/fr\/#\/schema\/logo\/image\/\",\"url\":\"https:\/\/www.canadahelps.org\/media\/canadahelps-en.jpg\",\"contentUrl\":\"https:\/\/www.canadahelps.org\/media\/canadahelps-en.jpg\",\"width\":131,\"height\":72,\"caption\":\"CanadaHelps\"},\"image\":{\"@id\":\"https:\/\/www.canadahelps.org\/fr\/#\/schema\/logo\/image\/\"}}]}<\/script>\n<!-- \/ Yoast SEO plugin. -->","yoast_head_json":{"title":"Tendances g\u00e9n\u00e9rationnelles en mati\u00e8re de don | CanaDon - Faites des dons \u00e0 un organisme de bienfaisance au Canada","description":"D\u00e9couvrez des informations sur le secteur caritatif canadien, les tendances en mati\u00e8re de dons, les tendances entre les g\u00e9n\u00e9rations Z, Y, X et les baby-boomers, des statistiques sur les organismes de bienfaisance, etc.","robots":{"index":"noindex","follow":"nofollow"},"og_locale":"fr_FR","og_type":"article","og_title":"T\u00e9l\u00e9chargez le Rapport sur les dons 2022","og_description":"D\u00e9couvrez des informations sur le secteur caritatif canadien, les tendances en mati\u00e8re de dons, les tendances entre les g\u00e9n\u00e9rations Z, Y, X et les baby-boomers, des statistiques sur les organismes de bienfaisance, etc.","og_url":"https:\/\/www.canadahelps.org\/fr\/le-rapport-sur-les-dons\/telechargez-le-rapport\/merci\/","og_site_name":"CanaDon - Faites des dons \u00e0 un organisme de bienfaisance au Canada","article_modified_time":"2024-04-25T14:21:49+00:00","og_image":[{"width":1200,"height":630,"url":"https:\/\/www.canadahelps.org\/media\/Social_TGR_2022_Sharing_FR.png","type":"image\/png"}],"twitter_card":"summary_large_image","twitter_title":"T\u00e9l\u00e9chargez le Rapport sur les dons 2022","twitter_description":"D\u00e9couvrez des informations sur le secteur caritatif canadien, les tendances en mati\u00e8re de dons, les tendances entre les g\u00e9n\u00e9rations Z, Y, X et les baby-boomers, des statistiques sur les organismes de bienfaisance, etc.","twitter_image":"https:\/\/www.canadahelps.org\/media\/Social_TGR_2022_Sharing_FR.png","schema":{"@context":"https:\/\/schema.org","@graph":[{"@type":"WebPage","@id":"https:\/\/www.canadahelps.org\/fr\/le-rapport-sur-les-dons\/merci\/","url":"https:\/\/www.canadahelps.org\/fr\/le-rapport-sur-les-dons\/telechargez-le-rapport\/merci\/","name":"Tendances g\u00e9n\u00e9rationnelles en mati\u00e8re de don | CanaDon - Faites des dons \u00e0 un organisme de bienfaisance au Canada","isPartOf":{"@id":"https:\/\/www.canadahelps.org\/fr\/#website"},"primaryImageOfPage":{"@id":"https:\/\/www.canadahelps.org\/fr\/le-rapport-sur-les-dons\/telechargez-le-rapport\/merci\/#primaryimage"},"image":{"@id":"https:\/\/www.canadahelps.org\/fr\/le-rapport-sur-les-dons\/telechargez-le-rapport\/merci\/#primaryimage"},"thumbnailUrl":"https:\/\/www.canadahelps.org\/media\/2024_TGR_Cover_Image_fr.png","datePublished":"2018-10-24T16:26:57+00:00","dateModified":"2024-04-25T14:21:49+00:00","description":"D\u00e9couvrez des informations sur le secteur caritatif canadien, les tendances en mati\u00e8re de dons, les tendances entre les g\u00e9n\u00e9rations Z, Y, X et les baby-boomers, des statistiques sur les organismes de bienfaisance, etc.","breadcrumb":{"@id":"https:\/\/www.canadahelps.org\/fr\/le-rapport-sur-les-dons\/telechargez-le-rapport\/merci\/#breadcrumb"},"inLanguage":"fr","potentialAction":[{"@type":"ReadAction","target":["https:\/\/www.canadahelps.org\/fr\/le-rapport-sur-les-dons\/telechargez-le-rapport\/merci\/"]}]},{"@type":"ImageObject","inLanguage":"fr","@id":"https:\/\/www.canadahelps.org\/fr\/le-rapport-sur-les-dons\/telechargez-le-rapport\/merci\/#primaryimage","url":"https:\/\/www.canadahelps.org\/media\/2024_TGR_Cover_Image_fr.png","contentUrl":"https:\/\/www.canadahelps.org\/media\/2024_TGR_Cover_Image_fr.png"},{"@type":"BreadcrumbList","@id":"https:\/\/www.canadahelps.org\/fr\/le-rapport-sur-les-dons\/telechargez-le-rapport\/merci\/#breadcrumb","itemListElement":[{"@type":"ListItem","position":1,"name":"Home","item":"https:\/\/www.canadahelps.org\/fr\/"},{"@type":"ListItem","position":2,"name":"Le Rapport sur les Dons 2025","item":"https:\/\/www.canadahelps.org\/fr\/le-rapport-sur-les-dons\/"},{"@type":"ListItem","position":3,"name":"Merci!"}]},{"@type":"WebSite","@id":"https:\/\/www.canadahelps.org\/fr\/#website","url":"https:\/\/www.canadahelps.org\/fr\/","name":"CanadaHelps - Donate to any charity in Canada","description":"Le don en toute simplicit\u00e9","publisher":{"@id":"https:\/\/www.canadahelps.org\/fr\/#organization"},"potentialAction":[{"@type":"SearchAction","target":{"@type":"EntryPoint","urlTemplate":"https:\/\/www.canadahelps.org\/fr\/?s={search_term_string}"},"query-input":{"@type":"PropertyValueSpecification","valueRequired":true,"valueName":"search_term_string"}}],"inLanguage":"fr"},{"@type":"Organization","@id":"https:\/\/www.canadahelps.org\/fr\/#organization","name":"CanadaHelps","url":"https:\/\/www.canadahelps.org\/fr\/","logo":{"@type":"ImageObject","inLanguage":"fr","@id":"https:\/\/www.canadahelps.org\/fr\/#\/schema\/logo\/image\/","url":"https:\/\/www.canadahelps.org\/media\/canadahelps-en.jpg","contentUrl":"https:\/\/www.canadahelps.org\/media\/canadahelps-en.jpg","width":131,"height":72,"caption":"CanadaHelps"},"image":{"@id":"https:\/\/www.canadahelps.org\/fr\/#\/schema\/logo\/image\/"}}]}},"_links":{"self":[{"href":"https:\/\/www.canadahelps.org\/fr\/wp-json\/wp\/v2\/pages\/22512","targetHints":{"allow":["GET"]}}],"collection":[{"href":"https:\/\/www.canadahelps.org\/fr\/wp-json\/wp\/v2\/pages"}],"about":[{"href":"https:\/\/www.canadahelps.org\/fr\/wp-json\/wp\/v2\/types\/page"}],"author":[{"embeddable":true,"href":"https:\/\/www.canadahelps.org\/fr\/wp-json\/wp\/v2\/users\/30"}],"replies":[{"embeddable":true,"href":"https:\/\/www.canadahelps.org\/fr\/wp-json\/wp\/v2\/comments?post=22512"}],"version-history":[{"count":40,"href":"https:\/\/www.canadahelps.org\/fr\/wp-json\/wp\/v2\/pages\/22512\/revisions"}],"predecessor-version":[{"id":51764,"href":"https:\/\/www.canadahelps.org\/fr\/wp-json\/wp\/v2\/pages\/22512\/revisions\/51764"}],"up":[{"embeddable":true,"href":"https:\/\/www.canadahelps.org\/fr\/wp-json\/wp\/v2\/pages\/45606"}],"wp:attachment":[{"href":"https:\/\/www.canadahelps.org\/fr\/wp-json\/wp\/v2\/media?parent=22512"}],"curies":[{"name":"wp","href":"https:\/\/api.w.org\/{rel}","templated":true}]}}