{"id":22532,"date":"2018-10-24T12:18:51","date_gmt":"2018-10-24T16:18:51","guid":{"rendered":"https:\/\/www.canadahelps.org\/?page_id=22532"},"modified":"2023-04-10T16:11:12","modified_gmt":"2023-04-10T20:11:12","slug":"les-dons-au-canada","status":"publish","type":"page","link":"https:\/\/www.canadahelps.org\/fr\/le-rapport-sur-les-dons\/comparez-vos-dons\/les-dons-au-canada\/","title":{"rendered":"Les dons au Canada"},"content":{"rendered":"\t\t\t<script src=\"https:\/\/maps.googleapis.com\/maps\/api\/js?v=3.exp&libraries=geometry%2Cdrawing%2Cplaces&key=AIzaSyDG_9rRTCEhZQ9p76VNZYUa8WskI8J15Bs\"><\/script>\n\t\t\t<script src=\"https:\/\/www.gstatic.com\/charts\/loader.js\"><\/script>\n\t  <script type=\"text\/javascript\">google.charts.load('45', { packages: ['corechart', 'bar', 'table'], 'language': '@culture' });<\/script>\n  <div id=\"how-canadians-give-panel\" data-content-types=\"how_canadians_give_content\" data-main-title='Comment les Canadiens font des dons' data-map-text='Explorez les dons des Canadiens sur cette carte interactive o\u00f9 vous pourrez d\u00e9couvrir combien une famille typique donne dans votre province et dans les villes importantes. Vous pouvez faire un zoom par domaine d\u2019int\u00e9r\u00eat, ou utiliser les filtres fournis.' data-graph-text='Explorez ce graphique interactif pour d\u00e9couvrir la moyenne des dons faits par des personnes du m\u00eame type de famille et de la m\u00eame tranche de revenu, et voyez l\u2019\u00e9volution des dons au cours des cinq derni\u00e8res ann\u00e9es. Utilisez les filtres fournis pour s\u00e9lectionner une ville ou une province. D\u00e9placez le curseur au-dessus de chaque barre afin d\u2019obtenir plus de d\u00e9tails.' class=\"dd-widget\"><\/div>\n<div style=\"text-align: center; margin:0 auto; background:white; padding:60px 0px;\">  <a style=\"color: #1466A9; font-size:18px; text-decoration: underline;\" href=\"https:\/\/www.canadahelps.org\/fr\/le-rapport-sur-les-dons\/telechargez-le-rapport\/\">T\u00e9l\u00e9chargez le Rapport<\/a> ><\/p>\n","protected":false},"excerpt":{"rendered":"<p>T\u00e9l\u00e9chargez le Rapport ><\/p>\n","protected":false},"author":30,"featured_media":0,"parent":22515,"menu_order":0,"comment_status":"closed","ping_status":"closed","template":"template-givingreport2018-frame-compare.php","meta":{"footnotes":""},"class_list":["post-22532","page","type-page","status-publish","hentry"],"acf":{"meta_description":"","use_toc_layout":false,"additional_body_css_classes":"","hide_page_title":true,"insert_spotlight_boxes":false,"use_biography_grid":false,"gr18_hh_title":"2022 Le rapport sur les dons","gr18_hh_header_image":{"ID":48855,"id":48855,"title":"20230405_gr23_Hero-Image_FR","filename":"20230405_gr23_Hero-Image_FR-5.jpg","filesize":101383,"url":"https:\/\/www.canadahelps.org\/media\/20230405_gr23_Hero-Image_FR-5.jpg","link":"https:\/\/www.canadahelps.org\/fr\/le-rapport-sur-les-dons\/comparez-vos-dons\/les-dons-au-canada\/attachment\/20230405_gr23_hero-image_fr-6\/","alt":"","author":"30","description":"","caption":"","name":"20230405_gr23_hero-image_fr-6","status":"inherit","uploaded_to":22532,"date":"2023-04-10 20:10:35","modified":"2023-04-10 20:10:35","menu_order":0,"mime_type":"image\/jpeg","type":"image","subtype":"jpeg","icon":"https:\/\/www.canadahelps.org\/wp-includes\/images\/media\/default.png","width":1509,"height":283,"sizes":{"thumbnail":"https:\/\/www.canadahelps.org\/media\/20230405_gr23_Hero-Image_FR-5-150x150.jpg","thumbnail-width":150,"thumbnail-height":150,"medium":"https:\/\/www.canadahelps.org\/media\/20230405_gr23_Hero-Image_FR-5-300x56.jpg","medium-width":300,"medium-height":56,"medium_large":"https:\/\/www.canadahelps.org\/media\/20230405_gr23_Hero-Image_FR-5-768x144.jpg","medium_large-width":768,"medium_large-height":144,"large":"https:\/\/www.canadahelps.org\/media\/20230405_gr23_Hero-Image_FR-5-1024x192.jpg","large-width":1024,"large-height":192,"1536x1536":"https:\/\/www.canadahelps.org\/media\/20230405_gr23_Hero-Image_FR-5.jpg","1536x1536-width":1509,"1536x1536-height":283,"2048x2048":"https:\/\/www.canadahelps.org\/media\/20230405_gr23_Hero-Image_FR-5.jpg","2048x2048-width":1509,"2048x2048-height":283}},"gr18_hh_title_colour":"#1566a8","row_settings":false,"gr18_hh_custom_css":"<style>.hero.givingreport2018-hero h1{font-size:1px}.givingreport2018-hero{height:283px;background-color:#1566a8; background-size: cover !important;\r\n}.givingreport18-nav-table {margin:0 auto;}.givingreport18-col-md-8{margin-top:0;padding-left:275px}.redBtn a {background: #96164A;color: #fff;padding: 2px 17px;border-radius: 5px;}.col-md-12{background:#fff;}@media screen and (max-width:640px){.givingreport2018-hero {background-image:url(https:\/\/www.canadahelps.org\/media\/20230410_TGR_Mbl_FR.png) !important;}}.givingreport18-col-md-8{padding:0}}<\/style><script>window.addEventListener(\"DOMContentLoaded\",(e=>{document.getElementsByClassName(\"givingreport18-nav-table-item\")[5].classList.add(\"redBtn\")}));<\/script>"},"yoast_head":"<!-- This site is optimized with the Yoast SEO plugin v26.0 - https:\/\/yoast.com\/wordpress\/plugins\/seo\/ -->\n<title>Les dons au Canada | CanaDon - Faites des dons \u00e0 un organisme de bienfaisance au Canada<\/title>\n<meta name=\"robots\" content=\"index, follow, max-snippet:-1, max-image-preview:large, max-video-preview:-1\" \/>\n<link rel=\"canonical\" href=\"https:\/\/www.canadahelps.org\/fr\/le-rapport-sur-les-dons\/comparez-vos-dons\/les-dons-au-canada\/\" \/>\n<meta property=\"og:locale\" content=\"fr_FR\" \/>\n<meta property=\"og:type\" content=\"article\" \/>\n<meta property=\"og:title\" content=\"Les dons au Canada | CanaDon - Faites des dons \u00e0 un organisme de bienfaisance au Canada\" \/>\n<meta property=\"og:description\" content=\"T\u00e9l\u00e9chargez le Rapport &gt;\" \/>\n<meta property=\"og:url\" content=\"https:\/\/www.canadahelps.org\/fr\/le-rapport-sur-les-dons\/comparez-vos-dons\/les-dons-au-canada\/\" \/>\n<meta property=\"og:site_name\" content=\"CanaDon - Faites des dons \u00e0 un organisme de bienfaisance au Canada\" \/>\n<meta property=\"article:modified_time\" content=\"2023-04-10T20:11:12+00:00\" \/>\n<meta property=\"og:image\" content=\"https:\/\/www.canadahelps.org\/media\/Social_TGR_2022_Sharing_FR.png\" \/>\n\t<meta property=\"og:image:width\" content=\"1200\" \/>\n\t<meta property=\"og:image:height\" content=\"630\" \/>\n\t<meta property=\"og:image:type\" content=\"image\/png\" \/>\n<meta name=\"twitter:card\" content=\"summary_large_image\" \/>\n<meta name=\"twitter:image\" content=\"https:\/\/www.canadahelps.org\/media\/Social_TGR_2022_Sharing_FR.png\" \/>\n<meta name=\"twitter:label1\" content=\"Est. reading time\" \/>\n\t<meta name=\"twitter:data1\" content=\"1 minute\" \/>\n<script type=\"application\/ld+json\" class=\"yoast-schema-graph\">{\"@context\":\"https:\/\/schema.org\",\"@graph\":[{\"@type\":\"WebPage\",\"@id\":\"https:\/\/www.canadahelps.org\/fr\/le-rapport-sur-les-dons\/comparez-vos-dons\/les-dons-au-canada\/\",\"url\":\"https:\/\/www.canadahelps.org\/fr\/le-rapport-sur-les-dons\/comparez-vos-dons\/les-dons-au-canada\/\",\"name\":\"Les dons au Canada | CanaDon - Faites des dons \u00e0 un organisme de bienfaisance au Canada\",\"isPartOf\":{\"@id\":\"https:\/\/www.canadahelps.org\/fr\/#website\"},\"datePublished\":\"2018-10-24T16:18:51+00:00\",\"dateModified\":\"2023-04-10T20:11:12+00:00\",\"breadcrumb\":{\"@id\":\"https:\/\/www.canadahelps.org\/fr\/le-rapport-sur-les-dons\/comparez-vos-dons\/les-dons-au-canada\/#breadcrumb\"},\"inLanguage\":\"fr\",\"potentialAction\":[{\"@type\":\"ReadAction\",\"target\":[\"https:\/\/www.canadahelps.org\/fr\/le-rapport-sur-les-dons\/comparez-vos-dons\/les-dons-au-canada\/\"]}]},{\"@type\":\"BreadcrumbList\",\"@id\":\"https:\/\/www.canadahelps.org\/fr\/le-rapport-sur-les-dons\/comparez-vos-dons\/les-dons-au-canada\/#breadcrumb\",\"itemListElement\":[{\"@type\":\"ListItem\",\"position\":1,\"name\":\"Home\",\"item\":\"https:\/\/www.canadahelps.org\/fr\/\"},{\"@type\":\"ListItem\",\"position\":2,\"name\":\"Le Rapport sur les Dons 2025\",\"item\":\"https:\/\/www.canadahelps.org\/fr\/le-rapport-sur-les-dons\/\"},{\"@type\":\"ListItem\",\"position\":3,\"name\":\"Private: Comparez vos dons\",\"item\":\"https:\/\/www.canadahelps.org\/fr\/?page_id=22381\"},{\"@type\":\"ListItem\",\"position\":4,\"name\":\"Les dons au Canada\"}]},{\"@type\":\"WebSite\",\"@id\":\"https:\/\/www.canadahelps.org\/fr\/#website\",\"url\":\"https:\/\/www.canadahelps.org\/fr\/\",\"name\":\"CanadaHelps - Donate to any charity in Canada\",\"description\":\"Le don en toute simplicit\u00e9\",\"publisher\":{\"@id\":\"https:\/\/www.canadahelps.org\/fr\/#organization\"},\"potentialAction\":[{\"@type\":\"SearchAction\",\"target\":{\"@type\":\"EntryPoint\",\"urlTemplate\":\"https:\/\/www.canadahelps.org\/fr\/?s={search_term_string}\"},\"query-input\":{\"@type\":\"PropertyValueSpecification\",\"valueRequired\":true,\"valueName\":\"search_term_string\"}}],\"inLanguage\":\"fr\"},{\"@type\":\"Organization\",\"@id\":\"https:\/\/www.canadahelps.org\/fr\/#organization\",\"name\":\"CanadaHelps\",\"url\":\"https:\/\/www.canadahelps.org\/fr\/\",\"logo\":{\"@type\":\"ImageObject\",\"inLanguage\":\"fr\",\"@id\":\"https:\/\/www.canadahelps.org\/fr\/#\/schema\/logo\/image\/\",\"url\":\"https:\/\/www.canadahelps.org\/media\/canadahelps-en.jpg\",\"contentUrl\":\"https:\/\/www.canadahelps.org\/media\/canadahelps-en.jpg\",\"width\":131,\"height\":72,\"caption\":\"CanadaHelps\"},\"image\":{\"@id\":\"https:\/\/www.canadahelps.org\/fr\/#\/schema\/logo\/image\/\"}}]}<\/script>\n<!-- \/ Yoast SEO plugin. -->","yoast_head_json":{"title":"Les dons au Canada | CanaDon - Faites des dons \u00e0 un organisme de bienfaisance au Canada","robots":{"index":"index","follow":"follow","max-snippet":"max-snippet:-1","max-image-preview":"max-image-preview:large","max-video-preview":"max-video-preview:-1"},"canonical":"https:\/\/www.canadahelps.org\/fr\/le-rapport-sur-les-dons\/comparez-vos-dons\/les-dons-au-canada\/","og_locale":"fr_FR","og_type":"article","og_title":"Les dons au Canada | CanaDon - Faites des dons \u00e0 un organisme de bienfaisance au Canada","og_description":"T\u00e9l\u00e9chargez le Rapport >","og_url":"https:\/\/www.canadahelps.org\/fr\/le-rapport-sur-les-dons\/comparez-vos-dons\/les-dons-au-canada\/","og_site_name":"CanaDon - Faites des dons \u00e0 un organisme de bienfaisance au Canada","article_modified_time":"2023-04-10T20:11:12+00:00","og_image":[{"width":1200,"height":630,"url":"https:\/\/www.canadahelps.org\/media\/Social_TGR_2022_Sharing_FR.png","type":"image\/png"}],"twitter_card":"summary_large_image","twitter_image":"https:\/\/www.canadahelps.org\/media\/Social_TGR_2022_Sharing_FR.png","twitter_misc":{"Est. reading time":"1 minute"},"schema":{"@context":"https:\/\/schema.org","@graph":[{"@type":"WebPage","@id":"https:\/\/www.canadahelps.org\/fr\/le-rapport-sur-les-dons\/comparez-vos-dons\/les-dons-au-canada\/","url":"https:\/\/www.canadahelps.org\/fr\/le-rapport-sur-les-dons\/comparez-vos-dons\/les-dons-au-canada\/","name":"Les dons au Canada | CanaDon - Faites des dons \u00e0 un organisme de bienfaisance au Canada","isPartOf":{"@id":"https:\/\/www.canadahelps.org\/fr\/#website"},"datePublished":"2018-10-24T16:18:51+00:00","dateModified":"2023-04-10T20:11:12+00:00","breadcrumb":{"@id":"https:\/\/www.canadahelps.org\/fr\/le-rapport-sur-les-dons\/comparez-vos-dons\/les-dons-au-canada\/#breadcrumb"},"inLanguage":"fr","potentialAction":[{"@type":"ReadAction","target":["https:\/\/www.canadahelps.org\/fr\/le-rapport-sur-les-dons\/comparez-vos-dons\/les-dons-au-canada\/"]}]},{"@type":"BreadcrumbList","@id":"https:\/\/www.canadahelps.org\/fr\/le-rapport-sur-les-dons\/comparez-vos-dons\/les-dons-au-canada\/#breadcrumb","itemListElement":[{"@type":"ListItem","position":1,"name":"Home","item":"https:\/\/www.canadahelps.org\/fr\/"},{"@type":"ListItem","position":2,"name":"Le Rapport sur les Dons 2025","item":"https:\/\/www.canadahelps.org\/fr\/le-rapport-sur-les-dons\/"},{"@type":"ListItem","position":3,"name":"Private: Comparez vos dons","item":"https:\/\/www.canadahelps.org\/fr\/?page_id=22381"},{"@type":"ListItem","position":4,"name":"Les dons au Canada"}]},{"@type":"WebSite","@id":"https:\/\/www.canadahelps.org\/fr\/#website","url":"https:\/\/www.canadahelps.org\/fr\/","name":"CanadaHelps - Donate to any charity in Canada","description":"Le don en toute simplicit\u00e9","publisher":{"@id":"https:\/\/www.canadahelps.org\/fr\/#organization"},"potentialAction":[{"@type":"SearchAction","target":{"@type":"EntryPoint","urlTemplate":"https:\/\/www.canadahelps.org\/fr\/?s={search_term_string}"},"query-input":{"@type":"PropertyValueSpecification","valueRequired":true,"valueName":"search_term_string"}}],"inLanguage":"fr"},{"@type":"Organization","@id":"https:\/\/www.canadahelps.org\/fr\/#organization","name":"CanadaHelps","url":"https:\/\/www.canadahelps.org\/fr\/","logo":{"@type":"ImageObject","inLanguage":"fr","@id":"https:\/\/www.canadahelps.org\/fr\/#\/schema\/logo\/image\/","url":"https:\/\/www.canadahelps.org\/media\/canadahelps-en.jpg","contentUrl":"https:\/\/www.canadahelps.org\/media\/canadahelps-en.jpg","width":131,"height":72,"caption":"CanadaHelps"},"image":{"@id":"https:\/\/www.canadahelps.org\/fr\/#\/schema\/logo\/image\/"}}]}},"_links":{"self":[{"href":"https:\/\/www.canadahelps.org\/fr\/wp-json\/wp\/v2\/pages\/22532","targetHints":{"allow":["GET"]}}],"collection":[{"href":"https:\/\/www.canadahelps.org\/fr\/wp-json\/wp\/v2\/pages"}],"about":[{"href":"https:\/\/www.canadahelps.org\/fr\/wp-json\/wp\/v2\/types\/page"}],"author":[{"embeddable":true,"href":"https:\/\/www.canadahelps.org\/fr\/wp-json\/wp\/v2\/users\/30"}],"replies":[{"embeddable":true,"href":"https:\/\/www.canadahelps.org\/fr\/wp-json\/wp\/v2\/comments?post=22532"}],"version-history":[{"count":17,"href":"https:\/\/www.canadahelps.org\/fr\/wp-json\/wp\/v2\/pages\/22532\/revisions"}],"predecessor-version":[{"id":48857,"href":"https:\/\/www.canadahelps.org\/fr\/wp-json\/wp\/v2\/pages\/22532\/revisions\/48857"}],"up":[{"embeddable":true,"href":"https:\/\/www.canadahelps.org\/fr\/wp-json\/wp\/v2\/pages\/22515"}],"wp:attachment":[{"href":"https:\/\/www.canadahelps.org\/fr\/wp-json\/wp\/v2\/media?parent=22532"}],"curies":[{"name":"wp","href":"https:\/\/api.w.org\/{rel}","templated":true}]}}