{"id":22941,"date":"2018-11-26T10:56:33","date_gmt":"2018-11-26T15:56:33","guid":{"rendered":"https:\/\/www.canadahelps.org\/?page_id=22941"},"modified":"2018-11-26T12:54:46","modified_gmt":"2018-11-26T17:54:46","slug":"concours-promotion-de-canadon-champions-de-la-generosite-2018","status":"publish","type":"page","link":"https:\/\/www.canadahelps.org\/fr\/concours-promotion-de-canadon-champions-de-la-generosite-2018\/","title":{"rendered":"CONCOURS\/PROMOTION DE CANADON : CHAMPIONS DE LA G\u00c9N\u00c9ROSIT\u00c9 2018"},"content":{"rendered":"<p style=\"text-align: center; font-weight: bold;\">Conditions<\/p>\n<p>Pour se qualifier \u00e0 titre de Champion de la g\u00e9n\u00e9rosit\u00e9 et recevoir une carte-cadeau de bienfaisance de 100 $, les donateurs doivent faire au moins, via CanaDon, un don unique admissible \u00e0 compter de 00 h 01, heure normale de Terre-Neuve (HNT), le 27 novembre 2018, jusqu\u2019\u00e0 23 h 59, heure normale du Pacifique (HNP), le 27 novembre 2018 (\u00ab P\u00e9riode du concours \u00bb). Les dons uniques admissibles excluent les dons mensuels, les \u00e9v\u00e9nements caritatifs, les dons de titres, les dons via l\u2019API de nos partenaires non caritatifs, et l\u2019achat et l\u2019\u00e9change de cartes-cadeaux de bienfaisance (\u00ab Dons admissibles \u00bb). Gr\u00e2ce \u00e0 leur don, les donateurs pourront avoir droit \u00e0 un cr\u00e9dit d\u2019imp\u00f4t pour don de bienfaisance, dans les limites autoris\u00e9es par la loi.<\/p>\n<p>\u00c0 la fin de la campagne, CanaDon et ShopBrain (les \u00ab Commanditaires \u00bb) s\u00e9lectionneront 10 (dix) donateurs (\u00ab Donateurs s\u00e9lectionn\u00e9s \u00bb) ayant fait les dons cumul\u00e9s les plus importants parmi tous les dons admissibles durant la P\u00e9riode du concours. \u00c0 la discr\u00e9tion des Commanditaires, les donateurs s\u00e9lectionn\u00e9s recevront une carte-cadeau de bienfaisance, de CanaDon, d\u2019une valeur de 100 $ (\u00ab Prix \u00bb). La carte-cadeau de bienfaisance doit \u00eatre \u00e9chang\u00e9e sur CanaDon.org et n\u2019a aucune valeur mon\u00e9taire. Les donateurs s\u00e9lectionn\u00e9s ne recevront pas de re\u00e7u fiscal pour la valeur du prix, lorsqu\u2019ils l\u2019utiliseront pour faire un don.<\/p>\n<p>En acceptant un prix, les donateurs s\u00e9lectionn\u00e9s acceptent que le Commanditaire utilise leur nom, leur lieu de r\u00e9sidence (ville\/province\/territoire) ainsi que leurs d\u00e9clarations dans toute annonce ou publicit\u00e9 faite par le Commanditaire en relation avec le Concours, dans quelque m\u00e9dia et en quelque format que ce soit, sans autre avis ni r\u00e9mun\u00e9ration.<\/p>\n<p>Les donateurs s\u00e9lectionn\u00e9s seront contact\u00e9s \u00e0 l\u2019aide de l\u2019adresse courriel qu\u2019ils ont utilis\u00e9e pour faire les dons admissibles, et disposeront de 5 jours ouvrables pour r\u00e9clamer leur prix. Si un donateur s\u00e9lectionn\u00e9 ne r\u00e9pond pas avant l\u2019\u00e9ch\u00e9ance de ces 5 jours ouvrables, les Commanditaires se r\u00e9servent le droit d\u2019attribuer le prix \u00e0 un nouveau donateur s\u00e9lectionn\u00e9, celui qui aura offert le prochain montant d\u2019argent le plus \u00e9lev\u00e9 en dons cumul\u00e9s admissibles.<\/p>\n<p>Les Commanditaires se r\u00e9servent le droit d\u2019annuler, de suspendre ou de modifier une partie ou la totalit\u00e9 de cette offre, en tout temps et sans pr\u00e9avis, pour quelque raison que ce soit, \u00e0 leur seule discr\u00e9tion.<\/p>\n","protected":false},"excerpt":{"rendered":"<p>Conditions Pour se qualifier \u00e0 titre de Champion de la g\u00e9n\u00e9rosit\u00e9 et recevoir une carte-cadeau de bienfaisance de 100 $, les donateurs doivent faire au &#8230; <a href=\"https:\/\/www.canadahelps.org\/fr\/concours-promotion-de-canadon-champions-de-la-generosite-2018\/\" id=\"canadahelp-blog-meta\">Voir plus<\/a><\/p>\n","protected":false},"author":30,"featured_media":0,"parent":0,"menu_order":0,"comment_status":"closed","ping_status":"closed","template":"template-custom.php","meta":{"footnotes":""},"class_list":["post-22941","page","type-page","status-publish","hentry"],"acf":{"meta_description":"","use_toc_layout":false,"additional_body_css_classes":"","hide_page_title":false,"insert_spotlight_boxes":false,"use_biography_grid":false,"footer_panels":false,"header_banner_colour":"#96174b"},"yoast_head":"<!-- This site is optimized with the Yoast SEO plugin v26.0 - https:\/\/yoast.com\/wordpress\/plugins\/seo\/ -->\n<title>CONCOURS\/PROMOTION DE CANADON : CHAMPIONS DE LA G\u00c9N\u00c9ROSIT\u00c9 2018 | CanadaHelps - Donate to any charity in Canada<\/title>\n<meta name=\"robots\" content=\"index, follow, max-snippet:-1, max-image-preview:large, max-video-preview:-1\" \/>\n<link rel=\"canonical\" href=\"https:\/\/www.canadahelps.org\/fr\/concours-promotion-de-canadon-champions-de-la-generosite-2018\/\" \/>\n<meta property=\"og:locale\" content=\"fr_FR\" \/>\n<meta property=\"og:type\" content=\"article\" \/>\n<meta property=\"og:title\" content=\"CONCOURS\/PROMOTION DE CANADON : CHAMPIONS DE LA G\u00c9N\u00c9ROSIT\u00c9 2018 | CanadaHelps - Donate to any charity in Canada\" \/>\n<meta property=\"og:description\" content=\"Conditions Pour se qualifier \u00e0 titre de Champion de la g\u00e9n\u00e9rosit\u00e9 et recevoir une carte-cadeau de bienfaisance de 100 $, les donateurs doivent faire au ... Voir plus\" \/>\n<meta property=\"og:url\" content=\"https:\/\/www.canadahelps.org\/fr\/concours-promotion-de-canadon-champions-de-la-generosite-2018\/\" \/>\n<meta property=\"og:site_name\" content=\"CanadaHelps - Donate to any charity in Canada\" \/>\n<meta property=\"article:modified_time\" content=\"2018-11-26T17:54:46+00:00\" \/>\n<meta name=\"twitter:card\" content=\"summary_large_image\" \/>\n<meta name=\"twitter:label1\" content=\"Est. reading time\" \/>\n\t<meta name=\"twitter:data1\" content=\"2 minutes\" \/>\n<script type=\"application\/ld+json\" class=\"yoast-schema-graph\">{\"@context\":\"https:\/\/schema.org\",\"@graph\":[{\"@type\":\"WebPage\",\"@id\":\"https:\/\/www.canadahelps.org\/fr\/concours-promotion-de-canadon-champions-de-la-generosite-2018\/\",\"url\":\"https:\/\/www.canadahelps.org\/fr\/concours-promotion-de-canadon-champions-de-la-generosite-2018\/\",\"name\":\"CONCOURS\/PROMOTION DE CANADON : CHAMPIONS DE LA G\u00c9N\u00c9ROSIT\u00c9 2018 | CanadaHelps - Donate to any charity in Canada\",\"isPartOf\":{\"@id\":\"https:\/\/www.canadahelps.org\/fr\/#website\"},\"datePublished\":\"2018-11-26T15:56:33+00:00\",\"dateModified\":\"2018-11-26T17:54:46+00:00\",\"breadcrumb\":{\"@id\":\"https:\/\/www.canadahelps.org\/fr\/concours-promotion-de-canadon-champions-de-la-generosite-2018\/#breadcrumb\"},\"inLanguage\":\"fr\",\"potentialAction\":[{\"@type\":\"ReadAction\",\"target\":[\"https:\/\/www.canadahelps.org\/fr\/concours-promotion-de-canadon-champions-de-la-generosite-2018\/\"]}]},{\"@type\":\"BreadcrumbList\",\"@id\":\"https:\/\/www.canadahelps.org\/fr\/concours-promotion-de-canadon-champions-de-la-generosite-2018\/#breadcrumb\",\"itemListElement\":[{\"@type\":\"ListItem\",\"position\":1,\"name\":\"Home\",\"item\":\"https:\/\/www.canadahelps.org\/fr\/\"},{\"@type\":\"ListItem\",\"position\":2,\"name\":\"CONCOURS\/PROMOTION DE CANADON : CHAMPIONS DE LA G\u00c9N\u00c9ROSIT\u00c9 2018\"}]},{\"@type\":\"WebSite\",\"@id\":\"https:\/\/www.canadahelps.org\/fr\/#website\",\"url\":\"https:\/\/www.canadahelps.org\/fr\/\",\"name\":\"CanadaHelps - Donate to any charity in Canada\",\"description\":\"Giving Made Simple\",\"publisher\":{\"@id\":\"https:\/\/www.canadahelps.org\/fr\/#organization\"},\"potentialAction\":[{\"@type\":\"SearchAction\",\"target\":{\"@type\":\"EntryPoint\",\"urlTemplate\":\"https:\/\/www.canadahelps.org\/fr\/?s={search_term_string}\"},\"query-input\":{\"@type\":\"PropertyValueSpecification\",\"valueRequired\":true,\"valueName\":\"search_term_string\"}}],\"inLanguage\":\"fr\"},{\"@type\":\"Organization\",\"@id\":\"https:\/\/www.canadahelps.org\/fr\/#organization\",\"name\":\"CanadaHelps\",\"url\":\"https:\/\/www.canadahelps.org\/fr\/\",\"logo\":{\"@type\":\"ImageObject\",\"inLanguage\":\"fr\",\"@id\":\"https:\/\/www.canadahelps.org\/fr\/#\/schema\/logo\/image\/\",\"url\":\"https:\/\/www.canadahelps.org\/media\/canadahelps-en.jpg\",\"contentUrl\":\"https:\/\/www.canadahelps.org\/media\/canadahelps-en.jpg\",\"width\":131,\"height\":72,\"caption\":\"CanadaHelps\"},\"image\":{\"@id\":\"https:\/\/www.canadahelps.org\/fr\/#\/schema\/logo\/image\/\"}}]}<\/script>\n<!-- \/ Yoast SEO plugin. -->","yoast_head_json":{"title":"CONCOURS\/PROMOTION DE CANADON : CHAMPIONS DE LA G\u00c9N\u00c9ROSIT\u00c9 2018 | CanadaHelps - Donate to any charity in Canada","robots":{"index":"index","follow":"follow","max-snippet":"max-snippet:-1","max-image-preview":"max-image-preview:large","max-video-preview":"max-video-preview:-1"},"canonical":"https:\/\/www.canadahelps.org\/fr\/concours-promotion-de-canadon-champions-de-la-generosite-2018\/","og_locale":"fr_FR","og_type":"article","og_title":"CONCOURS\/PROMOTION DE CANADON : CHAMPIONS DE LA G\u00c9N\u00c9ROSIT\u00c9 2018 | CanadaHelps - Donate to any charity in Canada","og_description":"Conditions Pour se qualifier \u00e0 titre de Champion de la g\u00e9n\u00e9rosit\u00e9 et recevoir une carte-cadeau de bienfaisance de 100 $, les donateurs doivent faire au ... Voir plus","og_url":"https:\/\/www.canadahelps.org\/fr\/concours-promotion-de-canadon-champions-de-la-generosite-2018\/","og_site_name":"CanadaHelps - Donate to any charity in Canada","article_modified_time":"2018-11-26T17:54:46+00:00","twitter_card":"summary_large_image","twitter_misc":{"Est. reading time":"2 minutes"},"schema":{"@context":"https:\/\/schema.org","@graph":[{"@type":"WebPage","@id":"https:\/\/www.canadahelps.org\/fr\/concours-promotion-de-canadon-champions-de-la-generosite-2018\/","url":"https:\/\/www.canadahelps.org\/fr\/concours-promotion-de-canadon-champions-de-la-generosite-2018\/","name":"CONCOURS\/PROMOTION DE CANADON : CHAMPIONS DE LA G\u00c9N\u00c9ROSIT\u00c9 2018 | CanadaHelps - Donate to any charity in Canada","isPartOf":{"@id":"https:\/\/www.canadahelps.org\/fr\/#website"},"datePublished":"2018-11-26T15:56:33+00:00","dateModified":"2018-11-26T17:54:46+00:00","breadcrumb":{"@id":"https:\/\/www.canadahelps.org\/fr\/concours-promotion-de-canadon-champions-de-la-generosite-2018\/#breadcrumb"},"inLanguage":"fr","potentialAction":[{"@type":"ReadAction","target":["https:\/\/www.canadahelps.org\/fr\/concours-promotion-de-canadon-champions-de-la-generosite-2018\/"]}]},{"@type":"BreadcrumbList","@id":"https:\/\/www.canadahelps.org\/fr\/concours-promotion-de-canadon-champions-de-la-generosite-2018\/#breadcrumb","itemListElement":[{"@type":"ListItem","position":1,"name":"Home","item":"https:\/\/www.canadahelps.org\/fr\/"},{"@type":"ListItem","position":2,"name":"CONCOURS\/PROMOTION DE CANADON : CHAMPIONS DE LA G\u00c9N\u00c9ROSIT\u00c9 2018"}]},{"@type":"WebSite","@id":"https:\/\/www.canadahelps.org\/fr\/#website","url":"https:\/\/www.canadahelps.org\/fr\/","name":"CanadaHelps - Donate to any charity in Canada","description":"Giving Made Simple","publisher":{"@id":"https:\/\/www.canadahelps.org\/fr\/#organization"},"potentialAction":[{"@type":"SearchAction","target":{"@type":"EntryPoint","urlTemplate":"https:\/\/www.canadahelps.org\/fr\/?s={search_term_string}"},"query-input":{"@type":"PropertyValueSpecification","valueRequired":true,"valueName":"search_term_string"}}],"inLanguage":"fr"},{"@type":"Organization","@id":"https:\/\/www.canadahelps.org\/fr\/#organization","name":"CanadaHelps","url":"https:\/\/www.canadahelps.org\/fr\/","logo":{"@type":"ImageObject","inLanguage":"fr","@id":"https:\/\/www.canadahelps.org\/fr\/#\/schema\/logo\/image\/","url":"https:\/\/www.canadahelps.org\/media\/canadahelps-en.jpg","contentUrl":"https:\/\/www.canadahelps.org\/media\/canadahelps-en.jpg","width":131,"height":72,"caption":"CanadaHelps"},"image":{"@id":"https:\/\/www.canadahelps.org\/fr\/#\/schema\/logo\/image\/"}}]}},"_links":{"self":[{"href":"https:\/\/www.canadahelps.org\/fr\/wp-json\/wp\/v2\/pages\/22941","targetHints":{"allow":["GET"]}}],"collection":[{"href":"https:\/\/www.canadahelps.org\/fr\/wp-json\/wp\/v2\/pages"}],"about":[{"href":"https:\/\/www.canadahelps.org\/fr\/wp-json\/wp\/v2\/types\/page"}],"author":[{"embeddable":true,"href":"https:\/\/www.canadahelps.org\/fr\/wp-json\/wp\/v2\/users\/30"}],"replies":[{"embeddable":true,"href":"https:\/\/www.canadahelps.org\/fr\/wp-json\/wp\/v2\/comments?post=22941"}],"version-history":[{"count":4,"href":"https:\/\/www.canadahelps.org\/fr\/wp-json\/wp\/v2\/pages\/22941\/revisions"}],"predecessor-version":[{"id":22947,"href":"https:\/\/www.canadahelps.org\/fr\/wp-json\/wp\/v2\/pages\/22941\/revisions\/22947"}],"wp:attachment":[{"href":"https:\/\/www.canadahelps.org\/fr\/wp-json\/wp\/v2\/media?parent=22941"}],"curies":[{"name":"wp","href":"https:\/\/api.w.org\/{rel}","templated":true}]}}