{"id":23213,"date":"2018-03-23T13:17:30","date_gmt":"2018-03-23T17:17:30","guid":{"rendered":"https:\/\/www.canadahelps.org\/?page_id=23213"},"modified":"2020-01-28T17:17:23","modified_gmt":"2020-01-28T22:17:23","slug":"obtenez-un-compte-canadon-gratuit","status":"publish","type":"page","link":"https:\/\/www.canadahelps.org\/fr\/obtenez-un-compte-canadon-gratuit\/","title":{"rendered":"Dons en ligne faciles avec un compte CanaDon GRATUIT"},"content":{"rendered":"<style>html{background-color:#fff}.w1920{max-width:1920px;margin:0 auto}.w1280{max-width:1280px;margin:0 auto}.w960{max-width:960px;margin:0 auto;text-align:left;font-size:16px}#header{width:100%;background:#1466a9}#banner{background:#1466a9;height:auto;max-width:1280px;margin:0 auto;padding:0;margin-bottom:15px}.banner-row{display:flex;flex-direction:row;justify-content:flex-start;align-items:flex-start;width:80%;max-width:960px;margin:0 auto}.banner-item{color:#fff;text-align:left;padding:30px;font-size:16px!important}.banner-item h2{font-size:24px;color:#fff;margin-top:40px}.banner-item img{max-width:300px;width:300px;border:5px solid #fff}.white-button{background:#fff;font-weight:700}.w960>h2{color:#96174b;text-align:center;font-size:20px!important;margin:30px 0 20px 0}.w960>h3{font-weight:700;line-height:1.5em;font-size:20px!important}.already{font-size:20px;font-weight:700}.flex-two{display:flex;flex-direction:row;justify-content:center;align-items:center;margin:0 auto}.flex-2-item{width:250px;height:385px;margin:15px 50px 40px 50px;text-align:left;background:#ededed}.flex-2-item img{width:100%}.other-body{font-size:15px;padding:10px;line-height:1.5em}.other-body h3{color:#96174b;font-size:16px}.blue-banner{font-size:16px;text-align:center;background:#1466a9;color:#fff;padding:20px 0 20px 0;margin-bottom:15px}.btn{font-weight:700}@media screen and (max-width:768px){.w1920{width:100%}.w1280{width:100%}.w960{width:100%;margin-top:20px}#banner{padding:10px 0 0 0;margin-bottom:0;height:auto}.banner-row{flex-direction:column;width:90%;margin:0 auto}.banner-item{margin:0;width:100%;text-align:center}.banner-item h2{margin-top:-50px}.banner-item img{width:90%;display:block;margin:0 auto}.flex-two{flex-direction:column;width:90%}.flex-2-item{margin:20px auto;width:100%;height:auto}hr.mobile-only{display:block;width:80%!important;margin:0 auto;border-top:1px solid #aaa}}@media screen and (max-width:640px){.w1920{width:95%}.w1280{width:95%}.w960{width:95%;margin-top:20px}#banner{padding:10px 0 0 0;margin-bottom:0}}@media screen and (max-width:480px){.w1280,.w1920,.w960{width:90%}}<\/style>\n<div id=\"header\">\n<div id=\"banner\">\n<div class=\"banner-row\">\n<div class=\"banner-item\">\n<a href=\"https:\/\/www.canadahelps.org\/fr\/SignUp.aspx\"><img decoding=\"async\" src=\"https:\/\/www.canadahelps.org\/media\/20200124_main-pic-FR.jpg\"><\/a>\n<\/div>\n<div class=\"banner-item\">\n<h2>Obtenez un compte CanaDon gratuit<\/h2>\n<p>Faites un suivi de vos dons en ligne, sauvegardez vos organismes favoris, et acc\u00e9dez \u00e0 vos re\u00e7us d&#8217;imp\u00f4t de bienfaisance en tout temps avec un compte CanaDon.<\/p>\n<p><a class=\"btn btn-primary\" href=\"https:\/\/www.canadahelps.org\/fr\/SignUp.aspx\">Cr\u00e9ez un compte<\/a>\n<\/div>\n<\/div>\n<\/div>\n<\/div>\n<div class=\"w1280\">\n<div class=\"w960\">\n<h2>Il est plus facile d&#8217;aider vos organismes pr\u00e9f\u00e9r\u00e9s avec un compte CanaDon.<\/h2>\n<div class=\"flex-two\">\n<div class=\"flex-2-item\">\n<section>\n    <img decoding=\"async\" src=\"https:\/\/www.canadahelps.org\/media\/20200124_Make-Tax-Time-Easier.jpg\"><br \/>\n    <\/section>\n<section class=\"other-body\">\n<h3>Rendez la saison des taxes plus simple.<\/h3>\n<p>    Acc\u00e9dez \u00e0 vos re\u00e7us d&#8217;imp\u00f4t en un seul endroit, pr\u00eats \u00e0 \u00eatre t\u00e9l\u00e9charg\u00e9s \u00e0 tout moment.<br \/>\n    <\/section>\n<\/p><\/div>\n<div class=\"flex-2-item\">\n<section>\n    <img decoding=\"async\" src=\"https:\/\/www.canadahelps.org\/media\/20200124_save-preferance.jpg\"><br \/>\n    <\/section>\n<section class=\"other-body\">\n<h3>Sauvegardez vos pr\u00e9f\u00e9rences.<\/h3>\n<p>    Faciltez vos dons en sauvegardant vos organismes favoris, vos pr\u00e9f\u00e9rences d&#8217;anonymat, et plus encore!<br \/>\n    <\/section>\n<\/p><\/div>\n<\/div>\n<div class=\"flex-two\">\n<div class=\"flex-2-item\">\n<section>\n    <img decoding=\"async\" src=\"https:\/\/www.canadahelps.org\/media\/20200124_manage-your-giving-FR.jpg\"><br \/>\n    <\/section>\n<section class=\"other-body\">\n<h3>G\u00e9rez vos dons.<\/h3>\n<p>    Fixez des objectifs de dons et obtenez des aper\u00e7us sur les dons canadiens gr\u00e2ce \u00e0 un tableau de bord de donateur personnalis\u00e9.<br \/>\n    <\/section>\n<\/p><\/div>\n<div class=\"flex-2-item\">\n<section>\n    <img decoding=\"async\" src=\"https:\/\/www.canadahelps.org\/media\/20200124_Manage-your-giving-FR-1.jpg\"><br \/>\n    <\/section>\n<section class=\"other-body\">\n<h3>\u00c9tablissez des dons mensuels.<\/h3>\n<p>    \u00c9tablissez et g\u00e9rez facilement vos dons mensuels pour aider vos organismes favoris toute l&#8217;ann\u00e9e!<br \/>\n    <\/section>\n<\/p><\/div>\n<\/div>\n<\/div>\n<p> <!-- closes 960 --><\/p>\n<div class=\"w1280\">\n<div class=\"w960\">\n<div class=\"blue-banner\">\nFacilitez vos dons avec un compte gratuit aujourd&#8217;hui.&nbsp; <a href=\"https:\/\/www.canadahelps.org\/fr\/SignUp.aspx\" class=\"btn btn-primary\">Ouvrez une session<\/a>\n<\/div>\n<p><span class=\"already\">Vous avez d\u00e9j\u00e0 un compte?  <a href=\"https:\/\/www.canadahelps.org\/fr\/SignIn.aspx\" style=\"color:#96174b;\">Ouvrez une session maintenant.<\/a><\/span>\n<\/div>\n<\/div>\n<p>&nbsp;\n<\/p><\/div>\n","protected":false},"excerpt":{"rendered":"<p>Obtenez un compte CanaDon gratuit Faites un suivi de vos dons en ligne, sauvegardez vos organismes favoris, et acc\u00e9dez \u00e0 vos re\u00e7us d&#8217;imp\u00f4t de bienfaisance &#8230; <a href=\"https:\/\/www.canadahelps.org\/fr\/obtenez-un-compte-canadon-gratuit\/\" id=\"canadahelp-blog-meta\">Voir plus<\/a><\/p>\n","protected":false},"author":30,"featured_media":0,"parent":0,"menu_order":0,"comment_status":"closed","ping_status":"closed","template":"template-fullwidth-page.php","meta":{"footnotes":""},"class_list":["post-23213","page","type-page","status-publish","hentry"],"acf":{"meta_description":"","use_toc_layout":false,"additional_body_css_classes":"","hide_page_title":false,"insert_spotlight_boxes":false,"use_biography_grid":false,"footer_panels":false,"header_banner_colour":"#0070af","row_settings":false},"yoast_head":"<!-- This site is optimized with the Yoast SEO plugin v26.0 - https:\/\/yoast.com\/wordpress\/plugins\/seo\/ -->\n<title>Dons en ligne faciles avec un compte CanaDon GRATUIT | CanaDon - Faites des dons \u00e0 un organisme de bienfaisance au Canada<\/title>\n<meta name=\"robots\" content=\"index, follow, max-snippet:-1, max-image-preview:large, max-video-preview:-1\" \/>\n<link rel=\"canonical\" href=\"https:\/\/www.canadahelps.org\/fr\/obtenez-un-compte-canadon-gratuit\/\" \/>\n<meta property=\"og:locale\" content=\"fr_FR\" \/>\n<meta property=\"og:type\" content=\"article\" \/>\n<meta property=\"og:title\" content=\"Dons en ligne faciles avec un compte CanaDon GRATUIT | CanaDon - Faites des dons \u00e0 un organisme de bienfaisance au Canada\" \/>\n<meta property=\"og:description\" content=\"Obtenez un compte CanaDon gratuit Faites un suivi de vos dons en ligne, sauvegardez vos organismes favoris, et acc\u00e9dez \u00e0 vos re\u00e7us d&#8217;imp\u00f4t de bienfaisance ... Voir plus\" \/>\n<meta property=\"og:url\" content=\"https:\/\/www.canadahelps.org\/fr\/obtenez-un-compte-canadon-gratuit\/\" \/>\n<meta property=\"og:site_name\" content=\"CanaDon - Faites des dons \u00e0 un organisme de bienfaisance au Canada\" \/>\n<meta property=\"article:modified_time\" content=\"2020-01-28T22:17:23+00:00\" \/>\n<meta property=\"og:image\" content=\"https:\/\/www.canadahelps.org\/media\/20200124_main-pic-FR.jpg\" \/>\n<meta name=\"twitter:card\" content=\"summary_large_image\" \/>\n<meta name=\"twitter:label1\" content=\"Est. reading time\" \/>\n\t<meta name=\"twitter:data1\" content=\"1 minute\" \/>\n<script type=\"application\/ld+json\" class=\"yoast-schema-graph\">{\"@context\":\"https:\/\/schema.org\",\"@graph\":[{\"@type\":\"WebPage\",\"@id\":\"https:\/\/www.canadahelps.org\/fr\/obtenez-un-compte-canadon-gratuit\/\",\"url\":\"https:\/\/www.canadahelps.org\/fr\/obtenez-un-compte-canadon-gratuit\/\",\"name\":\"Dons en ligne faciles avec un compte CanaDon GRATUIT | CanaDon - Faites des dons \u00e0 un organisme de bienfaisance au Canada\",\"isPartOf\":{\"@id\":\"https:\/\/www.canadahelps.org\/fr\/#website\"},\"primaryImageOfPage\":{\"@id\":\"https:\/\/www.canadahelps.org\/fr\/obtenez-un-compte-canadon-gratuit\/#primaryimage\"},\"image\":{\"@id\":\"https:\/\/www.canadahelps.org\/fr\/obtenez-un-compte-canadon-gratuit\/#primaryimage\"},\"thumbnailUrl\":\"https:\/\/www.canadahelps.org\/media\/20200124_main-pic-FR.jpg\",\"datePublished\":\"2018-03-23T17:17:30+00:00\",\"dateModified\":\"2020-01-28T22:17:23+00:00\",\"breadcrumb\":{\"@id\":\"https:\/\/www.canadahelps.org\/fr\/obtenez-un-compte-canadon-gratuit\/#breadcrumb\"},\"inLanguage\":\"fr\",\"potentialAction\":[{\"@type\":\"ReadAction\",\"target\":[\"https:\/\/www.canadahelps.org\/fr\/obtenez-un-compte-canadon-gratuit\/\"]}]},{\"@type\":\"ImageObject\",\"inLanguage\":\"fr\",\"@id\":\"https:\/\/www.canadahelps.org\/fr\/obtenez-un-compte-canadon-gratuit\/#primaryimage\",\"url\":\"https:\/\/www.canadahelps.org\/media\/20200124_main-pic-FR.jpg\",\"contentUrl\":\"https:\/\/www.canadahelps.org\/media\/20200124_main-pic-FR.jpg\"},{\"@type\":\"BreadcrumbList\",\"@id\":\"https:\/\/www.canadahelps.org\/fr\/obtenez-un-compte-canadon-gratuit\/#breadcrumb\",\"itemListElement\":[{\"@type\":\"ListItem\",\"position\":1,\"name\":\"Home\",\"item\":\"https:\/\/www.canadahelps.org\/fr\/\"},{\"@type\":\"ListItem\",\"position\":2,\"name\":\"Dons en ligne faciles avec un compte CanaDon GRATUIT\"}]},{\"@type\":\"WebSite\",\"@id\":\"https:\/\/www.canadahelps.org\/fr\/#website\",\"url\":\"https:\/\/www.canadahelps.org\/fr\/\",\"name\":\"CanadaHelps - Donate to any charity in Canada\",\"description\":\"Le don en toute simplicit\u00e9\",\"publisher\":{\"@id\":\"https:\/\/www.canadahelps.org\/fr\/#organization\"},\"potentialAction\":[{\"@type\":\"SearchAction\",\"target\":{\"@type\":\"EntryPoint\",\"urlTemplate\":\"https:\/\/www.canadahelps.org\/fr\/?s={search_term_string}\"},\"query-input\":{\"@type\":\"PropertyValueSpecification\",\"valueRequired\":true,\"valueName\":\"search_term_string\"}}],\"inLanguage\":\"fr\"},{\"@type\":\"Organization\",\"@id\":\"https:\/\/www.canadahelps.org\/fr\/#organization\",\"name\":\"CanadaHelps\",\"url\":\"https:\/\/www.canadahelps.org\/fr\/\",\"logo\":{\"@type\":\"ImageObject\",\"inLanguage\":\"fr\",\"@id\":\"https:\/\/www.canadahelps.org\/fr\/#\/schema\/logo\/image\/\",\"url\":\"https:\/\/www.canadahelps.org\/media\/canadahelps-en.jpg\",\"contentUrl\":\"https:\/\/www.canadahelps.org\/media\/canadahelps-en.jpg\",\"width\":131,\"height\":72,\"caption\":\"CanadaHelps\"},\"image\":{\"@id\":\"https:\/\/www.canadahelps.org\/fr\/#\/schema\/logo\/image\/\"}}]}<\/script>\n<!-- \/ Yoast SEO plugin. -->","yoast_head_json":{"title":"Dons en ligne faciles avec un compte CanaDon GRATUIT | CanaDon - Faites des dons \u00e0 un organisme de bienfaisance au Canada","robots":{"index":"index","follow":"follow","max-snippet":"max-snippet:-1","max-image-preview":"max-image-preview:large","max-video-preview":"max-video-preview:-1"},"canonical":"https:\/\/www.canadahelps.org\/fr\/obtenez-un-compte-canadon-gratuit\/","og_locale":"fr_FR","og_type":"article","og_title":"Dons en ligne faciles avec un compte CanaDon GRATUIT | CanaDon - Faites des dons \u00e0 un organisme de bienfaisance au Canada","og_description":"Obtenez un compte CanaDon gratuit Faites un suivi de vos dons en ligne, sauvegardez vos organismes favoris, et acc\u00e9dez \u00e0 vos re\u00e7us d&#8217;imp\u00f4t de bienfaisance ... Voir plus","og_url":"https:\/\/www.canadahelps.org\/fr\/obtenez-un-compte-canadon-gratuit\/","og_site_name":"CanaDon - Faites des dons \u00e0 un organisme de bienfaisance au Canada","article_modified_time":"2020-01-28T22:17:23+00:00","og_image":[{"url":"https:\/\/www.canadahelps.org\/media\/20200124_main-pic-FR.jpg","type":"","width":"","height":""}],"twitter_card":"summary_large_image","twitter_misc":{"Est. reading time":"1 minute"},"schema":{"@context":"https:\/\/schema.org","@graph":[{"@type":"WebPage","@id":"https:\/\/www.canadahelps.org\/fr\/obtenez-un-compte-canadon-gratuit\/","url":"https:\/\/www.canadahelps.org\/fr\/obtenez-un-compte-canadon-gratuit\/","name":"Dons en ligne faciles avec un compte CanaDon GRATUIT | CanaDon - Faites des dons \u00e0 un organisme de bienfaisance au Canada","isPartOf":{"@id":"https:\/\/www.canadahelps.org\/fr\/#website"},"primaryImageOfPage":{"@id":"https:\/\/www.canadahelps.org\/fr\/obtenez-un-compte-canadon-gratuit\/#primaryimage"},"image":{"@id":"https:\/\/www.canadahelps.org\/fr\/obtenez-un-compte-canadon-gratuit\/#primaryimage"},"thumbnailUrl":"https:\/\/www.canadahelps.org\/media\/20200124_main-pic-FR.jpg","datePublished":"2018-03-23T17:17:30+00:00","dateModified":"2020-01-28T22:17:23+00:00","breadcrumb":{"@id":"https:\/\/www.canadahelps.org\/fr\/obtenez-un-compte-canadon-gratuit\/#breadcrumb"},"inLanguage":"fr","potentialAction":[{"@type":"ReadAction","target":["https:\/\/www.canadahelps.org\/fr\/obtenez-un-compte-canadon-gratuit\/"]}]},{"@type":"ImageObject","inLanguage":"fr","@id":"https:\/\/www.canadahelps.org\/fr\/obtenez-un-compte-canadon-gratuit\/#primaryimage","url":"https:\/\/www.canadahelps.org\/media\/20200124_main-pic-FR.jpg","contentUrl":"https:\/\/www.canadahelps.org\/media\/20200124_main-pic-FR.jpg"},{"@type":"BreadcrumbList","@id":"https:\/\/www.canadahelps.org\/fr\/obtenez-un-compte-canadon-gratuit\/#breadcrumb","itemListElement":[{"@type":"ListItem","position":1,"name":"Home","item":"https:\/\/www.canadahelps.org\/fr\/"},{"@type":"ListItem","position":2,"name":"Dons en ligne faciles avec un compte CanaDon GRATUIT"}]},{"@type":"WebSite","@id":"https:\/\/www.canadahelps.org\/fr\/#website","url":"https:\/\/www.canadahelps.org\/fr\/","name":"CanadaHelps - Donate to any charity in Canada","description":"Le don en toute simplicit\u00e9","publisher":{"@id":"https:\/\/www.canadahelps.org\/fr\/#organization"},"potentialAction":[{"@type":"SearchAction","target":{"@type":"EntryPoint","urlTemplate":"https:\/\/www.canadahelps.org\/fr\/?s={search_term_string}"},"query-input":{"@type":"PropertyValueSpecification","valueRequired":true,"valueName":"search_term_string"}}],"inLanguage":"fr"},{"@type":"Organization","@id":"https:\/\/www.canadahelps.org\/fr\/#organization","name":"CanadaHelps","url":"https:\/\/www.canadahelps.org\/fr\/","logo":{"@type":"ImageObject","inLanguage":"fr","@id":"https:\/\/www.canadahelps.org\/fr\/#\/schema\/logo\/image\/","url":"https:\/\/www.canadahelps.org\/media\/canadahelps-en.jpg","contentUrl":"https:\/\/www.canadahelps.org\/media\/canadahelps-en.jpg","width":131,"height":72,"caption":"CanadaHelps"},"image":{"@id":"https:\/\/www.canadahelps.org\/fr\/#\/schema\/logo\/image\/"}}]}},"_links":{"self":[{"href":"https:\/\/www.canadahelps.org\/fr\/wp-json\/wp\/v2\/pages\/23213","targetHints":{"allow":["GET"]}}],"collection":[{"href":"https:\/\/www.canadahelps.org\/fr\/wp-json\/wp\/v2\/pages"}],"about":[{"href":"https:\/\/www.canadahelps.org\/fr\/wp-json\/wp\/v2\/types\/page"}],"author":[{"embeddable":true,"href":"https:\/\/www.canadahelps.org\/fr\/wp-json\/wp\/v2\/users\/30"}],"replies":[{"embeddable":true,"href":"https:\/\/www.canadahelps.org\/fr\/wp-json\/wp\/v2\/comments?post=23213"}],"version-history":[{"count":11,"href":"https:\/\/www.canadahelps.org\/fr\/wp-json\/wp\/v2\/pages\/23213\/revisions"}],"predecessor-version":[{"id":29063,"href":"https:\/\/www.canadahelps.org\/fr\/wp-json\/wp\/v2\/pages\/23213\/revisions\/29063"}],"wp:attachment":[{"href":"https:\/\/www.canadahelps.org\/fr\/wp-json\/wp\/v2\/media?parent=23213"}],"curies":[{"name":"wp","href":"https:\/\/api.w.org\/{rel}","templated":true}]}}