{"id":2408,"date":"2014-07-22T10:03:11","date_gmt":"2014-07-22T14:03:11","guid":{"rendered":"https:\/\/www.canadahelps.org\/?page_id=2408"},"modified":"2025-06-10T12:00:31","modified_gmt":"2025-06-10T16:00:31","slug":"echanger-une-carte-cadeau-de-bienfaisance","status":"publish","type":"page","link":"https:\/\/www.canadahelps.org\/fr\/faites-un-don\/echanger-une-carte-cadeau-de-bienfaisance\/","title":{"rendered":"\u00c9changer une carte-cadeau de bienfaisance"},"content":{"rendered":"<link rel=\"stylesheet\" type=\"text\/css\" href=\"\/secure\/ch-gc-redemption\/assets\/ch-gc-redemption.css\" \/>\n<style>html{background:#fff}body p{font-family:Inter,arial,sans-serif;font-size:16px;line-height:24px;color:#1b1750}h1,h2,h3,h4,h5,h6{font-family:\"PT Serif\",serif;font-weight:700;min-height:36px;color:#1b1750}#gcr25-header{background-color:#f4f3f6;padding:20px 0 0 0;text-align:center}#gcr25-header h1,#gcr25-how h2{color:#1b1750}#gcr25-charity-search{width:70%;margin:30px auto 30px auto;height:230px}#gcr25-how{padding:40px 0}.headline{text-align:center;margin-top:20px}#gcr25-flex{display:flex;margin:40px auto 0 auto;width:90%;justify-content:center;align-items:stretch;gap:10px}.gcr25-flex-item{width:364px;min-height:128px;height:auto;border:1px solid #dde1e9;border-radius:8px;margin:0;display:flex}.gcr25-flex-item-number{width:15%}.gcr25-flex-item-number img{width:40px;height:40px;margin:10px}.gcr25-flex-item-text{padding:20px;width:85%}#root{padding:50px 50px 0 50px}#gcr25-footer{margin:70px 100px}#gcr25-header a{color:#1b1750;text-decoration:underline}.gcr25-flex-item-text a{color:#1b1750;text-decoration:underline}#gcr25-footer a{text-decoration:underline}h1.thirty-two{font-size:32px;line-height:48px}h2.thirty-two{font-size:32px;line-height:48px}.canadahelps_find-a-charity > div{box-shadow:none;background-color:#f4f3f6}#gcr25-charity-search>section>div>h2{display:none}a.anchor{display:block;position:relative;top:-400px;visibility:hidden}@media screen and (max-width:768px){#gcr24-charity-search{height:auto}#gcr24-flex{flex-direction:column}.gcr24-flex-item{width:90%;height:auto;margin:0 auto}#root{padding:0}}<\/style>\n<section id=\"gcr25-header\">\n<div class=\"headline\">\n<h1 class=\"thirty-two\">Trouvez un organisme de bienfaisance<br \/>\npour utiliser votre carte-cadeau caritative<\/h1>\n<\/div>\n<p><a style=\"color:#0070AF\" href=\"#verifier\">Vous voulez d\u2019abord v\u00e9rifier votre solde?<\/a><\/p>\n<div id=\"gcr25-charity-search\">\n    <section class=\"widget canadahelps_find-a-charity slim canadahelps_widget\" style=\"border: 1px solid #0070AE;\"><div class=\"widget-inner\">\n      <\/div><\/section>\n<\/div>\n<\/section>\n<section id=\"gcr25-how\">\n<div class=\"headline\">\n<h2>Comment utiliser votre carte-cadeau caritative<\/h2>\n<\/div>\n<div id=\"gcr25-flex\">\n<div class=\"gcr25-flex-item\">\n<div class=\"gcr25-flex-item-number\">\n<img decoding=\"async\" src=\"https:\/\/www.canadahelps.org\/media\/20250314-Step-number-1.png\" alt=\"1\">\n<\/div>\n<div class=\"gcr25-flex-item-text\"> <strong>Trouvez des organismes de bienfaisance \u00e0 soutenir<\/strong><br \/>\nTrouvez votre <a style=\"color:#0070AF\" href=\"https:\/\/www.canadahelps.org\/fr\/explore\/charities\/?version=2\">organisme de bienfaisance pr\u00e9f\u00e9r\u00e9<\/a> parmi des milliers \u00e0 travers le Canada.<\/div>\n<\/div>\n<div class=\"gcr25-flex-item\">\n<div class=\"gcr25-flex-item-number\">\n<img decoding=\"async\" src=\"https:\/\/www.canadahelps.org\/media\/20250314-Step-number-2.png\" alt=\"2\">\n<\/div>\n<div class=\"gcr25-flex-item-text\"><strong>Payez avec votre carte cadeau<\/strong><br \/>\n    S\u00e9lectionnez Carte-cadeau comme mode de paiement lors du paiement et entrez le code de votre carte-cadeau.<\/div>\n<\/div>\n<div class=\"gcr25-flex-item\">\n<div class=\"gcr25-flex-item-number\">\n<img decoding=\"async\" src=\"https:\/\/www.canadahelps.org\/media\/20250314-Step-number-3.png\" alt=\"3 \">\n<\/div>\n<div class=\"gcr25-flex-item-text\"> <strong>Confirmez et faites la diff\u00e9rence<\/strong><br \/>\n        Confirmez votre don et sentez-vous bien en partageant vos dons de bienfaisance partout au Canada\u00a0<\/div>\n<\/div>\n<\/div>\n<\/section>\n<section id=\"giftcard-redemption-widget\"><\/section>\n<p><a class=\"anchor\" name=\"verifier\"><\/a><\/p>\n<section id=\"gcr25-footer\">\n<p>Vous rencontrez des probl\u00e8mes pour utiliser votre carte-cadeau caritative&nbsp;?<br \/>\nVeuillez <a href=\"https:\/\/www.canadahelps.org\/fr\/contactez-nous\/\">nous contacter<\/a> et nous serons heureux de vous aider&nbsp;!<\/p>\n<\/section>\n<p><script type=\"module\" src=\"\/secure\/ch-gc-redemption\/assets\/ch-gc-redemption.js\"><\/script><\/p>\n","protected":false},"excerpt":{"rendered":"<p>Trouvez un organisme de bienfaisance pour utiliser votre carte-cadeau caritative Vous voulez d\u2019abord v\u00e9rifier votre solde? Comment utiliser votre carte-cadeau caritative Trouvez des organismes de &#8230; <a href=\"https:\/\/www.canadahelps.org\/fr\/faites-un-don\/echanger-une-carte-cadeau-de-bienfaisance\/\" id=\"canadahelp-blog-meta\">Voir plus<\/a><\/p>\n","protected":false},"author":7,"featured_media":0,"parent":1037,"menu_order":0,"comment_status":"open","ping_status":"open","template":"template-fullwidth-page.php","meta":{"footnotes":""},"class_list":["post-2408","page","type-page","status-publish","hentry"],"acf":{"meta_description":"","use_toc_layout":false,"insert_spotlight_boxes":false,"use_biography_grid":false,"spotlight_boxes":false,"more_text":"","header_banner_colour":"#748E09","hide_page_title":false,"additional_body_css_classes":"","footer_panels":false,"row_settings":false,"blogs_posts_item":false},"yoast_head":"<!-- This site is optimized with the Yoast SEO plugin v26.0 - https:\/\/yoast.com\/wordpress\/plugins\/seo\/ -->\n<title>\u00c9changer une carte-cadeau de bienfaisance | CanadaHelps - Donate to any charity in Canada<\/title>\n<meta name=\"robots\" content=\"index, follow, max-snippet:-1, max-image-preview:large, max-video-preview:-1\" \/>\n<link rel=\"canonical\" href=\"https:\/\/www.canadahelps.org\/fr\/faites-un-don\/echanger-une-carte-cadeau-de-bienfaisance\/\" \/>\n<meta property=\"og:locale\" content=\"fr_FR\" \/>\n<meta property=\"og:type\" content=\"article\" \/>\n<meta property=\"og:title\" content=\"\u00c9changer une carte-cadeau de bienfaisance | CanadaHelps - Donate to any charity in Canada\" \/>\n<meta property=\"og:description\" content=\"Trouvez un organisme de bienfaisance pour utiliser votre carte-cadeau caritative Vous voulez d\u2019abord v\u00e9rifier votre solde? Comment utiliser votre carte-cadeau caritative Trouvez des organismes de ... Voir plus\" \/>\n<meta property=\"og:url\" content=\"https:\/\/www.canadahelps.org\/fr\/faites-un-don\/echanger-une-carte-cadeau-de-bienfaisance\/\" \/>\n<meta property=\"og:site_name\" content=\"CanadaHelps - Donate to any charity in Canada\" \/>\n<meta property=\"article:modified_time\" content=\"2025-06-10T16:00:31+00:00\" \/>\n<meta property=\"og:image\" content=\"https:\/\/www.canadahelps.org\/media\/20250314-Step-number-1.png\" \/>\n<meta name=\"twitter:card\" content=\"summary_large_image\" \/>\n<meta name=\"twitter:label1\" content=\"Est. reading time\" \/>\n\t<meta name=\"twitter:data1\" content=\"2 minutes\" \/>\n<script type=\"application\/ld+json\" class=\"yoast-schema-graph\">{\"@context\":\"https:\/\/schema.org\",\"@graph\":[{\"@type\":\"WebPage\",\"@id\":\"https:\/\/www.canadahelps.org\/fr\/faites-un-don\/echanger-une-carte-cadeau-de-bienfaisance\/\",\"url\":\"https:\/\/www.canadahelps.org\/fr\/faites-un-don\/echanger-une-carte-cadeau-de-bienfaisance\/\",\"name\":\"\u00c9changer une carte-cadeau de bienfaisance | CanadaHelps - Donate to any charity in Canada\",\"isPartOf\":{\"@id\":\"https:\/\/www.canadahelps.org\/fr\/#website\"},\"primaryImageOfPage\":{\"@id\":\"https:\/\/www.canadahelps.org\/fr\/faites-un-don\/echanger-une-carte-cadeau-de-bienfaisance\/#primaryimage\"},\"image\":{\"@id\":\"https:\/\/www.canadahelps.org\/fr\/faites-un-don\/echanger-une-carte-cadeau-de-bienfaisance\/#primaryimage\"},\"thumbnailUrl\":\"https:\/\/www.canadahelps.org\/media\/20250314-Step-number-1.png\",\"datePublished\":\"2014-07-22T14:03:11+00:00\",\"dateModified\":\"2025-06-10T16:00:31+00:00\",\"breadcrumb\":{\"@id\":\"https:\/\/www.canadahelps.org\/fr\/faites-un-don\/echanger-une-carte-cadeau-de-bienfaisance\/#breadcrumb\"},\"inLanguage\":\"fr\",\"potentialAction\":[{\"@type\":\"ReadAction\",\"target\":[\"https:\/\/www.canadahelps.org\/fr\/faites-un-don\/echanger-une-carte-cadeau-de-bienfaisance\/\"]}]},{\"@type\":\"ImageObject\",\"inLanguage\":\"fr\",\"@id\":\"https:\/\/www.canadahelps.org\/fr\/faites-un-don\/echanger-une-carte-cadeau-de-bienfaisance\/#primaryimage\",\"url\":\"https:\/\/www.canadahelps.org\/media\/20250314-Step-number-1.png\",\"contentUrl\":\"https:\/\/www.canadahelps.org\/media\/20250314-Step-number-1.png\"},{\"@type\":\"BreadcrumbList\",\"@id\":\"https:\/\/www.canadahelps.org\/fr\/faites-un-don\/echanger-une-carte-cadeau-de-bienfaisance\/#breadcrumb\",\"itemListElement\":[{\"@type\":\"ListItem\",\"position\":1,\"name\":\"Home\",\"item\":\"https:\/\/www.canadahelps.org\/fr\/\"},{\"@type\":\"ListItem\",\"position\":2,\"name\":\"Faites un don\",\"item\":\"https:\/\/www.canadahelps.org\/fr\/faites-un-don\/\"},{\"@type\":\"ListItem\",\"position\":3,\"name\":\"\u00c9changer une carte-cadeau de bienfaisance\"}]},{\"@type\":\"WebSite\",\"@id\":\"https:\/\/www.canadahelps.org\/fr\/#website\",\"url\":\"https:\/\/www.canadahelps.org\/fr\/\",\"name\":\"CanadaHelps - Donate to any charity in Canada\",\"description\":\"Giving Made Simple\",\"publisher\":{\"@id\":\"https:\/\/www.canadahelps.org\/fr\/#organization\"},\"potentialAction\":[{\"@type\":\"SearchAction\",\"target\":{\"@type\":\"EntryPoint\",\"urlTemplate\":\"https:\/\/www.canadahelps.org\/fr\/?s={search_term_string}\"},\"query-input\":{\"@type\":\"PropertyValueSpecification\",\"valueRequired\":true,\"valueName\":\"search_term_string\"}}],\"inLanguage\":\"fr\"},{\"@type\":\"Organization\",\"@id\":\"https:\/\/www.canadahelps.org\/fr\/#organization\",\"name\":\"CanadaHelps\",\"url\":\"https:\/\/www.canadahelps.org\/fr\/\",\"logo\":{\"@type\":\"ImageObject\",\"inLanguage\":\"fr\",\"@id\":\"https:\/\/www.canadahelps.org\/fr\/#\/schema\/logo\/image\/\",\"url\":\"https:\/\/www.canadahelps.org\/media\/canadahelps-en.jpg\",\"contentUrl\":\"https:\/\/www.canadahelps.org\/media\/canadahelps-en.jpg\",\"width\":131,\"height\":72,\"caption\":\"CanadaHelps\"},\"image\":{\"@id\":\"https:\/\/www.canadahelps.org\/fr\/#\/schema\/logo\/image\/\"}}]}<\/script>\n<!-- \/ Yoast SEO plugin. -->","yoast_head_json":{"title":"\u00c9changer une carte-cadeau de bienfaisance | CanadaHelps - Donate to any charity in Canada","robots":{"index":"index","follow":"follow","max-snippet":"max-snippet:-1","max-image-preview":"max-image-preview:large","max-video-preview":"max-video-preview:-1"},"canonical":"https:\/\/www.canadahelps.org\/fr\/faites-un-don\/echanger-une-carte-cadeau-de-bienfaisance\/","og_locale":"fr_FR","og_type":"article","og_title":"\u00c9changer une carte-cadeau de bienfaisance | CanadaHelps - Donate to any charity in Canada","og_description":"Trouvez un organisme de bienfaisance pour utiliser votre carte-cadeau caritative Vous voulez d\u2019abord v\u00e9rifier votre solde? Comment utiliser votre carte-cadeau caritative Trouvez des organismes de ... Voir plus","og_url":"https:\/\/www.canadahelps.org\/fr\/faites-un-don\/echanger-une-carte-cadeau-de-bienfaisance\/","og_site_name":"CanadaHelps - Donate to any charity in Canada","article_modified_time":"2025-06-10T16:00:31+00:00","og_image":[{"url":"https:\/\/www.canadahelps.org\/media\/20250314-Step-number-1.png","type":"","width":"","height":""}],"twitter_card":"summary_large_image","twitter_misc":{"Est. reading time":"2 minutes"},"schema":{"@context":"https:\/\/schema.org","@graph":[{"@type":"WebPage","@id":"https:\/\/www.canadahelps.org\/fr\/faites-un-don\/echanger-une-carte-cadeau-de-bienfaisance\/","url":"https:\/\/www.canadahelps.org\/fr\/faites-un-don\/echanger-une-carte-cadeau-de-bienfaisance\/","name":"\u00c9changer une carte-cadeau de bienfaisance | CanadaHelps - Donate to any charity in Canada","isPartOf":{"@id":"https:\/\/www.canadahelps.org\/fr\/#website"},"primaryImageOfPage":{"@id":"https:\/\/www.canadahelps.org\/fr\/faites-un-don\/echanger-une-carte-cadeau-de-bienfaisance\/#primaryimage"},"image":{"@id":"https:\/\/www.canadahelps.org\/fr\/faites-un-don\/echanger-une-carte-cadeau-de-bienfaisance\/#primaryimage"},"thumbnailUrl":"https:\/\/www.canadahelps.org\/media\/20250314-Step-number-1.png","datePublished":"2014-07-22T14:03:11+00:00","dateModified":"2025-06-10T16:00:31+00:00","breadcrumb":{"@id":"https:\/\/www.canadahelps.org\/fr\/faites-un-don\/echanger-une-carte-cadeau-de-bienfaisance\/#breadcrumb"},"inLanguage":"fr","potentialAction":[{"@type":"ReadAction","target":["https:\/\/www.canadahelps.org\/fr\/faites-un-don\/echanger-une-carte-cadeau-de-bienfaisance\/"]}]},{"@type":"ImageObject","inLanguage":"fr","@id":"https:\/\/www.canadahelps.org\/fr\/faites-un-don\/echanger-une-carte-cadeau-de-bienfaisance\/#primaryimage","url":"https:\/\/www.canadahelps.org\/media\/20250314-Step-number-1.png","contentUrl":"https:\/\/www.canadahelps.org\/media\/20250314-Step-number-1.png"},{"@type":"BreadcrumbList","@id":"https:\/\/www.canadahelps.org\/fr\/faites-un-don\/echanger-une-carte-cadeau-de-bienfaisance\/#breadcrumb","itemListElement":[{"@type":"ListItem","position":1,"name":"Home","item":"https:\/\/www.canadahelps.org\/fr\/"},{"@type":"ListItem","position":2,"name":"Faites un don","item":"https:\/\/www.canadahelps.org\/fr\/faites-un-don\/"},{"@type":"ListItem","position":3,"name":"\u00c9changer une carte-cadeau de bienfaisance"}]},{"@type":"WebSite","@id":"https:\/\/www.canadahelps.org\/fr\/#website","url":"https:\/\/www.canadahelps.org\/fr\/","name":"CanadaHelps - Donate to any charity in Canada","description":"Giving Made Simple","publisher":{"@id":"https:\/\/www.canadahelps.org\/fr\/#organization"},"potentialAction":[{"@type":"SearchAction","target":{"@type":"EntryPoint","urlTemplate":"https:\/\/www.canadahelps.org\/fr\/?s={search_term_string}"},"query-input":{"@type":"PropertyValueSpecification","valueRequired":true,"valueName":"search_term_string"}}],"inLanguage":"fr"},{"@type":"Organization","@id":"https:\/\/www.canadahelps.org\/fr\/#organization","name":"CanadaHelps","url":"https:\/\/www.canadahelps.org\/fr\/","logo":{"@type":"ImageObject","inLanguage":"fr","@id":"https:\/\/www.canadahelps.org\/fr\/#\/schema\/logo\/image\/","url":"https:\/\/www.canadahelps.org\/media\/canadahelps-en.jpg","contentUrl":"https:\/\/www.canadahelps.org\/media\/canadahelps-en.jpg","width":131,"height":72,"caption":"CanadaHelps"},"image":{"@id":"https:\/\/www.canadahelps.org\/fr\/#\/schema\/logo\/image\/"}}]}},"_links":{"self":[{"href":"https:\/\/www.canadahelps.org\/fr\/wp-json\/wp\/v2\/pages\/2408","targetHints":{"allow":["GET"]}}],"collection":[{"href":"https:\/\/www.canadahelps.org\/fr\/wp-json\/wp\/v2\/pages"}],"about":[{"href":"https:\/\/www.canadahelps.org\/fr\/wp-json\/wp\/v2\/types\/page"}],"author":[{"embeddable":true,"href":"https:\/\/www.canadahelps.org\/fr\/wp-json\/wp\/v2\/users\/7"}],"replies":[{"embeddable":true,"href":"https:\/\/www.canadahelps.org\/fr\/wp-json\/wp\/v2\/comments?post=2408"}],"version-history":[{"count":24,"href":"https:\/\/www.canadahelps.org\/fr\/wp-json\/wp\/v2\/pages\/2408\/revisions"}],"predecessor-version":[{"id":54580,"href":"https:\/\/www.canadahelps.org\/fr\/wp-json\/wp\/v2\/pages\/2408\/revisions\/54580"}],"up":[{"embeddable":true,"href":"https:\/\/www.canadahelps.org\/fr\/wp-json\/wp\/v2\/pages\/1037"}],"wp:attachment":[{"href":"https:\/\/www.canadahelps.org\/fr\/wp-json\/wp\/v2\/media?parent=2408"}],"curies":[{"name":"wp","href":"https:\/\/api.w.org\/{rel}","templated":true}]}}