{"id":24823,"date":"2019-05-06T13:05:45","date_gmt":"2019-05-06T17:05:45","guid":{"rendered":"https:\/\/www.canadahelps.org\/?page_id=24823"},"modified":"2023-09-05T12:04:39","modified_gmt":"2023-09-05T16:04:39","slug":"donate-to-refugee-charities-and-organizations","status":"publish","type":"page","link":"https:\/\/www.canadahelps.org\/fr\/donate-to-refugee-charities-and-organizations\/","title":{"rendered":"Donate to Refugee Charities"},"content":{"rendered":"","protected":false},"excerpt":{"rendered":"","protected":false},"author":30,"featured_media":0,"parent":0,"menu_order":0,"comment_status":"closed","ping_status":"closed","template":"template-merchandise-page.php","meta":{"footnotes":""},"class_list":["post-24823","page","type-page","status-publish","hentry"],"acf":{"meta_description":"","use_toc_layout":false,"additional_body_css_classes":"","hide_page_title":false,"min_banner_height":"280","header_title":"<p>Donate to Refugee Charities <\/p>\n","explanatory_text":"<p><span style=\"font-weight: 400;\">Forced to leave their homes, refugees flee to avoid dangers such as war, violence, or persecution around the world. At home and abroad, refugee charities are providing refugees with emergency aid such as food, water, shelter, and medical care to ensure every refugee has the basic necessities. Charities are also helping refugees begin a new life in a new place by supporting resettlement costs such as legal fees, housing, and employment services. By donating to refugee organizations you can help provide access to education, and community programs to integrate refugees with their new community and ensure they are set up for success.<\/span><\/p>\n<p><span style=\"font-weight: 400;\">Canadian charities are supporting refugees across the country and around the world. Donate to refugees today! Your donations to refugee charities will make a big difference. \u00a0<\/span><\/p>\n","button_text":"","button_link":"","row_settings":[{"row_header":"Help refugees in Canada by supporting these charities. ","row_link_text":"","row_link_url":"","trigger_masonry_layout":false,"text_before_row":"","text_after_row":"","text_after_row_header":"<p><span style=\"font-weight: 400;\">Canada welcomes thousands of refugees every year. Your donation will help charities across the country support newly arrived refugees as they secure housing and employment, navigate the legal system and more. Help provide a sense of comfort and community when they need it the most.<\/span><\/p>\n","card_settings":[{"card_name":"Canadian Council for Refugees","card_type":"charity","id":"15062","display_categories":true,"display_image":true,"display_address":true,"display_summary":true,"display_campaign_types":false,"display_progress":false,"link_or_button":"button","card_link_text":"DONATE NOW"},{"card_name":"Halifax Refugee Clinic","card_type":"charity","id":"82280","display_categories":true,"display_image":true,"display_address":true,"display_summary":true,"display_campaign_types":false,"display_progress":false,"link_or_button":"button","card_link_text":"DONATE NOW"},{"card_name":"Matthew House Toronto","card_type":"charity","id":"80711","display_categories":true,"display_image":true,"display_address":true,"display_summary":true,"display_campaign_types":false,"display_progress":false,"link_or_button":"button","card_link_text":"DONATE NOW"},{"card_name":"Action R\u00e9fugi\u00e9s Montr\u00e9al","card_type":"charity","id":"48985","display_categories":true,"display_image":true,"display_address":true,"display_summary":true,"display_campaign_types":false,"display_progress":false,"link_or_button":"button","card_link_text":"DONATE NOW"},{"card_name":"Sojourn House","card_type":"charity","id":"65206","display_categories":true,"display_image":true,"display_address":true,"display_summary":true,"display_campaign_types":false,"display_progress":false,"link_or_button":"button","card_link_text":"DONATE NOW"},{"card_name":"Mennonite Coalition for Refugee Support","card_type":"charity","id":"96089","display_categories":true,"display_image":true,"display_address":true,"display_summary":true,"display_campaign_types":false,"display_progress":false,"link_or_button":"button","card_link_text":"DONATE NOW"}]},{"row_header":"Browse charities supporting refugees around the world. ","row_link_text":"","row_link_url":"","trigger_masonry_layout":false,"text_before_row":"","text_after_row":"","text_after_row_header":"<p><span style=\"font-weight: 400;\">There are millions of refugees around the world who are in desperate need of help. Your donation will help charities on-the-ground provide aid and basic necessities such as shelter, food, water, and more.<\/span><\/p>\n","card_settings":[{"card_name":"United Nations High Commissioner for Refugees Canada (UNHCR)","card_type":"charity","id":"113596","display_categories":true,"display_image":true,"display_address":true,"display_summary":true,"display_campaign_types":false,"display_progress":false,"link_or_button":"button","card_link_text":"DONATE NOW"},{"card_name":"GlobalMedic","card_type":"charity","id":"81364","display_categories":true,"display_image":true,"display_address":true,"display_summary":true,"display_campaign_types":false,"display_progress":false,"link_or_button":"button","card_link_text":"DONATE NOW"},{"card_name":"Save the Children Canada","card_type":"charity","id":"9799","display_categories":true,"display_image":true,"display_address":true,"display_summary":true,"display_campaign_types":false,"display_progress":false,"link_or_button":"button","card_link_text":"DONATE NOW"}]},{"row_header":"Support refugee health and wellness.","row_link_text":"","row_link_url":"","trigger_masonry_layout":false,"text_before_row":"","text_after_row":"","text_after_row_header":"<p><span style=\"font-weight: 400;\">Fleeing from home, refugees can be faced with harsh climate conditions or mental trauma as a result of war, violence, or other traumatic events. Charities are on the ground providing lifesaving healthcare and aid to millions of refugees living in refugee camps around the world. Other charities are providing refugees with medical care, mental health treatment, counselling, and other health services after they&#8217;ve settled in new communities. \u00a0<\/span><\/p>\n","card_settings":[{"card_name":"Vancouver Association for Survivors of Torture","card_type":"charity","id":"33781","display_categories":true,"display_image":true,"display_address":true,"display_summary":true,"display_campaign_types":false,"display_progress":false,"link_or_button":"button","card_link_text":"DONATE NOW"},{"card_name":"Doctors Without Borders","card_type":"charity","id":"46140","display_categories":true,"display_image":true,"display_address":true,"display_summary":true,"display_campaign_types":false,"display_progress":false,"link_or_button":"button","card_link_text":"DONATE NOW"},{"card_name":"Vancouver Island Counselling Centre for Immigrants and Refugees","card_type":"charity","id":"115827","display_categories":true,"display_image":true,"display_address":true,"display_summary":true,"display_campaign_types":true,"display_progress":true,"link_or_button":"button","card_link_text":"DONATE NOW"},{"card_name":"Right to Play","card_type":"charity","id":"80278","display_categories":true,"display_image":true,"display_address":true,"display_summary":true,"display_campaign_types":true,"display_progress":true,"link_or_button":"button","card_link_text":"DONATE NOW"}]},{"row_header":"Help refugees access education by supporting these charities.","row_link_text":"","row_link_url":"","trigger_masonry_layout":false,"text_before_row":"","text_after_row":"","text_after_row_header":"<p><span style=\"font-weight: 400;\">Access to education is essential to having a bright future in Canada. While fleeing from violence, war or persecution at home, refugees\u2014many of which are children\u2014do not have access to education. Canadian charities are providing refugees with access to education to pave the path to a future filled with opportunity.<\/span><\/p>\n","card_settings":[{"card_name":"Refugee and Immigrant Advisory Council Inc.","card_type":"charity","id":"82007","display_categories":true,"display_image":true,"display_address":true,"display_summary":true,"display_campaign_types":false,"display_progress":false,"link_or_button":"button","card_link_text":"DONATE NOW"},{"card_name":"The Spark of Hope Foundation","card_type":"charity","id":"108775","display_categories":true,"display_image":true,"display_address":true,"display_summary":true,"display_campaign_types":false,"display_progress":false,"link_or_button":"button","card_link_text":"DONATE NOW"},{"card_name":"Rumie","card_type":"charity","id":"108888","display_categories":true,"display_image":true,"display_address":true,"display_summary":true,"display_campaign_types":false,"display_progress":false,"link_or_button":"button","card_link_text":"DONATE NOW"}]}],"insert_spotlight_boxes":false,"use_biography_grid":false},"yoast_head":"<!-- This site is optimized with the Yoast SEO plugin v26.0 - https:\/\/yoast.com\/wordpress\/plugins\/seo\/ -->\n<title>Donate to Help Refugees | CanadaHelps - Donate to any charity in Canada<\/title>\n<meta name=\"description\" content=\"CanadaHelps connects people with charities that specialize in helping refugees. Click here to find a list of refugee charities that need your support.\" \/>\n<meta name=\"robots\" content=\"index, follow, max-snippet:-1, max-image-preview:large, max-video-preview:-1\" \/>\n<link rel=\"canonical\" href=\"https:\/\/www.canadahelps.org\/fr\/donate-to-refugee-charities-and-organizations\/\" \/>\n<meta property=\"og:locale\" content=\"fr_FR\" \/>\n<meta property=\"og:type\" content=\"article\" \/>\n<meta property=\"og:title\" content=\"Donate to Refugee Charities in Canada\" \/>\n<meta property=\"og:description\" content=\"Give to charities helping refugees begin a new life in a new place by supporting resettlement costs such as legal fees, housing, employment services, and much more.\" \/>\n<meta property=\"og:url\" content=\"https:\/\/www.canadahelps.org\/fr\/donate-to-refugee-charities-and-organizations\/\" \/>\n<meta property=\"og:site_name\" content=\"CanadaHelps - Donate to any charity in Canada\" \/>\n<meta property=\"article:modified_time\" content=\"2023-09-05T16:04:39+00:00\" \/>\n<meta property=\"og:image\" content=\"https:\/\/www.canadahelps.org\/media\/Donate-to-Refugee-Charities.png\" \/>\n\t<meta property=\"og:image:width\" content=\"1200\" \/>\n\t<meta property=\"og:image:height\" content=\"630\" \/>\n\t<meta property=\"og:image:type\" content=\"image\/png\" \/>\n<meta name=\"twitter:card\" content=\"summary_large_image\" \/>\n<meta name=\"twitter:title\" content=\"Donate to Refugee Charities in Canada\" \/>\n<meta name=\"twitter:description\" content=\"Give to charities helping refugees begin a new life in a new place by supporting resettlement costs such as legal fees, housing, employment services, and much more.\" \/>\n<meta name=\"twitter:image\" content=\"https:\/\/www.canadahelps.org\/media\/Donate-to-Refugee-Charities.png\" \/>\n<script type=\"application\/ld+json\" class=\"yoast-schema-graph\">{\"@context\":\"https:\/\/schema.org\",\"@graph\":[{\"@type\":\"WebPage\",\"@id\":\"https:\/\/www.canadahelps.org\/fr\/donate-to-refugee-charities-and-organizations\/\",\"url\":\"https:\/\/www.canadahelps.org\/fr\/donate-to-refugee-charities-and-organizations\/\",\"name\":\"Donate to Help Refugees | CanadaHelps - Donate to any charity in Canada\",\"isPartOf\":{\"@id\":\"https:\/\/www.canadahelps.org\/fr\/#website\"},\"datePublished\":\"2019-05-06T17:05:45+00:00\",\"dateModified\":\"2023-09-05T16:04:39+00:00\",\"description\":\"CanadaHelps connects people with charities that specialize in helping refugees. Click here to find a list of refugee charities that need your support.\",\"breadcrumb\":{\"@id\":\"https:\/\/www.canadahelps.org\/fr\/donate-to-refugee-charities-and-organizations\/#breadcrumb\"},\"inLanguage\":\"fr\",\"potentialAction\":[{\"@type\":\"ReadAction\",\"target\":[\"https:\/\/www.canadahelps.org\/fr\/donate-to-refugee-charities-and-organizations\/\"]}]},{\"@type\":\"BreadcrumbList\",\"@id\":\"https:\/\/www.canadahelps.org\/fr\/donate-to-refugee-charities-and-organizations\/#breadcrumb\",\"itemListElement\":[{\"@type\":\"ListItem\",\"position\":1,\"name\":\"Home\",\"item\":\"https:\/\/www.canadahelps.org\/fr\/\"},{\"@type\":\"ListItem\",\"position\":2,\"name\":\"Donate to Refugee Charities\"}]},{\"@type\":\"WebSite\",\"@id\":\"https:\/\/www.canadahelps.org\/fr\/#website\",\"url\":\"https:\/\/www.canadahelps.org\/fr\/\",\"name\":\"CanadaHelps - Donate to any charity in Canada\",\"description\":\"Giving Made Simple\",\"publisher\":{\"@id\":\"https:\/\/www.canadahelps.org\/fr\/#organization\"},\"potentialAction\":[{\"@type\":\"SearchAction\",\"target\":{\"@type\":\"EntryPoint\",\"urlTemplate\":\"https:\/\/www.canadahelps.org\/fr\/?s={search_term_string}\"},\"query-input\":{\"@type\":\"PropertyValueSpecification\",\"valueRequired\":true,\"valueName\":\"search_term_string\"}}],\"inLanguage\":\"fr\"},{\"@type\":\"Organization\",\"@id\":\"https:\/\/www.canadahelps.org\/fr\/#organization\",\"name\":\"CanadaHelps\",\"url\":\"https:\/\/www.canadahelps.org\/fr\/\",\"logo\":{\"@type\":\"ImageObject\",\"inLanguage\":\"fr\",\"@id\":\"https:\/\/www.canadahelps.org\/fr\/#\/schema\/logo\/image\/\",\"url\":\"https:\/\/www.canadahelps.org\/media\/canadahelps-en.jpg\",\"contentUrl\":\"https:\/\/www.canadahelps.org\/media\/canadahelps-en.jpg\",\"width\":131,\"height\":72,\"caption\":\"CanadaHelps\"},\"image\":{\"@id\":\"https:\/\/www.canadahelps.org\/fr\/#\/schema\/logo\/image\/\"}}]}<\/script>\n<!-- \/ Yoast SEO plugin. -->","yoast_head_json":{"title":"Donate to Help Refugees | CanadaHelps - Donate to any charity in Canada","description":"CanadaHelps connects people with charities that specialize in helping refugees. Click here to find a list of refugee charities that need your support.","robots":{"index":"index","follow":"follow","max-snippet":"max-snippet:-1","max-image-preview":"max-image-preview:large","max-video-preview":"max-video-preview:-1"},"canonical":"https:\/\/www.canadahelps.org\/fr\/donate-to-refugee-charities-and-organizations\/","og_locale":"fr_FR","og_type":"article","og_title":"Donate to Refugee Charities in Canada","og_description":"Give to charities helping refugees begin a new life in a new place by supporting resettlement costs such as legal fees, housing, employment services, and much more.","og_url":"https:\/\/www.canadahelps.org\/fr\/donate-to-refugee-charities-and-organizations\/","og_site_name":"CanadaHelps - Donate to any charity in Canada","article_modified_time":"2023-09-05T16:04:39+00:00","og_image":[{"width":1200,"height":630,"url":"https:\/\/www.canadahelps.org\/media\/Donate-to-Refugee-Charities.png","type":"image\/png"}],"twitter_card":"summary_large_image","twitter_title":"Donate to Refugee Charities in Canada","twitter_description":"Give to charities helping refugees begin a new life in a new place by supporting resettlement costs such as legal fees, housing, employment services, and much more.","twitter_image":"https:\/\/www.canadahelps.org\/media\/Donate-to-Refugee-Charities.png","schema":{"@context":"https:\/\/schema.org","@graph":[{"@type":"WebPage","@id":"https:\/\/www.canadahelps.org\/fr\/donate-to-refugee-charities-and-organizations\/","url":"https:\/\/www.canadahelps.org\/fr\/donate-to-refugee-charities-and-organizations\/","name":"Donate to Help Refugees | CanadaHelps - Donate to any charity in Canada","isPartOf":{"@id":"https:\/\/www.canadahelps.org\/fr\/#website"},"datePublished":"2019-05-06T17:05:45+00:00","dateModified":"2023-09-05T16:04:39+00:00","description":"CanadaHelps connects people with charities that specialize in helping refugees. Click here to find a list of refugee charities that need your support.","breadcrumb":{"@id":"https:\/\/www.canadahelps.org\/fr\/donate-to-refugee-charities-and-organizations\/#breadcrumb"},"inLanguage":"fr","potentialAction":[{"@type":"ReadAction","target":["https:\/\/www.canadahelps.org\/fr\/donate-to-refugee-charities-and-organizations\/"]}]},{"@type":"BreadcrumbList","@id":"https:\/\/www.canadahelps.org\/fr\/donate-to-refugee-charities-and-organizations\/#breadcrumb","itemListElement":[{"@type":"ListItem","position":1,"name":"Home","item":"https:\/\/www.canadahelps.org\/fr\/"},{"@type":"ListItem","position":2,"name":"Donate to Refugee Charities"}]},{"@type":"WebSite","@id":"https:\/\/www.canadahelps.org\/fr\/#website","url":"https:\/\/www.canadahelps.org\/fr\/","name":"CanadaHelps - Donate to any charity in Canada","description":"Giving Made Simple","publisher":{"@id":"https:\/\/www.canadahelps.org\/fr\/#organization"},"potentialAction":[{"@type":"SearchAction","target":{"@type":"EntryPoint","urlTemplate":"https:\/\/www.canadahelps.org\/fr\/?s={search_term_string}"},"query-input":{"@type":"PropertyValueSpecification","valueRequired":true,"valueName":"search_term_string"}}],"inLanguage":"fr"},{"@type":"Organization","@id":"https:\/\/www.canadahelps.org\/fr\/#organization","name":"CanadaHelps","url":"https:\/\/www.canadahelps.org\/fr\/","logo":{"@type":"ImageObject","inLanguage":"fr","@id":"https:\/\/www.canadahelps.org\/fr\/#\/schema\/logo\/image\/","url":"https:\/\/www.canadahelps.org\/media\/canadahelps-en.jpg","contentUrl":"https:\/\/www.canadahelps.org\/media\/canadahelps-en.jpg","width":131,"height":72,"caption":"CanadaHelps"},"image":{"@id":"https:\/\/www.canadahelps.org\/fr\/#\/schema\/logo\/image\/"}}]}},"_links":{"self":[{"href":"https:\/\/www.canadahelps.org\/fr\/wp-json\/wp\/v2\/pages\/24823","targetHints":{"allow":["GET"]}}],"collection":[{"href":"https:\/\/www.canadahelps.org\/fr\/wp-json\/wp\/v2\/pages"}],"about":[{"href":"https:\/\/www.canadahelps.org\/fr\/wp-json\/wp\/v2\/types\/page"}],"author":[{"embeddable":true,"href":"https:\/\/www.canadahelps.org\/fr\/wp-json\/wp\/v2\/users\/30"}],"replies":[{"embeddable":true,"href":"https:\/\/www.canadahelps.org\/fr\/wp-json\/wp\/v2\/comments?post=24823"}],"version-history":[{"count":13,"href":"https:\/\/www.canadahelps.org\/fr\/wp-json\/wp\/v2\/pages\/24823\/revisions"}],"predecessor-version":[{"id":49702,"href":"https:\/\/www.canadahelps.org\/fr\/wp-json\/wp\/v2\/pages\/24823\/revisions\/49702"}],"wp:attachment":[{"href":"https:\/\/www.canadahelps.org\/fr\/wp-json\/wp\/v2\/media?parent=24823"}],"curies":[{"name":"wp","href":"https:\/\/api.w.org\/{rel}","templated":true}]}}