{"id":2527,"date":"2014-08-07T14:42:16","date_gmt":"2014-08-07T18:42:16","guid":{"rendered":"https:\/\/www.canadahelps.org\/?page_id=2527"},"modified":"2025-12-29T10:31:20","modified_gmt":"2025-12-29T15:31:20","slug":"faire-un-don-de-valeurs-mobilieres","status":"publish","type":"page","link":"https:\/\/www.canadahelps.org\/fr\/faites-un-don\/faire-un-don-de-valeurs-mobilieres\/","title":{"rendered":"Faire un don de valeurs mobili\u00e8res"},"content":{"rendered":"<style>#securities-donate{width:90%;margin:0 auto 96px auto;max-width:1288px}#securities-givemore,#securities-its-simple,#securities-makeabigger{width:90%;margin:96px auto;max-width:1288px}#securities-benefits,#securities-benefits-gradient{width:90%;margin:0 auto;max-width:1288px}.securities-side-by-side{display:flex;max-width:1288px;margin:0 auto}.securities-sbs-left,.securities-sbs-right{width:50%;padding:50px}#securities-table{width:80%;margin:0 auto;max-width:1288px}th{padding:20px;border:0}td{padding:20px;border:0;border-top:1px solid #ddd;border-bottom:1px solid #ddd}.clipboard{display:flex;flex-direction:column;justify-content:flex-end;position:relative;padding:0}.clipboard-image{align-self:flex-end;width:auto!important;height:500px;margin:0 auto}.securities-sbs-left img,.securities-sbs-right img{width:100%}.ch-divider-gradient{height:12px;background:linear-gradient(90deg,#ebcfff 0,#ffd2ad 100%);border-bottom-left-radius:12px;border-bottom-right-radius:12px}#footnotes{padding:30px}details{border:0}summary{list-style:none;cursor:pointer;display:flex;align-items:center;font-size:1.2em;position:relative;padding:10px 0}.fncaret{display:inline-block;margin-right:8px;transition:transform .3s ease;font-weight:700;padding:0 10px}details[open] .fncaret::before{content:\"\u02c4\"}details:not([open]) .fncaret::before{content:\"\u02c5\"}ol{list-style-type:decimal;padding:0 0 50px 50px}i.fa-solid{font-family:\"Font Awesome 6 Brands\"}sup{font-size:75%;line-height:75%}@media screen and (max-width:640px){.securities-side-by-side{flex-direction:column}.securities-sbs-left,.securities-sbs-right{width:100%;padding:25px}.clipboard{padding-top:0}#securities-table{width:95%}.table-big{font-size:35px!important}.order-one{order:1}.order-two{order:2}}<\/style>\n<section id=\"securities-donate\">\n<div class=\"securities-side-by-side\">\n<div class=\"securities-sbs-left\">\n      <img decoding=\"async\" src=\"https:\/\/www.canadahelps.org\/media\/20250313-one.png\" alt=\"\" \/>\n    <\/div>\n<div class=\"securities-sbs-right\">\n<h1 class=\"header-display\">Faites un don de <span class=\"ch-underline-gradient\">valeurs mobili\u00e8res<\/span> ou <span class=\"ch-underline-gradient\">de fonds communs de placement<\/span><\/h1>\n<p>D\u00e9couvrez la fa\u00e7on la plus avantageuse sur le plan fiscal de faire des dons \u00e0 vos organismes de bienfaisance pr\u00e9f\u00e9r\u00e9s et d\u2019aider les causes qui vous tiennent \u00e0 c\u0153ur.<\/p>\n<p>      <a href=\"https:\/\/www.canadahelps.org\/fr\/securities\/donate\" class=\"btn-primary\">Faites un don<\/a>\n    <\/div>\n<\/p><\/div>\n<\/section>\n<section id=\"securities-givemore\">\n<div class=\"securities-side-by-side\">\n<div class=\"securities-sbs-left order-two\">\n<h2 class=\"header-primary\">C\u2019est mieux pour vous et pour vos organismes de bienfaisance pr\u00e9f\u00e9r\u00e9s<\/h2>\n<p>      CanaDon facilite le don de valeurs mobili\u00e8res, y compris des actions, des obligations et des fonds communs de placement, \u00e0 tout organisme de bienfaisance au Canada. Bien que nous continuions \u00e0 traiter les dons de valeurs mobili\u00e8res jusqu\u2019au 30 d\u00e9cembre, pour mieux garantir que votre don qualifie pour un re\u00e7u d\u2019imp\u00f4t pour 2025, veuillez compl\u00e9tez votre don de fonds communs de placement avant le 6 d\u00e9cembre ou tous les autres dons de valeurs mobili\u00e8res avant le 12 d\u00e9cembre.<\/p>\n<p>      <a href=\"https:\/\/www.canadahelps.org\/fr\/securities\/donate\" class=\"btn-primary\">Faites un don<\/a>\n    <\/div>\n<div class=\"securities-sbs-right order-one\">\n      <img decoding=\"async\" src=\"https:\/\/www.canadahelps.org\/media\/20250313-two.png\" alt=\"\" \/>\n    <\/div>\n<\/p><\/div>\n<\/section>\n<section id=\"securities-benefits\" class=\"ch-purple-section\">\n<div class=\"securities-side-by-side\">\n<div class=\"securities-sbs-left clipboard order-two\">\n      <img decoding=\"async\" class=\"clipboard-image\" src=\"https:\/\/www.canadahelps.org\/media\/20250313-three.png\" alt=\"\" \/>\n    <\/div>\n<div class=\"securities-sbs-right\">\n<h2 class=\"header-primary text-white order-one\">Les avantages des don de valeurs mobili\u00e8res&nbsp;:<\/h2>\n<p class=\"text-white\"><strong class=\"text-white\">R\u00e9duction des taxes<\/strong> Lorsque vous faites un don de valeurs mobili\u00e8res directement \u00e0 un organisme de bienfaisance, l\u2019imp\u00f4t sur les gains en capital est \u00e9limin\u00e9. Apprenez-en plus sur la r\u00e9duction des imp\u00f4ts.<\/p>\n<p class=\"text-white\"><strong class=\"text-white\">Re\u00e7us d\u2019imp\u00f4t<\/strong> Vous recevrez le re\u00e7u d\u2019imp\u00f4t de bienfaisance pour la valeur marchande \u00e0 la date \u00e0 laquelle les valeurs mobili\u00e8res sont re\u00e7ues par notre courtier. Apprenez-en plus sur les cr\u00e9dits d\u2019imp\u00f4t pour dons de bienfaisance.<\/p>\n<p class=\"text-white\"><strong class=\"text-white\">Choisissez un ou plusieurs organismes<\/strong> Chez CanaDon, vous pouvez choisir parmi les 86 000 organismes de bienfaisance au Canada. Vous pouvez \u00e9galement choisir plusieurs organismes!<\/p>\n<\/p><\/div>\n<\/p><\/div>\n<\/section>\n<section id=\"securities-benefits-gradient\">\n<div class=\"ch-divider-gradient\"><\/div>\n<\/section>\n<section id=\"securities-makeabigger\">\n<div class=\"securities-side-by-side\">\n<div class=\"securities-sbs-left\">\n<h2 class=\"header-primary\">Ayez un impact plus important en faisant don de titres directement<\/h2>\n<\/p><\/div>\n<div class=\"securities-sbs-right\">\n<p>En donnant des valeurs mobili\u00e8res directement \u00e0 un organisme de bienfaisance plut\u00f4t qu\u2019en les vendant et en donnant le produit de la vente, l\u2019imp\u00f4t sur les gains en capital peut \u00eatre \u00e9limin\u00e9. Cela veut dire plus de fonds pour l\u2019organisme et un plus grand cr\u00e9dit d\u2019imp\u00f4t pour don de bienfaisance pour vous.<\/p>\n<\/p><\/div>\n<\/p><\/div>\n<\/section>\n<section id=\"securities-table\">\n<table border=\"0\" cellpadding=\"0\" cellspacing=\"0\" width=\"100%\">\n<tr>\n<th>\u00a0&nbsp;<\/th>\n<th style=\"font-family: Inter, arial, sans-serif; font-size: 16px; line-height: 24px; color: #1b1750\">Vendez vos titre et donnez le produit net apr\u00e8s imp\u00f4t<\/th>\n<th style=\"border-top: 5px solid #83d2cd; border-left: 5px solid #83d2cd; border-right: 5px solid #83d2cd; font-family: Inter, arial, sans-serif; font-size: 16px; line-height: 24px; color: #1b1750\">Donnez vos titres par l&rsquo;entremise de CanaDon<\/th>\n<\/tr>\n<tr>\n<td style=\"font-family: Inter, arial, sans-serif; font-size: 16px; line-height: 24px; color: #1b1750\">Cout initial des titres<\/td>\n<td style=\"font-family: Inter, arial, sans-serif; font-size: 16px; line-height: 24px; color: #1b1750\">1&nbsp;000&nbsp;$<\/td>\n<td style=\"border-left: 5px solid #83d2cd; border-right: 5px solid #83d2cd; font-family: Inter, arial, sans-serif; font-size: 16px; line-height: 24px; color: #1b1750\">1&nbsp;000&nbsp;$<\/td>\n<\/tr>\n<tr>\n<td style=\"font-family: Inter, arial, sans-serif; font-size: 16px; line-height: 24px; color: #1b1750\">Valeur marchande actuelle<\/td>\n<td style=\"font-family: Inter, arial, sans-serif; font-size: 16px; line-height: 24px; color: #1b1750\">5&nbsp;000&nbsp;$<\/td>\n<td style=\"border-left: 5px solid #83d2cd; border-right: 5px solid #83d2cd; font-family: Inter, arial, sans-serif; font-size: 16px; line-height: 24px; color: #1b1750\">5&nbsp;000&nbsp;$<\/td>\n<\/tr>\n<tr>\n<td style=\"font-family: Inter, arial, sans-serif; font-size: 16px; line-height: 24px; color: #1b1750\">Gain en capital<\/td>\n<td style=\"font-family: Inter, arial, sans-serif; font-size: 16px; line-height: 24px; color: #1b1750\">4&nbsp;000&nbsp;$<\/td>\n<td style=\"border-left: 5px solid #83d2cd; border-right: 5px solid #83d2cd; font-family: Inter, arial, sans-serif; font-size: 16px; line-height: 24px; color: #1b1750\">4&nbsp;000&nbsp;$<\/td>\n<\/tr>\n<tr>\n<td style=\"font-family: Inter, arial, sans-serif; font-size: 16px; line-height: 24px; color: #1b1750\">Imp\u00f4t sur le gain en capital<\/td>\n<td style=\"font-family: Inter, arial, sans-serif; font-size: 16px; line-height: 24px; color: #1b1750\">920 &nbsp;$<sup>1<\/sup><\/td>\n<td style=\"border-left: 5px solid #83d2cd; border-right: 5px solid #83d2cd; font-family: Inter, arial, sans-serif; font-size: 16px; line-height: 24px; color: #1b1750\">0&nbsp;$<\/td>\n<\/tr>\n<tr>\n<td style=\"font-family: Inter, arial, sans-serif; font-size: 16px; line-height: 24px; color: #1b1750\">Montant du don apr\u00e8s imp\u00f4t<\/td>\n<td style=\"font-family: Inter, arial, sans-serif; font-size: 16px; line-height: 24px; color: #1b1750\">4080&nbsp;$<sup>2,3<\/sup><\/td>\n<td style=\"border-left: 5px solid #3cb9ff; border-right: 5px solid #3cb9ff; background-color: #3cb9ff; font-family: Inter, arial, sans-serif; font-size: 16px; line-height: 24px; color: #1b1750\">5&nbsp;000&nbsp;$<sup>3<\/sup><\/td>\n<\/tr>\n<tr>\n<td style=\"font-family: Inter, arial, sans-serif; font-size: 16px; line-height: 24px; color: #1b1750\">Votre cr\u00e9dit d&rsquo;imp\u00f4t pour don de bienfaisance<\/td>\n<td style=\"font-family: Inter, arial, sans-serif; font-size: 16px; line-height: 24px; color: #1b1750\">1&nbsp; 876&nbsp;$<sup>1<\/sup><\/td>\n<td style=\"border-left: 5px solid #83d2cd; border-right: 5px solid #83d2cd; background-color: #83d2cd; font-family: Inter, arial, sans-serif; font-size: 16px; line-height: 24px; color: #1b1750\">2&nbsp;300&nbsp;$<sup>1<\/sup><\/td>\n<\/tr>\n<tr>\n<td colspan=\"3\" style=\"padding-top: 30px\" align=\"right\">\n<table border=\"0\" cellpadding=\"0\" cellspacing=\"0\">\n<tr>\n<td style=\"font-family: Inter, arial, sans-serif; font-size: 16px; width: 200px; color: #1b1750; font-weight: 700; border-bottom: 0; padding: 10px; background: #3cb9ff; border-right: 10px solid #fff\" align=\"left\">\n              L\u2019organisme obtient<br \/><span style=\"display: inline-block; margin: 20px 0px; font-size: 50px; font-family: 'PT Serif'\">920&nbsp;$<i class=\"fa-solid fa-arrow-up\" style=\"font-size: 50px\"><\/i><\/span><br \/>de plus!\n            <\/td>\n<td style=\"font-family: Inter, arial, sans-serif; font-size: 16px; color: #1b1750; font-weight: 700; border-bottom: 0; padding: 10px; background: #83d2cd\" align=\"left\">\n              Votre cr\u00e9dit d\u2019imp\u00f4t pour don de bienfaisance est de<br \/><span style=\"display: inline-block; margin: 20px 0px; font-size: 50px; font-family: 'PT Serif'\">424&nbsp;$ <i class=\"fa-solid fa-arrow-up\" style=\"font-size: 50px\"><\/i><\/span><br \/>de plus!\n            <\/td>\n<\/tr>\n<\/table>\n<\/td>\n<\/tr>\n<\/table>\n<details id=\"footnotes\" open>\n<summary><strong>Hide Footnotes<\/strong> <span class=\"fncaret\"><\/span><\/summary>\n<ol class=\"footnotes\">\n<li>Cela suppose un taux marginal d\u2019imposition de 46&nbsp;%. Pour le calcul de l\u2019imp\u00f4t sur les gains en capital, ce taux s\u2019applique \u00e0 50&nbsp;% du gain en capital. <b>Remarque&nbsp;:<\/b> \u00c0 compter du 25 juin 2024, le taux d\u2019inclusion des gains en capital pour les particuliers est pass\u00e9 de la moiti\u00e9 (50&nbsp;%) aux deux tiers (66,67&nbsp;%) pour la portion des gains en capital r\u00e9alis\u00e9s au cours de l\u2019ann\u00e9e qui d\u00e9passe 250&nbsp;000&nbsp;$. L\u2019imp\u00f4t minimum de remplacement (IMR) est un calcul fiscal parall\u00e8le qui permet moins de d\u00e9ductions, d\u2019exemptions et de cr\u00e9dits d\u2019imp\u00f4t que le r\u00e9gime ordinaire de l\u2019imp\u00f4t sur le revenu. Le contribuable paie l\u2019IMR ou l\u2019imp\u00f4t ordinaire, selon le montant le plus \u00e9lev\u00e9, en fonction de sa situation fiscale et de son profil de revenus.<\/li>\n<li>4&nbsp;080&nbsp;$ repr\u00e9sente la valeur nette d\u2019un montant de 5&nbsp;000&nbsp;$, moins un imp\u00f4t estim\u00e9 \u00e0 920&nbsp;$.<\/li>\n<li>Des frais de 3&nbsp;% s\u2019appliquent pour les dons de moins de 10&nbsp;000&nbsp;$&nbsp;; des frais de 2,5&nbsp;% s\u2019appliquent pour les dons de 10&nbsp;000&nbsp;$ \u00e0 49&nbsp;999&nbsp;$ ; des frais de 2,25&nbsp;% s\u2019appliquent pour les dons de 50&nbsp;000&nbsp;$ \u00e0 99&nbsp;999&nbsp;$&nbsp;; et des frais de 2&nbsp;% s\u2019appliquent pour les dons de 100&nbsp;000&nbsp;$ et plus.<\/li>\n<li>Le pr\u00e9sent document est fourni \u00e0 titre d\u2019information g\u00e9n\u00e9rale seulement et ne doit pas \u00eatre interpr\u00e9t\u00e9 comme un avis financier ou fiscal sans avoir pr\u00e9alablement consult\u00e9 votre conseiller juridique et\/ou financier.<\/li>\n<\/ol>\n<\/details>\n<\/section>\n<section id=\"securities-its-simple\">\n<div class=\"securities-side-by-side\">\n<div class=\"securities-sbs-left\">\n      <img decoding=\"async\" src=\"https:\/\/www.canadahelps.org\/media\/20250314-four.jpg\" alt=\"\" \/>\n    <\/div>\n<div class=\"securities-sbs-right\">\n<h2 class=\"header-primary\">C\u2019est simple et facile. Commencez aujourd\u2019hui.<\/h2>\n<ol>\n<li><a href=\"https:\/\/www.canadahelps.org\/fr\/securities\/donate\">Remplissez en ligne notre formulaire de don de valeurs mobili\u00e8res<\/a>. Apr\u00e8s l\u2019avoir rempli, vous recevrez un courriel confirmant tous les d\u00e9tails de votre don.<\/li>\n<li>Remplissez la lettre de directives fournie et envoyez-la \u00e0 votre conseiller financier ou \u00e0 votre soci\u00e9t\u00e9 d\u2019investissement. Cela autorise le transfert d\u2019actions \u00e0 CanaDon.<\/li>\n<li>Une fois les actions vendues, nous vous enverrons un courriel de confirmation avec votre re\u00e7u d\u2019imp\u00f4t de bienfaisance et verserons le produit \u00e0 ou aux organisme(s) de bienfaisance que vous avez s\u00e9lectionn\u00e9(s).<\/li>\n<li>Des formulaires suppl\u00e9mentaires pourraient \u00eatre exig\u00e9s par votre banque si vous ne faites pas appel \u00e0 un courtier ou \u00e0 un conseiller pour faciliter votre transfert. Veuillez contacter votre banque pour plus de d\u00e9tails.<\/li>\n<\/ol>\n<p>      <a href=\"https:\/\/www.canadahelps.org\/fr\/securities\/donate\" class=\"btn-primary\">Faites un don<\/a>\n    <\/div>\n<\/p><\/div>\n<\/section>\n<section id=\"securities-havequestions\" class=\"ch-purple-section\">\n<div class=\"securities-side-by-side\">\n<div class=\"securities-sbs-left\">\n<h2 class=\"header-primary text-white\">Vous avez des questions sur le don de valeurs mobili\u00e8res ou de fonds communs de placement?<\/h2>\n<\/p><\/div>\n<div class=\"securities-sbs-right text-white\">\n      Consultez notre<br \/>\n      <a href=\"https:\/\/help.canadahelps.org\/s\/topic\/0TOJR0000001mll4AA\/securities-donations?language=fr\" class=\"text-white\">Foire Aux Questions<\/a> <i class=\"fa-solid fa-arrow-right text-white\"><\/i><\/p>\n<p>      \u00c9crivez-nous \u00e0<br \/>\n      <a href=\"mailto:securities@canadahelps.org\" class=\"text-white\">securities@canadahelps.org<\/a> <i class=\"fa-solid fa-arrow-right text-white\"><\/i>\n    <\/div>\n<\/p><\/div>\n<\/section>\n","protected":false},"excerpt":{"rendered":"<p>Faites un don de valeurs mobili\u00e8res ou de fonds communs de placement D\u00e9couvrez la fa\u00e7on la plus avantageuse sur le plan fiscal de faire des &#8230; <a href=\"https:\/\/www.canadahelps.org\/fr\/faites-un-don\/faire-un-don-de-valeurs-mobilieres\/\" id=\"canadahelp-blog-meta\">Voir plus<\/a><\/p>\n","protected":false},"author":7,"featured_media":0,"parent":1037,"menu_order":0,"comment_status":"open","ping_status":"open","template":"template-ch20-full-width.php","meta":{"footnotes":""},"class_list":["post-2527","page","type-page","status-publish","hentry"],"acf":{"meta_description":"","use_toc_layout":false,"insert_spotlight_boxes":false,"use_biography_grid":false,"additional_body_css_classes":"","footer_panels":false,"header_banner_colour":"#748E09","hide_page_title":false,"row_settings":false,"blogs_posts_item":false},"yoast_head":"<!-- This site is optimized with the Yoast SEO plugin v26.0 - https:\/\/yoast.com\/wordpress\/plugins\/seo\/ -->\n<title>Faites un don de valeurs mobili\u00e8res | CanaDon<\/title>\n<meta name=\"description\" content=\"Faites un don de valeurs mobili\u00e8res et de fonds mutuels par l&#039;entremise de CanaDon. Cliquez ici pour apprendre comment nous facilitons leur traitement.\" \/>\n<meta name=\"robots\" content=\"index, follow, max-snippet:-1, max-image-preview:large, max-video-preview:-1\" \/>\n<link rel=\"canonical\" href=\"https:\/\/www.canadahelps.org\/fr\/faites-un-don\/faire-un-don-de-valeurs-mobilieres\/\" \/>\n<meta property=\"og:locale\" content=\"fr_FR\" \/>\n<meta property=\"og:type\" content=\"article\" \/>\n<meta property=\"og:title\" content=\"Faites un don de valeurs mobili\u00e8res | CanaDon\" \/>\n<meta property=\"og:description\" content=\"Faites un don de valeurs mobili\u00e8res et de fonds mutuels par l&#039;entremise de CanaDon. Cliquez ici pour apprendre comment nous facilitons leur traitement.\" \/>\n<meta property=\"og:url\" content=\"https:\/\/www.canadahelps.org\/fr\/faites-un-don\/faire-un-don-de-valeurs-mobilieres\/\" \/>\n<meta property=\"og:site_name\" content=\"CanaDon - Faites des dons \u00e0 un organisme de bienfaisance au Canada\" \/>\n<meta property=\"article:modified_time\" content=\"2025-12-29T15:31:20+00:00\" \/>\n<meta property=\"og:image\" content=\"https:\/\/www.canadahelps.org\/media\/20250313-one.png\" \/>\n<meta name=\"twitter:card\" content=\"summary_large_image\" \/>\n<meta name=\"twitter:label1\" content=\"Est. reading time\" \/>\n\t<meta name=\"twitter:data1\" content=\"5 minutes\" \/>\n<script type=\"application\/ld+json\" class=\"yoast-schema-graph\">{\"@context\":\"https:\/\/schema.org\",\"@graph\":[{\"@type\":\"WebPage\",\"@id\":\"https:\/\/www.canadahelps.org\/fr\/faites-un-don\/faire-un-don-de-valeurs-mobilieres\/\",\"url\":\"https:\/\/www.canadahelps.org\/fr\/faites-un-don\/faire-un-don-de-valeurs-mobilieres\/\",\"name\":\"Faites un don de valeurs mobili\u00e8res | CanaDon\",\"isPartOf\":{\"@id\":\"https:\/\/www.canadahelps.org\/fr\/#website\"},\"primaryImageOfPage\":{\"@id\":\"https:\/\/www.canadahelps.org\/fr\/faites-un-don\/faire-un-don-de-valeurs-mobilieres\/#primaryimage\"},\"image\":{\"@id\":\"https:\/\/www.canadahelps.org\/fr\/faites-un-don\/faire-un-don-de-valeurs-mobilieres\/#primaryimage\"},\"thumbnailUrl\":\"https:\/\/www.canadahelps.org\/media\/20250313-one.png\",\"datePublished\":\"2014-08-07T18:42:16+00:00\",\"dateModified\":\"2025-12-29T15:31:20+00:00\",\"description\":\"Faites un don de valeurs mobili\u00e8res et de fonds mutuels par l'entremise de CanaDon. Cliquez ici pour apprendre comment nous facilitons leur traitement.\",\"breadcrumb\":{\"@id\":\"https:\/\/www.canadahelps.org\/fr\/faites-un-don\/faire-un-don-de-valeurs-mobilieres\/#breadcrumb\"},\"inLanguage\":\"fr\",\"potentialAction\":[{\"@type\":\"ReadAction\",\"target\":[\"https:\/\/www.canadahelps.org\/fr\/faites-un-don\/faire-un-don-de-valeurs-mobilieres\/\"]}]},{\"@type\":\"ImageObject\",\"inLanguage\":\"fr\",\"@id\":\"https:\/\/www.canadahelps.org\/fr\/faites-un-don\/faire-un-don-de-valeurs-mobilieres\/#primaryimage\",\"url\":\"https:\/\/www.canadahelps.org\/media\/20250313-one.png\",\"contentUrl\":\"https:\/\/www.canadahelps.org\/media\/20250313-one.png\"},{\"@type\":\"BreadcrumbList\",\"@id\":\"https:\/\/www.canadahelps.org\/fr\/faites-un-don\/faire-un-don-de-valeurs-mobilieres\/#breadcrumb\",\"itemListElement\":[{\"@type\":\"ListItem\",\"position\":1,\"name\":\"Home\",\"item\":\"https:\/\/www.canadahelps.org\/fr\/\"},{\"@type\":\"ListItem\",\"position\":2,\"name\":\"Faites un don\",\"item\":\"https:\/\/www.canadahelps.org\/fr\/faites-un-don\/\"},{\"@type\":\"ListItem\",\"position\":3,\"name\":\"Faire un don de valeurs mobili\u00e8res\"}]},{\"@type\":\"WebSite\",\"@id\":\"https:\/\/www.canadahelps.org\/fr\/#website\",\"url\":\"https:\/\/www.canadahelps.org\/fr\/\",\"name\":\"CanadaHelps - Donate to any charity in Canada\",\"description\":\"Le don en toute simplicit\u00e9\",\"publisher\":{\"@id\":\"https:\/\/www.canadahelps.org\/fr\/#organization\"},\"potentialAction\":[{\"@type\":\"SearchAction\",\"target\":{\"@type\":\"EntryPoint\",\"urlTemplate\":\"https:\/\/www.canadahelps.org\/fr\/?s={search_term_string}\"},\"query-input\":{\"@type\":\"PropertyValueSpecification\",\"valueRequired\":true,\"valueName\":\"search_term_string\"}}],\"inLanguage\":\"fr\"},{\"@type\":\"Organization\",\"@id\":\"https:\/\/www.canadahelps.org\/fr\/#organization\",\"name\":\"CanadaHelps\",\"url\":\"https:\/\/www.canadahelps.org\/fr\/\",\"logo\":{\"@type\":\"ImageObject\",\"inLanguage\":\"fr\",\"@id\":\"https:\/\/www.canadahelps.org\/fr\/#\/schema\/logo\/image\/\",\"url\":\"https:\/\/www.canadahelps.org\/media\/canadahelps-en.jpg\",\"contentUrl\":\"https:\/\/www.canadahelps.org\/media\/canadahelps-en.jpg\",\"width\":131,\"height\":72,\"caption\":\"CanadaHelps\"},\"image\":{\"@id\":\"https:\/\/www.canadahelps.org\/fr\/#\/schema\/logo\/image\/\"}}]}<\/script>\n<!-- \/ Yoast SEO plugin. -->","yoast_head_json":{"title":"Faites un don de valeurs mobili\u00e8res | CanaDon","description":"Faites un don de valeurs mobili\u00e8res et de fonds mutuels par l'entremise de CanaDon. Cliquez ici pour apprendre comment nous facilitons leur traitement.","robots":{"index":"index","follow":"follow","max-snippet":"max-snippet:-1","max-image-preview":"max-image-preview:large","max-video-preview":"max-video-preview:-1"},"canonical":"https:\/\/www.canadahelps.org\/fr\/faites-un-don\/faire-un-don-de-valeurs-mobilieres\/","og_locale":"fr_FR","og_type":"article","og_title":"Faites un don de valeurs mobili\u00e8res | CanaDon","og_description":"Faites un don de valeurs mobili\u00e8res et de fonds mutuels par l'entremise de CanaDon. Cliquez ici pour apprendre comment nous facilitons leur traitement.","og_url":"https:\/\/www.canadahelps.org\/fr\/faites-un-don\/faire-un-don-de-valeurs-mobilieres\/","og_site_name":"CanaDon - Faites des dons \u00e0 un organisme de bienfaisance au Canada","article_modified_time":"2025-12-29T15:31:20+00:00","og_image":[{"url":"https:\/\/www.canadahelps.org\/media\/20250313-one.png","type":"","width":"","height":""}],"twitter_card":"summary_large_image","twitter_misc":{"Est. reading time":"5 minutes"},"schema":{"@context":"https:\/\/schema.org","@graph":[{"@type":"WebPage","@id":"https:\/\/www.canadahelps.org\/fr\/faites-un-don\/faire-un-don-de-valeurs-mobilieres\/","url":"https:\/\/www.canadahelps.org\/fr\/faites-un-don\/faire-un-don-de-valeurs-mobilieres\/","name":"Faites un don de valeurs mobili\u00e8res | CanaDon","isPartOf":{"@id":"https:\/\/www.canadahelps.org\/fr\/#website"},"primaryImageOfPage":{"@id":"https:\/\/www.canadahelps.org\/fr\/faites-un-don\/faire-un-don-de-valeurs-mobilieres\/#primaryimage"},"image":{"@id":"https:\/\/www.canadahelps.org\/fr\/faites-un-don\/faire-un-don-de-valeurs-mobilieres\/#primaryimage"},"thumbnailUrl":"https:\/\/www.canadahelps.org\/media\/20250313-one.png","datePublished":"2014-08-07T18:42:16+00:00","dateModified":"2025-12-29T15:31:20+00:00","description":"Faites un don de valeurs mobili\u00e8res et de fonds mutuels par l'entremise de CanaDon. Cliquez ici pour apprendre comment nous facilitons leur traitement.","breadcrumb":{"@id":"https:\/\/www.canadahelps.org\/fr\/faites-un-don\/faire-un-don-de-valeurs-mobilieres\/#breadcrumb"},"inLanguage":"fr","potentialAction":[{"@type":"ReadAction","target":["https:\/\/www.canadahelps.org\/fr\/faites-un-don\/faire-un-don-de-valeurs-mobilieres\/"]}]},{"@type":"ImageObject","inLanguage":"fr","@id":"https:\/\/www.canadahelps.org\/fr\/faites-un-don\/faire-un-don-de-valeurs-mobilieres\/#primaryimage","url":"https:\/\/www.canadahelps.org\/media\/20250313-one.png","contentUrl":"https:\/\/www.canadahelps.org\/media\/20250313-one.png"},{"@type":"BreadcrumbList","@id":"https:\/\/www.canadahelps.org\/fr\/faites-un-don\/faire-un-don-de-valeurs-mobilieres\/#breadcrumb","itemListElement":[{"@type":"ListItem","position":1,"name":"Home","item":"https:\/\/www.canadahelps.org\/fr\/"},{"@type":"ListItem","position":2,"name":"Faites un don","item":"https:\/\/www.canadahelps.org\/fr\/faites-un-don\/"},{"@type":"ListItem","position":3,"name":"Faire un don de valeurs mobili\u00e8res"}]},{"@type":"WebSite","@id":"https:\/\/www.canadahelps.org\/fr\/#website","url":"https:\/\/www.canadahelps.org\/fr\/","name":"CanadaHelps - Donate to any charity in Canada","description":"Le don en toute simplicit\u00e9","publisher":{"@id":"https:\/\/www.canadahelps.org\/fr\/#organization"},"potentialAction":[{"@type":"SearchAction","target":{"@type":"EntryPoint","urlTemplate":"https:\/\/www.canadahelps.org\/fr\/?s={search_term_string}"},"query-input":{"@type":"PropertyValueSpecification","valueRequired":true,"valueName":"search_term_string"}}],"inLanguage":"fr"},{"@type":"Organization","@id":"https:\/\/www.canadahelps.org\/fr\/#organization","name":"CanadaHelps","url":"https:\/\/www.canadahelps.org\/fr\/","logo":{"@type":"ImageObject","inLanguage":"fr","@id":"https:\/\/www.canadahelps.org\/fr\/#\/schema\/logo\/image\/","url":"https:\/\/www.canadahelps.org\/media\/canadahelps-en.jpg","contentUrl":"https:\/\/www.canadahelps.org\/media\/canadahelps-en.jpg","width":131,"height":72,"caption":"CanadaHelps"},"image":{"@id":"https:\/\/www.canadahelps.org\/fr\/#\/schema\/logo\/image\/"}}]}},"_links":{"self":[{"href":"https:\/\/www.canadahelps.org\/fr\/wp-json\/wp\/v2\/pages\/2527","targetHints":{"allow":["GET"]}}],"collection":[{"href":"https:\/\/www.canadahelps.org\/fr\/wp-json\/wp\/v2\/pages"}],"about":[{"href":"https:\/\/www.canadahelps.org\/fr\/wp-json\/wp\/v2\/types\/page"}],"author":[{"embeddable":true,"href":"https:\/\/www.canadahelps.org\/fr\/wp-json\/wp\/v2\/users\/7"}],"replies":[{"embeddable":true,"href":"https:\/\/www.canadahelps.org\/fr\/wp-json\/wp\/v2\/comments?post=2527"}],"version-history":[{"count":52,"href":"https:\/\/www.canadahelps.org\/fr\/wp-json\/wp\/v2\/pages\/2527\/revisions"}],"predecessor-version":[{"id":57432,"href":"https:\/\/www.canadahelps.org\/fr\/wp-json\/wp\/v2\/pages\/2527\/revisions\/57432"}],"up":[{"embeddable":true,"href":"https:\/\/www.canadahelps.org\/fr\/wp-json\/wp\/v2\/pages\/1037"}],"wp:attachment":[{"href":"https:\/\/www.canadahelps.org\/fr\/wp-json\/wp\/v2\/media?parent=2527"}],"curies":[{"name":"wp","href":"https:\/\/api.w.org\/{rel}","templated":true}]}}