{"id":26032,"date":"2019-07-08T16:48:48","date_gmt":"2019-07-08T20:48:48","guid":{"rendered":"https:\/\/www.canadahelps.org\/?page_id=26032"},"modified":"2020-10-22T11:40:24","modified_gmt":"2020-10-22T15:40:24","slug":"appuyez-une-cause","status":"publish","type":"page","link":"https:\/\/www.canadahelps.org\/fr\/faites-un-don\/appuyez-une-cause\/","title":{"rendered":"Appuyez Une Cause"},"content":{"rendered":"<style>html{background-color:#fff}#cp-hero-image{background-image:url(https:\/\/www.canadahelps.org\/media\/20190625_canadahelps-causes-hero-image.jpg);background-repeat:no-repeat;background-position:bottom;background-size:cover;height:400px;max-width:1280px;margin:0 auto;padding:40px 0 0 0}\n#cp-hero-txt{width:90%;margin:0 auto;text-align:center; margin-top:80px;} #cp-hero-txt h1{font-size: 32px}#cp-hero-txt p{font-size:18px}#cp-hero-txt h1,p{padding:0;margin:0;color:#1466a9}.cp-grid-container{display:grid;grid-gap:20px;grid-template-columns:1fr 1fr 1fr;grid-auto-flow:column;padding:10px; max-width: 960px; margin:0 auto;}.cp-grid-item{text-align:center;color:#00f;text-transform:uppercase}.cp-grid-item a{color:#0070af;text-decoration:none; display:block; margin:0; padding:0;}#cp-wave{margin:0;padding:0}#cp-wave img{vertical-align:bottom;border:0;width:100%}#cp-footer{background-color:#1967ab;padding:30px 0 30px 0}#cp-footer h2{color:#fff; font-size:23px}.cp-ftr-container{display:inline-grid;grid-template-columns:1fr 1fr 1fr;grid-auto-flow:column; padding:10px 0px; max-width: 960px;}.cp-ftr-item{text-align:center; max-width: 300px;}.cp-ftr-item-txt p{color:#fff; font-size:16px}.cp-ftr-item-txt{max-width:300px;margin:0 auto}.cp-ftr-item-txt img{width:75px; padding-top: 20px; padding-bottom: 20px}#animal-welfare{width:200px;height:200px;background:url(https:\/\/www.canadahelps.org\/media\/support-animal-welfare-static.png) no-repeat;display:inline-block; background-size: 200px 200px;}#animal-welfare:hover{background:url(https:\/\/www.canadahelps.org\/media\/support-animal-welfare-hover.png) no-repeat; background-size: 200px 200px}#protect-env{width:200px;height:200px;background:url(https:\/\/www.canadahelps.org\/media\/protect-the-environment-static.png) no-repeat;display:inline-block; background-size: 200px 200px}#protect-env:hover{background:url(https:\/\/www.canadahelps.org\/media\/protect-the-environment-hover.png) no-repeat; background-size: 200px 200px}#feed-people{width:200px;height:200px;background:url(https:\/\/www.canadahelps.org\/media\/feed-people-in-need-static.png) no-repeat;display:inline-block; background-size: 200px 200px}#feed-people:hover{background:url(https:\/\/www.canadahelps.org\/media\/feed-people-in-need-hover.png) no-repeat; background-size: 200px 200px}#wmn-hlth{width:200px;height:200px;background:url(https:\/\/www.canadahelps.org\/media\/20190704_support-womens-health-static.png) no-repeat;display:inline-block; background-size: 200px 200px}#wmn-hlth:hover{background:url(https:\/\/www.canadahelps.org\/media\/20190704_support-womens-health-hover.png) no-repeat ; background-size: 200px 200px}#fight-cancer{width:200px;height:200px;background:url(https:\/\/www.canadahelps.org\/media\/help-fight-cancer-static.png) no-repeat;display:inline-block; background-size: 200px 200px}#fight-cancer:hover{background:url(https:\/\/www.canadahelps.org\/media\/help-fight-cancer-hover.png) no-repeat ; background-size: 200px 200px}#chldrn-hlth{width:200px;height:200px;background:url(https:\/\/www.canadahelps.org\/media\/support-childrens-health-static.png) no-repeat;display:inline-block; background-size: 200px 200px}#chldrn-hlth:hover{background:url(https:\/\/www.canadahelps.org\/media\/support-childrens-health-hover.png) no-repeat ; background-size: 200px 200px}#help-homeless{width:200px;height:200px;background:url(https:\/\/www.canadahelps.org\/media\/help-the-homeless-static.png) no-repeat;display:inline-block; background-size: 200px 200px}#help-homeless:hover{background:url(https:\/\/www.canadahelps.org\/media\/help-the-homeless-hover.png) no-repeat ; background-size: 200px 200px}#hmtn-rlf{width:200px;height:200px;background:url(https:\/\/www.canadahelps.org\/media\/provide-humanitarian-relief-static.png) no-repeat;display:inline-block; background-size: 200px 200px}#hmtn-rlf:hover{background:url(https:\/\/www.canadahelps.org\/media\/provide-humanitarian-relief-hover.png) no-repeat ; background-size: 200px 200px}#mntl-hlth{width:200px;height:200px;background:url(https:\/\/www.canadahelps.org\/media\/20190704_support-mental-health-static.png) no-repeat;display:inline-block; background-size: 200px 200px}#mntl-hlth:hover{background:url(https:\/\/www.canadahelps.org\/media\/20190704_support-mental-health-hover.png) no-repeat;background-size: 200px 200px}@media screen and (max-width:640px){#cp-hero-txt{width:100%;margin:0 auto;text-align:center}.cp-grid-container{grid-template-columns:1fr;grid-auto-flow:row;padding:10px}.cp-ftr-container{grid-gap:20px;grid-template-columns:1fr;grid-auto-flow:row;padding:10px 50px}}<\/style>\n<div style=\"max-width: 1920px; margin:0 auto;\">\n<header style=\"background-color: #00ddf7\">\n<div id=\"cp-hero-image\">\n<div id=\"cp-hero-txt\">\n<h1>Ayez un impact pour votre cause pr\u00e9f\u00e9r\u00e9e aujourd&#8217;hui!<\/h1>\n<p>Apportez votre soutien l\u00e0 o\u00f9 il est le plus n\u00e9cessaire!<\/p>\n<\/div>\n<\/div>\n<\/header>\n<div style=\"max-width: 1280px; margin:0 auto\">\n<div style=\"text-align: center; padding:30px 0px 30px 0px; font-size: 14px; width:60%; margin:0 auto\">\nChaque campagne est organis\u00e9e et g\u00e9r\u00e9e par un organisme de bienfaisance enregistr\u00e9. Vous obtenez un re\u00e7u d&#8217;imp\u00f4t instantan\u00e9 qui peut vous aider \u00e0 r\u00e9duire vos imp\u00f4ts. Vous pouvez ainsi \u00eatre s\u00fbr que votre don ira l\u00e0 o\u00f9 le besoin est le plus grand. Faites un don d\u00e8s aujourd&#8217;hui pour r\u00e9pondre \u00e0 ces besoins imm\u00e9diats et recevez imm\u00e9diatement votre re\u00e7u d&#8217;imp\u00f4t.<\/p>\n<h2 style=\"color:#1466a9;\">Causes principales qui ont besoin de votre aide<\/h2>\n<\/div>\n<div class=\"cp-grid-container\">\n<div class=\"cp-grid-item\">\n\t<a href=\"https:\/\/www.canadahelps.org\/fr\/cause\/appuyez-la-protection-des-animaux\/\"><\/p>\n<div id=\"animal-welfare\">&nbsp;<\/div>\n<p><\/a><a href=\"https:\/\/www.canadahelps.org\/fr\/cause\/appuyez-la-protection-des-animaux\/\">Soutenez la protection des animaux<\/a>\n<\/div>\n<div class=\"cp-grid-item\">\n\t<a href=\"https:\/\/www.canadahelps.org\/fr\/cause\/protegez-lenvironnement\/\"><\/p>\n<div id=\"protect-env\">&nbsp;<\/div>\n<p><\/a><a href=\"https:\/\/www.canadahelps.org\/fr\/cause\/protegez-lenvironnement\/\">Prot\u00e9gez l&#8217;environnement<\/a>\n<\/div>\n<div class=\"cp-grid-item\">\n\t<a href=\"https:\/\/www.canadahelps.org\/fr\/cause\/nourrissez-les-personnes-dans-le-besoin\/\"><\/p>\n<div id=\"feed-people\">&nbsp;<\/div>\n<p><\/a><a href=\"https:\/\/www.canadahelps.org\/fr\/cause\/nourrissez-les-personnes-dans-le-besoin\/\">Nourrissez les personnes dans le besoin<\/a>\n<\/div>\n<\/div>\n<p> <!-- end container div --><\/p>\n<div class=\"cp-grid-container\">\n<div class=\"cp-grid-item\">\n\t<a href=\"https:\/\/www.canadahelps.org\/fr\/cause\/soutenir-la-sante-des-femmes\/\"><\/p>\n<div id=\"wmn-hlth\">&nbsp;<\/div>\n<p><\/a><a href=\"https:\/\/www.canadahelps.org\/fr\/cause\/soutenir-la-sante-des-femmes\/\">Soutenez la sant\u00e9 des femmes<\/a>\n<\/div>\n<div class=\"cp-grid-item\">\n\t<a href=\"https:\/\/www.canadahelps.org\/fr\/cause\/aidez-la-lutte-contre-le-cancer\/\"><\/p>\n<div id=\"fight-cancer\">&nbsp;<\/div>\n<p><\/a><a href=\"https:\/\/www.canadahelps.org\/fr\/cause\/aidez-la-lutte-contre-le-cancer\/\">Aidez \u00e0 combattre le cancer<\/a><\/p>\n<\/div>\n<div class=\"cp-grid-item\">\n\t<a href=\"https:\/\/www.canadahelps.org\/fr\/cause\/appuyez-la-sante-des-enfants\/\"><\/p>\n<div id=\"chldrn-hlth\">&nbsp;<\/div>\n<p><\/a><a href=\"https:\/\/www.canadahelps.org\/fr\/cause\/appuyez-la-sante-des-enfants\/\">Soutenez la sant\u00e9 des enfants<\/a>\n<\/div>\n<\/div>\n<p> <!-- end container div --><\/p>\n<div class=\"cp-grid-container\">\n<div class=\"cp-grid-item\">\n\t<a href=\"https:\/\/www.canadahelps.org\/fr\/cause\/aidez-a-mettre-fin-a-litinerance\/\"><\/p>\n<div id=\"help-homeless\">&nbsp;<\/div>\n<p><\/a><a href=\"https:\/\/www.canadahelps.org\/fr\/cause\/aidez-a-mettre-fin-a-litinerance\/\">AIDEZ \u00c0 METTRE FIN \u00c0 L&#8217;ITIN\u00c9RANCE<\/a>\n<\/div>\n<div class=\"cp-grid-item\">\n\t<a href=\"https:\/\/www.canadahelps.org\/fr\/cause\/fournissez-de-laide-humanitaire\/\"><\/p>\n<div id=\"hmtn-rlf\">&nbsp;<\/div>\n<p><\/a><a href=\"https:\/\/www.canadahelps.org\/fr\/cause\/fournissez-de-laide-humanitaire\/\">Fournissez de l&#8217;aide humanitaire<\/a>\n<\/div>\n<div class=\"cp-grid-item\">\n\t<a href=\"https:\/\/www.canadahelps.org\/fr\/cause\/appuyez-la-sante-mentale\/\"><\/p>\n<div id=\"mntl-hlth\">&nbsp;<\/div>\n<p><\/a><a href=\"https:\/\/www.canadahelps.org\/fr\/cause\/appuyez-la-sante-mentale\/\">Soutenez la sant\u00e9 mentale<\/a>\n<\/div>\n<\/div>\n<p> <!-- end container div --><\/p>\n<\/div>\n<p> <!-- end 1280 --><\/p>\n<div id=\"cp-wave\">\n<img decoding=\"async\" src=\"https:\/\/www.canadahelps.org\/media\/20190704_blue-background-image.png\">\n<\/div>\n<div id=\"cp-footer\" style=\"text-align: center\">\n<h2>Pourquoi soutenir une campagne pour votre cause pr\u00e9f\u00e9r\u00e9e sur CanaDon?<\/h2>\n<div class=\"cp-ftr-container\">\n<div class=\"cp-ftr-item\">\n<div class=\"cp-ftr-item-txt\">\n\t<img decoding=\"async\" src=\"https:\/\/www.canadahelps.org\/media\/20190625_hands-heart.png\" width=\"100\"><\/p>\n<p>Chaque campagne est cr\u00e9\u00e9e par un organisme de bienfaisance canadien enregistr\u00e9 qui se sp\u00e9cialise dans leur cause, afin d\u2019\u00eatre s\u00fbr que votre don ira l\u00e0 o\u00f9 il est le plus n\u00e9cessaire.<\/p>\n<\/p><\/div>\n<\/div>\n<div class=\"cp-ftr-item\">\n<div class=\"cp-ftr-item-txt\">\n\t<img decoding=\"async\" src=\"https:\/\/www.canadahelps.org\/media\/20190625_ribbon.png\" width=\"100\"><\/p>\n<p>Chaque campagne est organis\u00e9e et g\u00e9r\u00e9e par un organisme de bienfaisance enregistr\u00e9. Vous obtenez un re\u00e7u d&#8217;imp\u00f4t instantan\u00e9 qui peut vous aider \u00e0 r\u00e9duire vos imp\u00f4ts.<\/p>\n<\/p><\/div>\n<\/div>\n<div class=\"cp-ftr-item\">\n<div class=\"cp-ftr-item-txt\">\n\t<img decoding=\"async\" src=\"https:\/\/www.canadahelps.org\/media\/20190625_secure.png\" width=\"100\"><\/p>\n<p>Les fonds que vous donnez sont livr\u00e9s rapidement! Votre argent parvient rapidement et en toute s\u00e9curit\u00e9 \u00e0 l\u2019organisme de bienfaisance afin qu&#8217;ils puissent en tirer avantage le plus rapidement possible.<\/p>\n<\/p><\/div>\n<\/div>\n<\/div>\n<p> <!-- end container div --><\/p>\n<\/div>\n<p><!-- blue footer --><\/p>\n<\/div>\n<p> <!-- end 1920 div --><\/p>\n","protected":false},"excerpt":{"rendered":"<p>Ayez un impact pour votre cause pr\u00e9f\u00e9r\u00e9e aujourd&#8217;hui! Apportez votre soutien l\u00e0 o\u00f9 il est le plus n\u00e9cessaire! Chaque campagne est organis\u00e9e et g\u00e9r\u00e9e par &#8230; <a href=\"https:\/\/www.canadahelps.org\/fr\/faites-un-don\/appuyez-une-cause\/\" id=\"canadahelp-blog-meta\">Voir plus<\/a><\/p>\n","protected":false},"author":30,"featured_media":0,"parent":1037,"menu_order":0,"comment_status":"closed","ping_status":"closed","template":"template-fullwidth-page.php","meta":{"footnotes":""},"class_list":["post-26032","page","type-page","status-publish","hentry"],"acf":{"meta_description":"","use_toc_layout":false,"additional_body_css_classes":"","hide_page_title":false,"row_settings":false,"insert_spotlight_boxes":false,"use_biography_grid":false},"yoast_head":"<!-- This site is optimized with the Yoast SEO plugin v26.0 - https:\/\/yoast.com\/wordpress\/plugins\/seo\/ -->\n<title>Appuyez Une Cause | CanadaHelps - Donate to any charity in Canada<\/title>\n<meta name=\"robots\" content=\"index, follow, max-snippet:-1, max-image-preview:large, max-video-preview:-1\" \/>\n<link rel=\"canonical\" href=\"https:\/\/www.canadahelps.org\/fr\/faites-un-don\/appuyez-une-cause\/\" \/>\n<meta property=\"og:locale\" content=\"fr_FR\" \/>\n<meta property=\"og:type\" content=\"article\" \/>\n<meta property=\"og:title\" content=\"Appuyez votre cause pr\u00e9f\u00e9r\u00e9e aujourd&#039;hui!\" \/>\n<meta property=\"og:description\" content=\"Faites la diff\u00e9rence l\u00e0 o\u00f9 le besoin est le plus grand. Donnez \u00e0 votre cause pr\u00e9f\u00e9r\u00e9e et ayez un impact aujourd&#039;hui!\" \/>\n<meta property=\"og:url\" content=\"https:\/\/www.canadahelps.org\/fr\/faites-un-don\/appuyez-une-cause\/\" \/>\n<meta property=\"og:site_name\" content=\"CanadaHelps - Donate to any charity in Canada\" \/>\n<meta property=\"article:modified_time\" content=\"2020-10-22T15:40:24+00:00\" \/>\n<meta property=\"og:image\" content=\"https:\/\/www.canadahelps.org\/media\/Support-a-Cause_Social-Sharing.jpg\" \/>\n\t<meta property=\"og:image:width\" content=\"1200\" \/>\n\t<meta property=\"og:image:height\" content=\"630\" \/>\n\t<meta property=\"og:image:type\" content=\"image\/jpeg\" \/>\n<meta name=\"twitter:card\" content=\"summary_large_image\" \/>\n<meta name=\"twitter:title\" content=\"Appuyez votre cause pr\u00e9f\u00e9r\u00e9e aujourd&#039;hui!\" \/>\n<meta name=\"twitter:description\" content=\"Faites la diff\u00e9rence l\u00e0 o\u00f9 le besoin est le plus grand. Donnez \u00e0 votre cause pr\u00e9f\u00e9r\u00e9e et ayez un impact aujourd&#039;hui!\" \/>\n<meta name=\"twitter:image\" content=\"https:\/\/www.canadahelps.org\/media\/Support-a-Cause_Social-Sharing.jpg\" \/>\n<meta name=\"twitter:label1\" content=\"Est. reading time\" \/>\n\t<meta name=\"twitter:data1\" content=\"1 minute\" \/>\n<script type=\"application\/ld+json\" class=\"yoast-schema-graph\">{\"@context\":\"https:\/\/schema.org\",\"@graph\":[{\"@type\":\"WebPage\",\"@id\":\"https:\/\/www.canadahelps.org\/fr\/faites-un-don\/appuyez-une-cause\/\",\"url\":\"https:\/\/www.canadahelps.org\/fr\/faites-un-don\/appuyez-une-cause\/\",\"name\":\"Appuyez Une Cause | CanadaHelps - Donate to any charity in Canada\",\"isPartOf\":{\"@id\":\"https:\/\/www.canadahelps.org\/fr\/#website\"},\"primaryImageOfPage\":{\"@id\":\"https:\/\/www.canadahelps.org\/fr\/faites-un-don\/appuyez-une-cause\/#primaryimage\"},\"image\":{\"@id\":\"https:\/\/www.canadahelps.org\/fr\/faites-un-don\/appuyez-une-cause\/#primaryimage\"},\"thumbnailUrl\":\"https:\/\/www.canadahelps.org\/media\/20190704_blue-background-image.png\",\"datePublished\":\"2019-07-08T20:48:48+00:00\",\"dateModified\":\"2020-10-22T15:40:24+00:00\",\"breadcrumb\":{\"@id\":\"https:\/\/www.canadahelps.org\/fr\/faites-un-don\/appuyez-une-cause\/#breadcrumb\"},\"inLanguage\":\"fr\",\"potentialAction\":[{\"@type\":\"ReadAction\",\"target\":[\"https:\/\/www.canadahelps.org\/fr\/faites-un-don\/appuyez-une-cause\/\"]}]},{\"@type\":\"ImageObject\",\"inLanguage\":\"fr\",\"@id\":\"https:\/\/www.canadahelps.org\/fr\/faites-un-don\/appuyez-une-cause\/#primaryimage\",\"url\":\"https:\/\/www.canadahelps.org\/media\/20190704_blue-background-image.png\",\"contentUrl\":\"https:\/\/www.canadahelps.org\/media\/20190704_blue-background-image.png\"},{\"@type\":\"BreadcrumbList\",\"@id\":\"https:\/\/www.canadahelps.org\/fr\/faites-un-don\/appuyez-une-cause\/#breadcrumb\",\"itemListElement\":[{\"@type\":\"ListItem\",\"position\":1,\"name\":\"Home\",\"item\":\"https:\/\/www.canadahelps.org\/fr\/\"},{\"@type\":\"ListItem\",\"position\":2,\"name\":\"Faites un don\",\"item\":\"https:\/\/www.canadahelps.org\/fr\/faites-un-don\/\"},{\"@type\":\"ListItem\",\"position\":3,\"name\":\"Appuyez Une Cause\"}]},{\"@type\":\"WebSite\",\"@id\":\"https:\/\/www.canadahelps.org\/fr\/#website\",\"url\":\"https:\/\/www.canadahelps.org\/fr\/\",\"name\":\"CanadaHelps - Donate to any charity in Canada\",\"description\":\"Giving Made Simple\",\"publisher\":{\"@id\":\"https:\/\/www.canadahelps.org\/fr\/#organization\"},\"potentialAction\":[{\"@type\":\"SearchAction\",\"target\":{\"@type\":\"EntryPoint\",\"urlTemplate\":\"https:\/\/www.canadahelps.org\/fr\/?s={search_term_string}\"},\"query-input\":{\"@type\":\"PropertyValueSpecification\",\"valueRequired\":true,\"valueName\":\"search_term_string\"}}],\"inLanguage\":\"fr\"},{\"@type\":\"Organization\",\"@id\":\"https:\/\/www.canadahelps.org\/fr\/#organization\",\"name\":\"CanadaHelps\",\"url\":\"https:\/\/www.canadahelps.org\/fr\/\",\"logo\":{\"@type\":\"ImageObject\",\"inLanguage\":\"fr\",\"@id\":\"https:\/\/www.canadahelps.org\/fr\/#\/schema\/logo\/image\/\",\"url\":\"https:\/\/www.canadahelps.org\/media\/canadahelps-en.jpg\",\"contentUrl\":\"https:\/\/www.canadahelps.org\/media\/canadahelps-en.jpg\",\"width\":131,\"height\":72,\"caption\":\"CanadaHelps\"},\"image\":{\"@id\":\"https:\/\/www.canadahelps.org\/fr\/#\/schema\/logo\/image\/\"}}]}<\/script>\n<!-- \/ Yoast SEO plugin. -->","yoast_head_json":{"title":"Appuyez Une Cause | CanadaHelps - Donate to any charity in Canada","robots":{"index":"index","follow":"follow","max-snippet":"max-snippet:-1","max-image-preview":"max-image-preview:large","max-video-preview":"max-video-preview:-1"},"canonical":"https:\/\/www.canadahelps.org\/fr\/faites-un-don\/appuyez-une-cause\/","og_locale":"fr_FR","og_type":"article","og_title":"Appuyez votre cause pr\u00e9f\u00e9r\u00e9e aujourd'hui!","og_description":"Faites la diff\u00e9rence l\u00e0 o\u00f9 le besoin est le plus grand. Donnez \u00e0 votre cause pr\u00e9f\u00e9r\u00e9e et ayez un impact aujourd'hui!","og_url":"https:\/\/www.canadahelps.org\/fr\/faites-un-don\/appuyez-une-cause\/","og_site_name":"CanadaHelps - Donate to any charity in Canada","article_modified_time":"2020-10-22T15:40:24+00:00","og_image":[{"width":1200,"height":630,"url":"https:\/\/www.canadahelps.org\/media\/Support-a-Cause_Social-Sharing.jpg","type":"image\/jpeg"}],"twitter_card":"summary_large_image","twitter_title":"Appuyez votre cause pr\u00e9f\u00e9r\u00e9e aujourd'hui!","twitter_description":"Faites la diff\u00e9rence l\u00e0 o\u00f9 le besoin est le plus grand. Donnez \u00e0 votre cause pr\u00e9f\u00e9r\u00e9e et ayez un impact aujourd'hui!","twitter_image":"https:\/\/www.canadahelps.org\/media\/Support-a-Cause_Social-Sharing.jpg","twitter_misc":{"Est. reading time":"1 minute"},"schema":{"@context":"https:\/\/schema.org","@graph":[{"@type":"WebPage","@id":"https:\/\/www.canadahelps.org\/fr\/faites-un-don\/appuyez-une-cause\/","url":"https:\/\/www.canadahelps.org\/fr\/faites-un-don\/appuyez-une-cause\/","name":"Appuyez Une Cause | CanadaHelps - Donate to any charity in Canada","isPartOf":{"@id":"https:\/\/www.canadahelps.org\/fr\/#website"},"primaryImageOfPage":{"@id":"https:\/\/www.canadahelps.org\/fr\/faites-un-don\/appuyez-une-cause\/#primaryimage"},"image":{"@id":"https:\/\/www.canadahelps.org\/fr\/faites-un-don\/appuyez-une-cause\/#primaryimage"},"thumbnailUrl":"https:\/\/www.canadahelps.org\/media\/20190704_blue-background-image.png","datePublished":"2019-07-08T20:48:48+00:00","dateModified":"2020-10-22T15:40:24+00:00","breadcrumb":{"@id":"https:\/\/www.canadahelps.org\/fr\/faites-un-don\/appuyez-une-cause\/#breadcrumb"},"inLanguage":"fr","potentialAction":[{"@type":"ReadAction","target":["https:\/\/www.canadahelps.org\/fr\/faites-un-don\/appuyez-une-cause\/"]}]},{"@type":"ImageObject","inLanguage":"fr","@id":"https:\/\/www.canadahelps.org\/fr\/faites-un-don\/appuyez-une-cause\/#primaryimage","url":"https:\/\/www.canadahelps.org\/media\/20190704_blue-background-image.png","contentUrl":"https:\/\/www.canadahelps.org\/media\/20190704_blue-background-image.png"},{"@type":"BreadcrumbList","@id":"https:\/\/www.canadahelps.org\/fr\/faites-un-don\/appuyez-une-cause\/#breadcrumb","itemListElement":[{"@type":"ListItem","position":1,"name":"Home","item":"https:\/\/www.canadahelps.org\/fr\/"},{"@type":"ListItem","position":2,"name":"Faites un don","item":"https:\/\/www.canadahelps.org\/fr\/faites-un-don\/"},{"@type":"ListItem","position":3,"name":"Appuyez Une Cause"}]},{"@type":"WebSite","@id":"https:\/\/www.canadahelps.org\/fr\/#website","url":"https:\/\/www.canadahelps.org\/fr\/","name":"CanadaHelps - Donate to any charity in Canada","description":"Giving Made Simple","publisher":{"@id":"https:\/\/www.canadahelps.org\/fr\/#organization"},"potentialAction":[{"@type":"SearchAction","target":{"@type":"EntryPoint","urlTemplate":"https:\/\/www.canadahelps.org\/fr\/?s={search_term_string}"},"query-input":{"@type":"PropertyValueSpecification","valueRequired":true,"valueName":"search_term_string"}}],"inLanguage":"fr"},{"@type":"Organization","@id":"https:\/\/www.canadahelps.org\/fr\/#organization","name":"CanadaHelps","url":"https:\/\/www.canadahelps.org\/fr\/","logo":{"@type":"ImageObject","inLanguage":"fr","@id":"https:\/\/www.canadahelps.org\/fr\/#\/schema\/logo\/image\/","url":"https:\/\/www.canadahelps.org\/media\/canadahelps-en.jpg","contentUrl":"https:\/\/www.canadahelps.org\/media\/canadahelps-en.jpg","width":131,"height":72,"caption":"CanadaHelps"},"image":{"@id":"https:\/\/www.canadahelps.org\/fr\/#\/schema\/logo\/image\/"}}]}},"_links":{"self":[{"href":"https:\/\/www.canadahelps.org\/fr\/wp-json\/wp\/v2\/pages\/26032","targetHints":{"allow":["GET"]}}],"collection":[{"href":"https:\/\/www.canadahelps.org\/fr\/wp-json\/wp\/v2\/pages"}],"about":[{"href":"https:\/\/www.canadahelps.org\/fr\/wp-json\/wp\/v2\/types\/page"}],"author":[{"embeddable":true,"href":"https:\/\/www.canadahelps.org\/fr\/wp-json\/wp\/v2\/users\/30"}],"replies":[{"embeddable":true,"href":"https:\/\/www.canadahelps.org\/fr\/wp-json\/wp\/v2\/comments?post=26032"}],"version-history":[{"count":8,"href":"https:\/\/www.canadahelps.org\/fr\/wp-json\/wp\/v2\/pages\/26032\/revisions"}],"predecessor-version":[{"id":35984,"href":"https:\/\/www.canadahelps.org\/fr\/wp-json\/wp\/v2\/pages\/26032\/revisions\/35984"}],"up":[{"embeddable":true,"href":"https:\/\/www.canadahelps.org\/fr\/wp-json\/wp\/v2\/pages\/1037"}],"wp:attachment":[{"href":"https:\/\/www.canadahelps.org\/fr\/wp-json\/wp\/v2\/media?parent=26032"}],"curies":[{"name":"wp","href":"https:\/\/api.w.org\/{rel}","templated":true}]}}