{"id":26424,"date":"2019-07-25T13:40:12","date_gmt":"2019-07-25T17:40:12","guid":{"rendered":"https:\/\/www.canadahelps.org\/?page_id=26424"},"modified":"2020-01-17T16:17:24","modified_gmt":"2020-01-17T21:17:24","slug":"appuyez-la-protection-des-animaux","status":"publish","type":"page","link":"https:\/\/www.canadahelps.org\/fr\/cause\/appuyez-la-protection-des-animaux\/","title":{"rendered":"Appuyez la protection des animaux"},"content":{"rendered":"","protected":false},"excerpt":{"rendered":"","protected":false},"author":30,"featured_media":0,"parent":26176,"menu_order":0,"comment_status":"closed","ping_status":"closed","template":"template-merchandise-page.php","meta":{"footnotes":""},"class_list":["post-26424","page","type-page","status-publish","hentry"],"acf":{"meta_description":"","use_toc_layout":false,"additional_body_css_classes":"","hide_page_title":false,"row_settings":[{"row_header":"\u00a0","row_link_text":"","row_link_url":"","trigger_masonry_layout":true,"text_before_row":"","text_after_row":"","text_after_row_header":"<p>Faites un don \u00e0 des campagnes qui luttent pour des animaux ayant un besoin urgent. Votre soutien est essentiel pour aider \u00e0 sauver et \u00e0 am\u00e9liorer leurs vies.<\/p>\n","card_settings":[{"card_name":"Campagne de financement \" Building A Pawsitive Future \"","card_type":"campaign","id":"0165","display_categories":true,"display_image":true,"display_address":true,"display_summary":true,"display_campaign_types":true,"display_progress":true,"link_or_button":"link","card_link_text":""},{"card_name":"Notre liste de souhaits","card_type":"campaign","id":"1178","display_categories":true,"display_image":true,"display_address":true,"display_summary":true,"display_campaign_types":true,"display_progress":true,"link_or_button":"link","card_link_text":""},{"card_name":"Inondations de Cyclone Idai - Afrique","card_type":"campaign","id":"12134","display_categories":true,"display_image":true,"display_address":true,"display_summary":true,"display_campaign_types":true,"display_progress":true,"link_or_button":"link","card_link_text":""},{"card_name":"Aider les Animaux Sauvages Bless\u00e9s","card_type":"campaign","id":"1460","display_categories":true,"display_image":true,"display_address":true,"display_summary":true,"display_campaign_types":true,"display_progress":true,"link_or_button":"link","card_link_text":""},{"card_name":"Chouette \u00e0 voir! fait son nid","card_type":"campaign","id":"7140","display_categories":true,"display_image":true,"display_address":true,"display_summary":true,"display_campaign_types":true,"display_progress":true,"link_or_button":"link","card_link_text":""},{"card_name":"Campagne de capital","card_type":"campaign","id":"8623","display_categories":true,"display_image":true,"display_address":true,"display_summary":true,"display_campaign_types":true,"display_progress":true,"link_or_button":"link","card_link_text":""},{"card_name":"Le bois\u00e9 Du Tremblay","card_type":"campaign","id":"2403","display_categories":true,"display_image":true,"display_address":true,"display_summary":true,"display_campaign_types":true,"display_progress":true,"link_or_button":"link","card_link_text":""},{"card_name":"La Faune Adoption de Parrainage","card_type":"campaign","id":"1027","display_categories":true,"display_image":true,"display_address":true,"display_summary":true,"display_campaign_types":true,"display_progress":true,"link_or_button":"link","card_link_text":""},{"card_name":"\u00c0 la rescousse des chauves-souris","card_type":"campaign","id":"12871","display_categories":true,"display_image":true,"display_address":true,"display_summary":true,"display_campaign_types":true,"display_progress":true,"link_or_button":"link","card_link_text":""}]}],"insert_spotlight_boxes":false,"use_biography_grid":false,"min_banner_height":"280","header_title":"<p>Appuyez la protection des animaux<\/p>\n","explanatory_text":"<p>Des animaux innocents souffrent de la faim, de la n\u00e9gligence, de la maladie et des accidents tous les jours. Aidez les animaux bless\u00e9s, sans abri et \u00e0 risque en soutenant des organismes de bienfaisance canadiens qui fournissent de la nourriture et des abris, des programmes d&#8217;adoption et des soins v\u00e9t\u00e9rinaires.<\/p>\n","button_text":"","button_link":""},"yoast_head":"<!-- This site is optimized with the Yoast SEO plugin v26.0 - https:\/\/yoast.com\/wordpress\/plugins\/seo\/ -->\n<title>Appuyez la protection des animaux | CanadaHelps - Donate to any charity in Canada<\/title>\n<meta name=\"robots\" content=\"index, follow, max-snippet:-1, max-image-preview:large, max-video-preview:-1\" \/>\n<link rel=\"canonical\" href=\"https:\/\/www.canadahelps.org\/fr\/cause\/appuyez-la-protection-des-animaux\/\" \/>\n<meta property=\"og:locale\" content=\"fr_FR\" \/>\n<meta property=\"og:type\" content=\"article\" \/>\n<meta property=\"og:title\" content=\"Appuyez la protection des animaux\" \/>\n<meta property=\"og:description\" content=\"Aidez les animaux bless\u00e9s, sans abri et \u00e0 risque en soutenant des organismes de bienfaisance canadiens qui fournissent de la nourriture et des abris, des programmes d\u2019adoption et des soins v\u00e9t\u00e9rinaires.\" \/>\n<meta property=\"og:url\" content=\"https:\/\/www.canadahelps.org\/fr\/cause\/appuyez-la-protection-des-animaux\/\" \/>\n<meta property=\"og:site_name\" content=\"CanadaHelps - Donate to any charity in Canada\" \/>\n<meta property=\"article:modified_time\" content=\"2020-01-17T21:17:24+00:00\" \/>\n<meta property=\"og:image\" content=\"https:\/\/www.canadahelps.org\/media\/Support-a-Cause_Animal-Welfare_Social-Sharing.png\" \/>\n\t<meta property=\"og:image:width\" content=\"1200\" \/>\n\t<meta property=\"og:image:height\" content=\"630\" \/>\n\t<meta property=\"og:image:type\" content=\"image\/png\" \/>\n<meta name=\"twitter:card\" content=\"summary_large_image\" \/>\n<meta name=\"twitter:title\" content=\"Appuyez la protection des animaux\" \/>\n<meta name=\"twitter:description\" content=\"Aidez les animaux bless\u00e9s, sans abri et \u00e0 risque en soutenant des organismes de bienfaisance canadiens qui fournissent de la nourriture et des abris, des programmes d\u2019adoption et des soins v\u00e9t\u00e9rinaires.\" \/>\n<meta name=\"twitter:image\" content=\"https:\/\/www.canadahelps.org\/media\/Support-a-Cause_Animal-Welfare_Social-Sharing.png\" \/>\n<script type=\"application\/ld+json\" class=\"yoast-schema-graph\">{\"@context\":\"https:\/\/schema.org\",\"@graph\":[{\"@type\":\"WebPage\",\"@id\":\"https:\/\/www.canadahelps.org\/fr\/cause\/appuyez-la-protection-des-animaux\/\",\"url\":\"https:\/\/www.canadahelps.org\/fr\/cause\/appuyez-la-protection-des-animaux\/\",\"name\":\"Appuyez la protection des animaux | CanadaHelps - Donate to any charity in Canada\",\"isPartOf\":{\"@id\":\"https:\/\/www.canadahelps.org\/fr\/#website\"},\"datePublished\":\"2019-07-25T17:40:12+00:00\",\"dateModified\":\"2020-01-17T21:17:24+00:00\",\"breadcrumb\":{\"@id\":\"https:\/\/www.canadahelps.org\/fr\/cause\/appuyez-la-protection-des-animaux\/#breadcrumb\"},\"inLanguage\":\"fr\",\"potentialAction\":[{\"@type\":\"ReadAction\",\"target\":[\"https:\/\/www.canadahelps.org\/fr\/cause\/appuyez-la-protection-des-animaux\/\"]}]},{\"@type\":\"BreadcrumbList\",\"@id\":\"https:\/\/www.canadahelps.org\/fr\/cause\/appuyez-la-protection-des-animaux\/#breadcrumb\",\"itemListElement\":[{\"@type\":\"ListItem\",\"position\":1,\"name\":\"Home\",\"item\":\"https:\/\/www.canadahelps.org\/fr\/\"},{\"@type\":\"ListItem\",\"position\":2,\"name\":\"Cause\",\"item\":\"https:\/\/www.canadahelps.org\/fr\/cause\/\"},{\"@type\":\"ListItem\",\"position\":3,\"name\":\"Appuyez la protection des animaux\"}]},{\"@type\":\"WebSite\",\"@id\":\"https:\/\/www.canadahelps.org\/fr\/#website\",\"url\":\"https:\/\/www.canadahelps.org\/fr\/\",\"name\":\"CanadaHelps - Donate to any charity in Canada\",\"description\":\"Giving Made Simple\",\"publisher\":{\"@id\":\"https:\/\/www.canadahelps.org\/fr\/#organization\"},\"potentialAction\":[{\"@type\":\"SearchAction\",\"target\":{\"@type\":\"EntryPoint\",\"urlTemplate\":\"https:\/\/www.canadahelps.org\/fr\/?s={search_term_string}\"},\"query-input\":{\"@type\":\"PropertyValueSpecification\",\"valueRequired\":true,\"valueName\":\"search_term_string\"}}],\"inLanguage\":\"fr\"},{\"@type\":\"Organization\",\"@id\":\"https:\/\/www.canadahelps.org\/fr\/#organization\",\"name\":\"CanadaHelps\",\"url\":\"https:\/\/www.canadahelps.org\/fr\/\",\"logo\":{\"@type\":\"ImageObject\",\"inLanguage\":\"fr\",\"@id\":\"https:\/\/www.canadahelps.org\/fr\/#\/schema\/logo\/image\/\",\"url\":\"https:\/\/www.canadahelps.org\/media\/canadahelps-en.jpg\",\"contentUrl\":\"https:\/\/www.canadahelps.org\/media\/canadahelps-en.jpg\",\"width\":131,\"height\":72,\"caption\":\"CanadaHelps\"},\"image\":{\"@id\":\"https:\/\/www.canadahelps.org\/fr\/#\/schema\/logo\/image\/\"}}]}<\/script>\n<!-- \/ Yoast SEO plugin. -->","yoast_head_json":{"title":"Appuyez la protection des animaux | CanadaHelps - Donate to any charity in Canada","robots":{"index":"index","follow":"follow","max-snippet":"max-snippet:-1","max-image-preview":"max-image-preview:large","max-video-preview":"max-video-preview:-1"},"canonical":"https:\/\/www.canadahelps.org\/fr\/cause\/appuyez-la-protection-des-animaux\/","og_locale":"fr_FR","og_type":"article","og_title":"Appuyez la protection des animaux","og_description":"Aidez les animaux bless\u00e9s, sans abri et \u00e0 risque en soutenant des organismes de bienfaisance canadiens qui fournissent de la nourriture et des abris, des programmes d\u2019adoption et des soins v\u00e9t\u00e9rinaires.","og_url":"https:\/\/www.canadahelps.org\/fr\/cause\/appuyez-la-protection-des-animaux\/","og_site_name":"CanadaHelps - Donate to any charity in Canada","article_modified_time":"2020-01-17T21:17:24+00:00","og_image":[{"width":1200,"height":630,"url":"https:\/\/www.canadahelps.org\/media\/Support-a-Cause_Animal-Welfare_Social-Sharing.png","type":"image\/png"}],"twitter_card":"summary_large_image","twitter_title":"Appuyez la protection des animaux","twitter_description":"Aidez les animaux bless\u00e9s, sans abri et \u00e0 risque en soutenant des organismes de bienfaisance canadiens qui fournissent de la nourriture et des abris, des programmes d\u2019adoption et des soins v\u00e9t\u00e9rinaires.","twitter_image":"https:\/\/www.canadahelps.org\/media\/Support-a-Cause_Animal-Welfare_Social-Sharing.png","schema":{"@context":"https:\/\/schema.org","@graph":[{"@type":"WebPage","@id":"https:\/\/www.canadahelps.org\/fr\/cause\/appuyez-la-protection-des-animaux\/","url":"https:\/\/www.canadahelps.org\/fr\/cause\/appuyez-la-protection-des-animaux\/","name":"Appuyez la protection des animaux | CanadaHelps - Donate to any charity in Canada","isPartOf":{"@id":"https:\/\/www.canadahelps.org\/fr\/#website"},"datePublished":"2019-07-25T17:40:12+00:00","dateModified":"2020-01-17T21:17:24+00:00","breadcrumb":{"@id":"https:\/\/www.canadahelps.org\/fr\/cause\/appuyez-la-protection-des-animaux\/#breadcrumb"},"inLanguage":"fr","potentialAction":[{"@type":"ReadAction","target":["https:\/\/www.canadahelps.org\/fr\/cause\/appuyez-la-protection-des-animaux\/"]}]},{"@type":"BreadcrumbList","@id":"https:\/\/www.canadahelps.org\/fr\/cause\/appuyez-la-protection-des-animaux\/#breadcrumb","itemListElement":[{"@type":"ListItem","position":1,"name":"Home","item":"https:\/\/www.canadahelps.org\/fr\/"},{"@type":"ListItem","position":2,"name":"Cause","item":"https:\/\/www.canadahelps.org\/fr\/cause\/"},{"@type":"ListItem","position":3,"name":"Appuyez la protection des animaux"}]},{"@type":"WebSite","@id":"https:\/\/www.canadahelps.org\/fr\/#website","url":"https:\/\/www.canadahelps.org\/fr\/","name":"CanadaHelps - Donate to any charity in Canada","description":"Giving Made Simple","publisher":{"@id":"https:\/\/www.canadahelps.org\/fr\/#organization"},"potentialAction":[{"@type":"SearchAction","target":{"@type":"EntryPoint","urlTemplate":"https:\/\/www.canadahelps.org\/fr\/?s={search_term_string}"},"query-input":{"@type":"PropertyValueSpecification","valueRequired":true,"valueName":"search_term_string"}}],"inLanguage":"fr"},{"@type":"Organization","@id":"https:\/\/www.canadahelps.org\/fr\/#organization","name":"CanadaHelps","url":"https:\/\/www.canadahelps.org\/fr\/","logo":{"@type":"ImageObject","inLanguage":"fr","@id":"https:\/\/www.canadahelps.org\/fr\/#\/schema\/logo\/image\/","url":"https:\/\/www.canadahelps.org\/media\/canadahelps-en.jpg","contentUrl":"https:\/\/www.canadahelps.org\/media\/canadahelps-en.jpg","width":131,"height":72,"caption":"CanadaHelps"},"image":{"@id":"https:\/\/www.canadahelps.org\/fr\/#\/schema\/logo\/image\/"}}]}},"_links":{"self":[{"href":"https:\/\/www.canadahelps.org\/fr\/wp-json\/wp\/v2\/pages\/26424","targetHints":{"allow":["GET"]}}],"collection":[{"href":"https:\/\/www.canadahelps.org\/fr\/wp-json\/wp\/v2\/pages"}],"about":[{"href":"https:\/\/www.canadahelps.org\/fr\/wp-json\/wp\/v2\/types\/page"}],"author":[{"embeddable":true,"href":"https:\/\/www.canadahelps.org\/fr\/wp-json\/wp\/v2\/users\/30"}],"replies":[{"embeddable":true,"href":"https:\/\/www.canadahelps.org\/fr\/wp-json\/wp\/v2\/comments?post=26424"}],"version-history":[{"count":15,"href":"https:\/\/www.canadahelps.org\/fr\/wp-json\/wp\/v2\/pages\/26424\/revisions"}],"predecessor-version":[{"id":28908,"href":"https:\/\/www.canadahelps.org\/fr\/wp-json\/wp\/v2\/pages\/26424\/revisions\/28908"}],"up":[{"embeddable":true,"href":"https:\/\/www.canadahelps.org\/fr\/wp-json\/wp\/v2\/pages\/26176"}],"wp:attachment":[{"href":"https:\/\/www.canadahelps.org\/fr\/wp-json\/wp\/v2\/media?parent=26424"}],"curies":[{"name":"wp","href":"https:\/\/api.w.org\/{rel}","templated":true}]}}