{"id":26437,"date":"2019-07-25T14:27:45","date_gmt":"2019-07-25T18:27:45","guid":{"rendered":"https:\/\/www.canadahelps.org\/?page_id=26437"},"modified":"2020-01-16T13:48:23","modified_gmt":"2020-01-16T18:48:23","slug":"nourrissez-les-personnes-dans-le-besoin","status":"publish","type":"page","link":"https:\/\/www.canadahelps.org\/fr\/cause\/nourrissez-les-personnes-dans-le-besoin\/","title":{"rendered":"Nourrissez les personnes dans le besoin"},"content":{"rendered":"","protected":false},"excerpt":{"rendered":"","protected":false},"author":30,"featured_media":0,"parent":26176,"menu_order":0,"comment_status":"closed","ping_status":"closed","template":"template-merchandise-page.php","meta":{"footnotes":""},"class_list":["post-26437","page","type-page","status-publish","hentry"],"acf":{"meta_description":"","use_toc_layout":false,"additional_body_css_classes":"","hide_page_title":true,"row_settings":[{"row_header":"\u00a0","row_link_text":"","row_link_url":"","trigger_masonry_layout":true,"text_before_row":"","text_after_row":"","text_after_row_header":"<p>Ensemble, nous pouvons cr\u00e9er un monde o\u00f9 personne n&#8217;a faim. Faites un don aujourd&#8217;hui!<\/p>\n","card_settings":[{"card_name":"Aider \u00e0 nourrir 10 personnes","card_type":"campaign","id":"1137","display_categories":true,"display_image":true,"display_address":true,"display_summary":true,"display_campaign_types":true,"display_progress":true,"link_or_button":"link","card_link_text":""},{"card_name":"Nourrir les r\u00e9fugi\u00e9s en Colombie-Britannique","card_type":"campaign","id":"2251","display_categories":true,"display_image":true,"display_address":true,"display_summary":true,"display_campaign_types":true,"display_progress":true,"link_or_button":"link","card_link_text":""},{"card_name":"Pr\u00e9venir la malnutrition chronique","card_type":"campaign","id":"12578","display_categories":true,"display_image":true,"display_address":true,"display_summary":true,"display_campaign_types":true,"display_progress":true,"link_or_button":"link","card_link_text":""},{"card_name":"Campagne de paniers de No\u00ebl de la communaut\u00e9 anglophone","card_type":"campaign","id":"4211","display_categories":true,"display_image":true,"display_address":true,"display_summary":true,"display_campaign_types":true,"display_progress":true,"link_or_button":"link","card_link_text":""},{"card_name":"Panier de nourriture pour une famille","card_type":"campaign","id":"7628","display_categories":true,"display_image":true,"display_address":true,"display_summary":true,"display_campaign_types":true,"display_progress":true,"link_or_button":"link","card_link_text":""},{"card_name":"Nourrir les sans-abri \u00e0 Vancouver Downtown Eastside","card_type":"campaign","id":"2258","display_categories":true,"display_image":true,"display_address":true,"display_summary":true,"display_campaign_types":true,"display_progress":true,"link_or_button":"link","card_link_text":""},{"card_name":"On partage ce que l'on s\u00e8me !","card_type":"campaign","id":"9126","display_categories":true,"display_image":true,"display_address":true,"display_summary":true,"display_campaign_types":true,"display_progress":true,"link_or_button":"link","card_link_text":""},{"card_name":"La popote roulante","card_type":"campaign","id":"8400","display_categories":true,"display_image":true,"display_address":true,"display_summary":true,"display_campaign_types":true,"display_progress":true,"link_or_button":"link","card_link_text":""},{"card_name":"De la bonne nourriture pour 7 jours","card_type":"campaign","id":"4403","display_categories":true,"display_image":true,"display_address":true,"display_summary":true,"display_campaign_types":true,"display_progress":true,"link_or_button":"link","card_link_text":""},{"card_name":"D\u00e9jeuner sant\u00e9 pour 5 jours d'\u00e9cole","card_type":"campaign","id":"7668","display_categories":true,"display_image":true,"display_address":true,"display_summary":true,"display_campaign_types":true,"display_progress":true,"link_or_button":"link","card_link_text":""},{"card_name":"Envoyez de l'aide alimentaire","card_type":"campaign","id":"8081","display_categories":true,"display_image":true,"display_address":true,"display_summary":true,"display_campaign_types":true,"display_progress":true,"link_or_button":"link","card_link_text":""}]}],"insert_spotlight_boxes":false,"use_biography_grid":false,"min_banner_height":"280","header_title":"<p>Nourrissez les personnes dans le besoin<\/p>\n","explanatory_text":"<p>Le manque d&#8217;acc\u00e8s \u00e0 une alimentation saine est une crise mondiale. Au Canada, pr\u00e8s d\u2019un million d\u2019enfants vont \u00e0 l\u2019\u00e9cole sans d\u00e9jeuner, et beaucoup dans le monde ne savent pas d\u2019o\u00f9 viendra leur prochain repas. Votre soutien peut connecter les membres de votre communaut\u00e9 avec des aliments sains et accessibles et contribuer \u00e0 \u00e9liminer la faim aux niveaux national et international.<\/p>\n","button_text":"","button_link":""},"yoast_head":"<!-- This site is optimized with the Yoast SEO plugin v26.0 - https:\/\/yoast.com\/wordpress\/plugins\/seo\/ -->\n<title>Nourrissez les personnes dans le besoin | CanadaHelps - Donate to any charity in Canada<\/title>\n<meta name=\"robots\" content=\"index, follow, max-snippet:-1, max-image-preview:large, max-video-preview:-1\" \/>\n<link rel=\"canonical\" href=\"https:\/\/www.canadahelps.org\/fr\/cause\/nourrissez-les-personnes-dans-le-besoin\/\" \/>\n<meta property=\"og:locale\" content=\"fr_FR\" \/>\n<meta property=\"og:type\" content=\"article\" \/>\n<meta property=\"og:title\" content=\"Nourrissez les personnes dans le besoin | CanadaHelps - Donate to any charity in Canada\" \/>\n<meta property=\"og:url\" content=\"https:\/\/www.canadahelps.org\/fr\/cause\/nourrissez-les-personnes-dans-le-besoin\/\" \/>\n<meta property=\"og:site_name\" content=\"CanadaHelps - Donate to any charity in Canada\" \/>\n<meta property=\"article:modified_time\" content=\"2020-01-16T18:48:23+00:00\" \/>\n<meta name=\"twitter:card\" content=\"summary_large_image\" \/>\n<script type=\"application\/ld+json\" class=\"yoast-schema-graph\">{\"@context\":\"https:\/\/schema.org\",\"@graph\":[{\"@type\":\"WebPage\",\"@id\":\"https:\/\/www.canadahelps.org\/fr\/cause\/nourrissez-les-personnes-dans-le-besoin\/\",\"url\":\"https:\/\/www.canadahelps.org\/fr\/cause\/nourrissez-les-personnes-dans-le-besoin\/\",\"name\":\"Nourrissez les personnes dans le besoin | CanadaHelps - Donate to any charity in Canada\",\"isPartOf\":{\"@id\":\"https:\/\/www.canadahelps.org\/fr\/#website\"},\"datePublished\":\"2019-07-25T18:27:45+00:00\",\"dateModified\":\"2020-01-16T18:48:23+00:00\",\"breadcrumb\":{\"@id\":\"https:\/\/www.canadahelps.org\/fr\/cause\/nourrissez-les-personnes-dans-le-besoin\/#breadcrumb\"},\"inLanguage\":\"fr\",\"potentialAction\":[{\"@type\":\"ReadAction\",\"target\":[\"https:\/\/www.canadahelps.org\/fr\/cause\/nourrissez-les-personnes-dans-le-besoin\/\"]}]},{\"@type\":\"BreadcrumbList\",\"@id\":\"https:\/\/www.canadahelps.org\/fr\/cause\/nourrissez-les-personnes-dans-le-besoin\/#breadcrumb\",\"itemListElement\":[{\"@type\":\"ListItem\",\"position\":1,\"name\":\"Home\",\"item\":\"https:\/\/www.canadahelps.org\/fr\/\"},{\"@type\":\"ListItem\",\"position\":2,\"name\":\"Cause\",\"item\":\"https:\/\/www.canadahelps.org\/fr\/cause\/\"},{\"@type\":\"ListItem\",\"position\":3,\"name\":\"Nourrissez les personnes dans le besoin\"}]},{\"@type\":\"WebSite\",\"@id\":\"https:\/\/www.canadahelps.org\/fr\/#website\",\"url\":\"https:\/\/www.canadahelps.org\/fr\/\",\"name\":\"CanadaHelps - Donate to any charity in Canada\",\"description\":\"Giving Made Simple\",\"publisher\":{\"@id\":\"https:\/\/www.canadahelps.org\/fr\/#organization\"},\"potentialAction\":[{\"@type\":\"SearchAction\",\"target\":{\"@type\":\"EntryPoint\",\"urlTemplate\":\"https:\/\/www.canadahelps.org\/fr\/?s={search_term_string}\"},\"query-input\":{\"@type\":\"PropertyValueSpecification\",\"valueRequired\":true,\"valueName\":\"search_term_string\"}}],\"inLanguage\":\"fr\"},{\"@type\":\"Organization\",\"@id\":\"https:\/\/www.canadahelps.org\/fr\/#organization\",\"name\":\"CanadaHelps\",\"url\":\"https:\/\/www.canadahelps.org\/fr\/\",\"logo\":{\"@type\":\"ImageObject\",\"inLanguage\":\"fr\",\"@id\":\"https:\/\/www.canadahelps.org\/fr\/#\/schema\/logo\/image\/\",\"url\":\"https:\/\/www.canadahelps.org\/media\/canadahelps-en.jpg\",\"contentUrl\":\"https:\/\/www.canadahelps.org\/media\/canadahelps-en.jpg\",\"width\":131,\"height\":72,\"caption\":\"CanadaHelps\"},\"image\":{\"@id\":\"https:\/\/www.canadahelps.org\/fr\/#\/schema\/logo\/image\/\"}}]}<\/script>\n<!-- \/ Yoast SEO plugin. -->","yoast_head_json":{"title":"Nourrissez les personnes dans le besoin | CanadaHelps - Donate to any charity in Canada","robots":{"index":"index","follow":"follow","max-snippet":"max-snippet:-1","max-image-preview":"max-image-preview:large","max-video-preview":"max-video-preview:-1"},"canonical":"https:\/\/www.canadahelps.org\/fr\/cause\/nourrissez-les-personnes-dans-le-besoin\/","og_locale":"fr_FR","og_type":"article","og_title":"Nourrissez les personnes dans le besoin | CanadaHelps - Donate to any charity in Canada","og_url":"https:\/\/www.canadahelps.org\/fr\/cause\/nourrissez-les-personnes-dans-le-besoin\/","og_site_name":"CanadaHelps - Donate to any charity in Canada","article_modified_time":"2020-01-16T18:48:23+00:00","twitter_card":"summary_large_image","schema":{"@context":"https:\/\/schema.org","@graph":[{"@type":"WebPage","@id":"https:\/\/www.canadahelps.org\/fr\/cause\/nourrissez-les-personnes-dans-le-besoin\/","url":"https:\/\/www.canadahelps.org\/fr\/cause\/nourrissez-les-personnes-dans-le-besoin\/","name":"Nourrissez les personnes dans le besoin | CanadaHelps - Donate to any charity in Canada","isPartOf":{"@id":"https:\/\/www.canadahelps.org\/fr\/#website"},"datePublished":"2019-07-25T18:27:45+00:00","dateModified":"2020-01-16T18:48:23+00:00","breadcrumb":{"@id":"https:\/\/www.canadahelps.org\/fr\/cause\/nourrissez-les-personnes-dans-le-besoin\/#breadcrumb"},"inLanguage":"fr","potentialAction":[{"@type":"ReadAction","target":["https:\/\/www.canadahelps.org\/fr\/cause\/nourrissez-les-personnes-dans-le-besoin\/"]}]},{"@type":"BreadcrumbList","@id":"https:\/\/www.canadahelps.org\/fr\/cause\/nourrissez-les-personnes-dans-le-besoin\/#breadcrumb","itemListElement":[{"@type":"ListItem","position":1,"name":"Home","item":"https:\/\/www.canadahelps.org\/fr\/"},{"@type":"ListItem","position":2,"name":"Cause","item":"https:\/\/www.canadahelps.org\/fr\/cause\/"},{"@type":"ListItem","position":3,"name":"Nourrissez les personnes dans le besoin"}]},{"@type":"WebSite","@id":"https:\/\/www.canadahelps.org\/fr\/#website","url":"https:\/\/www.canadahelps.org\/fr\/","name":"CanadaHelps - Donate to any charity in Canada","description":"Giving Made Simple","publisher":{"@id":"https:\/\/www.canadahelps.org\/fr\/#organization"},"potentialAction":[{"@type":"SearchAction","target":{"@type":"EntryPoint","urlTemplate":"https:\/\/www.canadahelps.org\/fr\/?s={search_term_string}"},"query-input":{"@type":"PropertyValueSpecification","valueRequired":true,"valueName":"search_term_string"}}],"inLanguage":"fr"},{"@type":"Organization","@id":"https:\/\/www.canadahelps.org\/fr\/#organization","name":"CanadaHelps","url":"https:\/\/www.canadahelps.org\/fr\/","logo":{"@type":"ImageObject","inLanguage":"fr","@id":"https:\/\/www.canadahelps.org\/fr\/#\/schema\/logo\/image\/","url":"https:\/\/www.canadahelps.org\/media\/canadahelps-en.jpg","contentUrl":"https:\/\/www.canadahelps.org\/media\/canadahelps-en.jpg","width":131,"height":72,"caption":"CanadaHelps"},"image":{"@id":"https:\/\/www.canadahelps.org\/fr\/#\/schema\/logo\/image\/"}}]}},"_links":{"self":[{"href":"https:\/\/www.canadahelps.org\/fr\/wp-json\/wp\/v2\/pages\/26437","targetHints":{"allow":["GET"]}}],"collection":[{"href":"https:\/\/www.canadahelps.org\/fr\/wp-json\/wp\/v2\/pages"}],"about":[{"href":"https:\/\/www.canadahelps.org\/fr\/wp-json\/wp\/v2\/types\/page"}],"author":[{"embeddable":true,"href":"https:\/\/www.canadahelps.org\/fr\/wp-json\/wp\/v2\/users\/30"}],"replies":[{"embeddable":true,"href":"https:\/\/www.canadahelps.org\/fr\/wp-json\/wp\/v2\/comments?post=26437"}],"version-history":[{"count":9,"href":"https:\/\/www.canadahelps.org\/fr\/wp-json\/wp\/v2\/pages\/26437\/revisions"}],"predecessor-version":[{"id":28910,"href":"https:\/\/www.canadahelps.org\/fr\/wp-json\/wp\/v2\/pages\/26437\/revisions\/28910"}],"up":[{"embeddable":true,"href":"https:\/\/www.canadahelps.org\/fr\/wp-json\/wp\/v2\/pages\/26176"}],"wp:attachment":[{"href":"https:\/\/www.canadahelps.org\/fr\/wp-json\/wp\/v2\/media?parent=26437"}],"curies":[{"name":"wp","href":"https:\/\/api.w.org\/{rel}","templated":true}]}}