{"id":26443,"date":"2019-07-25T14:43:13","date_gmt":"2019-07-25T18:43:13","guid":{"rendered":"https:\/\/www.canadahelps.org\/?page_id=26443"},"modified":"2020-01-16T13:50:34","modified_gmt":"2020-01-16T18:50:34","slug":"soutenir-la-sante-des-femmes","status":"publish","type":"page","link":"https:\/\/www.canadahelps.org\/fr\/cause\/soutenir-la-sante-des-femmes\/","title":{"rendered":"Soutenir la sant\u00e9 des femmes"},"content":{"rendered":"","protected":false},"excerpt":{"rendered":"","protected":false},"author":30,"featured_media":0,"parent":26176,"menu_order":0,"comment_status":"closed","ping_status":"closed","template":"template-merchandise-page.php","meta":{"footnotes":""},"class_list":["post-26443","page","type-page","status-publish","hentry"],"acf":{"meta_description":"","use_toc_layout":false,"additional_body_css_classes":"","hide_page_title":true,"row_settings":[{"row_header":"\u00a0","row_link_text":"","row_link_url":"","trigger_masonry_layout":true,"text_before_row":"","text_after_row":"","text_after_row_header":"<p>Beaucoup de ces vies peuvent \u00eatre am\u00e9lior\u00e9es et sauv\u00e9es avec l&#8217;aide appropri\u00e9e. Faites un don maintenant pour aider \u00e0 changer une vie.<\/p>\n","card_settings":[{"card_name":"Appuyez les maternit\u00e9s au S\u00e9n\u00e9gal","card_type":"campaign","id":"887","display_categories":true,"display_image":true,"display_address":true,"display_summary":true,"display_campaign_types":true,"display_progress":true,"link_or_button":"link","card_link_text":""},{"card_name":"30$ pour un D\u00e9part en sant\u00e9","card_type":"campaign","id":"7765","display_categories":true,"display_image":true,"display_address":true,"display_summary":true,"display_campaign_types":true,"display_progress":true,"link_or_button":"link","card_link_text":""},{"card_name":"Trousse de sant\u00e9 pour une m\u00e8re et son enfant | 100$","card_type":"campaign","id":"12340","display_categories":true,"display_image":true,"display_address":true,"display_summary":true,"display_campaign_types":true,"display_progress":true,"link_or_button":"link","card_link_text":""},{"card_name":"Donnez de Recevoir","card_type":"campaign","id":"2791","display_categories":true,"display_image":true,"display_address":true,"display_summary":true,"display_campaign_types":true,"display_progress":true,"link_or_button":"link","card_link_text":""},{"card_name":"Le maintien des filles \u00e0 l'\u00e9cole - Pas de serviettes, pas d'\u00e9cole","card_type":"campaign","id":"1509","display_categories":true,"display_image":true,"display_address":true,"display_summary":true,"display_campaign_types":true,"display_progress":true,"link_or_button":"link","card_link_text":""},{"card_name":"Coups de c\u0153ur - Trousse pour accouchement s\u00e9curitaire (35 $)","card_type":"campaign","id":"8960","display_categories":true,"display_image":true,"display_address":true,"display_summary":true,"display_campaign_types":true,"display_progress":true,"link_or_button":"link","card_link_text":""},{"card_name":"MAMATOTO Des cadeaux qui donnent du pouvoir","card_type":"campaign","id":"10380","display_categories":true,"display_image":true,"display_address":true,"display_summary":true,"display_campaign_types":true,"display_progress":true,"link_or_button":"link","card_link_text":""},{"card_name":"H\u00f4pital pour femmes Nokor Tep: soutien pour patients","card_type":"campaign","id":"12491","display_categories":true,"display_image":true,"display_address":true,"display_summary":true,"display_campaign_types":true,"display_progress":true,"link_or_button":"link","card_link_text":""}]}],"insert_spotlight_boxes":false,"use_biography_grid":false,"min_banner_height":"280","header_title":"<p>Soutenir la sant\u00e9 des femmes<\/p>\n","explanatory_text":"<p>Les initiatives pour la sant\u00e9 des femmes ont un besoin urgent de soutien. Des millions de femmes au Canada et dans le monde n&#8217;ont pas acc\u00e8s aux soins m\u00e9dicaux et aux connaissances n\u00e9cessaires pour pouvoir sauver ou am\u00e9liorer leurs vies. Appuyez les programmes qui fournissent des traitements m\u00e9dicaux essentiels, financent la recherche m\u00e9dicale et des initiatives d\u2019\u00e9ducation afin de toucher les femmes qui en ont le plus besoin, partout dans le monde.<\/p>\n","button_text":"","button_link":""},"yoast_head":"<!-- This site is optimized with the Yoast SEO plugin v26.0 - https:\/\/yoast.com\/wordpress\/plugins\/seo\/ -->\n<title>Soutenir la sant\u00e9 des femmes | CanadaHelps - Donate to any charity in Canada<\/title>\n<meta name=\"robots\" content=\"index, follow, max-snippet:-1, max-image-preview:large, max-video-preview:-1\" \/>\n<link rel=\"canonical\" href=\"https:\/\/www.canadahelps.org\/fr\/cause\/soutenir-la-sante-des-femmes\/\" \/>\n<meta property=\"og:locale\" content=\"fr_FR\" \/>\n<meta property=\"og:type\" content=\"article\" \/>\n<meta property=\"og:title\" content=\"Soutenir la sant\u00e9 des femmes | CanadaHelps - Donate to any charity in Canada\" \/>\n<meta property=\"og:url\" content=\"https:\/\/www.canadahelps.org\/fr\/cause\/soutenir-la-sante-des-femmes\/\" \/>\n<meta property=\"og:site_name\" content=\"CanadaHelps - Donate to any charity in Canada\" \/>\n<meta property=\"article:modified_time\" content=\"2020-01-16T18:50:34+00:00\" \/>\n<meta name=\"twitter:card\" content=\"summary_large_image\" \/>\n<script type=\"application\/ld+json\" class=\"yoast-schema-graph\">{\"@context\":\"https:\/\/schema.org\",\"@graph\":[{\"@type\":\"WebPage\",\"@id\":\"https:\/\/www.canadahelps.org\/fr\/cause\/soutenir-la-sante-des-femmes\/\",\"url\":\"https:\/\/www.canadahelps.org\/fr\/cause\/soutenir-la-sante-des-femmes\/\",\"name\":\"Soutenir la sant\u00e9 des femmes | CanadaHelps - Donate to any charity in Canada\",\"isPartOf\":{\"@id\":\"https:\/\/www.canadahelps.org\/fr\/#website\"},\"datePublished\":\"2019-07-25T18:43:13+00:00\",\"dateModified\":\"2020-01-16T18:50:34+00:00\",\"breadcrumb\":{\"@id\":\"https:\/\/www.canadahelps.org\/fr\/cause\/soutenir-la-sante-des-femmes\/#breadcrumb\"},\"inLanguage\":\"fr\",\"potentialAction\":[{\"@type\":\"ReadAction\",\"target\":[\"https:\/\/www.canadahelps.org\/fr\/cause\/soutenir-la-sante-des-femmes\/\"]}]},{\"@type\":\"BreadcrumbList\",\"@id\":\"https:\/\/www.canadahelps.org\/fr\/cause\/soutenir-la-sante-des-femmes\/#breadcrumb\",\"itemListElement\":[{\"@type\":\"ListItem\",\"position\":1,\"name\":\"Home\",\"item\":\"https:\/\/www.canadahelps.org\/fr\/\"},{\"@type\":\"ListItem\",\"position\":2,\"name\":\"Cause\",\"item\":\"https:\/\/www.canadahelps.org\/fr\/cause\/\"},{\"@type\":\"ListItem\",\"position\":3,\"name\":\"Soutenir la sant\u00e9 des femmes\"}]},{\"@type\":\"WebSite\",\"@id\":\"https:\/\/www.canadahelps.org\/fr\/#website\",\"url\":\"https:\/\/www.canadahelps.org\/fr\/\",\"name\":\"CanadaHelps - Donate to any charity in Canada\",\"description\":\"Giving Made Simple\",\"publisher\":{\"@id\":\"https:\/\/www.canadahelps.org\/fr\/#organization\"},\"potentialAction\":[{\"@type\":\"SearchAction\",\"target\":{\"@type\":\"EntryPoint\",\"urlTemplate\":\"https:\/\/www.canadahelps.org\/fr\/?s={search_term_string}\"},\"query-input\":{\"@type\":\"PropertyValueSpecification\",\"valueRequired\":true,\"valueName\":\"search_term_string\"}}],\"inLanguage\":\"fr\"},{\"@type\":\"Organization\",\"@id\":\"https:\/\/www.canadahelps.org\/fr\/#organization\",\"name\":\"CanadaHelps\",\"url\":\"https:\/\/www.canadahelps.org\/fr\/\",\"logo\":{\"@type\":\"ImageObject\",\"inLanguage\":\"fr\",\"@id\":\"https:\/\/www.canadahelps.org\/fr\/#\/schema\/logo\/image\/\",\"url\":\"https:\/\/www.canadahelps.org\/media\/canadahelps-en.jpg\",\"contentUrl\":\"https:\/\/www.canadahelps.org\/media\/canadahelps-en.jpg\",\"width\":131,\"height\":72,\"caption\":\"CanadaHelps\"},\"image\":{\"@id\":\"https:\/\/www.canadahelps.org\/fr\/#\/schema\/logo\/image\/\"}}]}<\/script>\n<!-- \/ Yoast SEO plugin. -->","yoast_head_json":{"title":"Soutenir la sant\u00e9 des femmes | CanadaHelps - Donate to any charity in Canada","robots":{"index":"index","follow":"follow","max-snippet":"max-snippet:-1","max-image-preview":"max-image-preview:large","max-video-preview":"max-video-preview:-1"},"canonical":"https:\/\/www.canadahelps.org\/fr\/cause\/soutenir-la-sante-des-femmes\/","og_locale":"fr_FR","og_type":"article","og_title":"Soutenir la sant\u00e9 des femmes | CanadaHelps - Donate to any charity in Canada","og_url":"https:\/\/www.canadahelps.org\/fr\/cause\/soutenir-la-sante-des-femmes\/","og_site_name":"CanadaHelps - Donate to any charity in Canada","article_modified_time":"2020-01-16T18:50:34+00:00","twitter_card":"summary_large_image","schema":{"@context":"https:\/\/schema.org","@graph":[{"@type":"WebPage","@id":"https:\/\/www.canadahelps.org\/fr\/cause\/soutenir-la-sante-des-femmes\/","url":"https:\/\/www.canadahelps.org\/fr\/cause\/soutenir-la-sante-des-femmes\/","name":"Soutenir la sant\u00e9 des femmes | CanadaHelps - Donate to any charity in Canada","isPartOf":{"@id":"https:\/\/www.canadahelps.org\/fr\/#website"},"datePublished":"2019-07-25T18:43:13+00:00","dateModified":"2020-01-16T18:50:34+00:00","breadcrumb":{"@id":"https:\/\/www.canadahelps.org\/fr\/cause\/soutenir-la-sante-des-femmes\/#breadcrumb"},"inLanguage":"fr","potentialAction":[{"@type":"ReadAction","target":["https:\/\/www.canadahelps.org\/fr\/cause\/soutenir-la-sante-des-femmes\/"]}]},{"@type":"BreadcrumbList","@id":"https:\/\/www.canadahelps.org\/fr\/cause\/soutenir-la-sante-des-femmes\/#breadcrumb","itemListElement":[{"@type":"ListItem","position":1,"name":"Home","item":"https:\/\/www.canadahelps.org\/fr\/"},{"@type":"ListItem","position":2,"name":"Cause","item":"https:\/\/www.canadahelps.org\/fr\/cause\/"},{"@type":"ListItem","position":3,"name":"Soutenir la sant\u00e9 des femmes"}]},{"@type":"WebSite","@id":"https:\/\/www.canadahelps.org\/fr\/#website","url":"https:\/\/www.canadahelps.org\/fr\/","name":"CanadaHelps - Donate to any charity in Canada","description":"Giving Made Simple","publisher":{"@id":"https:\/\/www.canadahelps.org\/fr\/#organization"},"potentialAction":[{"@type":"SearchAction","target":{"@type":"EntryPoint","urlTemplate":"https:\/\/www.canadahelps.org\/fr\/?s={search_term_string}"},"query-input":{"@type":"PropertyValueSpecification","valueRequired":true,"valueName":"search_term_string"}}],"inLanguage":"fr"},{"@type":"Organization","@id":"https:\/\/www.canadahelps.org\/fr\/#organization","name":"CanadaHelps","url":"https:\/\/www.canadahelps.org\/fr\/","logo":{"@type":"ImageObject","inLanguage":"fr","@id":"https:\/\/www.canadahelps.org\/fr\/#\/schema\/logo\/image\/","url":"https:\/\/www.canadahelps.org\/media\/canadahelps-en.jpg","contentUrl":"https:\/\/www.canadahelps.org\/media\/canadahelps-en.jpg","width":131,"height":72,"caption":"CanadaHelps"},"image":{"@id":"https:\/\/www.canadahelps.org\/fr\/#\/schema\/logo\/image\/"}}]}},"_links":{"self":[{"href":"https:\/\/www.canadahelps.org\/fr\/wp-json\/wp\/v2\/pages\/26443","targetHints":{"allow":["GET"]}}],"collection":[{"href":"https:\/\/www.canadahelps.org\/fr\/wp-json\/wp\/v2\/pages"}],"about":[{"href":"https:\/\/www.canadahelps.org\/fr\/wp-json\/wp\/v2\/types\/page"}],"author":[{"embeddable":true,"href":"https:\/\/www.canadahelps.org\/fr\/wp-json\/wp\/v2\/users\/30"}],"replies":[{"embeddable":true,"href":"https:\/\/www.canadahelps.org\/fr\/wp-json\/wp\/v2\/comments?post=26443"}],"version-history":[{"count":10,"href":"https:\/\/www.canadahelps.org\/fr\/wp-json\/wp\/v2\/pages\/26443\/revisions"}],"predecessor-version":[{"id":28911,"href":"https:\/\/www.canadahelps.org\/fr\/wp-json\/wp\/v2\/pages\/26443\/revisions\/28911"}],"up":[{"embeddable":true,"href":"https:\/\/www.canadahelps.org\/fr\/wp-json\/wp\/v2\/pages\/26176"}],"wp:attachment":[{"href":"https:\/\/www.canadahelps.org\/fr\/wp-json\/wp\/v2\/media?parent=26443"}],"curies":[{"name":"wp","href":"https:\/\/api.w.org\/{rel}","templated":true}]}}