{"id":26455,"date":"2019-07-25T16:28:44","date_gmt":"2019-07-25T20:28:44","guid":{"rendered":"https:\/\/www.canadahelps.org\/?page_id=26455"},"modified":"2021-12-28T15:32:56","modified_gmt":"2021-12-28T20:32:56","slug":"aidez-a-mettre-fin-a-litinerance","status":"publish","type":"page","link":"https:\/\/www.canadahelps.org\/fr\/cause\/aidez-a-mettre-fin-a-litinerance\/","title":{"rendered":"Aidez \u00e0 mettre fin \u00e0 l&#8217;itin\u00e9rance"},"content":{"rendered":"","protected":false},"excerpt":{"rendered":"","protected":false},"author":30,"featured_media":0,"parent":26176,"menu_order":0,"comment_status":"closed","ping_status":"closed","template":"template-merchandise-page.php","meta":{"footnotes":""},"class_list":["post-26455","page","type-page","status-publish","hentry"],"acf":{"meta_description":"","use_toc_layout":false,"additional_body_css_classes":"","hide_page_title":true,"row_settings":[{"row_header":"\u00a0","row_link_text":"","row_link_url":"","trigger_masonry_layout":true,"text_before_row":"","text_after_row":"","text_after_row_header":"<p>Votre soutien peut changer une vie et donner un logement \u00e0 quelqu&#8217;un. Faites un don maintenant!<\/p>\n","card_settings":[{"card_name":"Le Fonds de Pluie","card_type":"campaign","id":"7986","display_categories":true,"display_image":true,"display_address":true,"display_summary":true,"display_campaign_types":true,"display_progress":true,"link_or_button":"link","card_link_text":""},{"card_name":"Parrainer un programme de lit","card_type":"campaign","id":"8578","display_categories":true,"display_image":true,"display_address":true,"display_summary":true,"display_campaign_types":true,"display_progress":true,"link_or_button":"link","card_link_text":""},{"card_name":"Projet de logements sains","card_type":"campaign","id":"11723","display_categories":true,"display_image":true,"display_address":true,"display_summary":true,"display_campaign_types":true,"display_progress":true,"link_or_button":"link","card_link_text":""},{"card_name":"Fond de construction de l'orphelina","card_type":"campaign","id":"4368","display_categories":true,"display_image":true,"display_address":true,"display_summary":true,"display_campaign_types":true,"display_progress":true,"link_or_button":"link","card_link_text":""},{"card_name":"Aidez une famille d\u00e9marrer une maison","card_type":"campaign","id":"445","display_categories":true,"display_image":true,"display_address":true,"display_summary":true,"display_campaign_types":true,"display_progress":true,"link_or_button":"link","card_link_text":""},{"card_name":"Fournissez chaleur et protection","card_type":"campaign","id":"7840","display_categories":true,"display_image":true,"display_address":true,"display_summary":true,"display_campaign_types":true,"display_progress":true,"link_or_button":"link","card_link_text":""},{"card_name":"Nuit de s\u00e9curit\u00e9","card_type":"campaign","id":"16433","display_categories":true,"display_image":true,"display_address":true,"display_summary":true,"display_campaign_types":true,"display_progress":true,"link_or_button":"link","card_link_text":""}]}],"insert_spotlight_boxes":false,"use_biography_grid":false,"min_banner_height":"280","header_title":"<p>Aidez \u00e0 mettre fin \u00e0 l&#8217;itin\u00e9rance<\/p>\n","explanatory_text":"<p>Vous pouvez donner espoir aux Canadiens qui luttent contre l&#8217;itin\u00e9rance. Des centaines de milliers de Canadiens font face \u00e0 l&#8217;itin\u00e9rance chaque ann\u00e9e, y compris un nombre croissant de familles qui n&#8217;ont nulle part o\u00f9 aller. De l&#8217;aide est n\u00e9cessaire pour fournir plus de lits \u00e0 ceux qui en ont besoin, ainsi que des produits indispensables comme de la nourriture, des m\u00e9dicaments et des v\u00eatements.<\/p>\n","button_text":"","button_link":""},"yoast_head":"<!-- This site is optimized with the Yoast SEO plugin v26.0 - https:\/\/yoast.com\/wordpress\/plugins\/seo\/ -->\n<title>Aidez \u00e0 mettre fin \u00e0 l&#039;itin\u00e9rance | CanadaHelps - Donate to any charity in Canada<\/title>\n<meta name=\"robots\" content=\"index, follow, max-snippet:-1, max-image-preview:large, max-video-preview:-1\" \/>\n<link rel=\"canonical\" href=\"https:\/\/www.canadahelps.org\/fr\/cause\/aidez-a-mettre-fin-a-litinerance\/\" \/>\n<meta property=\"og:locale\" content=\"fr_FR\" \/>\n<meta property=\"og:type\" content=\"article\" \/>\n<meta property=\"og:title\" content=\"Aidez \u00e0 mettre fin \u00e0 l&#039;itin\u00e9rance | CanadaHelps - Donate to any charity in Canada\" \/>\n<meta property=\"og:url\" content=\"https:\/\/www.canadahelps.org\/fr\/cause\/aidez-a-mettre-fin-a-litinerance\/\" \/>\n<meta property=\"og:site_name\" content=\"CanadaHelps - Donate to any charity in Canada\" \/>\n<meta property=\"article:modified_time\" content=\"2021-12-28T20:32:56+00:00\" \/>\n<meta name=\"twitter:card\" content=\"summary_large_image\" \/>\n<script type=\"application\/ld+json\" class=\"yoast-schema-graph\">{\"@context\":\"https:\/\/schema.org\",\"@graph\":[{\"@type\":\"WebPage\",\"@id\":\"https:\/\/www.canadahelps.org\/fr\/cause\/aidez-a-mettre-fin-a-litinerance\/\",\"url\":\"https:\/\/www.canadahelps.org\/fr\/cause\/aidez-a-mettre-fin-a-litinerance\/\",\"name\":\"Aidez \u00e0 mettre fin \u00e0 l'itin\u00e9rance | CanadaHelps - Donate to any charity in Canada\",\"isPartOf\":{\"@id\":\"https:\/\/www.canadahelps.org\/fr\/#website\"},\"datePublished\":\"2019-07-25T20:28:44+00:00\",\"dateModified\":\"2021-12-28T20:32:56+00:00\",\"breadcrumb\":{\"@id\":\"https:\/\/www.canadahelps.org\/fr\/cause\/aidez-a-mettre-fin-a-litinerance\/#breadcrumb\"},\"inLanguage\":\"fr\",\"potentialAction\":[{\"@type\":\"ReadAction\",\"target\":[\"https:\/\/www.canadahelps.org\/fr\/cause\/aidez-a-mettre-fin-a-litinerance\/\"]}]},{\"@type\":\"BreadcrumbList\",\"@id\":\"https:\/\/www.canadahelps.org\/fr\/cause\/aidez-a-mettre-fin-a-litinerance\/#breadcrumb\",\"itemListElement\":[{\"@type\":\"ListItem\",\"position\":1,\"name\":\"Home\",\"item\":\"https:\/\/www.canadahelps.org\/fr\/\"},{\"@type\":\"ListItem\",\"position\":2,\"name\":\"Cause\",\"item\":\"https:\/\/www.canadahelps.org\/fr\/cause\/\"},{\"@type\":\"ListItem\",\"position\":3,\"name\":\"Aidez \u00e0 mettre fin \u00e0 l&#8217;itin\u00e9rance\"}]},{\"@type\":\"WebSite\",\"@id\":\"https:\/\/www.canadahelps.org\/fr\/#website\",\"url\":\"https:\/\/www.canadahelps.org\/fr\/\",\"name\":\"CanadaHelps - Donate to any charity in Canada\",\"description\":\"Giving Made Simple\",\"publisher\":{\"@id\":\"https:\/\/www.canadahelps.org\/fr\/#organization\"},\"potentialAction\":[{\"@type\":\"SearchAction\",\"target\":{\"@type\":\"EntryPoint\",\"urlTemplate\":\"https:\/\/www.canadahelps.org\/fr\/?s={search_term_string}\"},\"query-input\":{\"@type\":\"PropertyValueSpecification\",\"valueRequired\":true,\"valueName\":\"search_term_string\"}}],\"inLanguage\":\"fr\"},{\"@type\":\"Organization\",\"@id\":\"https:\/\/www.canadahelps.org\/fr\/#organization\",\"name\":\"CanadaHelps\",\"url\":\"https:\/\/www.canadahelps.org\/fr\/\",\"logo\":{\"@type\":\"ImageObject\",\"inLanguage\":\"fr\",\"@id\":\"https:\/\/www.canadahelps.org\/fr\/#\/schema\/logo\/image\/\",\"url\":\"https:\/\/www.canadahelps.org\/media\/canadahelps-en.jpg\",\"contentUrl\":\"https:\/\/www.canadahelps.org\/media\/canadahelps-en.jpg\",\"width\":131,\"height\":72,\"caption\":\"CanadaHelps\"},\"image\":{\"@id\":\"https:\/\/www.canadahelps.org\/fr\/#\/schema\/logo\/image\/\"}}]}<\/script>\n<!-- \/ Yoast SEO plugin. -->","yoast_head_json":{"title":"Aidez \u00e0 mettre fin \u00e0 l'itin\u00e9rance | CanadaHelps - Donate to any charity in Canada","robots":{"index":"index","follow":"follow","max-snippet":"max-snippet:-1","max-image-preview":"max-image-preview:large","max-video-preview":"max-video-preview:-1"},"canonical":"https:\/\/www.canadahelps.org\/fr\/cause\/aidez-a-mettre-fin-a-litinerance\/","og_locale":"fr_FR","og_type":"article","og_title":"Aidez \u00e0 mettre fin \u00e0 l'itin\u00e9rance | CanadaHelps - Donate to any charity in Canada","og_url":"https:\/\/www.canadahelps.org\/fr\/cause\/aidez-a-mettre-fin-a-litinerance\/","og_site_name":"CanadaHelps - Donate to any charity in Canada","article_modified_time":"2021-12-28T20:32:56+00:00","twitter_card":"summary_large_image","schema":{"@context":"https:\/\/schema.org","@graph":[{"@type":"WebPage","@id":"https:\/\/www.canadahelps.org\/fr\/cause\/aidez-a-mettre-fin-a-litinerance\/","url":"https:\/\/www.canadahelps.org\/fr\/cause\/aidez-a-mettre-fin-a-litinerance\/","name":"Aidez \u00e0 mettre fin \u00e0 l'itin\u00e9rance | CanadaHelps - Donate to any charity in Canada","isPartOf":{"@id":"https:\/\/www.canadahelps.org\/fr\/#website"},"datePublished":"2019-07-25T20:28:44+00:00","dateModified":"2021-12-28T20:32:56+00:00","breadcrumb":{"@id":"https:\/\/www.canadahelps.org\/fr\/cause\/aidez-a-mettre-fin-a-litinerance\/#breadcrumb"},"inLanguage":"fr","potentialAction":[{"@type":"ReadAction","target":["https:\/\/www.canadahelps.org\/fr\/cause\/aidez-a-mettre-fin-a-litinerance\/"]}]},{"@type":"BreadcrumbList","@id":"https:\/\/www.canadahelps.org\/fr\/cause\/aidez-a-mettre-fin-a-litinerance\/#breadcrumb","itemListElement":[{"@type":"ListItem","position":1,"name":"Home","item":"https:\/\/www.canadahelps.org\/fr\/"},{"@type":"ListItem","position":2,"name":"Cause","item":"https:\/\/www.canadahelps.org\/fr\/cause\/"},{"@type":"ListItem","position":3,"name":"Aidez \u00e0 mettre fin \u00e0 l&#8217;itin\u00e9rance"}]},{"@type":"WebSite","@id":"https:\/\/www.canadahelps.org\/fr\/#website","url":"https:\/\/www.canadahelps.org\/fr\/","name":"CanadaHelps - Donate to any charity in Canada","description":"Giving Made Simple","publisher":{"@id":"https:\/\/www.canadahelps.org\/fr\/#organization"},"potentialAction":[{"@type":"SearchAction","target":{"@type":"EntryPoint","urlTemplate":"https:\/\/www.canadahelps.org\/fr\/?s={search_term_string}"},"query-input":{"@type":"PropertyValueSpecification","valueRequired":true,"valueName":"search_term_string"}}],"inLanguage":"fr"},{"@type":"Organization","@id":"https:\/\/www.canadahelps.org\/fr\/#organization","name":"CanadaHelps","url":"https:\/\/www.canadahelps.org\/fr\/","logo":{"@type":"ImageObject","inLanguage":"fr","@id":"https:\/\/www.canadahelps.org\/fr\/#\/schema\/logo\/image\/","url":"https:\/\/www.canadahelps.org\/media\/canadahelps-en.jpg","contentUrl":"https:\/\/www.canadahelps.org\/media\/canadahelps-en.jpg","width":131,"height":72,"caption":"CanadaHelps"},"image":{"@id":"https:\/\/www.canadahelps.org\/fr\/#\/schema\/logo\/image\/"}}]}},"_links":{"self":[{"href":"https:\/\/www.canadahelps.org\/fr\/wp-json\/wp\/v2\/pages\/26455","targetHints":{"allow":["GET"]}}],"collection":[{"href":"https:\/\/www.canadahelps.org\/fr\/wp-json\/wp\/v2\/pages"}],"about":[{"href":"https:\/\/www.canadahelps.org\/fr\/wp-json\/wp\/v2\/types\/page"}],"author":[{"embeddable":true,"href":"https:\/\/www.canadahelps.org\/fr\/wp-json\/wp\/v2\/users\/30"}],"replies":[{"embeddable":true,"href":"https:\/\/www.canadahelps.org\/fr\/wp-json\/wp\/v2\/comments?post=26455"}],"version-history":[{"count":5,"href":"https:\/\/www.canadahelps.org\/fr\/wp-json\/wp\/v2\/pages\/26455\/revisions"}],"predecessor-version":[{"id":44258,"href":"https:\/\/www.canadahelps.org\/fr\/wp-json\/wp\/v2\/pages\/26455\/revisions\/44258"}],"up":[{"embeddable":true,"href":"https:\/\/www.canadahelps.org\/fr\/wp-json\/wp\/v2\/pages\/26176"}],"wp:attachment":[{"href":"https:\/\/www.canadahelps.org\/fr\/wp-json\/wp\/v2\/media?parent=26455"}],"curies":[{"name":"wp","href":"https:\/\/api.w.org\/{rel}","templated":true}]}}