{"id":26458,"date":"2019-07-25T16:35:11","date_gmt":"2019-07-25T20:35:11","guid":{"rendered":"https:\/\/www.canadahelps.org\/?page_id=26458"},"modified":"2020-01-16T14:05:00","modified_gmt":"2020-01-16T19:05:00","slug":"fournissez-de-laide-humanitaire","status":"publish","type":"page","link":"https:\/\/www.canadahelps.org\/fr\/cause\/fournissez-de-laide-humanitaire\/","title":{"rendered":"Fournissez de l&#8217;aide humanitaire"},"content":{"rendered":"","protected":false},"excerpt":{"rendered":"","protected":false},"author":30,"featured_media":0,"parent":26176,"menu_order":0,"comment_status":"closed","ping_status":"closed","template":"template-merchandise-page.php","meta":{"footnotes":""},"class_list":["post-26458","page","type-page","status-publish","hentry"],"acf":{"meta_description":"","use_toc_layout":false,"additional_body_css_classes":"","hide_page_title":true,"row_settings":[{"row_header":"\u00a0","row_link_text":"","row_link_url":"","trigger_masonry_layout":true,"text_before_row":"","text_after_row":"","text_after_row_header":"<p>Explorez les campagnes qui fournissent de l\u2019aide aux personnes touch\u00e9es par les crises humanitaires. Votre don peut changer une vie.<\/p>\n","card_settings":[{"card_name":"Cyclone Idai","card_type":"campaign","id":"12155","display_categories":true,"display_image":true,"display_address":true,"display_summary":true,"display_campaign_types":true,"display_progress":true,"link_or_button":"link","card_link_text":""},{"card_name":"Fonds destin\u00e9s aux op\u00e9rations internationales","card_type":"campaign","id":"7175","display_categories":true,"display_image":true,"display_address":true,"display_summary":true,"display_campaign_types":true,"display_progress":true,"link_or_button":"link","card_link_text":""},{"card_name":"Besoins les plus urgents | 25 $","card_type":"campaign","id":"12339","display_categories":true,"display_image":true,"display_address":true,"display_summary":true,"display_campaign_types":true,"display_progress":true,"link_or_button":"link","card_link_text":""},{"card_name":"La crise en Syrie","card_type":"campaign","id":"9376","display_categories":true,"display_image":true,"display_address":true,"display_summary":true,"display_campaign_types":true,"display_progress":true,"link_or_button":"link","card_link_text":""},{"card_name":"Qu'arriverait-il SANS des Nations Unies?","card_type":"campaign","id":"6911","display_categories":true,"display_image":true,"display_address":true,"display_summary":true,"display_campaign_types":true,"display_progress":true,"link_or_button":"link","card_link_text":""},{"card_name":"Inondations au Qu\u00e9bec 2019","card_type":"campaign","id":"12415","display_categories":true,"display_image":true,"display_address":true,"display_summary":true,"display_campaign_types":true,"display_progress":true,"link_or_button":"link","card_link_text":""},{"card_name":"R\u00e9habilitation d'un puits","card_type":"campaign","id":"7895","display_categories":true,"display_image":true,"display_address":true,"display_summary":true,"display_campaign_types":true,"display_progress":true,"link_or_button":"link","card_link_text":""},{"card_name":"Crise mondiale des r\u00e9fugi\u00e9s","card_type":"campaign","id":"8636","display_categories":true,"display_image":true,"display_address":true,"display_summary":true,"display_campaign_types":true,"display_progress":true,"link_or_button":"link","card_link_text":""}]}],"insert_spotlight_boxes":false,"use_biography_grid":false,"min_banner_height":"280","header_title":"<p>Fournissez de l&#8217;aide humanitaire<\/p>\n","explanatory_text":"<p>Des millions de personnes sont touch\u00e9es par des catastrophes naturelles, des conflits et d\u2019autres urgences. Les cons\u00e9quences peuvent \u00eatre longues et profondes. Il existe souvent un besoin imm\u00e9diat de soins m\u00e9dicaux vitaux, d&#8217;abris, de nourriture et d&#8217;eau potable, ainsi que d&#8217;un soutien \u00e0 long terme pour la reconstruction de communaut\u00e9s enti\u00e8res.<\/p>\n","button_text":"","button_link":""},"yoast_head":"<!-- This site is optimized with the Yoast SEO plugin v26.0 - https:\/\/yoast.com\/wordpress\/plugins\/seo\/ -->\n<title>Fournissez de l&#039;aide humanitaire | CanadaHelps - Donate to any charity in Canada<\/title>\n<meta name=\"robots\" content=\"index, follow, max-snippet:-1, max-image-preview:large, max-video-preview:-1\" \/>\n<link rel=\"canonical\" href=\"https:\/\/www.canadahelps.org\/fr\/cause\/fournissez-de-laide-humanitaire\/\" \/>\n<meta property=\"og:locale\" content=\"fr_FR\" \/>\n<meta property=\"og:type\" content=\"article\" \/>\n<meta property=\"og:title\" content=\"Fournissez de l&#039;aide humanitaire | CanadaHelps - Donate to any charity in Canada\" \/>\n<meta property=\"og:url\" content=\"https:\/\/www.canadahelps.org\/fr\/cause\/fournissez-de-laide-humanitaire\/\" \/>\n<meta property=\"og:site_name\" content=\"CanadaHelps - Donate to any charity in Canada\" \/>\n<meta property=\"article:modified_time\" content=\"2020-01-16T19:05:00+00:00\" \/>\n<meta name=\"twitter:card\" content=\"summary_large_image\" \/>\n<script type=\"application\/ld+json\" class=\"yoast-schema-graph\">{\"@context\":\"https:\/\/schema.org\",\"@graph\":[{\"@type\":\"WebPage\",\"@id\":\"https:\/\/www.canadahelps.org\/fr\/cause\/fournissez-de-laide-humanitaire\/\",\"url\":\"https:\/\/www.canadahelps.org\/fr\/cause\/fournissez-de-laide-humanitaire\/\",\"name\":\"Fournissez de l'aide humanitaire | CanadaHelps - Donate to any charity in Canada\",\"isPartOf\":{\"@id\":\"https:\/\/www.canadahelps.org\/fr\/#website\"},\"datePublished\":\"2019-07-25T20:35:11+00:00\",\"dateModified\":\"2020-01-16T19:05:00+00:00\",\"breadcrumb\":{\"@id\":\"https:\/\/www.canadahelps.org\/fr\/cause\/fournissez-de-laide-humanitaire\/#breadcrumb\"},\"inLanguage\":\"fr\",\"potentialAction\":[{\"@type\":\"ReadAction\",\"target\":[\"https:\/\/www.canadahelps.org\/fr\/cause\/fournissez-de-laide-humanitaire\/\"]}]},{\"@type\":\"BreadcrumbList\",\"@id\":\"https:\/\/www.canadahelps.org\/fr\/cause\/fournissez-de-laide-humanitaire\/#breadcrumb\",\"itemListElement\":[{\"@type\":\"ListItem\",\"position\":1,\"name\":\"Home\",\"item\":\"https:\/\/www.canadahelps.org\/fr\/\"},{\"@type\":\"ListItem\",\"position\":2,\"name\":\"Cause\",\"item\":\"https:\/\/www.canadahelps.org\/fr\/cause\/\"},{\"@type\":\"ListItem\",\"position\":3,\"name\":\"Fournissez de l&#8217;aide humanitaire\"}]},{\"@type\":\"WebSite\",\"@id\":\"https:\/\/www.canadahelps.org\/fr\/#website\",\"url\":\"https:\/\/www.canadahelps.org\/fr\/\",\"name\":\"CanadaHelps - Donate to any charity in Canada\",\"description\":\"Giving Made Simple\",\"publisher\":{\"@id\":\"https:\/\/www.canadahelps.org\/fr\/#organization\"},\"potentialAction\":[{\"@type\":\"SearchAction\",\"target\":{\"@type\":\"EntryPoint\",\"urlTemplate\":\"https:\/\/www.canadahelps.org\/fr\/?s={search_term_string}\"},\"query-input\":{\"@type\":\"PropertyValueSpecification\",\"valueRequired\":true,\"valueName\":\"search_term_string\"}}],\"inLanguage\":\"fr\"},{\"@type\":\"Organization\",\"@id\":\"https:\/\/www.canadahelps.org\/fr\/#organization\",\"name\":\"CanadaHelps\",\"url\":\"https:\/\/www.canadahelps.org\/fr\/\",\"logo\":{\"@type\":\"ImageObject\",\"inLanguage\":\"fr\",\"@id\":\"https:\/\/www.canadahelps.org\/fr\/#\/schema\/logo\/image\/\",\"url\":\"https:\/\/www.canadahelps.org\/media\/canadahelps-en.jpg\",\"contentUrl\":\"https:\/\/www.canadahelps.org\/media\/canadahelps-en.jpg\",\"width\":131,\"height\":72,\"caption\":\"CanadaHelps\"},\"image\":{\"@id\":\"https:\/\/www.canadahelps.org\/fr\/#\/schema\/logo\/image\/\"}}]}<\/script>\n<!-- \/ Yoast SEO plugin. -->","yoast_head_json":{"title":"Fournissez de l'aide humanitaire | CanadaHelps - Donate to any charity in Canada","robots":{"index":"index","follow":"follow","max-snippet":"max-snippet:-1","max-image-preview":"max-image-preview:large","max-video-preview":"max-video-preview:-1"},"canonical":"https:\/\/www.canadahelps.org\/fr\/cause\/fournissez-de-laide-humanitaire\/","og_locale":"fr_FR","og_type":"article","og_title":"Fournissez de l'aide humanitaire | CanadaHelps - Donate to any charity in Canada","og_url":"https:\/\/www.canadahelps.org\/fr\/cause\/fournissez-de-laide-humanitaire\/","og_site_name":"CanadaHelps - Donate to any charity in Canada","article_modified_time":"2020-01-16T19:05:00+00:00","twitter_card":"summary_large_image","schema":{"@context":"https:\/\/schema.org","@graph":[{"@type":"WebPage","@id":"https:\/\/www.canadahelps.org\/fr\/cause\/fournissez-de-laide-humanitaire\/","url":"https:\/\/www.canadahelps.org\/fr\/cause\/fournissez-de-laide-humanitaire\/","name":"Fournissez de l'aide humanitaire | CanadaHelps - Donate to any charity in Canada","isPartOf":{"@id":"https:\/\/www.canadahelps.org\/fr\/#website"},"datePublished":"2019-07-25T20:35:11+00:00","dateModified":"2020-01-16T19:05:00+00:00","breadcrumb":{"@id":"https:\/\/www.canadahelps.org\/fr\/cause\/fournissez-de-laide-humanitaire\/#breadcrumb"},"inLanguage":"fr","potentialAction":[{"@type":"ReadAction","target":["https:\/\/www.canadahelps.org\/fr\/cause\/fournissez-de-laide-humanitaire\/"]}]},{"@type":"BreadcrumbList","@id":"https:\/\/www.canadahelps.org\/fr\/cause\/fournissez-de-laide-humanitaire\/#breadcrumb","itemListElement":[{"@type":"ListItem","position":1,"name":"Home","item":"https:\/\/www.canadahelps.org\/fr\/"},{"@type":"ListItem","position":2,"name":"Cause","item":"https:\/\/www.canadahelps.org\/fr\/cause\/"},{"@type":"ListItem","position":3,"name":"Fournissez de l&#8217;aide humanitaire"}]},{"@type":"WebSite","@id":"https:\/\/www.canadahelps.org\/fr\/#website","url":"https:\/\/www.canadahelps.org\/fr\/","name":"CanadaHelps - Donate to any charity in Canada","description":"Giving Made Simple","publisher":{"@id":"https:\/\/www.canadahelps.org\/fr\/#organization"},"potentialAction":[{"@type":"SearchAction","target":{"@type":"EntryPoint","urlTemplate":"https:\/\/www.canadahelps.org\/fr\/?s={search_term_string}"},"query-input":{"@type":"PropertyValueSpecification","valueRequired":true,"valueName":"search_term_string"}}],"inLanguage":"fr"},{"@type":"Organization","@id":"https:\/\/www.canadahelps.org\/fr\/#organization","name":"CanadaHelps","url":"https:\/\/www.canadahelps.org\/fr\/","logo":{"@type":"ImageObject","inLanguage":"fr","@id":"https:\/\/www.canadahelps.org\/fr\/#\/schema\/logo\/image\/","url":"https:\/\/www.canadahelps.org\/media\/canadahelps-en.jpg","contentUrl":"https:\/\/www.canadahelps.org\/media\/canadahelps-en.jpg","width":131,"height":72,"caption":"CanadaHelps"},"image":{"@id":"https:\/\/www.canadahelps.org\/fr\/#\/schema\/logo\/image\/"}}]}},"_links":{"self":[{"href":"https:\/\/www.canadahelps.org\/fr\/wp-json\/wp\/v2\/pages\/26458","targetHints":{"allow":["GET"]}}],"collection":[{"href":"https:\/\/www.canadahelps.org\/fr\/wp-json\/wp\/v2\/pages"}],"about":[{"href":"https:\/\/www.canadahelps.org\/fr\/wp-json\/wp\/v2\/types\/page"}],"author":[{"embeddable":true,"href":"https:\/\/www.canadahelps.org\/fr\/wp-json\/wp\/v2\/users\/30"}],"replies":[{"embeddable":true,"href":"https:\/\/www.canadahelps.org\/fr\/wp-json\/wp\/v2\/comments?post=26458"}],"version-history":[{"count":7,"href":"https:\/\/www.canadahelps.org\/fr\/wp-json\/wp\/v2\/pages\/26458\/revisions"}],"predecessor-version":[{"id":28915,"href":"https:\/\/www.canadahelps.org\/fr\/wp-json\/wp\/v2\/pages\/26458\/revisions\/28915"}],"up":[{"embeddable":true,"href":"https:\/\/www.canadahelps.org\/fr\/wp-json\/wp\/v2\/pages\/26176"}],"wp:attachment":[{"href":"https:\/\/www.canadahelps.org\/fr\/wp-json\/wp\/v2\/media?parent=26458"}],"curies":[{"name":"wp","href":"https:\/\/api.w.org\/{rel}","templated":true}]}}