{"id":26461,"date":"2019-07-26T15:06:39","date_gmt":"2019-07-26T19:06:39","guid":{"rendered":"https:\/\/www.canadahelps.org\/?page_id=26461"},"modified":"2020-01-16T14:06:31","modified_gmt":"2020-01-16T19:06:31","slug":"appuyez-la-sante-mentale","status":"publish","type":"page","link":"https:\/\/www.canadahelps.org\/fr\/cause\/appuyez-la-sante-mentale\/","title":{"rendered":"Appuyez la sant\u00e9 mentale"},"content":{"rendered":"","protected":false},"excerpt":{"rendered":"","protected":false},"author":30,"featured_media":0,"parent":26176,"menu_order":0,"comment_status":"closed","ping_status":"closed","template":"template-merchandise-page.php","meta":{"footnotes":""},"class_list":["post-26461","page","type-page","status-publish","hentry"],"acf":{"meta_description":"","use_toc_layout":false,"additional_body_css_classes":"","hide_page_title":true,"row_settings":[{"row_header":"\u00a0","row_link_text":"","row_link_url":"","trigger_masonry_layout":true,"text_before_row":"","text_after_row":"","text_after_row_header":"<p>Faites un don aujourd&#8217;hui pour aider \u00e0 mettre fin \u00e0 la stigmatisation et \u00e0 conduire le changement en mati\u00e8re de sant\u00e9 mentale. Vous aiderez \u00e0 changer et \u00e0 sauver des vies.<\/p>\n","card_settings":[{"card_name":"Soyez un h\u00e9ros 4 esprits sains","card_type":"campaign","id":"7847","display_categories":true,"display_image":true,"display_address":true,"display_summary":true,"display_campaign_types":true,"display_progress":true,"link_or_button":"link","card_link_text":""},{"card_name":"Les \u00e9quipes sur les campus","card_type":"campaign","id":"4275","display_categories":true,"display_image":true,"display_address":true,"display_summary":true,"display_campaign_types":true,"display_progress":true,"link_or_button":"link","card_link_text":""},{"card_name":"Une activit\u00e9 contre la d\u00e9pression","card_type":"campaign","id":"8489","display_categories":true,"display_image":true,"display_address":true,"display_summary":true,"display_campaign_types":true,"display_progress":true,"link_or_button":"link","card_link_text":""},{"card_name":"L'entra\u00eenement","card_type":"campaign","id":"9872","display_categories":true,"display_image":true,"display_address":true,"display_summary":true,"display_campaign_types":true,"display_progress":true,"link_or_button":"link","card_link_text":""},{"card_name":"Apporter la paix et l'espoir aux families","card_type":"campaign","id":"1125","display_categories":true,"display_image":true,"display_address":true,"display_summary":true,"display_campaign_types":true,"display_progress":true,"link_or_button":"link","card_link_text":""},{"card_name":"Recrutement et formation de b\u00e9n\u00e9voles en situation de crise","card_type":"campaign","id":"9150","display_categories":true,"display_image":true,"display_address":true,"display_summary":true,"display_campaign_types":true,"display_progress":true,"link_or_button":"link","card_link_text":""}]}],"insert_spotlight_boxes":false,"use_biography_grid":false,"min_banner_height":"280","header_title":"<p>Appuyez la sant\u00e9 mentale<\/p>\n","explanatory_text":"<p>Selon l&#8217;Association canadienne pour la sant\u00e9 mentale, une personne sur cinq au Canada sera aux prises avec un probl\u00e8me de sant\u00e9 mentale. Votre soutien est n\u00e9cessaire pour aider les personnes affect\u00e9es par la d\u00e9pression, l\u2019anxi\u00e9t\u00e9, les troubles de l\u2019alimentation, les troubles bipolaires et d\u2019autres probl\u00e8mes de sant\u00e9 mentale.<\/p>\n<p>Des organismes de bienfaisance partout au Canada offrent des traitements, des conseils et de l&#8217;\u00e9ducation en mati\u00e8re de sant\u00e9 mentale afin de s&#8217;assurer que personne n&#8217;ait besoin de faire face \u00e0 une maladie mentale sans support.<\/p>\n","button_text":"","button_link":""},"yoast_head":"<!-- This site is optimized with the Yoast SEO plugin v26.0 - https:\/\/yoast.com\/wordpress\/plugins\/seo\/ -->\n<title>Appuyez la sant\u00e9 mentale | CanaDon - Faites des dons \u00e0 un organisme de bienfaisance au Canada<\/title>\n<meta name=\"robots\" content=\"index, follow, max-snippet:-1, max-image-preview:large, max-video-preview:-1\" \/>\n<link rel=\"canonical\" href=\"https:\/\/www.canadahelps.org\/fr\/cause\/appuyez-la-sante-mentale\/\" \/>\n<meta property=\"og:locale\" content=\"fr_FR\" \/>\n<meta property=\"og:type\" content=\"article\" \/>\n<meta property=\"og:title\" content=\"Appuyez la sant\u00e9 mentale | CanaDon - Faites des dons \u00e0 un organisme de bienfaisance au Canada\" \/>\n<meta property=\"og:url\" content=\"https:\/\/www.canadahelps.org\/fr\/cause\/appuyez-la-sante-mentale\/\" \/>\n<meta property=\"og:site_name\" content=\"CanaDon - Faites des dons \u00e0 un organisme de bienfaisance au Canada\" \/>\n<meta property=\"article:modified_time\" content=\"2020-01-16T19:06:31+00:00\" \/>\n<meta name=\"twitter:card\" content=\"summary_large_image\" \/>\n<script type=\"application\/ld+json\" class=\"yoast-schema-graph\">{\"@context\":\"https:\/\/schema.org\",\"@graph\":[{\"@type\":\"WebPage\",\"@id\":\"https:\/\/www.canadahelps.org\/fr\/cause\/appuyez-la-sante-mentale\/\",\"url\":\"https:\/\/www.canadahelps.org\/fr\/cause\/appuyez-la-sante-mentale\/\",\"name\":\"Appuyez la sant\u00e9 mentale | CanaDon - Faites des dons \u00e0 un organisme de bienfaisance au Canada\",\"isPartOf\":{\"@id\":\"https:\/\/www.canadahelps.org\/fr\/#website\"},\"datePublished\":\"2019-07-26T19:06:39+00:00\",\"dateModified\":\"2020-01-16T19:06:31+00:00\",\"breadcrumb\":{\"@id\":\"https:\/\/www.canadahelps.org\/fr\/cause\/appuyez-la-sante-mentale\/#breadcrumb\"},\"inLanguage\":\"fr\",\"potentialAction\":[{\"@type\":\"ReadAction\",\"target\":[\"https:\/\/www.canadahelps.org\/fr\/cause\/appuyez-la-sante-mentale\/\"]}]},{\"@type\":\"BreadcrumbList\",\"@id\":\"https:\/\/www.canadahelps.org\/fr\/cause\/appuyez-la-sante-mentale\/#breadcrumb\",\"itemListElement\":[{\"@type\":\"ListItem\",\"position\":1,\"name\":\"Home\",\"item\":\"https:\/\/www.canadahelps.org\/fr\/\"},{\"@type\":\"ListItem\",\"position\":2,\"name\":\"Cause\",\"item\":\"https:\/\/www.canadahelps.org\/fr\/cause\/\"},{\"@type\":\"ListItem\",\"position\":3,\"name\":\"Appuyez la sant\u00e9 mentale\"}]},{\"@type\":\"WebSite\",\"@id\":\"https:\/\/www.canadahelps.org\/fr\/#website\",\"url\":\"https:\/\/www.canadahelps.org\/fr\/\",\"name\":\"CanadaHelps - Donate to any charity in Canada\",\"description\":\"Le don en toute simplicit\u00e9\",\"publisher\":{\"@id\":\"https:\/\/www.canadahelps.org\/fr\/#organization\"},\"potentialAction\":[{\"@type\":\"SearchAction\",\"target\":{\"@type\":\"EntryPoint\",\"urlTemplate\":\"https:\/\/www.canadahelps.org\/fr\/?s={search_term_string}\"},\"query-input\":{\"@type\":\"PropertyValueSpecification\",\"valueRequired\":true,\"valueName\":\"search_term_string\"}}],\"inLanguage\":\"fr\"},{\"@type\":\"Organization\",\"@id\":\"https:\/\/www.canadahelps.org\/fr\/#organization\",\"name\":\"CanadaHelps\",\"url\":\"https:\/\/www.canadahelps.org\/fr\/\",\"logo\":{\"@type\":\"ImageObject\",\"inLanguage\":\"fr\",\"@id\":\"https:\/\/www.canadahelps.org\/fr\/#\/schema\/logo\/image\/\",\"url\":\"https:\/\/www.canadahelps.org\/media\/canadahelps-en.jpg\",\"contentUrl\":\"https:\/\/www.canadahelps.org\/media\/canadahelps-en.jpg\",\"width\":131,\"height\":72,\"caption\":\"CanadaHelps\"},\"image\":{\"@id\":\"https:\/\/www.canadahelps.org\/fr\/#\/schema\/logo\/image\/\"}}]}<\/script>\n<!-- \/ Yoast SEO plugin. -->","yoast_head_json":{"title":"Appuyez la sant\u00e9 mentale | CanaDon - Faites des dons \u00e0 un organisme de bienfaisance au Canada","robots":{"index":"index","follow":"follow","max-snippet":"max-snippet:-1","max-image-preview":"max-image-preview:large","max-video-preview":"max-video-preview:-1"},"canonical":"https:\/\/www.canadahelps.org\/fr\/cause\/appuyez-la-sante-mentale\/","og_locale":"fr_FR","og_type":"article","og_title":"Appuyez la sant\u00e9 mentale | CanaDon - Faites des dons \u00e0 un organisme de bienfaisance au Canada","og_url":"https:\/\/www.canadahelps.org\/fr\/cause\/appuyez-la-sante-mentale\/","og_site_name":"CanaDon - Faites des dons \u00e0 un organisme de bienfaisance au Canada","article_modified_time":"2020-01-16T19:06:31+00:00","twitter_card":"summary_large_image","schema":{"@context":"https:\/\/schema.org","@graph":[{"@type":"WebPage","@id":"https:\/\/www.canadahelps.org\/fr\/cause\/appuyez-la-sante-mentale\/","url":"https:\/\/www.canadahelps.org\/fr\/cause\/appuyez-la-sante-mentale\/","name":"Appuyez la sant\u00e9 mentale | CanaDon - Faites des dons \u00e0 un organisme de bienfaisance au Canada","isPartOf":{"@id":"https:\/\/www.canadahelps.org\/fr\/#website"},"datePublished":"2019-07-26T19:06:39+00:00","dateModified":"2020-01-16T19:06:31+00:00","breadcrumb":{"@id":"https:\/\/www.canadahelps.org\/fr\/cause\/appuyez-la-sante-mentale\/#breadcrumb"},"inLanguage":"fr","potentialAction":[{"@type":"ReadAction","target":["https:\/\/www.canadahelps.org\/fr\/cause\/appuyez-la-sante-mentale\/"]}]},{"@type":"BreadcrumbList","@id":"https:\/\/www.canadahelps.org\/fr\/cause\/appuyez-la-sante-mentale\/#breadcrumb","itemListElement":[{"@type":"ListItem","position":1,"name":"Home","item":"https:\/\/www.canadahelps.org\/fr\/"},{"@type":"ListItem","position":2,"name":"Cause","item":"https:\/\/www.canadahelps.org\/fr\/cause\/"},{"@type":"ListItem","position":3,"name":"Appuyez la sant\u00e9 mentale"}]},{"@type":"WebSite","@id":"https:\/\/www.canadahelps.org\/fr\/#website","url":"https:\/\/www.canadahelps.org\/fr\/","name":"CanadaHelps - Donate to any charity in Canada","description":"Le don en toute simplicit\u00e9","publisher":{"@id":"https:\/\/www.canadahelps.org\/fr\/#organization"},"potentialAction":[{"@type":"SearchAction","target":{"@type":"EntryPoint","urlTemplate":"https:\/\/www.canadahelps.org\/fr\/?s={search_term_string}"},"query-input":{"@type":"PropertyValueSpecification","valueRequired":true,"valueName":"search_term_string"}}],"inLanguage":"fr"},{"@type":"Organization","@id":"https:\/\/www.canadahelps.org\/fr\/#organization","name":"CanadaHelps","url":"https:\/\/www.canadahelps.org\/fr\/","logo":{"@type":"ImageObject","inLanguage":"fr","@id":"https:\/\/www.canadahelps.org\/fr\/#\/schema\/logo\/image\/","url":"https:\/\/www.canadahelps.org\/media\/canadahelps-en.jpg","contentUrl":"https:\/\/www.canadahelps.org\/media\/canadahelps-en.jpg","width":131,"height":72,"caption":"CanadaHelps"},"image":{"@id":"https:\/\/www.canadahelps.org\/fr\/#\/schema\/logo\/image\/"}}]}},"_links":{"self":[{"href":"https:\/\/www.canadahelps.org\/fr\/wp-json\/wp\/v2\/pages\/26461","targetHints":{"allow":["GET"]}}],"collection":[{"href":"https:\/\/www.canadahelps.org\/fr\/wp-json\/wp\/v2\/pages"}],"about":[{"href":"https:\/\/www.canadahelps.org\/fr\/wp-json\/wp\/v2\/types\/page"}],"author":[{"embeddable":true,"href":"https:\/\/www.canadahelps.org\/fr\/wp-json\/wp\/v2\/users\/30"}],"replies":[{"embeddable":true,"href":"https:\/\/www.canadahelps.org\/fr\/wp-json\/wp\/v2\/comments?post=26461"}],"version-history":[{"count":9,"href":"https:\/\/www.canadahelps.org\/fr\/wp-json\/wp\/v2\/pages\/26461\/revisions"}],"predecessor-version":[{"id":28916,"href":"https:\/\/www.canadahelps.org\/fr\/wp-json\/wp\/v2\/pages\/26461\/revisions\/28916"}],"up":[{"embeddable":true,"href":"https:\/\/www.canadahelps.org\/fr\/wp-json\/wp\/v2\/pages\/26176"}],"wp:attachment":[{"href":"https:\/\/www.canadahelps.org\/fr\/wp-json\/wp\/v2\/media?parent=26461"}],"curies":[{"name":"wp","href":"https:\/\/api.w.org\/{rel}","templated":true}]}}