{"id":26516,"date":"2019-08-15T15:43:49","date_gmt":"2019-08-15T19:43:49","guid":{"rendered":"https:\/\/www.canadahelps.org\/?page_id=26516"},"modified":"2025-07-31T14:04:43","modified_gmt":"2025-07-31T18:04:43","slug":"politique-sur-les-dons-de-titres","status":"publish","type":"page","link":"https:\/\/www.canadahelps.org\/fr\/politique-sur-les-dons-de-titres\/","title":{"rendered":"Politique sur les dons de titres"},"content":{"rendered":"<style>html{background-color:#fff}.plain-page h1,.plain-page h2,.plain-page h3,.plain-page h4{background-color:unset;color:#1b1750;font-weight:unset;padding:unset;border:unset}body p{font-family:Inter,arial,sans-serif;font-size:16px;line-height:24px;color:#1b1750}h1,h2,h3,h4,h5,h6{font-family:\"PT Serif\",serif;font-weight:700;min-height:36px;color:#1b1750}.plain-page h1{font-size:68px;line-height:76px;color:#1b1750;text-align:center;font-weight:700}.plain-page h2{font-size:34px;line-height:44px;color:#1b1750;font-weight:700}.policy-container{width:50%;margin:100px auto 100px auto}.policy-subhead{text-transform:uppercase;text-align:center} .ch20-full-width-page a:hover {color: #1B1750;} a:visited{color: #501874;}<\/style>\n<div class=\"policy-container\">\n<h1 style=\"text-align: center; margin-top:-50px\">Politique sur les dons de titres<\/h1>\n<p style=\"text-align: center\">(Derni\u00e8re mise \u00e0 jour : 1er ao\u00fbt 2025)\n<\/p>\n<p>CanaDon accepte uniquement les titres cot\u00e9s en bourse qui sont n\u00e9goci\u00e9s ou \u00e9chang\u00e9s sur le march\u00e9 au Canada ou aux \u00c9tats-Unis. CanaDon n\u2019accepte pas d\u2019actions de soci\u00e9t\u00e9s priv\u00e9es ni d\u2019options d\u2019achat d\u2019actions. Les dons de titres sont assujettis \u00e0 un montant minimal&nbsp;: 200&nbsp;$ pour les certificats num\u00e9riques, et 2000&nbsp;$ pour les certificats papier.<\/p>\n<p>CanaDon ne garde pas de titres en sa possession : les courtiers agissant pour CanaDon ont l\u2019instruction de vendre imm\u00e9diatement tous les titres re\u00e7us, ou de vendre les titres le plus rapidement possible, selon la liquidit\u00e9 du march\u00e9.<br \/>\nCanaDon n\u2019est aucunement responsable des fluctuations de la valeur des titres pendant qu\u2019ils sont en sa possession.<\/p>\n<p>Pour la d\u00e9tention ou la vente des titres, CanaDon ne re\u00e7oit et ne prend en compte aucune instruction non sollicit\u00e9e provenant de tiers.<\/p>\n<p>Les dividendes accumul\u00e9s tandis qu\u2019un titre est en la possession de CanaDon demeurent la propri\u00e9t\u00e9 de CanaDon.<\/p>\n<p>CanaDon se r\u00e9serve le droit, \u00e0 sa seule discr\u00e9tion, de refuser ou de retourner des titres peu n\u00e9goci\u00e9s ou invendables.<\/p>\n<p>Pour la d\u00e9livrance de re\u00e7us fiscaux, l\u2019\u00e9valuation des titres sera d\u00e9termin\u00e9e par le cours acheteur de cl\u00f4ture des titres donn\u00e9s, le jour m\u00eame o\u00f9 les titres sont re\u00e7us dans les comptes de CanaDon.<\/p>\n<p>CanaDon ne peut accepter que des titres pour les organismes de bienfaisance ou des donataires reconnus qui sont inscrits pour recevoir des transferts \u00e9lectroniques de fonds (TEF).<\/p>\n<\/div>\n","protected":false},"excerpt":{"rendered":"<p>Politique sur les dons de titres (Derni\u00e8re mise \u00e0 jour : 1er ao\u00fbt 2025) CanaDon accepte uniquement les titres cot\u00e9s en bourse qui sont n\u00e9goci\u00e9s &#8230; <a href=\"https:\/\/www.canadahelps.org\/fr\/politique-sur-les-dons-de-titres\/\" id=\"canadahelp-blog-meta\">Voir plus<\/a><\/p>\n","protected":false},"author":30,"featured_media":0,"parent":0,"menu_order":0,"comment_status":"closed","ping_status":"closed","template":"template-ch20-full-width.php","meta":{"footnotes":""},"class_list":["post-26516","page","type-page","status-publish","hentry"],"acf":{"meta_description":"","use_toc_layout":false,"additional_body_css_classes":"","hide_page_title":false,"row_settings":false,"insert_spotlight_boxes":false,"use_biography_grid":false,"blogs_posts_item":false},"yoast_head":"<!-- This site is optimized with the Yoast SEO plugin v26.0 - https:\/\/yoast.com\/wordpress\/plugins\/seo\/ -->\n<title>Politique sur les dons de titres | CanaDon - Faites des dons \u00e0 un organisme de bienfaisance au Canada<\/title>\n<meta name=\"robots\" content=\"index, follow, max-snippet:-1, max-image-preview:large, max-video-preview:-1\" \/>\n<link rel=\"canonical\" href=\"https:\/\/www.canadahelps.org\/fr\/politique-sur-les-dons-de-titres\/\" \/>\n<meta property=\"og:locale\" content=\"fr_FR\" \/>\n<meta property=\"og:type\" content=\"article\" \/>\n<meta property=\"og:title\" content=\"Politique sur les dons de titres | CanaDon - Faites des dons \u00e0 un organisme de bienfaisance au Canada\" \/>\n<meta property=\"og:description\" content=\"Politique sur les dons de titres (Derni\u00e8re mise \u00e0 jour : 1er ao\u00fbt 2025) CanaDon accepte uniquement les titres cot\u00e9s en bourse qui sont n\u00e9goci\u00e9s ... Voir plus\" \/>\n<meta property=\"og:url\" content=\"https:\/\/www.canadahelps.org\/fr\/politique-sur-les-dons-de-titres\/\" \/>\n<meta property=\"og:site_name\" content=\"CanaDon - Faites des dons \u00e0 un organisme de bienfaisance au Canada\" \/>\n<meta property=\"article:modified_time\" content=\"2025-07-31T18:04:43+00:00\" \/>\n<meta name=\"twitter:card\" content=\"summary_large_image\" \/>\n<meta name=\"twitter:label1\" content=\"Est. reading time\" \/>\n\t<meta name=\"twitter:data1\" content=\"2 minutes\" \/>\n<script type=\"application\/ld+json\" class=\"yoast-schema-graph\">{\"@context\":\"https:\/\/schema.org\",\"@graph\":[{\"@type\":\"WebPage\",\"@id\":\"https:\/\/www.canadahelps.org\/fr\/politique-sur-les-dons-de-titres\/\",\"url\":\"https:\/\/www.canadahelps.org\/fr\/politique-sur-les-dons-de-titres\/\",\"name\":\"Politique sur les dons de titres | CanaDon - Faites des dons \u00e0 un organisme de bienfaisance au Canada\",\"isPartOf\":{\"@id\":\"https:\/\/www.canadahelps.org\/fr\/#website\"},\"datePublished\":\"2019-08-15T19:43:49+00:00\",\"dateModified\":\"2025-07-31T18:04:43+00:00\",\"breadcrumb\":{\"@id\":\"https:\/\/www.canadahelps.org\/fr\/politique-sur-les-dons-de-titres\/#breadcrumb\"},\"inLanguage\":\"fr\",\"potentialAction\":[{\"@type\":\"ReadAction\",\"target\":[\"https:\/\/www.canadahelps.org\/fr\/politique-sur-les-dons-de-titres\/\"]}]},{\"@type\":\"BreadcrumbList\",\"@id\":\"https:\/\/www.canadahelps.org\/fr\/politique-sur-les-dons-de-titres\/#breadcrumb\",\"itemListElement\":[{\"@type\":\"ListItem\",\"position\":1,\"name\":\"Home\",\"item\":\"https:\/\/www.canadahelps.org\/fr\/\"},{\"@type\":\"ListItem\",\"position\":2,\"name\":\"Politique sur les dons de titres\"}]},{\"@type\":\"WebSite\",\"@id\":\"https:\/\/www.canadahelps.org\/fr\/#website\",\"url\":\"https:\/\/www.canadahelps.org\/fr\/\",\"name\":\"CanadaHelps - Donate to any charity in Canada\",\"description\":\"Le don en toute simplicit\u00e9\",\"publisher\":{\"@id\":\"https:\/\/www.canadahelps.org\/fr\/#organization\"},\"potentialAction\":[{\"@type\":\"SearchAction\",\"target\":{\"@type\":\"EntryPoint\",\"urlTemplate\":\"https:\/\/www.canadahelps.org\/fr\/?s={search_term_string}\"},\"query-input\":{\"@type\":\"PropertyValueSpecification\",\"valueRequired\":true,\"valueName\":\"search_term_string\"}}],\"inLanguage\":\"fr\"},{\"@type\":\"Organization\",\"@id\":\"https:\/\/www.canadahelps.org\/fr\/#organization\",\"name\":\"CanadaHelps\",\"url\":\"https:\/\/www.canadahelps.org\/fr\/\",\"logo\":{\"@type\":\"ImageObject\",\"inLanguage\":\"fr\",\"@id\":\"https:\/\/www.canadahelps.org\/fr\/#\/schema\/logo\/image\/\",\"url\":\"https:\/\/www.canadahelps.org\/media\/canadahelps-en.jpg\",\"contentUrl\":\"https:\/\/www.canadahelps.org\/media\/canadahelps-en.jpg\",\"width\":131,\"height\":72,\"caption\":\"CanadaHelps\"},\"image\":{\"@id\":\"https:\/\/www.canadahelps.org\/fr\/#\/schema\/logo\/image\/\"}}]}<\/script>\n<!-- \/ Yoast SEO plugin. -->","yoast_head_json":{"title":"Politique sur les dons de titres | CanaDon - Faites des dons \u00e0 un organisme de bienfaisance au Canada","robots":{"index":"index","follow":"follow","max-snippet":"max-snippet:-1","max-image-preview":"max-image-preview:large","max-video-preview":"max-video-preview:-1"},"canonical":"https:\/\/www.canadahelps.org\/fr\/politique-sur-les-dons-de-titres\/","og_locale":"fr_FR","og_type":"article","og_title":"Politique sur les dons de titres | CanaDon - Faites des dons \u00e0 un organisme de bienfaisance au Canada","og_description":"Politique sur les dons de titres (Derni\u00e8re mise \u00e0 jour : 1er ao\u00fbt 2025) CanaDon accepte uniquement les titres cot\u00e9s en bourse qui sont n\u00e9goci\u00e9s ... Voir plus","og_url":"https:\/\/www.canadahelps.org\/fr\/politique-sur-les-dons-de-titres\/","og_site_name":"CanaDon - Faites des dons \u00e0 un organisme de bienfaisance au Canada","article_modified_time":"2025-07-31T18:04:43+00:00","twitter_card":"summary_large_image","twitter_misc":{"Est. reading time":"2 minutes"},"schema":{"@context":"https:\/\/schema.org","@graph":[{"@type":"WebPage","@id":"https:\/\/www.canadahelps.org\/fr\/politique-sur-les-dons-de-titres\/","url":"https:\/\/www.canadahelps.org\/fr\/politique-sur-les-dons-de-titres\/","name":"Politique sur les dons de titres | CanaDon - Faites des dons \u00e0 un organisme de bienfaisance au Canada","isPartOf":{"@id":"https:\/\/www.canadahelps.org\/fr\/#website"},"datePublished":"2019-08-15T19:43:49+00:00","dateModified":"2025-07-31T18:04:43+00:00","breadcrumb":{"@id":"https:\/\/www.canadahelps.org\/fr\/politique-sur-les-dons-de-titres\/#breadcrumb"},"inLanguage":"fr","potentialAction":[{"@type":"ReadAction","target":["https:\/\/www.canadahelps.org\/fr\/politique-sur-les-dons-de-titres\/"]}]},{"@type":"BreadcrumbList","@id":"https:\/\/www.canadahelps.org\/fr\/politique-sur-les-dons-de-titres\/#breadcrumb","itemListElement":[{"@type":"ListItem","position":1,"name":"Home","item":"https:\/\/www.canadahelps.org\/fr\/"},{"@type":"ListItem","position":2,"name":"Politique sur les dons de titres"}]},{"@type":"WebSite","@id":"https:\/\/www.canadahelps.org\/fr\/#website","url":"https:\/\/www.canadahelps.org\/fr\/","name":"CanadaHelps - Donate to any charity in Canada","description":"Le don en toute simplicit\u00e9","publisher":{"@id":"https:\/\/www.canadahelps.org\/fr\/#organization"},"potentialAction":[{"@type":"SearchAction","target":{"@type":"EntryPoint","urlTemplate":"https:\/\/www.canadahelps.org\/fr\/?s={search_term_string}"},"query-input":{"@type":"PropertyValueSpecification","valueRequired":true,"valueName":"search_term_string"}}],"inLanguage":"fr"},{"@type":"Organization","@id":"https:\/\/www.canadahelps.org\/fr\/#organization","name":"CanadaHelps","url":"https:\/\/www.canadahelps.org\/fr\/","logo":{"@type":"ImageObject","inLanguage":"fr","@id":"https:\/\/www.canadahelps.org\/fr\/#\/schema\/logo\/image\/","url":"https:\/\/www.canadahelps.org\/media\/canadahelps-en.jpg","contentUrl":"https:\/\/www.canadahelps.org\/media\/canadahelps-en.jpg","width":131,"height":72,"caption":"CanadaHelps"},"image":{"@id":"https:\/\/www.canadahelps.org\/fr\/#\/schema\/logo\/image\/"}}]}},"_links":{"self":[{"href":"https:\/\/www.canadahelps.org\/fr\/wp-json\/wp\/v2\/pages\/26516","targetHints":{"allow":["GET"]}}],"collection":[{"href":"https:\/\/www.canadahelps.org\/fr\/wp-json\/wp\/v2\/pages"}],"about":[{"href":"https:\/\/www.canadahelps.org\/fr\/wp-json\/wp\/v2\/types\/page"}],"author":[{"embeddable":true,"href":"https:\/\/www.canadahelps.org\/fr\/wp-json\/wp\/v2\/users\/30"}],"replies":[{"embeddable":true,"href":"https:\/\/www.canadahelps.org\/fr\/wp-json\/wp\/v2\/comments?post=26516"}],"version-history":[{"count":4,"href":"https:\/\/www.canadahelps.org\/fr\/wp-json\/wp\/v2\/pages\/26516\/revisions"}],"predecessor-version":[{"id":55455,"href":"https:\/\/www.canadahelps.org\/fr\/wp-json\/wp\/v2\/pages\/26516\/revisions\/55455"}],"wp:attachment":[{"href":"https:\/\/www.canadahelps.org\/fr\/wp-json\/wp\/v2\/media?parent=26516"}],"curies":[{"name":"wp","href":"https:\/\/api.w.org\/{rel}","templated":true}]}}