{"id":27428,"date":"2019-10-16T16:09:11","date_gmt":"2019-10-16T20:09:11","guid":{"rendered":"https:\/\/www.canadahelps.org\/?page_id=27428"},"modified":"2023-11-08T13:57:42","modified_gmt":"2023-11-08T18:57:42","slug":"faites-un-don-aux-organismes-de-noel","status":"publish","type":"page","link":"https:\/\/www.canadahelps.org\/fr\/faites-un-don-aux-organismes-de-noel\/","title":{"rendered":"Faites un don aux organismes de No\u00ebl"},"content":{"rendered":"<style><span data-mce-type=\"bookmark\" style=\"display: inline-block; width: 0px; overflow: hidden; line-height: 0;\" class=\"mce_SELRES_start\">\ufeff<\/span>.w1280{max-width:1280px;margin:0 auto}.w1280{max-width:1280px;margin:0 auto}.w960{max-width:960px;width:960px;margin:0 auto;}h2.giftcards{color:#96174b;font-size:24px;margin-bottom:5px}.two-col-gray-box{display:grid;grid-column:auto;grid-auto-flow:column;grid-template-columns:1fr 1fr;width:100%;margin:0 auto;background:#ededed;padding-top:20px;padding-bottom:20px}.two-col-gray-box>.gray-item:first-child{border-right:1px solid #bbb;padding:20px 10px 20px 20px}.gray-item{padding:20px;font-size:16px}.gray-item img {width:80%; display:block; margin:10px 0px 20px 0px}@media screen and (max-width:1024px){.two-col-gray-box{display:grid;grid-template-columns:1fr;grid-auto-flow:row;width:90%}}@media screen and (max-width:768px){.w1280,.w1920,.w960{width:90%}.two-col-gray-box>.gray-item:first-child{border-right:0 solid #bbb;padding:20px 10px 20px 20px}.gray-item{width:90%}}@media screen and (max-width:480px){.w1280,.w1920,.w960{width:90%}}<\/style>\n<h2 class=\"header--default header --large\">Un don de bienfaisance qui redonne!<\/h2>\n<div class=\"w1280\">\n<div class=\"w960\">\n<div class=\"two-col-gray-box\">\n<div class=\"gray-item\">\n<h2 class=\"giftcards\">Envoyez une carte \u00e9lectronique personnalis\u00e9e<\/h2>\n<p><img decoding=\"async\" src=\"https:\/\/www.canadahelps.org\/media\/20191024_Christmas-egift-card-revised_FR.png\" \/><br \/>\nLorsque vous faites un don, s\u00e9lectionnez l\u2019option de donner en l\u2019honneur ou la m\u00e9moire d\u2019une personne et vous pouvez choisir d\u2019envoyer une carte \u00e9lectronique personnalis\u00e9e \u00e0 un \u00eatre cher pour le lui faire savoir!<\/p>\n<p><a class=\"btn btn--ch-magenta\" title=\"Buy Gift Card\" href=\"https:\/\/www.canadahelps.org\/fr\/faites-un-don\/?find\">Trouvez un organisme de bienfaisance<\/a><\/p>\n<\/div>\n<div class=\"gray-item\">\n<h2 class=\"giftcards\">Donnez une carte-cadeau de bienfaisance<\/h2>\n<p><img decoding=\"async\" src=\"https:\/\/www.canadahelps.org\/media\/20191024_26-JoyeusesFetes_FR.png\" \/><br \/>\nAvec une carte-cadeau de CanaDon, vous pouvez toucher le c\u0153ur des gens en les aidant \u00e0 donner \u00e0 leur cause pr\u00e9f\u00e9r\u00e9e. Vous choisissez le mod\u00e8le et la valeur, et votre proche choisit parmi TOUS les organismes de bienfaisance canadiens pour soutenir une cause qui les tient \u00e0 c\u0153ur.<\/p>\n<p><a class=\"btn btn--ch-magenta\" title=\"Buy Gift Card\" href=\"https:\/\/www.canadahelps.org\/fr\/cartes-cadeaux\/orders\/\">Envoyez une carte-cadeau<\/a><\/p>\n<\/div>\n<\/div>\n<\/div>\n<\/div>\n","protected":false},"excerpt":{"rendered":"<p>Un don de bienfaisance qui redonne! Envoyez une carte \u00e9lectronique personnalis\u00e9e Lorsque vous faites un don, s\u00e9lectionnez l\u2019option de donner en l\u2019honneur ou la m\u00e9moire &#8230; <a href=\"https:\/\/www.canadahelps.org\/fr\/faites-un-don-aux-organismes-de-noel\/\" id=\"canadahelp-blog-meta\">Voir plus<\/a><\/p>\n","protected":false},"author":30,"featured_media":0,"parent":0,"menu_order":0,"comment_status":"closed","ping_status":"closed","template":"template-merchandise-page.php","meta":{"footnotes":""},"class_list":["post-27428","page","type-page","status-publish","hentry"],"acf":{"meta_description":"","use_toc_layout":false,"additional_body_css_classes":"","hide_page_title":false,"row_settings":[{"row_header":"Donnez un No\u00ebl \u00e0 un enfant lorsque vous donnez \u00e0 ces organismes de bienfaisance.","row_link_text":"","row_link_url":"","trigger_masonry_layout":false,"text_before_row":"<p>Faites un don aujourd&#8217;hui pour rendre la saison de No\u00ebl un peu plus joyeuse pour une personne dans le besoin. Parcourez notre liste des \u0153uvres de bienfaisance de No\u00ebl auxquelles vous pouvez faire un don, et donnez aujourd&#8217;hui.<\/p>\n","text_after_row":"","text_after_row_header":"<p>Chaque enfant m\u00e9rite de se sentir sp\u00e9cial pendant les F\u00eates. Ces organismes de bienfaisance de No\u00ebl veillent \u00e0 ce que chaque enfant re\u00e7oive un cadeau de No\u00ebl en cette p\u00e9riode des F\u00eates.<\/p>\n","card_settings":[{"card_name":"P\u00e8re No\u00ebl Sans Fronti\u00e8res","card_type":"charity","id":"114007","display_categories":true,"display_image":true,"display_address":true,"display_summary":true,"display_campaign_types":true,"display_progress":true,"link_or_button":"link","card_link_text":""},{"card_name":"Le GRAND NANAIMO TOY DRIVE","card_type":"charity","id":"68379","display_categories":true,"display_image":true,"display_address":true,"display_summary":true,"display_campaign_types":true,"display_progress":true,"link_or_button":"link","card_link_text":""},{"card_name":"Op\u00e9ration P\u00e8re No\u00ebl \/ Operation Santa Claus","card_type":"charity","id":"106261","display_categories":true,"display_image":true,"display_address":true,"display_summary":true,"display_campaign_types":true,"display_progress":true,"link_or_button":"link","card_link_text":""}]},{"row_header":"Fournissez du r\u00e9confort \u00e0 ceux qui sont loin de leurs \u00eatres chers lorsque vous donnez \u00e0 ces \u0153uvres de bienfaisance de No\u00ebl.","row_link_text":"","row_link_url":"","trigger_masonry_layout":false,"text_before_row":"","text_after_row":"","text_after_row_header":"<p>La saison des F\u00eates peut \u00eatre isolante pour ceux qui n&#8217;ont pas leurs proches \u00e0 proximit\u00e9. Ces \u0153uvres de bienfaisance de No\u00ebl offrent aux personnes \u00e2g\u00e9es, aux femmes dans les refuges et aux personnes vivant avec le VIH ou le sida des vacances inoubliables.<\/p>\n","card_settings":[{"card_name":"FONDATION LES P'TITS LUTINS","card_type":"charity","id":"81669","display_categories":true,"display_image":true,"display_address":true,"display_summary":true,"display_campaign_types":true,"display_progress":true,"link_or_button":"link","card_link_text":""},{"card_name":"l'Op\u00e9ration bo\u00eete \u00e0 chaussures pour femmes ","card_type":"charity","id":"108034","display_categories":true,"display_image":true,"display_address":true,"display_summary":true,"display_campaign_types":true,"display_progress":true,"link_or_button":"link","card_link_text":""},{"card_name":"LES PETITS FRERES ","card_type":"charity","id":"22652","display_categories":true,"display_image":true,"display_address":true,"display_summary":true,"display_campaign_types":true,"display_progress":true,"link_or_button":"link","card_link_text":""}]},{"row_header":"Parcourez les organismes de bienfaisance donnant des paniers de No\u00ebl aux familles dans le besoin.","row_link_text":"","row_link_url":"","trigger_masonry_layout":false,"text_before_row":"","text_after_row":"","text_after_row_header":"<p>Ces organismes de bienfaisance de No\u00ebl offrent aux familles \u00e0 faible revenu partout au pays tout le n\u00e9cessaire pour f\u00eater No\u00ebl! Aidez \u00e0 remplir un panier pour soutenir une famille dans le besoin. S&#8217;il vous pla\u00eet, faites un don en ligne aujourd&#8217;hui.<\/p>\n","card_settings":[{"card_name":"Cadeau d'espoir","card_type":"charity","id":"108468","display_categories":true,"display_image":true,"display_address":true,"display_summary":true,"display_campaign_types":true,"display_progress":true,"link_or_button":"link","card_link_text":""},{"card_name":"\u00c9CHANGE COEUR ET PARTAGE","card_type":"charity","id":"41387","display_categories":true,"display_image":true,"display_address":true,"display_summary":true,"display_campaign_types":true,"display_progress":true,"link_or_button":"link","card_link_text":""},{"card_name":"ACTION NOUVELLE VIE","card_type":"charity","id":"48474","display_categories":true,"display_image":true,"display_address":true,"display_summary":true,"display_campaign_types":true,"display_progress":true,"link_or_button":"link","card_link_text":""},{"card_name":"Hants Christmas Angels","card_type":"charity","id":"102004","display_categories":true,"display_image":true,"display_address":true,"display_summary":true,"display_campaign_types":true,"display_progress":true,"link_or_button":"link","card_link_text":""},{"card_name":"Paroisse Saint-Fran\u00e7ois-Xavier","card_type":"charity","id":"28962","display_categories":true,"display_image":true,"display_address":true,"display_summary":true,"display_campaign_types":true,"display_progress":true,"link_or_button":"link","card_link_text":""}]}],"insert_spotlight_boxes":false,"use_biography_grid":false,"min_banner_height":"280","header_title":"<p>Dons de bienfaisance de No\u00ebl &#8211; O\u00f9 donner cette saison des F\u00eates<\/p>\n","explanatory_text":"<p>La saison de No\u00ebl peut \u00eatre une p\u00e9riode difficile pour beaucoup d&#8217;entre nous. Alors que les Canadiens commencent \u00e0 ressentir le froid de l&#8217;hiver, vous pouvez contribuer \u00e0 r\u00e9chauffer des c\u0153urs en faisant un don \u00e0 des \u0153uvres de bienfaisance de No\u00ebl. Lorsque vous faites un don \u00e0 des \u0153uvres de bienfaisance de No\u00ebl, vous vous assurez qu&#8217;un enfant a un cadeau sous le sapin, qu&#8217;une famille locale a suffisamment de nourriture pour son souper des F\u00eates et que tout le monde vive la joie et la magie de No\u00ebl. Votre don fournira \u00e9galement des articles essentiels tels que des v\u00eatements chauds et des aliments, un abri et d&#8217;autres services aux personnes en situation de pauvret\u00e9, d&#8217;itin\u00e9rance ou d&#8217;isolement.<\/p>\n","button_text":"","button_link":""},"yoast_head":"<!-- This site is optimized with the Yoast SEO plugin v26.0 - https:\/\/yoast.com\/wordpress\/plugins\/seo\/ -->\n<title>Faites un don aux organismes de No\u00ebl | CanaDon - Faites des dons \u00e0 un organisme de bienfaisance au Canada<\/title>\n<meta name=\"robots\" content=\"index, follow, max-snippet:-1, max-image-preview:large, max-video-preview:-1\" \/>\n<link rel=\"canonical\" href=\"https:\/\/www.canadahelps.org\/fr\/faites-un-don-aux-organismes-de-noel\/\" \/>\n<meta property=\"og:locale\" content=\"fr_FR\" \/>\n<meta property=\"og:type\" content=\"article\" \/>\n<meta property=\"og:title\" content=\"Faites un don aux organismes de No\u00ebl | CanaDon - Faites des dons \u00e0 un organisme de bienfaisance au Canada\" \/>\n<meta property=\"og:description\" content=\"Un don de bienfaisance qui redonne! Envoyez une carte \u00e9lectronique personnalis\u00e9e Lorsque vous faites un don, s\u00e9lectionnez l\u2019option de donner en l\u2019honneur ou la m\u00e9moire ... Voir plus\" \/>\n<meta property=\"og:url\" content=\"https:\/\/www.canadahelps.org\/fr\/faites-un-don-aux-organismes-de-noel\/\" \/>\n<meta property=\"og:site_name\" content=\"CanaDon - Faites des dons \u00e0 un organisme de bienfaisance au Canada\" \/>\n<meta property=\"article:modified_time\" content=\"2023-11-08T18:57:42+00:00\" \/>\n<meta property=\"og:image\" content=\"https:\/\/www.canadahelps.org\/media\/20191024_Christmas-egift-card-revised_FR.png\" \/>\n<meta name=\"twitter:card\" content=\"summary_large_image\" \/>\n<meta name=\"twitter:label1\" content=\"Est. reading time\" \/>\n\t<meta name=\"twitter:data1\" content=\"1 minute\" \/>\n<script type=\"application\/ld+json\" class=\"yoast-schema-graph\">{\"@context\":\"https:\/\/schema.org\",\"@graph\":[{\"@type\":\"WebPage\",\"@id\":\"https:\/\/www.canadahelps.org\/fr\/faites-un-don-aux-organismes-de-noel\/\",\"url\":\"https:\/\/www.canadahelps.org\/fr\/faites-un-don-aux-organismes-de-noel\/\",\"name\":\"Faites un don aux organismes de No\u00ebl | CanaDon - Faites des dons \u00e0 un organisme de bienfaisance au Canada\",\"isPartOf\":{\"@id\":\"https:\/\/www.canadahelps.org\/fr\/#website\"},\"primaryImageOfPage\":{\"@id\":\"https:\/\/www.canadahelps.org\/fr\/faites-un-don-aux-organismes-de-noel\/#primaryimage\"},\"image\":{\"@id\":\"https:\/\/www.canadahelps.org\/fr\/faites-un-don-aux-organismes-de-noel\/#primaryimage\"},\"thumbnailUrl\":\"https:\/\/www.canadahelps.org\/media\/20191024_Christmas-egift-card-revised_FR.png\",\"datePublished\":\"2019-10-16T20:09:11+00:00\",\"dateModified\":\"2023-11-08T18:57:42+00:00\",\"breadcrumb\":{\"@id\":\"https:\/\/www.canadahelps.org\/fr\/faites-un-don-aux-organismes-de-noel\/#breadcrumb\"},\"inLanguage\":\"fr\",\"potentialAction\":[{\"@type\":\"ReadAction\",\"target\":[\"https:\/\/www.canadahelps.org\/fr\/faites-un-don-aux-organismes-de-noel\/\"]}]},{\"@type\":\"ImageObject\",\"inLanguage\":\"fr\",\"@id\":\"https:\/\/www.canadahelps.org\/fr\/faites-un-don-aux-organismes-de-noel\/#primaryimage\",\"url\":\"https:\/\/www.canadahelps.org\/media\/20191024_Christmas-egift-card-revised_FR.png\",\"contentUrl\":\"https:\/\/www.canadahelps.org\/media\/20191024_Christmas-egift-card-revised_FR.png\"},{\"@type\":\"BreadcrumbList\",\"@id\":\"https:\/\/www.canadahelps.org\/fr\/faites-un-don-aux-organismes-de-noel\/#breadcrumb\",\"itemListElement\":[{\"@type\":\"ListItem\",\"position\":1,\"name\":\"Home\",\"item\":\"https:\/\/www.canadahelps.org\/fr\/\"},{\"@type\":\"ListItem\",\"position\":2,\"name\":\"Faites un don aux organismes de No\u00ebl\"}]},{\"@type\":\"WebSite\",\"@id\":\"https:\/\/www.canadahelps.org\/fr\/#website\",\"url\":\"https:\/\/www.canadahelps.org\/fr\/\",\"name\":\"CanadaHelps - Donate to any charity in Canada\",\"description\":\"Le don en toute simplicit\u00e9\",\"publisher\":{\"@id\":\"https:\/\/www.canadahelps.org\/fr\/#organization\"},\"potentialAction\":[{\"@type\":\"SearchAction\",\"target\":{\"@type\":\"EntryPoint\",\"urlTemplate\":\"https:\/\/www.canadahelps.org\/fr\/?s={search_term_string}\"},\"query-input\":{\"@type\":\"PropertyValueSpecification\",\"valueRequired\":true,\"valueName\":\"search_term_string\"}}],\"inLanguage\":\"fr\"},{\"@type\":\"Organization\",\"@id\":\"https:\/\/www.canadahelps.org\/fr\/#organization\",\"name\":\"CanadaHelps\",\"url\":\"https:\/\/www.canadahelps.org\/fr\/\",\"logo\":{\"@type\":\"ImageObject\",\"inLanguage\":\"fr\",\"@id\":\"https:\/\/www.canadahelps.org\/fr\/#\/schema\/logo\/image\/\",\"url\":\"https:\/\/www.canadahelps.org\/media\/canadahelps-en.jpg\",\"contentUrl\":\"https:\/\/www.canadahelps.org\/media\/canadahelps-en.jpg\",\"width\":131,\"height\":72,\"caption\":\"CanadaHelps\"},\"image\":{\"@id\":\"https:\/\/www.canadahelps.org\/fr\/#\/schema\/logo\/image\/\"}}]}<\/script>\n<!-- \/ Yoast SEO plugin. -->","yoast_head_json":{"title":"Faites un don aux organismes de No\u00ebl | CanaDon - Faites des dons \u00e0 un organisme de bienfaisance au Canada","robots":{"index":"index","follow":"follow","max-snippet":"max-snippet:-1","max-image-preview":"max-image-preview:large","max-video-preview":"max-video-preview:-1"},"canonical":"https:\/\/www.canadahelps.org\/fr\/faites-un-don-aux-organismes-de-noel\/","og_locale":"fr_FR","og_type":"article","og_title":"Faites un don aux organismes de No\u00ebl | CanaDon - Faites des dons \u00e0 un organisme de bienfaisance au Canada","og_description":"Un don de bienfaisance qui redonne! Envoyez une carte \u00e9lectronique personnalis\u00e9e Lorsque vous faites un don, s\u00e9lectionnez l\u2019option de donner en l\u2019honneur ou la m\u00e9moire ... Voir plus","og_url":"https:\/\/www.canadahelps.org\/fr\/faites-un-don-aux-organismes-de-noel\/","og_site_name":"CanaDon - Faites des dons \u00e0 un organisme de bienfaisance au Canada","article_modified_time":"2023-11-08T18:57:42+00:00","og_image":[{"url":"https:\/\/www.canadahelps.org\/media\/20191024_Christmas-egift-card-revised_FR.png","type":"","width":"","height":""}],"twitter_card":"summary_large_image","twitter_misc":{"Est. reading time":"1 minute"},"schema":{"@context":"https:\/\/schema.org","@graph":[{"@type":"WebPage","@id":"https:\/\/www.canadahelps.org\/fr\/faites-un-don-aux-organismes-de-noel\/","url":"https:\/\/www.canadahelps.org\/fr\/faites-un-don-aux-organismes-de-noel\/","name":"Faites un don aux organismes de No\u00ebl | CanaDon - Faites des dons \u00e0 un organisme de bienfaisance au Canada","isPartOf":{"@id":"https:\/\/www.canadahelps.org\/fr\/#website"},"primaryImageOfPage":{"@id":"https:\/\/www.canadahelps.org\/fr\/faites-un-don-aux-organismes-de-noel\/#primaryimage"},"image":{"@id":"https:\/\/www.canadahelps.org\/fr\/faites-un-don-aux-organismes-de-noel\/#primaryimage"},"thumbnailUrl":"https:\/\/www.canadahelps.org\/media\/20191024_Christmas-egift-card-revised_FR.png","datePublished":"2019-10-16T20:09:11+00:00","dateModified":"2023-11-08T18:57:42+00:00","breadcrumb":{"@id":"https:\/\/www.canadahelps.org\/fr\/faites-un-don-aux-organismes-de-noel\/#breadcrumb"},"inLanguage":"fr","potentialAction":[{"@type":"ReadAction","target":["https:\/\/www.canadahelps.org\/fr\/faites-un-don-aux-organismes-de-noel\/"]}]},{"@type":"ImageObject","inLanguage":"fr","@id":"https:\/\/www.canadahelps.org\/fr\/faites-un-don-aux-organismes-de-noel\/#primaryimage","url":"https:\/\/www.canadahelps.org\/media\/20191024_Christmas-egift-card-revised_FR.png","contentUrl":"https:\/\/www.canadahelps.org\/media\/20191024_Christmas-egift-card-revised_FR.png"},{"@type":"BreadcrumbList","@id":"https:\/\/www.canadahelps.org\/fr\/faites-un-don-aux-organismes-de-noel\/#breadcrumb","itemListElement":[{"@type":"ListItem","position":1,"name":"Home","item":"https:\/\/www.canadahelps.org\/fr\/"},{"@type":"ListItem","position":2,"name":"Faites un don aux organismes de No\u00ebl"}]},{"@type":"WebSite","@id":"https:\/\/www.canadahelps.org\/fr\/#website","url":"https:\/\/www.canadahelps.org\/fr\/","name":"CanadaHelps - Donate to any charity in Canada","description":"Le don en toute simplicit\u00e9","publisher":{"@id":"https:\/\/www.canadahelps.org\/fr\/#organization"},"potentialAction":[{"@type":"SearchAction","target":{"@type":"EntryPoint","urlTemplate":"https:\/\/www.canadahelps.org\/fr\/?s={search_term_string}"},"query-input":{"@type":"PropertyValueSpecification","valueRequired":true,"valueName":"search_term_string"}}],"inLanguage":"fr"},{"@type":"Organization","@id":"https:\/\/www.canadahelps.org\/fr\/#organization","name":"CanadaHelps","url":"https:\/\/www.canadahelps.org\/fr\/","logo":{"@type":"ImageObject","inLanguage":"fr","@id":"https:\/\/www.canadahelps.org\/fr\/#\/schema\/logo\/image\/","url":"https:\/\/www.canadahelps.org\/media\/canadahelps-en.jpg","contentUrl":"https:\/\/www.canadahelps.org\/media\/canadahelps-en.jpg","width":131,"height":72,"caption":"CanadaHelps"},"image":{"@id":"https:\/\/www.canadahelps.org\/fr\/#\/schema\/logo\/image\/"}}]}},"_links":{"self":[{"href":"https:\/\/www.canadahelps.org\/fr\/wp-json\/wp\/v2\/pages\/27428","targetHints":{"allow":["GET"]}}],"collection":[{"href":"https:\/\/www.canadahelps.org\/fr\/wp-json\/wp\/v2\/pages"}],"about":[{"href":"https:\/\/www.canadahelps.org\/fr\/wp-json\/wp\/v2\/types\/page"}],"author":[{"embeddable":true,"href":"https:\/\/www.canadahelps.org\/fr\/wp-json\/wp\/v2\/users\/30"}],"replies":[{"embeddable":true,"href":"https:\/\/www.canadahelps.org\/fr\/wp-json\/wp\/v2\/comments?post=27428"}],"version-history":[{"count":9,"href":"https:\/\/www.canadahelps.org\/fr\/wp-json\/wp\/v2\/pages\/27428\/revisions"}],"predecessor-version":[{"id":50904,"href":"https:\/\/www.canadahelps.org\/fr\/wp-json\/wp\/v2\/pages\/27428\/revisions\/50904"}],"wp:attachment":[{"href":"https:\/\/www.canadahelps.org\/fr\/wp-json\/wp\/v2\/media?parent=27428"}],"curies":[{"name":"wp","href":"https:\/\/api.w.org\/{rel}","templated":true}]}}