{"id":27763,"date":"2019-11-13T10:01:19","date_gmt":"2019-11-13T15:01:19","guid":{"rendered":"https:\/\/www.canadahelps.org\/?page_id=27763"},"modified":"2020-06-04T13:26:39","modified_gmt":"2020-06-04T17:26:39","slug":"fonds-environnement","status":"publish","type":"page","link":"https:\/\/www.canadahelps.org\/fr\/fonds-cause-vieille\/fonds-environnement\/","title":{"rendered":"Fonds Environnment"},"content":{"rendered":"<style>html{background-color:#fff}.w1920{max-width:1920px;margin:0 auto}.w1280{max-width:1280px;margin:0 auto}#header{width:100%;background:#81b4c4}#banner{background-image:url(https:\/\/www.canadahelps.org\/media\/20191108_environment-hero-image.jpg);background-repeat:no-repeat;background-position:bottom;background-size:cover;height:400px;max-width:1280px;margin:0 auto;padding:40px 0 0 0;margin-bottom:50px}.hide{display:none}button{display:inline;background:0 0;border:0;outline:0;font-weight:700}.dnimg{padding:5px}#banner-grid{display:flex;flex-direction:row;justify-content:flex-start;align-items:flex-start;width:80%;max-width:960px;margin:0 auto}.banner-item{color:#fff;margin-top:70px;text-align:left}.banner-item h1{color:#fff;font-size:42px}.banner-item h2{text-transform:uppercase;font-size:24px;color:#fff}.banner-item img{width:200px}#fund-body{width:90%;display:grid;grid-column:auto;grid-auto-flow:column;grid-template-columns:1fr 400px;grid-gap:30px;grid-template-rows:max-content;margin:0 auto}#main-footer.full-footer{border-top:4px solid #f1f2f2}.fund-body-left-col{grid-column:1}.fund-body-right-col{grid-column:2;grid-row:1\/span 2}#cdf-area{position:sticky;top:10px;height:1200px}.fund-body-left-col-bottom{grid-column:1}.fund-body-left-col h2{text-transform:uppercase;font-size:14px;margin-top:5px}.fund-body-left-col-bottom h2{text-transform:uppercase;font-size:14px;margin-top:5px}#highlightblock{min-height:100px}.fund-body-right-col img{width:100%}.spacer{margin:50px 0 50px 0}.three-col-fund-body{display:grid;grid-gap:20px;grid-column:auto;grid-auto-flow:column;grid-template-columns:1fr 1fr 1fr;width:100%;margin:0 auto}.three-col-item img{max-width:150px}.two-col-fund-body{display:flex;flex-direction:row;justify-content:flex-start;align-items:flex-start;width:100%;margin:0 auto}.two-col-fb-item{padding:10px 10px 10px 10px}.two-col-fb-item:first-child{text-align:left;padding:0}.two-col-fb-item img{width:70px;margin:0 auto}.testimonial{text-align:center;width:80%;margin:0 auto;font-size:18px}.ftr-wave-top img{vertical-align:bottom;border:0;width:100%}.ftr-wave-header-txt{background-color:#1967ab;padding:30px 0 30px 0;text-align:center}.ftr-wave-header-txt h2{color:#fff;font-size:23px}.ftr-wave-grid-container{display:inline-grid;grid-template-columns:1fr 1fr 1fr;grid-auto-flow:column;padding:10px 0;max-width:960px;grid-gap:20px}.ftr-wave-item{text-align:center;width:200px;max-width:300px;margin:0 auto}.ftr-wave-item p{color:#fff;font-size:16px}.ftr-wave-item-txt p{color:#fff;font-size:16px}.ftr-wave-item-txt{max-width:300px;margin:0 auto}.ftr-wave-header-txt .three-col-fund-body{grid-gap:10px;width:50%;padding:0;height:30px}.ftr-wave-header-txt .three-col-fund-body .three-col-item{vertical-align:top;display:table-cell;height:30px}.at-style-responsive .at-share-btn{padding:10px}.at-resp-share-element .at-share-btn{margin:0}.headline{display:inline-flex;flex-direction:row;justify-content:flex-start;align-items:flex-start;margin-bottom:20px}.headline p{margin:0;padding:0;display:none}.flex-item{padding:0 20px 0 0;align-self:flex-start}@media all and (-ms-high-contrast:none),(-ms-high-contrast:active){#fund-body{width:95%;display:grid;display:-ms-grid;-ms-grid-columns:2fr 1fr;grid-template-columns:2fr 1fr;margin:0 auto}.fund-body-left-col{-ms-grid-row:1;-ms-grid-column:1}.fund-body-right-col{-ms-grid-row:1;-ms-grid-column:2;-ms-grid-row-span:2}.ie-sticky{position:fixed;width:405px!important}.fund-body-left-col-bottom{-ms-grid-row:2;-ms-grid-column:1}.two-col-fb-item:first-child{text-align:left;padding:0 30px 20px 0}.two-col-fb-item img{width:70px;margin:0 auto}.ftr-wave-grid-container{display:table;margin:0 auto;max-width:960px}.ftr-wave-item{display:table-cell}.ftr-wave-header-txt .three-col-fund-body{display:table;width:50%;padding:0;height:30px}.igsv-chart{width:70%}}@media screen and (max-width:992px){#fund-body{width:100%;grid-auto-flow:row}}@media screen and (max-width:768px){.w1920{width:100%}.w1280{width:100%}#banner{padding:10px 0 0 0;margin-bottom:0}#banner-grid{display:flex;flex-direction:column;justify-content:flex-start;align-items:flex-start;width:80%;max-width:960px;margin:0 auto}.banner-item{margin:0;width:100%}.banner-item h1{color:#fff;font-size:24px}.banner-item h2{font-size:16px;color:#fff}#fund-body{-ms-grid-columns:1fr;grid-template-columns:1fr;grid-auto-flow:row;width:100%}.fund-body-left-col{width:100%;-ms-grid-row:1;grid-row:1;height:auto;padding:20px}.fund-body-left-col-bottom{width:100%;-ms-grid-row:3;grid-row:3;padding:20px}.fund-body-right-col{width:100%;grid-column:1;-ms-grid-row:2;grid-row:2}#cdf-area{position:static;height:auto;grid-column:1;grid-row:2}.ie-sticky{position:static;height:auto}.fund-body-right-col img{width:100%}.igsv-chart{width:100%;min-height:300px;height:auto}.dnimg{width:60%}_:-ms-fullscreen,:root #banner-grid{display:flex;flex-direction:column;width:85%;margin:0 auto}_:-ms-fullscreen,:root .banner-item{text-align:center;width:100%}_:-ms-fullscreen,:root #fund-body{display:grid;grid-auto-flow:column;display:-ms-grid}_:-ms-fullscreen,:root .fund-body-left-col{-ms-grid-row:1;-ms-grid-column:1}_:-ms-fullscreen,:root .fund-body-right-col{-ms-grid-column:1;-ms-grid-row:2;-ms-grid-row-span:1}_:-ms-fullscreen,:root .fund-body-left-col-bottom{-ms-grid-column:1;-ms-grid-row:3}}@media screen and (max-width:640px){#banner{padding:10px 0 0 0;margin-bottom:0}.three-col-fund-body{width:100%}.two-col-fund-body{width:100%}.ftr-wave-grid-container{grid-gap:20px;grid-template-columns:1fr;grid-auto-flow:row;padding:10px 50px}}<\/style>\n<p><script type=\"text\/javascript\" src=\"\/\/s7.addthis.com\/js\/300\/addthis_widget.js#pubid=ra-53b5b64f337201b0\"><\/script><\/p>\n<div id=\"header\">\n<div class=\"w1920\">\n<div id=\"banner\" title=\"Environment\" >\n<div id=\"banner-grid\">\n<div class=\"banner-item\"><img decoding=\"async\" src=\"https:\/\/www.canadahelps.org\/media\/protect-the-environment-static.png\" alt=\"Environment\" title=\"Environment\" \/><\/div>\n<div class=\"banner-item\">\n<h1>Montrez votre soutien pour l&#8217;environnement! Faites un don au Fonds CanaDon pour l&#8217;environnement.<\/h1>\n<h2>Voici un nouveau moyen simple de donner.<\/h2>\n<\/div>\n<\/div>\n<\/div>\n<\/div>\n<\/div>\n<div class=\"w1920\">\n<div class=\"w1280\">\n<div id=\"fund-body\">\n<div class=\"fund-body-left-col\">\n<div class=\"headline\"><img decoding=\"async\" class=\"flex-item\" src=\"https:\/\/www.canadahelps.org\/media\/20191104f.png\"><\/p>\n<h2 class=\"flex-item\">Prot\u00e9gez l&#8217;environnement pour cette g\u00e9n\u00e9ration et les g\u00e9n\u00e9rations \u00e0 venir!<\/h2>\n<\/div>\n<p>Votre don d\u00e9ductible d&#8217;imp\u00f4t ira au travail critique pour la protection de notre environnement. Avec un seul don, vous soutiendrez de nombreux organismes de bienfaisance enregistr\u00e9s qui \u0153uvrent tous pour apporter des changements majeurs. De plus, votre don est mis en commun avec d&#8217;autres pour aider \u00e0 obtenir des effets \u00e0 grande \u00e9chelle.<\/p>\n<p>Aidez-nous \u00e0 lutter contre le changement climatique, \u00e0 prot\u00e9ger notre eau, notre air et nos habitats naturels et \u00e0 assurer la sant\u00e9 de notre plan\u00e8te pour les g\u00e9n\u00e9rations pr\u00e9sentes et futures.<\/p>\n<p>Faites un don aujourd&#8217;hui et faites du monde un meilleur endroit. De plus, obtenez instantan\u00e9ment un re\u00e7u d&#8217;imp\u00f4t de bienfaisance!<\/p>\n<p>&nbsp;<br \/>\n&nbsp;<\/p>\n<div id=\"highlightblock\">\n<script id=\"ch_cdf_highlights\" type=\"text\/javascript\" src=\"https:\/\/www.canadahelps.org\/secure\/js\/cdf_highlights.js\" data-end-date=\"2020-07-01\" data-form-id=\"44158\" charset=\"utf-8\"><\/script><\/div>\n<\/div>\n<div class=\"fund-body-left-col-bottom\">\n<div class=\"headline\"><img decoding=\"async\" class=\"flex-item\" src=\"https:\/\/www.canadahelps.org\/media\/20191104g.png\"><\/p>\n<h2 class=\"flex-item\">Ce que les gens disent<\/h2>\n<\/div>\n<div class=\"testimonial\">&#8220;Quelle belle fa\u00e7on de soutenir des organismes de bienfaisance qui aident la m\u00eame cause. J&#8217;adore que cela me permette d&#8217;aider de nombreux organismes de bienfaisance \u00e0 faire un travail remarquable pour prot\u00e9ger la plan\u00e8te en un seul don.&#8221;<br \/><b>&#8211; Larisa Petriw<\/b><\/div>\n<hr class=\"grey\" \/>\n<div class=\"headline\"><img decoding=\"async\" class=\"flex-item\" src=\"https:\/\/www.canadahelps.org\/media\/20191104e.png\"><\/p>\n<h2 class=\"flex-item\">De quoi est compos\u00e9 le fonds CanaDon d&#8217;Environment<\/h2>\n<\/div>\n<p>Le Fonds CanaDon pour l&#8217;environnement comprend plus de 537 organismes de bienfaisance enregistr\u00e9s qui s\u2019emploient \u00e0 prot\u00e9ger notre environnement et \u00e0 prot\u00e9ger nos parcs et nos for\u00eats.<\/p>\n<p>Pour que les dons atteignent facilement et efficacement les organismes de bienfaisance, ceux-ci doivent \u00eatre l\u2019un des 19 000 organismes de bienfaisance enregistr\u00e9s au d\u00e9boursement \u00e9lectronique des fonds de la part de CanaDon. Les fonds sont transf\u00e9r\u00e9s \u00e0 la fin de chaque trimestre. Nous mettons r\u00e9guli\u00e8rement \u00e0 jour la liste des organismes de bienfaisance dans le Fonds CanaDon pour l&#8217;environnement. Pour demander une copie de la liste la plus r\u00e9cente, <a href=\"https:\/\/www.canadahelps.org\/fr\/contactez-nous\/\">contactez-nous<\/a>.<\/p>\n<hr class=\"grey\" \/>\n<div class=\"headline\">\n<img decoding=\"async\" class=\"flex-item\" src=\"https:\/\/www.canadahelps.org\/media\/20191104h.png\"><\/p>\n<h2 class=\"flex-item\">Pourquoi faire un don pour provoquer des fonds sur CanaDon?<\/h2>\n<\/div>\n<div class=\"two-col-fund-body\">\n<div class=\"two-col-fb-item\"><img decoding=\"async\" src=\"https:\/\/www.canadahelps.org\/media\/Group-1037.png\"\/><\/div>\n<div class=\"two-col-fb-item\"><b>Le pouvoir de plusieurs<\/b><br \/>\nJoignez-vous \u00e0 d&#8217;autres et appuyez des centaines d&#8217;organismes de bienfaisance qui font une diff\u00e9rence avec un seul don!<\/div>\n<\/div>\n<div class=\"two-col-fund-body\">\n<div class=\"two-col-fb-item\"><img decoding=\"async\" src=\"https:\/\/www.canadahelps.org\/media\/Group-1038.png\"\/><\/div>\n<div class=\"two-col-fb-item\"><b>Votre don sera mis au travail<\/b><br \/>\nVous pouvez \u00eatre assur\u00e9 que votre don ira \u00e0 des organismes de bienfaisance enregistr\u00e9s aupr\u00e8s de l&#8217;ARC. Vous recevez \u00e9galement un re\u00e7u d\u2019imp\u00f4t, qui peut vous aider \u00e0 r\u00e9duire vos imp\u00f4ts.<\/div>\n<\/div>\n<div class=\"two-col-fund-body\">\n<div class=\"two-col-fb-item\"><img decoding=\"async\" src=\"https:\/\/www.canadahelps.org\/media\/Group-1039.png\"\/><\/div>\n<div class=\"two-col-fb-item\"><b>Impact important et r\u00e9sultats r\u00e9els<\/b><br \/>\nSoutenez un large \u00e9ventail d\u2019organisations caritatives et d\u2019initiatives qui donnent des r\u00e9sultats concrets, quels que soient vos objectifs!<\/div>\n<\/div>\n<hr class=\"grey\" \/>\n<p><script\n              id=\"ch_supporters_wall\"\n              type=\"text\/javascript\"\n              src=\"https:\/\/www.canadahelps.org\/secure\/js\/embed_supporters_wall.js\"\n              charset=\"utf-8\"\n              data-language=\"fr\"\n              data-form-id=\"44158\"\n              data-root-url=\"https:\/\/www.canadahelps.org\"\n              data-cfasync=\"false\"\n            ><\/script><\/p>\n<hr class=\"grey\" \/>\n<div class=\"headline\">\n<img decoding=\"async\" class=\"flex-item\" src=\"https:\/\/www.canadahelps.org\/media\/20191104d.png\"><\/p>\n<h2 class=\"flex-item\">Partager cette page<\/h2>\n<\/div>\n<div class=\"addthis_inline_share_toolbox_ajhx\"  style=\"max-width:1280px; margin:0 auto; text-align:left \"><\/div>\n<\/div>\n<div id=\"cdf-area\" class=\"fund-body-right-col\">\n<img decoding=\"async\" class=\"dnimg\" src=\"https:\/\/www.canadahelps.org\/media\/FaitesUnDon.png\"><br \/>\n<script id=\"ch_cdn_embed\" type='text\/javascript' src=\"https:\/\/www.canadahelps.org\/secure\/js\/cdf_embed.js\" charset='utf-8' data-language=\"fr\" data-page-id=\"44158\" data-root-url=\"https:\/\/www.canadahelps.org\" data-formtype=\"5\" data-cfasync=\"false\"><\/script>\n<\/div>\n<\/div>\n<\/div>\n<p><!-- this script applies the css sticky effect for Internet Explorers --><br \/>\n<script>window.onscroll = function() {myFunction()};\nvar header = document.getElementById(\"cdf-area\");\nvar sticky = header.offsetTop;\nfunction myFunction() {\n  if (window.pageYOffset > sticky) {\n    header.classList.add(\"ie-sticky\");\n  } else {\n    header.classList.remove(\"ie-sticky\");\n  }\n}<\/script><\/p>\n<div class=\"ftr-wave-top\"><img decoding=\"async\" src=\"https:\/\/www.canadahelps.org\/media\/graywave.png\" \/><\/div>\n<\/div>\n","protected":false},"excerpt":{"rendered":"<p>Montrez votre soutien pour l&#8217;environnement! Faites un don au Fonds CanaDon pour l&#8217;environnement. Voici un nouveau moyen simple de donner. Prot\u00e9gez l&#8217;environnement pour cette g\u00e9n\u00e9ration &#8230; <a href=\"https:\/\/www.canadahelps.org\/fr\/fonds-cause-vieille\/fonds-environnement\/\" id=\"canadahelp-blog-meta\">Voir plus<\/a><\/p>\n","protected":false},"author":30,"featured_media":0,"parent":27668,"menu_order":0,"comment_status":"closed","ping_status":"closed","template":"template-fullwidth-page.php","meta":{"footnotes":""},"class_list":["post-27763","page","type-page","status-publish","hentry"],"acf":{"meta_description":"","use_toc_layout":false,"additional_body_css_classes":"","hide_page_title":false,"row_settings":false,"insert_spotlight_boxes":false,"use_biography_grid":false},"yoast_head":"<!-- This site is optimized with the Yoast SEO plugin v26.0 - https:\/\/yoast.com\/wordpress\/plugins\/seo\/ -->\n<title>Fonds Environnment | CanadaHelps - Donate to any charity in Canada<\/title>\n<meta name=\"robots\" content=\"index, follow, max-snippet:-1, max-image-preview:large, max-video-preview:-1\" \/>\n<link rel=\"canonical\" href=\"https:\/\/www.canadahelps.org\/fr\/fonds-cause-vieille\/fonds-environnement\/\" \/>\n<meta property=\"og:locale\" content=\"fr_FR\" \/>\n<meta property=\"og:type\" content=\"article\" \/>\n<meta property=\"og:title\" content=\"Fonds Environnment | CanadaHelps - Donate to any charity in Canada\" \/>\n<meta property=\"og:description\" content=\"Montrez votre soutien pour l&#8217;environnement! Faites un don au Fonds CanaDon pour l&#8217;environnement. Voici un nouveau moyen simple de donner. Prot\u00e9gez l&#8217;environnement pour cette g\u00e9n\u00e9ration ... Voir plus\" \/>\n<meta property=\"og:url\" content=\"https:\/\/www.canadahelps.org\/fr\/fonds-cause-vieille\/fonds-environnement\/\" \/>\n<meta property=\"og:site_name\" content=\"CanadaHelps - Donate to any charity in Canada\" \/>\n<meta property=\"article:modified_time\" content=\"2020-06-04T17:26:39+00:00\" \/>\n<meta property=\"og:image\" content=\"https:\/\/www.canadahelps.org\/media\/protect-the-environment-static.png\" \/>\n<meta name=\"twitter:card\" content=\"summary_large_image\" \/>\n<meta name=\"twitter:label1\" content=\"Est. reading time\" \/>\n\t<meta name=\"twitter:data1\" content=\"2 minutes\" \/>\n<script type=\"application\/ld+json\" class=\"yoast-schema-graph\">{\"@context\":\"https:\/\/schema.org\",\"@graph\":[{\"@type\":\"WebPage\",\"@id\":\"https:\/\/www.canadahelps.org\/fr\/fonds-cause-vieille\/fonds-environnement\/\",\"url\":\"https:\/\/www.canadahelps.org\/fr\/fonds-cause-vieille\/fonds-environnement\/\",\"name\":\"Fonds Environnment | CanadaHelps - Donate to any charity in Canada\",\"isPartOf\":{\"@id\":\"https:\/\/www.canadahelps.org\/fr\/#website\"},\"primaryImageOfPage\":{\"@id\":\"https:\/\/www.canadahelps.org\/fr\/fonds-cause-vieille\/fonds-environnement\/#primaryimage\"},\"image\":{\"@id\":\"https:\/\/www.canadahelps.org\/fr\/fonds-cause-vieille\/fonds-environnement\/#primaryimage\"},\"thumbnailUrl\":\"https:\/\/www.canadahelps.org\/media\/protect-the-environment-static.png\",\"datePublished\":\"2019-11-13T15:01:19+00:00\",\"dateModified\":\"2020-06-04T17:26:39+00:00\",\"breadcrumb\":{\"@id\":\"https:\/\/www.canadahelps.org\/fr\/fonds-cause-vieille\/fonds-environnement\/#breadcrumb\"},\"inLanguage\":\"fr\",\"potentialAction\":[{\"@type\":\"ReadAction\",\"target\":[\"https:\/\/www.canadahelps.org\/fr\/fonds-cause-vieille\/fonds-environnement\/\"]}]},{\"@type\":\"ImageObject\",\"inLanguage\":\"fr\",\"@id\":\"https:\/\/www.canadahelps.org\/fr\/fonds-cause-vieille\/fonds-environnement\/#primaryimage\",\"url\":\"https:\/\/www.canadahelps.org\/media\/protect-the-environment-static.png\",\"contentUrl\":\"https:\/\/www.canadahelps.org\/media\/protect-the-environment-static.png\"},{\"@type\":\"BreadcrumbList\",\"@id\":\"https:\/\/www.canadahelps.org\/fr\/fonds-cause-vieille\/fonds-environnement\/#breadcrumb\",\"itemListElement\":[{\"@type\":\"ListItem\",\"position\":1,\"name\":\"Home\",\"item\":\"https:\/\/www.canadahelps.org\/fr\/\"},{\"@type\":\"ListItem\",\"position\":2,\"name\":\"Fonds Cause Vieille\",\"item\":\"https:\/\/www.canadahelps.org\/fr\/fonds-cause-vieille\/\"},{\"@type\":\"ListItem\",\"position\":3,\"name\":\"Fonds Environnment\"}]},{\"@type\":\"WebSite\",\"@id\":\"https:\/\/www.canadahelps.org\/fr\/#website\",\"url\":\"https:\/\/www.canadahelps.org\/fr\/\",\"name\":\"CanadaHelps - Donate to any charity in Canada\",\"description\":\"Giving Made Simple\",\"publisher\":{\"@id\":\"https:\/\/www.canadahelps.org\/fr\/#organization\"},\"potentialAction\":[{\"@type\":\"SearchAction\",\"target\":{\"@type\":\"EntryPoint\",\"urlTemplate\":\"https:\/\/www.canadahelps.org\/fr\/?s={search_term_string}\"},\"query-input\":{\"@type\":\"PropertyValueSpecification\",\"valueRequired\":true,\"valueName\":\"search_term_string\"}}],\"inLanguage\":\"fr\"},{\"@type\":\"Organization\",\"@id\":\"https:\/\/www.canadahelps.org\/fr\/#organization\",\"name\":\"CanadaHelps\",\"url\":\"https:\/\/www.canadahelps.org\/fr\/\",\"logo\":{\"@type\":\"ImageObject\",\"inLanguage\":\"fr\",\"@id\":\"https:\/\/www.canadahelps.org\/fr\/#\/schema\/logo\/image\/\",\"url\":\"https:\/\/www.canadahelps.org\/media\/canadahelps-en.jpg\",\"contentUrl\":\"https:\/\/www.canadahelps.org\/media\/canadahelps-en.jpg\",\"width\":131,\"height\":72,\"caption\":\"CanadaHelps\"},\"image\":{\"@id\":\"https:\/\/www.canadahelps.org\/fr\/#\/schema\/logo\/image\/\"}}]}<\/script>\n<!-- \/ Yoast SEO plugin. -->","yoast_head_json":{"title":"Fonds Environnment | CanadaHelps - Donate to any charity in Canada","robots":{"index":"index","follow":"follow","max-snippet":"max-snippet:-1","max-image-preview":"max-image-preview:large","max-video-preview":"max-video-preview:-1"},"canonical":"https:\/\/www.canadahelps.org\/fr\/fonds-cause-vieille\/fonds-environnement\/","og_locale":"fr_FR","og_type":"article","og_title":"Fonds Environnment | CanadaHelps - Donate to any charity in Canada","og_description":"Montrez votre soutien pour l&#8217;environnement! Faites un don au Fonds CanaDon pour l&#8217;environnement. Voici un nouveau moyen simple de donner. Prot\u00e9gez l&#8217;environnement pour cette g\u00e9n\u00e9ration ... Voir plus","og_url":"https:\/\/www.canadahelps.org\/fr\/fonds-cause-vieille\/fonds-environnement\/","og_site_name":"CanadaHelps - Donate to any charity in Canada","article_modified_time":"2020-06-04T17:26:39+00:00","og_image":[{"url":"https:\/\/www.canadahelps.org\/media\/protect-the-environment-static.png","type":"","width":"","height":""}],"twitter_card":"summary_large_image","twitter_misc":{"Est. reading time":"2 minutes"},"schema":{"@context":"https:\/\/schema.org","@graph":[{"@type":"WebPage","@id":"https:\/\/www.canadahelps.org\/fr\/fonds-cause-vieille\/fonds-environnement\/","url":"https:\/\/www.canadahelps.org\/fr\/fonds-cause-vieille\/fonds-environnement\/","name":"Fonds Environnment | CanadaHelps - Donate to any charity in Canada","isPartOf":{"@id":"https:\/\/www.canadahelps.org\/fr\/#website"},"primaryImageOfPage":{"@id":"https:\/\/www.canadahelps.org\/fr\/fonds-cause-vieille\/fonds-environnement\/#primaryimage"},"image":{"@id":"https:\/\/www.canadahelps.org\/fr\/fonds-cause-vieille\/fonds-environnement\/#primaryimage"},"thumbnailUrl":"https:\/\/www.canadahelps.org\/media\/protect-the-environment-static.png","datePublished":"2019-11-13T15:01:19+00:00","dateModified":"2020-06-04T17:26:39+00:00","breadcrumb":{"@id":"https:\/\/www.canadahelps.org\/fr\/fonds-cause-vieille\/fonds-environnement\/#breadcrumb"},"inLanguage":"fr","potentialAction":[{"@type":"ReadAction","target":["https:\/\/www.canadahelps.org\/fr\/fonds-cause-vieille\/fonds-environnement\/"]}]},{"@type":"ImageObject","inLanguage":"fr","@id":"https:\/\/www.canadahelps.org\/fr\/fonds-cause-vieille\/fonds-environnement\/#primaryimage","url":"https:\/\/www.canadahelps.org\/media\/protect-the-environment-static.png","contentUrl":"https:\/\/www.canadahelps.org\/media\/protect-the-environment-static.png"},{"@type":"BreadcrumbList","@id":"https:\/\/www.canadahelps.org\/fr\/fonds-cause-vieille\/fonds-environnement\/#breadcrumb","itemListElement":[{"@type":"ListItem","position":1,"name":"Home","item":"https:\/\/www.canadahelps.org\/fr\/"},{"@type":"ListItem","position":2,"name":"Fonds Cause Vieille","item":"https:\/\/www.canadahelps.org\/fr\/fonds-cause-vieille\/"},{"@type":"ListItem","position":3,"name":"Fonds Environnment"}]},{"@type":"WebSite","@id":"https:\/\/www.canadahelps.org\/fr\/#website","url":"https:\/\/www.canadahelps.org\/fr\/","name":"CanadaHelps - Donate to any charity in Canada","description":"Giving Made Simple","publisher":{"@id":"https:\/\/www.canadahelps.org\/fr\/#organization"},"potentialAction":[{"@type":"SearchAction","target":{"@type":"EntryPoint","urlTemplate":"https:\/\/www.canadahelps.org\/fr\/?s={search_term_string}"},"query-input":{"@type":"PropertyValueSpecification","valueRequired":true,"valueName":"search_term_string"}}],"inLanguage":"fr"},{"@type":"Organization","@id":"https:\/\/www.canadahelps.org\/fr\/#organization","name":"CanadaHelps","url":"https:\/\/www.canadahelps.org\/fr\/","logo":{"@type":"ImageObject","inLanguage":"fr","@id":"https:\/\/www.canadahelps.org\/fr\/#\/schema\/logo\/image\/","url":"https:\/\/www.canadahelps.org\/media\/canadahelps-en.jpg","contentUrl":"https:\/\/www.canadahelps.org\/media\/canadahelps-en.jpg","width":131,"height":72,"caption":"CanadaHelps"},"image":{"@id":"https:\/\/www.canadahelps.org\/fr\/#\/schema\/logo\/image\/"}}]}},"_links":{"self":[{"href":"https:\/\/www.canadahelps.org\/fr\/wp-json\/wp\/v2\/pages\/27763","targetHints":{"allow":["GET"]}}],"collection":[{"href":"https:\/\/www.canadahelps.org\/fr\/wp-json\/wp\/v2\/pages"}],"about":[{"href":"https:\/\/www.canadahelps.org\/fr\/wp-json\/wp\/v2\/types\/page"}],"author":[{"embeddable":true,"href":"https:\/\/www.canadahelps.org\/fr\/wp-json\/wp\/v2\/users\/30"}],"replies":[{"embeddable":true,"href":"https:\/\/www.canadahelps.org\/fr\/wp-json\/wp\/v2\/comments?post=27763"}],"version-history":[{"count":14,"href":"https:\/\/www.canadahelps.org\/fr\/wp-json\/wp\/v2\/pages\/27763\/revisions"}],"predecessor-version":[{"id":32283,"href":"https:\/\/www.canadahelps.org\/fr\/wp-json\/wp\/v2\/pages\/27763\/revisions\/32283"}],"up":[{"embeddable":true,"href":"https:\/\/www.canadahelps.org\/fr\/wp-json\/wp\/v2\/pages\/27668"}],"wp:attachment":[{"href":"https:\/\/www.canadahelps.org\/fr\/wp-json\/wp\/v2\/media?parent=27763"}],"curies":[{"name":"wp","href":"https:\/\/api.w.org\/{rel}","templated":true}]}}