{"id":27777,"date":"2019-11-13T10:00:01","date_gmt":"2019-11-13T15:00:01","guid":{"rendered":"https:\/\/www.canadahelps.org\/?page_id=27777"},"modified":"2021-09-27T11:51:18","modified_gmt":"2021-09-27T15:51:18","slug":"fonds-winnipeg","status":"publish","type":"page","link":"https:\/\/www.canadahelps.org\/fr\/fonds-cause-vieille\/fonds-winnipeg\/","title":{"rendered":"Fonds Winnipeg"},"content":{"rendered":"<style>html{background-color:#fff}.w1920{max-width:1920px;margin:0 auto}.w1280{max-width:1280px;margin:0 auto}#header{width:100%;background:#5d3838}#banner-winn{background-image:url(https:\/\/www.canadahelps.org\/media\/20191108_winnipeg-hero-image.jpg);background-repeat:no-repeat;background-position:bottom;background-size:cover;height:400px;max-width:1280px;margin:0 auto;padding:40px 0 0 0;margin-bottom:50px}.hide{display:none}button{display:inline;background:0 0;border:0;outline:0;font-weight:700}.dnimg{padding:5px}#legend{display:flex;flex-direction:row;flex-wrap:wrap;justify-content:center;align-items:center;align-content:center}.legend-item{align-self:flex-start;padding:5px}.legend-item img{width:15px}#banner-grid{display:flex;flex-direction:row;justify-content:flex-start;align-items:flex-start;width:80%;max-width:960px;margin:0 auto}.banner-item{color:#fff;margin-top:70px;text-align:left}.banner-item h1{color:#fff;font-size:42px}.banner-item h2{text-transform:uppercase;font-size:24px;color:#fff}#fund-body{width:90%;display:grid;grid-column:auto;grid-auto-flow:column;grid-template-columns:1fr 400px;grid-gap:30px;grid-template-rows:max-content;margin:0 auto}#main-footer.full-footer{border-top:4px solid #f1f2f2}.fund-body-left-col{grid-column:1}.fund-body-right-col{grid-column:2;grid-row:1\/span 2}#cdf-area{position:sticky;top:10px;height:1200px}.fund-body-left-col-bottom{grid-column:1}.fund-body-left-col h2{text-transform:uppercase;font-size:14px;margin-top:5px}.fund-body-left-col-bottom h2{text-transform:uppercase;font-size:14px;margin-top:5px}#highlightblock{min-height:100px}.fund-body-right-col img{width:100%}.spacer{margin:50px 0 50px 0}.three-col-fund-body{display:grid;grid-gap:20px;grid-column:auto;grid-auto-flow:column;grid-template-columns:1fr 1fr 1fr;width:100%;margin:0 auto}.three-col-item img{max-width:150px}.two-col-fund-body{display:flex;flex-direction:row;justify-content:flex-start;align-items:flex-start;width:100%;margin:0 auto}.two-col-fb-item{padding:10px 10px 10px 10px}.two-col-fb-item:first-child{text-align:left;padding:0}.two-col-fb-item img{width:70px;margin:0 auto}.testimonial{text-align:center;width:80%;margin:0 auto;font-size:18px}.ftr-wave-top img{vertical-align:bottom;border:0;width:100%}.ftr-wave-header-txt{background-color:#1967ab;padding:30px 0 30px 0;text-align:center}.ftr-wave-header-txt h2{color:#fff;font-size:23px}.ftr-wave-grid-container{display:inline-grid;grid-template-columns:1fr 1fr 1fr;grid-auto-flow:column;padding:10px 0;max-width:960px;grid-gap:20px}.ftr-wave-item{text-align:center;width:200px;max-width:300px;margin:0 auto}.ftr-wave-item p{color:#fff;font-size:16px}.ftr-wave-item-txt p{color:#fff;font-size:16px}.ftr-wave-item-txt{max-width:300px;margin:0 auto}.ftr-wave-header-txt .three-col-fund-body{grid-gap:10px;width:50%;padding:0;height:30px}.ftr-wave-header-txt .three-col-fund-body .three-col-item{vertical-align:top;display:table-cell;height:30px}.igsv-chart{width:100%;min-height:500px;margin-top:-20px;margin-bottom:-10px;padding:0}.chart{width:100%;min-height:500px}.at-style-responsive .at-share-btn{padding:10px}.at-resp-share-element .at-share-btn{margin:0}.headline{display:inline-flex;flex-direction:row;justify-content:flex-start;align-items:flex-start;margin-bottom:20px}.headline p{margin:0;padding:0;display:none}.flex-item{padding:0 20px 0 0;align-self:flex-start}@media all and (-ms-high-contrast:none),(-ms-high-contrast:active){#fund-body{width:95%;display:grid;display:-ms-grid;-ms-grid-columns:2fr 1fr;grid-template-columns:2fr 1fr;margin:0 auto}.fund-body-left-col{-ms-grid-row:1;-ms-grid-column:1}.fund-body-right-col{-ms-grid-row:1;-ms-grid-column:2;-ms-grid-row-span:2}.ie-sticky{position:fixed;width:405px!important}.fund-body-left-col-bottom{-ms-grid-row:2;-ms-grid-column:1}.two-col-fb-item:first-child{text-align:left;padding:0 30px 20px 0}.two-col-fb-item img{width:70px;margin:0 auto}.ftr-wave-grid-container{display:table;margin:0 auto;max-width:960px}.ftr-wave-item{display:table-cell}.ftr-wave-header-txt .three-col-fund-body{display:table;width:50%;padding:0;height:30px}.igsv-chart{width:70%}}@media screen and (max-width:992px){#fund-body{width:100%;grid-auto-flow:row}}@media screen and (max-width:768px){.w1920{width:100%}.w1280{width:100%}#banner{padding:10px 0 0 0;margin-bottom:0}#banner-grid{display:flex;flex-direction:column;justify-content:flex-start;align-items:flex-start;width:80%;max-width:960px;margin:0 auto}.banner-item{margin:0;width:100%}.banner-item h1{color:#fff;font-size:24px}.banner-item h2{font-size:16px;color:#fff}#fund-body{-ms-grid-columns:1fr;grid-template-columns:1fr;grid-auto-flow:row;width:100%}.fund-body-left-col{width:100%;-ms-grid-row:1;grid-row:1;height:auto;padding:20px}.fund-body-left-col-bottom{width:100%;-ms-grid-row:3;grid-row:3;padding:20px}.fund-body-right-col{width:100%;grid-column:1;-ms-grid-row:2;grid-row:2}#cdf-area{position:static;height:auto;grid-column:1;grid-row:2}.ie-sticky{position:static;height:auto}.fund-body-right-col img{width:100%}.igsv-chart{width:100%;min-height:300px;height:auto}.dnimg{width:60%}_:-ms-fullscreen,:root #banner-grid{display:flex;flex-direction:column;width:85%;margin:0 auto}_:-ms-fullscreen,:root .banner-item{text-align:center;width:100%}_:-ms-fullscreen,:root #fund-body{display:grid;grid-auto-flow:column;display:-ms-grid}_:-ms-fullscreen,:root .fund-body-left-col{-ms-grid-row:1;-ms-grid-column:1}_:-ms-fullscreen,:root .fund-body-right-col{-ms-grid-column:1;-ms-grid-row:2;-ms-grid-row-span:1}_:-ms-fullscreen,:root .fund-body-left-col-bottom{-ms-grid-column:1;-ms-grid-row:3}}@media screen and (max-width:640px){#banner{padding:10px 0 0 0;margin-bottom:0}.three-col-fund-body{width:100%}.two-col-fund-body{width:100%}.ftr-wave-grid-container{grid-gap:20px;grid-template-columns:1fr;grid-auto-flow:row;padding:10px 50px}}<\/style>\n<p><script type=\"text\/javascript\" src=\"\/\/s7.addthis.com\/js\/300\/addthis_widget.js#pubid=ra-53b5b64f337201b0\"><\/script><\/p>\n<div id=\"header\">\n<div class=\"w1920\">\n<div id=\"banner-winn\" title=\"Winnipeg\" >\n<div id=\"banner-grid\">\n<div class=\"banner-item\"><img decoding=\"async\" src=\"https:\/\/www.canadahelps.org\/media\/20191106_winnipeg.png\" alt=\"Winnipeg\" title=\"Winnipeg\" \/><\/div>\n<div class=\"banner-item\">\n<h1>Faites une grande diff\u00e9rence. Faites un don au Fonds CanaDon Winnipeg.<\/h1>\n<h2>Voici un nouveau moyen simple de donner.<\/h2>\n<\/div>\n<\/div>\n<\/div>\n<\/div>\n<\/div>\n<div class=\"w1920\">\n<div class=\"w1280\">\n<div id=\"fund-body\">\n<div class=\"fund-body-left-col\">\n<div class=\"headline\"><img decoding=\"async\" class=\"flex-item\" src=\"https:\/\/www.canadahelps.org\/media\/20191104f.png\"><\/p>\n<h2 class=\"flex-item\">Faites un don \u00e0 des centaines d&#8217;organismes de bienfaisance qui font une diff\u00e9rence dans Winnipeg<\/h2>\n<\/div>\n<p>Votre don d\u00e9ductible d&#8217;imp\u00f4t sera utilis\u00e9 pour le travail essentiel d&#8217;organismes de bienfaisance enregistr\u00e9s. De plus, votre don est mis en commun avec d&#8217;autres pour aider \u00e0 faire un grand effet dans votre communaut\u00e9.<\/p>\n<p>Aidez \u00e0 am\u00e9liorer la vie de nombreuses personnes en finan\u00e7ant des services sociaux essentiels, l&#8217;art et la culture locaux, des communaut\u00e9s plus s\u00fbres, des parcs plus propres et bien plus encore!<\/p>\n<p>Le fonds Winnipeg est un fonds agr\u00e9g\u00e9 regroupant des centaines d\u2019organisations caritatives de petite et moyenne taille travaillant dans votre communaut\u00e9. Id\u00e9al si vous cherchez un moyen simple d\u2019avoir un impact sur un vaste secteur d\u2019organisations caritatives!<\/p>\n<p>Faites un don pour faire de votre communaut\u00e9 un milieu de vie encore meilleur! De plus, obtenez instantan\u00e9ment un re\u00e7u d&#8217;imp\u00f4t de bienfaisance!<br \/>\n&nbsp;<br \/>\n&nbsp;<\/p>\n<div id=\"highlightblock\">\n<script id=\"ch_cdf_highlights\" type=\"text\/javascript\" src=\"https:\/\/www.canadahelps.org\/secure\/js\/cdf_highlights.js\" data-end-date=\"2021-12-31\" data-form-id=\"44156\" charset=\"utf-8\"><\/script><\/div>\n<\/div>\n<div class=\"fund-body-left-col-bottom\">\n<div class=\"headline\"><img decoding=\"async\" class=\"flex-item\" src=\"https:\/\/www.canadahelps.org\/media\/20191104g.png\"><\/p>\n<h2 class=\"flex-item\">Ce que les gens disent<\/h2>\n<\/div>\n<div class=\"testimonial\">&#8220;J&#8217;adore le fait que ce fonds redonne \u00e0 la ville et \u00e0 la communaut\u00e9 dans lesquelles j&#8217;ai grandi et dans lesquelles j&#8217;\u00e9l\u00e8ve maintenant mes enfants. Heureux d&#8217;aider les \u0153uvres de bienfaisance \u00e0 travailler dur pour am\u00e9liorer le bien-\u00eatre de notre communaut\u00e9.&#8221;<br \/><b>&#8211; Samuel Singh<\/b><\/div>\n<hr class=\"grey\" \/>\n<div class=\"headline\"><img decoding=\"async\" class=\"flex-item\" src=\"https:\/\/www.canadahelps.org\/media\/20191104e.png\"><\/p>\n<h2 class=\"flex-item\">De quoi est compos\u00e9 le fonds CanaDon Winnipeg<\/h2>\n<\/div>\n<p>[gdoc key=&#8221;https:\/\/docs.google.com\/spreadsheets\/d\/1GN4F2rsvIMXRvJ851DtcjwLZzd4Lk50ry3zSLFn10Ug\/edit?usp=sharing&#8221; chart=&#8221;pie&#8221; title=&#8221;&#8221; chart_legend=&#8221;none&#8221; chart_pie_hole=&#8221;0.4&#8243; chart_colors=&#8221;#F7A072 #C38DDD #0FA3B1 #8FCB9B #B5E2FA #6D669B #8F8073 #E8B4BC #EDDEA4&#8243;]<\/p>\n<div id=\"legend\">\n<div class=\"legend-item\"><img decoding=\"async\" src=\"https:\/\/www.canadahelps.org\/media\/20191105_Social.png\"> Services sociaux<\/div>\n<div class=\"legend-item\"><img decoding=\"async\" src=\"https:\/\/www.canadahelps.org\/media\/20191105_Public.png\"> Int\u00e9r\u00eat public<\/div>\n<div class=\"legend-item\"><img decoding=\"async\" src=\"https:\/\/www.canadahelps.org\/media\/20191105_Indigenous.png\"> Peuples autochtones<\/div>\n<div class=\"legend-item\"><img decoding=\"async\" src=\"https:\/\/www.canadahelps.org\/media\/20191105_Health.png\"> Sant\u00e9<\/div>\n<div class=\"legend-item\"><img decoding=\"async\" src=\"https:\/\/www.canadahelps.org\/media\/20191105_Animals.png\"> Animaux<\/div>\n<div class=\"legend-item\"><img decoding=\"async\" src=\"https:\/\/www.canadahelps.org\/media\/20191105_Environment.png\"> Environnement<\/div>\n<div class=\"legend-item\"><img decoding=\"async\" src=\"https:\/\/www.canadahelps.org\/media\/20191105_Arts.png\"> Arts & culture<\/div>\n<div class=\"legend-item\"><img decoding=\"async\" src=\"https:\/\/www.canadahelps.org\/media\/20191105_Education.png\"> \u00c9ducation<\/div>\n<div class=\"legend-item\"><img decoding=\"async\" src=\"https:\/\/www.canadahelps.org\/media\/20191105_Other.png\"> Autre<\/div>\n<\/div>\n<p>&nbsp;<\/p>\n<p>Le Fonds CanaDon de Winnipeg regroupe 254 organismes de bienfaisance locaux qui \u0153uvrent pour faire de Winnipeg un endroit meilleur! <button id=\"LearnMore\" onclick=\"show('learnmorecf')\">Apprenez-en plus<\/button><\/p>\n<div id=\"learnmorecf\" class=\"hide\">\nLe fonds Winnipeg est un fonds agr\u00e9g\u00e9 regroupant des centaines d\u2019organisations caritatives de petite et moyenne taille, notamment des banques alimentaires, des refuges pour sans-abri, d\u2019autres services sociaux, des associations caritatives vou\u00e9es aux arts et \u00e0 la culture, des organismes environnementaux, des associations caritatives pour enfants, etc.<\/p>\n<p>Pour que les dons atteignent facilement et efficacement les organismes de bienfaisance, ceux-ci doivent \u00eatre l\u2019un des 19 000 organismes de bienfaisance enregistr\u00e9s au d\u00e9boursement \u00e9lectronique des fonds de la part de CanaDon. Les fonds sont transf\u00e9r\u00e9s \u00e0 la fin de chaque trimestre. Le graphique ci-dessus montre la cat\u00e9gorie principale associ\u00e9e aux organismes de bienfaisance inclus dans le fonds, bien que de nombreux organismes de bienfaisance soient associ\u00e9s \u00e0 plus d&#8217;une cat\u00e9gorie. Nous mettons r\u00e9guli\u00e8rement \u00e0 jour la liste des organismes de bienfaisance inscrits dans le Fonds communautaire CanaDon de Winnipeg. <\/p>\n<p><strong style=\"font-size:18px\">Pour consulter la plus r\u00e9cente liste d\u2019organismes inclus dans ce Fonds, veuillez la t\u00e9l\u00e9charger <a href=\"https:\/\/docs.google.com\/spreadsheets\/d\/e\/2PACX-1vQzZjKzlDP8uyeiXKONfB4sMWfka4dW3GQKJSfazJTZ4KIj9tbOTcbpjbipRFV8EIFARUpr7hdf-Oo5\/pubhtml\" style=\"color:#4a4a4a; text-decoration: underline;\" target=\"_blank\" rel=\"noopener noreferrer\">ici<\/a>.<\/strong style=\"font-size:18px\"> <button id=\"LearnMore\" onclick=\"show('learnmorecf')\">Afficher moins<\/button>\n<\/div>\n<p><script>function show(e){const n=document.getElementById(e);\"hide\"===n.className?(n.className=\"\",document.getElementById(\"LearnMore\").innerHTML=\" \"):(n.className=\"hide\",document.getElementById(\"LearnMore\").innerHTML=\"Apprenez-en plus\")}<\/script>   <\/p>\n<hr class=\"grey\" \/>\n<div class=\"headline\">\n<img decoding=\"async\" class=\"flex-item\" src=\"https:\/\/www.canadahelps.org\/media\/20191104h.png\"><\/p>\n<h2 class=\"flex-item\">Pourquoi faire un don \u00e0 un Fonds local sur CanaDon?<\/h2>\n<\/div>\n<div class=\"two-col-fund-body\">\n<div class=\"two-col-fb-item\"><img decoding=\"async\" src=\"https:\/\/www.canadahelps.org\/media\/Group-1037.png\"\/><\/div>\n<div class=\"two-col-fb-item\"><b>Le pouvoir de plusieurs<\/b><br \/>\nRejoignez d&#8217;autres membres de votre communaut\u00e9 et soutenez des centaines d&#8217;organismes de bienfaisance qui font une diff\u00e9rence!<\/div>\n<\/div>\n<div class=\"two-col-fund-body\">\n<div class=\"two-col-fb-item\"><img decoding=\"async\" src=\"https:\/\/www.canadahelps.org\/media\/Group-1038.png\"\/><\/div>\n<div class=\"two-col-fb-item\"><b>Votre don sera mis au travail<\/b><br \/>\nVous pouvez \u00eatre assur\u00e9 que votre don ira \u00e0 des organismes de bienfaisance enregistr\u00e9s aupr\u00e8s de l&#8217;ARC. Vous recevez \u00e9galement un re\u00e7u d\u2019imp\u00f4t, qui peut vous aider \u00e0 r\u00e9duire vos imp\u00f4ts.<\/div>\n<\/div>\n<div class=\"two-col-fund-body\">\n<div class=\"two-col-fb-item\"><img decoding=\"async\" src=\"https:\/\/www.canadahelps.org\/media\/Group-1039.png\"\/><\/div>\n<div class=\"two-col-fb-item\"><b>Impact important et r\u00e9sultats r\u00e9els<\/b><br \/>\nSoutenez un large \u00e9ventail d\u2019organisations caritatives et d\u2019initiatives qui donnent des r\u00e9sultats concrets, quels que soient vos objectifs!<\/div>\n<\/div>\n<hr class=\"grey\" \/>\n<p><script\n              id=\"ch_supporters_wall\"\n              type=\"text\/javascript\"\n              src=\"https:\/\/www.canadahelps.org\/secure\/js\/embed_supporters_wall.js\"\n              charset=\"utf-8\"\n              data-language=\"fr\"\n              data-form-id=\"44156\"\n              data-root-url=\"https:\/\/www.canadahelps.org\"\n              data-cfasync=\"false\"\n            ><\/script><\/p>\n<hr class=\"grey\" \/>\n<div class=\"headline\">\n<img decoding=\"async\" class=\"flex-item\" src=\"https:\/\/www.canadahelps.org\/media\/20191104d.png\"><\/p>\n<h2 class=\"flex-item\">Partager cette page<\/h2>\n<\/div>\n<div class=\"addthis_inline_share_toolbox_ajhx\"  style=\"max-width:1280px; margin:0 auto; text-align:left \"><\/div>\n<\/div>\n<div id=\"cdf-area\" class=\"fund-body-right-col\">\n<img decoding=\"async\" class=\"dnimg\" src=\"https:\/\/www.canadahelps.org\/media\/FaitesUnDon.png\"><br \/>\n<script id=\"ch_cdn_embed\" type='text\/javascript' src=\"https:\/\/www.canadahelps.org\/secure\/js\/cdf_embed.js\" charset='utf-8' data-language=\"fr\" data-page-id=\"44156\" data-root-url=\"https:\/\/www.canadahelps.org\" data-formtype=\"5\" data-cfasync=\"false\"><\/script>\n<\/div>\n<\/div>\n<\/div>\n<p><!-- this script applies the css sticky effect for Internet Explorers --><br \/>\n<script>window.onscroll = function() {myFunction()};\nvar header = document.getElementById(\"cdf-area\");\nvar sticky = header.offsetTop;\nfunction myFunction() {\n  if (window.pageYOffset > sticky) {\n    header.classList.add(\"ie-sticky\");\n  } else {\n    header.classList.remove(\"ie-sticky\");\n  }\n}<\/script><\/p>\n<div class=\"ftr-wave-top\"><img decoding=\"async\" src=\"https:\/\/www.canadahelps.org\/media\/graywave.png\" \/><\/div>\n<\/div>\n","protected":false},"excerpt":{"rendered":"<p>Faites une grande diff\u00e9rence. Faites un don au Fonds CanaDon Winnipeg. Voici un nouveau moyen simple de donner. Faites un don \u00e0 des centaines d&#8217;organismes &#8230; <a href=\"https:\/\/www.canadahelps.org\/fr\/fonds-cause-vieille\/fonds-winnipeg\/\" id=\"canadahelp-blog-meta\">Voir plus<\/a><\/p>\n","protected":false},"author":30,"featured_media":0,"parent":27668,"menu_order":0,"comment_status":"closed","ping_status":"closed","template":"template-fullwidth-page.php","meta":{"footnotes":""},"class_list":["post-27777","page","type-page","status-publish","hentry"],"acf":{"meta_description":"","use_toc_layout":false,"additional_body_css_classes":"","hide_page_title":false,"row_settings":false,"insert_spotlight_boxes":false,"use_biography_grid":false},"yoast_head":"<!-- This site is optimized with the Yoast SEO plugin v26.0 - https:\/\/yoast.com\/wordpress\/plugins\/seo\/ -->\n<title>Fonds Winnipeg | CanaDon - Faites des dons \u00e0 un organisme de bienfaisance au Canada<\/title>\n<meta name=\"robots\" content=\"index, follow, max-snippet:-1, max-image-preview:large, max-video-preview:-1\" \/>\n<link rel=\"canonical\" href=\"https:\/\/www.canadahelps.org\/fr\/fonds-cause-vieille\/fonds-winnipeg\/\" \/>\n<meta property=\"og:locale\" content=\"fr_FR\" \/>\n<meta property=\"og:type\" content=\"article\" \/>\n<meta property=\"og:title\" content=\"Fonds Winnipeg | CanaDon - Faites des dons \u00e0 un organisme de bienfaisance au Canada\" \/>\n<meta property=\"og:description\" content=\"Faites une grande diff\u00e9rence. Faites un don au Fonds CanaDon Winnipeg. Voici un nouveau moyen simple de donner. Faites un don \u00e0 des centaines d&#8217;organismes ... Voir plus\" \/>\n<meta property=\"og:url\" content=\"https:\/\/www.canadahelps.org\/fr\/fonds-cause-vieille\/fonds-winnipeg\/\" \/>\n<meta property=\"og:site_name\" content=\"CanaDon - Faites des dons \u00e0 un organisme de bienfaisance au Canada\" \/>\n<meta property=\"article:modified_time\" content=\"2021-09-27T15:51:18+00:00\" \/>\n<meta property=\"og:image\" content=\"https:\/\/www.canadahelps.org\/media\/20191106_winnipeg.png\" \/>\n<meta name=\"twitter:card\" content=\"summary_large_image\" \/>\n<meta name=\"twitter:label1\" content=\"Est. reading time\" \/>\n\t<meta name=\"twitter:data1\" content=\"3 minutes\" \/>\n<script type=\"application\/ld+json\" class=\"yoast-schema-graph\">{\"@context\":\"https:\/\/schema.org\",\"@graph\":[{\"@type\":\"WebPage\",\"@id\":\"https:\/\/www.canadahelps.org\/fr\/fonds-cause-vieille\/fonds-winnipeg\/\",\"url\":\"https:\/\/www.canadahelps.org\/fr\/fonds-cause-vieille\/fonds-winnipeg\/\",\"name\":\"Fonds Winnipeg | CanaDon - Faites des dons \u00e0 un organisme de bienfaisance au Canada\",\"isPartOf\":{\"@id\":\"https:\/\/www.canadahelps.org\/fr\/#website\"},\"primaryImageOfPage\":{\"@id\":\"https:\/\/www.canadahelps.org\/fr\/fonds-cause-vieille\/fonds-winnipeg\/#primaryimage\"},\"image\":{\"@id\":\"https:\/\/www.canadahelps.org\/fr\/fonds-cause-vieille\/fonds-winnipeg\/#primaryimage\"},\"thumbnailUrl\":\"https:\/\/www.canadahelps.org\/media\/20191106_winnipeg.png\",\"datePublished\":\"2019-11-13T15:00:01+00:00\",\"dateModified\":\"2021-09-27T15:51:18+00:00\",\"breadcrumb\":{\"@id\":\"https:\/\/www.canadahelps.org\/fr\/fonds-cause-vieille\/fonds-winnipeg\/#breadcrumb\"},\"inLanguage\":\"fr\",\"potentialAction\":[{\"@type\":\"ReadAction\",\"target\":[\"https:\/\/www.canadahelps.org\/fr\/fonds-cause-vieille\/fonds-winnipeg\/\"]}]},{\"@type\":\"ImageObject\",\"inLanguage\":\"fr\",\"@id\":\"https:\/\/www.canadahelps.org\/fr\/fonds-cause-vieille\/fonds-winnipeg\/#primaryimage\",\"url\":\"https:\/\/www.canadahelps.org\/media\/20191106_winnipeg.png\",\"contentUrl\":\"https:\/\/www.canadahelps.org\/media\/20191106_winnipeg.png\"},{\"@type\":\"BreadcrumbList\",\"@id\":\"https:\/\/www.canadahelps.org\/fr\/fonds-cause-vieille\/fonds-winnipeg\/#breadcrumb\",\"itemListElement\":[{\"@type\":\"ListItem\",\"position\":1,\"name\":\"Home\",\"item\":\"https:\/\/www.canadahelps.org\/fr\/\"},{\"@type\":\"ListItem\",\"position\":2,\"name\":\"Fonds Cause Vieille\",\"item\":\"https:\/\/www.canadahelps.org\/fr\/fonds-cause-vieille\/\"},{\"@type\":\"ListItem\",\"position\":3,\"name\":\"Fonds Winnipeg\"}]},{\"@type\":\"WebSite\",\"@id\":\"https:\/\/www.canadahelps.org\/fr\/#website\",\"url\":\"https:\/\/www.canadahelps.org\/fr\/\",\"name\":\"CanadaHelps - Donate to any charity in Canada\",\"description\":\"Le don en toute simplicit\u00e9\",\"publisher\":{\"@id\":\"https:\/\/www.canadahelps.org\/fr\/#organization\"},\"potentialAction\":[{\"@type\":\"SearchAction\",\"target\":{\"@type\":\"EntryPoint\",\"urlTemplate\":\"https:\/\/www.canadahelps.org\/fr\/?s={search_term_string}\"},\"query-input\":{\"@type\":\"PropertyValueSpecification\",\"valueRequired\":true,\"valueName\":\"search_term_string\"}}],\"inLanguage\":\"fr\"},{\"@type\":\"Organization\",\"@id\":\"https:\/\/www.canadahelps.org\/fr\/#organization\",\"name\":\"CanadaHelps\",\"url\":\"https:\/\/www.canadahelps.org\/fr\/\",\"logo\":{\"@type\":\"ImageObject\",\"inLanguage\":\"fr\",\"@id\":\"https:\/\/www.canadahelps.org\/fr\/#\/schema\/logo\/image\/\",\"url\":\"https:\/\/www.canadahelps.org\/media\/canadahelps-en.jpg\",\"contentUrl\":\"https:\/\/www.canadahelps.org\/media\/canadahelps-en.jpg\",\"width\":131,\"height\":72,\"caption\":\"CanadaHelps\"},\"image\":{\"@id\":\"https:\/\/www.canadahelps.org\/fr\/#\/schema\/logo\/image\/\"}}]}<\/script>\n<!-- \/ Yoast SEO plugin. -->","yoast_head_json":{"title":"Fonds Winnipeg | CanaDon - Faites des dons \u00e0 un organisme de bienfaisance au Canada","robots":{"index":"index","follow":"follow","max-snippet":"max-snippet:-1","max-image-preview":"max-image-preview:large","max-video-preview":"max-video-preview:-1"},"canonical":"https:\/\/www.canadahelps.org\/fr\/fonds-cause-vieille\/fonds-winnipeg\/","og_locale":"fr_FR","og_type":"article","og_title":"Fonds Winnipeg | CanaDon - Faites des dons \u00e0 un organisme de bienfaisance au Canada","og_description":"Faites une grande diff\u00e9rence. Faites un don au Fonds CanaDon Winnipeg. Voici un nouveau moyen simple de donner. Faites un don \u00e0 des centaines d&#8217;organismes ... Voir plus","og_url":"https:\/\/www.canadahelps.org\/fr\/fonds-cause-vieille\/fonds-winnipeg\/","og_site_name":"CanaDon - Faites des dons \u00e0 un organisme de bienfaisance au Canada","article_modified_time":"2021-09-27T15:51:18+00:00","og_image":[{"url":"https:\/\/www.canadahelps.org\/media\/20191106_winnipeg.png","type":"","width":"","height":""}],"twitter_card":"summary_large_image","twitter_misc":{"Est. reading time":"3 minutes"},"schema":{"@context":"https:\/\/schema.org","@graph":[{"@type":"WebPage","@id":"https:\/\/www.canadahelps.org\/fr\/fonds-cause-vieille\/fonds-winnipeg\/","url":"https:\/\/www.canadahelps.org\/fr\/fonds-cause-vieille\/fonds-winnipeg\/","name":"Fonds Winnipeg | CanaDon - Faites des dons \u00e0 un organisme de bienfaisance au Canada","isPartOf":{"@id":"https:\/\/www.canadahelps.org\/fr\/#website"},"primaryImageOfPage":{"@id":"https:\/\/www.canadahelps.org\/fr\/fonds-cause-vieille\/fonds-winnipeg\/#primaryimage"},"image":{"@id":"https:\/\/www.canadahelps.org\/fr\/fonds-cause-vieille\/fonds-winnipeg\/#primaryimage"},"thumbnailUrl":"https:\/\/www.canadahelps.org\/media\/20191106_winnipeg.png","datePublished":"2019-11-13T15:00:01+00:00","dateModified":"2021-09-27T15:51:18+00:00","breadcrumb":{"@id":"https:\/\/www.canadahelps.org\/fr\/fonds-cause-vieille\/fonds-winnipeg\/#breadcrumb"},"inLanguage":"fr","potentialAction":[{"@type":"ReadAction","target":["https:\/\/www.canadahelps.org\/fr\/fonds-cause-vieille\/fonds-winnipeg\/"]}]},{"@type":"ImageObject","inLanguage":"fr","@id":"https:\/\/www.canadahelps.org\/fr\/fonds-cause-vieille\/fonds-winnipeg\/#primaryimage","url":"https:\/\/www.canadahelps.org\/media\/20191106_winnipeg.png","contentUrl":"https:\/\/www.canadahelps.org\/media\/20191106_winnipeg.png"},{"@type":"BreadcrumbList","@id":"https:\/\/www.canadahelps.org\/fr\/fonds-cause-vieille\/fonds-winnipeg\/#breadcrumb","itemListElement":[{"@type":"ListItem","position":1,"name":"Home","item":"https:\/\/www.canadahelps.org\/fr\/"},{"@type":"ListItem","position":2,"name":"Fonds Cause Vieille","item":"https:\/\/www.canadahelps.org\/fr\/fonds-cause-vieille\/"},{"@type":"ListItem","position":3,"name":"Fonds Winnipeg"}]},{"@type":"WebSite","@id":"https:\/\/www.canadahelps.org\/fr\/#website","url":"https:\/\/www.canadahelps.org\/fr\/","name":"CanadaHelps - Donate to any charity in Canada","description":"Le don en toute simplicit\u00e9","publisher":{"@id":"https:\/\/www.canadahelps.org\/fr\/#organization"},"potentialAction":[{"@type":"SearchAction","target":{"@type":"EntryPoint","urlTemplate":"https:\/\/www.canadahelps.org\/fr\/?s={search_term_string}"},"query-input":{"@type":"PropertyValueSpecification","valueRequired":true,"valueName":"search_term_string"}}],"inLanguage":"fr"},{"@type":"Organization","@id":"https:\/\/www.canadahelps.org\/fr\/#organization","name":"CanadaHelps","url":"https:\/\/www.canadahelps.org\/fr\/","logo":{"@type":"ImageObject","inLanguage":"fr","@id":"https:\/\/www.canadahelps.org\/fr\/#\/schema\/logo\/image\/","url":"https:\/\/www.canadahelps.org\/media\/canadahelps-en.jpg","contentUrl":"https:\/\/www.canadahelps.org\/media\/canadahelps-en.jpg","width":131,"height":72,"caption":"CanadaHelps"},"image":{"@id":"https:\/\/www.canadahelps.org\/fr\/#\/schema\/logo\/image\/"}}]}},"_links":{"self":[{"href":"https:\/\/www.canadahelps.org\/fr\/wp-json\/wp\/v2\/pages\/27777","targetHints":{"allow":["GET"]}}],"collection":[{"href":"https:\/\/www.canadahelps.org\/fr\/wp-json\/wp\/v2\/pages"}],"about":[{"href":"https:\/\/www.canadahelps.org\/fr\/wp-json\/wp\/v2\/types\/page"}],"author":[{"embeddable":true,"href":"https:\/\/www.canadahelps.org\/fr\/wp-json\/wp\/v2\/users\/30"}],"replies":[{"embeddable":true,"href":"https:\/\/www.canadahelps.org\/fr\/wp-json\/wp\/v2\/comments?post=27777"}],"version-history":[{"count":21,"href":"https:\/\/www.canadahelps.org\/fr\/wp-json\/wp\/v2\/pages\/27777\/revisions"}],"predecessor-version":[{"id":43077,"href":"https:\/\/www.canadahelps.org\/fr\/wp-json\/wp\/v2\/pages\/27777\/revisions\/43077"}],"up":[{"embeddable":true,"href":"https:\/\/www.canadahelps.org\/fr\/wp-json\/wp\/v2\/pages\/27668"}],"wp:attachment":[{"href":"https:\/\/www.canadahelps.org\/fr\/wp-json\/wp\/v2\/media?parent=27777"}],"curies":[{"name":"wp","href":"https:\/\/api.w.org\/{rel}","templated":true}]}}